{"id":956,"date":"2020-03-28T10:40:35","date_gmt":"2020-03-28T08:40:35","guid":{"rendered":"https:\/\/mugardos.gal\/aviso-legal\/"},"modified":"2022-09-16T14:28:48","modified_gmt":"2022-09-16T12:28:48","slug":"aviso-legal","status":"publish","type":"page","link":"https:\/\/mugardos.gal\/es\/aviso-legal\/","title":{"rendered":"AVISO LEGAL"},"content":{"rendered":"<h2 style=\"text-align: justify;\">SITIOS WEB<\/h2>\n<p style=\"text-align: justify;\">En cumplimiento de la Ley de Servicios de la Sociedad de la Informaci\u00f3n y de Comercio Electr\u00f3nico ( LSSICE), Ley 34\/2002 de 12 de Octubre , se le facilita la siguiente informaci\u00f3n general sobre este sitio web:<\/p>\n<h3 style=\"text-align: justify;\">Dominios\u200b<\/h3>\n<ul style=\"text-align: justify;\">\n<li>www.mugardos.gal<\/li>\n<\/ul>\n<p style=\"text-align: justify;\">Esta p\u00e1xina web pertenece a:<\/p>\n<p style=\"text-align: justify;\"><strong>Titular: <\/strong>Concello de Mugardos<br \/>\n<strong>Domicilio social: <\/strong>Avenida de Galiza, 45, 15620 Mugardos, A Coru\u00f1a<\/p>\n<p style=\"text-align: justify;\">e los dominios est\u00e1n registrados con los seguintes datos:<\/p>\n<p style=\"text-align: justify;\"><strong>Titular: <\/strong>Concello de Mugardos<br \/>\n<strong>Domicilio social: <\/strong>Avenida de Galiza, 45, 15620 Mugardos, A Coru\u00f1a<\/p>\n<h2><strong>LOPDGDD. 06.01. AVISO LEGAL <\/strong><\/h2>\n<p>Este sitio web y todos sus contenidos, incluyendo los textos, im\u00e1genes, sonidos y cualquier otro material, son propiedad del Concello de Mugardos, y por tanto todos los derechos est\u00e1n reservados.<\/p>\n<p>Solo est\u00e1 autorizado el uso personal no comercial. No est\u00e1 permitida la modificaci\u00f3n de la web ni de sus contenidos. El uso indebido o no autorizado de la informaci\u00f3n contenida en esta web, as\u00ed como los prejuicios que se puedan ocasionar en los derechos de la propiedad intelectual de la informaci\u00f3n contenida en esta web, as\u00ed como los prejuicios que se puedan ocasionar en los derechos de la propiedad intelectual del Concello de Mugardos dar\u00e1 lugar a las acciones que legalmente correspondas y, en su caso, a las responsabilidades que se deriven de dicho ejercicio.<\/p>\n<p>No se garantiza que la informaci\u00f3n facilitada a trav\u00e9s de esta web reproduzca exactamente un texto adoptado oficialmente. Solo los textos publicados en los respectivos boletines oficiales tienen car\u00e1cter de autenticidad. Las disposiciones legislativas y dem\u00e1s documentos e informaciones contenidos en este sitio tienen \u00fanicamente car\u00e1cter informativo.<\/p>\n<p>El Concello de Mugardos no es responsable de la informaci\u00f3n que se pueda obtener a trav\u00e9s de los enlaces a sistemas externos que sean dependientes de la propia entidad local.<\/p>\n<p>Tanto el acceso a la web, como el uso que pueda hacerse de la formaci\u00f3n contenida en la misma son de la exclusiva responsabilidad de quien lo realiza.<\/p>\n<p>La entidad local no se hace responsable de ninguna consecuencia, da\u00f1o o prejuicio que pudiese derivarse de dicho acceso o uso de informaci\u00f3n, con excepci\u00f3n de todas aquellas actuaciones que resulten de la aplicaci\u00f3n de las disposiciones legales a las que deba someterse en el estricto ejercicio de sus competencias.<\/p>\n<h2><strong>LOPDGDD. 06.02. POL\u00cdTICA DE PRIVACIDAD<\/strong><\/h2>\n<p>El Concello de Mugardos ser\u00e1 responsable del tratamiento de los datos introducidos en los formularios del sitio web y ser\u00e1 tambi\u00e9n quien deber\u00e1 adoptar las medidas de seguridad t\u00e9cnicas y organizativas necesarias para su protecci\u00f3n, seg\u00fan el riesgo que impliquen los tratamientos que lleven a cabo en relaci\u00f3n a los datos solicitados, conforme indica el Real Decreto 311\/2022, del 3 de mayo, por el que se regula el Esquema Nacional de Seguridad en el \u00e1mbito de la Administraci\u00f3n Electr\u00f3nica.<\/p>\n<p><strong>Responsable del tratamiento<\/strong><\/p>\n<p>Los datos de car\u00e1cter personal que se pudiesen solicitar directamente del interesado ser\u00e1n tratados de forma confidencial y quedar\u00e1n incorporados a la correspondiente actividad de tratamiento.<\/p>\n<p>La relaci\u00f3n actualizada de las actividades de tratamiento que la Organizaci\u00f3n lleva a cabo se encuentra disponible en el siguiente Registro de Actividades de Tratamiento.<\/p>\n<p><strong>Legitimaci\u00f3n<\/strong><\/p>\n<p>El tratamiento de sus datos se realiza para el cumplimiento de las obligaciones legales por parte de la Entidad local para el cumplimiento de misiones realizadas en inter\u00e9s p\u00fablico o en el ejercicio de poderes p\u00fablicos conferidos a la Organizaci\u00f3n, as\u00ed como cuando la finalidad del tratamiento requiera su consentimiento, que deber\u00e1 ser prestado mediante una clara acci\u00f3n afirmativa.<\/p>\n<p><strong>Conservaci\u00f3n de datos<\/strong><\/p>\n<p>Lo daros personales proporcionados se conservan durante el tiempo necesario para cumplir con la finalidad para la que se solicitan y para determina las posibles responsabilidades que se pudiesen derivar de la finalidad, adem\u00e1s de los per\u00edodos establecidos en la normativa de archivos y documentaci\u00f3n.<\/p>\n<p><strong>Comunicaci\u00f3n de datos<\/strong><\/p>\n<p>Con car\u00e1cter general no se comunicar\u00e1n los datos personales a terceros, salvo obligaci\u00f3n legal, entre las que pueden estar las comunicaciones al Defensor del Pueblo, Jueces y Tribunales, interesados en los procedimientos relacionados con las reclamaciones presentadas.<\/p>\n<p>Puede consultar los destinatarios para cada una de las actividades de tratamiento que lleva a cabo la Organizaci\u00f3n en el siguiente Registro de Actividades de Tratamiento.<\/p>\n<p><strong><u>Derechos en materia de protecci\u00f3n de datos<\/u><\/strong><\/p>\n<p>La Entidad Local garantiza la m\u00e1xima confidencialidad de sus datos persoales, y, adem\u00e1s, te garantiza el ejercicio de tus derechos a trav\u00e9s de la direcci\u00f3n de correo electr\u00f3nico correo@mugardos.gal<\/p>\n<p>Estos derechos son:<\/p>\n<ul>\n<li>Solicitar el acceso a los datos personales relativos al interesado.<\/li>\n<li>Solicitar su rectificaci\u00f3n o supresi\u00f3n<\/li>\n<li>Solicitar la limitaci\u00f3n de su tratamiento.<\/li>\n<li>Oponerse al tratamiento.<\/li>\n<li>Solicitar la portabilidad de los datos.<\/li>\n<li>Rechazar decisiones individuales automatizadas<\/li>\n<li>En su caso, revocar su consentimento otorgado.<\/li>\n<\/ul>\n<p>Para ejercer cualquiera de los derechos descritos, podr\u00edamos solicitarle copia de un documento acreditativo de su identidad.<\/p>\n<p>Adem\u00e1s, le informamos que pueden dirigir sus reclamaciones ante la Agencia Espa\u00f1ola de Protecci\u00f3n de Datos.<\/p>\n<p><strong><u>Cambios en la pol\u00edtica de privacidad<\/u><\/strong><\/p>\n<p>La Organizaci\u00f3n se reserva el derecho a modificar la presente pol\u00edtica para adaptarla a novedades legislativas o jurisprudenciales, as\u00ed como a pr\u00e1cticas de la industria. En dichos supuestos, comunicaremos los cambios introducidos con la razonable antelaci\u00f3n a su puesta en pr\u00e1ctica.<\/p>\n","protected":false},"excerpt":{"rendered":"<p>SITIOS WEB En cumplimiento de la Ley de Servicios de la Sociedad de la Informaci\u00f3n y de Comercio Electr\u00f3nico ( LSSICE), Ley 34\/2002 de 12 de Octubre , se le facilita la siguiente informaci\u00f3n general sobre este sitio web: Dominios\u200b www.mugardos.gal Esta p\u00e1xina web pertenece a: Titular: Concello de Mugardos Domicilio social: Avenida de Galiza, [&hellip;]<\/p>\n","protected":false},"author":4,"featured_media":0,"parent":0,"menu_order":0,"comment_status":"closed","ping_status":"closed","template":"","meta":[],"yoast_head":"<!-- This site is optimized with the Yoast SEO plugin v18.9 - https:\/\/yoast.com\/wordpress\/plugins\/seo\/ -->\n<title>AVISO LEGAL - Concello de Mugardos<\/title>\n<meta name=\"robots\" content=\"index, follow, max-snippet:-1, max-image-preview:large, max-video-preview:-1\" \/>\n<link rel=\"canonical\" href=\"https:\/\/mugardos.gal\/es\/aviso-legal\/\" \/>\n<meta property=\"og:locale\" content=\"es_ES\" \/>\n<meta property=\"og:type\" content=\"article\" \/>\n<meta property=\"og:title\" content=\"AVISO LEGAL - Concello de Mugardos\" \/>\n<meta property=\"og:description\" content=\"SITIOS WEB En cumplimiento de la Ley de Servicios de la Sociedad de la Informaci\u00f3n y de Comercio Electr\u00f3nico ( LSSICE), Ley 34\/2002 de 12 de Octubre , se le facilita la siguiente informaci\u00f3n general sobre este sitio web: Dominios\u200b www.mugardos.gal Esta p\u00e1xina web pertenece a: Titular: Concello de Mugardos Domicilio social: Avenida de Galiza, [&hellip;]\" \/>\n<meta property=\"og:url\" content=\"https:\/\/mugardos.gal\/es\/aviso-legal\/\" \/>\n<meta property=\"og:site_name\" content=\"Concello de Mugardos\" \/>\n<meta property=\"article:modified_time\" content=\"2022-09-16T12:28:48+00:00\" \/>\n<meta name=\"twitter:card\" content=\"summary_large_image\" \/>\n<meta name=\"twitter:label1\" content=\"Tiempo de lectura\" \/>\n\t<meta name=\"twitter:data1\" content=\"5 minutos\" \/>\n<script type=\"application\/ld+json\" class=\"yoast-schema-graph\">{\"@context\":\"https:\/\/schema.org\",\"@graph\":[{\"@type\":\"WebSite\",\"@id\":\"https:\/\/mugardos.gal\/#website\",\"url\":\"https:\/\/mugardos.gal\/\",\"name\":\"Concello de Mugardos\",\"description\":\"\",\"potentialAction\":[{\"@type\":\"SearchAction\",\"target\":{\"@type\":\"EntryPoint\",\"urlTemplate\":\"https:\/\/mugardos.gal\/?s={search_term_string}\"},\"query-input\":\"required name=search_term_string\"}],\"inLanguage\":\"es\"},{\"@type\":\"WebPage\",\"@id\":\"https:\/\/mugardos.gal\/es\/aviso-legal\/#webpage\",\"url\":\"https:\/\/mugardos.gal\/es\/aviso-legal\/\",\"name\":\"AVISO LEGAL - Concello de Mugardos\",\"isPartOf\":{\"@id\":\"https:\/\/mugardos.gal\/#website\"},\"datePublished\":\"2020-03-28T08:40:35+00:00\",\"dateModified\":\"2022-09-16T12:28:48+00:00\",\"breadcrumb\":{\"@id\":\"https:\/\/mugardos.gal\/es\/aviso-legal\/#breadcrumb\"},\"inLanguage\":\"es\",\"potentialAction\":[{\"@type\":\"ReadAction\",\"target\":[\"https:\/\/mugardos.gal\/es\/aviso-legal\/\"]}]},{\"@type\":\"BreadcrumbList\",\"@id\":\"https:\/\/mugardos.gal\/es\/aviso-legal\/#breadcrumb\",\"itemListElement\":[{\"@type\":\"ListItem\",\"position\":1,\"name\":\"Portada\",\"item\":\"https:\/\/mugardos.gal\/es\/\"},{\"@type\":\"ListItem\",\"position\":2,\"name\":\"AVISO LEGAL\"}]}]}<\/script>\n<!-- \/ Yoast SEO plugin. -->","yoast_head_json":{"title":"AVISO LEGAL - Concello de Mugardos","robots":{"index":"index","follow":"follow","max-snippet":"max-snippet:-1","max-image-preview":"max-image-preview:large","max-video-preview":"max-video-preview:-1"},"canonical":"https:\/\/mugardos.gal\/es\/aviso-legal\/","og_locale":"es_ES","og_type":"article","og_title":"AVISO LEGAL - Concello de Mugardos","og_description":"SITIOS WEB En cumplimiento de la Ley de Servicios de la Sociedad de la Informaci\u00f3n y de Comercio Electr\u00f3nico ( LSSICE), Ley 34\/2002 de 12 de Octubre , se le facilita la siguiente informaci\u00f3n general sobre este sitio web: Dominios\u200b www.mugardos.gal Esta p\u00e1xina web pertenece a: Titular: Concello de Mugardos Domicilio social: Avenida de Galiza, [&hellip;]","og_url":"https:\/\/mugardos.gal\/es\/aviso-legal\/","og_site_name":"Concello de Mugardos","article_modified_time":"2022-09-16T12:28:48+00:00","twitter_card":"summary_large_image","twitter_misc":{"Tiempo de lectura":"5 minutos"},"schema":{"@context":"https:\/\/schema.org","@graph":[{"@type":"WebSite","@id":"https:\/\/mugardos.gal\/#website","url":"https:\/\/mugardos.gal\/","name":"Concello de Mugardos","description":"","potentialAction":[{"@type":"SearchAction","target":{"@type":"EntryPoint","urlTemplate":"https:\/\/mugardos.gal\/?s={search_term_string}"},"query-input":"required name=search_term_string"}],"inLanguage":"es"},{"@type":"WebPage","@id":"https:\/\/mugardos.gal\/es\/aviso-legal\/#webpage","url":"https:\/\/mugardos.gal\/es\/aviso-legal\/","name":"AVISO LEGAL - Concello de Mugardos","isPartOf":{"@id":"https:\/\/mugardos.gal\/#website"},"datePublished":"2020-03-28T08:40:35+00:00","dateModified":"2022-09-16T12:28:48+00:00","breadcrumb":{"@id":"https:\/\/mugardos.gal\/es\/aviso-legal\/#breadcrumb"},"inLanguage":"es","potentialAction":[{"@type":"ReadAction","target":["https:\/\/mugardos.gal\/es\/aviso-legal\/"]}]},{"@type":"BreadcrumbList","@id":"https:\/\/mugardos.gal\/es\/aviso-legal\/#breadcrumb","itemListElement":[{"@type":"ListItem","position":1,"name":"Portada","item":"https:\/\/mugardos.gal\/es\/"},{"@type":"ListItem","position":2,"name":"AVISO LEGAL"}]}]}},"_links":{"self":[{"href":"https:\/\/mugardos.gal\/es\/wp-json\/wp\/v2\/pages\/956"}],"collection":[{"href":"https:\/\/mugardos.gal\/es\/wp-json\/wp\/v2\/pages"}],"about":[{"href":"https:\/\/mugardos.gal\/es\/wp-json\/wp\/v2\/types\/page"}],"author":[{"embeddable":true,"href":"https:\/\/mugardos.gal\/es\/wp-json\/wp\/v2\/users\/4"}],"replies":[{"embeddable":true,"href":"https:\/\/mugardos.gal\/es\/wp-json\/wp\/v2\/comments?post=956"}],"version-history":[{"count":1,"href":"https:\/\/mugardos.gal\/es\/wp-json\/wp\/v2\/pages\/956\/revisions"}],"predecessor-version":[{"id":17031,"href":"https:\/\/mugardos.gal\/es\/wp-json\/wp\/v2\/pages\/956\/revisions\/17031"}],"wp:attachment":[{"href":"https:\/\/mugardos.gal\/es\/wp-json\/wp\/v2\/media?parent=956"}],"curies":[{"name":"wp","href":"https:\/\/api.w.org\/{rel}","templated":true}]}}