{"id":955,"date":"2020-03-28T10:33:59","date_gmt":"2020-03-28T08:33:59","guid":{"rendered":"https:\/\/mugardos.gal\/accesibilidad\/"},"modified":"2020-05-28T20:41:37","modified_gmt":"2020-05-28T18:41:37","slug":"accesibilidad","status":"publish","type":"page","link":"https:\/\/mugardos.gal\/es\/accesibilidad\/","title":{"rendered":"ACCESIBILIDAD"},"content":{"rendered":"<p style=\"text-align: justify;\">La web de MUGARDOS tiene entre sus objetivos a plena accesibilidad de sus contenidos a personas con discapacidad o de edad avanzada, de conformidad con el dispuesto para los sitios web de las Administraciones P\u00fablicas por la Ley de Servicios de la Sociedad de la Informaci\u00f3n y el Comercio Electr\u00f3nico.A tal efecto, nuestras directrices de accesibilidad son las siguientes:- Cumplimiento de las normas WCAG (Web Content Accessibility Guidelines) del W3 C (World Wide Web Consortium), en su nivel A y AA.<\/p>\n<p style=\"text-align: justify;\">Verificaci\u00f3n del cumplimiento de las directrices citadas a trav\u00e9s del Test de Accesibilidad Web ( TAW).<\/p>\n<p style=\"text-align: justify;\">Estas directrices son de aplicaci\u00f3n en todas las nuevas p\u00e1ginas y servicios de la web del Ayuntamiento de Mugardos.<\/p>\n<p style=\"text-align: justify;\">Naturalmente, somos conscientes de que la accesibilidad de este portal puede mejorarse, y trabajamos para eso. Le invitamos a ayudarnos en este esfuerzo con sus comentarios o sugerencias.<\/p>\n<p style=\"text-align: justify;\"><strong>Tama\u00f1o del texto<\/strong><\/p>\n<p style=\"text-align: justify;\">El dise\u00f1o accesible de este sitio web permite que el usuario pueda elegir el tama\u00f1o del texto que le convenga. Esta acci\u00f3n puede llevar a cabo de diferentes maneras segundo el navegador que se utilice o puede utilizar directamente los controles A+ y la- proporcionados en las p\u00e1ginas detalle.<\/p>\n<table border=\"0\" summary=\"Opciones de tama\u00f1o de texto por navegador\">\n<thead>\n<tr>\n<th class=\"centrado\">\u00a0<strong>Navegador<\/strong><\/th>\n<th class=\"centrado\"><strong>Acci\u00f3n a realizar<\/strong><\/th>\n<\/tr>\n<\/thead>\n<tbody>\n<tr>\n<td><strong>Explorer<\/strong><\/td>\n<td>Ver &gt; Tama\u00f1o del texto<\/td>\n<\/tr>\n<tr>\n<td><strong>Firefox<\/strong><\/td>\n<td>Ver &gt; Tama\u00f1o<\/td>\n<\/tr>\n<tr>\n<td><strong>Chrome<\/strong><\/td>\n<td>Icono llave inglesa &gt; Opcions &gt; Avanzada &gt; Contenido web &gt; Tama\u00f1o de la fuente<\/td>\n<\/tr>\n<tr>\n<td><strong>Safari<\/strong><\/td>\n<td>Visualizaci\u00f3n &gt; ampliar\/reducir<\/td>\n<\/tr>\n<tr>\n<td><strong>Opera<\/strong><\/td>\n<td>Ver &gt; escala<\/td>\n<\/tr>\n<\/tbody>\n<\/table>\n<p style=\"text-align: justify;\">Otra forma de modificar el tama\u00f1o de texto es utilizar los atajos de teclado definidos en los navegadores, en particular a combinaci\u00f3n de teclas CTRL y + para aumentar el tama\u00f1o del texto, y CTRL y &#8211; para reducirlo es com\u00fan para la mayor\u00eda de los navegadores.<\/p>\n","protected":false},"excerpt":{"rendered":"<p>La web de MUGARDOS tiene entre sus objetivos a plena accesibilidad de sus contenidos a personas con discapacidad o de edad avanzada, de conformidad con el dispuesto para los sitios web de las Administraciones P\u00fablicas por la Ley de Servicios de la Sociedad de la Informaci\u00f3n y el Comercio Electr\u00f3nico.A tal efecto, nuestras directrices de [&hellip;]<\/p>\n","protected":false},"author":4,"featured_media":0,"parent":0,"menu_order":0,"comment_status":"closed","ping_status":"closed","template":"","meta":[],"yoast_head":"<!-- This site is optimized with the Yoast SEO plugin v18.9 - https:\/\/yoast.com\/wordpress\/plugins\/seo\/ -->\n<title>ACCESIBILIDAD - Concello de Mugardos<\/title>\n<meta name=\"robots\" content=\"index, follow, max-snippet:-1, max-image-preview:large, max-video-preview:-1\" \/>\n<link rel=\"canonical\" href=\"https:\/\/mugardos.gal\/es\/accesibilidad\/\" \/>\n<meta property=\"og:locale\" content=\"es_ES\" \/>\n<meta property=\"og:type\" content=\"article\" \/>\n<meta property=\"og:title\" content=\"ACCESIBILIDAD - Concello de Mugardos\" \/>\n<meta property=\"og:description\" content=\"La web de MUGARDOS tiene entre sus objetivos a plena accesibilidad de sus contenidos a personas con discapacidad o de edad avanzada, de conformidad con el dispuesto para los sitios web de las Administraciones P\u00fablicas por la Ley de Servicios de la Sociedad de la Informaci\u00f3n y el Comercio Electr\u00f3nico.A tal efecto, nuestras directrices de [&hellip;]\" \/>\n<meta property=\"og:url\" content=\"https:\/\/mugardos.gal\/es\/accesibilidad\/\" \/>\n<meta property=\"og:site_name\" content=\"Concello de Mugardos\" \/>\n<meta property=\"article:modified_time\" content=\"2020-05-28T18:41:37+00:00\" \/>\n<meta name=\"twitter:card\" content=\"summary_large_image\" \/>\n<meta name=\"twitter:label1\" content=\"Tiempo de lectura\" \/>\n\t<meta name=\"twitter:data1\" content=\"2 minutos\" \/>\n<script type=\"application\/ld+json\" class=\"yoast-schema-graph\">{\"@context\":\"https:\/\/schema.org\",\"@graph\":[{\"@type\":\"WebSite\",\"@id\":\"https:\/\/mugardos.gal\/#website\",\"url\":\"https:\/\/mugardos.gal\/\",\"name\":\"Concello de Mugardos\",\"description\":\"\",\"potentialAction\":[{\"@type\":\"SearchAction\",\"target\":{\"@type\":\"EntryPoint\",\"urlTemplate\":\"https:\/\/mugardos.gal\/?s={search_term_string}\"},\"query-input\":\"required name=search_term_string\"}],\"inLanguage\":\"es\"},{\"@type\":\"WebPage\",\"@id\":\"https:\/\/mugardos.gal\/es\/accesibilidad\/#webpage\",\"url\":\"https:\/\/mugardos.gal\/es\/accesibilidad\/\",\"name\":\"ACCESIBILIDAD - Concello de Mugardos\",\"isPartOf\":{\"@id\":\"https:\/\/mugardos.gal\/#website\"},\"datePublished\":\"2020-03-28T08:33:59+00:00\",\"dateModified\":\"2020-05-28T18:41:37+00:00\",\"breadcrumb\":{\"@id\":\"https:\/\/mugardos.gal\/es\/accesibilidad\/#breadcrumb\"},\"inLanguage\":\"es\",\"potentialAction\":[{\"@type\":\"ReadAction\",\"target\":[\"https:\/\/mugardos.gal\/es\/accesibilidad\/\"]}]},{\"@type\":\"BreadcrumbList\",\"@id\":\"https:\/\/mugardos.gal\/es\/accesibilidad\/#breadcrumb\",\"itemListElement\":[{\"@type\":\"ListItem\",\"position\":1,\"name\":\"Portada\",\"item\":\"https:\/\/mugardos.gal\/es\/\"},{\"@type\":\"ListItem\",\"position\":2,\"name\":\"ACCESIBILIDAD\"}]}]}<\/script>\n<!-- \/ Yoast SEO plugin. -->","yoast_head_json":{"title":"ACCESIBILIDAD - Concello de Mugardos","robots":{"index":"index","follow":"follow","max-snippet":"max-snippet:-1","max-image-preview":"max-image-preview:large","max-video-preview":"max-video-preview:-1"},"canonical":"https:\/\/mugardos.gal\/es\/accesibilidad\/","og_locale":"es_ES","og_type":"article","og_title":"ACCESIBILIDAD - Concello de Mugardos","og_description":"La web de MUGARDOS tiene entre sus objetivos a plena accesibilidad de sus contenidos a personas con discapacidad o de edad avanzada, de conformidad con el dispuesto para los sitios web de las Administraciones P\u00fablicas por la Ley de Servicios de la Sociedad de la Informaci\u00f3n y el Comercio Electr\u00f3nico.A tal efecto, nuestras directrices de [&hellip;]","og_url":"https:\/\/mugardos.gal\/es\/accesibilidad\/","og_site_name":"Concello de Mugardos","article_modified_time":"2020-05-28T18:41:37+00:00","twitter_card":"summary_large_image","twitter_misc":{"Tiempo de lectura":"2 minutos"},"schema":{"@context":"https:\/\/schema.org","@graph":[{"@type":"WebSite","@id":"https:\/\/mugardos.gal\/#website","url":"https:\/\/mugardos.gal\/","name":"Concello de Mugardos","description":"","potentialAction":[{"@type":"SearchAction","target":{"@type":"EntryPoint","urlTemplate":"https:\/\/mugardos.gal\/?s={search_term_string}"},"query-input":"required name=search_term_string"}],"inLanguage":"es"},{"@type":"WebPage","@id":"https:\/\/mugardos.gal\/es\/accesibilidad\/#webpage","url":"https:\/\/mugardos.gal\/es\/accesibilidad\/","name":"ACCESIBILIDAD - Concello de Mugardos","isPartOf":{"@id":"https:\/\/mugardos.gal\/#website"},"datePublished":"2020-03-28T08:33:59+00:00","dateModified":"2020-05-28T18:41:37+00:00","breadcrumb":{"@id":"https:\/\/mugardos.gal\/es\/accesibilidad\/#breadcrumb"},"inLanguage":"es","potentialAction":[{"@type":"ReadAction","target":["https:\/\/mugardos.gal\/es\/accesibilidad\/"]}]},{"@type":"BreadcrumbList","@id":"https:\/\/mugardos.gal\/es\/accesibilidad\/#breadcrumb","itemListElement":[{"@type":"ListItem","position":1,"name":"Portada","item":"https:\/\/mugardos.gal\/es\/"},{"@type":"ListItem","position":2,"name":"ACCESIBILIDAD"}]}]}},"_links":{"self":[{"href":"https:\/\/mugardos.gal\/es\/wp-json\/wp\/v2\/pages\/955"}],"collection":[{"href":"https:\/\/mugardos.gal\/es\/wp-json\/wp\/v2\/pages"}],"about":[{"href":"https:\/\/mugardos.gal\/es\/wp-json\/wp\/v2\/types\/page"}],"author":[{"embeddable":true,"href":"https:\/\/mugardos.gal\/es\/wp-json\/wp\/v2\/users\/4"}],"replies":[{"embeddable":true,"href":"https:\/\/mugardos.gal\/es\/wp-json\/wp\/v2\/comments?post=955"}],"version-history":[{"count":0,"href":"https:\/\/mugardos.gal\/es\/wp-json\/wp\/v2\/pages\/955\/revisions"}],"wp:attachment":[{"href":"https:\/\/mugardos.gal\/es\/wp-json\/wp\/v2\/media?parent=955"}],"curies":[{"name":"wp","href":"https:\/\/api.w.org\/{rel}","templated":true}]}}