{"id":954,"date":"2020-03-28T10:30:25","date_gmt":"2020-03-28T08:30:25","guid":{"rendered":"https:\/\/mugardos.gal\/proteccion-de-datos\/"},"modified":"2020-03-28T10:30:25","modified_gmt":"2020-03-28T08:30:25","slug":"proteccion-de-datos","status":"publish","type":"page","link":"https:\/\/mugardos.gal\/es\/proteccion-de-datos\/","title":{"rendered":"PROTECCI\u00d3N DE DATOS"},"content":{"rendered":"<p style=\"text-align: justify;\">Nombre del\u00a0 dominio a efectos de identificaci\u00f3n:<br \/>\nwww.mugardos.gal<\/p>\n<p style=\"text-align: justify;\">Para navegar por la web no es necesario que nos facilites tus datos personales.<\/p>\n<p style=\"text-align: justify;\">Solo recogeremos informaci\u00f3n se es necesaria para:<\/p>\n<p style=\"text-align: justify;\">\u2022 Cookies y tecnolog\u00edas similares. Destino de los datos de car\u00e1cter personal<\/p>\n<p style=\"text-align: justify;\">En cumplimiento del establecido en el Reglamento (UE) 2016\/679 del Parlamento Europeo y del Consejo, de 27 de abril relativo a la protecci\u00f3n de las personas f\u00edsicas en el que respeta al tratamiento de datos personales y a la libre circulaci\u00f3n de estos datos, te informamos de que los datos personales que nos facilites, tarde-noche tratados por Ana Bel\u00e9n Gil V\u00e1zquez, responsable del tratamiento, que act\u00faa en el \u00e1mbito de gesti\u00f3n de la web bajo la denominaci\u00f3n de \u201cAyuntamiento de Mugardos\u201d con direcci\u00f3n a efectos de notificaciones en Avenida de Galicia, 45, 15620 Mugardos, A Coru\u00f1a.<\/p>\n<h3 class=\"fusion-responsive-typography-calculated\" style=\"text-align: justify;\" data-fontsize=\"16\" data-lineheight=\"24px\">Como utilizamos los datos<\/h3>\n<p style=\"text-align: justify;\">En esta web no se recogen datos.<\/p>\n<h3 class=\"fusion-responsive-typography-calculated\" style=\"text-align: justify;\" data-fontsize=\"16\" data-lineheight=\"24px\"><b>Formularios<\/b><\/h3>\n<p style=\"text-align: justify;\">El sitio web dispo\u00f1e de 1 tipo de formulario:<\/p>\n<p style=\"text-align: justify;\"><b>De contacto: <\/b>el usuario o participante podr\u00e1 encontrar formularios que facilitar\u00e1n la comunicaci\u00f3n con el Ayuntamiento, para exponer dudas, comentarios, solicitar informaci\u00f3n, etc\u2026. . Este tratamiento se considerar\u00e1 leg\u00edtimo por ser parte de una diligencia pre-contractual.<\/p>\n<h3 class=\"fusion-responsive-typography-calculated\" style=\"text-align: justify;\" data-fontsize=\"16\" data-lineheight=\"24px\">Encargados del tratamento<\/h3>\n<p style=\"text-align: justify;\">El Ayuntamiento de Mugardos necesita el apoyo de terceros para poder ofrecer adecuadamente sus servicios, con los cuales celebr\u00f3 los debidos acuerdos de confidencialidad y verific\u00f3 que cumplen con las normativas espa\u00f1olas sobre protecci\u00f3n de datos personales.<\/p>\n<p style=\"text-align: justify;\">Los datos suministrados la estos terceros no podr\u00e1n ser utilizados para otros fines no autorizados por el titular de los datos. En cumplimiento de los principios de informaci\u00f3n y transparencia, se hace saber que estos terceros son:<\/p>\n<p style=\"text-align: justify;\">\u2022 1&amp;1 IONOS Espa\u00f1a S.L.U. (con domicilio social en Avenida de la Vega, 1 Edificio Veganova 3 Planta 5 Puerta C de Alcobendas, CP 28108, Madrid). En caso que desees m\u00e1s informaci\u00f3n sobre su pol\u00edtica de privacidad ingresa la https:\/\/www.ionos.es\/terms-gtc\/terms-privacy\/<\/p>\n<p style=\"text-align: justify;\">El Ayuntamiento de Mugardos no asume ning\u00fan tipo de responsabilidad, ni siquiera de forma indirecta o subsidiaria, por los da\u00f1os y perjuicios de toda clase que pudieran derivarse del acceso, mantenimiento, uso, calidad, licitud, fiabilidad y utilidad de los contenidos, informaciones, comunicaciones, opiniones, manifestaciones, productos y servicios existentes y ofrecidos en los sitios web no gestionados por esta administraci\u00f3n y que resulten accesibles a trav\u00e9s del Portal del mugardos. Con todo, esta administraci\u00f3n se encuadra dentro del apartado la) del art\u00edculo 17 de la Ley 34\/2002, de 11 de julio , de Servicios de la Sociedad de la Informaci\u00f3n y Comercio Electr\u00f3nica ( LSSICE), ya que esta administraci\u00f3n respecto de enlaces facilitados en el Web, no tienen conocimiento efectivo de que la actividad o la informaci\u00f3n a la que remite o recomienda es il\u00edcita o lesiona bienes o derechos de un tercero susceptibles de indemnizaci\u00f3n.<\/p>\n<h3 class=\"fusion-responsive-typography-calculated\" style=\"text-align: justify;\" data-fontsize=\"16\" data-lineheight=\"24px\">Uso de cookies<\/h3>\n<p style=\"text-align: justify;\">Este Sitio web utiliza cookies cuando un Usuario navega por sus p\u00e1ginas. Las cookies son ficheros enviados a un navegador por medio de un servidor web para registrar las actividades del Usuario en el Sitio web y permitirle una navegaci\u00f3n m\u00e1s fluida y personalizada. El usuario tiene la posibilidad de configurar su navegador para impedir la entrada de estas, bloquearlas o, en su caso, eliminarlas. Para utilizar el Sitio web, no resulta necesario que el usuario permita la instalaci\u00f3n de las cookies enviadas por el Sitio web.<\/p>\n","protected":false},"excerpt":{"rendered":"<p>Nombre del\u00a0 dominio a efectos de identificaci\u00f3n: www.mugardos.gal Para navegar por la web no es necesario que nos facilites tus datos personales. Solo recogeremos informaci\u00f3n se es necesaria para: \u2022 Cookies y tecnolog\u00edas similares. Destino de los datos de car\u00e1cter personal En cumplimiento del establecido en el Reglamento (UE) 2016\/679 del Parlamento Europeo y del [&hellip;]<\/p>\n","protected":false},"author":4,"featured_media":0,"parent":0,"menu_order":0,"comment_status":"closed","ping_status":"closed","template":"","meta":[],"yoast_head":"<!-- This site is optimized with the Yoast SEO plugin v18.9 - https:\/\/yoast.com\/wordpress\/plugins\/seo\/ -->\n<title>PROTECCI\u00d3N DE DATOS - Concello de Mugardos<\/title>\n<meta name=\"robots\" content=\"index, follow, max-snippet:-1, max-image-preview:large, max-video-preview:-1\" \/>\n<link rel=\"canonical\" href=\"https:\/\/mugardos.gal\/es\/proteccion-de-datos\/\" \/>\n<meta property=\"og:locale\" content=\"es_ES\" \/>\n<meta property=\"og:type\" content=\"article\" \/>\n<meta property=\"og:title\" content=\"PROTECCI\u00d3N DE DATOS - Concello de Mugardos\" \/>\n<meta property=\"og:description\" content=\"Nombre del\u00a0 dominio a efectos de identificaci\u00f3n: www.mugardos.gal Para navegar por la web no es necesario que nos facilites tus datos personales. Solo recogeremos informaci\u00f3n se es necesaria para: \u2022 Cookies y tecnolog\u00edas similares. Destino de los datos de car\u00e1cter personal En cumplimiento del establecido en el Reglamento (UE) 2016\/679 del Parlamento Europeo y del [&hellip;]\" \/>\n<meta property=\"og:url\" content=\"https:\/\/mugardos.gal\/es\/proteccion-de-datos\/\" \/>\n<meta property=\"og:site_name\" content=\"Concello de Mugardos\" \/>\n<meta name=\"twitter:card\" content=\"summary_large_image\" \/>\n<meta name=\"twitter:label1\" content=\"Tiempo de lectura\" \/>\n\t<meta name=\"twitter:data1\" content=\"3 minutos\" \/>\n<script type=\"application\/ld+json\" class=\"yoast-schema-graph\">{\"@context\":\"https:\/\/schema.org\",\"@graph\":[{\"@type\":\"WebSite\",\"@id\":\"https:\/\/mugardos.gal\/#website\",\"url\":\"https:\/\/mugardos.gal\/\",\"name\":\"Concello de Mugardos\",\"description\":\"\",\"potentialAction\":[{\"@type\":\"SearchAction\",\"target\":{\"@type\":\"EntryPoint\",\"urlTemplate\":\"https:\/\/mugardos.gal\/?s={search_term_string}\"},\"query-input\":\"required name=search_term_string\"}],\"inLanguage\":\"es\"},{\"@type\":\"WebPage\",\"@id\":\"https:\/\/mugardos.gal\/es\/proteccion-de-datos\/#webpage\",\"url\":\"https:\/\/mugardos.gal\/es\/proteccion-de-datos\/\",\"name\":\"PROTECCI\u00d3N DE DATOS - Concello de Mugardos\",\"isPartOf\":{\"@id\":\"https:\/\/mugardos.gal\/#website\"},\"datePublished\":\"2020-03-28T08:30:25+00:00\",\"dateModified\":\"2020-03-28T08:30:25+00:00\",\"breadcrumb\":{\"@id\":\"https:\/\/mugardos.gal\/es\/proteccion-de-datos\/#breadcrumb\"},\"inLanguage\":\"es\",\"potentialAction\":[{\"@type\":\"ReadAction\",\"target\":[\"https:\/\/mugardos.gal\/es\/proteccion-de-datos\/\"]}]},{\"@type\":\"BreadcrumbList\",\"@id\":\"https:\/\/mugardos.gal\/es\/proteccion-de-datos\/#breadcrumb\",\"itemListElement\":[{\"@type\":\"ListItem\",\"position\":1,\"name\":\"Portada\",\"item\":\"https:\/\/mugardos.gal\/es\/\"},{\"@type\":\"ListItem\",\"position\":2,\"name\":\"PROTECCI\u00d3N DE DATOS\"}]}]}<\/script>\n<!-- \/ Yoast SEO plugin. -->","yoast_head_json":{"title":"PROTECCI\u00d3N DE DATOS - Concello de Mugardos","robots":{"index":"index","follow":"follow","max-snippet":"max-snippet:-1","max-image-preview":"max-image-preview:large","max-video-preview":"max-video-preview:-1"},"canonical":"https:\/\/mugardos.gal\/es\/proteccion-de-datos\/","og_locale":"es_ES","og_type":"article","og_title":"PROTECCI\u00d3N DE DATOS - Concello de Mugardos","og_description":"Nombre del\u00a0 dominio a efectos de identificaci\u00f3n: www.mugardos.gal Para navegar por la web no es necesario que nos facilites tus datos personales. Solo recogeremos informaci\u00f3n se es necesaria para: \u2022 Cookies y tecnolog\u00edas similares. Destino de los datos de car\u00e1cter personal En cumplimiento del establecido en el Reglamento (UE) 2016\/679 del Parlamento Europeo y del [&hellip;]","og_url":"https:\/\/mugardos.gal\/es\/proteccion-de-datos\/","og_site_name":"Concello de Mugardos","twitter_card":"summary_large_image","twitter_misc":{"Tiempo de lectura":"3 minutos"},"schema":{"@context":"https:\/\/schema.org","@graph":[{"@type":"WebSite","@id":"https:\/\/mugardos.gal\/#website","url":"https:\/\/mugardos.gal\/","name":"Concello de Mugardos","description":"","potentialAction":[{"@type":"SearchAction","target":{"@type":"EntryPoint","urlTemplate":"https:\/\/mugardos.gal\/?s={search_term_string}"},"query-input":"required name=search_term_string"}],"inLanguage":"es"},{"@type":"WebPage","@id":"https:\/\/mugardos.gal\/es\/proteccion-de-datos\/#webpage","url":"https:\/\/mugardos.gal\/es\/proteccion-de-datos\/","name":"PROTECCI\u00d3N DE DATOS - Concello de Mugardos","isPartOf":{"@id":"https:\/\/mugardos.gal\/#website"},"datePublished":"2020-03-28T08:30:25+00:00","dateModified":"2020-03-28T08:30:25+00:00","breadcrumb":{"@id":"https:\/\/mugardos.gal\/es\/proteccion-de-datos\/#breadcrumb"},"inLanguage":"es","potentialAction":[{"@type":"ReadAction","target":["https:\/\/mugardos.gal\/es\/proteccion-de-datos\/"]}]},{"@type":"BreadcrumbList","@id":"https:\/\/mugardos.gal\/es\/proteccion-de-datos\/#breadcrumb","itemListElement":[{"@type":"ListItem","position":1,"name":"Portada","item":"https:\/\/mugardos.gal\/es\/"},{"@type":"ListItem","position":2,"name":"PROTECCI\u00d3N DE DATOS"}]}]}},"_links":{"self":[{"href":"https:\/\/mugardos.gal\/es\/wp-json\/wp\/v2\/pages\/954"}],"collection":[{"href":"https:\/\/mugardos.gal\/es\/wp-json\/wp\/v2\/pages"}],"about":[{"href":"https:\/\/mugardos.gal\/es\/wp-json\/wp\/v2\/types\/page"}],"author":[{"embeddable":true,"href":"https:\/\/mugardos.gal\/es\/wp-json\/wp\/v2\/users\/4"}],"replies":[{"embeddable":true,"href":"https:\/\/mugardos.gal\/es\/wp-json\/wp\/v2\/comments?post=954"}],"version-history":[{"count":0,"href":"https:\/\/mugardos.gal\/es\/wp-json\/wp\/v2\/pages\/954\/revisions"}],"wp:attachment":[{"href":"https:\/\/mugardos.gal\/es\/wp-json\/wp\/v2\/media?parent=954"}],"curies":[{"name":"wp","href":"https:\/\/api.w.org\/{rel}","templated":true}]}}