{"id":818,"date":"2020-03-25T21:46:37","date_gmt":"2020-03-25T19:46:37","guid":{"rendered":"https:\/\/mugardos.gal\/contacto-con-el-departamento-de-personal-hacienda-y-participacion\/"},"modified":"2025-09-30T15:37:19","modified_gmt":"2025-09-30T13:37:19","slug":"contacto-con-el-departamento-de-personal-hacienda-y-participacion","status":"publish","type":"page","link":"https:\/\/mugardos.gal\/es\/personal-hacienda-y-participacion\/contacto-con-el-departamento-de-personal-hacienda-y-participacion\/","title":{"rendered":"CONTACTO CON EL DEPARTAMENTO DE PERSONAL, HACIENDA Y PARTICIPACI\u00d3N"},"content":{"rendered":"<p>[vc_row][vc_column][vc_separator color=\u00bbmulled_wine\u00bb style=\u00bbshadow\u00bb border_width=\u00bb4&#8243;][\/vc_column][\/vc_row][vc_row][vc_column width=\u00bb1\/4&#8243; offset=\u00bbvc_hidden-sm vc_hidden-xs\u00bb][vc_single_image image=\u00bb3044&#8243; img_size=\u00bbmedium\u00bb alignment=\u00bbcenter\u00bb style=\u00bbvc_box_shadow_3d\u00bb onclick=\u00bbcustom_link\u00bb css=\u00bb.vc_custom_1590826546564{margin-top: -40px !important;}\u00bb link=\u00bbhttps:\/\/mugardos.gal\/es\/persoal-facenda-e-participacion\/rexistro-de-asociacions-municipais\/\u00bb][vc_row_inner][vc_column_inner][vc_single_image image=\u00bb3040&#8243; img_size=\u00bbmedium\u00bb alignment=\u00bbcenter\u00bb style=\u00bbvc_box_shadow_3d\u00bb onclick=\u00bbcustom_link\u00bb css_animation=\u00bbnone\u00bb css=\u00bb.vc_custom_1590826523211{margin-top: px !important;}\u00bb link=\u00bbhttps:\/\/mugardos.gal\/es\/persoal-facenda-e-participacion\/contacto-co-departamento-de-persoal-facenda-e-participacion\/\u00bb][vc_single_image image=\u00bb3038&#8243; img_size=\u00bbmedium\u00bb alignment=\u00bbcenter\u00bb style=\u00bbvc_box_shadow_3d\u00bb onclick=\u00bbcustom_link\u00bb css=\u00bb.vc_custom_1590231948612{margin-top: -40px !important;}\u00bb link=\u00bbhttps:\/\/sede.mugardos.gal\/opencms\/gl\/calendario_oficial\/\u00bb][vc_single_image image=\u00bb3042&#8243; img_size=\u00bbmedium\u00bb alignment=\u00bbcenter\u00bb style=\u00bbvc_box_shadow_3d\u00bb onclick=\u00bbcustom_link\u00bb css=\u00bb.vc_custom_1590231972847{margin-top: -40px !important;}\u00bb link=\u00bbhttps:\/\/www.dacoruna.gal\/concellos\/ordenanzas\/?utm_source=MenuGlobal&amp;utm_campaign=MenuCabecera&amp;utm_medium=Web\u00bb][vc_single_image image=\u00bb3034&#8243; img_size=\u00bbmedium\u00bb alignment=\u00bbcenter\u00bb style=\u00bbvc_box_shadow_3d\u00bb onclick=\u00bbcustom_link\u00bb css=\u00bb.vc_custom_1590826541320{margin-top: -40px !important;}\u00bb link=\u00bbhhttps:\/\/mugardos.gal\/es\/persoal-facenda-e-participacion\/bonificacions-e-exencions-taxas-de-auga-lixo-sumidoiros-e-edar\/\u00bb][vc_single_image image=\u00bb3036&#8243; img_size=\u00bbmedium\u00bb alignment=\u00bbcenter\u00bb style=\u00bbvc_box_shadow_3d\u00bb onclick=\u00bbcustom_link\u00bb css=\u00bb.vc_custom_1590826552774{margin-top: -40px !important;}\u00bb link=\u00bbhttps:\/\/mugardos.gal\/es\/buzon-de-suxestions\/\u00bb][\/vc_column_inner][\/vc_row_inner][\/vc_column][vc_column width=\u00bb3\/4&#8243;][vc_column_text]\n<p style=\"text-align: justify;\">Este departamento municipal aglutina todas las competencias municipales relacionadas con la gesti\u00f3n econ\u00f3mico-financiera, el personal y los canales de comunicaci\u00f3n con los vecinos y vecinas para su participaci\u00f3n de manera activa en la vida municipal.<\/p>\n<p style=\"text-align: justify;\">Desde este departamento se define la pol\u00edtica fiscal municipal, encarg\u00e1ndose de la gesti\u00f3n presupuestaria y la recaudaci\u00f3n de los tributos para, de manera transversal con el resto de las concejal\u00edas, trabajar en la prestaci\u00f3n de los servicios p\u00fablicos de la manera m\u00e1s eficiente y eficaz.<\/p>\n<p style=\"text-align: justify;\">Los vecinos y vecinas interesados en ponerse en contacto con el departamento pueden hacerlo por diversos canales:<\/p>\n<p>[\/vc_column_text][vc_row_inner][vc_column_inner width=\u00bb1\/2&#8243;][vc_column_text]<strong>Concejala de Hacienda, Personal y Participaci\u00f3n: Ana Varela<\/strong><\/p>\n<p style=\"text-align: justify;\"><img loading=\"lazy\" class=\"alignnone wp-image-596\" src=\"https:\/\/mugardos.gal\/wp-content\/uploads\/2020\/03\/direcci\u00f3n.png\" alt=\"\" width=\"30\" height=\"30\" \/> Avenida de Galicia 45, 1\u00ba piso<\/p>\n<p style=\"text-align: justify;\"><a href=\"mailto:miguel.mahia@concellodemugardos.gal\"><img loading=\"lazy\" class=\"alignnone wp-image-598\" src=\"https:\/\/mugardos.gal\/wp-content\/uploads\/2020\/03\/telefono.png\" alt=\"\" width=\"30\" height=\"30\" \/><\/a> 981 470 290 (extensi\u00f3n: #2048)<\/p>\n<p style=\"text-align: justify;\"><img loading=\"lazy\" class=\"alignnone wp-image-594\" src=\"https:\/\/mugardos.gal\/wp-content\/uploads\/2020\/03\/correo.png\" alt=\"\" width=\"30\" height=\"23\" \/> <a href=\"mailto: ana.varela@mugardos.gal\">ana.varela@mugardos.gal<\/a><\/p>\n<p>[\/vc_column_text][\/vc_column_inner][vc_column_inner width=\u00bb1\/2&#8243;][vc_column_text]\n<p style=\"text-align: center;\"><img loading=\"lazy\" class=\"alignnone wp-image-1383 size-full\" src=\"https:\/\/mugardos.gal\/wp-content\/uploads\/2020\/04\/Foto-Ana-Varela-Bastida.png\" alt=\"\" width=\"300\" height=\"253\" \/><\/p>\n<p>[\/vc_column_text][\/vc_column_inner][\/vc_row_inner][\/vc_column][\/vc_row]\n","protected":false},"excerpt":{"rendered":"<p>[vc_row][vc_column][vc_separator color=\u00bbmulled_wine\u00bb style=\u00bbshadow\u00bb border_width=\u00bb4&#8243;][\/vc_column][\/vc_row][vc_row][vc_column width=\u00bb1\/4&#8243; offset=\u00bbvc_hidden-sm vc_hidden-xs\u00bb][vc_single_image image=\u00bb3044&#8243; img_size=\u00bbmedium\u00bb alignment=\u00bbcenter\u00bb style=\u00bbvc_box_shadow_3d\u00bb onclick=\u00bbcustom_link\u00bb css=\u00bb.vc_custom_1590826546564{margin-top: -40px !important;}\u00bb link=\u00bbhttps:\/\/mugardos.gal\/es\/persoal-facenda-e-participacion\/rexistro-de-asociacions-municipais\/\u00bb][vc_row_inner][vc_column_inner][vc_single_image image=\u00bb3040&#8243; img_size=\u00bbmedium\u00bb alignment=\u00bbcenter\u00bb style=\u00bbvc_box_shadow_3d\u00bb onclick=\u00bbcustom_link\u00bb css_animation=\u00bbnone\u00bb css=\u00bb.vc_custom_1590826523211{margin-top: px !important;}\u00bb link=\u00bbhttps:\/\/mugardos.gal\/es\/persoal-facenda-e-participacion\/contacto-co-departamento-de-persoal-facenda-e-participacion\/\u00bb][vc_single_image image=\u00bb3038&#8243; img_size=\u00bbmedium\u00bb alignment=\u00bbcenter\u00bb style=\u00bbvc_box_shadow_3d\u00bb onclick=\u00bbcustom_link\u00bb css=\u00bb.vc_custom_1590231948612{margin-top: -40px !important;}\u00bb link=\u00bbhttps:\/\/sede.mugardos.gal\/opencms\/gl\/calendario_oficial\/\u00bb][vc_single_image image=\u00bb3042&#8243; img_size=\u00bbmedium\u00bb alignment=\u00bbcenter\u00bb style=\u00bbvc_box_shadow_3d\u00bb onclick=\u00bbcustom_link\u00bb css=\u00bb.vc_custom_1590231972847{margin-top: -40px !important;}\u00bb link=\u00bbhttps:\/\/www.dacoruna.gal\/concellos\/ordenanzas\/?utm_source=MenuGlobal&amp;utm_campaign=MenuCabecera&amp;utm_medium=Web\u00bb][vc_single_image image=\u00bb3034&#8243; img_size=\u00bbmedium\u00bb alignment=\u00bbcenter\u00bb style=\u00bbvc_box_shadow_3d\u00bb onclick=\u00bbcustom_link\u00bb css=\u00bb.vc_custom_1590826541320{margin-top: -40px !important;}\u00bb link=\u00bbhhttps:\/\/mugardos.gal\/es\/persoal-facenda-e-participacion\/bonificacions-e-exencions-taxas-de-auga-lixo-sumidoiros-e-edar\/\u00bb][vc_single_image image=\u00bb3036&#8243; img_size=\u00bbmedium\u00bb [&hellip;]<\/p>\n","protected":false},"author":4,"featured_media":0,"parent":723,"menu_order":0,"comment_status":"closed","ping_status":"closed","template":"","meta":[],"yoast_head":"<!-- This site is optimized with the Yoast SEO plugin v18.9 - https:\/\/yoast.com\/wordpress\/plugins\/seo\/ -->\n<title>CONTACTO CON EL DEPARTAMENTO DE PERSONAL, HACIENDA Y PARTICIPACI\u00d3N - Concello de Mugardos<\/title>\n<meta name=\"robots\" content=\"index, follow, max-snippet:-1, max-image-preview:large, max-video-preview:-1\" \/>\n<link rel=\"canonical\" href=\"https:\/\/mugardos.gal\/es\/personal-hacienda-y-participacion\/contacto-con-el-departamento-de-personal-hacienda-y-participacion\/\" \/>\n<meta property=\"og:locale\" content=\"es_ES\" \/>\n<meta property=\"og:type\" content=\"article\" \/>\n<meta property=\"og:title\" content=\"CONTACTO CON EL DEPARTAMENTO DE PERSONAL, HACIENDA Y PARTICIPACI\u00d3N - Concello de Mugardos\" \/>\n<meta property=\"og:description\" content=\"[vc_row][vc_column][vc_separator color=\u00bbmulled_wine\u00bb style=\u00bbshadow\u00bb border_width=\u00bb4&#8243;][\/vc_column][\/vc_row][vc_row][vc_column width=\u00bb1\/4&#8243; offset=\u00bbvc_hidden-sm vc_hidden-xs\u00bb][vc_single_image image=\u00bb3044&#8243; img_size=\u00bbmedium\u00bb alignment=\u00bbcenter\u00bb style=\u00bbvc_box_shadow_3d\u00bb onclick=\u00bbcustom_link\u00bb css=\u00bb.vc_custom_1590826546564{margin-top: -40px !important;}\u00bb link=\u00bbhttps:\/\/mugardos.gal\/es\/persoal-facenda-e-participacion\/rexistro-de-asociacions-municipais\/\u00bb][vc_row_inner][vc_column_inner][vc_single_image image=\u00bb3040&#8243; img_size=\u00bbmedium\u00bb alignment=\u00bbcenter\u00bb style=\u00bbvc_box_shadow_3d\u00bb onclick=\u00bbcustom_link\u00bb css_animation=\u00bbnone\u00bb css=\u00bb.vc_custom_1590826523211{margin-top: px !important;}\u00bb link=\u00bbhttps:\/\/mugardos.gal\/es\/persoal-facenda-e-participacion\/contacto-co-departamento-de-persoal-facenda-e-participacion\/\u00bb][vc_single_image image=\u00bb3038&#8243; img_size=\u00bbmedium\u00bb alignment=\u00bbcenter\u00bb style=\u00bbvc_box_shadow_3d\u00bb onclick=\u00bbcustom_link\u00bb css=\u00bb.vc_custom_1590231948612{margin-top: -40px !important;}\u00bb link=\u00bbhttps:\/\/sede.mugardos.gal\/opencms\/gl\/calendario_oficial\/\u00bb][vc_single_image image=\u00bb3042&#8243; img_size=\u00bbmedium\u00bb alignment=\u00bbcenter\u00bb style=\u00bbvc_box_shadow_3d\u00bb onclick=\u00bbcustom_link\u00bb css=\u00bb.vc_custom_1590231972847{margin-top: -40px !important;}\u00bb link=\u00bbhttps:\/\/www.dacoruna.gal\/concellos\/ordenanzas\/?utm_source=MenuGlobal&amp;utm_campaign=MenuCabecera&amp;utm_medium=Web\u00bb][vc_single_image image=\u00bb3034&#8243; img_size=\u00bbmedium\u00bb alignment=\u00bbcenter\u00bb style=\u00bbvc_box_shadow_3d\u00bb onclick=\u00bbcustom_link\u00bb css=\u00bb.vc_custom_1590826541320{margin-top: -40px !important;}\u00bb link=\u00bbhhttps:\/\/mugardos.gal\/es\/persoal-facenda-e-participacion\/bonificacions-e-exencions-taxas-de-auga-lixo-sumidoiros-e-edar\/\u00bb][vc_single_image image=\u00bb3036&#8243; img_size=\u00bbmedium\u00bb [&hellip;]\" \/>\n<meta property=\"og:url\" content=\"https:\/\/mugardos.gal\/es\/personal-hacienda-y-participacion\/contacto-con-el-departamento-de-personal-hacienda-y-participacion\/\" \/>\n<meta property=\"og:site_name\" content=\"Concello de Mugardos\" \/>\n<meta property=\"article:modified_time\" content=\"2025-09-30T13:37:19+00:00\" \/>\n<meta property=\"og:image\" content=\"https:\/\/mugardos.gal\/wp-content\/uploads\/2020\/03\/telefono.png\" \/>\n<meta name=\"twitter:card\" content=\"summary_large_image\" \/>\n<meta name=\"twitter:label1\" content=\"Tiempo de lectura\" \/>\n\t<meta name=\"twitter:data1\" content=\"2 minutos\" \/>\n<script type=\"application\/ld+json\" class=\"yoast-schema-graph\">{\"@context\":\"https:\/\/schema.org\",\"@graph\":[{\"@type\":\"WebSite\",\"@id\":\"https:\/\/mugardos.gal\/#website\",\"url\":\"https:\/\/mugardos.gal\/\",\"name\":\"Concello de Mugardos\",\"description\":\"\",\"potentialAction\":[{\"@type\":\"SearchAction\",\"target\":{\"@type\":\"EntryPoint\",\"urlTemplate\":\"https:\/\/mugardos.gal\/?s={search_term_string}\"},\"query-input\":\"required name=search_term_string\"}],\"inLanguage\":\"es\"},{\"@type\":\"ImageObject\",\"inLanguage\":\"es\",\"@id\":\"https:\/\/mugardos.gal\/es\/personal-hacienda-y-participacion\/contacto-con-el-departamento-de-personal-hacienda-y-participacion\/#primaryimage\",\"url\":\"https:\/\/mugardos.gal\/wp-content\/uploads\/2020\/03\/telefono.png\",\"contentUrl\":\"https:\/\/mugardos.gal\/wp-content\/uploads\/2020\/03\/telefono.png\",\"width\":100,\"height\":100},{\"@type\":\"WebPage\",\"@id\":\"https:\/\/mugardos.gal\/es\/personal-hacienda-y-participacion\/contacto-con-el-departamento-de-personal-hacienda-y-participacion\/#webpage\",\"url\":\"https:\/\/mugardos.gal\/es\/personal-hacienda-y-participacion\/contacto-con-el-departamento-de-personal-hacienda-y-participacion\/\",\"name\":\"CONTACTO CON EL DEPARTAMENTO DE PERSONAL, HACIENDA Y PARTICIPACI\u00d3N - Concello de Mugardos\",\"isPartOf\":{\"@id\":\"https:\/\/mugardos.gal\/#website\"},\"primaryImageOfPage\":{\"@id\":\"https:\/\/mugardos.gal\/es\/personal-hacienda-y-participacion\/contacto-con-el-departamento-de-personal-hacienda-y-participacion\/#primaryimage\"},\"datePublished\":\"2020-03-25T19:46:37+00:00\",\"dateModified\":\"2025-09-30T13:37:19+00:00\",\"breadcrumb\":{\"@id\":\"https:\/\/mugardos.gal\/es\/personal-hacienda-y-participacion\/contacto-con-el-departamento-de-personal-hacienda-y-participacion\/#breadcrumb\"},\"inLanguage\":\"es\",\"potentialAction\":[{\"@type\":\"ReadAction\",\"target\":[\"https:\/\/mugardos.gal\/es\/personal-hacienda-y-participacion\/contacto-con-el-departamento-de-personal-hacienda-y-participacion\/\"]}]},{\"@type\":\"BreadcrumbList\",\"@id\":\"https:\/\/mugardos.gal\/es\/personal-hacienda-y-participacion\/contacto-con-el-departamento-de-personal-hacienda-y-participacion\/#breadcrumb\",\"itemListElement\":[{\"@type\":\"ListItem\",\"position\":1,\"name\":\"Portada\",\"item\":\"https:\/\/mugardos.gal\/es\/\"},{\"@type\":\"ListItem\",\"position\":2,\"name\":\"PERSONAL, HACIENDA Y PARTICIPACI\u00d3N\",\"item\":\"https:\/\/mugardos.gal\/es\/personal-hacienda-y-participacion\/\"},{\"@type\":\"ListItem\",\"position\":3,\"name\":\"CONTACTO CON EL DEPARTAMENTO DE PERSONAL, HACIENDA Y PARTICIPACI\u00d3N\"}]}]}<\/script>\n<!-- \/ Yoast SEO plugin. -->","yoast_head_json":{"title":"CONTACTO CON EL DEPARTAMENTO DE PERSONAL, HACIENDA Y PARTICIPACI\u00d3N - Concello de Mugardos","robots":{"index":"index","follow":"follow","max-snippet":"max-snippet:-1","max-image-preview":"max-image-preview:large","max-video-preview":"max-video-preview:-1"},"canonical":"https:\/\/mugardos.gal\/es\/personal-hacienda-y-participacion\/contacto-con-el-departamento-de-personal-hacienda-y-participacion\/","og_locale":"es_ES","og_type":"article","og_title":"CONTACTO CON EL DEPARTAMENTO DE PERSONAL, HACIENDA Y PARTICIPACI\u00d3N - Concello de Mugardos","og_description":"[vc_row][vc_column][vc_separator color=\u00bbmulled_wine\u00bb style=\u00bbshadow\u00bb border_width=\u00bb4&#8243;][\/vc_column][\/vc_row][vc_row][vc_column width=\u00bb1\/4&#8243; offset=\u00bbvc_hidden-sm vc_hidden-xs\u00bb][vc_single_image image=\u00bb3044&#8243; img_size=\u00bbmedium\u00bb alignment=\u00bbcenter\u00bb style=\u00bbvc_box_shadow_3d\u00bb onclick=\u00bbcustom_link\u00bb css=\u00bb.vc_custom_1590826546564{margin-top: -40px !important;}\u00bb link=\u00bbhttps:\/\/mugardos.gal\/es\/persoal-facenda-e-participacion\/rexistro-de-asociacions-municipais\/\u00bb][vc_row_inner][vc_column_inner][vc_single_image image=\u00bb3040&#8243; img_size=\u00bbmedium\u00bb alignment=\u00bbcenter\u00bb style=\u00bbvc_box_shadow_3d\u00bb onclick=\u00bbcustom_link\u00bb css_animation=\u00bbnone\u00bb css=\u00bb.vc_custom_1590826523211{margin-top: px !important;}\u00bb link=\u00bbhttps:\/\/mugardos.gal\/es\/persoal-facenda-e-participacion\/contacto-co-departamento-de-persoal-facenda-e-participacion\/\u00bb][vc_single_image image=\u00bb3038&#8243; img_size=\u00bbmedium\u00bb alignment=\u00bbcenter\u00bb style=\u00bbvc_box_shadow_3d\u00bb onclick=\u00bbcustom_link\u00bb css=\u00bb.vc_custom_1590231948612{margin-top: -40px !important;}\u00bb link=\u00bbhttps:\/\/sede.mugardos.gal\/opencms\/gl\/calendario_oficial\/\u00bb][vc_single_image image=\u00bb3042&#8243; img_size=\u00bbmedium\u00bb alignment=\u00bbcenter\u00bb style=\u00bbvc_box_shadow_3d\u00bb onclick=\u00bbcustom_link\u00bb css=\u00bb.vc_custom_1590231972847{margin-top: -40px !important;}\u00bb link=\u00bbhttps:\/\/www.dacoruna.gal\/concellos\/ordenanzas\/?utm_source=MenuGlobal&amp;utm_campaign=MenuCabecera&amp;utm_medium=Web\u00bb][vc_single_image image=\u00bb3034&#8243; img_size=\u00bbmedium\u00bb alignment=\u00bbcenter\u00bb style=\u00bbvc_box_shadow_3d\u00bb onclick=\u00bbcustom_link\u00bb css=\u00bb.vc_custom_1590826541320{margin-top: -40px !important;}\u00bb link=\u00bbhhttps:\/\/mugardos.gal\/es\/persoal-facenda-e-participacion\/bonificacions-e-exencions-taxas-de-auga-lixo-sumidoiros-e-edar\/\u00bb][vc_single_image image=\u00bb3036&#8243; img_size=\u00bbmedium\u00bb [&hellip;]","og_url":"https:\/\/mugardos.gal\/es\/personal-hacienda-y-participacion\/contacto-con-el-departamento-de-personal-hacienda-y-participacion\/","og_site_name":"Concello de Mugardos","article_modified_time":"2025-09-30T13:37:19+00:00","og_image":[{"url":"https:\/\/mugardos.gal\/wp-content\/uploads\/2020\/03\/telefono.png"}],"twitter_card":"summary_large_image","twitter_misc":{"Tiempo de lectura":"2 minutos"},"schema":{"@context":"https:\/\/schema.org","@graph":[{"@type":"WebSite","@id":"https:\/\/mugardos.gal\/#website","url":"https:\/\/mugardos.gal\/","name":"Concello de Mugardos","description":"","potentialAction":[{"@type":"SearchAction","target":{"@type":"EntryPoint","urlTemplate":"https:\/\/mugardos.gal\/?s={search_term_string}"},"query-input":"required name=search_term_string"}],"inLanguage":"es"},{"@type":"ImageObject","inLanguage":"es","@id":"https:\/\/mugardos.gal\/es\/personal-hacienda-y-participacion\/contacto-con-el-departamento-de-personal-hacienda-y-participacion\/#primaryimage","url":"https:\/\/mugardos.gal\/wp-content\/uploads\/2020\/03\/telefono.png","contentUrl":"https:\/\/mugardos.gal\/wp-content\/uploads\/2020\/03\/telefono.png","width":100,"height":100},{"@type":"WebPage","@id":"https:\/\/mugardos.gal\/es\/personal-hacienda-y-participacion\/contacto-con-el-departamento-de-personal-hacienda-y-participacion\/#webpage","url":"https:\/\/mugardos.gal\/es\/personal-hacienda-y-participacion\/contacto-con-el-departamento-de-personal-hacienda-y-participacion\/","name":"CONTACTO CON EL DEPARTAMENTO DE PERSONAL, HACIENDA Y PARTICIPACI\u00d3N - Concello de Mugardos","isPartOf":{"@id":"https:\/\/mugardos.gal\/#website"},"primaryImageOfPage":{"@id":"https:\/\/mugardos.gal\/es\/personal-hacienda-y-participacion\/contacto-con-el-departamento-de-personal-hacienda-y-participacion\/#primaryimage"},"datePublished":"2020-03-25T19:46:37+00:00","dateModified":"2025-09-30T13:37:19+00:00","breadcrumb":{"@id":"https:\/\/mugardos.gal\/es\/personal-hacienda-y-participacion\/contacto-con-el-departamento-de-personal-hacienda-y-participacion\/#breadcrumb"},"inLanguage":"es","potentialAction":[{"@type":"ReadAction","target":["https:\/\/mugardos.gal\/es\/personal-hacienda-y-participacion\/contacto-con-el-departamento-de-personal-hacienda-y-participacion\/"]}]},{"@type":"BreadcrumbList","@id":"https:\/\/mugardos.gal\/es\/personal-hacienda-y-participacion\/contacto-con-el-departamento-de-personal-hacienda-y-participacion\/#breadcrumb","itemListElement":[{"@type":"ListItem","position":1,"name":"Portada","item":"https:\/\/mugardos.gal\/es\/"},{"@type":"ListItem","position":2,"name":"PERSONAL, HACIENDA Y PARTICIPACI\u00d3N","item":"https:\/\/mugardos.gal\/es\/personal-hacienda-y-participacion\/"},{"@type":"ListItem","position":3,"name":"CONTACTO CON EL DEPARTAMENTO DE PERSONAL, HACIENDA Y PARTICIPACI\u00d3N"}]}]}},"_links":{"self":[{"href":"https:\/\/mugardos.gal\/es\/wp-json\/wp\/v2\/pages\/818"}],"collection":[{"href":"https:\/\/mugardos.gal\/es\/wp-json\/wp\/v2\/pages"}],"about":[{"href":"https:\/\/mugardos.gal\/es\/wp-json\/wp\/v2\/types\/page"}],"author":[{"embeddable":true,"href":"https:\/\/mugardos.gal\/es\/wp-json\/wp\/v2\/users\/4"}],"replies":[{"embeddable":true,"href":"https:\/\/mugardos.gal\/es\/wp-json\/wp\/v2\/comments?post=818"}],"version-history":[{"count":1,"href":"https:\/\/mugardos.gal\/es\/wp-json\/wp\/v2\/pages\/818\/revisions"}],"predecessor-version":[{"id":24755,"href":"https:\/\/mugardos.gal\/es\/wp-json\/wp\/v2\/pages\/818\/revisions\/24755"}],"up":[{"embeddable":true,"href":"https:\/\/mugardos.gal\/es\/wp-json\/wp\/v2\/pages\/723"}],"wp:attachment":[{"href":"https:\/\/mugardos.gal\/es\/wp-json\/wp\/v2\/media?parent=818"}],"curies":[{"name":"wp","href":"https:\/\/api.w.org\/{rel}","templated":true}]}}