{"id":8169,"date":"2020-06-11T10:40:19","date_gmt":"2020-06-11T08:40:19","guid":{"rendered":"https:\/\/mugardos.gal\/mugardos-en-linea\/"},"modified":"2020-06-16T17:53:33","modified_gmt":"2020-06-16T15:53:33","slug":"mugardos-en-linea","status":"publish","type":"page","link":"https:\/\/mugardos.gal\/es\/personal-hacienda-y-participacion\/mugardos-en-linea\/","title":{"rendered":"MUGARDOS EN LINEA"},"content":{"rendered":"<p>[vc_row][vc_column][vc_separator color=\u00bbmulled_wine\u00bb style=\u00bbshadow\u00bb border_width=\u00bb4&#8243;][\/vc_column][\/vc_row][vc_row][vc_column width=\u00bb1\/4&#8243; offset=\u00bbvc_hidden-sm vc_hidden-xs\u00bb][vc_row_inner][vc_column_inner][vc_single_image image=\u00bb3040&#8243; img_size=\u00bbmedium\u00bb alignment=\u00bbcenter\u00bb style=\u00bbvc_box_shadow_3d\u00bb onclick=\u00bbcustom_link\u00bb css_animation=\u00bbnone\u00bb css=\u00bb.vc_custom_1592322777661{margin-top: px !important;}\u00bb link=\u00bbhttps:\/\/mugardos.gal\/es\/persoal-facenda-e-participacion\/contacto-co-departamento-de-persoal-facenda-e-participacion\/\u00bb][vc_single_image image=\u00bb3038&#8243; img_size=\u00bbmedium\u00bb alignment=\u00bbcenter\u00bb style=\u00bbvc_box_shadow_3d\u00bb onclick=\u00bbcustom_link\u00bb css=\u00bb.vc_custom_1591027358238{margin-top: -40px !important;}\u00bb link=\u00bbhttps:\/\/sede.concellodemugardos.gal\/opencms\/gl\/calendario_oficial\/\u00bb][vc_single_image image=\u00bb3042&#8243; img_size=\u00bbmedium\u00bb alignment=\u00bbcenter\u00bb style=\u00bbvc_box_shadow_3d\u00bb onclick=\u00bbcustom_link\u00bb css=\u00bb.vc_custom_1590231972847{margin-top: -40px !important;}\u00bb link=\u00bbhttps:\/\/www.dacoruna.gal\/concellos\/ordenanzas\/?utm_source=MenuGlobal&amp;utm_campaign=MenuCabecera&amp;utm_medium=Web\u00bb][vc_single_image image=\u00bb3034&#8243; img_size=\u00bbmedium\u00bb alignment=\u00bbcenter\u00bb style=\u00bbvc_box_shadow_3d\u00bb onclick=\u00bbcustom_link\u00bb css=\u00bb.vc_custom_1592322796579{margin-top: -40px !important;}\u00bb link=\u00bbhttps:\/\/mugardos.gal\/es\/persoal-facenda-e-participacion\/bonificacions-e-exencions-taxas-de-auga-lixo-sumidoiros-e-edar\/\u00bb][vc_single_image image=\u00bb3044&#8243; img_size=\u00bbmedium\u00bb alignment=\u00bbcenter\u00bb style=\u00bbvc_box_shadow_3d\u00bb onclick=\u00bbcustom_link\u00bb css=\u00bb.vc_custom_1592322804725{margin-top: -40px !important;}\u00bb link=\u00bbhttps:\/\/mugardos.gal\/es\/persoal-facenda-e-participacion\/rexistro-de-asociacions-municipais\/\u00bb][vc_single_image image=\u00bb3036&#8243; img_size=\u00bbmedium\u00bb alignment=\u00bbcenter\u00bb style=\u00bbvc_box_shadow_3d\u00bb onclick=\u00bbcustom_link\u00bb css=\u00bb.vc_custom_1592322811683{margin-top: -40px !important;}\u00bb link=\u00bbhttps:\/\/mugardos.gal\/es\/buzon-de-suxestions\/\u00bb][vc_column_text]\n<!-- PRESSVILLE EVENTS : begin -->\n<section class=\"lsvr-pressville-post-grid lsvr-pressville-post-grid--events lsvr-pressville-post-grid--layout-title-top lsvr-pressville-post-grid--dark-bg\"\n    >\n    <div class=\"lsvr-pressville-post-grid__inner\">\n        <div class=\"lsvr-container\">\n            <div class=\"lsvr-pressville-post-grid__content\">\n\n                \n                    <p class=\"c-alert-message\">No hay eventos<\/p>\n\n                \n            <\/div>\n        <\/div>\n    <\/div>\n<\/section>\n<!-- PRESSVILLE EVENTS : end -->\n\n[\/vc_column_text][\/vc_column_inner][\/vc_row_inner][\/vc_column][vc_column width=\u00bb3\/4&#8243;][vc_column_text]\n<div class=\"vc_row wpb_row vc_row-fluid\">\n<div class=\"wpb_column vc_column_container vc_col-sm-12\">\n<div class=\"vc_column-inner\">\n<div class=\"wpb_wrapper\">\n<div class=\"wpb_text_column wpb_content_element \">\n<div class=\"wpb_wrapper\">\n<div class=\"vc_row wpb_row vc_row-fluid\">\n<div class=\"wpb_column vc_column_container vc_col-sm-12\">\n<div class=\"vc_column-inner\">\n<div class=\"wpb_wrapper\">\n<div class=\"wpb_text_column wpb_content_element \">\n<div class=\"wpb_wrapper\">\n<p>El Ayuntamiento de Mugardos pone en marcha una nueva v\u00eda de comunicaci\u00f3n con los vecinos y vecinas, \u201cMugardos en L\u00ednea\u201d, una herramienta \u00e1gil, r\u00e1pida y sin coste para recibir informaci\u00f3n sobre noticias, agenda y servicios p\u00fablicos a trav\u00e9s de la aplicaci\u00f3n WhatsApp.<\/p>\n<p><strong>ALTA Y BAJA EN EL SERVICIO<\/strong><\/p>\n<p>Para\u00a0<strong>darse de alta<\/strong>\u00a0los interesadas deben seguir estos pasos:<\/p>\n<ol>\n<li>Guardar en su lista de contactos el n\u00famero\u00a0<strong>638 167 088<\/strong>\u00a0con el nombre \u201cMugardos en L\u00ednea\u201d.<\/li>\n<li>Enviar un whatsapp al contacto \u201cMugardos en L\u00ednea\u201d con el texto \u201cAlta Informaci\u00f3n Ayuntamiento de Mugardos\u201d.<\/li>\n<\/ol>\n<p>Se le enviar\u00e1 entonces al usuario un mensaje confirmando su alta, y a partir de ese momento comenzar\u00e1 a recibir informaci\u00f3n sobre noticias, actividades, programaci\u00f3n cultural y otra informaci\u00f3n municipal.<\/p>\n<p>Para\u00a0<strong>darse de baja<\/strong>\u00a0el usuario deber\u00e1 enviar un whatsapp al contacto \u201cMugardos en L\u00ednea\u201d con el texto \u201cBaja informaci\u00f3n Concello de Mugardos\u201d. Desde ese momento, el usuario dejar\u00e1 de recibir informaci\u00f3n.<\/p>\n<p><strong>DIFUSI\u00d3N DE LA INFORMACI\u00d3N<\/strong><\/p>\n<p>La informaci\u00f3n a los usuarios se enviar\u00e1 de lunes a domingo, de 10.00 a 20.00 horas. En el caso de tratarse de una informaci\u00f3n de urgencia, emergencia o especial inter\u00e9s, se remitir\u00e1 en el momento oportuno.<\/p>\n<p>La informaci\u00f3n no se comunica mediante la creaci\u00f3n de uno o varios grupos de contactos, por lo tanto, aquellos que se den de alta en el servicio no conocer\u00e1n ni ver\u00e1n a trav\u00e9s de las comunicaciones recibidas informaci\u00f3n sobre el resto de los usuarios del servicio.<\/p>\n<p>La difusi\u00f3n de la informaci\u00f3n a los usuarios de este servicio se realiza bajo la propiedad del Ayuntamiento de Mugardos, que es el propietario del servicio. A trav\u00e9s de este canal s\u00f3lo recibir\u00e1 los mensajes enviados por el Ayuntamiento.<\/p>\n<p><strong>NORMAS DE USO<\/strong><\/p>\n<p>Puntualmente, el ayuntamiento podr\u00e1 remitir alg\u00fan mensaje para solicitar la opini\u00f3n de los usuarios sobre el servicio con la finalidad de mejorarlo.<\/p>\n<p>El env\u00edo de mensajes inadecuados o reiterados al contacto del ayuntamiento por parte de alg\u00fan usuario supondr\u00e1 su\u00a0<strong>baja autom\u00e1tica<\/strong>\u00a0por el administrador del servicio.<\/p>\n<p>El usuario se compremete a notificar cualquier variaci\u00f3n en los datos facilitados, en especial en el caso de cambio de n\u00famero de tel\u00e9fono m\u00f3vil, que afecte a la recepci\u00f3n de las comunicaci\u00f3n electr\u00f3nicas solicitadas.<\/p>\n<p>El env\u00edo del mensaje de alta al m\u00f3vil del ayuntamiento supone la aceptaci\u00f3n de las condiciones y normas de uso del servicio y de WhatsApp (puede consultar las normas de uso de WhatsApp en el siguiente enlace):<\/p>\n<p><img loading=\"lazy\" class=\"alignnone wp-image-602\" src=\"https:\/\/mugardos.gal\/wp-content\/uploads\/2020\/03\/web.png\" alt=\"\" width=\"30\" height=\"30\" \/>\u00a0<a href=\"https:\/\/www.whatsapp.com\/legal\/?l=es\">IR AL ENLACE informaci\u00f3n de uso de WhatsApp<\/a><\/p>\n<p>Si est\u00e1 viendo esta p\u00e1gina con el tel\u00e9fono y desea activar el servicio ponemos a su disposici\u00f3n el siguiente enlace:<\/p>\n<\/div>\n<\/div>\n<\/div>\n<\/div>\n<\/div>\n<\/div>\n<div class=\"vc_row wpb_row vc_row-fluid\">\n<div class=\"wpb_column vc_column_container vc_col-sm-12\">\n<div class=\"vc_column-inner\">\n<div class=\"wpb_wrapper\">\n<div class=\"wpb_text_column wpb_content_element \">\n<div class=\"wpb_wrapper\">\n<p><img loading=\"lazy\" class=\"alignnone wp-image-594\" src=\"https:\/\/mugardos.gal\/wp-content\/uploads\/2020\/03\/correo.png\" alt=\"\" width=\"30\" height=\"23\" \/>\u00a0<a href=\"https:\/\/api.whatsapp.com\/send?phone=34638167088&amp;text=Alta%20informaci%C3%B3n%20Concello%20de%20Mugardos\"><b>Mandar mensaje de activaci\u00f3n a Mugardos en L\u00ednea<\/b><\/a><\/p>\n<\/div>\n<\/div>\n<\/div>\n<\/div>\n<\/div>\n<\/div>\n<\/div>\n<\/div>\n<\/div>\n<\/div>\n<\/div>\n<\/div>\n<p>[\/vc_column_text][\/vc_column][\/vc_row]\n","protected":false},"excerpt":{"rendered":"<p>[vc_row][vc_column][vc_separator color=\u00bbmulled_wine\u00bb style=\u00bbshadow\u00bb border_width=\u00bb4&#8243;][\/vc_column][\/vc_row][vc_row][vc_column width=\u00bb1\/4&#8243; offset=\u00bbvc_hidden-sm vc_hidden-xs\u00bb][vc_row_inner][vc_column_inner][vc_single_image image=\u00bb3040&#8243; img_size=\u00bbmedium\u00bb alignment=\u00bbcenter\u00bb style=\u00bbvc_box_shadow_3d\u00bb onclick=\u00bbcustom_link\u00bb css_animation=\u00bbnone\u00bb css=\u00bb.vc_custom_1592322777661{margin-top: px !important;}\u00bb link=\u00bbhttps:\/\/mugardos.gal\/es\/persoal-facenda-e-participacion\/contacto-co-departamento-de-persoal-facenda-e-participacion\/\u00bb][vc_single_image image=\u00bb3038&#8243; img_size=\u00bbmedium\u00bb alignment=\u00bbcenter\u00bb style=\u00bbvc_box_shadow_3d\u00bb onclick=\u00bbcustom_link\u00bb css=\u00bb.vc_custom_1591027358238{margin-top: -40px !important;}\u00bb link=\u00bbhttps:\/\/sede.concellodemugardos.gal\/opencms\/gl\/calendario_oficial\/\u00bb][vc_single_image image=\u00bb3042&#8243; img_size=\u00bbmedium\u00bb alignment=\u00bbcenter\u00bb style=\u00bbvc_box_shadow_3d\u00bb onclick=\u00bbcustom_link\u00bb css=\u00bb.vc_custom_1590231972847{margin-top: -40px !important;}\u00bb link=\u00bbhttps:\/\/www.dacoruna.gal\/concellos\/ordenanzas\/?utm_source=MenuGlobal&amp;utm_campaign=MenuCabecera&amp;utm_medium=Web\u00bb][vc_single_image image=\u00bb3034&#8243; img_size=\u00bbmedium\u00bb alignment=\u00bbcenter\u00bb style=\u00bbvc_box_shadow_3d\u00bb onclick=\u00bbcustom_link\u00bb css=\u00bb.vc_custom_1592322796579{margin-top: -40px !important;}\u00bb link=\u00bbhttps:\/\/mugardos.gal\/es\/persoal-facenda-e-participacion\/bonificacions-e-exencions-taxas-de-auga-lixo-sumidoiros-e-edar\/\u00bb][vc_single_image image=\u00bb3044&#8243; img_size=\u00bbmedium\u00bb alignment=\u00bbcenter\u00bb style=\u00bbvc_box_shadow_3d\u00bb onclick=\u00bbcustom_link\u00bb css=\u00bb.vc_custom_1592322804725{margin-top: -40px !important;}\u00bb link=\u00bbhttps:\/\/mugardos.gal\/es\/persoal-facenda-e-participacion\/rexistro-de-asociacions-municipais\/\u00bb][vc_single_image image=\u00bb3036&#8243; img_size=\u00bbmedium\u00bb [&hellip;]<\/p>\n","protected":false},"author":4,"featured_media":0,"parent":723,"menu_order":0,"comment_status":"closed","ping_status":"closed","template":"","meta":[],"yoast_head":"<!-- This site is optimized with the Yoast SEO plugin v18.9 - https:\/\/yoast.com\/wordpress\/plugins\/seo\/ -->\n<title>MUGARDOS EN LINEA - Concello de Mugardos<\/title>\n<meta name=\"robots\" content=\"index, follow, max-snippet:-1, max-image-preview:large, max-video-preview:-1\" \/>\n<link rel=\"canonical\" href=\"https:\/\/mugardos.gal\/es\/personal-hacienda-y-participacion\/mugardos-en-linea\/\" \/>\n<meta property=\"og:locale\" content=\"es_ES\" \/>\n<meta property=\"og:type\" content=\"article\" \/>\n<meta property=\"og:title\" content=\"MUGARDOS EN LINEA - Concello de Mugardos\" \/>\n<meta property=\"og:description\" content=\"[vc_row][vc_column][vc_separator color=\u00bbmulled_wine\u00bb style=\u00bbshadow\u00bb border_width=\u00bb4&#8243;][\/vc_column][\/vc_row][vc_row][vc_column width=\u00bb1\/4&#8243; offset=\u00bbvc_hidden-sm vc_hidden-xs\u00bb][vc_row_inner][vc_column_inner][vc_single_image image=\u00bb3040&#8243; img_size=\u00bbmedium\u00bb alignment=\u00bbcenter\u00bb style=\u00bbvc_box_shadow_3d\u00bb onclick=\u00bbcustom_link\u00bb css_animation=\u00bbnone\u00bb css=\u00bb.vc_custom_1592322777661{margin-top: px !important;}\u00bb link=\u00bbhttps:\/\/mugardos.gal\/es\/persoal-facenda-e-participacion\/contacto-co-departamento-de-persoal-facenda-e-participacion\/\u00bb][vc_single_image image=\u00bb3038&#8243; img_size=\u00bbmedium\u00bb alignment=\u00bbcenter\u00bb style=\u00bbvc_box_shadow_3d\u00bb onclick=\u00bbcustom_link\u00bb css=\u00bb.vc_custom_1591027358238{margin-top: -40px !important;}\u00bb link=\u00bbhttps:\/\/sede.concellodemugardos.gal\/opencms\/gl\/calendario_oficial\/\u00bb][vc_single_image image=\u00bb3042&#8243; img_size=\u00bbmedium\u00bb alignment=\u00bbcenter\u00bb style=\u00bbvc_box_shadow_3d\u00bb onclick=\u00bbcustom_link\u00bb css=\u00bb.vc_custom_1590231972847{margin-top: -40px !important;}\u00bb link=\u00bbhttps:\/\/www.dacoruna.gal\/concellos\/ordenanzas\/?utm_source=MenuGlobal&amp;utm_campaign=MenuCabecera&amp;utm_medium=Web\u00bb][vc_single_image image=\u00bb3034&#8243; img_size=\u00bbmedium\u00bb alignment=\u00bbcenter\u00bb style=\u00bbvc_box_shadow_3d\u00bb onclick=\u00bbcustom_link\u00bb css=\u00bb.vc_custom_1592322796579{margin-top: -40px !important;}\u00bb link=\u00bbhttps:\/\/mugardos.gal\/es\/persoal-facenda-e-participacion\/bonificacions-e-exencions-taxas-de-auga-lixo-sumidoiros-e-edar\/\u00bb][vc_single_image image=\u00bb3044&#8243; img_size=\u00bbmedium\u00bb alignment=\u00bbcenter\u00bb style=\u00bbvc_box_shadow_3d\u00bb onclick=\u00bbcustom_link\u00bb css=\u00bb.vc_custom_1592322804725{margin-top: -40px !important;}\u00bb link=\u00bbhttps:\/\/mugardos.gal\/es\/persoal-facenda-e-participacion\/rexistro-de-asociacions-municipais\/\u00bb][vc_single_image image=\u00bb3036&#8243; img_size=\u00bbmedium\u00bb [&hellip;]\" \/>\n<meta property=\"og:url\" content=\"https:\/\/mugardos.gal\/es\/personal-hacienda-y-participacion\/mugardos-en-linea\/\" \/>\n<meta property=\"og:site_name\" content=\"Concello de Mugardos\" \/>\n<meta property=\"article:modified_time\" content=\"2020-06-16T15:53:33+00:00\" \/>\n<meta property=\"og:image\" content=\"https:\/\/mugardos.gal\/wp-content\/uploads\/2020\/03\/web.png\" \/>\n<meta name=\"twitter:card\" content=\"summary_large_image\" \/>\n<meta name=\"twitter:label1\" content=\"Tiempo de lectura\" \/>\n\t<meta name=\"twitter:data1\" content=\"4 minutos\" \/>\n<script type=\"application\/ld+json\" class=\"yoast-schema-graph\">{\"@context\":\"https:\/\/schema.org\",\"@graph\":[{\"@type\":\"WebSite\",\"@id\":\"https:\/\/mugardos.gal\/#website\",\"url\":\"https:\/\/mugardos.gal\/\",\"name\":\"Concello de Mugardos\",\"description\":\"\",\"potentialAction\":[{\"@type\":\"SearchAction\",\"target\":{\"@type\":\"EntryPoint\",\"urlTemplate\":\"https:\/\/mugardos.gal\/?s={search_term_string}\"},\"query-input\":\"required name=search_term_string\"}],\"inLanguage\":\"es\"},{\"@type\":\"ImageObject\",\"inLanguage\":\"es\",\"@id\":\"https:\/\/mugardos.gal\/es\/personal-hacienda-y-participacion\/mugardos-en-linea\/#primaryimage\",\"url\":\"https:\/\/mugardos.gal\/wp-content\/uploads\/2020\/03\/web.png\",\"contentUrl\":\"https:\/\/mugardos.gal\/wp-content\/uploads\/2020\/03\/web.png\",\"width\":100,\"height\":100},{\"@type\":\"WebPage\",\"@id\":\"https:\/\/mugardos.gal\/es\/personal-hacienda-y-participacion\/mugardos-en-linea\/#webpage\",\"url\":\"https:\/\/mugardos.gal\/es\/personal-hacienda-y-participacion\/mugardos-en-linea\/\",\"name\":\"MUGARDOS EN LINEA - Concello de Mugardos\",\"isPartOf\":{\"@id\":\"https:\/\/mugardos.gal\/#website\"},\"primaryImageOfPage\":{\"@id\":\"https:\/\/mugardos.gal\/es\/personal-hacienda-y-participacion\/mugardos-en-linea\/#primaryimage\"},\"datePublished\":\"2020-06-11T08:40:19+00:00\",\"dateModified\":\"2020-06-16T15:53:33+00:00\",\"breadcrumb\":{\"@id\":\"https:\/\/mugardos.gal\/es\/personal-hacienda-y-participacion\/mugardos-en-linea\/#breadcrumb\"},\"inLanguage\":\"es\",\"potentialAction\":[{\"@type\":\"ReadAction\",\"target\":[\"https:\/\/mugardos.gal\/es\/personal-hacienda-y-participacion\/mugardos-en-linea\/\"]}]},{\"@type\":\"BreadcrumbList\",\"@id\":\"https:\/\/mugardos.gal\/es\/personal-hacienda-y-participacion\/mugardos-en-linea\/#breadcrumb\",\"itemListElement\":[{\"@type\":\"ListItem\",\"position\":1,\"name\":\"Portada\",\"item\":\"https:\/\/mugardos.gal\/es\/\"},{\"@type\":\"ListItem\",\"position\":2,\"name\":\"PERSONAL, HACIENDA Y PARTICIPACI\u00d3N\",\"item\":\"https:\/\/mugardos.gal\/es\/personal-hacienda-y-participacion\/\"},{\"@type\":\"ListItem\",\"position\":3,\"name\":\"MUGARDOS EN LINEA\"}]}]}<\/script>\n<!-- \/ Yoast SEO plugin. -->","yoast_head_json":{"title":"MUGARDOS EN LINEA - Concello de Mugardos","robots":{"index":"index","follow":"follow","max-snippet":"max-snippet:-1","max-image-preview":"max-image-preview:large","max-video-preview":"max-video-preview:-1"},"canonical":"https:\/\/mugardos.gal\/es\/personal-hacienda-y-participacion\/mugardos-en-linea\/","og_locale":"es_ES","og_type":"article","og_title":"MUGARDOS EN LINEA - Concello de Mugardos","og_description":"[vc_row][vc_column][vc_separator color=\u00bbmulled_wine\u00bb style=\u00bbshadow\u00bb border_width=\u00bb4&#8243;][\/vc_column][\/vc_row][vc_row][vc_column width=\u00bb1\/4&#8243; offset=\u00bbvc_hidden-sm vc_hidden-xs\u00bb][vc_row_inner][vc_column_inner][vc_single_image image=\u00bb3040&#8243; img_size=\u00bbmedium\u00bb alignment=\u00bbcenter\u00bb style=\u00bbvc_box_shadow_3d\u00bb onclick=\u00bbcustom_link\u00bb css_animation=\u00bbnone\u00bb css=\u00bb.vc_custom_1592322777661{margin-top: px !important;}\u00bb link=\u00bbhttps:\/\/mugardos.gal\/es\/persoal-facenda-e-participacion\/contacto-co-departamento-de-persoal-facenda-e-participacion\/\u00bb][vc_single_image image=\u00bb3038&#8243; img_size=\u00bbmedium\u00bb alignment=\u00bbcenter\u00bb style=\u00bbvc_box_shadow_3d\u00bb onclick=\u00bbcustom_link\u00bb css=\u00bb.vc_custom_1591027358238{margin-top: -40px !important;}\u00bb link=\u00bbhttps:\/\/sede.concellodemugardos.gal\/opencms\/gl\/calendario_oficial\/\u00bb][vc_single_image image=\u00bb3042&#8243; img_size=\u00bbmedium\u00bb alignment=\u00bbcenter\u00bb style=\u00bbvc_box_shadow_3d\u00bb onclick=\u00bbcustom_link\u00bb css=\u00bb.vc_custom_1590231972847{margin-top: -40px !important;}\u00bb link=\u00bbhttps:\/\/www.dacoruna.gal\/concellos\/ordenanzas\/?utm_source=MenuGlobal&amp;utm_campaign=MenuCabecera&amp;utm_medium=Web\u00bb][vc_single_image image=\u00bb3034&#8243; img_size=\u00bbmedium\u00bb alignment=\u00bbcenter\u00bb style=\u00bbvc_box_shadow_3d\u00bb onclick=\u00bbcustom_link\u00bb css=\u00bb.vc_custom_1592322796579{margin-top: -40px !important;}\u00bb link=\u00bbhttps:\/\/mugardos.gal\/es\/persoal-facenda-e-participacion\/bonificacions-e-exencions-taxas-de-auga-lixo-sumidoiros-e-edar\/\u00bb][vc_single_image image=\u00bb3044&#8243; img_size=\u00bbmedium\u00bb alignment=\u00bbcenter\u00bb style=\u00bbvc_box_shadow_3d\u00bb onclick=\u00bbcustom_link\u00bb css=\u00bb.vc_custom_1592322804725{margin-top: -40px !important;}\u00bb link=\u00bbhttps:\/\/mugardos.gal\/es\/persoal-facenda-e-participacion\/rexistro-de-asociacions-municipais\/\u00bb][vc_single_image image=\u00bb3036&#8243; img_size=\u00bbmedium\u00bb [&hellip;]","og_url":"https:\/\/mugardos.gal\/es\/personal-hacienda-y-participacion\/mugardos-en-linea\/","og_site_name":"Concello de Mugardos","article_modified_time":"2020-06-16T15:53:33+00:00","og_image":[{"url":"https:\/\/mugardos.gal\/wp-content\/uploads\/2020\/03\/web.png"}],"twitter_card":"summary_large_image","twitter_misc":{"Tiempo de lectura":"4 minutos"},"schema":{"@context":"https:\/\/schema.org","@graph":[{"@type":"WebSite","@id":"https:\/\/mugardos.gal\/#website","url":"https:\/\/mugardos.gal\/","name":"Concello de Mugardos","description":"","potentialAction":[{"@type":"SearchAction","target":{"@type":"EntryPoint","urlTemplate":"https:\/\/mugardos.gal\/?s={search_term_string}"},"query-input":"required name=search_term_string"}],"inLanguage":"es"},{"@type":"ImageObject","inLanguage":"es","@id":"https:\/\/mugardos.gal\/es\/personal-hacienda-y-participacion\/mugardos-en-linea\/#primaryimage","url":"https:\/\/mugardos.gal\/wp-content\/uploads\/2020\/03\/web.png","contentUrl":"https:\/\/mugardos.gal\/wp-content\/uploads\/2020\/03\/web.png","width":100,"height":100},{"@type":"WebPage","@id":"https:\/\/mugardos.gal\/es\/personal-hacienda-y-participacion\/mugardos-en-linea\/#webpage","url":"https:\/\/mugardos.gal\/es\/personal-hacienda-y-participacion\/mugardos-en-linea\/","name":"MUGARDOS EN LINEA - Concello de Mugardos","isPartOf":{"@id":"https:\/\/mugardos.gal\/#website"},"primaryImageOfPage":{"@id":"https:\/\/mugardos.gal\/es\/personal-hacienda-y-participacion\/mugardos-en-linea\/#primaryimage"},"datePublished":"2020-06-11T08:40:19+00:00","dateModified":"2020-06-16T15:53:33+00:00","breadcrumb":{"@id":"https:\/\/mugardos.gal\/es\/personal-hacienda-y-participacion\/mugardos-en-linea\/#breadcrumb"},"inLanguage":"es","potentialAction":[{"@type":"ReadAction","target":["https:\/\/mugardos.gal\/es\/personal-hacienda-y-participacion\/mugardos-en-linea\/"]}]},{"@type":"BreadcrumbList","@id":"https:\/\/mugardos.gal\/es\/personal-hacienda-y-participacion\/mugardos-en-linea\/#breadcrumb","itemListElement":[{"@type":"ListItem","position":1,"name":"Portada","item":"https:\/\/mugardos.gal\/es\/"},{"@type":"ListItem","position":2,"name":"PERSONAL, HACIENDA Y PARTICIPACI\u00d3N","item":"https:\/\/mugardos.gal\/es\/personal-hacienda-y-participacion\/"},{"@type":"ListItem","position":3,"name":"MUGARDOS EN LINEA"}]}]}},"_links":{"self":[{"href":"https:\/\/mugardos.gal\/es\/wp-json\/wp\/v2\/pages\/8169"}],"collection":[{"href":"https:\/\/mugardos.gal\/es\/wp-json\/wp\/v2\/pages"}],"about":[{"href":"https:\/\/mugardos.gal\/es\/wp-json\/wp\/v2\/types\/page"}],"author":[{"embeddable":true,"href":"https:\/\/mugardos.gal\/es\/wp-json\/wp\/v2\/users\/4"}],"replies":[{"embeddable":true,"href":"https:\/\/mugardos.gal\/es\/wp-json\/wp\/v2\/comments?post=8169"}],"version-history":[{"count":0,"href":"https:\/\/mugardos.gal\/es\/wp-json\/wp\/v2\/pages\/8169\/revisions"}],"up":[{"embeddable":true,"href":"https:\/\/mugardos.gal\/es\/wp-json\/wp\/v2\/pages\/723"}],"wp:attachment":[{"href":"https:\/\/mugardos.gal\/es\/wp-json\/wp\/v2\/media?parent=8169"}],"curies":[{"name":"wp","href":"https:\/\/api.w.org\/{rel}","templated":true}]}}