{"id":810,"date":"2020-03-25T21:43:15","date_gmt":"2020-03-25T19:43:15","guid":{"rendered":"https:\/\/mugardos.gal\/obras-servicios-y-medio-ambiente\/solicitud-de-vado\/"},"modified":"2020-09-23T11:45:51","modified_gmt":"2020-09-23T09:45:51","slug":"solicitud-de-vado","status":"publish","type":"page","link":"https:\/\/mugardos.gal\/es\/obras-servicios-y-medio-ambiente\/solicitud-de-vado\/","title":{"rendered":"SOLICITUD DE VADO"},"content":{"rendered":"<p>[vc_row][vc_column]\n<p>[vc_separator color=\u00bbmulled_wine\u00bb style=\u00bbshadow\u00bb border_width=\u00bb4&#8243;]\n<p>[\/vc_column][\/vc_row][vc_row][vc_column width=\u00bb1\/4&#8243; offset=\u00bbvc_hidden-sm vc_hidden-xs\u00bb][vc_row_inner][vc_column_inner][vc_single_image image=\u00bb2998&#8243; img_size=\u00bbmedium\u00bb alignment=\u00bbcenter\u00bb style=\u00bbvc_box_shadow_3d\u00bb onclick=\u00bbcustom_link\u00bb css_animation=\u00bbnone\u00bb link=\u00bbhttps:\/\/mugardos.gal\/obras-servizos-medio-ambiente\/contacto-co-departamento-obras-servizos-medio-ambiente\/\u00bb][vc_single_image image=\u00bb3008&#8243; img_size=\u00bbmedium\u00bb alignment=\u00bbcenter\u00bb style=\u00bbvc_box_shadow_3d\u00bb onclick=\u00bbcustom_link\u00bb css=\u00bb.vc_custom_1590228152748{margin-top: -40px !important;padding-top: px !important;}\u00bb link=\u00bbhttps:\/\/mugardos.gal\/obras-servizos-medio-ambiente\/solicitude-de-queima\/\u00bb][vc_single_image image=\u00bb3002&#8243; img_size=\u00bbmedium\u00bb alignment=\u00bbcenter\u00bb style=\u00bbvc_box_shadow_3d\u00bb onclick=\u00bbcustom_link\u00bb css=\u00bb.vc_custom_1590228168330{margin-top: -40px !important;}\u00bb link=\u00bbhttps:\/\/mugardos.gal\/obras-servizos-medio-ambiente\/informacion-sobre-reciclaxe\/\u00bb][vc_single_image image=\u00bb2994&#8243; img_size=\u00bbmedium\u00bb alignment=\u00bbcenter\u00bb style=\u00bbvc_box_shadow_3d\u00bb onclick=\u00bbcustom_link\u00bb css=\u00bb.vc_custom_1590228304835{margin-top: -40px !important;}\u00bb link=\u00bbhttps:\/\/mugardos.gal\/avisos-de-incidencias-e-avarias\/\u00bb][vc_single_image image=\u00bb3006&#8243; img_size=\u00bbmedium\u00bb alignment=\u00bbcenter\u00bb style=\u00bbvc_box_shadow_3d\u00bb onclick=\u00bbcustom_link\u00bb css=\u00bb.vc_custom_1590228310392{margin-top: -40px !important;}\u00bb link=\u00bbhttps:\/\/mugardos.gal\/obras-servizos-medio-ambiente\/solicitude-de-ocupacion-da-via-publica\/\u00bb][vc_single_image image=\u00bb3010&#8243; img_size=\u00bbmedium\u00bb alignment=\u00bbcenter\u00bb style=\u00bbvc_box_shadow_3d\u00bb onclick=\u00bbcustom_link\u00bb css=\u00bb.vc_custom_1590228347544{margin-top: -40px !important;}\u00bb link=\u00bbhttps:\/\/mugardos.gal\/obras-servizos-medio-ambiente\/solicitude-de-vao\/\u00bb][vc_single_image image=\u00bb2992&#8243; img_size=\u00bbmedium\u00bb alignment=\u00bbcenter\u00bb style=\u00bbvc_box_shadow_3d\u00bb onclick=\u00bbcustom_link\u00bb css=\u00bb.vc_custom_1590828420664{margin-top: -40px !important;}\u00bb link=\u00bbhttps:\/\/mugardos.gal\/obras-servizos-medio-ambiente\/aviso-de-vespa-velutina\/\u00bb][vc_single_image image=\u00bb3004&#8243; img_size=\u00bbmedium\u00bb alignment=\u00bbcenter\u00bb style=\u00bbvc_box_shadow_3d\u00bb onclick=\u00bbcustom_link\u00bb css=\u00bb.vc_custom_1590228238456{margin-top: -40px !important;}\u00bb link=\u00bbhttps:\/\/mugardos.gal\/obras-servizos-medio-ambiente\/policia-local\/\u00bb][vc_single_image image=\u00bb3000&#8243; img_size=\u00bbmedium\u00bb alignment=\u00bbcenter\u00bb style=\u00bbvc_box_shadow_3d\u00bb onclick=\u00bbcustom_link\u00bb css=\u00bb.vc_custom_1590228329553{margin-top: -40px !important;}\u00bb link=\u00bbhttps:\/\/mugardos.gal\/obras-servizos-medio-ambiente\/ges\/\u00bb][vc_single_image image=\u00bb2996&#8243; img_size=\u00bbmedium\u00bb alignment=\u00bbcenter\u00bb style=\u00bbvc_box_shadow_3d\u00bb onclick=\u00bbcustom_link\u00bb css=\u00bb.vc_custom_1590228365312{margin-top: -40px !important;}\u00bb link=\u00bbhttps:\/\/mugardos.gal\/buzon-de-suxestions\/\u00bb][vc_column_text]\n\n<!-- PRESSVILLE EVENTS : begin -->\n<section class=\"lsvr-pressville-post-grid lsvr-pressville-post-grid--events lsvr-pressville-post-grid--layout-title-top lsvr-pressville-post-grid--dark-bg\"\n    >\n    <div class=\"lsvr-pressville-post-grid__inner\">\n        <div class=\"lsvr-container\">\n            <div class=\"lsvr-pressville-post-grid__content\">\n\n                \n                    <p class=\"c-alert-message\">No hay eventos<\/p>\n\n                \n            <\/div>\n        <\/div>\n    <\/div>\n<\/section>\n<!-- PRESSVILLE EVENTS : end -->\n\n\n<p>[\/vc_column_text][\/vc_column_inner][\/vc_row_inner][\/vc_column][vc_column width=\u00bb3\/4&#8243;][vc_column_text]\n<p style=\"text-align: justify;\">Los vecinos y vecinas que deseen solicitar una licencia para la reserva de espacio para la entrada y salida de veh\u00edculos solicitada por aquellos propietarios y\/o poseedores leg\u00edtimos de los inmuebles a los que se les deba permitir facilitar por regla general el acceso de un veh\u00edculo al garaje de una vivienda, edificio, local, etc., deber\u00e1n realizar una solicitud de vado.<\/p>\n<p style=\"text-align: justify;\"><strong><em>INSTANCIA<\/em><\/strong><\/p>\n<p style=\"text-align: justify;\"><img loading=\"lazy\" class=\"alignnone wp-image-581\" src=\"https:\/\/mugardos.gal\/wp-content\/uploads\/2020\/03\/pdf.png\" alt=\"\" width=\"40\" height=\"40\" \/> <a href=\"https:\/\/mugardos.gal\/wp-content\/uploads\/2020\/09\/SOLICITUDE-DE-VAO-2020.pdf\">DESCARGAR PDF Instancia de solicitud de vado<\/a><\/p>\n<p style=\"text-align: justify;\"><strong><em>TRAMITACI\u00d3N Y REGISTRO<\/em><\/strong><\/p>\n<p style=\"text-align: justify;\">Previo a la presentaci\u00f3n de la instancia, la persona que desee realizar la solicitud deber\u00e1 realizar el pago de la tasa por la utilizaci\u00f3n privativa o el aprovechamiento especial del dominio p\u00fablico local.<\/p>\n<p style=\"text-align: justify;\">Una vez cumplimentada la instancia, aportada la documentaci\u00f3n requerida en la misma y abonada la tasa (debe adjuntarse a la documentaci\u00f3n el justificante del pago), toda esta documentaci\u00f3n deber\u00e1 ser registrada en el ayuntamiento por alguno de estos dos canales:<\/p>\n<ul>\n<li style=\"text-align: justify;\"><strong>Rexistro General de entrada: en las oficinas municipales<\/strong><\/li>\n<\/ul>\n<p style=\"padding-left: 40px; text-align: justify;\">\u00a0<img loading=\"lazy\" class=\"alignnone wp-image-596\" src=\"https:\/\/mugardos.gal\/wp-content\/uploads\/2020\/03\/direcci\u00f3n.png\" alt=\"\" width=\"30\" height=\"30\" \/> Avenida de Galicia n\u00ba 45, bajo<\/p>\n<p style=\"padding-left: 40px; text-align: justify;\">\u00a0<img loading=\"lazy\" class=\"alignnone wp-image-609\" src=\"https:\/\/mugardos.gal\/wp-content\/uploads\/2020\/03\/hora.png\" alt=\"\" width=\"30\" height=\"30\" \/> Horario de atenci\u00f3n: de lunes a viernes de 9.00 a 14.00 horas<\/p>\n<ul>\n<li style=\"text-align: justify;\"><strong>Sede electr\u00f3nica municipal: requiere identificaci\u00f3n digital<\/strong> (DNIe\/Certificado digital \u2013 Cl@ve PIN &#8211; Cl@ve permanente)<\/li>\n<\/ul>\n<p style=\"padding-left: 40px; text-align: justify;\">\u00a0<img loading=\"lazy\" class=\"alignnone wp-image-602\" src=\"https:\/\/mugardos.gal\/wp-content\/uploads\/2020\/03\/web.png\" alt=\"\" width=\"30\" height=\"30\" \/> <a href=\"https:\/\/sede.concellodemugardos.gal\/opencms\/gl\/\">IR AL ENLACE Acceder a la Sede electr\u00f3nica del Ayuntamiento de Mugardos<\/a><\/p>\n<p style=\"text-align: justify;\"><em>Se recuerda que no hace falta tener una autenticaci\u00f3n permanente en el ordenador o en el terminal telef\u00f3nico para la realizaci\u00f3n de tramitaciones online. Las personas interesadas podr\u00e1n solicitar de manera sencilla y segura una Cl@ve PIN temporal (de 24 horas) para la realizaci\u00f3n de cualquier tramitaci\u00f3n a trav\u00e9s de la sede electr\u00f3nica. En el siguiente enlace puede accederse a la p\u00e1gina web oficial para la solicitud de la Cl@ve PIN temporal (si es la primera vez que se solicita deber\u00e1 realizarse el registro como usuario previamente):<\/em><\/p>\n<p style=\"padding-left: 40px; text-align: justify;\">\u00a0<img loading=\"lazy\" class=\"alignnone wp-image-602\" src=\"https:\/\/mugardos.gal\/wp-content\/uploads\/2020\/03\/web.png\" alt=\"\" width=\"30\" height=\"30\" \/><a href=\"https:\/\/clave.gob.es\/clave_Home\/PIN24H.html\">IR AL ENLACE Obtenci\u00f3n de Cl@ve PIN temporal de 24 horas<\/a><\/p>\n<p style=\"padding-left: 40px;\"><img loading=\"lazy\" class=\"alignnone wp-image-602\" src=\"https:\/\/mugardos.gal\/wp-content\/uploads\/2020\/03\/web.png\" alt=\"\" width=\"30\" height=\"30\" \/> <a href=\"https:\/\/clave.gob.es\/clave_Home\/registro.html\">IR AL ENLACE Registro en Cl@ve<\/a><\/p>\n<p style=\"text-align: justify;\"><strong><em>NORMATIVA REGULADORA MUNICIPAL<br \/>\n<\/em><\/strong><\/p>\n<p style=\"text-align: justify;\">Existen una ordenanza municipal vigente que regula el pago que debe realizarse como paso previo para la tramitaci\u00f3n de la solicitud de vado:<\/p>\n<p style=\"text-align: justify;\"><img loading=\"lazy\" class=\"alignnone wp-image-581\" src=\"https:\/\/mugardos.gal\/wp-content\/uploads\/2020\/03\/pdf.png\" alt=\"\" width=\"40\" height=\"40\" \/> <a href=\"https:\/\/mugardos.gal\/wp-content\/uploads\/2020\/03\/Ordenanza-tasa-utilizaci\u00f3n-dominio-p\u00fablico-local.pdf\">DESCARGAR PDF Ordenanza fiscal n\u00ba 18, reguladora de las tasas por la utilizaci\u00f3n privativa o el aprovechamiento especial del dominio p\u00fablico local<\/a><\/p>\n<p>[\/vc_column_text][\/vc_column][\/vc_row]\n","protected":false},"excerpt":{"rendered":"<p>[vc_row][vc_column] [vc_separator color=\u00bbmulled_wine\u00bb style=\u00bbshadow\u00bb border_width=\u00bb4&#8243;] [\/vc_column][\/vc_row][vc_row][vc_column width=\u00bb1\/4&#8243; offset=\u00bbvc_hidden-sm vc_hidden-xs\u00bb][vc_row_inner][vc_column_inner][vc_single_image image=\u00bb2998&#8243; img_size=\u00bbmedium\u00bb alignment=\u00bbcenter\u00bb style=\u00bbvc_box_shadow_3d\u00bb onclick=\u00bbcustom_link\u00bb css_animation=\u00bbnone\u00bb link=\u00bbhttps:\/\/mugardos.gal\/obras-servizos-medio-ambiente\/contacto-co-departamento-obras-servizos-medio-ambiente\/\u00bb][vc_single_image image=\u00bb3008&#8243; img_size=\u00bbmedium\u00bb alignment=\u00bbcenter\u00bb style=\u00bbvc_box_shadow_3d\u00bb onclick=\u00bbcustom_link\u00bb css=\u00bb.vc_custom_1590228152748{margin-top: -40px !important;padding-top: px !important;}\u00bb link=\u00bbhttps:\/\/mugardos.gal\/obras-servizos-medio-ambiente\/solicitude-de-queima\/\u00bb][vc_single_image image=\u00bb3002&#8243; img_size=\u00bbmedium\u00bb alignment=\u00bbcenter\u00bb style=\u00bbvc_box_shadow_3d\u00bb onclick=\u00bbcustom_link\u00bb css=\u00bb.vc_custom_1590228168330{margin-top: -40px !important;}\u00bb link=\u00bbhttps:\/\/mugardos.gal\/obras-servizos-medio-ambiente\/informacion-sobre-reciclaxe\/\u00bb][vc_single_image image=\u00bb2994&#8243; img_size=\u00bbmedium\u00bb alignment=\u00bbcenter\u00bb style=\u00bbvc_box_shadow_3d\u00bb onclick=\u00bbcustom_link\u00bb css=\u00bb.vc_custom_1590228304835{margin-top: -40px !important;}\u00bb link=\u00bbhttps:\/\/mugardos.gal\/avisos-de-incidencias-e-avarias\/\u00bb][vc_single_image image=\u00bb3006&#8243; img_size=\u00bbmedium\u00bb alignment=\u00bbcenter\u00bb style=\u00bbvc_box_shadow_3d\u00bb onclick=\u00bbcustom_link\u00bb css=\u00bb.vc_custom_1590228310392{margin-top: -40px !important;}\u00bb link=\u00bbhttps:\/\/mugardos.gal\/obras-servizos-medio-ambiente\/solicitude-de-ocupacion-da-via-publica\/\u00bb][vc_single_image image=\u00bb3010&#8243; [&hellip;]<\/p>\n","protected":false},"author":4,"featured_media":0,"parent":697,"menu_order":0,"comment_status":"closed","ping_status":"closed","template":"","meta":[],"yoast_head":"<!-- This site is optimized with the Yoast SEO plugin v18.9 - https:\/\/yoast.com\/wordpress\/plugins\/seo\/ -->\n<title>SOLICITUD DE VADO - Concello de Mugardos<\/title>\n<meta name=\"robots\" content=\"index, follow, max-snippet:-1, max-image-preview:large, max-video-preview:-1\" \/>\n<link rel=\"canonical\" href=\"https:\/\/mugardos.gal\/es\/obras-servicios-y-medio-ambiente\/solicitud-de-vado\/\" \/>\n<meta property=\"og:locale\" content=\"es_ES\" \/>\n<meta property=\"og:type\" content=\"article\" \/>\n<meta property=\"og:title\" content=\"SOLICITUD DE VADO - Concello de Mugardos\" \/>\n<meta property=\"og:description\" content=\"[vc_row][vc_column] [vc_separator color=\u00bbmulled_wine\u00bb style=\u00bbshadow\u00bb border_width=\u00bb4&#8243;] [\/vc_column][\/vc_row][vc_row][vc_column width=\u00bb1\/4&#8243; offset=\u00bbvc_hidden-sm vc_hidden-xs\u00bb][vc_row_inner][vc_column_inner][vc_single_image image=\u00bb2998&#8243; img_size=\u00bbmedium\u00bb alignment=\u00bbcenter\u00bb style=\u00bbvc_box_shadow_3d\u00bb onclick=\u00bbcustom_link\u00bb css_animation=\u00bbnone\u00bb link=\u00bbhttps:\/\/mugardos.gal\/obras-servizos-medio-ambiente\/contacto-co-departamento-obras-servizos-medio-ambiente\/\u00bb][vc_single_image image=\u00bb3008&#8243; img_size=\u00bbmedium\u00bb alignment=\u00bbcenter\u00bb style=\u00bbvc_box_shadow_3d\u00bb onclick=\u00bbcustom_link\u00bb css=\u00bb.vc_custom_1590228152748{margin-top: -40px !important;padding-top: px !important;}\u00bb link=\u00bbhttps:\/\/mugardos.gal\/obras-servizos-medio-ambiente\/solicitude-de-queima\/\u00bb][vc_single_image image=\u00bb3002&#8243; img_size=\u00bbmedium\u00bb alignment=\u00bbcenter\u00bb style=\u00bbvc_box_shadow_3d\u00bb onclick=\u00bbcustom_link\u00bb css=\u00bb.vc_custom_1590228168330{margin-top: -40px !important;}\u00bb link=\u00bbhttps:\/\/mugardos.gal\/obras-servizos-medio-ambiente\/informacion-sobre-reciclaxe\/\u00bb][vc_single_image image=\u00bb2994&#8243; img_size=\u00bbmedium\u00bb alignment=\u00bbcenter\u00bb style=\u00bbvc_box_shadow_3d\u00bb onclick=\u00bbcustom_link\u00bb css=\u00bb.vc_custom_1590228304835{margin-top: -40px !important;}\u00bb link=\u00bbhttps:\/\/mugardos.gal\/avisos-de-incidencias-e-avarias\/\u00bb][vc_single_image image=\u00bb3006&#8243; img_size=\u00bbmedium\u00bb alignment=\u00bbcenter\u00bb style=\u00bbvc_box_shadow_3d\u00bb onclick=\u00bbcustom_link\u00bb css=\u00bb.vc_custom_1590228310392{margin-top: -40px !important;}\u00bb link=\u00bbhttps:\/\/mugardos.gal\/obras-servizos-medio-ambiente\/solicitude-de-ocupacion-da-via-publica\/\u00bb][vc_single_image image=\u00bb3010&#8243; [&hellip;]\" \/>\n<meta property=\"og:url\" content=\"https:\/\/mugardos.gal\/es\/obras-servicios-y-medio-ambiente\/solicitud-de-vado\/\" \/>\n<meta property=\"og:site_name\" content=\"Concello de Mugardos\" \/>\n<meta property=\"article:modified_time\" content=\"2020-09-23T09:45:51+00:00\" \/>\n<meta property=\"og:image\" content=\"https:\/\/mugardos.gal\/wp-content\/uploads\/2020\/03\/pdf.png\" \/>\n<meta name=\"twitter:card\" content=\"summary_large_image\" \/>\n<meta name=\"twitter:label1\" content=\"Tiempo de lectura\" \/>\n\t<meta name=\"twitter:data1\" content=\"4 minutos\" \/>\n<script type=\"application\/ld+json\" class=\"yoast-schema-graph\">{\"@context\":\"https:\/\/schema.org\",\"@graph\":[{\"@type\":\"WebSite\",\"@id\":\"https:\/\/mugardos.gal\/#website\",\"url\":\"https:\/\/mugardos.gal\/\",\"name\":\"Concello de Mugardos\",\"description\":\"\",\"potentialAction\":[{\"@type\":\"SearchAction\",\"target\":{\"@type\":\"EntryPoint\",\"urlTemplate\":\"https:\/\/mugardos.gal\/?s={search_term_string}\"},\"query-input\":\"required name=search_term_string\"}],\"inLanguage\":\"es\"},{\"@type\":\"ImageObject\",\"inLanguage\":\"es\",\"@id\":\"https:\/\/mugardos.gal\/es\/obras-servicios-y-medio-ambiente\/solicitud-de-vado\/#primaryimage\",\"url\":\"https:\/\/mugardos.gal\/wp-content\/uploads\/2020\/03\/pdf.png\",\"contentUrl\":\"https:\/\/mugardos.gal\/wp-content\/uploads\/2020\/03\/pdf.png\",\"width\":100,\"height\":100},{\"@type\":\"WebPage\",\"@id\":\"https:\/\/mugardos.gal\/es\/obras-servicios-y-medio-ambiente\/solicitud-de-vado\/#webpage\",\"url\":\"https:\/\/mugardos.gal\/es\/obras-servicios-y-medio-ambiente\/solicitud-de-vado\/\",\"name\":\"SOLICITUD DE VADO - Concello de Mugardos\",\"isPartOf\":{\"@id\":\"https:\/\/mugardos.gal\/#website\"},\"primaryImageOfPage\":{\"@id\":\"https:\/\/mugardos.gal\/es\/obras-servicios-y-medio-ambiente\/solicitud-de-vado\/#primaryimage\"},\"datePublished\":\"2020-03-25T19:43:15+00:00\",\"dateModified\":\"2020-09-23T09:45:51+00:00\",\"breadcrumb\":{\"@id\":\"https:\/\/mugardos.gal\/es\/obras-servicios-y-medio-ambiente\/solicitud-de-vado\/#breadcrumb\"},\"inLanguage\":\"es\",\"potentialAction\":[{\"@type\":\"ReadAction\",\"target\":[\"https:\/\/mugardos.gal\/es\/obras-servicios-y-medio-ambiente\/solicitud-de-vado\/\"]}]},{\"@type\":\"BreadcrumbList\",\"@id\":\"https:\/\/mugardos.gal\/es\/obras-servicios-y-medio-ambiente\/solicitud-de-vado\/#breadcrumb\",\"itemListElement\":[{\"@type\":\"ListItem\",\"position\":1,\"name\":\"Portada\",\"item\":\"https:\/\/mugardos.gal\/es\/\"},{\"@type\":\"ListItem\",\"position\":2,\"name\":\"OBRAS, SERVICIOS Y MEDIO AMBIENTE\",\"item\":\"https:\/\/mugardos.gal\/es\/obras-servicios-y-medio-ambiente\/\"},{\"@type\":\"ListItem\",\"position\":3,\"name\":\"SOLICITUD DE VADO\"}]}]}<\/script>\n<!-- \/ Yoast SEO plugin. -->","yoast_head_json":{"title":"SOLICITUD DE VADO - Concello de Mugardos","robots":{"index":"index","follow":"follow","max-snippet":"max-snippet:-1","max-image-preview":"max-image-preview:large","max-video-preview":"max-video-preview:-1"},"canonical":"https:\/\/mugardos.gal\/es\/obras-servicios-y-medio-ambiente\/solicitud-de-vado\/","og_locale":"es_ES","og_type":"article","og_title":"SOLICITUD DE VADO - Concello de Mugardos","og_description":"[vc_row][vc_column] [vc_separator color=\u00bbmulled_wine\u00bb style=\u00bbshadow\u00bb border_width=\u00bb4&#8243;] [\/vc_column][\/vc_row][vc_row][vc_column width=\u00bb1\/4&#8243; offset=\u00bbvc_hidden-sm vc_hidden-xs\u00bb][vc_row_inner][vc_column_inner][vc_single_image image=\u00bb2998&#8243; img_size=\u00bbmedium\u00bb alignment=\u00bbcenter\u00bb style=\u00bbvc_box_shadow_3d\u00bb onclick=\u00bbcustom_link\u00bb css_animation=\u00bbnone\u00bb link=\u00bbhttps:\/\/mugardos.gal\/obras-servizos-medio-ambiente\/contacto-co-departamento-obras-servizos-medio-ambiente\/\u00bb][vc_single_image image=\u00bb3008&#8243; img_size=\u00bbmedium\u00bb alignment=\u00bbcenter\u00bb style=\u00bbvc_box_shadow_3d\u00bb onclick=\u00bbcustom_link\u00bb css=\u00bb.vc_custom_1590228152748{margin-top: -40px !important;padding-top: px !important;}\u00bb link=\u00bbhttps:\/\/mugardos.gal\/obras-servizos-medio-ambiente\/solicitude-de-queima\/\u00bb][vc_single_image image=\u00bb3002&#8243; img_size=\u00bbmedium\u00bb alignment=\u00bbcenter\u00bb style=\u00bbvc_box_shadow_3d\u00bb onclick=\u00bbcustom_link\u00bb css=\u00bb.vc_custom_1590228168330{margin-top: -40px !important;}\u00bb link=\u00bbhttps:\/\/mugardos.gal\/obras-servizos-medio-ambiente\/informacion-sobre-reciclaxe\/\u00bb][vc_single_image image=\u00bb2994&#8243; img_size=\u00bbmedium\u00bb alignment=\u00bbcenter\u00bb style=\u00bbvc_box_shadow_3d\u00bb onclick=\u00bbcustom_link\u00bb css=\u00bb.vc_custom_1590228304835{margin-top: -40px !important;}\u00bb link=\u00bbhttps:\/\/mugardos.gal\/avisos-de-incidencias-e-avarias\/\u00bb][vc_single_image image=\u00bb3006&#8243; img_size=\u00bbmedium\u00bb alignment=\u00bbcenter\u00bb style=\u00bbvc_box_shadow_3d\u00bb onclick=\u00bbcustom_link\u00bb css=\u00bb.vc_custom_1590228310392{margin-top: -40px !important;}\u00bb link=\u00bbhttps:\/\/mugardos.gal\/obras-servizos-medio-ambiente\/solicitude-de-ocupacion-da-via-publica\/\u00bb][vc_single_image image=\u00bb3010&#8243; [&hellip;]","og_url":"https:\/\/mugardos.gal\/es\/obras-servicios-y-medio-ambiente\/solicitud-de-vado\/","og_site_name":"Concello de Mugardos","article_modified_time":"2020-09-23T09:45:51+00:00","og_image":[{"url":"https:\/\/mugardos.gal\/wp-content\/uploads\/2020\/03\/pdf.png"}],"twitter_card":"summary_large_image","twitter_misc":{"Tiempo de lectura":"4 minutos"},"schema":{"@context":"https:\/\/schema.org","@graph":[{"@type":"WebSite","@id":"https:\/\/mugardos.gal\/#website","url":"https:\/\/mugardos.gal\/","name":"Concello de Mugardos","description":"","potentialAction":[{"@type":"SearchAction","target":{"@type":"EntryPoint","urlTemplate":"https:\/\/mugardos.gal\/?s={search_term_string}"},"query-input":"required name=search_term_string"}],"inLanguage":"es"},{"@type":"ImageObject","inLanguage":"es","@id":"https:\/\/mugardos.gal\/es\/obras-servicios-y-medio-ambiente\/solicitud-de-vado\/#primaryimage","url":"https:\/\/mugardos.gal\/wp-content\/uploads\/2020\/03\/pdf.png","contentUrl":"https:\/\/mugardos.gal\/wp-content\/uploads\/2020\/03\/pdf.png","width":100,"height":100},{"@type":"WebPage","@id":"https:\/\/mugardos.gal\/es\/obras-servicios-y-medio-ambiente\/solicitud-de-vado\/#webpage","url":"https:\/\/mugardos.gal\/es\/obras-servicios-y-medio-ambiente\/solicitud-de-vado\/","name":"SOLICITUD DE VADO - Concello de Mugardos","isPartOf":{"@id":"https:\/\/mugardos.gal\/#website"},"primaryImageOfPage":{"@id":"https:\/\/mugardos.gal\/es\/obras-servicios-y-medio-ambiente\/solicitud-de-vado\/#primaryimage"},"datePublished":"2020-03-25T19:43:15+00:00","dateModified":"2020-09-23T09:45:51+00:00","breadcrumb":{"@id":"https:\/\/mugardos.gal\/es\/obras-servicios-y-medio-ambiente\/solicitud-de-vado\/#breadcrumb"},"inLanguage":"es","potentialAction":[{"@type":"ReadAction","target":["https:\/\/mugardos.gal\/es\/obras-servicios-y-medio-ambiente\/solicitud-de-vado\/"]}]},{"@type":"BreadcrumbList","@id":"https:\/\/mugardos.gal\/es\/obras-servicios-y-medio-ambiente\/solicitud-de-vado\/#breadcrumb","itemListElement":[{"@type":"ListItem","position":1,"name":"Portada","item":"https:\/\/mugardos.gal\/es\/"},{"@type":"ListItem","position":2,"name":"OBRAS, SERVICIOS Y MEDIO AMBIENTE","item":"https:\/\/mugardos.gal\/es\/obras-servicios-y-medio-ambiente\/"},{"@type":"ListItem","position":3,"name":"SOLICITUD DE VADO"}]}]}},"_links":{"self":[{"href":"https:\/\/mugardos.gal\/es\/wp-json\/wp\/v2\/pages\/810"}],"collection":[{"href":"https:\/\/mugardos.gal\/es\/wp-json\/wp\/v2\/pages"}],"about":[{"href":"https:\/\/mugardos.gal\/es\/wp-json\/wp\/v2\/types\/page"}],"author":[{"embeddable":true,"href":"https:\/\/mugardos.gal\/es\/wp-json\/wp\/v2\/users\/4"}],"replies":[{"embeddable":true,"href":"https:\/\/mugardos.gal\/es\/wp-json\/wp\/v2\/comments?post=810"}],"version-history":[{"count":0,"href":"https:\/\/mugardos.gal\/es\/wp-json\/wp\/v2\/pages\/810\/revisions"}],"up":[{"embeddable":true,"href":"https:\/\/mugardos.gal\/es\/wp-json\/wp\/v2\/pages\/697"}],"wp:attachment":[{"href":"https:\/\/mugardos.gal\/es\/wp-json\/wp\/v2\/media?parent=810"}],"curies":[{"name":"wp","href":"https:\/\/api.w.org\/{rel}","templated":true}]}}