{"id":807,"date":"2020-03-25T21:42:02","date_gmt":"2020-03-25T19:42:02","guid":{"rendered":"https:\/\/mugardos.gal\/obras-servicios-y-medio-ambiente\/policia-local\/"},"modified":"2020-05-31T21:58:34","modified_gmt":"2020-05-31T19:58:34","slug":"policia-local","status":"publish","type":"page","link":"https:\/\/mugardos.gal\/es\/obras-servicios-y-medio-ambiente\/policia-local\/","title":{"rendered":"POLIC\u00cdA LOCAL"},"content":{"rendered":"<p>[vc_row][vc_column][vc_separator color=\u00bbmulled_wine\u00bb style=\u00bbshadow\u00bb border_width=\u00bb4&#8243;][\/vc_column][\/vc_row][vc_row][vc_column width=\u00bb1\/4&#8243; offset=\u00bbvc_hidden-sm vc_hidden-xs\u00bb][vc_row_inner][vc_column_inner][vc_single_image image=\u00bb2998&#8243; img_size=\u00bbmedium\u00bb alignment=\u00bbcenter\u00bb style=\u00bbvc_box_shadow_3d\u00bb onclick=\u00bbcustom_link\u00bb css_animation=\u00bbnone\u00bb css=\u00bb.vc_custom_1590955061058{margin-top: -px !important;}\u00bb link=\u00bbhttps:\/\/mugardos.gal\/es\/obras-servizos-medio-ambiente\/contacto-co-departamento-obras-servizos-medio-ambiente\/\u00bb][vc_single_image image=\u00bb3008&#8243; img_size=\u00bbmedium\u00bb alignment=\u00bbcenter\u00bb style=\u00bbvc_box_shadow_3d\u00bb onclick=\u00bbcustom_link\u00bb css=\u00bb.vc_custom_1590955066348{margin-top: -40px !important;padding-top: px !important;}\u00bb link=\u00bbhttps:\/\/mugardos.gal\/es\/obras-servizos-medio-ambiente\/solicitude-de-queima\/\u00bb][vc_single_image image=\u00bb3002&#8243; img_size=\u00bbmedium\u00bb alignment=\u00bbcenter\u00bb style=\u00bbvc_box_shadow_3d\u00bb onclick=\u00bbcustom_link\u00bb css=\u00bb.vc_custom_1590955071314{margin-top: -40px !important;}\u00bb link=\u00bbhttps:\/\/mugardos.gal\/es\/obras-servizos-medio-ambiente\/informacion-sobre-reciclaxe\/\u00bb][vc_single_image image=\u00bb2994&#8243; img_size=\u00bbmedium\u00bb alignment=\u00bbcenter\u00bb style=\u00bbvc_box_shadow_3d\u00bb onclick=\u00bbcustom_link\u00bb css=\u00bb.vc_custom_1590955075768{margin-top: -40px !important;}\u00bb link=\u00bbhttps:\/\/mugardos.gal\/es\/avisos-de-incidencias-e-avarias\/\u00bb][vc_single_image image=\u00bb3006&#8243; img_size=\u00bbmedium\u00bb alignment=\u00bbcenter\u00bb style=\u00bbvc_box_shadow_3d\u00bb onclick=\u00bbcustom_link\u00bb css=\u00bb.vc_custom_1590955081724{margin-top: -40px !important;}\u00bb link=\u00bbhttps:\/\/mugardos.gal\/es\/obras-servizos-medio-ambiente\/solicitude-de-ocupacion-da-via-publica\/\u00bb][vc_single_image image=\u00bb3010&#8243; img_size=\u00bbmedium\u00bb alignment=\u00bbcenter\u00bb style=\u00bbvc_box_shadow_3d\u00bb onclick=\u00bbcustom_link\u00bb css=\u00bb.vc_custom_1590955087032{margin-top: -40px !important;}\u00bb link=\u00bbhttps:\/\/mugardos.gal\/es\/obras-servizos-medio-ambiente\/solicitude-de-vao\/\u00bb][vc_single_image image=\u00bb2992&#8243; img_size=\u00bbmedium\u00bb alignment=\u00bbcenter\u00bb style=\u00bbvc_box_shadow_3d\u00bb onclick=\u00bbcustom_link\u00bb css=\u00bb.vc_custom_1590955092114{margin-top: -40px !important;}\u00bb link=\u00bbhttps:\/\/mugardos.gal\/es\/obras-servizos-medio-ambiente\/aviso-de-vespa-velutina\/\u00bb][vc_single_image image=\u00bb3004&#8243; img_size=\u00bbmedium\u00bb alignment=\u00bbcenter\u00bb style=\u00bbvc_box_shadow_3d\u00bb onclick=\u00bbcustom_link\u00bb css=\u00bb.vc_custom_1590955103824{margin-top: -40px !important;}\u00bb link=\u00bbhttps:\/\/mugardos.gal\/es\/obras-servizos-medio-ambiente\/policia-local\/\u00bb][vc_single_image image=\u00bb3000&#8243; img_size=\u00bbmedium\u00bb alignment=\u00bbcenter\u00bb style=\u00bbvc_box_shadow_3d\u00bb onclick=\u00bbcustom_link\u00bb css=\u00bb.vc_custom_1590955109321{margin-top: -40px !important;}\u00bb link=\u00bbhttps:\/\/mugardos.gal\/es\/obras-servizos-medio-ambiente\/ges\/\u00bb][vc_single_image image=\u00bb2996&#8243; img_size=\u00bbmedium\u00bb alignment=\u00bbcenter\u00bb style=\u00bbvc_box_shadow_3d\u00bb onclick=\u00bbcustom_link\u00bb css=\u00bb.vc_custom_1590955115422{margin-top: -40px !important;}\u00bb link=\u00bbhttps:\/\/mugardos.gal\/es\/buzon-de-suxestions\/\u00bb][vc_column_text]\n<!-- PRESSVILLE EVENTS : begin -->\n<section class=\"lsvr-pressville-post-grid lsvr-pressville-post-grid--events lsvr-pressville-post-grid--layout-title-top lsvr-pressville-post-grid--dark-bg\"\n    >\n    <div class=\"lsvr-pressville-post-grid__inner\">\n        <div class=\"lsvr-container\">\n            <div class=\"lsvr-pressville-post-grid__content\">\n\n                \n                    <p class=\"c-alert-message\">No hay eventos<\/p>\n\n                \n            <\/div>\n        <\/div>\n    <\/div>\n<\/section>\n<!-- PRESSVILLE EVENTS : end -->\n\n[\/vc_column_text][\/vc_column_inner][\/vc_row_inner][\/vc_column][vc_column width=\u00bb3\/4&#8243;][vc_column_text]\n<p style=\"text-align: justify;\"><span style=\"color: #ff6600;\"><strong>\u00a0CONTACTO<\/strong><\/span><\/p>\n<p style=\"padding-left: 40px; text-align: justify;\"><img loading=\"lazy\" class=\"alignnone wp-image-596\" src=\"https:\/\/mugardos.gal\/wp-content\/uploads\/2020\/03\/direcci\u00f3n.png\" alt=\"\" width=\"30\" height=\"30\" \/> Avenida de Galicia 45 (acceso trasero de la casa del ayuntamiento)<\/p>\n<p style=\"padding-left: 40px; text-align: justify;\"><img loading=\"lazy\" class=\"alignnone wp-image-609\" src=\"https:\/\/mugardos.gal\/wp-content\/uploads\/2020\/03\/hora.png\" alt=\"\" width=\"30\" height=\"30\" \/> Horario de atenci\u00f3n: de lunes a viernes de 9.00 a 14.00 horas<\/p>\n<p style=\"padding-left: 40px; text-align: justify;\"><img loading=\"lazy\" class=\"alignnone wp-image-598\" src=\"https:\/\/mugardos.gal\/wp-content\/uploads\/2020\/03\/telefono.png\" alt=\"\" width=\"30\" height=\"30\" \/> 629 416 969<\/p>\n<p style=\"padding-left: 40px; text-align: justify;\"><img loading=\"lazy\" class=\"alignnone wp-image-598\" src=\"https:\/\/mugardos.gal\/wp-content\/uploads\/2020\/03\/telefono.png\" alt=\"\" width=\"30\" height=\"30\" \/> 981 470 290 (extensi\u00f3n #2006)<\/p>\n<p style=\"padding-left: 40px; text-align: justify;\"><img loading=\"lazy\" class=\"alignnone wp-image-594\" src=\"https:\/\/mugardos.gal\/wp-content\/uploads\/2020\/03\/correo.png\" alt=\"\" width=\"30\" height=\"23\" \/> <a href=\"mailto:juancarlos.garcia@mugardos.gal\">juancarlos.garcia@mugardos.gal<\/a><\/p>\n<p style=\"text-align: justify;\"><span style=\"color: #ff6600;\"><strong>FUNCIONES<\/strong><\/span><\/p>\n<p style=\"text-align: justify;\">Los Cuerpos de Polic\u00eda Local deber\u00e1n ejercer las siguientes funciones:<\/p>\n<ul style=\"text-align: justify;\">\n<li id=\"contenedor\" class=\"textarea unknown\">Proteger a las Autoridades de las Corporaciones Locales, y vigilancia o custodia de sus edificios e instalaciones.<\/li>\n<li class=\"textarea unknown\">Ordenar, se\u00f1alizar y dirigir el tr\u00e1fico en el casco urbano, de acuerdo con el establecido en las normas de circulaci\u00f3n.<br \/>\nInstruir atestados por accidentes de circulaci\u00f3n dentro del casco urbano.<\/li>\n<li class=\"textarea unknown\">Polic\u00eda Administrativa, en lo relativo a las Ordenanzas, Bandos y dem\u00e1s disposiciones municipales dentro del \u00e1mbito de su competencia.<\/li>\n<li>Participar en las funciones de Polic\u00eda Judicial, en la forma establecida en el art\u00edculo 29.2 de esta Ley.<\/li>\n<li>La prestaci\u00f3n de auxilio, en los casos de accidente, cat\u00e1strofe o calamidad p\u00fablica, participando, en la forma prevista en las Leyes, en la ejecuci\u00f3n de los planes de Protecci\u00f3n Civil.<\/li>\n<li>Efectuar diligencias de prevenci\u00f3n y cuantas actuaciones tiendan a evitar la comisi\u00f3n de actos delictivos en el marco de colaboraci\u00f3n establecido en las Juntas de Seguridad.<\/li>\n<li>Vigilar los espacios p\u00fablicos y colaborar con las Fuerzas y Cuerpos de Seguridad del Estado y con la Polic\u00eda de las Comunidades Aut\u00f3nomas en la protecci\u00f3n de las manifestaciones y el mantenimiento del orden en grandes concentraciones humanas, cuando sean requeridos para eso.<\/li>\n<li>Cooperar en la resoluci\u00f3n de los conflictos privados cuando sean requeridos para eso.<\/li>\n<\/ul>\n<p style=\"text-align: justify;\"><span style=\"color: #ff6600;\"><strong>NORMATIVA<\/strong><\/span><\/p>\n<p style=\"text-align: justify;\">Las funciones de la Polic\u00eda Local est\u00e1n reguladas por la Ley Org\u00e1nica 2\/1986, de 13 de marzo, de Fuerzas y Cuerpos de Seguridad:<\/p>\n<p style=\"padding-left: 40px; text-align: justify;\"><img loading=\"lazy\" class=\"alignnone wp-image-602\" src=\"https:\/\/mugardos.gal\/wp-content\/uploads\/2020\/03\/web.png\" alt=\"\" width=\"30\" height=\"30\" \/>\u00a0<a href=\"https:\/\/www.boe.es\/buscar\/act.php?lang=gl&amp;id=BOE-A-1986-6859&amp;tn=&amp;p=\">IR AL ENLACE BOE Ley Org\u00e1nica 2\/1986, de 13 de marzo, de Fuerzas y Cuerpos de Seguridad<\/a><\/p>\n<p>[\/vc_column_text][\/vc_column][\/vc_row]\n","protected":false},"excerpt":{"rendered":"<p>[vc_row][vc_column][vc_separator color=\u00bbmulled_wine\u00bb style=\u00bbshadow\u00bb border_width=\u00bb4&#8243;][\/vc_column][\/vc_row][vc_row][vc_column width=\u00bb1\/4&#8243; offset=\u00bbvc_hidden-sm vc_hidden-xs\u00bb][vc_row_inner][vc_column_inner][vc_single_image image=\u00bb2998&#8243; img_size=\u00bbmedium\u00bb alignment=\u00bbcenter\u00bb style=\u00bbvc_box_shadow_3d\u00bb onclick=\u00bbcustom_link\u00bb css_animation=\u00bbnone\u00bb css=\u00bb.vc_custom_1590955061058{margin-top: -px !important;}\u00bb link=\u00bbhttps:\/\/mugardos.gal\/es\/obras-servizos-medio-ambiente\/contacto-co-departamento-obras-servizos-medio-ambiente\/\u00bb][vc_single_image image=\u00bb3008&#8243; img_size=\u00bbmedium\u00bb alignment=\u00bbcenter\u00bb style=\u00bbvc_box_shadow_3d\u00bb onclick=\u00bbcustom_link\u00bb css=\u00bb.vc_custom_1590955066348{margin-top: -40px !important;padding-top: px !important;}\u00bb link=\u00bbhttps:\/\/mugardos.gal\/es\/obras-servizos-medio-ambiente\/solicitude-de-queima\/\u00bb][vc_single_image image=\u00bb3002&#8243; img_size=\u00bbmedium\u00bb alignment=\u00bbcenter\u00bb style=\u00bbvc_box_shadow_3d\u00bb onclick=\u00bbcustom_link\u00bb css=\u00bb.vc_custom_1590955071314{margin-top: -40px !important;}\u00bb link=\u00bbhttps:\/\/mugardos.gal\/es\/obras-servizos-medio-ambiente\/informacion-sobre-reciclaxe\/\u00bb][vc_single_image image=\u00bb2994&#8243; img_size=\u00bbmedium\u00bb alignment=\u00bbcenter\u00bb style=\u00bbvc_box_shadow_3d\u00bb onclick=\u00bbcustom_link\u00bb css=\u00bb.vc_custom_1590955075768{margin-top: -40px !important;}\u00bb link=\u00bbhttps:\/\/mugardos.gal\/es\/avisos-de-incidencias-e-avarias\/\u00bb][vc_single_image image=\u00bb3006&#8243; img_size=\u00bbmedium\u00bb alignment=\u00bbcenter\u00bb style=\u00bbvc_box_shadow_3d\u00bb onclick=\u00bbcustom_link\u00bb css=\u00bb.vc_custom_1590955081724{margin-top: -40px !important;}\u00bb link=\u00bbhttps:\/\/mugardos.gal\/es\/obras-servizos-medio-ambiente\/solicitude-de-ocupacion-da-via-publica\/\u00bb][vc_single_image [&hellip;]<\/p>\n","protected":false},"author":4,"featured_media":0,"parent":697,"menu_order":0,"comment_status":"closed","ping_status":"closed","template":"","meta":[],"yoast_head":"<!-- This site is optimized with the Yoast SEO plugin v18.9 - https:\/\/yoast.com\/wordpress\/plugins\/seo\/ -->\n<title>POLIC\u00cdA LOCAL - Concello de Mugardos<\/title>\n<meta name=\"robots\" content=\"index, follow, max-snippet:-1, max-image-preview:large, max-video-preview:-1\" \/>\n<link rel=\"canonical\" href=\"https:\/\/mugardos.gal\/es\/obras-servicios-y-medio-ambiente\/policia-local\/\" \/>\n<meta property=\"og:locale\" content=\"es_ES\" \/>\n<meta property=\"og:type\" content=\"article\" \/>\n<meta property=\"og:title\" content=\"POLIC\u00cdA LOCAL - Concello de Mugardos\" \/>\n<meta property=\"og:description\" content=\"[vc_row][vc_column][vc_separator color=\u00bbmulled_wine\u00bb style=\u00bbshadow\u00bb border_width=\u00bb4&#8243;][\/vc_column][\/vc_row][vc_row][vc_column width=\u00bb1\/4&#8243; offset=\u00bbvc_hidden-sm vc_hidden-xs\u00bb][vc_row_inner][vc_column_inner][vc_single_image image=\u00bb2998&#8243; img_size=\u00bbmedium\u00bb alignment=\u00bbcenter\u00bb style=\u00bbvc_box_shadow_3d\u00bb onclick=\u00bbcustom_link\u00bb css_animation=\u00bbnone\u00bb css=\u00bb.vc_custom_1590955061058{margin-top: -px !important;}\u00bb link=\u00bbhttps:\/\/mugardos.gal\/es\/obras-servizos-medio-ambiente\/contacto-co-departamento-obras-servizos-medio-ambiente\/\u00bb][vc_single_image image=\u00bb3008&#8243; img_size=\u00bbmedium\u00bb alignment=\u00bbcenter\u00bb style=\u00bbvc_box_shadow_3d\u00bb onclick=\u00bbcustom_link\u00bb css=\u00bb.vc_custom_1590955066348{margin-top: -40px !important;padding-top: px !important;}\u00bb link=\u00bbhttps:\/\/mugardos.gal\/es\/obras-servizos-medio-ambiente\/solicitude-de-queima\/\u00bb][vc_single_image image=\u00bb3002&#8243; img_size=\u00bbmedium\u00bb alignment=\u00bbcenter\u00bb style=\u00bbvc_box_shadow_3d\u00bb onclick=\u00bbcustom_link\u00bb css=\u00bb.vc_custom_1590955071314{margin-top: -40px !important;}\u00bb link=\u00bbhttps:\/\/mugardos.gal\/es\/obras-servizos-medio-ambiente\/informacion-sobre-reciclaxe\/\u00bb][vc_single_image image=\u00bb2994&#8243; img_size=\u00bbmedium\u00bb alignment=\u00bbcenter\u00bb style=\u00bbvc_box_shadow_3d\u00bb onclick=\u00bbcustom_link\u00bb css=\u00bb.vc_custom_1590955075768{margin-top: -40px !important;}\u00bb link=\u00bbhttps:\/\/mugardos.gal\/es\/avisos-de-incidencias-e-avarias\/\u00bb][vc_single_image image=\u00bb3006&#8243; img_size=\u00bbmedium\u00bb alignment=\u00bbcenter\u00bb style=\u00bbvc_box_shadow_3d\u00bb onclick=\u00bbcustom_link\u00bb css=\u00bb.vc_custom_1590955081724{margin-top: -40px !important;}\u00bb link=\u00bbhttps:\/\/mugardos.gal\/es\/obras-servizos-medio-ambiente\/solicitude-de-ocupacion-da-via-publica\/\u00bb][vc_single_image [&hellip;]\" \/>\n<meta property=\"og:url\" content=\"https:\/\/mugardos.gal\/es\/obras-servicios-y-medio-ambiente\/policia-local\/\" \/>\n<meta property=\"og:site_name\" content=\"Concello de Mugardos\" \/>\n<meta property=\"article:modified_time\" content=\"2020-05-31T19:58:34+00:00\" \/>\n<meta property=\"og:image\" content=\"https:\/\/mugardos.gal\/wp-content\/uploads\/2020\/03\/hora.png\" \/>\n<meta name=\"twitter:card\" content=\"summary_large_image\" \/>\n<meta name=\"twitter:label1\" content=\"Tiempo de lectura\" \/>\n\t<meta name=\"twitter:data1\" content=\"3 minutos\" \/>\n<script type=\"application\/ld+json\" class=\"yoast-schema-graph\">{\"@context\":\"https:\/\/schema.org\",\"@graph\":[{\"@type\":\"WebSite\",\"@id\":\"https:\/\/mugardos.gal\/#website\",\"url\":\"https:\/\/mugardos.gal\/\",\"name\":\"Concello de Mugardos\",\"description\":\"\",\"potentialAction\":[{\"@type\":\"SearchAction\",\"target\":{\"@type\":\"EntryPoint\",\"urlTemplate\":\"https:\/\/mugardos.gal\/?s={search_term_string}\"},\"query-input\":\"required name=search_term_string\"}],\"inLanguage\":\"es\"},{\"@type\":\"ImageObject\",\"inLanguage\":\"es\",\"@id\":\"https:\/\/mugardos.gal\/es\/obras-servicios-y-medio-ambiente\/policia-local\/#primaryimage\",\"url\":\"https:\/\/mugardos.gal\/wp-content\/uploads\/2020\/03\/hora.png\",\"contentUrl\":\"https:\/\/mugardos.gal\/wp-content\/uploads\/2020\/03\/hora.png\",\"width\":100,\"height\":100},{\"@type\":\"WebPage\",\"@id\":\"https:\/\/mugardos.gal\/es\/obras-servicios-y-medio-ambiente\/policia-local\/#webpage\",\"url\":\"https:\/\/mugardos.gal\/es\/obras-servicios-y-medio-ambiente\/policia-local\/\",\"name\":\"POLIC\u00cdA LOCAL - Concello de Mugardos\",\"isPartOf\":{\"@id\":\"https:\/\/mugardos.gal\/#website\"},\"primaryImageOfPage\":{\"@id\":\"https:\/\/mugardos.gal\/es\/obras-servicios-y-medio-ambiente\/policia-local\/#primaryimage\"},\"datePublished\":\"2020-03-25T19:42:02+00:00\",\"dateModified\":\"2020-05-31T19:58:34+00:00\",\"breadcrumb\":{\"@id\":\"https:\/\/mugardos.gal\/es\/obras-servicios-y-medio-ambiente\/policia-local\/#breadcrumb\"},\"inLanguage\":\"es\",\"potentialAction\":[{\"@type\":\"ReadAction\",\"target\":[\"https:\/\/mugardos.gal\/es\/obras-servicios-y-medio-ambiente\/policia-local\/\"]}]},{\"@type\":\"BreadcrumbList\",\"@id\":\"https:\/\/mugardos.gal\/es\/obras-servicios-y-medio-ambiente\/policia-local\/#breadcrumb\",\"itemListElement\":[{\"@type\":\"ListItem\",\"position\":1,\"name\":\"Portada\",\"item\":\"https:\/\/mugardos.gal\/es\/\"},{\"@type\":\"ListItem\",\"position\":2,\"name\":\"OBRAS, SERVICIOS Y MEDIO AMBIENTE\",\"item\":\"https:\/\/mugardos.gal\/es\/obras-servicios-y-medio-ambiente\/\"},{\"@type\":\"ListItem\",\"position\":3,\"name\":\"POLIC\u00cdA LOCAL\"}]}]}<\/script>\n<!-- \/ Yoast SEO plugin. -->","yoast_head_json":{"title":"POLIC\u00cdA LOCAL - Concello de Mugardos","robots":{"index":"index","follow":"follow","max-snippet":"max-snippet:-1","max-image-preview":"max-image-preview:large","max-video-preview":"max-video-preview:-1"},"canonical":"https:\/\/mugardos.gal\/es\/obras-servicios-y-medio-ambiente\/policia-local\/","og_locale":"es_ES","og_type":"article","og_title":"POLIC\u00cdA LOCAL - Concello de Mugardos","og_description":"[vc_row][vc_column][vc_separator color=\u00bbmulled_wine\u00bb style=\u00bbshadow\u00bb border_width=\u00bb4&#8243;][\/vc_column][\/vc_row][vc_row][vc_column width=\u00bb1\/4&#8243; offset=\u00bbvc_hidden-sm vc_hidden-xs\u00bb][vc_row_inner][vc_column_inner][vc_single_image image=\u00bb2998&#8243; img_size=\u00bbmedium\u00bb alignment=\u00bbcenter\u00bb style=\u00bbvc_box_shadow_3d\u00bb onclick=\u00bbcustom_link\u00bb css_animation=\u00bbnone\u00bb css=\u00bb.vc_custom_1590955061058{margin-top: -px !important;}\u00bb link=\u00bbhttps:\/\/mugardos.gal\/es\/obras-servizos-medio-ambiente\/contacto-co-departamento-obras-servizos-medio-ambiente\/\u00bb][vc_single_image image=\u00bb3008&#8243; img_size=\u00bbmedium\u00bb alignment=\u00bbcenter\u00bb style=\u00bbvc_box_shadow_3d\u00bb onclick=\u00bbcustom_link\u00bb css=\u00bb.vc_custom_1590955066348{margin-top: -40px !important;padding-top: px !important;}\u00bb link=\u00bbhttps:\/\/mugardos.gal\/es\/obras-servizos-medio-ambiente\/solicitude-de-queima\/\u00bb][vc_single_image image=\u00bb3002&#8243; img_size=\u00bbmedium\u00bb alignment=\u00bbcenter\u00bb style=\u00bbvc_box_shadow_3d\u00bb onclick=\u00bbcustom_link\u00bb css=\u00bb.vc_custom_1590955071314{margin-top: -40px !important;}\u00bb link=\u00bbhttps:\/\/mugardos.gal\/es\/obras-servizos-medio-ambiente\/informacion-sobre-reciclaxe\/\u00bb][vc_single_image image=\u00bb2994&#8243; img_size=\u00bbmedium\u00bb alignment=\u00bbcenter\u00bb style=\u00bbvc_box_shadow_3d\u00bb onclick=\u00bbcustom_link\u00bb css=\u00bb.vc_custom_1590955075768{margin-top: -40px !important;}\u00bb link=\u00bbhttps:\/\/mugardos.gal\/es\/avisos-de-incidencias-e-avarias\/\u00bb][vc_single_image image=\u00bb3006&#8243; img_size=\u00bbmedium\u00bb alignment=\u00bbcenter\u00bb style=\u00bbvc_box_shadow_3d\u00bb onclick=\u00bbcustom_link\u00bb css=\u00bb.vc_custom_1590955081724{margin-top: -40px !important;}\u00bb link=\u00bbhttps:\/\/mugardos.gal\/es\/obras-servizos-medio-ambiente\/solicitude-de-ocupacion-da-via-publica\/\u00bb][vc_single_image [&hellip;]","og_url":"https:\/\/mugardos.gal\/es\/obras-servicios-y-medio-ambiente\/policia-local\/","og_site_name":"Concello de Mugardos","article_modified_time":"2020-05-31T19:58:34+00:00","og_image":[{"url":"https:\/\/mugardos.gal\/wp-content\/uploads\/2020\/03\/hora.png"}],"twitter_card":"summary_large_image","twitter_misc":{"Tiempo de lectura":"3 minutos"},"schema":{"@context":"https:\/\/schema.org","@graph":[{"@type":"WebSite","@id":"https:\/\/mugardos.gal\/#website","url":"https:\/\/mugardos.gal\/","name":"Concello de Mugardos","description":"","potentialAction":[{"@type":"SearchAction","target":{"@type":"EntryPoint","urlTemplate":"https:\/\/mugardos.gal\/?s={search_term_string}"},"query-input":"required name=search_term_string"}],"inLanguage":"es"},{"@type":"ImageObject","inLanguage":"es","@id":"https:\/\/mugardos.gal\/es\/obras-servicios-y-medio-ambiente\/policia-local\/#primaryimage","url":"https:\/\/mugardos.gal\/wp-content\/uploads\/2020\/03\/hora.png","contentUrl":"https:\/\/mugardos.gal\/wp-content\/uploads\/2020\/03\/hora.png","width":100,"height":100},{"@type":"WebPage","@id":"https:\/\/mugardos.gal\/es\/obras-servicios-y-medio-ambiente\/policia-local\/#webpage","url":"https:\/\/mugardos.gal\/es\/obras-servicios-y-medio-ambiente\/policia-local\/","name":"POLIC\u00cdA LOCAL - Concello de Mugardos","isPartOf":{"@id":"https:\/\/mugardos.gal\/#website"},"primaryImageOfPage":{"@id":"https:\/\/mugardos.gal\/es\/obras-servicios-y-medio-ambiente\/policia-local\/#primaryimage"},"datePublished":"2020-03-25T19:42:02+00:00","dateModified":"2020-05-31T19:58:34+00:00","breadcrumb":{"@id":"https:\/\/mugardos.gal\/es\/obras-servicios-y-medio-ambiente\/policia-local\/#breadcrumb"},"inLanguage":"es","potentialAction":[{"@type":"ReadAction","target":["https:\/\/mugardos.gal\/es\/obras-servicios-y-medio-ambiente\/policia-local\/"]}]},{"@type":"BreadcrumbList","@id":"https:\/\/mugardos.gal\/es\/obras-servicios-y-medio-ambiente\/policia-local\/#breadcrumb","itemListElement":[{"@type":"ListItem","position":1,"name":"Portada","item":"https:\/\/mugardos.gal\/es\/"},{"@type":"ListItem","position":2,"name":"OBRAS, SERVICIOS Y MEDIO AMBIENTE","item":"https:\/\/mugardos.gal\/es\/obras-servicios-y-medio-ambiente\/"},{"@type":"ListItem","position":3,"name":"POLIC\u00cdA LOCAL"}]}]}},"_links":{"self":[{"href":"https:\/\/mugardos.gal\/es\/wp-json\/wp\/v2\/pages\/807"}],"collection":[{"href":"https:\/\/mugardos.gal\/es\/wp-json\/wp\/v2\/pages"}],"about":[{"href":"https:\/\/mugardos.gal\/es\/wp-json\/wp\/v2\/types\/page"}],"author":[{"embeddable":true,"href":"https:\/\/mugardos.gal\/es\/wp-json\/wp\/v2\/users\/4"}],"replies":[{"embeddable":true,"href":"https:\/\/mugardos.gal\/es\/wp-json\/wp\/v2\/comments?post=807"}],"version-history":[{"count":0,"href":"https:\/\/mugardos.gal\/es\/wp-json\/wp\/v2\/pages\/807\/revisions"}],"up":[{"embeddable":true,"href":"https:\/\/mugardos.gal\/es\/wp-json\/wp\/v2\/pages\/697"}],"wp:attachment":[{"href":"https:\/\/mugardos.gal\/es\/wp-json\/wp\/v2\/media?parent=807"}],"curies":[{"name":"wp","href":"https:\/\/api.w.org\/{rel}","templated":true}]}}