{"id":801,"date":"2020-03-25T16:51:39","date_gmt":"2020-03-25T14:51:39","guid":{"rendered":"https:\/\/mugardos.gal\/obras-servicios-y-medio-ambiente\/informacion-sobre-reciclaje\/"},"modified":"2020-05-31T21:55:08","modified_gmt":"2020-05-31T19:55:08","slug":"informacion-sobre-reciclaje","status":"publish","type":"page","link":"https:\/\/mugardos.gal\/es\/obras-servicios-y-medio-ambiente\/informacion-sobre-reciclaje\/","title":{"rendered":"INFORMACI\u00d3N SOBRE RECICLAJE"},"content":{"rendered":"<p>[vc_row][vc_column][vc_separator color=\u00bbmulled_wine\u00bb style=\u00bbshadow\u00bb border_width=\u00bb4&#8243;][\/vc_column][\/vc_row][vc_row][vc_column width=\u00bb1\/4&#8243; offset=\u00bbvc_hidden-sm vc_hidden-xs\u00bb][vc_row_inner][vc_column_inner][vc_single_image image=\u00bb2998&#8243; img_size=\u00bbmedium\u00bb alignment=\u00bbcenter\u00bb style=\u00bbvc_box_shadow_3d\u00bb onclick=\u00bbcustom_link\u00bb css_animation=\u00bbnone\u00bb css=\u00bb.vc_custom_1590954850864{margin-top: -px !important;}\u00bb link=\u00bbhttps:\/\/mugardos.gal\/es\/obras-servizos-medio-ambiente\/contacto-co-departamento-obras-servizos-medio-ambiente\/\u00bb][vc_single_image image=\u00bb3008&#8243; img_size=\u00bbmedium\u00bb alignment=\u00bbcenter\u00bb style=\u00bbvc_box_shadow_3d\u00bb onclick=\u00bbcustom_link\u00bb css=\u00bb.vc_custom_1590954857351{margin-top: -40px !important;padding-top: px !important;}\u00bb link=\u00bbhttps:\/\/mugardos.gal\/es\/obras-servizos-medio-ambiente\/solicitude-de-queima\/\u00bb][vc_single_image image=\u00bb3002&#8243; img_size=\u00bbmedium\u00bb alignment=\u00bbcenter\u00bb style=\u00bbvc_box_shadow_3d\u00bb onclick=\u00bbcustom_link\u00bb css=\u00bb.vc_custom_1590954863050{margin-top: -40px !important;}\u00bb link=\u00bbhttps:\/\/mugardos.gal\/es\/obras-servizos-medio-ambiente\/informacion-sobre-reciclaxe\/\u00bb][vc_single_image image=\u00bb2994&#8243; img_size=\u00bbmedium\u00bb alignment=\u00bbcenter\u00bb style=\u00bbvc_box_shadow_3d\u00bb onclick=\u00bbcustom_link\u00bb css=\u00bb.vc_custom_1590954870127{margin-top: -40px !important;}\u00bb link=\u00bbhttps:\/\/mugardos.gal\/es\/avisos-de-incidencias-e-avarias\/\u00bb][vc_single_image image=\u00bb3006&#8243; img_size=\u00bbmedium\u00bb alignment=\u00bbcenter\u00bb style=\u00bbvc_box_shadow_3d\u00bb onclick=\u00bbcustom_link\u00bb css=\u00bb.vc_custom_1590954876568{margin-top: -40px !important;}\u00bb link=\u00bbhttps:\/\/mugardos.gal\/es\/obras-servizos-medio-ambiente\/solicitude-de-ocupacion-da-via-publica\/\u00bb][vc_single_image image=\u00bb3010&#8243; img_size=\u00bbmedium\u00bb alignment=\u00bbcenter\u00bb style=\u00bbvc_box_shadow_3d\u00bb onclick=\u00bbcustom_link\u00bb css=\u00bb.vc_custom_1590954882172{margin-top: -40px !important;}\u00bb link=\u00bbhttps:\/\/mugardos.gal\/es\/obras-servizos-medio-ambiente\/solicitude-de-vao\/\u00bb][vc_single_image image=\u00bb2992&#8243; img_size=\u00bbmedium\u00bb alignment=\u00bbcenter\u00bb style=\u00bbvc_box_shadow_3d\u00bb onclick=\u00bbcustom_link\u00bb css=\u00bb.vc_custom_1590954888657{margin-top: -40px !important;}\u00bb link=\u00bbhttps:\/\/mugardos.gal\/es\/obras-servizos-medio-ambiente\/aviso-de-vespa-velutina\/\u00bb][vc_single_image image=\u00bb3004&#8243; img_size=\u00bbmedium\u00bb alignment=\u00bbcenter\u00bb style=\u00bbvc_box_shadow_3d\u00bb onclick=\u00bbcustom_link\u00bb css=\u00bb.vc_custom_1590954895057{margin-top: -40px !important;}\u00bb link=\u00bbhttps:\/\/mugardos.gal\/es\/obras-servizos-medio-ambiente\/policia-local\/\u00bb][vc_single_image image=\u00bb3000&#8243; img_size=\u00bbmedium\u00bb alignment=\u00bbcenter\u00bb style=\u00bbvc_box_shadow_3d\u00bb onclick=\u00bbcustom_link\u00bb css=\u00bb.vc_custom_1590954902152{margin-top: -40px !important;}\u00bb link=\u00bbhttps:\/\/mugardos.gal\/es\/obras-servizos-medio-ambiente\/ges\/\u00bb][vc_single_image image=\u00bb2996&#8243; img_size=\u00bbmedium\u00bb alignment=\u00bbcenter\u00bb style=\u00bbvc_box_shadow_3d\u00bb onclick=\u00bbcustom_link\u00bb css=\u00bb.vc_custom_1590954908605{margin-top: -40px !important;}\u00bb link=\u00bbhttps:\/\/mugardos.gal\/es\/buzon-de-suxestions\/\u00bb][vc_column_text]\n<!-- PRESSVILLE EVENTS : begin -->\n<section class=\"lsvr-pressville-post-grid lsvr-pressville-post-grid--events lsvr-pressville-post-grid--layout-title-top lsvr-pressville-post-grid--dark-bg\"\n    >\n    <div class=\"lsvr-pressville-post-grid__inner\">\n        <div class=\"lsvr-container\">\n            <div class=\"lsvr-pressville-post-grid__content\">\n\n                \n                    <p class=\"c-alert-message\">No hay eventos<\/p>\n\n                \n            <\/div>\n        <\/div>\n    <\/div>\n<\/section>\n<!-- PRESSVILLE EVENTS : end -->\n\n[\/vc_column_text][\/vc_column_inner][\/vc_row_inner][\/vc_column][vc_column width=\u00bb3\/4&#8243;][vc_column_text]\n<p style=\"text-align: justify;\">El Ayuntamiento de Mugardos trabaja para la concienciaci\u00f3n de los vecinos y vecinas sobre la importancia de la recogida selectiva de residuos. Por esto, el ayuntamiento mantiene una campa\u00f1a divulgativa con el objetivo de incrementar la utilizaci\u00f3n de los recursos disponibles para separar la basura. El punto limpio en Vilar do Colo que el Ayuntamiento de Mugardos proyecta junto a los de Fene, Cabanas y Ares aumentar\u00e1 las posibilidades de reciclaje.<\/p>\n<p style=\"text-align: justify;\">As\u00ed, es importante destacar que los colores de los contenedores determinan la naturaleza de cada contenedor.<\/p>\n<ul style=\"text-align: justify;\">\n<li><strong style=\"color: #000000; text-align: justify;\">AMARILLO &#8211; PL\u00c1STICOS<\/strong><\/li>\n<\/ul>\n<p style=\"text-align: justify;\">En los contenedores amarillos pueden depositarse botellas de pl\u00e1stico que hayan contenido l\u00edquidos (aceites vegetales, refrescos, agua, leche, \u2026.), botes de pl\u00e1stico que hayan contenido productos de aseo o limpieza (gel de ba\u00f1o, champ\u00fa, limpiadores del hogar, suavizante, etc), botes de cosm\u00e9ticos, tubos de dent\u00edfrico, bandejas de aluminio, porexp\u00e1n o corteza blanca, redes de envoltorios de frutas, hortalizas y verduras, pl\u00e1sticos film y envoltorios de aluminio, bolsas de pl\u00e1stico de los comercios, envases pl\u00e1sticos de mantequilla, yogur o aperitivos, latas de conservas, de bebidas y de refrescos, briks de leche, batidos, vino, zumos, y en general, todos los envases de pl\u00e1stico, latas y briks que lleven impreso el punto verde.<\/p>\n<p style=\"text-align: justify;\"><u>No se deben depositar en este recipiente<\/u> residuos de pl\u00e1stico que non sean envases (juguetes, cepillos de dientes, rotuladores, cables el\u00e9ctricos, enchufes, \u2026), as\u00ed como pa\u00f1ales, restos de alimentos, papel, vidrio, pilas, etc.<\/p>\n<ul style=\"text-align: justify;\">\n<li><span style=\"color: #000000;\"><strong>AZUL &#8211; PAPEL Y CART\u00d3N<\/strong><\/span><\/li>\n<\/ul>\n<p style=\"text-align: justify;\">Es el contenedor en el que deben depositarse papeles y cart\u00f3n: peri\u00f3dicos y revistas, cuadernos (sin anillas, sin grapas y sin alambres), papel de envolver o embalajes, cajas de cart\u00f3n (de galletas, cereales, zapatos, \u2026.), envases de papel (de arroz, harina, az\u00facar, \u2026.), cart\u00f3n de huevos, acolchado de embalajes (cuando sea de papel o cart\u00f3n), libros, hojas de apuntes\u2026<\/p>\n<p style=\"text-align: justify;\"><u>No se deben depositar en este recipiente<\/u> papeles tratados-encerados, plastificados, de calco, sucios o con restos de grasa.<\/p>\n<ul style=\"text-align: justify;\">\n<li><span style=\"color: #000000;\"><strong>VERDE &#8211; ORG\u00c1NICO<\/strong><\/span><\/li>\n<\/ul>\n<p style=\"text-align: justify;\">Es el contenedor gen\u00e9rico, en el que depositar restos org\u00e1nicos (en caso de no disponer de compostero), pa\u00f1ales, compresas, bastoncillos de algod\u00f3n, toallitas desechables, papel y cart\u00f3n con restos de grasas, pa\u00f1os de papel usados, papel de aluminio sucio, cuero, bol\u00edgrafos, peque\u00f1os juguetes de pl\u00e1stico, peque\u00f1os objetos pl\u00e1sticos, met\u00e1licos y de madera de uso en el hogar que no sean envases.<\/p>\n<ul style=\"text-align: justify;\">\n<li><strong style=\"color: #000000; text-align: justify;\">IGL\u00da VERDE &#8211; VIDRIO<\/strong><\/li>\n<\/ul>\n<p style=\"text-align: justify;\">Aqu\u00ed debe depositarse el vidrio: botellas de vidrio de cualquier color, tarros de vidrio, frascos de conservas, tarros de cosm\u00e9tica y perfumer\u00eda.<\/p>\n<p style=\"text-align: justify;\"><u>No se deben depositar en este recipiente <\/u>tapas, tapones y cortezas, as\u00ed como vidrios especiales (restos de cristaler\u00edas, parabrisas de coches, cristales de ventanas, espejos, etc). En el siguiente enlace puede verse la relaci\u00f3n de contenedores de vidrio y su ubicaci\u00f3n:<\/p>\n<p style=\"text-align: justify;\"><img loading=\"lazy\" class=\"alignnone wp-image-581\" src=\"https:\/\/mugardos.gal\/wp-content\/uploads\/2020\/03\/pdf.png\" alt=\"\" width=\"40\" height=\"40\" \/>\u00a0<a href=\"https:\/\/mugardos.gal\/wp-content\/uploads\/2020\/05\/Relaci\u00f3n-contendores-vidro.pdf\">DESCARGAR PDF Ubicaci\u00f3n contenedores de dep\u00f3sito de vidrio<\/a><\/p>\n<ul style=\"text-align: justify;\">\n<li><span style=\"color: #000000;\"><strong>ACEITE USADO <\/strong><\/span><\/li>\n<\/ul>\n<p style=\"text-align: justify;\">El contenedor destinado al aceite usado indica su uso a trav\u00e9s de un panel naranja. Las recogidas se efect\u00faan cada quince d\u00edas y el convenio contempla la posibilidad de que los locales de hosteler\u00eda, colectividades e industrias que as\u00ed lo requieran puedan tener este servicio de forma gratuita entreg\u00e1ndoles un envase indicado para tal fin.<\/p>\n<p style=\"text-align: justify;\">Los puntos donde se encuentran situados los contenedores de aceite son: Contramaestre Casado, Avenida do Seixo (frente a super Isabel), Os Cas\u00e1s (frente a Cuatro Caminos), Cant\u00f3n de Cora, Avenida Bello Pi\u00f1eiro (frente al casino), Avenida Bello Pi\u00f1eiro (junto a la farmacia), Plaza del Mercado, Francisco Vizoso (estanco), Cami\u00f1o Grande (cruce calle Estaci\u00f3n), A Pedreira (Campo de f\u00fatbol), Plaza de San Vitorio, Pazo das Condesas (frente al Bar Tilocha), calle Peteiro (cruce calle Pi\u00f1abeta), O Ba\u00f1o (cruce calle Cemiterio).<\/p>\n<ul style=\"text-align: justify;\">\n<li><span style=\"color: #000000;\"><strong>ROPA Y CALZADO <\/strong><\/span><\/li>\n<\/ul>\n<p style=\"text-align: justify;\">La implantaci\u00f3n de este servicio con dos contenedores que est\u00e1n situados en la traves\u00eda de Apel\u00f3n y en la avenida Bello Pi\u00f1eiro permite arrojar en este contenedor todo lo relacionado con el textil, incluyendo ropa y calzado.<\/p>\n<p style=\"text-align: justify;\">La otra v\u00eda abierta para reciclar ropa es trasladarla al Centro Solidario Municipal situado en la avenida Bello Pi\u00f1eiro y que el ayuntamiento gestiona contando con la colaboraci\u00f3n de las C\u00e1ritas parroquiales. La diferencia entre las dos v\u00edas viene dada por la calidad del material depositado, ya que la ropa entregada en el Centro Solidario debe encontrarse en buen estado mientras que en los contenedores puede depositarse tanto ropa como calzado en mal estado, que podr\u00e1n ser utilizados sin pasar por un proceso de reciclaje.<\/p>\n<ul style=\"text-align: justify;\">\n<li><span style=\"color: #000000;\"><strong>RESIDUOS VOLUMINOSOS <\/strong><\/span><\/li>\n<\/ul>\n<p style=\"text-align: justify;\">Toda la informaci\u00f3n al respecto de la recogida de residuos voluminosos est\u00e1 a disposici\u00f3n en el siguiente enlace de la web municipal:<\/p>\n<p style=\"text-align: justify;\"><img loading=\"lazy\" class=\"alignnone wp-image-602\" src=\"https:\/\/mugardos.gal\/wp-content\/uploads\/2020\/03\/web.png\" alt=\"\" width=\"30\" height=\"30\" \/><a href=\"https:\/\/mugardos.gal\/obras-servizos-medio-ambiente\/servizo-de-recollida-de-lixo-e-enseres\/\">IR AL ENLACE Servicio de recogida de basura y enseres<\/a><\/p>\n<p>[\/vc_column_text][\/vc_column][\/vc_row][vc_row][vc_column][vc_column_text]\n<p>[\/vc_column_text][\/vc_column][\/vc_row]\n","protected":false},"excerpt":{"rendered":"<p>[vc_row][vc_column][vc_separator color=\u00bbmulled_wine\u00bb style=\u00bbshadow\u00bb border_width=\u00bb4&#8243;][\/vc_column][\/vc_row][vc_row][vc_column width=\u00bb1\/4&#8243; offset=\u00bbvc_hidden-sm vc_hidden-xs\u00bb][vc_row_inner][vc_column_inner][vc_single_image image=\u00bb2998&#8243; img_size=\u00bbmedium\u00bb alignment=\u00bbcenter\u00bb style=\u00bbvc_box_shadow_3d\u00bb onclick=\u00bbcustom_link\u00bb css_animation=\u00bbnone\u00bb css=\u00bb.vc_custom_1590954850864{margin-top: -px !important;}\u00bb link=\u00bbhttps:\/\/mugardos.gal\/es\/obras-servizos-medio-ambiente\/contacto-co-departamento-obras-servizos-medio-ambiente\/\u00bb][vc_single_image image=\u00bb3008&#8243; img_size=\u00bbmedium\u00bb alignment=\u00bbcenter\u00bb style=\u00bbvc_box_shadow_3d\u00bb onclick=\u00bbcustom_link\u00bb css=\u00bb.vc_custom_1590954857351{margin-top: -40px !important;padding-top: px !important;}\u00bb link=\u00bbhttps:\/\/mugardos.gal\/es\/obras-servizos-medio-ambiente\/solicitude-de-queima\/\u00bb][vc_single_image image=\u00bb3002&#8243; img_size=\u00bbmedium\u00bb alignment=\u00bbcenter\u00bb style=\u00bbvc_box_shadow_3d\u00bb onclick=\u00bbcustom_link\u00bb css=\u00bb.vc_custom_1590954863050{margin-top: -40px !important;}\u00bb link=\u00bbhttps:\/\/mugardos.gal\/es\/obras-servizos-medio-ambiente\/informacion-sobre-reciclaxe\/\u00bb][vc_single_image image=\u00bb2994&#8243; img_size=\u00bbmedium\u00bb alignment=\u00bbcenter\u00bb style=\u00bbvc_box_shadow_3d\u00bb onclick=\u00bbcustom_link\u00bb css=\u00bb.vc_custom_1590954870127{margin-top: -40px !important;}\u00bb link=\u00bbhttps:\/\/mugardos.gal\/es\/avisos-de-incidencias-e-avarias\/\u00bb][vc_single_image image=\u00bb3006&#8243; img_size=\u00bbmedium\u00bb alignment=\u00bbcenter\u00bb style=\u00bbvc_box_shadow_3d\u00bb onclick=\u00bbcustom_link\u00bb css=\u00bb.vc_custom_1590954876568{margin-top: -40px !important;}\u00bb link=\u00bbhttps:\/\/mugardos.gal\/es\/obras-servizos-medio-ambiente\/solicitude-de-ocupacion-da-via-publica\/\u00bb][vc_single_image [&hellip;]<\/p>\n","protected":false},"author":4,"featured_media":0,"parent":697,"menu_order":0,"comment_status":"closed","ping_status":"closed","template":"","meta":[],"yoast_head":"<!-- This site is optimized with the Yoast SEO plugin v18.9 - https:\/\/yoast.com\/wordpress\/plugins\/seo\/ -->\n<title>INFORMACI\u00d3N SOBRE RECICLAJE - Concello de Mugardos<\/title>\n<meta name=\"robots\" content=\"index, follow, max-snippet:-1, max-image-preview:large, max-video-preview:-1\" \/>\n<link rel=\"canonical\" href=\"https:\/\/mugardos.gal\/es\/obras-servicios-y-medio-ambiente\/informacion-sobre-reciclaje\/\" \/>\n<meta property=\"og:locale\" content=\"es_ES\" \/>\n<meta property=\"og:type\" content=\"article\" \/>\n<meta property=\"og:title\" content=\"INFORMACI\u00d3N SOBRE RECICLAJE - Concello de Mugardos\" \/>\n<meta property=\"og:description\" content=\"[vc_row][vc_column][vc_separator color=\u00bbmulled_wine\u00bb style=\u00bbshadow\u00bb border_width=\u00bb4&#8243;][\/vc_column][\/vc_row][vc_row][vc_column width=\u00bb1\/4&#8243; offset=\u00bbvc_hidden-sm vc_hidden-xs\u00bb][vc_row_inner][vc_column_inner][vc_single_image image=\u00bb2998&#8243; img_size=\u00bbmedium\u00bb alignment=\u00bbcenter\u00bb style=\u00bbvc_box_shadow_3d\u00bb onclick=\u00bbcustom_link\u00bb css_animation=\u00bbnone\u00bb css=\u00bb.vc_custom_1590954850864{margin-top: -px !important;}\u00bb link=\u00bbhttps:\/\/mugardos.gal\/es\/obras-servizos-medio-ambiente\/contacto-co-departamento-obras-servizos-medio-ambiente\/\u00bb][vc_single_image image=\u00bb3008&#8243; img_size=\u00bbmedium\u00bb alignment=\u00bbcenter\u00bb style=\u00bbvc_box_shadow_3d\u00bb onclick=\u00bbcustom_link\u00bb css=\u00bb.vc_custom_1590954857351{margin-top: -40px !important;padding-top: px !important;}\u00bb link=\u00bbhttps:\/\/mugardos.gal\/es\/obras-servizos-medio-ambiente\/solicitude-de-queima\/\u00bb][vc_single_image image=\u00bb3002&#8243; img_size=\u00bbmedium\u00bb alignment=\u00bbcenter\u00bb style=\u00bbvc_box_shadow_3d\u00bb onclick=\u00bbcustom_link\u00bb css=\u00bb.vc_custom_1590954863050{margin-top: -40px !important;}\u00bb link=\u00bbhttps:\/\/mugardos.gal\/es\/obras-servizos-medio-ambiente\/informacion-sobre-reciclaxe\/\u00bb][vc_single_image image=\u00bb2994&#8243; img_size=\u00bbmedium\u00bb alignment=\u00bbcenter\u00bb style=\u00bbvc_box_shadow_3d\u00bb onclick=\u00bbcustom_link\u00bb css=\u00bb.vc_custom_1590954870127{margin-top: -40px !important;}\u00bb link=\u00bbhttps:\/\/mugardos.gal\/es\/avisos-de-incidencias-e-avarias\/\u00bb][vc_single_image image=\u00bb3006&#8243; img_size=\u00bbmedium\u00bb alignment=\u00bbcenter\u00bb style=\u00bbvc_box_shadow_3d\u00bb onclick=\u00bbcustom_link\u00bb css=\u00bb.vc_custom_1590954876568{margin-top: -40px !important;}\u00bb link=\u00bbhttps:\/\/mugardos.gal\/es\/obras-servizos-medio-ambiente\/solicitude-de-ocupacion-da-via-publica\/\u00bb][vc_single_image [&hellip;]\" \/>\n<meta property=\"og:url\" content=\"https:\/\/mugardos.gal\/es\/obras-servicios-y-medio-ambiente\/informacion-sobre-reciclaje\/\" \/>\n<meta property=\"og:site_name\" content=\"Concello de Mugardos\" \/>\n<meta property=\"article:modified_time\" content=\"2020-05-31T19:55:08+00:00\" \/>\n<meta property=\"og:image\" content=\"https:\/\/mugardos.gal\/wp-content\/uploads\/2020\/03\/pdf.png\" \/>\n<meta name=\"twitter:card\" content=\"summary_large_image\" \/>\n<meta name=\"twitter:label1\" content=\"Tiempo de lectura\" \/>\n\t<meta name=\"twitter:data1\" content=\"6 minutos\" \/>\n<script type=\"application\/ld+json\" class=\"yoast-schema-graph\">{\"@context\":\"https:\/\/schema.org\",\"@graph\":[{\"@type\":\"WebSite\",\"@id\":\"https:\/\/mugardos.gal\/#website\",\"url\":\"https:\/\/mugardos.gal\/\",\"name\":\"Concello de Mugardos\",\"description\":\"\",\"potentialAction\":[{\"@type\":\"SearchAction\",\"target\":{\"@type\":\"EntryPoint\",\"urlTemplate\":\"https:\/\/mugardos.gal\/?s={search_term_string}\"},\"query-input\":\"required name=search_term_string\"}],\"inLanguage\":\"es\"},{\"@type\":\"ImageObject\",\"inLanguage\":\"es\",\"@id\":\"https:\/\/mugardos.gal\/es\/obras-servicios-y-medio-ambiente\/informacion-sobre-reciclaje\/#primaryimage\",\"url\":\"https:\/\/mugardos.gal\/wp-content\/uploads\/2020\/03\/pdf.png\",\"contentUrl\":\"https:\/\/mugardos.gal\/wp-content\/uploads\/2020\/03\/pdf.png\",\"width\":100,\"height\":100},{\"@type\":\"WebPage\",\"@id\":\"https:\/\/mugardos.gal\/es\/obras-servicios-y-medio-ambiente\/informacion-sobre-reciclaje\/#webpage\",\"url\":\"https:\/\/mugardos.gal\/es\/obras-servicios-y-medio-ambiente\/informacion-sobre-reciclaje\/\",\"name\":\"INFORMACI\u00d3N SOBRE RECICLAJE - Concello de Mugardos\",\"isPartOf\":{\"@id\":\"https:\/\/mugardos.gal\/#website\"},\"primaryImageOfPage\":{\"@id\":\"https:\/\/mugardos.gal\/es\/obras-servicios-y-medio-ambiente\/informacion-sobre-reciclaje\/#primaryimage\"},\"datePublished\":\"2020-03-25T14:51:39+00:00\",\"dateModified\":\"2020-05-31T19:55:08+00:00\",\"breadcrumb\":{\"@id\":\"https:\/\/mugardos.gal\/es\/obras-servicios-y-medio-ambiente\/informacion-sobre-reciclaje\/#breadcrumb\"},\"inLanguage\":\"es\",\"potentialAction\":[{\"@type\":\"ReadAction\",\"target\":[\"https:\/\/mugardos.gal\/es\/obras-servicios-y-medio-ambiente\/informacion-sobre-reciclaje\/\"]}]},{\"@type\":\"BreadcrumbList\",\"@id\":\"https:\/\/mugardos.gal\/es\/obras-servicios-y-medio-ambiente\/informacion-sobre-reciclaje\/#breadcrumb\",\"itemListElement\":[{\"@type\":\"ListItem\",\"position\":1,\"name\":\"Portada\",\"item\":\"https:\/\/mugardos.gal\/es\/\"},{\"@type\":\"ListItem\",\"position\":2,\"name\":\"OBRAS, SERVICIOS Y MEDIO AMBIENTE\",\"item\":\"https:\/\/mugardos.gal\/es\/obras-servicios-y-medio-ambiente\/\"},{\"@type\":\"ListItem\",\"position\":3,\"name\":\"INFORMACI\u00d3N SOBRE RECICLAJE\"}]}]}<\/script>\n<!-- \/ Yoast SEO plugin. -->","yoast_head_json":{"title":"INFORMACI\u00d3N SOBRE RECICLAJE - Concello de Mugardos","robots":{"index":"index","follow":"follow","max-snippet":"max-snippet:-1","max-image-preview":"max-image-preview:large","max-video-preview":"max-video-preview:-1"},"canonical":"https:\/\/mugardos.gal\/es\/obras-servicios-y-medio-ambiente\/informacion-sobre-reciclaje\/","og_locale":"es_ES","og_type":"article","og_title":"INFORMACI\u00d3N SOBRE RECICLAJE - Concello de Mugardos","og_description":"[vc_row][vc_column][vc_separator color=\u00bbmulled_wine\u00bb style=\u00bbshadow\u00bb border_width=\u00bb4&#8243;][\/vc_column][\/vc_row][vc_row][vc_column width=\u00bb1\/4&#8243; offset=\u00bbvc_hidden-sm vc_hidden-xs\u00bb][vc_row_inner][vc_column_inner][vc_single_image image=\u00bb2998&#8243; img_size=\u00bbmedium\u00bb alignment=\u00bbcenter\u00bb style=\u00bbvc_box_shadow_3d\u00bb onclick=\u00bbcustom_link\u00bb css_animation=\u00bbnone\u00bb css=\u00bb.vc_custom_1590954850864{margin-top: -px !important;}\u00bb link=\u00bbhttps:\/\/mugardos.gal\/es\/obras-servizos-medio-ambiente\/contacto-co-departamento-obras-servizos-medio-ambiente\/\u00bb][vc_single_image image=\u00bb3008&#8243; img_size=\u00bbmedium\u00bb alignment=\u00bbcenter\u00bb style=\u00bbvc_box_shadow_3d\u00bb onclick=\u00bbcustom_link\u00bb css=\u00bb.vc_custom_1590954857351{margin-top: -40px !important;padding-top: px !important;}\u00bb link=\u00bbhttps:\/\/mugardos.gal\/es\/obras-servizos-medio-ambiente\/solicitude-de-queima\/\u00bb][vc_single_image image=\u00bb3002&#8243; img_size=\u00bbmedium\u00bb alignment=\u00bbcenter\u00bb style=\u00bbvc_box_shadow_3d\u00bb onclick=\u00bbcustom_link\u00bb css=\u00bb.vc_custom_1590954863050{margin-top: -40px !important;}\u00bb link=\u00bbhttps:\/\/mugardos.gal\/es\/obras-servizos-medio-ambiente\/informacion-sobre-reciclaxe\/\u00bb][vc_single_image image=\u00bb2994&#8243; img_size=\u00bbmedium\u00bb alignment=\u00bbcenter\u00bb style=\u00bbvc_box_shadow_3d\u00bb onclick=\u00bbcustom_link\u00bb css=\u00bb.vc_custom_1590954870127{margin-top: -40px !important;}\u00bb link=\u00bbhttps:\/\/mugardos.gal\/es\/avisos-de-incidencias-e-avarias\/\u00bb][vc_single_image image=\u00bb3006&#8243; img_size=\u00bbmedium\u00bb alignment=\u00bbcenter\u00bb style=\u00bbvc_box_shadow_3d\u00bb onclick=\u00bbcustom_link\u00bb css=\u00bb.vc_custom_1590954876568{margin-top: -40px !important;}\u00bb link=\u00bbhttps:\/\/mugardos.gal\/es\/obras-servizos-medio-ambiente\/solicitude-de-ocupacion-da-via-publica\/\u00bb][vc_single_image [&hellip;]","og_url":"https:\/\/mugardos.gal\/es\/obras-servicios-y-medio-ambiente\/informacion-sobre-reciclaje\/","og_site_name":"Concello de Mugardos","article_modified_time":"2020-05-31T19:55:08+00:00","og_image":[{"url":"https:\/\/mugardos.gal\/wp-content\/uploads\/2020\/03\/pdf.png"}],"twitter_card":"summary_large_image","twitter_misc":{"Tiempo de lectura":"6 minutos"},"schema":{"@context":"https:\/\/schema.org","@graph":[{"@type":"WebSite","@id":"https:\/\/mugardos.gal\/#website","url":"https:\/\/mugardos.gal\/","name":"Concello de Mugardos","description":"","potentialAction":[{"@type":"SearchAction","target":{"@type":"EntryPoint","urlTemplate":"https:\/\/mugardos.gal\/?s={search_term_string}"},"query-input":"required name=search_term_string"}],"inLanguage":"es"},{"@type":"ImageObject","inLanguage":"es","@id":"https:\/\/mugardos.gal\/es\/obras-servicios-y-medio-ambiente\/informacion-sobre-reciclaje\/#primaryimage","url":"https:\/\/mugardos.gal\/wp-content\/uploads\/2020\/03\/pdf.png","contentUrl":"https:\/\/mugardos.gal\/wp-content\/uploads\/2020\/03\/pdf.png","width":100,"height":100},{"@type":"WebPage","@id":"https:\/\/mugardos.gal\/es\/obras-servicios-y-medio-ambiente\/informacion-sobre-reciclaje\/#webpage","url":"https:\/\/mugardos.gal\/es\/obras-servicios-y-medio-ambiente\/informacion-sobre-reciclaje\/","name":"INFORMACI\u00d3N SOBRE RECICLAJE - Concello de Mugardos","isPartOf":{"@id":"https:\/\/mugardos.gal\/#website"},"primaryImageOfPage":{"@id":"https:\/\/mugardos.gal\/es\/obras-servicios-y-medio-ambiente\/informacion-sobre-reciclaje\/#primaryimage"},"datePublished":"2020-03-25T14:51:39+00:00","dateModified":"2020-05-31T19:55:08+00:00","breadcrumb":{"@id":"https:\/\/mugardos.gal\/es\/obras-servicios-y-medio-ambiente\/informacion-sobre-reciclaje\/#breadcrumb"},"inLanguage":"es","potentialAction":[{"@type":"ReadAction","target":["https:\/\/mugardos.gal\/es\/obras-servicios-y-medio-ambiente\/informacion-sobre-reciclaje\/"]}]},{"@type":"BreadcrumbList","@id":"https:\/\/mugardos.gal\/es\/obras-servicios-y-medio-ambiente\/informacion-sobre-reciclaje\/#breadcrumb","itemListElement":[{"@type":"ListItem","position":1,"name":"Portada","item":"https:\/\/mugardos.gal\/es\/"},{"@type":"ListItem","position":2,"name":"OBRAS, SERVICIOS Y MEDIO AMBIENTE","item":"https:\/\/mugardos.gal\/es\/obras-servicios-y-medio-ambiente\/"},{"@type":"ListItem","position":3,"name":"INFORMACI\u00d3N SOBRE RECICLAJE"}]}]}},"_links":{"self":[{"href":"https:\/\/mugardos.gal\/es\/wp-json\/wp\/v2\/pages\/801"}],"collection":[{"href":"https:\/\/mugardos.gal\/es\/wp-json\/wp\/v2\/pages"}],"about":[{"href":"https:\/\/mugardos.gal\/es\/wp-json\/wp\/v2\/types\/page"}],"author":[{"embeddable":true,"href":"https:\/\/mugardos.gal\/es\/wp-json\/wp\/v2\/users\/4"}],"replies":[{"embeddable":true,"href":"https:\/\/mugardos.gal\/es\/wp-json\/wp\/v2\/comments?post=801"}],"version-history":[{"count":0,"href":"https:\/\/mugardos.gal\/es\/wp-json\/wp\/v2\/pages\/801\/revisions"}],"up":[{"embeddable":true,"href":"https:\/\/mugardos.gal\/es\/wp-json\/wp\/v2\/pages\/697"}],"wp:attachment":[{"href":"https:\/\/mugardos.gal\/es\/wp-json\/wp\/v2\/media?parent=801"}],"curies":[{"name":"wp","href":"https:\/\/api.w.org\/{rel}","templated":true}]}}