{"id":795,"date":"2020-03-25T16:23:30","date_gmt":"2020-03-25T14:23:30","guid":{"rendered":"https:\/\/mugardos.gal\/obras-servicios-y-medio-ambiente\/solicitud-de-queima\/"},"modified":"2020-05-30T10:55:28","modified_gmt":"2020-05-30T08:55:28","slug":"solicitud-de-queima","status":"publish","type":"page","link":"https:\/\/mugardos.gal\/es\/obras-servicios-y-medio-ambiente\/solicitud-de-queima\/","title":{"rendered":"SOLICITUD DE QUEMA"},"content":{"rendered":"<p>[vc_row][vc_column][vc_separator color=\u00bbmulled_wine\u00bb style=\u00bbshadow\u00bb border_width=\u00bb4&#8243;][\/vc_column][\/vc_row][vc_row][vc_column width=\u00bb1\/4&#8243; offset=\u00bbvc_hidden-sm vc_hidden-xs\u00bb][vc_row_inner][vc_column_inner][vc_single_image image=\u00bb2998&#8243; img_size=\u00bbmedium\u00bb alignment=\u00bbcenter\u00bb style=\u00bbvc_box_shadow_3d\u00bb onclick=\u00bbcustom_link\u00bb css_animation=\u00bbnone\u00bb css=\u00bb.vc_custom_1590826796477{margin-top: 0px !important;}\u00bb link=\u00bbhttps:\/\/mugardos.gal\/es\/obras-servizos-medio-ambiente\/contacto-co-departamento-obras-servizos-medio-ambiente\/\u00bb][vc_single_image image=\u00bb3008&#8243; img_size=\u00bbmedium\u00bb alignment=\u00bbcenter\u00bb style=\u00bbvc_box_shadow_3d\u00bb onclick=\u00bbcustom_link\u00bb css=\u00bb.vc_custom_1590826802059{margin-top: -40px !important;padding-top: px !important;}\u00bb link=\u00bbhttps:\/\/mugardos.gal\/es\/obras-servizos-medio-ambiente\/solicitude-de-queima\/\u00bb][vc_single_image image=\u00bb3002&#8243; img_size=\u00bbmedium\u00bb alignment=\u00bbcenter\u00bb style=\u00bbvc_box_shadow_3d\u00bb onclick=\u00bbcustom_link\u00bb css=\u00bb.vc_custom_1590826807587{margin-top: -40px !important;}\u00bb link=\u00bbhttps:\/\/mugardos.gal\/es\/obras-servizos-medio-ambiente\/informacion-sobre-reciclaxe\/\u00bb][vc_single_image image=\u00bb2994&#8243; img_size=\u00bbmedium\u00bb alignment=\u00bbcenter\u00bb style=\u00bbvc_box_shadow_3d\u00bb onclick=\u00bbcustom_link\u00bb css=\u00bb.vc_custom_1590826813135{margin-top: -40px !important;}\u00bb link=\u00bbhttps:\/\/mugardos.gal\/es\/avisos-de-incidencias-e-avarias\/\u00bb][vc_single_image image=\u00bb3006&#8243; img_size=\u00bbmedium\u00bb alignment=\u00bbcenter\u00bb style=\u00bbvc_box_shadow_3d\u00bb onclick=\u00bbcustom_link\u00bb css=\u00bb.vc_custom_1590826818579{margin-top: -40px !important;}\u00bb link=\u00bbhttps:\/\/mugardos.gal\/es\/obras-servizos-medio-ambiente\/solicitude-de-ocupacion-da-via-publica\/\u00bb][vc_single_image image=\u00bb3010&#8243; img_size=\u00bbmedium\u00bb alignment=\u00bbcenter\u00bb style=\u00bbvc_box_shadow_3d\u00bb onclick=\u00bbcustom_link\u00bb css=\u00bb.vc_custom_1590826828932{margin-top: -40px !important;}\u00bb link=\u00bbhttps:\/\/mugardos.gal\/es\/obras-servizos-medio-ambiente\/solicitude-de-vao\/\u00bb][vc_single_image image=\u00bb2992&#8243; img_size=\u00bbmedium\u00bb alignment=\u00bbcenter\u00bb style=\u00bbvc_box_shadow_3d\u00bb onclick=\u00bbcustom_link\u00bb css=\u00bb.vc_custom_1590828928293{margin-top: -40px !important;}\u00bb link=\u00bbhttps:\/\/mugardos.gal\/es\/obras-servicios-y-medio-ambiente\/aviso-de-avispa-velutina\/\u00bb][vc_single_image image=\u00bb3004&#8243; img_size=\u00bbmedium\u00bb alignment=\u00bbcenter\u00bb style=\u00bbvc_box_shadow_3d\u00bb onclick=\u00bbcustom_link\u00bb css=\u00bb.vc_custom_1590826841608{margin-top: -40px !important;}\u00bb link=\u00bbhttps:\/\/mugardos.gal\/es\/obras-servizos-medio-ambiente\/policia-local\/\u00bb][vc_single_image image=\u00bb3000&#8243; img_size=\u00bbmedium\u00bb alignment=\u00bbcenter\u00bb style=\u00bbvc_box_shadow_3d\u00bb onclick=\u00bbcustom_link\u00bb css=\u00bb.vc_custom_1590826846796{margin-top: -40px !important;}\u00bb link=\u00bbhttps:\/\/mugardos.gal\/es\/obras-servizos-medio-ambiente\/ges\/\u00bb][vc_single_image image=\u00bb2996&#8243; img_size=\u00bbmedium\u00bb alignment=\u00bbcenter\u00bb style=\u00bbvc_box_shadow_3d\u00bb onclick=\u00bbcustom_link\u00bb css=\u00bb.vc_custom_1590826852419{margin-top: -40px !important;}\u00bb link=\u00bbhttps:\/\/mugardos.gal\/es\/buzon-de-suxestions\/\u00bb][\/vc_column_inner][\/vc_row_inner][vc_column_text]\n<!-- PRESSVILLE EVENTS : begin -->\n<section class=\"lsvr-pressville-post-grid lsvr-pressville-post-grid--events lsvr-pressville-post-grid--layout-title-top lsvr-pressville-post-grid--dark-bg\"\n    >\n    <div class=\"lsvr-pressville-post-grid__inner\">\n        <div class=\"lsvr-container\">\n            <div class=\"lsvr-pressville-post-grid__content\">\n\n                \n                    <p class=\"c-alert-message\">No hay eventos<\/p>\n\n                \n            <\/div>\n        <\/div>\n    <\/div>\n<\/section>\n<!-- PRESSVILLE EVENTS : end -->\n\n[\/vc_column_text][\/vc_column][vc_column width=\u00bb3\/4&#8243;][vc_column_text]\n<p style=\"text-align: justify;\">Para la realizaci\u00f3n de trabajos de quema en terrenos agr\u00edcolas, forestales y zonas de influencia los vecinos y vecinas est\u00e1n obligados a solicitar la correspondiente comunicaci\u00f3n o autorizaci\u00f3n de quema:<\/p>\n<p style=\"text-align: justify;\">\u2666 Restos acopiados:<\/p>\n<p style=\"padding-left: 40px; text-align: justify;\">&#8211; Quema de restos agr\u00edcolas acopiados: <em>comunicaci\u00f3n de quema<\/em> (se solicitar\u00e1 con una antelaci\u00f3n m\u00ednima de dos d\u00edas)<\/p>\n<p style=\"padding-left: 40px; text-align: justify;\">&#8211; Quema de restos forestales acopiados: <em>autorizaci\u00f3n de quema<\/em> (se solicitar\u00e1 con una antelaci\u00f3n m\u00ednima de siete d\u00edas)<\/p>\n<p style=\"text-align: justify;\">\u2666 Quemas controladas:<\/p>\n<p style=\"padding-left: 40px; text-align: justify;\">&#8211; Quema que para su realizaci\u00f3n deber\u00e1 contar con la presencia de personal t\u00e9cnico autorizado para la gesti\u00f3n de las quemas y con equipos de extinci\u00f3n de incendios: <em>autorizaci\u00f3n de quema<\/em> (se solicitar\u00e1 con una antelaci\u00f3n m\u00ednima de siete d\u00edas) d\u00edas)<\/p>\n<p style=\"text-align: justify;\">Para realizar una <strong><span style=\"color: #ff6600;\">COMUNICACI\u00d3N DE QUEMA<\/span><\/strong>, los vecinos y vecinas pueden:<\/p>\n<p style=\"padding-left: 40px; text-align: justify;\"><img loading=\"lazy\" class=\"alignnone wp-image-598\" src=\"https:\/\/mugardos.gal\/wp-content\/uploads\/2020\/03\/telefono.png\" alt=\"\" width=\"30\" height=\"30\" \/> Llamar al tel\u00e9fono 012, o<\/p>\n<p style=\"padding-left: 40px; text-align: justify;\"><img loading=\"lazy\" class=\"alignnone wp-image-602\" src=\"https:\/\/mugardos.gal\/wp-content\/uploads\/2020\/03\/web.png\" alt=\"\" width=\"30\" height=\"30\" \/>Acceder al procedimiento v\u00eda online en el siguiente enlace: <a href=\"https:\/\/queimasweb.xunta.gal\/queimasweb\/\">IR AL ENLACE Comunicaciones de quema de restos agr\u00edcolas acumulados<\/a><\/p>\n<p style=\"text-align: justify;\">Para realizar una <strong><span style=\"color: #ff6600;\">AUTORIZACI\u00d3N DE QUEMA<\/span><\/strong>, los vecinos y vecinas pueden:<\/p>\n<p style=\"padding-left: 40px; text-align: justify;\"><img loading=\"lazy\" class=\"alignnone wp-image-598\" src=\"https:\/\/mugardos.gal\/wp-content\/uploads\/2020\/03\/telefono.png\" alt=\"\" width=\"30\" height=\"30\" \/> Llamar al tel\u00e9fono 012<\/p>\n<div id=\"contenedor\" class=\"textarea unknown\" style=\"text-align: justify;\">Con car\u00e1cter general, est\u00e1n prohibidas las quemas en los meses de julio, agosto y septiembre, m\u00e1s un per\u00edodo adicional de aproximadamente un mes en funci\u00f3n de las condiciones meteorol\u00f3gicas y de riesgo.<\/div>\n<div class=\"textarea unknown\" style=\"text-align: justify;\">En el siguiente enlace a la p\u00e1gina web de la conseller\u00eda de medio rural puede acceder a la Informaci\u00f3n relativa a las comunicaciones de quemas:<\/div>\n<p style=\"padding-left: 40px; text-align: justify;\"><img loading=\"lazy\" class=\"alignnone wp-image-602\" src=\"https:\/\/mugardos.gal\/wp-content\/uploads\/2020\/03\/web.png\" alt=\"\" width=\"30\" height=\"30\" \/> <a href=\"https:\/\/ovmediorural.xunta.gal\/gl\/tramites\/comunicacions-de-queimas#lexislacion\">IR AL ENLACE Informaci\u00f3n sobre comunicaciones de quemas<\/a><\/p>\n<p style=\"text-align: justify;\">En el siguiente enlace pode consultar el \u00edndice de riesgo diario de incendio forestal:<\/p>\n<p style=\"padding-left: 40px; text-align: justify;\"><img loading=\"lazy\" class=\"alignnone wp-image-602\" src=\"https:\/\/mugardos.gal\/wp-content\/uploads\/2020\/03\/web.png\" alt=\"\" width=\"30\" height=\"30\" \/> <a href=\"https:\/\/mediorural.xunta.gal\/gl\/temas\/defensa-monte\/irdi\">IR AL ENLACE \u00cdndice de riesgo diario de incendio forestal (IRDI)<\/a><\/p>\n<p>[\/vc_column_text][\/vc_column][\/vc_row]\n","protected":false},"excerpt":{"rendered":"<p>[vc_row][vc_column][vc_separator color=\u00bbmulled_wine\u00bb style=\u00bbshadow\u00bb border_width=\u00bb4&#8243;][\/vc_column][\/vc_row][vc_row][vc_column width=\u00bb1\/4&#8243; offset=\u00bbvc_hidden-sm vc_hidden-xs\u00bb][vc_row_inner][vc_column_inner][vc_single_image image=\u00bb2998&#8243; img_size=\u00bbmedium\u00bb alignment=\u00bbcenter\u00bb style=\u00bbvc_box_shadow_3d\u00bb onclick=\u00bbcustom_link\u00bb css_animation=\u00bbnone\u00bb css=\u00bb.vc_custom_1590826796477{margin-top: 0px !important;}\u00bb link=\u00bbhttps:\/\/mugardos.gal\/es\/obras-servizos-medio-ambiente\/contacto-co-departamento-obras-servizos-medio-ambiente\/\u00bb][vc_single_image image=\u00bb3008&#8243; img_size=\u00bbmedium\u00bb alignment=\u00bbcenter\u00bb style=\u00bbvc_box_shadow_3d\u00bb onclick=\u00bbcustom_link\u00bb css=\u00bb.vc_custom_1590826802059{margin-top: -40px !important;padding-top: px !important;}\u00bb link=\u00bbhttps:\/\/mugardos.gal\/es\/obras-servizos-medio-ambiente\/solicitude-de-queima\/\u00bb][vc_single_image image=\u00bb3002&#8243; img_size=\u00bbmedium\u00bb alignment=\u00bbcenter\u00bb style=\u00bbvc_box_shadow_3d\u00bb onclick=\u00bbcustom_link\u00bb css=\u00bb.vc_custom_1590826807587{margin-top: -40px !important;}\u00bb link=\u00bbhttps:\/\/mugardos.gal\/es\/obras-servizos-medio-ambiente\/informacion-sobre-reciclaxe\/\u00bb][vc_single_image image=\u00bb2994&#8243; img_size=\u00bbmedium\u00bb alignment=\u00bbcenter\u00bb style=\u00bbvc_box_shadow_3d\u00bb onclick=\u00bbcustom_link\u00bb css=\u00bb.vc_custom_1590826813135{margin-top: -40px !important;}\u00bb link=\u00bbhttps:\/\/mugardos.gal\/es\/avisos-de-incidencias-e-avarias\/\u00bb][vc_single_image image=\u00bb3006&#8243; img_size=\u00bbmedium\u00bb alignment=\u00bbcenter\u00bb style=\u00bbvc_box_shadow_3d\u00bb onclick=\u00bbcustom_link\u00bb css=\u00bb.vc_custom_1590826818579{margin-top: -40px !important;}\u00bb link=\u00bbhttps:\/\/mugardos.gal\/es\/obras-servizos-medio-ambiente\/solicitude-de-ocupacion-da-via-publica\/\u00bb][vc_single_image [&hellip;]<\/p>\n","protected":false},"author":4,"featured_media":0,"parent":697,"menu_order":0,"comment_status":"closed","ping_status":"closed","template":"","meta":[],"yoast_head":"<!-- This site is optimized with the Yoast SEO plugin v18.9 - https:\/\/yoast.com\/wordpress\/plugins\/seo\/ -->\n<title>SOLICITUD DE QUEMA - Concello de Mugardos<\/title>\n<meta name=\"robots\" content=\"index, follow, max-snippet:-1, max-image-preview:large, max-video-preview:-1\" \/>\n<link rel=\"canonical\" href=\"https:\/\/mugardos.gal\/es\/obras-servicios-y-medio-ambiente\/solicitud-de-queima\/\" \/>\n<meta property=\"og:locale\" content=\"es_ES\" \/>\n<meta property=\"og:type\" content=\"article\" \/>\n<meta property=\"og:title\" content=\"SOLICITUD DE QUEMA - Concello de Mugardos\" \/>\n<meta property=\"og:description\" content=\"[vc_row][vc_column][vc_separator color=\u00bbmulled_wine\u00bb style=\u00bbshadow\u00bb border_width=\u00bb4&#8243;][\/vc_column][\/vc_row][vc_row][vc_column width=\u00bb1\/4&#8243; offset=\u00bbvc_hidden-sm vc_hidden-xs\u00bb][vc_row_inner][vc_column_inner][vc_single_image image=\u00bb2998&#8243; img_size=\u00bbmedium\u00bb alignment=\u00bbcenter\u00bb style=\u00bbvc_box_shadow_3d\u00bb onclick=\u00bbcustom_link\u00bb css_animation=\u00bbnone\u00bb css=\u00bb.vc_custom_1590826796477{margin-top: 0px !important;}\u00bb link=\u00bbhttps:\/\/mugardos.gal\/es\/obras-servizos-medio-ambiente\/contacto-co-departamento-obras-servizos-medio-ambiente\/\u00bb][vc_single_image image=\u00bb3008&#8243; img_size=\u00bbmedium\u00bb alignment=\u00bbcenter\u00bb style=\u00bbvc_box_shadow_3d\u00bb onclick=\u00bbcustom_link\u00bb css=\u00bb.vc_custom_1590826802059{margin-top: -40px !important;padding-top: px !important;}\u00bb link=\u00bbhttps:\/\/mugardos.gal\/es\/obras-servizos-medio-ambiente\/solicitude-de-queima\/\u00bb][vc_single_image image=\u00bb3002&#8243; img_size=\u00bbmedium\u00bb alignment=\u00bbcenter\u00bb style=\u00bbvc_box_shadow_3d\u00bb onclick=\u00bbcustom_link\u00bb css=\u00bb.vc_custom_1590826807587{margin-top: -40px !important;}\u00bb link=\u00bbhttps:\/\/mugardos.gal\/es\/obras-servizos-medio-ambiente\/informacion-sobre-reciclaxe\/\u00bb][vc_single_image image=\u00bb2994&#8243; img_size=\u00bbmedium\u00bb alignment=\u00bbcenter\u00bb style=\u00bbvc_box_shadow_3d\u00bb onclick=\u00bbcustom_link\u00bb css=\u00bb.vc_custom_1590826813135{margin-top: -40px !important;}\u00bb link=\u00bbhttps:\/\/mugardos.gal\/es\/avisos-de-incidencias-e-avarias\/\u00bb][vc_single_image image=\u00bb3006&#8243; img_size=\u00bbmedium\u00bb alignment=\u00bbcenter\u00bb style=\u00bbvc_box_shadow_3d\u00bb onclick=\u00bbcustom_link\u00bb css=\u00bb.vc_custom_1590826818579{margin-top: -40px !important;}\u00bb link=\u00bbhttps:\/\/mugardos.gal\/es\/obras-servizos-medio-ambiente\/solicitude-de-ocupacion-da-via-publica\/\u00bb][vc_single_image [&hellip;]\" \/>\n<meta property=\"og:url\" content=\"https:\/\/mugardos.gal\/es\/obras-servicios-y-medio-ambiente\/solicitud-de-queima\/\" \/>\n<meta property=\"og:site_name\" content=\"Concello de Mugardos\" \/>\n<meta property=\"article:modified_time\" content=\"2020-05-30T08:55:28+00:00\" \/>\n<meta property=\"og:image\" content=\"https:\/\/mugardos.gal\/wp-content\/uploads\/2020\/03\/telefono.png\" \/>\n<meta name=\"twitter:card\" content=\"summary_large_image\" \/>\n<meta name=\"twitter:label1\" content=\"Tiempo de lectura\" \/>\n\t<meta name=\"twitter:data1\" content=\"3 minutos\" \/>\n<script type=\"application\/ld+json\" class=\"yoast-schema-graph\">{\"@context\":\"https:\/\/schema.org\",\"@graph\":[{\"@type\":\"WebSite\",\"@id\":\"https:\/\/mugardos.gal\/#website\",\"url\":\"https:\/\/mugardos.gal\/\",\"name\":\"Concello de Mugardos\",\"description\":\"\",\"potentialAction\":[{\"@type\":\"SearchAction\",\"target\":{\"@type\":\"EntryPoint\",\"urlTemplate\":\"https:\/\/mugardos.gal\/?s={search_term_string}\"},\"query-input\":\"required name=search_term_string\"}],\"inLanguage\":\"es\"},{\"@type\":\"ImageObject\",\"inLanguage\":\"es\",\"@id\":\"https:\/\/mugardos.gal\/es\/obras-servicios-y-medio-ambiente\/solicitud-de-queima\/#primaryimage\",\"url\":\"https:\/\/mugardos.gal\/wp-content\/uploads\/2020\/03\/telefono.png\",\"contentUrl\":\"https:\/\/mugardos.gal\/wp-content\/uploads\/2020\/03\/telefono.png\",\"width\":100,\"height\":100},{\"@type\":\"WebPage\",\"@id\":\"https:\/\/mugardos.gal\/es\/obras-servicios-y-medio-ambiente\/solicitud-de-queima\/#webpage\",\"url\":\"https:\/\/mugardos.gal\/es\/obras-servicios-y-medio-ambiente\/solicitud-de-queima\/\",\"name\":\"SOLICITUD DE QUEMA - Concello de Mugardos\",\"isPartOf\":{\"@id\":\"https:\/\/mugardos.gal\/#website\"},\"primaryImageOfPage\":{\"@id\":\"https:\/\/mugardos.gal\/es\/obras-servicios-y-medio-ambiente\/solicitud-de-queima\/#primaryimage\"},\"datePublished\":\"2020-03-25T14:23:30+00:00\",\"dateModified\":\"2020-05-30T08:55:28+00:00\",\"breadcrumb\":{\"@id\":\"https:\/\/mugardos.gal\/es\/obras-servicios-y-medio-ambiente\/solicitud-de-queima\/#breadcrumb\"},\"inLanguage\":\"es\",\"potentialAction\":[{\"@type\":\"ReadAction\",\"target\":[\"https:\/\/mugardos.gal\/es\/obras-servicios-y-medio-ambiente\/solicitud-de-queima\/\"]}]},{\"@type\":\"BreadcrumbList\",\"@id\":\"https:\/\/mugardos.gal\/es\/obras-servicios-y-medio-ambiente\/solicitud-de-queima\/#breadcrumb\",\"itemListElement\":[{\"@type\":\"ListItem\",\"position\":1,\"name\":\"Portada\",\"item\":\"https:\/\/mugardos.gal\/es\/\"},{\"@type\":\"ListItem\",\"position\":2,\"name\":\"OBRAS, SERVICIOS Y MEDIO AMBIENTE\",\"item\":\"https:\/\/mugardos.gal\/es\/obras-servicios-y-medio-ambiente\/\"},{\"@type\":\"ListItem\",\"position\":3,\"name\":\"SOLICITUD DE QUEMA\"}]}]}<\/script>\n<!-- \/ Yoast SEO plugin. -->","yoast_head_json":{"title":"SOLICITUD DE QUEMA - Concello de Mugardos","robots":{"index":"index","follow":"follow","max-snippet":"max-snippet:-1","max-image-preview":"max-image-preview:large","max-video-preview":"max-video-preview:-1"},"canonical":"https:\/\/mugardos.gal\/es\/obras-servicios-y-medio-ambiente\/solicitud-de-queima\/","og_locale":"es_ES","og_type":"article","og_title":"SOLICITUD DE QUEMA - Concello de Mugardos","og_description":"[vc_row][vc_column][vc_separator color=\u00bbmulled_wine\u00bb style=\u00bbshadow\u00bb border_width=\u00bb4&#8243;][\/vc_column][\/vc_row][vc_row][vc_column width=\u00bb1\/4&#8243; offset=\u00bbvc_hidden-sm vc_hidden-xs\u00bb][vc_row_inner][vc_column_inner][vc_single_image image=\u00bb2998&#8243; img_size=\u00bbmedium\u00bb alignment=\u00bbcenter\u00bb style=\u00bbvc_box_shadow_3d\u00bb onclick=\u00bbcustom_link\u00bb css_animation=\u00bbnone\u00bb css=\u00bb.vc_custom_1590826796477{margin-top: 0px !important;}\u00bb link=\u00bbhttps:\/\/mugardos.gal\/es\/obras-servizos-medio-ambiente\/contacto-co-departamento-obras-servizos-medio-ambiente\/\u00bb][vc_single_image image=\u00bb3008&#8243; img_size=\u00bbmedium\u00bb alignment=\u00bbcenter\u00bb style=\u00bbvc_box_shadow_3d\u00bb onclick=\u00bbcustom_link\u00bb css=\u00bb.vc_custom_1590826802059{margin-top: -40px !important;padding-top: px !important;}\u00bb link=\u00bbhttps:\/\/mugardos.gal\/es\/obras-servizos-medio-ambiente\/solicitude-de-queima\/\u00bb][vc_single_image image=\u00bb3002&#8243; img_size=\u00bbmedium\u00bb alignment=\u00bbcenter\u00bb style=\u00bbvc_box_shadow_3d\u00bb onclick=\u00bbcustom_link\u00bb css=\u00bb.vc_custom_1590826807587{margin-top: -40px !important;}\u00bb link=\u00bbhttps:\/\/mugardos.gal\/es\/obras-servizos-medio-ambiente\/informacion-sobre-reciclaxe\/\u00bb][vc_single_image image=\u00bb2994&#8243; img_size=\u00bbmedium\u00bb alignment=\u00bbcenter\u00bb style=\u00bbvc_box_shadow_3d\u00bb onclick=\u00bbcustom_link\u00bb css=\u00bb.vc_custom_1590826813135{margin-top: -40px !important;}\u00bb link=\u00bbhttps:\/\/mugardos.gal\/es\/avisos-de-incidencias-e-avarias\/\u00bb][vc_single_image image=\u00bb3006&#8243; img_size=\u00bbmedium\u00bb alignment=\u00bbcenter\u00bb style=\u00bbvc_box_shadow_3d\u00bb onclick=\u00bbcustom_link\u00bb css=\u00bb.vc_custom_1590826818579{margin-top: -40px !important;}\u00bb link=\u00bbhttps:\/\/mugardos.gal\/es\/obras-servizos-medio-ambiente\/solicitude-de-ocupacion-da-via-publica\/\u00bb][vc_single_image [&hellip;]","og_url":"https:\/\/mugardos.gal\/es\/obras-servicios-y-medio-ambiente\/solicitud-de-queima\/","og_site_name":"Concello de Mugardos","article_modified_time":"2020-05-30T08:55:28+00:00","og_image":[{"url":"https:\/\/mugardos.gal\/wp-content\/uploads\/2020\/03\/telefono.png"}],"twitter_card":"summary_large_image","twitter_misc":{"Tiempo de lectura":"3 minutos"},"schema":{"@context":"https:\/\/schema.org","@graph":[{"@type":"WebSite","@id":"https:\/\/mugardos.gal\/#website","url":"https:\/\/mugardos.gal\/","name":"Concello de Mugardos","description":"","potentialAction":[{"@type":"SearchAction","target":{"@type":"EntryPoint","urlTemplate":"https:\/\/mugardos.gal\/?s={search_term_string}"},"query-input":"required name=search_term_string"}],"inLanguage":"es"},{"@type":"ImageObject","inLanguage":"es","@id":"https:\/\/mugardos.gal\/es\/obras-servicios-y-medio-ambiente\/solicitud-de-queima\/#primaryimage","url":"https:\/\/mugardos.gal\/wp-content\/uploads\/2020\/03\/telefono.png","contentUrl":"https:\/\/mugardos.gal\/wp-content\/uploads\/2020\/03\/telefono.png","width":100,"height":100},{"@type":"WebPage","@id":"https:\/\/mugardos.gal\/es\/obras-servicios-y-medio-ambiente\/solicitud-de-queima\/#webpage","url":"https:\/\/mugardos.gal\/es\/obras-servicios-y-medio-ambiente\/solicitud-de-queima\/","name":"SOLICITUD DE QUEMA - Concello de Mugardos","isPartOf":{"@id":"https:\/\/mugardos.gal\/#website"},"primaryImageOfPage":{"@id":"https:\/\/mugardos.gal\/es\/obras-servicios-y-medio-ambiente\/solicitud-de-queima\/#primaryimage"},"datePublished":"2020-03-25T14:23:30+00:00","dateModified":"2020-05-30T08:55:28+00:00","breadcrumb":{"@id":"https:\/\/mugardos.gal\/es\/obras-servicios-y-medio-ambiente\/solicitud-de-queima\/#breadcrumb"},"inLanguage":"es","potentialAction":[{"@type":"ReadAction","target":["https:\/\/mugardos.gal\/es\/obras-servicios-y-medio-ambiente\/solicitud-de-queima\/"]}]},{"@type":"BreadcrumbList","@id":"https:\/\/mugardos.gal\/es\/obras-servicios-y-medio-ambiente\/solicitud-de-queima\/#breadcrumb","itemListElement":[{"@type":"ListItem","position":1,"name":"Portada","item":"https:\/\/mugardos.gal\/es\/"},{"@type":"ListItem","position":2,"name":"OBRAS, SERVICIOS Y MEDIO AMBIENTE","item":"https:\/\/mugardos.gal\/es\/obras-servicios-y-medio-ambiente\/"},{"@type":"ListItem","position":3,"name":"SOLICITUD DE QUEMA"}]}]}},"_links":{"self":[{"href":"https:\/\/mugardos.gal\/es\/wp-json\/wp\/v2\/pages\/795"}],"collection":[{"href":"https:\/\/mugardos.gal\/es\/wp-json\/wp\/v2\/pages"}],"about":[{"href":"https:\/\/mugardos.gal\/es\/wp-json\/wp\/v2\/types\/page"}],"author":[{"embeddable":true,"href":"https:\/\/mugardos.gal\/es\/wp-json\/wp\/v2\/users\/4"}],"replies":[{"embeddable":true,"href":"https:\/\/mugardos.gal\/es\/wp-json\/wp\/v2\/comments?post=795"}],"version-history":[{"count":0,"href":"https:\/\/mugardos.gal\/es\/wp-json\/wp\/v2\/pages\/795\/revisions"}],"up":[{"embeddable":true,"href":"https:\/\/mugardos.gal\/es\/wp-json\/wp\/v2\/pages\/697"}],"wp:attachment":[{"href":"https:\/\/mugardos.gal\/es\/wp-json\/wp\/v2\/media?parent=795"}],"curies":[{"name":"wp","href":"https:\/\/api.w.org\/{rel}","templated":true}]}}