{"id":7541,"date":"2020-05-31T13:46:35","date_gmt":"2020-05-31T11:46:35","guid":{"rendered":"https:\/\/mugardos.gal\/mapa-del-sitio\/"},"modified":"2020-05-31T14:22:30","modified_gmt":"2020-05-31T12:22:30","slug":"mapa-del-sitio","status":"publish","type":"page","link":"https:\/\/mugardos.gal\/es\/mapa-del-sitio\/","title":{"rendered":"MAPA DEL SITIO"},"content":{"rendered":"<ul>\n<li><a href=\"https:\/\/mugardos.gal\/\">INICIO<\/a><\/li>\n<li>SERVICIOS MUNICIPALES\n<ul>\n<li><a href=\"https:\/\/mugardos.gal\/es\/obras-servizos-medio-ambiente\/\">OBRAS, SERVICIOS Y MEDIO AMBIENTE<\/a><\/li>\n<li><a href=\"https:\/\/mugardos.gal\/es\/persoal-facenda-e-participacion\/\">PERSONAL, HACIENDA Y PARTICIPACI\u00d3N<\/a><\/li>\n<li><a href=\"https:\/\/mugardos.gal\/es\/deportes\/\">DEPORTES<\/a><\/li>\n<li><a href=\"https:\/\/mugardos.gal\/es\/cultura-e-turismo\/\">CULTURA Y TURISMO<\/a><\/li>\n<li><a href=\"hthttps:\/\/mugardos.gal\/es\/urbanismo\/\">URBANISMO, REHABILITACI\u00d3N Y MOBILIDAD<\/a><\/li>\n<li><a href=\"https:\/\/mugardos.gal\/es\/benestar-social\/\">BIENESTAR SOCIAL E IGUALDAD<\/a><\/li>\n<li><a href=\"https:\/\/mugardos.gal\/es\/educacion-e-mocidade\/\">EDUCACI\u00d3N Y JUVENTUD<\/a><\/li>\n<li><a href=\"https:\/\/mugardos.gal\/es\/formacion-e-desenvolvemento\/\">FORMACI\u00d3N Y DESARROLLO<\/a><\/li>\n<\/ul>\n<\/li>\n<li><a href=\"https:\/\/mugardos.gal\/es\/eventos\/\">AGENDA<\/a><\/li>\n<li>TR\u00c1MITES\n<ul>\n<li><a href=\"https:\/\/mugardos.gal\/es\/instancias-e-solicitudes\/\">INSTANCIAS Y SOLICITUDES<\/a><\/li>\n<li><a href=\"https:\/\/sede.mugardos.gal\/opencms\/gl\/\">SEDE ELECTR\u00d3NICA<\/a><\/li>\n<li><a href=\"https:\/\/contrataciondelestado.es\/wps\/portal\/!ut\/p\/b0\/DcqxCoAgEIDhR7qmoqBB2lrcKt0uMznUU8Qaevrc_g9-0HCAZnzJYaXEGJrVZW0OxH7KttwUlsS1YEWuFnbQoJ-TDJq2y-KQW4Ma--1TQq5-6GbIMYofaKy7vQ!!\/\">PERFIL DO CONTRATANTE<\/a><\/li>\n<li><a href=\"https:\/\/sede.mugardos.gal\/opencms\/gl\/portal_transparencia\/\">PORTAL DE TRANSPARENCIA<\/a><\/li>\n<li><a href=\"https:\/\/sede.mugardos.gal\/opencms\/gl\/informacion\/verificacion_documentos\/\">VERIFICACI\u00d3N DE DOCUMENTOS<\/a><\/li>\n<\/ul>\n<\/li>\n<li><a href=\"https:\/\/mugardos.gal\/es\/directorio\/\">DIRECTORIO<\/a><\/li>\n<li><a href=\"https:\/\/mugardos.gal\/es\/corporacion\/\">CORPORACI\u00d3N<\/a><\/li>\n<\/ul>\n","protected":false},"excerpt":{"rendered":"<p>INICIO SERVICIOS MUNICIPALES OBRAS, SERVICIOS Y MEDIO AMBIENTE PERSONAL, HACIENDA Y PARTICIPACI\u00d3N DEPORTES CULTURA Y TURISMO URBANISMO, REHABILITACI\u00d3N Y MOBILIDAD BIENESTAR SOCIAL E IGUALDAD EDUCACI\u00d3N Y JUVENTUD FORMACI\u00d3N Y DESARROLLO AGENDA TR\u00c1MITES INSTANCIAS Y SOLICITUDES SEDE ELECTR\u00d3NICA PERFIL DO CONTRATANTE PORTAL DE TRANSPARENCIA VERIFICACI\u00d3N DE DOCUMENTOS DIRECTORIO CORPORACI\u00d3N<\/p>\n","protected":false},"author":4,"featured_media":0,"parent":0,"menu_order":0,"comment_status":"closed","ping_status":"closed","template":"","meta":[],"yoast_head":"<!-- This site is optimized with the Yoast SEO plugin v18.9 - https:\/\/yoast.com\/wordpress\/plugins\/seo\/ -->\n<title>MAPA DEL SITIO - Concello de Mugardos<\/title>\n<meta name=\"robots\" content=\"index, follow, max-snippet:-1, max-image-preview:large, max-video-preview:-1\" \/>\n<link rel=\"canonical\" href=\"https:\/\/mugardos.gal\/es\/mapa-del-sitio\/\" \/>\n<meta property=\"og:locale\" content=\"es_ES\" \/>\n<meta property=\"og:type\" content=\"article\" \/>\n<meta property=\"og:title\" content=\"MAPA DEL SITIO - Concello de Mugardos\" \/>\n<meta property=\"og:description\" content=\"INICIO SERVICIOS MUNICIPALES OBRAS, SERVICIOS Y MEDIO AMBIENTE PERSONAL, HACIENDA Y PARTICIPACI\u00d3N DEPORTES CULTURA Y TURISMO URBANISMO, REHABILITACI\u00d3N Y MOBILIDAD BIENESTAR SOCIAL E IGUALDAD EDUCACI\u00d3N Y JUVENTUD FORMACI\u00d3N Y DESARROLLO AGENDA TR\u00c1MITES INSTANCIAS Y SOLICITUDES SEDE ELECTR\u00d3NICA PERFIL DO CONTRATANTE PORTAL DE TRANSPARENCIA VERIFICACI\u00d3N DE DOCUMENTOS DIRECTORIO CORPORACI\u00d3N\" \/>\n<meta property=\"og:url\" content=\"https:\/\/mugardos.gal\/es\/mapa-del-sitio\/\" \/>\n<meta property=\"og:site_name\" content=\"Concello de Mugardos\" \/>\n<meta property=\"article:modified_time\" content=\"2020-05-31T12:22:30+00:00\" \/>\n<meta name=\"twitter:card\" content=\"summary_large_image\" \/>\n<script type=\"application\/ld+json\" class=\"yoast-schema-graph\">{\"@context\":\"https:\/\/schema.org\",\"@graph\":[{\"@type\":\"WebSite\",\"@id\":\"https:\/\/mugardos.gal\/#website\",\"url\":\"https:\/\/mugardos.gal\/\",\"name\":\"Concello de Mugardos\",\"description\":\"\",\"potentialAction\":[{\"@type\":\"SearchAction\",\"target\":{\"@type\":\"EntryPoint\",\"urlTemplate\":\"https:\/\/mugardos.gal\/?s={search_term_string}\"},\"query-input\":\"required name=search_term_string\"}],\"inLanguage\":\"es\"},{\"@type\":\"WebPage\",\"@id\":\"https:\/\/mugardos.gal\/es\/mapa-del-sitio\/#webpage\",\"url\":\"https:\/\/mugardos.gal\/es\/mapa-del-sitio\/\",\"name\":\"MAPA DEL SITIO - Concello de Mugardos\",\"isPartOf\":{\"@id\":\"https:\/\/mugardos.gal\/#website\"},\"datePublished\":\"2020-05-31T11:46:35+00:00\",\"dateModified\":\"2020-05-31T12:22:30+00:00\",\"breadcrumb\":{\"@id\":\"https:\/\/mugardos.gal\/es\/mapa-del-sitio\/#breadcrumb\"},\"inLanguage\":\"es\",\"potentialAction\":[{\"@type\":\"ReadAction\",\"target\":[\"https:\/\/mugardos.gal\/es\/mapa-del-sitio\/\"]}]},{\"@type\":\"BreadcrumbList\",\"@id\":\"https:\/\/mugardos.gal\/es\/mapa-del-sitio\/#breadcrumb\",\"itemListElement\":[{\"@type\":\"ListItem\",\"position\":1,\"name\":\"Portada\",\"item\":\"https:\/\/mugardos.gal\/es\/\"},{\"@type\":\"ListItem\",\"position\":2,\"name\":\"MAPA DEL SITIO\"}]}]}<\/script>\n<!-- \/ Yoast SEO plugin. -->","yoast_head_json":{"title":"MAPA DEL SITIO - Concello de Mugardos","robots":{"index":"index","follow":"follow","max-snippet":"max-snippet:-1","max-image-preview":"max-image-preview:large","max-video-preview":"max-video-preview:-1"},"canonical":"https:\/\/mugardos.gal\/es\/mapa-del-sitio\/","og_locale":"es_ES","og_type":"article","og_title":"MAPA DEL SITIO - Concello de Mugardos","og_description":"INICIO SERVICIOS MUNICIPALES OBRAS, SERVICIOS Y MEDIO AMBIENTE PERSONAL, HACIENDA Y PARTICIPACI\u00d3N DEPORTES CULTURA Y TURISMO URBANISMO, REHABILITACI\u00d3N Y MOBILIDAD BIENESTAR SOCIAL E IGUALDAD EDUCACI\u00d3N Y JUVENTUD FORMACI\u00d3N Y DESARROLLO AGENDA TR\u00c1MITES INSTANCIAS Y SOLICITUDES SEDE ELECTR\u00d3NICA PERFIL DO CONTRATANTE PORTAL DE TRANSPARENCIA VERIFICACI\u00d3N DE DOCUMENTOS DIRECTORIO CORPORACI\u00d3N","og_url":"https:\/\/mugardos.gal\/es\/mapa-del-sitio\/","og_site_name":"Concello de Mugardos","article_modified_time":"2020-05-31T12:22:30+00:00","twitter_card":"summary_large_image","schema":{"@context":"https:\/\/schema.org","@graph":[{"@type":"WebSite","@id":"https:\/\/mugardos.gal\/#website","url":"https:\/\/mugardos.gal\/","name":"Concello de Mugardos","description":"","potentialAction":[{"@type":"SearchAction","target":{"@type":"EntryPoint","urlTemplate":"https:\/\/mugardos.gal\/?s={search_term_string}"},"query-input":"required name=search_term_string"}],"inLanguage":"es"},{"@type":"WebPage","@id":"https:\/\/mugardos.gal\/es\/mapa-del-sitio\/#webpage","url":"https:\/\/mugardos.gal\/es\/mapa-del-sitio\/","name":"MAPA DEL SITIO - Concello de Mugardos","isPartOf":{"@id":"https:\/\/mugardos.gal\/#website"},"datePublished":"2020-05-31T11:46:35+00:00","dateModified":"2020-05-31T12:22:30+00:00","breadcrumb":{"@id":"https:\/\/mugardos.gal\/es\/mapa-del-sitio\/#breadcrumb"},"inLanguage":"es","potentialAction":[{"@type":"ReadAction","target":["https:\/\/mugardos.gal\/es\/mapa-del-sitio\/"]}]},{"@type":"BreadcrumbList","@id":"https:\/\/mugardos.gal\/es\/mapa-del-sitio\/#breadcrumb","itemListElement":[{"@type":"ListItem","position":1,"name":"Portada","item":"https:\/\/mugardos.gal\/es\/"},{"@type":"ListItem","position":2,"name":"MAPA DEL SITIO"}]}]}},"_links":{"self":[{"href":"https:\/\/mugardos.gal\/es\/wp-json\/wp\/v2\/pages\/7541"}],"collection":[{"href":"https:\/\/mugardos.gal\/es\/wp-json\/wp\/v2\/pages"}],"about":[{"href":"https:\/\/mugardos.gal\/es\/wp-json\/wp\/v2\/types\/page"}],"author":[{"embeddable":true,"href":"https:\/\/mugardos.gal\/es\/wp-json\/wp\/v2\/users\/4"}],"replies":[{"embeddable":true,"href":"https:\/\/mugardos.gal\/es\/wp-json\/wp\/v2\/comments?post=7541"}],"version-history":[{"count":0,"href":"https:\/\/mugardos.gal\/es\/wp-json\/wp\/v2\/pages\/7541\/revisions"}],"wp:attachment":[{"href":"https:\/\/mugardos.gal\/es\/wp-json\/wp\/v2\/media?parent=7541"}],"curies":[{"name":"wp","href":"https:\/\/api.w.org\/{rel}","templated":true}]}}