{"id":717,"date":"2020-03-24T12:47:40","date_gmt":"2020-03-24T10:47:40","guid":{"rendered":"https:\/\/mugardos.gal\/urbanismo\/"},"modified":"2020-05-30T13:15:16","modified_gmt":"2020-05-30T11:15:16","slug":"urbanismo","status":"publish","type":"page","link":"https:\/\/mugardos.gal\/es\/urbanismo\/","title":{"rendered":"URBANISMO"},"content":{"rendered":"<p>[vc_row][vc_column][vc_separator color=\u00bbchino\u00bb style=\u00bbshadow\u00bb border_width=\u00bb4&#8243;][\/vc_column][\/vc_row][vc_row][vc_column css_animation=\u00bbnone\u00bb width=\u00bb1\/4&#8243; css=\u00bb.vc_custom_1587457241042{border-radius: 25px !important;}\u00bb][vc_row_inner][vc_column_inner css=\u00bb.vc_custom_1590307713041{margin-top: -34px !important;}\u00bb][vc_single_image image=\u00bb3159&#8243; img_size=\u00bbmedium\u00bb alignment=\u00bbcenter\u00bb style=\u00bbvc_box_shadow_3d\u00bb onclick=\u00bbcustom_link\u00bb css_animation=\u00bbnone\u00bb css=\u00bb.vc_custom_1590822643653{margin-top: px !important;}\u00bb link=\u00bbhttps:\/\/mugardos.gal\/es\/urbanismo\/contacto-co-departamento-de-urbanismo\/\u00bb][vc_single_image image=\u00bb3167&#8243; img_size=\u00bbmedium\u00bb alignment=\u00bbcenter\u00bb style=\u00bbvc_box_shadow_3d\u00bb onclick=\u00bbcustom_link\u00bb css=\u00bb.vc_custom_1590822651107{margin-top: -40px !important;}\u00bb link=\u00bbhttps:\/\/mugardos.gal\/es\/urbanismo\/solicitude-de-prorroga-de-licenza-de-obras\/\u00bb][vc_single_image image=\u00bb3165&#8243; img_size=\u00bbmedium\u00bb alignment=\u00bbcenter\u00bb style=\u00bbvc_box_shadow_3d\u00bb onclick=\u00bbcustom_link\u00bb css=\u00bb.vc_custom_1590822656743{margin-top: -40px !important;}\u00bb link=\u00bbhttps:\/\/mugardos.gal\/es\/urbanismo\/punto-informacion-catastral\/\u00bb][vc_single_image image=\u00bb3163&#8243; img_size=\u00bbmedium\u00bb alignment=\u00bbcenter\u00bb style=\u00bbvc_box_shadow_3d\u00bb onclick=\u00bbcustom_link\u00bb css=\u00bb.vc_custom_1590822662269{margin-top: -40px !important;}\u00bb link=\u00bbhttps:\/\/mugardos.gal\/es\/urbanismo\/oficina-de-rehabilitacion-integral-zonas-ari\/\u00bb][vc_single_image image=\u00bb3161&#8243; img_size=\u00bbmedium\u00bb alignment=\u00bbcenter\u00bb style=\u00bbvc_box_shadow_3d\u00bb onclick=\u00bbcustom_link\u00bb css=\u00bb.vc_custom_1590822667757{margin-top: -40px !important;}\u00bb link=\u00bbhttps:\/\/mugardos.gal\/es\/urbanismo\/normativa-urbanistica\/\u00bb][vc_single_image image=\u00bb3157&#8243; img_size=\u00bbmedium\u00bb alignment=\u00bbcenter\u00bb style=\u00bbvc_box_shadow_3d\u00bb onclick=\u00bbcustom_link\u00bb css=\u00bb.vc_custom_1590822674862{margin-top: -40px !important;}\u00bb link=\u00bbhttps:\/\/mugardos.gal\/es\/buzon-de-suxestions\/\u00bb][vc_column_text]\n<!-- PRESSVILLE EVENTS : begin -->\n<section class=\"lsvr-pressville-post-grid lsvr-pressville-post-grid--events lsvr-pressville-post-grid--layout-title-top lsvr-pressville-post-grid--dark-bg\"\n    >\n    <div class=\"lsvr-pressville-post-grid__inner\">\n        <div class=\"lsvr-container\">\n            <div class=\"lsvr-pressville-post-grid__content\">\n\n                \n                    <p class=\"c-alert-message\">No hay eventos<\/p>\n\n                \n            <\/div>\n        <\/div>\n    <\/div>\n<\/section>\n<!-- PRESSVILLE EVENTS : end -->\n\n[\/vc_column_text][\/vc_column_inner][\/vc_row_inner][\/vc_column][vc_column width=\u00bb3\/4&#8243;][vc_row_inner][vc_column_inner width=\u00bb1\/4&#8243;][vc_btn title=\u00bbCOMUNICACI\u00d3N PREVIA DE OBRAS\u00bb style=\u00bbcustom\u00bb custom_background=\u00bb#55c5d1&#8243; custom_text=\u00bb#ffffff\u00bb size=\u00bblg\u00bb align=\u00bbcenter\u00bb css_animation=\u00bbnone\u00bb link=\u00bburl:https%3A%2F%2Fmugardos.gal%2Fes%2Furbanismo%2Fcomunicacion-previa-de-obras-urbanismo%2F|title:COMUNICACI%C3%93N%20PREVIA%20DE%20OBRAS|\u00bb css=\u00bb.vc_custom_1589553955526{padding-right: 20px !important;padding-left: 20px !important;}\u00bb][\/vc_column_inner][vc_column_inner width=\u00bb1\/4&#8243;][vc_btn title=\u00bbPEDIR CITA CON LAS T\u00c9CNICAS\u00bb style=\u00bbcustom\u00bb custom_background=\u00bb#4699c2&#8243; custom_text=\u00bb#ffffff\u00bb size=\u00bblg\u00bb align=\u00bbcenter\u00bb css_animation=\u00bbnone\u00bb custom_onclick=\u00bbtrue\u00bb link=\u00bburl:https%3A%2F%2Fmugardos.gal%2Fes%2Furbanismo%2Fpedir-cita-con-las-tecnicas-de-urbanismo%2F|title:PEDIR%20CITA%20CON%20LAS%20T%C3%89CNICAS%20DE%20URBANISMO|\u00bb css=\u00bb.vc_custom_1590837287154{padding-right: 20px !important;padding-left: 20px !important;}\u00bb][\/vc_column_inner][vc_column_inner width=\u00bb1\/4&#8243;][vc_btn title=\u00bbLICENCIA MUNICIPAL DE OBRA MAYOR\u00bb style=\u00bbcustom\u00bb custom_background=\u00bb#ffd574&#8243; custom_text=\u00bb#ffffff\u00bb size=\u00bblg\u00bb align=\u00bbcenter\u00bb css_animation=\u00bbnone\u00bb custom_onclick=\u00bbtrue\u00bb link=\u00bburl:https%3A%2F%2Fmugardos.gal%2Fes%2Furbanismo%2Flicencia-de-obra-mayor%2F|title:LICENCIA%20DE%20OBRA%20MAYOR|\u00bb css=\u00bb.vc_custom_1590517633153{padding-right: 20px !important;padding-left: 20px !important;}\u00bb][\/vc_column_inner][vc_column_inner width=\u00bb1\/4&#8243;][vc_btn title=\u00bbSOLICITUD OCUPACI\u00d3N V\u00cdA P\u00daBLICA\u00bb style=\u00bbcustom\u00bb custom_background=\u00bb#f79c65&#8243; custom_text=\u00bb#ffffff\u00bb size=\u00bblg\u00bb align=\u00bbcenter\u00bb css_animation=\u00bbnone\u00bb custom_onclick=\u00bbtrue\u00bb link=\u00bburl:https%3A%2F%2Fmugardos.gal%2Fes%2Furbanismo%2Fsolicitud-de-ocupacion-de-la-via-publica%2F|title:SOLICITUDE%20DE%20OCUPACI%C3%93N%20DA%20V%C3%8DA%20P%C3%9ABLICA|\u00bb css=\u00bb.vc_custom_1590837316682{padding-right: 20px !important;padding-left: 20px !important;}\u00bb][\/vc_column_inner][\/vc_row_inner][vc_separator style=\u00bbshadow\u00bb border_width=\u00bb4&#8243;][vc_column_text]\n<h2 class=\"lsvr-pressville-post-grid__title\">\u00daLTIMAS NOTICIAS DE URBANISMO<\/h2>\n<p>[\/vc_column_text][vc_basic_grid post_type=\u00bbpost\u00bb max_items=\u00bb\u00bb style=\u00bbpagination\u00bb items_per_page=\u00bb6&#8243; paging_design=\u00bbpagination_square\u00bb paging_color=\u00bbblack\u00bb item=\u00bb1347&#8243; grid_id=\u00bbvc_gid:1590837293048-fae4ce29-eff3-4&#8243; taxonomies=\u00bb26&#8243;][\/vc_column][\/vc_row]\n","protected":false},"excerpt":{"rendered":"<p>[vc_row][vc_column][vc_separator color=\u00bbchino\u00bb style=\u00bbshadow\u00bb border_width=\u00bb4&#8243;][\/vc_column][\/vc_row][vc_row][vc_column css_animation=\u00bbnone\u00bb width=\u00bb1\/4&#8243; css=\u00bb.vc_custom_1587457241042{border-radius: 25px !important;}\u00bb][vc_row_inner][vc_column_inner css=\u00bb.vc_custom_1590307713041{margin-top: -34px !important;}\u00bb][vc_single_image image=\u00bb3159&#8243; img_size=\u00bbmedium\u00bb alignment=\u00bbcenter\u00bb style=\u00bbvc_box_shadow_3d\u00bb onclick=\u00bbcustom_link\u00bb css_animation=\u00bbnone\u00bb css=\u00bb.vc_custom_1590822643653{margin-top: px !important;}\u00bb link=\u00bbhttps:\/\/mugardos.gal\/es\/urbanismo\/contacto-co-departamento-de-urbanismo\/\u00bb][vc_single_image image=\u00bb3167&#8243; img_size=\u00bbmedium\u00bb alignment=\u00bbcenter\u00bb style=\u00bbvc_box_shadow_3d\u00bb onclick=\u00bbcustom_link\u00bb css=\u00bb.vc_custom_1590822651107{margin-top: -40px !important;}\u00bb link=\u00bbhttps:\/\/mugardos.gal\/es\/urbanismo\/solicitude-de-prorroga-de-licenza-de-obras\/\u00bb][vc_single_image image=\u00bb3165&#8243; img_size=\u00bbmedium\u00bb alignment=\u00bbcenter\u00bb style=\u00bbvc_box_shadow_3d\u00bb onclick=\u00bbcustom_link\u00bb css=\u00bb.vc_custom_1590822656743{margin-top: -40px !important;}\u00bb link=\u00bbhttps:\/\/mugardos.gal\/es\/urbanismo\/punto-informacion-catastral\/\u00bb][vc_single_image image=\u00bb3163&#8243; img_size=\u00bbmedium\u00bb alignment=\u00bbcenter\u00bb style=\u00bbvc_box_shadow_3d\u00bb onclick=\u00bbcustom_link\u00bb css=\u00bb.vc_custom_1590822662269{margin-top: -40px !important;}\u00bb link=\u00bbhttps:\/\/mugardos.gal\/es\/urbanismo\/oficina-de-rehabilitacion-integral-zonas-ari\/\u00bb][vc_single_image image=\u00bb3161&#8243; img_size=\u00bbmedium\u00bb alignment=\u00bbcenter\u00bb style=\u00bbvc_box_shadow_3d\u00bb onclick=\u00bbcustom_link\u00bb css=\u00bb.vc_custom_1590822667757{margin-top: [&hellip;]<\/p>\n","protected":false},"author":4,"featured_media":0,"parent":0,"menu_order":0,"comment_status":"closed","ping_status":"closed","template":"","meta":[],"yoast_head":"<!-- This site is optimized with the Yoast SEO plugin v18.9 - https:\/\/yoast.com\/wordpress\/plugins\/seo\/ -->\n<title>URBANISMO - Concello de Mugardos<\/title>\n<meta name=\"robots\" content=\"index, follow, max-snippet:-1, max-image-preview:large, max-video-preview:-1\" \/>\n<link rel=\"canonical\" href=\"https:\/\/mugardos.gal\/es\/urbanismo\/\" \/>\n<meta property=\"og:locale\" content=\"es_ES\" \/>\n<meta property=\"og:type\" content=\"article\" \/>\n<meta property=\"og:title\" content=\"URBANISMO - Concello de Mugardos\" \/>\n<meta property=\"og:description\" content=\"[vc_row][vc_column][vc_separator color=\u00bbchino\u00bb style=\u00bbshadow\u00bb border_width=\u00bb4&#8243;][\/vc_column][\/vc_row][vc_row][vc_column css_animation=\u00bbnone\u00bb width=\u00bb1\/4&#8243; css=\u00bb.vc_custom_1587457241042{border-radius: 25px !important;}\u00bb][vc_row_inner][vc_column_inner css=\u00bb.vc_custom_1590307713041{margin-top: -34px !important;}\u00bb][vc_single_image image=\u00bb3159&#8243; img_size=\u00bbmedium\u00bb alignment=\u00bbcenter\u00bb style=\u00bbvc_box_shadow_3d\u00bb onclick=\u00bbcustom_link\u00bb css_animation=\u00bbnone\u00bb css=\u00bb.vc_custom_1590822643653{margin-top: px !important;}\u00bb link=\u00bbhttps:\/\/mugardos.gal\/es\/urbanismo\/contacto-co-departamento-de-urbanismo\/\u00bb][vc_single_image image=\u00bb3167&#8243; img_size=\u00bbmedium\u00bb alignment=\u00bbcenter\u00bb style=\u00bbvc_box_shadow_3d\u00bb onclick=\u00bbcustom_link\u00bb css=\u00bb.vc_custom_1590822651107{margin-top: -40px !important;}\u00bb link=\u00bbhttps:\/\/mugardos.gal\/es\/urbanismo\/solicitude-de-prorroga-de-licenza-de-obras\/\u00bb][vc_single_image image=\u00bb3165&#8243; img_size=\u00bbmedium\u00bb alignment=\u00bbcenter\u00bb style=\u00bbvc_box_shadow_3d\u00bb onclick=\u00bbcustom_link\u00bb css=\u00bb.vc_custom_1590822656743{margin-top: -40px !important;}\u00bb link=\u00bbhttps:\/\/mugardos.gal\/es\/urbanismo\/punto-informacion-catastral\/\u00bb][vc_single_image image=\u00bb3163&#8243; img_size=\u00bbmedium\u00bb alignment=\u00bbcenter\u00bb style=\u00bbvc_box_shadow_3d\u00bb onclick=\u00bbcustom_link\u00bb css=\u00bb.vc_custom_1590822662269{margin-top: -40px !important;}\u00bb link=\u00bbhttps:\/\/mugardos.gal\/es\/urbanismo\/oficina-de-rehabilitacion-integral-zonas-ari\/\u00bb][vc_single_image image=\u00bb3161&#8243; img_size=\u00bbmedium\u00bb alignment=\u00bbcenter\u00bb style=\u00bbvc_box_shadow_3d\u00bb onclick=\u00bbcustom_link\u00bb css=\u00bb.vc_custom_1590822667757{margin-top: [&hellip;]\" \/>\n<meta property=\"og:url\" content=\"https:\/\/mugardos.gal\/es\/urbanismo\/\" \/>\n<meta property=\"og:site_name\" content=\"Concello de Mugardos\" \/>\n<meta property=\"article:modified_time\" content=\"2020-05-30T11:15:16+00:00\" \/>\n<meta name=\"twitter:card\" content=\"summary_large_image\" \/>\n<meta name=\"twitter:label1\" content=\"Tiempo de lectura\" \/>\n\t<meta name=\"twitter:data1\" content=\"3 minutos\" \/>\n<script type=\"application\/ld+json\" class=\"yoast-schema-graph\">{\"@context\":\"https:\/\/schema.org\",\"@graph\":[{\"@type\":\"WebSite\",\"@id\":\"https:\/\/mugardos.gal\/#website\",\"url\":\"https:\/\/mugardos.gal\/\",\"name\":\"Concello de Mugardos\",\"description\":\"\",\"potentialAction\":[{\"@type\":\"SearchAction\",\"target\":{\"@type\":\"EntryPoint\",\"urlTemplate\":\"https:\/\/mugardos.gal\/?s={search_term_string}\"},\"query-input\":\"required name=search_term_string\"}],\"inLanguage\":\"es\"},{\"@type\":\"WebPage\",\"@id\":\"https:\/\/mugardos.gal\/es\/urbanismo\/#webpage\",\"url\":\"https:\/\/mugardos.gal\/es\/urbanismo\/\",\"name\":\"URBANISMO - Concello de Mugardos\",\"isPartOf\":{\"@id\":\"https:\/\/mugardos.gal\/#website\"},\"datePublished\":\"2020-03-24T10:47:40+00:00\",\"dateModified\":\"2020-05-30T11:15:16+00:00\",\"breadcrumb\":{\"@id\":\"https:\/\/mugardos.gal\/es\/urbanismo\/#breadcrumb\"},\"inLanguage\":\"es\",\"potentialAction\":[{\"@type\":\"ReadAction\",\"target\":[\"https:\/\/mugardos.gal\/es\/urbanismo\/\"]}]},{\"@type\":\"BreadcrumbList\",\"@id\":\"https:\/\/mugardos.gal\/es\/urbanismo\/#breadcrumb\",\"itemListElement\":[{\"@type\":\"ListItem\",\"position\":1,\"name\":\"Portada\",\"item\":\"https:\/\/mugardos.gal\/es\/\"},{\"@type\":\"ListItem\",\"position\":2,\"name\":\"URBANISMO\"}]}]}<\/script>\n<!-- \/ Yoast SEO plugin. -->","yoast_head_json":{"title":"URBANISMO - Concello de Mugardos","robots":{"index":"index","follow":"follow","max-snippet":"max-snippet:-1","max-image-preview":"max-image-preview:large","max-video-preview":"max-video-preview:-1"},"canonical":"https:\/\/mugardos.gal\/es\/urbanismo\/","og_locale":"es_ES","og_type":"article","og_title":"URBANISMO - Concello de Mugardos","og_description":"[vc_row][vc_column][vc_separator color=\u00bbchino\u00bb style=\u00bbshadow\u00bb border_width=\u00bb4&#8243;][\/vc_column][\/vc_row][vc_row][vc_column css_animation=\u00bbnone\u00bb width=\u00bb1\/4&#8243; css=\u00bb.vc_custom_1587457241042{border-radius: 25px !important;}\u00bb][vc_row_inner][vc_column_inner css=\u00bb.vc_custom_1590307713041{margin-top: -34px !important;}\u00bb][vc_single_image image=\u00bb3159&#8243; img_size=\u00bbmedium\u00bb alignment=\u00bbcenter\u00bb style=\u00bbvc_box_shadow_3d\u00bb onclick=\u00bbcustom_link\u00bb css_animation=\u00bbnone\u00bb css=\u00bb.vc_custom_1590822643653{margin-top: px !important;}\u00bb link=\u00bbhttps:\/\/mugardos.gal\/es\/urbanismo\/contacto-co-departamento-de-urbanismo\/\u00bb][vc_single_image image=\u00bb3167&#8243; img_size=\u00bbmedium\u00bb alignment=\u00bbcenter\u00bb style=\u00bbvc_box_shadow_3d\u00bb onclick=\u00bbcustom_link\u00bb css=\u00bb.vc_custom_1590822651107{margin-top: -40px !important;}\u00bb link=\u00bbhttps:\/\/mugardos.gal\/es\/urbanismo\/solicitude-de-prorroga-de-licenza-de-obras\/\u00bb][vc_single_image image=\u00bb3165&#8243; img_size=\u00bbmedium\u00bb alignment=\u00bbcenter\u00bb style=\u00bbvc_box_shadow_3d\u00bb onclick=\u00bbcustom_link\u00bb css=\u00bb.vc_custom_1590822656743{margin-top: -40px !important;}\u00bb link=\u00bbhttps:\/\/mugardos.gal\/es\/urbanismo\/punto-informacion-catastral\/\u00bb][vc_single_image image=\u00bb3163&#8243; img_size=\u00bbmedium\u00bb alignment=\u00bbcenter\u00bb style=\u00bbvc_box_shadow_3d\u00bb onclick=\u00bbcustom_link\u00bb css=\u00bb.vc_custom_1590822662269{margin-top: -40px !important;}\u00bb link=\u00bbhttps:\/\/mugardos.gal\/es\/urbanismo\/oficina-de-rehabilitacion-integral-zonas-ari\/\u00bb][vc_single_image image=\u00bb3161&#8243; img_size=\u00bbmedium\u00bb alignment=\u00bbcenter\u00bb style=\u00bbvc_box_shadow_3d\u00bb onclick=\u00bbcustom_link\u00bb css=\u00bb.vc_custom_1590822667757{margin-top: [&hellip;]","og_url":"https:\/\/mugardos.gal\/es\/urbanismo\/","og_site_name":"Concello de Mugardos","article_modified_time":"2020-05-30T11:15:16+00:00","twitter_card":"summary_large_image","twitter_misc":{"Tiempo de lectura":"3 minutos"},"schema":{"@context":"https:\/\/schema.org","@graph":[{"@type":"WebSite","@id":"https:\/\/mugardos.gal\/#website","url":"https:\/\/mugardos.gal\/","name":"Concello de Mugardos","description":"","potentialAction":[{"@type":"SearchAction","target":{"@type":"EntryPoint","urlTemplate":"https:\/\/mugardos.gal\/?s={search_term_string}"},"query-input":"required name=search_term_string"}],"inLanguage":"es"},{"@type":"WebPage","@id":"https:\/\/mugardos.gal\/es\/urbanismo\/#webpage","url":"https:\/\/mugardos.gal\/es\/urbanismo\/","name":"URBANISMO - Concello de Mugardos","isPartOf":{"@id":"https:\/\/mugardos.gal\/#website"},"datePublished":"2020-03-24T10:47:40+00:00","dateModified":"2020-05-30T11:15:16+00:00","breadcrumb":{"@id":"https:\/\/mugardos.gal\/es\/urbanismo\/#breadcrumb"},"inLanguage":"es","potentialAction":[{"@type":"ReadAction","target":["https:\/\/mugardos.gal\/es\/urbanismo\/"]}]},{"@type":"BreadcrumbList","@id":"https:\/\/mugardos.gal\/es\/urbanismo\/#breadcrumb","itemListElement":[{"@type":"ListItem","position":1,"name":"Portada","item":"https:\/\/mugardos.gal\/es\/"},{"@type":"ListItem","position":2,"name":"URBANISMO"}]}]}},"_links":{"self":[{"href":"https:\/\/mugardos.gal\/es\/wp-json\/wp\/v2\/pages\/717"}],"collection":[{"href":"https:\/\/mugardos.gal\/es\/wp-json\/wp\/v2\/pages"}],"about":[{"href":"https:\/\/mugardos.gal\/es\/wp-json\/wp\/v2\/types\/page"}],"author":[{"embeddable":true,"href":"https:\/\/mugardos.gal\/es\/wp-json\/wp\/v2\/users\/4"}],"replies":[{"embeddable":true,"href":"https:\/\/mugardos.gal\/es\/wp-json\/wp\/v2\/comments?post=717"}],"version-history":[{"count":0,"href":"https:\/\/mugardos.gal\/es\/wp-json\/wp\/v2\/pages\/717\/revisions"}],"wp:attachment":[{"href":"https:\/\/mugardos.gal\/es\/wp-json\/wp\/v2\/media?parent=717"}],"curies":[{"name":"wp","href":"https:\/\/api.w.org\/{rel}","templated":true}]}}