{"id":6413,"date":"2020-05-28T21:37:02","date_gmt":"2020-05-28T19:37:02","guid":{"rendered":"https:\/\/mugardos.gal\/urbanismo\/solicitud-de-prorroga-de-licencia-de-obras\/"},"modified":"2020-09-23T12:47:32","modified_gmt":"2020-09-23T10:47:32","slug":"solicitud-de-prorroga-de-licencia-de-obras","status":"publish","type":"page","link":"https:\/\/mugardos.gal\/es\/urbanismo\/solicitud-de-prorroga-de-licencia-de-obras\/","title":{"rendered":"SOLICITUD DE PR\u00d3RROGA DE LICENCIA DE OBRAS"},"content":{"rendered":"<p>[vc_row][vc_column][vc_separator color=\u00bbchino\u00bb style=\u00bbshadow\u00bb border_width=\u00bb4&#8243;][\/vc_column][\/vc_row][vc_row][vc_column width=\u00bb1\/4&#8243; offset=\u00bbvc_hidden-sm vc_hidden-xs\u00bb][vc_row_inner][vc_column_inner css=\u00bb.vc_custom_1590308701037{margin-top: 0px !important;}\u00bb][vc_single_image image=\u00bb3159&#8243; img_size=\u00bbmedium\u00bb alignment=\u00bbcenter\u00bb style=\u00bbvc_box_shadow_3d\u00bb onclick=\u00bbcustom_link\u00bb css_animation=\u00bbnone\u00bb css=\u00bb.vc_custom_1590307537935{margin-top: px !important;}\u00bb link=\u00bbhttps:\/\/mugardos.gal\/urbanismo\/contacto-co-departamento-de-urbanismo\/\u00bb][vc_single_image image=\u00bb3167&#8243; img_size=\u00bbmedium\u00bb alignment=\u00bbcenter\u00bb style=\u00bbvc_box_shadow_3d\u00bb onclick=\u00bbcustom_link\u00bb css=\u00bb.vc_custom_1590307555859{margin-top: -40px !important;}\u00bb link=\u00bbhttps:\/\/mugardos.gal\/urbanismo\/solicitude-de-prorroga-de-licenza-de-obras\/\u00bb][vc_single_image image=\u00bb3165&#8243; img_size=\u00bbmedium\u00bb alignment=\u00bbcenter\u00bb style=\u00bbvc_box_shadow_3d\u00bb onclick=\u00bbcustom_link\u00bb css=\u00bb.vc_custom_1590591917622{margin-top: -40px !important;}\u00bb link=\u00bbhttps:\/\/mugardos.gal\/urbanismo\/punto-informacion-catastral\/\u00bb][vc_single_image image=\u00bb3163&#8243; img_size=\u00bbmedium\u00bb alignment=\u00bbcenter\u00bb style=\u00bbvc_box_shadow_3d\u00bb onclick=\u00bbcustom_link\u00bb css=\u00bb.vc_custom_1590307602368{margin-top: -40px !important;}\u00bb link=\u00bbhttps:\/\/mugardos.gal\/urbanismo\/oficina-de-rehabilitacion-integral-zonas-ari\/\u00bb][vc_single_image image=\u00bb3161&#8243; img_size=\u00bbmedium\u00bb alignment=\u00bbcenter\u00bb style=\u00bbvc_box_shadow_3d\u00bb onclick=\u00bbcustom_link\u00bb css=\u00bb.vc_custom_1590307618069{margin-top: -40px !important;}\u00bb link=\u00bbhttps:\/\/mugardos.gal\/urbanismo\/normativa-urbanistica\/\u00bb][vc_single_image image=\u00bb3157&#8243; img_size=\u00bbmedium\u00bb alignment=\u00bbcenter\u00bb style=\u00bbvc_box_shadow_3d\u00bb onclick=\u00bbcustom_link\u00bb css=\u00bb.vc_custom_1590307638978{margin-top: -40px !important;}\u00bb link=\u00bbhttps:\/\/mugardos.gal\/buzon-de-suxestions\/\u00bb][vc_column_text]\n<!-- PRESSVILLE EVENTS : begin -->\n<section class=\"lsvr-pressville-post-grid lsvr-pressville-post-grid--events lsvr-pressville-post-grid--layout-title-top lsvr-pressville-post-grid--dark-bg\"\n    >\n    <div class=\"lsvr-pressville-post-grid__inner\">\n        <div class=\"lsvr-container\">\n            <div class=\"lsvr-pressville-post-grid__content\">\n\n                \n                    <p class=\"c-alert-message\">No hay eventos<\/p>\n\n                \n            <\/div>\n        <\/div>\n    <\/div>\n<\/section>\n<!-- PRESSVILLE EVENTS : end -->\n\n[\/vc_column_text][\/vc_column_inner][\/vc_row_inner][\/vc_column][vc_column width=\u00bb3\/4&#8243;][vc_column_text]\n<p style=\"text-align: justify;\">El procedimiento administrativo de la pr\u00f3rroga de licencia de obras regula solicitud y concesi\u00f3n de una pr\u00f3rroga para iniciar o ampliar el plazo de ejecuci\u00f3n de las obras amparadas por una licencia ya concedida con anterioridad.<\/p>\n<p style=\"text-align: justify;\"><strong><em>INSTANCIA<\/em><\/strong><\/p>\n<p style=\"text-align: justify;\"><img loading=\"lazy\" class=\"alignnone wp-image-581\" src=\"https:\/\/mugardos.gal\/wp-content\/uploads\/2020\/03\/pdf.png\" alt=\"\" width=\"40\" height=\"40\" \/> <a href=\"https:\/\/mugardos.gal\/wp-content\/uploads\/2020\/03\/Instancia-pr\u00f3rroga-de-licenza-de-obras.pdf\">DESCARGAR PDF Instancia solicitud de pr\u00f3rroga de licencia de obras<\/a><\/p>\n<p style=\"text-align: justify;\"><strong><em>TRAMITACI\u00d3N Y\u00a0<\/em><\/strong><b><i>REGISTRO<\/i><\/b><\/p>\n<p style=\"text-align: justify;\">Una vez cumplimentada la instancia y adjuntada la documentaci\u00f3n necesaria para la presentaci\u00f3n, la solicitud deber\u00e1 ser registrada en el Ayuntamiento por alguna de estas dos canales:<\/p>\n<ul style=\"text-align: justify;\">\n<li><strong>Registro General de entrada: en las oficinas municipales<\/strong><\/li>\n<\/ul>\n<p style=\"padding-left: 40px; text-align: justify;\"><img loading=\"lazy\" class=\"alignnone wp-image-596\" src=\"https:\/\/mugardos.gal\/wp-content\/uploads\/2020\/03\/direcci\u00f3n.png\" alt=\"\" width=\"30\" height=\"30\" \/>Avenida de Galicia n\u00ba 45, bajo<\/p>\n<p style=\"padding-left: 40px; text-align: justify;\"><img loading=\"lazy\" class=\"alignnone wp-image-609\" src=\"https:\/\/mugardos.gal\/wp-content\/uploads\/2020\/03\/hora.png\" alt=\"\" width=\"30\" height=\"30\" \/>Horario de atenci\u00f3n al p\u00fablico de lunes a viernes, de 9.00 a 14.00 horas<\/p>\n<ul style=\"text-align: justify;\">\n<li><b>Sede electr\u00f3nica municipal: requiere identificaci\u00f3n\u00a0digital<\/b> (DNIe\/Certificado digital \u2013 Cl@ve PIN &#8211; Cl@ve permanente)<\/li>\n<\/ul>\n<p style=\"padding-left: 40px; text-align: justify;\"><img loading=\"lazy\" class=\"alignnone wp-image-602\" src=\"https:\/\/mugardos.gal\/wp-content\/uploads\/2020\/03\/web.png\" alt=\"\" width=\"30\" height=\"30\" \/><a href=\"https:\/\/sede.concellodemugardos.gal\/opencms\/gl\/\">IR AL ENLACE Acceder a la Sede electr\u00f3nica del Ayuntamiento de Mugardos<\/a><\/p>\n<p style=\"text-align: justify;\">Una vez presentada, y en el caso de encontrarse la documentaci\u00f3n completa, la persona solicitante deber\u00e1 esperar la concesi\u00f3n de la licencia por parte del \u00f3rgano municipal.<\/p>\n<p style=\"text-align: justify;\"><strong><em>NORMATIVA MUNICIPAL REGULADORA<\/em><\/strong><\/p>\n<p style=\"text-align: justify;\">Existe una ordenanza municipal vigente que regula el pago por la concesi\u00f3n de pr\u00f3rrogas de las licencias de obras, la ordenanza fiscal n.\u00ba 9, reguladora de la tasa por la expedici\u00f3n de documentos administrativos:<\/p>\n<p style=\"text-align: justify;\"><img loading=\"lazy\" class=\"alignnone wp-image-581\" src=\"https:\/\/mugardos.gal\/wp-content\/uploads\/2020\/03\/pdf.png\" alt=\"\" width=\"40\" height=\"40\" \/> <a href=\"https:\/\/mugardos.gal\/wp-content\/uploads\/2020\/03\/Ordenanza-expedici\u00f3n-documentos.pdf\">DESCARGAR PDF Ordenanza municipal tasa por la expedici\u00f3n de documentos<\/a><\/p>\n<p style=\"text-align: justify;\">En el siguiente enlace al apartado de instancias y solicitudes de la web est\u00e1n disponibles todas las instancias del departamento de urbanismo:<\/p>\n<p style=\"text-align: justify;\"><img loading=\"lazy\" class=\"alignnone wp-image-602\" src=\"https:\/\/mugardos.gal\/wp-content\/uploads\/2020\/03\/web.png\" alt=\"\" width=\"30\" height=\"30\" \/> <a href=\"https:\/\/mugardos.gal\/es\/instancias-y-solicitudes\/\">IR AL ENLACE Instancias y solicitudes municipales<\/a><\/p>\n<p>[\/vc_column_text][\/vc_column][\/vc_row]\n","protected":false},"excerpt":{"rendered":"<p>[vc_row][vc_column][vc_separator color=\u00bbchino\u00bb style=\u00bbshadow\u00bb border_width=\u00bb4&#8243;][\/vc_column][\/vc_row][vc_row][vc_column width=\u00bb1\/4&#8243; offset=\u00bbvc_hidden-sm vc_hidden-xs\u00bb][vc_row_inner][vc_column_inner css=\u00bb.vc_custom_1590308701037{margin-top: 0px !important;}\u00bb][vc_single_image image=\u00bb3159&#8243; img_size=\u00bbmedium\u00bb alignment=\u00bbcenter\u00bb style=\u00bbvc_box_shadow_3d\u00bb onclick=\u00bbcustom_link\u00bb css_animation=\u00bbnone\u00bb css=\u00bb.vc_custom_1590307537935{margin-top: px !important;}\u00bb link=\u00bbhttps:\/\/mugardos.gal\/urbanismo\/contacto-co-departamento-de-urbanismo\/\u00bb][vc_single_image image=\u00bb3167&#8243; img_size=\u00bbmedium\u00bb alignment=\u00bbcenter\u00bb style=\u00bbvc_box_shadow_3d\u00bb onclick=\u00bbcustom_link\u00bb css=\u00bb.vc_custom_1590307555859{margin-top: -40px !important;}\u00bb link=\u00bbhttps:\/\/mugardos.gal\/urbanismo\/solicitude-de-prorroga-de-licenza-de-obras\/\u00bb][vc_single_image image=\u00bb3165&#8243; img_size=\u00bbmedium\u00bb alignment=\u00bbcenter\u00bb style=\u00bbvc_box_shadow_3d\u00bb onclick=\u00bbcustom_link\u00bb css=\u00bb.vc_custom_1590591917622{margin-top: -40px !important;}\u00bb link=\u00bbhttps:\/\/mugardos.gal\/urbanismo\/punto-informacion-catastral\/\u00bb][vc_single_image image=\u00bb3163&#8243; img_size=\u00bbmedium\u00bb alignment=\u00bbcenter\u00bb style=\u00bbvc_box_shadow_3d\u00bb onclick=\u00bbcustom_link\u00bb css=\u00bb.vc_custom_1590307602368{margin-top: -40px !important;}\u00bb link=\u00bbhttps:\/\/mugardos.gal\/urbanismo\/oficina-de-rehabilitacion-integral-zonas-ari\/\u00bb][vc_single_image image=\u00bb3161&#8243; img_size=\u00bbmedium\u00bb alignment=\u00bbcenter\u00bb style=\u00bbvc_box_shadow_3d\u00bb onclick=\u00bbcustom_link\u00bb css=\u00bb.vc_custom_1590307618069{margin-top: -40px !important;}\u00bb [&hellip;]<\/p>\n","protected":false},"author":4,"featured_media":0,"parent":717,"menu_order":0,"comment_status":"closed","ping_status":"closed","template":"","meta":[],"yoast_head":"<!-- This site is optimized with the Yoast SEO plugin v18.9 - https:\/\/yoast.com\/wordpress\/plugins\/seo\/ -->\n<title>SOLICITUD DE PR\u00d3RROGA DE LICENCIA DE OBRAS - Concello de Mugardos<\/title>\n<meta name=\"robots\" content=\"index, follow, max-snippet:-1, max-image-preview:large, max-video-preview:-1\" \/>\n<link rel=\"canonical\" href=\"https:\/\/mugardos.gal\/es\/urbanismo\/solicitud-de-prorroga-de-licencia-de-obras\/\" \/>\n<meta property=\"og:locale\" content=\"es_ES\" \/>\n<meta property=\"og:type\" content=\"article\" \/>\n<meta property=\"og:title\" content=\"SOLICITUD DE PR\u00d3RROGA DE LICENCIA DE OBRAS - Concello de Mugardos\" \/>\n<meta property=\"og:description\" content=\"[vc_row][vc_column][vc_separator color=\u00bbchino\u00bb style=\u00bbshadow\u00bb border_width=\u00bb4&#8243;][\/vc_column][\/vc_row][vc_row][vc_column width=\u00bb1\/4&#8243; offset=\u00bbvc_hidden-sm vc_hidden-xs\u00bb][vc_row_inner][vc_column_inner css=\u00bb.vc_custom_1590308701037{margin-top: 0px !important;}\u00bb][vc_single_image image=\u00bb3159&#8243; img_size=\u00bbmedium\u00bb alignment=\u00bbcenter\u00bb style=\u00bbvc_box_shadow_3d\u00bb onclick=\u00bbcustom_link\u00bb css_animation=\u00bbnone\u00bb css=\u00bb.vc_custom_1590307537935{margin-top: px !important;}\u00bb link=\u00bbhttps:\/\/mugardos.gal\/urbanismo\/contacto-co-departamento-de-urbanismo\/\u00bb][vc_single_image image=\u00bb3167&#8243; img_size=\u00bbmedium\u00bb alignment=\u00bbcenter\u00bb style=\u00bbvc_box_shadow_3d\u00bb onclick=\u00bbcustom_link\u00bb css=\u00bb.vc_custom_1590307555859{margin-top: -40px !important;}\u00bb link=\u00bbhttps:\/\/mugardos.gal\/urbanismo\/solicitude-de-prorroga-de-licenza-de-obras\/\u00bb][vc_single_image image=\u00bb3165&#8243; img_size=\u00bbmedium\u00bb alignment=\u00bbcenter\u00bb style=\u00bbvc_box_shadow_3d\u00bb onclick=\u00bbcustom_link\u00bb css=\u00bb.vc_custom_1590591917622{margin-top: -40px !important;}\u00bb link=\u00bbhttps:\/\/mugardos.gal\/urbanismo\/punto-informacion-catastral\/\u00bb][vc_single_image image=\u00bb3163&#8243; img_size=\u00bbmedium\u00bb alignment=\u00bbcenter\u00bb style=\u00bbvc_box_shadow_3d\u00bb onclick=\u00bbcustom_link\u00bb css=\u00bb.vc_custom_1590307602368{margin-top: -40px !important;}\u00bb link=\u00bbhttps:\/\/mugardos.gal\/urbanismo\/oficina-de-rehabilitacion-integral-zonas-ari\/\u00bb][vc_single_image image=\u00bb3161&#8243; img_size=\u00bbmedium\u00bb alignment=\u00bbcenter\u00bb style=\u00bbvc_box_shadow_3d\u00bb onclick=\u00bbcustom_link\u00bb css=\u00bb.vc_custom_1590307618069{margin-top: -40px !important;}\u00bb [&hellip;]\" \/>\n<meta property=\"og:url\" content=\"https:\/\/mugardos.gal\/es\/urbanismo\/solicitud-de-prorroga-de-licencia-de-obras\/\" \/>\n<meta property=\"og:site_name\" content=\"Concello de Mugardos\" \/>\n<meta property=\"article:modified_time\" content=\"2020-09-23T10:47:32+00:00\" \/>\n<meta property=\"og:image\" content=\"https:\/\/mugardos.gal\/wp-content\/uploads\/2020\/03\/pdf.png\" \/>\n<meta name=\"twitter:card\" content=\"summary_large_image\" \/>\n<meta name=\"twitter:label1\" content=\"Tiempo de lectura\" \/>\n\t<meta name=\"twitter:data1\" content=\"3 minutos\" \/>\n<script type=\"application\/ld+json\" class=\"yoast-schema-graph\">{\"@context\":\"https:\/\/schema.org\",\"@graph\":[{\"@type\":\"WebSite\",\"@id\":\"https:\/\/mugardos.gal\/#website\",\"url\":\"https:\/\/mugardos.gal\/\",\"name\":\"Concello de Mugardos\",\"description\":\"\",\"potentialAction\":[{\"@type\":\"SearchAction\",\"target\":{\"@type\":\"EntryPoint\",\"urlTemplate\":\"https:\/\/mugardos.gal\/?s={search_term_string}\"},\"query-input\":\"required name=search_term_string\"}],\"inLanguage\":\"es\"},{\"@type\":\"ImageObject\",\"inLanguage\":\"es\",\"@id\":\"https:\/\/mugardos.gal\/es\/urbanismo\/solicitud-de-prorroga-de-licencia-de-obras\/#primaryimage\",\"url\":\"https:\/\/mugardos.gal\/wp-content\/uploads\/2020\/03\/pdf.png\",\"contentUrl\":\"https:\/\/mugardos.gal\/wp-content\/uploads\/2020\/03\/pdf.png\",\"width\":100,\"height\":100},{\"@type\":\"WebPage\",\"@id\":\"https:\/\/mugardos.gal\/es\/urbanismo\/solicitud-de-prorroga-de-licencia-de-obras\/#webpage\",\"url\":\"https:\/\/mugardos.gal\/es\/urbanismo\/solicitud-de-prorroga-de-licencia-de-obras\/\",\"name\":\"SOLICITUD DE PR\u00d3RROGA DE LICENCIA DE OBRAS - Concello de Mugardos\",\"isPartOf\":{\"@id\":\"https:\/\/mugardos.gal\/#website\"},\"primaryImageOfPage\":{\"@id\":\"https:\/\/mugardos.gal\/es\/urbanismo\/solicitud-de-prorroga-de-licencia-de-obras\/#primaryimage\"},\"datePublished\":\"2020-05-28T19:37:02+00:00\",\"dateModified\":\"2020-09-23T10:47:32+00:00\",\"breadcrumb\":{\"@id\":\"https:\/\/mugardos.gal\/es\/urbanismo\/solicitud-de-prorroga-de-licencia-de-obras\/#breadcrumb\"},\"inLanguage\":\"es\",\"potentialAction\":[{\"@type\":\"ReadAction\",\"target\":[\"https:\/\/mugardos.gal\/es\/urbanismo\/solicitud-de-prorroga-de-licencia-de-obras\/\"]}]},{\"@type\":\"BreadcrumbList\",\"@id\":\"https:\/\/mugardos.gal\/es\/urbanismo\/solicitud-de-prorroga-de-licencia-de-obras\/#breadcrumb\",\"itemListElement\":[{\"@type\":\"ListItem\",\"position\":1,\"name\":\"Portada\",\"item\":\"https:\/\/mugardos.gal\/es\/\"},{\"@type\":\"ListItem\",\"position\":2,\"name\":\"URBANISMO\",\"item\":\"https:\/\/mugardos.gal\/es\/urbanismo\/\"},{\"@type\":\"ListItem\",\"position\":3,\"name\":\"SOLICITUD DE PR\u00d3RROGA DE LICENCIA DE OBRAS\"}]}]}<\/script>\n<!-- \/ Yoast SEO plugin. -->","yoast_head_json":{"title":"SOLICITUD DE PR\u00d3RROGA DE LICENCIA DE OBRAS - Concello de Mugardos","robots":{"index":"index","follow":"follow","max-snippet":"max-snippet:-1","max-image-preview":"max-image-preview:large","max-video-preview":"max-video-preview:-1"},"canonical":"https:\/\/mugardos.gal\/es\/urbanismo\/solicitud-de-prorroga-de-licencia-de-obras\/","og_locale":"es_ES","og_type":"article","og_title":"SOLICITUD DE PR\u00d3RROGA DE LICENCIA DE OBRAS - Concello de Mugardos","og_description":"[vc_row][vc_column][vc_separator color=\u00bbchino\u00bb style=\u00bbshadow\u00bb border_width=\u00bb4&#8243;][\/vc_column][\/vc_row][vc_row][vc_column width=\u00bb1\/4&#8243; offset=\u00bbvc_hidden-sm vc_hidden-xs\u00bb][vc_row_inner][vc_column_inner css=\u00bb.vc_custom_1590308701037{margin-top: 0px !important;}\u00bb][vc_single_image image=\u00bb3159&#8243; img_size=\u00bbmedium\u00bb alignment=\u00bbcenter\u00bb style=\u00bbvc_box_shadow_3d\u00bb onclick=\u00bbcustom_link\u00bb css_animation=\u00bbnone\u00bb css=\u00bb.vc_custom_1590307537935{margin-top: px !important;}\u00bb link=\u00bbhttps:\/\/mugardos.gal\/urbanismo\/contacto-co-departamento-de-urbanismo\/\u00bb][vc_single_image image=\u00bb3167&#8243; img_size=\u00bbmedium\u00bb alignment=\u00bbcenter\u00bb style=\u00bbvc_box_shadow_3d\u00bb onclick=\u00bbcustom_link\u00bb css=\u00bb.vc_custom_1590307555859{margin-top: -40px !important;}\u00bb link=\u00bbhttps:\/\/mugardos.gal\/urbanismo\/solicitude-de-prorroga-de-licenza-de-obras\/\u00bb][vc_single_image image=\u00bb3165&#8243; img_size=\u00bbmedium\u00bb alignment=\u00bbcenter\u00bb style=\u00bbvc_box_shadow_3d\u00bb onclick=\u00bbcustom_link\u00bb css=\u00bb.vc_custom_1590591917622{margin-top: -40px !important;}\u00bb link=\u00bbhttps:\/\/mugardos.gal\/urbanismo\/punto-informacion-catastral\/\u00bb][vc_single_image image=\u00bb3163&#8243; img_size=\u00bbmedium\u00bb alignment=\u00bbcenter\u00bb style=\u00bbvc_box_shadow_3d\u00bb onclick=\u00bbcustom_link\u00bb css=\u00bb.vc_custom_1590307602368{margin-top: -40px !important;}\u00bb link=\u00bbhttps:\/\/mugardos.gal\/urbanismo\/oficina-de-rehabilitacion-integral-zonas-ari\/\u00bb][vc_single_image image=\u00bb3161&#8243; img_size=\u00bbmedium\u00bb alignment=\u00bbcenter\u00bb style=\u00bbvc_box_shadow_3d\u00bb onclick=\u00bbcustom_link\u00bb css=\u00bb.vc_custom_1590307618069{margin-top: -40px !important;}\u00bb [&hellip;]","og_url":"https:\/\/mugardos.gal\/es\/urbanismo\/solicitud-de-prorroga-de-licencia-de-obras\/","og_site_name":"Concello de Mugardos","article_modified_time":"2020-09-23T10:47:32+00:00","og_image":[{"url":"https:\/\/mugardos.gal\/wp-content\/uploads\/2020\/03\/pdf.png"}],"twitter_card":"summary_large_image","twitter_misc":{"Tiempo de lectura":"3 minutos"},"schema":{"@context":"https:\/\/schema.org","@graph":[{"@type":"WebSite","@id":"https:\/\/mugardos.gal\/#website","url":"https:\/\/mugardos.gal\/","name":"Concello de Mugardos","description":"","potentialAction":[{"@type":"SearchAction","target":{"@type":"EntryPoint","urlTemplate":"https:\/\/mugardos.gal\/?s={search_term_string}"},"query-input":"required name=search_term_string"}],"inLanguage":"es"},{"@type":"ImageObject","inLanguage":"es","@id":"https:\/\/mugardos.gal\/es\/urbanismo\/solicitud-de-prorroga-de-licencia-de-obras\/#primaryimage","url":"https:\/\/mugardos.gal\/wp-content\/uploads\/2020\/03\/pdf.png","contentUrl":"https:\/\/mugardos.gal\/wp-content\/uploads\/2020\/03\/pdf.png","width":100,"height":100},{"@type":"WebPage","@id":"https:\/\/mugardos.gal\/es\/urbanismo\/solicitud-de-prorroga-de-licencia-de-obras\/#webpage","url":"https:\/\/mugardos.gal\/es\/urbanismo\/solicitud-de-prorroga-de-licencia-de-obras\/","name":"SOLICITUD DE PR\u00d3RROGA DE LICENCIA DE OBRAS - Concello de Mugardos","isPartOf":{"@id":"https:\/\/mugardos.gal\/#website"},"primaryImageOfPage":{"@id":"https:\/\/mugardos.gal\/es\/urbanismo\/solicitud-de-prorroga-de-licencia-de-obras\/#primaryimage"},"datePublished":"2020-05-28T19:37:02+00:00","dateModified":"2020-09-23T10:47:32+00:00","breadcrumb":{"@id":"https:\/\/mugardos.gal\/es\/urbanismo\/solicitud-de-prorroga-de-licencia-de-obras\/#breadcrumb"},"inLanguage":"es","potentialAction":[{"@type":"ReadAction","target":["https:\/\/mugardos.gal\/es\/urbanismo\/solicitud-de-prorroga-de-licencia-de-obras\/"]}]},{"@type":"BreadcrumbList","@id":"https:\/\/mugardos.gal\/es\/urbanismo\/solicitud-de-prorroga-de-licencia-de-obras\/#breadcrumb","itemListElement":[{"@type":"ListItem","position":1,"name":"Portada","item":"https:\/\/mugardos.gal\/es\/"},{"@type":"ListItem","position":2,"name":"URBANISMO","item":"https:\/\/mugardos.gal\/es\/urbanismo\/"},{"@type":"ListItem","position":3,"name":"SOLICITUD DE PR\u00d3RROGA DE LICENCIA DE OBRAS"}]}]}},"_links":{"self":[{"href":"https:\/\/mugardos.gal\/es\/wp-json\/wp\/v2\/pages\/6413"}],"collection":[{"href":"https:\/\/mugardos.gal\/es\/wp-json\/wp\/v2\/pages"}],"about":[{"href":"https:\/\/mugardos.gal\/es\/wp-json\/wp\/v2\/types\/page"}],"author":[{"embeddable":true,"href":"https:\/\/mugardos.gal\/es\/wp-json\/wp\/v2\/users\/4"}],"replies":[{"embeddable":true,"href":"https:\/\/mugardos.gal\/es\/wp-json\/wp\/v2\/comments?post=6413"}],"version-history":[{"count":0,"href":"https:\/\/mugardos.gal\/es\/wp-json\/wp\/v2\/pages\/6413\/revisions"}],"up":[{"embeddable":true,"href":"https:\/\/mugardos.gal\/es\/wp-json\/wp\/v2\/pages\/717"}],"wp:attachment":[{"href":"https:\/\/mugardos.gal\/es\/wp-json\/wp\/v2\/media?parent=6413"}],"curies":[{"name":"wp","href":"https:\/\/api.w.org\/{rel}","templated":true}]}}