{"id":6332,"date":"2020-05-28T20:01:46","date_gmt":"2020-05-28T18:01:46","guid":{"rendered":"https:\/\/mugardos.gal\/cultura-y-turismo\/subvenciones-municipales-y-convenios-con-entidades-culturales\/"},"modified":"2021-01-29T13:16:28","modified_gmt":"2021-01-29T11:16:28","slug":"subvenciones-municipales-y-convenios-con-entidades-culturales","status":"publish","type":"page","link":"https:\/\/mugardos.gal\/es\/cultura-y-turismo\/subvenciones-municipales-y-convenios-con-entidades-culturales\/","title":{"rendered":"SUBVENCIONES MUNICIPALES Y CONVENIOS CON ENTIDADES CULTURALES"},"content":{"rendered":"<p>[vc_row][vc_column width=\u00bb1\/4&#8243; offset=\u00bbvc_hidden-sm vc_hidden-xs\u00bb][vc_row_inner][vc_column_inner][vc_single_image image=\u00bb3056&#8243; img_size=\u00bbmedium\u00bb alignment=\u00bbcenter\u00bb style=\u00bbvc_box_shadow_3d\u00bb onclick=\u00bbcustom_link\u00bb css_animation=\u00bbnone\u00bb css=\u00bb.vc_custom_1590233838621{margin-top: px !important;}\u00bb link=\u00bbhttps:\/\/mugardos.gal\/cultura-e-turismo\/contacto-co-departamento-de-cultura-e-turismo\/\u00bb][vc_single_image image=\u00bb3054&#8243; img_size=\u00bbmedium\u00bb alignment=\u00bbcenter\u00bb style=\u00bbvc_box_shadow_3d\u00bb onclick=\u00bbcustom_link\u00bb css=\u00bb.vc_custom_1590592954118{margin-top: -40px !important;}\u00bb link=\u00bbhttps:\/\/mugardos.gal\/cultura-e-turismo\/biblioteca\/\u00bb][vc_single_image image=\u00bb3050&#8243; img_size=\u00bbmedium\u00bb alignment=\u00bbcenter\u00bb style=\u00bbvc_box_shadow_3d\u00bb onclick=\u00bbcustom_link\u00bb css=\u00bb.vc_custom_1590233871555{margin-top: -40px !important;}\u00bb link=\u00bbhttps:\/\/mugardos.gal\/cultura-e-turismo\/arquivo-municipal\/\u00bb][vc_single_image image=\u00bb3052&#8243; img_size=\u00bbmedium\u00bb alignment=\u00bbcenter\u00bb style=\u00bbvc_box_shadow_3d\u00bb onclick=\u00bbcustom_link\u00bb css=\u00bb.vc_custom_1590233896040{margin-top: -40px !important;}\u00bb link=\u00bbhttps:\/\/mugardos.gal\/cultura-e-turismo\/asociacions-culturais-municipais\/\u00bb][vc_single_image image=\u00bb3058&#8243; img_size=\u00bbmedium\u00bb alignment=\u00bbcenter\u00bb style=\u00bbvc_box_shadow_3d\u00bb onclick=\u00bbcustom_link\u00bb css=\u00bb.vc_custom_1590233914445{margin-top: -40px !important;}\u00bb link=\u00bbhttps:\/\/mugardos.gal\/cultura-e-turismo\/reserva-de-instalacions-culturais\/\u00bb][vc_single_image image=\u00bb3060&#8243; img_size=\u00bbmedium\u00bb alignment=\u00bbcenter\u00bb style=\u00bbvc_box_shadow_3d\u00bb onclick=\u00bbcustom_link\u00bb css=\u00bb.vc_custom_1590485946509{margin-top: -40px !important;}\u00bb link=\u00bbhttps:\/\/mugardos.gal\/deportes\/subvencions-municipais-e-convenios-con-entidades-deportivas\/\u00bb][vc_single_image image=\u00bb3186&#8243; img_size=\u00bbmedium\u00bb alignment=\u00bbcenter\u00bb style=\u00bbvc_box_shadow_3d\u00bb onclick=\u00bbcustom_link\u00bb css=\u00bb.vc_custom_1590485974040{margin-top: -40px !important;}\u00bb link=\u00bbhttps:\/\/mugardos.gal\/buzon-de-suxestions\/\u00bb][vc_column_text]\n<!-- PRESSVILLE EVENTS : begin -->\n<section class=\"lsvr-pressville-post-grid lsvr-pressville-post-grid--events lsvr-pressville-post-grid--layout-title-top lsvr-pressville-post-grid--dark-bg\"\n    >\n    <div class=\"lsvr-pressville-post-grid__inner\">\n        <div class=\"lsvr-container\">\n            <div class=\"lsvr-pressville-post-grid__content\">\n\n                \n                    <p class=\"c-alert-message\">No hay eventos<\/p>\n\n                \n            <\/div>\n        <\/div>\n    <\/div>\n<\/section>\n<!-- PRESSVILLE EVENTS : end -->\n\n[\/vc_column_text][\/vc_column_inner][\/vc_row_inner][\/vc_column][vc_column width=\u00bb3\/4&#8243;][vc_column_text]\n<p id=\"contenedor\" class=\"textarea unknown\" style=\"text-align: justify;\">En los siguientes enlaces pueden consultarse los convenios vigentes firmados por el Ayuntamiento de Mugardos con las entidades culturales municipales en la b\u00fasqueda de la dinamizaci\u00f3n de la actividad cultural, apoyando y promoviendo la organizaci\u00f3n de eventos y actividades que permitan la participaci\u00f3n del vecindario y el conocimiento de las nuestras costumbres y tradiciones.<\/p>\n<p style=\"text-align: justify;\"><img loading=\"lazy\" class=\"alignnone wp-image-582\" src=\"https:\/\/mugardos.gal\/wp-content\/uploads\/2020\/03\/pdf.png\" alt=\"\" width=\"40\" height=\"40\" \/><a href=\"https:\/\/mugardos.gal\/wp-content\/uploads\/2020\/05\/Convenio-Amigos-da-Paisaxe-Galega-O-Seixo-2019-1.pdf\">DESCARGAR PDF Convenio de colaboraci\u00f3n entre el Ayuntamiento de Mugardos y la Sociedade Amigos da Paisaxe Galega (fecha: 9 de diciembre de 2019)<\/a><\/p>\n<p style=\"text-align: justify;\"><img loading=\"lazy\" class=\"alignnone wp-image-582\" src=\"https:\/\/mugardos.gal\/wp-content\/uploads\/2020\/03\/pdf.png\" alt=\"\" width=\"40\" height=\"40\" \/><a href=\"https:\/\/mugardos.gal\/wp-content\/uploads\/2020\/05\/Convenio-Apel\u00f3n-Educaci\u00f3n-2019-1.pdf\">DESCARGAR PDF Convenio de colaboraci\u00f3n entre el Ayuntamiento de Mugardos y la Asociaci\u00f3n Cultural Apel\u00f3n Educaci\u00f3n (fecha: 15 de mayo de 2019)<\/a><\/p>\n<p style=\"text-align: justify;\"><img loading=\"lazy\" class=\"alignnone wp-image-582\" src=\"https:\/\/mugardos.gal\/wp-content\/uploads\/2020\/03\/pdf.png\" alt=\"\" width=\"40\" height=\"40\" \/><a href=\"https:\/\/mugardos.gal\/wp-content\/uploads\/2020\/05\/Convenio-asociaci\u00f3n-Comunidade-O-Zulo-2019-1.pdf\">DESCARGAR PDF Convenio de colaboraci\u00f3n entre el Ayuntamiento de Mugardos y la Asociaci\u00f3n Comunidade O Zulo (fecha: 5 de octubre de 2019)<\/a><\/p>\n<p style=\"text-align: justify;\"><img loading=\"lazy\" class=\"alignnone wp-image-582\" src=\"https:\/\/mugardos.gal\/wp-content\/uploads\/2020\/03\/pdf.png\" alt=\"\" width=\"40\" height=\"40\" \/><a href=\"https:\/\/mugardos.gal\/wp-content\/uploads\/2020\/05\/Convenio-Casino-Mugard\u00e9s-2019-1.pdf\">DESCARGAR PDF Convenio de colaboraci\u00f3n entre el Ayuntamiento de Mugardos y el Casino Mugard\u00e9s (fecha: 1 de abril de 2019)<\/a><\/p>\n<p style=\"text-align: justify;\"><img loading=\"lazy\" class=\"alignnone wp-image-582\" src=\"https:\/\/mugardos.gal\/wp-content\/uploads\/2020\/03\/pdf.png\" alt=\"\" width=\"40\" height=\"40\" \/><a href=\"https:\/\/mugardos.gal\/wp-content\/uploads\/2020\/05\/Convenio-Casino-Progreso-de-Franza-asinado-2019.pdf\">DESCARGAR PDF Convenio de colaboraci\u00f3n entre el Ayuntamiento de Mugardos y el Casino Progreso de Franza (fecha: 5 de octubre de 2019)<\/a><\/p>\n<p style=\"text-align: justify;\"><img loading=\"lazy\" class=\"alignnone wp-image-582\" src=\"https:\/\/mugardos.gal\/wp-content\/uploads\/2020\/03\/pdf.png\" alt=\"\" width=\"40\" height=\"40\" \/><a href=\"https:\/\/mugardos.gal\/wp-content\/uploads\/2020\/05\/Convenio-Cofrad\u00eda-San-Telmo-2019-1.pdf\">DESCARGAR PDF Convenio de colaboraci\u00f3n entre el Ayuntamiento de Mugardos y la Cofrad\u00eda de Pescadores San Telmo (fecha: 9 de abril de 2019)<\/a><\/p>\n<p style=\"text-align: justify;\"><img loading=\"lazy\" class=\"alignnone wp-image-582\" src=\"https:\/\/mugardos.gal\/wp-content\/uploads\/2020\/03\/pdf.png\" alt=\"\" width=\"40\" height=\"40\" \/><a href=\"https:\/\/mugardos.gal\/wp-content\/uploads\/2020\/05\/Convenio-San-Xo\u00e1n-2019-1.pdf\">DESCARGAR PDF Convenio de colaboraci\u00f3n entre el Ayuntamiento de Mugardos y la\u00a0 Sociedade Cultural e Recreativa de San Xo\u00e1n de Pi\u00f1eiro (fecha: 9 de diciembre de 2019)<\/a><\/p>\n<p style=\"text-align: justify;\">(*Los n\u00fameros de documento nacional de identidad y las firmas manuscritas fueron censuradas en los archivos de descarga, pero los documentos originales que se encuentran en las dependencias municipales disponen de todos los datos requeridos)<\/p>\n<p>[\/vc_column_text][vc_column_text]\n<p style=\"text-align: justify;\">La comisi\u00f3n de valoraci\u00f3n propone la resoluci\u00f3n provisional de la concesi\u00f3n de las subvenciones municipales solicitadas al amparo de la convocatoria p\u00fablica de subvenciones municipales a entidades sin fin de lucro 2019 (BOP n\u00fam. 38\/26.02.2020) manteni\u00e9ndose en exposici\u00f3n p\u00fablica en el tablero de edictos y en esta misma p\u00e1gina web durante el plazo de cinco d\u00edas h\u00e1biles.<\/p>\n<p style=\"text-align: justify;\">Puede consultarse la propuesta de resoluci\u00f3n en el siguiente enlace:<\/p>\n<p style=\"text-align: justify;\"><img loading=\"lazy\" class=\"alignnone wp-image-582\" src=\"https:\/\/mugardos.gal\/wp-content\/uploads\/2020\/03\/pdf.png\" alt=\"\" width=\"40\" height=\"40\" \/><a href=\"https:\/\/mugardos.gal\/wp-content\/uploads\/2021\/01\/Proposta-resolucion-provisional-concesion-subvencions-201913035.pdf\">DESCARGAR PDF Resoluci\u00f3n provisional subvenciones municipales a entidades sin fin de lucro 2019<\/a><\/p>\n<p style=\"text-align: justify;\">\n<p>[\/vc_column_text][\/vc_column][\/vc_row]\n","protected":false},"excerpt":{"rendered":"<p>[vc_row][vc_column width=\u00bb1\/4&#8243; offset=\u00bbvc_hidden-sm vc_hidden-xs\u00bb][vc_row_inner][vc_column_inner][vc_single_image image=\u00bb3056&#8243; img_size=\u00bbmedium\u00bb alignment=\u00bbcenter\u00bb style=\u00bbvc_box_shadow_3d\u00bb onclick=\u00bbcustom_link\u00bb css_animation=\u00bbnone\u00bb css=\u00bb.vc_custom_1590233838621{margin-top: px !important;}\u00bb link=\u00bbhttps:\/\/mugardos.gal\/cultura-e-turismo\/contacto-co-departamento-de-cultura-e-turismo\/\u00bb][vc_single_image image=\u00bb3054&#8243; img_size=\u00bbmedium\u00bb alignment=\u00bbcenter\u00bb style=\u00bbvc_box_shadow_3d\u00bb onclick=\u00bbcustom_link\u00bb css=\u00bb.vc_custom_1590592954118{margin-top: -40px !important;}\u00bb link=\u00bbhttps:\/\/mugardos.gal\/cultura-e-turismo\/biblioteca\/\u00bb][vc_single_image image=\u00bb3050&#8243; img_size=\u00bbmedium\u00bb alignment=\u00bbcenter\u00bb style=\u00bbvc_box_shadow_3d\u00bb onclick=\u00bbcustom_link\u00bb css=\u00bb.vc_custom_1590233871555{margin-top: -40px !important;}\u00bb link=\u00bbhttps:\/\/mugardos.gal\/cultura-e-turismo\/arquivo-municipal\/\u00bb][vc_single_image image=\u00bb3052&#8243; img_size=\u00bbmedium\u00bb alignment=\u00bbcenter\u00bb style=\u00bbvc_box_shadow_3d\u00bb onclick=\u00bbcustom_link\u00bb css=\u00bb.vc_custom_1590233896040{margin-top: -40px !important;}\u00bb link=\u00bbhttps:\/\/mugardos.gal\/cultura-e-turismo\/asociacions-culturais-municipais\/\u00bb][vc_single_image image=\u00bb3058&#8243; img_size=\u00bbmedium\u00bb alignment=\u00bbcenter\u00bb style=\u00bbvc_box_shadow_3d\u00bb onclick=\u00bbcustom_link\u00bb css=\u00bb.vc_custom_1590233914445{margin-top: -40px !important;}\u00bb link=\u00bbhttps:\/\/mugardos.gal\/cultura-e-turismo\/reserva-de-instalacions-culturais\/\u00bb][vc_single_image image=\u00bb3060&#8243; img_size=\u00bbmedium\u00bb alignment=\u00bbcenter\u00bb style=\u00bbvc_box_shadow_3d\u00bb onclick=\u00bbcustom_link\u00bb [&hellip;]<\/p>\n","protected":false},"author":4,"featured_media":0,"parent":719,"menu_order":0,"comment_status":"closed","ping_status":"closed","template":"","meta":[],"yoast_head":"<!-- This site is optimized with the Yoast SEO plugin v18.9 - https:\/\/yoast.com\/wordpress\/plugins\/seo\/ -->\n<title>SUBVENCIONES MUNICIPALES Y CONVENIOS CON ENTIDADES CULTURALES - Concello de Mugardos<\/title>\n<meta name=\"robots\" content=\"index, follow, max-snippet:-1, max-image-preview:large, max-video-preview:-1\" \/>\n<link rel=\"canonical\" href=\"https:\/\/mugardos.gal\/es\/cultura-y-turismo\/subvenciones-municipales-y-convenios-con-entidades-culturales\/\" \/>\n<meta property=\"og:locale\" content=\"es_ES\" \/>\n<meta property=\"og:type\" content=\"article\" \/>\n<meta property=\"og:title\" content=\"SUBVENCIONES MUNICIPALES Y CONVENIOS CON ENTIDADES CULTURALES - Concello de Mugardos\" \/>\n<meta property=\"og:description\" content=\"[vc_row][vc_column width=\u00bb1\/4&#8243; offset=\u00bbvc_hidden-sm vc_hidden-xs\u00bb][vc_row_inner][vc_column_inner][vc_single_image image=\u00bb3056&#8243; img_size=\u00bbmedium\u00bb alignment=\u00bbcenter\u00bb style=\u00bbvc_box_shadow_3d\u00bb onclick=\u00bbcustom_link\u00bb css_animation=\u00bbnone\u00bb css=\u00bb.vc_custom_1590233838621{margin-top: px !important;}\u00bb link=\u00bbhttps:\/\/mugardos.gal\/cultura-e-turismo\/contacto-co-departamento-de-cultura-e-turismo\/\u00bb][vc_single_image image=\u00bb3054&#8243; img_size=\u00bbmedium\u00bb alignment=\u00bbcenter\u00bb style=\u00bbvc_box_shadow_3d\u00bb onclick=\u00bbcustom_link\u00bb css=\u00bb.vc_custom_1590592954118{margin-top: -40px !important;}\u00bb link=\u00bbhttps:\/\/mugardos.gal\/cultura-e-turismo\/biblioteca\/\u00bb][vc_single_image image=\u00bb3050&#8243; img_size=\u00bbmedium\u00bb alignment=\u00bbcenter\u00bb style=\u00bbvc_box_shadow_3d\u00bb onclick=\u00bbcustom_link\u00bb css=\u00bb.vc_custom_1590233871555{margin-top: -40px !important;}\u00bb link=\u00bbhttps:\/\/mugardos.gal\/cultura-e-turismo\/arquivo-municipal\/\u00bb][vc_single_image image=\u00bb3052&#8243; img_size=\u00bbmedium\u00bb alignment=\u00bbcenter\u00bb style=\u00bbvc_box_shadow_3d\u00bb onclick=\u00bbcustom_link\u00bb css=\u00bb.vc_custom_1590233896040{margin-top: -40px !important;}\u00bb link=\u00bbhttps:\/\/mugardos.gal\/cultura-e-turismo\/asociacions-culturais-municipais\/\u00bb][vc_single_image image=\u00bb3058&#8243; img_size=\u00bbmedium\u00bb alignment=\u00bbcenter\u00bb style=\u00bbvc_box_shadow_3d\u00bb onclick=\u00bbcustom_link\u00bb css=\u00bb.vc_custom_1590233914445{margin-top: -40px !important;}\u00bb link=\u00bbhttps:\/\/mugardos.gal\/cultura-e-turismo\/reserva-de-instalacions-culturais\/\u00bb][vc_single_image image=\u00bb3060&#8243; img_size=\u00bbmedium\u00bb alignment=\u00bbcenter\u00bb style=\u00bbvc_box_shadow_3d\u00bb onclick=\u00bbcustom_link\u00bb [&hellip;]\" \/>\n<meta property=\"og:url\" content=\"https:\/\/mugardos.gal\/es\/cultura-y-turismo\/subvenciones-municipales-y-convenios-con-entidades-culturales\/\" \/>\n<meta property=\"og:site_name\" content=\"Concello de Mugardos\" \/>\n<meta property=\"article:modified_time\" content=\"2021-01-29T11:16:28+00:00\" \/>\n<meta property=\"og:image\" content=\"https:\/\/mugardos.gal\/wp-content\/uploads\/2020\/03\/pdf.png\" \/>\n<meta name=\"twitter:card\" content=\"summary_large_image\" \/>\n<meta name=\"twitter:label1\" content=\"Tiempo de lectura\" \/>\n\t<meta name=\"twitter:data1\" content=\"3 minutos\" \/>\n<script type=\"application\/ld+json\" class=\"yoast-schema-graph\">{\"@context\":\"https:\/\/schema.org\",\"@graph\":[{\"@type\":\"WebSite\",\"@id\":\"https:\/\/mugardos.gal\/#website\",\"url\":\"https:\/\/mugardos.gal\/\",\"name\":\"Concello de Mugardos\",\"description\":\"\",\"potentialAction\":[{\"@type\":\"SearchAction\",\"target\":{\"@type\":\"EntryPoint\",\"urlTemplate\":\"https:\/\/mugardos.gal\/?s={search_term_string}\"},\"query-input\":\"required name=search_term_string\"}],\"inLanguage\":\"es\"},{\"@type\":\"ImageObject\",\"inLanguage\":\"es\",\"@id\":\"https:\/\/mugardos.gal\/es\/cultura-y-turismo\/subvenciones-municipales-y-convenios-con-entidades-culturales\/#primaryimage\",\"url\":\"https:\/\/mugardos.gal\/wp-content\/uploads\/2020\/03\/pdf.png\",\"contentUrl\":\"https:\/\/mugardos.gal\/wp-content\/uploads\/2020\/03\/pdf.png\",\"width\":100,\"height\":100},{\"@type\":\"WebPage\",\"@id\":\"https:\/\/mugardos.gal\/es\/cultura-y-turismo\/subvenciones-municipales-y-convenios-con-entidades-culturales\/#webpage\",\"url\":\"https:\/\/mugardos.gal\/es\/cultura-y-turismo\/subvenciones-municipales-y-convenios-con-entidades-culturales\/\",\"name\":\"SUBVENCIONES MUNICIPALES Y CONVENIOS CON ENTIDADES CULTURALES - Concello de Mugardos\",\"isPartOf\":{\"@id\":\"https:\/\/mugardos.gal\/#website\"},\"primaryImageOfPage\":{\"@id\":\"https:\/\/mugardos.gal\/es\/cultura-y-turismo\/subvenciones-municipales-y-convenios-con-entidades-culturales\/#primaryimage\"},\"datePublished\":\"2020-05-28T18:01:46+00:00\",\"dateModified\":\"2021-01-29T11:16:28+00:00\",\"breadcrumb\":{\"@id\":\"https:\/\/mugardos.gal\/es\/cultura-y-turismo\/subvenciones-municipales-y-convenios-con-entidades-culturales\/#breadcrumb\"},\"inLanguage\":\"es\",\"potentialAction\":[{\"@type\":\"ReadAction\",\"target\":[\"https:\/\/mugardos.gal\/es\/cultura-y-turismo\/subvenciones-municipales-y-convenios-con-entidades-culturales\/\"]}]},{\"@type\":\"BreadcrumbList\",\"@id\":\"https:\/\/mugardos.gal\/es\/cultura-y-turismo\/subvenciones-municipales-y-convenios-con-entidades-culturales\/#breadcrumb\",\"itemListElement\":[{\"@type\":\"ListItem\",\"position\":1,\"name\":\"Portada\",\"item\":\"https:\/\/mugardos.gal\/es\/\"},{\"@type\":\"ListItem\",\"position\":2,\"name\":\"CULTURA Y TURISMO\",\"item\":\"https:\/\/mugardos.gal\/es\/cultura-y-turismo\/\"},{\"@type\":\"ListItem\",\"position\":3,\"name\":\"SUBVENCIONES MUNICIPALES Y CONVENIOS CON ENTIDADES CULTURALES\"}]}]}<\/script>\n<!-- \/ Yoast SEO plugin. -->","yoast_head_json":{"title":"SUBVENCIONES MUNICIPALES Y CONVENIOS CON ENTIDADES CULTURALES - Concello de Mugardos","robots":{"index":"index","follow":"follow","max-snippet":"max-snippet:-1","max-image-preview":"max-image-preview:large","max-video-preview":"max-video-preview:-1"},"canonical":"https:\/\/mugardos.gal\/es\/cultura-y-turismo\/subvenciones-municipales-y-convenios-con-entidades-culturales\/","og_locale":"es_ES","og_type":"article","og_title":"SUBVENCIONES MUNICIPALES Y CONVENIOS CON ENTIDADES CULTURALES - Concello de Mugardos","og_description":"[vc_row][vc_column width=\u00bb1\/4&#8243; offset=\u00bbvc_hidden-sm vc_hidden-xs\u00bb][vc_row_inner][vc_column_inner][vc_single_image image=\u00bb3056&#8243; img_size=\u00bbmedium\u00bb alignment=\u00bbcenter\u00bb style=\u00bbvc_box_shadow_3d\u00bb onclick=\u00bbcustom_link\u00bb css_animation=\u00bbnone\u00bb css=\u00bb.vc_custom_1590233838621{margin-top: px !important;}\u00bb link=\u00bbhttps:\/\/mugardos.gal\/cultura-e-turismo\/contacto-co-departamento-de-cultura-e-turismo\/\u00bb][vc_single_image image=\u00bb3054&#8243; img_size=\u00bbmedium\u00bb alignment=\u00bbcenter\u00bb style=\u00bbvc_box_shadow_3d\u00bb onclick=\u00bbcustom_link\u00bb css=\u00bb.vc_custom_1590592954118{margin-top: -40px !important;}\u00bb link=\u00bbhttps:\/\/mugardos.gal\/cultura-e-turismo\/biblioteca\/\u00bb][vc_single_image image=\u00bb3050&#8243; img_size=\u00bbmedium\u00bb alignment=\u00bbcenter\u00bb style=\u00bbvc_box_shadow_3d\u00bb onclick=\u00bbcustom_link\u00bb css=\u00bb.vc_custom_1590233871555{margin-top: -40px !important;}\u00bb link=\u00bbhttps:\/\/mugardos.gal\/cultura-e-turismo\/arquivo-municipal\/\u00bb][vc_single_image image=\u00bb3052&#8243; img_size=\u00bbmedium\u00bb alignment=\u00bbcenter\u00bb style=\u00bbvc_box_shadow_3d\u00bb onclick=\u00bbcustom_link\u00bb css=\u00bb.vc_custom_1590233896040{margin-top: -40px !important;}\u00bb link=\u00bbhttps:\/\/mugardos.gal\/cultura-e-turismo\/asociacions-culturais-municipais\/\u00bb][vc_single_image image=\u00bb3058&#8243; img_size=\u00bbmedium\u00bb alignment=\u00bbcenter\u00bb style=\u00bbvc_box_shadow_3d\u00bb onclick=\u00bbcustom_link\u00bb css=\u00bb.vc_custom_1590233914445{margin-top: -40px !important;}\u00bb link=\u00bbhttps:\/\/mugardos.gal\/cultura-e-turismo\/reserva-de-instalacions-culturais\/\u00bb][vc_single_image image=\u00bb3060&#8243; img_size=\u00bbmedium\u00bb alignment=\u00bbcenter\u00bb style=\u00bbvc_box_shadow_3d\u00bb onclick=\u00bbcustom_link\u00bb [&hellip;]","og_url":"https:\/\/mugardos.gal\/es\/cultura-y-turismo\/subvenciones-municipales-y-convenios-con-entidades-culturales\/","og_site_name":"Concello de Mugardos","article_modified_time":"2021-01-29T11:16:28+00:00","og_image":[{"url":"https:\/\/mugardos.gal\/wp-content\/uploads\/2020\/03\/pdf.png"}],"twitter_card":"summary_large_image","twitter_misc":{"Tiempo de lectura":"3 minutos"},"schema":{"@context":"https:\/\/schema.org","@graph":[{"@type":"WebSite","@id":"https:\/\/mugardos.gal\/#website","url":"https:\/\/mugardos.gal\/","name":"Concello de Mugardos","description":"","potentialAction":[{"@type":"SearchAction","target":{"@type":"EntryPoint","urlTemplate":"https:\/\/mugardos.gal\/?s={search_term_string}"},"query-input":"required name=search_term_string"}],"inLanguage":"es"},{"@type":"ImageObject","inLanguage":"es","@id":"https:\/\/mugardos.gal\/es\/cultura-y-turismo\/subvenciones-municipales-y-convenios-con-entidades-culturales\/#primaryimage","url":"https:\/\/mugardos.gal\/wp-content\/uploads\/2020\/03\/pdf.png","contentUrl":"https:\/\/mugardos.gal\/wp-content\/uploads\/2020\/03\/pdf.png","width":100,"height":100},{"@type":"WebPage","@id":"https:\/\/mugardos.gal\/es\/cultura-y-turismo\/subvenciones-municipales-y-convenios-con-entidades-culturales\/#webpage","url":"https:\/\/mugardos.gal\/es\/cultura-y-turismo\/subvenciones-municipales-y-convenios-con-entidades-culturales\/","name":"SUBVENCIONES MUNICIPALES Y CONVENIOS CON ENTIDADES CULTURALES - Concello de Mugardos","isPartOf":{"@id":"https:\/\/mugardos.gal\/#website"},"primaryImageOfPage":{"@id":"https:\/\/mugardos.gal\/es\/cultura-y-turismo\/subvenciones-municipales-y-convenios-con-entidades-culturales\/#primaryimage"},"datePublished":"2020-05-28T18:01:46+00:00","dateModified":"2021-01-29T11:16:28+00:00","breadcrumb":{"@id":"https:\/\/mugardos.gal\/es\/cultura-y-turismo\/subvenciones-municipales-y-convenios-con-entidades-culturales\/#breadcrumb"},"inLanguage":"es","potentialAction":[{"@type":"ReadAction","target":["https:\/\/mugardos.gal\/es\/cultura-y-turismo\/subvenciones-municipales-y-convenios-con-entidades-culturales\/"]}]},{"@type":"BreadcrumbList","@id":"https:\/\/mugardos.gal\/es\/cultura-y-turismo\/subvenciones-municipales-y-convenios-con-entidades-culturales\/#breadcrumb","itemListElement":[{"@type":"ListItem","position":1,"name":"Portada","item":"https:\/\/mugardos.gal\/es\/"},{"@type":"ListItem","position":2,"name":"CULTURA Y TURISMO","item":"https:\/\/mugardos.gal\/es\/cultura-y-turismo\/"},{"@type":"ListItem","position":3,"name":"SUBVENCIONES MUNICIPALES Y CONVENIOS CON ENTIDADES CULTURALES"}]}]}},"_links":{"self":[{"href":"https:\/\/mugardos.gal\/es\/wp-json\/wp\/v2\/pages\/6332"}],"collection":[{"href":"https:\/\/mugardos.gal\/es\/wp-json\/wp\/v2\/pages"}],"about":[{"href":"https:\/\/mugardos.gal\/es\/wp-json\/wp\/v2\/types\/page"}],"author":[{"embeddable":true,"href":"https:\/\/mugardos.gal\/es\/wp-json\/wp\/v2\/users\/4"}],"replies":[{"embeddable":true,"href":"https:\/\/mugardos.gal\/es\/wp-json\/wp\/v2\/comments?post=6332"}],"version-history":[{"count":0,"href":"https:\/\/mugardos.gal\/es\/wp-json\/wp\/v2\/pages\/6332\/revisions"}],"up":[{"embeddable":true,"href":"https:\/\/mugardos.gal\/es\/wp-json\/wp\/v2\/pages\/719"}],"wp:attachment":[{"href":"https:\/\/mugardos.gal\/es\/wp-json\/wp\/v2\/media?parent=6332"}],"curies":[{"name":"wp","href":"https:\/\/api.w.org\/{rel}","templated":true}]}}