{"id":6323,"date":"2020-05-28T19:55:18","date_gmt":"2020-05-28T17:55:18","guid":{"rendered":"https:\/\/mugardos.gal\/cultura-y-turismo\/reserva-de-instalaciones-culturales\/"},"modified":"2020-09-23T12:34:54","modified_gmt":"2020-09-23T10:34:54","slug":"reserva-de-instalaciones-culturales","status":"publish","type":"page","link":"https:\/\/mugardos.gal\/es\/cultura-y-turismo\/reserva-de-instalaciones-culturales\/","title":{"rendered":"RESERVA DE INSTALACIONES CULTURALES"},"content":{"rendered":"<p>[vc_row][vc_column][vc_separator color=\u00bbchino\u00bb style=\u00bbshadow\u00bb border_width=\u00bb4&#8243;][\/vc_column][\/vc_row][vc_row][vc_column width=\u00bb1\/4&#8243; offset=\u00bbvc_hidden-sm vc_hidden-xs\u00bb][vc_row_inner][vc_column_inner][vc_single_image image=\u00bb3056&#8243; img_size=\u00bbmedium\u00bb alignment=\u00bbcenter\u00bb style=\u00bbvc_box_shadow_3d\u00bb onclick=\u00bbcustom_link\u00bb css_animation=\u00bbnone\u00bb css=\u00bb.vc_custom_1590233838621{margin-top: px !important;}\u00bb link=\u00bbhttps:\/\/mugardos.gal\/cultura-e-turismo\/contacto-co-departamento-de-cultura-e-turismo\/\u00bb][vc_single_image image=\u00bb3054&#8243; img_size=\u00bbmedium\u00bb alignment=\u00bbcenter\u00bb style=\u00bbvc_box_shadow_3d\u00bb onclick=\u00bbcustom_link\u00bb css=\u00bb.vc_custom_1590592685679{margin-top: -40px !important;}\u00bb link=\u00bbhttps:\/\/mugardos.gal\/cultura-e-turismo\/biblioteca\/\u00bb][vc_single_image image=\u00bb3050&#8243; img_size=\u00bbmedium\u00bb alignment=\u00bbcenter\u00bb style=\u00bbvc_box_shadow_3d\u00bb onclick=\u00bbcustom_link\u00bb css=\u00bb.vc_custom_1590233871555{margin-top: -40px !important;}\u00bb link=\u00bbhttps:\/\/mugardos.gal\/cultura-e-turismo\/arquivo-municipal\/\u00bb][vc_single_image image=\u00bb3052&#8243; img_size=\u00bbmedium\u00bb alignment=\u00bbcenter\u00bb style=\u00bbvc_box_shadow_3d\u00bb onclick=\u00bbcustom_link\u00bb css=\u00bb.vc_custom_1590233896040{margin-top: -40px !important;}\u00bb link=\u00bbhttps:\/\/mugardos.gal\/cultura-e-turismo\/asociacions-culturais-municipais\/\u00bb][vc_single_image image=\u00bb3058&#8243; img_size=\u00bbmedium\u00bb alignment=\u00bbcenter\u00bb style=\u00bbvc_box_shadow_3d\u00bb onclick=\u00bbcustom_link\u00bb css=\u00bb.vc_custom_1590233914445{margin-top: -40px !important;}\u00bb link=\u00bbhttps:\/\/mugardos.gal\/cultura-e-turismo\/reserva-de-instalacions-culturais\/\u00bb][vc_single_image image=\u00bb3060&#8243; img_size=\u00bbmedium\u00bb alignment=\u00bbcenter\u00bb style=\u00bbvc_box_shadow_3d\u00bb onclick=\u00bbcustom_link\u00bb css=\u00bb.vc_custom_1590593131288{margin-top: -40px !important;}\u00bb link=\u00bbhttps:\/\/mugardos.gal\/cultura-e-turismo\/subvencions-municipais-e-convenios-con-entidades-culturais\/\u00bb][vc_single_image image=\u00bb3186&#8243; img_size=\u00bbmedium\u00bb alignment=\u00bbcenter\u00bb style=\u00bbvc_box_shadow_3d\u00bb onclick=\u00bbcustom_link\u00bb css=\u00bb.vc_custom_1590491134488{margin-top: -40px !important;}\u00bb link=\u00bbhttps:\/\/mugardos.gal\/buzon-de-suxestions\/\u00bb][vc_column_text]\n<!-- PRESSVILLE EVENTS : begin -->\n<section class=\"lsvr-pressville-post-grid lsvr-pressville-post-grid--events lsvr-pressville-post-grid--layout-title-top lsvr-pressville-post-grid--dark-bg\"\n    >\n    <div class=\"lsvr-pressville-post-grid__inner\">\n        <div class=\"lsvr-container\">\n            <div class=\"lsvr-pressville-post-grid__content\">\n\n                \n                    <p class=\"c-alert-message\">No hay eventos<\/p>\n\n                \n            <\/div>\n        <\/div>\n    <\/div>\n<\/section>\n<!-- PRESSVILLE EVENTS : end -->\n\n[\/vc_column_text][\/vc_column_inner][\/vc_row_inner][\/vc_column][vc_column width=\u00bb3\/4&#8243;][vc_column_text]\n<p style=\"text-align: justify;\">El Ayuntamiento de Mugardos dispone de locales de titularidad p\u00fablica donde celebrar actuaciones, eventos y actividades. Las instalaciones municipales disponibles son las siguientes:<\/p>\n<p style=\"text-align: justify; padding-left: 40px;\">+ Sal\u00f3n de Plenos de la Casa del Ayuntamiento<\/p>\n<p style=\"text-align: justify; padding-left: 40px;\">+ Local social de mayores de Mugardos<\/p>\n<p style=\"text-align: justify; padding-left: 40px;\">+ Casa de la Cultura<\/p>\n<p style=\"text-align: justify; padding-left: 40px;\">+ Centro C\u00edvico<\/p>\n<p style=\"text-align: justify; padding-left: 40px;\">+ Local de ensayo de Nov\u00e1s<\/p>\n<p style=\"text-align: justify;\">Asociaciones, sociedades, grupos o particulares podr\u00e1n solicitar la cesi\u00f3n de los locales para la celebraci\u00f3n de alg\u00fan evento o actividad, siempre que se ajusten a los requisitos, a los usos permitidos y a los horarios disponibles.<\/p>\n<p style=\"text-align: justify;\"><strong>INSTANCIA<\/strong><\/p>\n<p style=\"text-align: justify;\"><img loading=\"lazy\" class=\"alignnone wp-image-581\" src=\"https:\/\/mugardos.gal\/wp-content\/uploads\/2020\/03\/pdf.png\" alt=\"\" width=\"40\" height=\"40\" \/> <a href=\"https:\/\/mugardos.gal\/wp-content\/uploads\/2020\/09\/SOLICITUDE-LOCAIS-2020.pdf\">DESCARGAR PDF Solicitud de uso de local municipal<\/a><\/p>\n<p style=\"text-align: justify;\"><strong>TRAMITACI\u00d3N Y REGISTRO<\/strong><\/p>\n<div id=\"contenedor\" class=\"textarea unknown\" style=\"text-align: justify;\">Las personas interesadas en hacer uso de cualquiera de los locales culturales que el ayuntamiento ponen la disposici\u00f3n de los vecinos y vecinas, deber\u00e1n registrar la solicitud debidamente cumplimentada por cualquiera de los canales habilitados para la realizaci\u00f3n del tr\u00e1mite:<\/div>\n<ul style=\"text-align: justify;\">\n<li><strong>Oficina de Rexistro General del Ayuntamiento de Mugardos <\/strong><\/li>\n<\/ul>\n<p style=\"text-align: justify; padding-left: 40px;\"><img loading=\"lazy\" class=\"alignnone wp-image-596\" src=\"https:\/\/mugardos.gal\/wp-content\/uploads\/2020\/03\/direcci\u00f3n.png\" alt=\"\" width=\"30\" height=\"30\" \/>Avenida de Galicia n\u00ba 45, bajo<\/p>\n<p style=\"text-align: justify; padding-left: 40px;\"><img loading=\"lazy\" class=\"alignnone wp-image-609\" src=\"https:\/\/mugardos.gal\/wp-content\/uploads\/2020\/03\/hora.png\" alt=\"\" width=\"30\" height=\"30\" \/>Horario de atenci\u00f3n al p\u00fablico de lunes a viernes, de 9.00 a 14.00 horas<\/p>\n<ul style=\"text-align: justify;\">\n<li><strong>Sede electr\u00f3nica municipal: requiere identificaci\u00f3n digital<\/strong> (DNIe\/Certificado digital \u2013 Cl@ve PIN &#8211; Cl@ve permanente)<\/li>\n<\/ul>\n<p style=\"text-align: justify; padding-left: 40px;\"><img loading=\"lazy\" class=\"alignnone wp-image-602\" src=\"https:\/\/mugardos.gal\/wp-content\/uploads\/2020\/03\/web.png\" alt=\"\" width=\"30\" height=\"30\" \/> <a href=\"https:\/\/sede.concellodemugardos.gal\/opencms\/gl\/\">IR AL ENLACE Acceder a la Sede electr\u00f3nica del Ayuntamiento de Mugardos<\/a><\/p>\n<div id=\"contenedor\" class=\"textarea unknown\" style=\"padding-left: 40px; text-align: justify;\"><em>Se recuerda que no hace falta tener una autenticaci\u00f3n permanente en el ordenador o en el terminal telef\u00f3nico para la realizaci\u00f3n de tramitaciones online. Las personas interesadas podr\u00e1n solicitar de manera sencilla y segura una Cl@ve PIN temporal (de 24 horas) para la realizaci\u00f3n de cualquier tramitaci\u00f3n a trav\u00e9s de la sede electr\u00f3nica. En el siguiente enlace puede accederse a la p\u00e1gina web oficial para la solicitud de la Cl@ve PIN temporal (si es la primera vez que se solicita deber\u00e1 realizarse el registro como usuario previamente):<\/em><\/div>\n<p style=\"text-align: justify; padding-left: 40px;\"><img loading=\"lazy\" class=\"alignnone wp-image-602\" src=\"https:\/\/mugardos.gal\/wp-content\/uploads\/2020\/03\/web.png\" alt=\"\" width=\"30\" height=\"30\" \/><a href=\"https:\/\/clave.gob.es\/clave_Home\/PIN24H.html\">IR AL ENLACE Obtenci\u00f3n de Cl@ve PIN temporal de 24 horas<\/a><\/p>\n<p style=\"text-align: justify; padding-left: 40px;\"><img loading=\"lazy\" class=\"alignnone wp-image-602\" src=\"https:\/\/mugardos.gal\/wp-content\/uploads\/2020\/03\/web.png\" alt=\"\" width=\"30\" height=\"30\" \/> <a href=\"https:\/\/clave.gob.es\/clave_Home\/registro.html\">IR AL ENLACE Registro en Cl@ve<\/a><\/p>\n<div id=\"contenedor\" class=\"textarea unknown\" style=\"text-align: justify;\">Una vez realizada la solicitud por registro, en el plazo de 10 d\u00edas el \u00f3rgano competente deber\u00e1 resolver dicha solicitud y comunicar la concesi\u00f3n o no del espacio as\u00ed como las circunstancias especiales que requiera el uso del local concedido.<\/div>\n<p style=\"text-align: justify;\"><strong>NORMATIVA REGULADORA MUNICIPAL<\/strong><\/p>\n<div id=\"contenedor\" class=\"textarea unknown\" style=\"text-align: justify;\">De los locales puestos a disposici\u00f3n del vecindario, dos de ellos tienen reglamento municipal al que los usuarios y usuarias deber\u00e1n ajustarse:<\/div>\n<p style=\"text-align: justify;\"><img loading=\"lazy\" class=\"alignnone wp-image-581\" src=\"https:\/\/mugardos.gal\/wp-content\/uploads\/2020\/03\/pdf.png\" alt=\"\" width=\"40\" height=\"40\" \/> <a href=\"https:\/\/mugardos.gal\/wp-content\/uploads\/2020\/05\/Regulamento-de-uso-e-funcionamento-do-centro-c\u00edvico-municipal.pdf\">DESCARGAR PDF Reglamento de uso y funcionamento del centro c\u00edvico municipal<\/a><\/p>\n<p style=\"text-align: justify;\"><img loading=\"lazy\" class=\"alignnone wp-image-581\" src=\"https:\/\/mugardos.gal\/wp-content\/uploads\/2020\/03\/pdf.png\" alt=\"\" width=\"40\" height=\"40\" \/> <a href=\"https:\/\/mugardos.gal\/wp-content\/uploads\/2020\/05\/Normas-de-uso-do-local-dos-Nov\u00e1s.pdf\">DESCARGAR PDF Normas de uso del local dos Nov\u00e1s<\/a><\/p>\n<p>[\/vc_column_text][vc_images_carousel images=\u00bb6569,6575,6567,6571,6565,6573,8226,8224,8222,8220,8231,8233,8235,8237,8239&#8243; img_size=\u00bbfull\u00bb autoplay=\u00bbyes\u00bb wrap=\u00bbyes\u00bb title=\u00bbGaler\u00eda de im\u00e1genes de instalaciones culturales\u00bb][\/vc_column][\/vc_row]\n","protected":false},"excerpt":{"rendered":"<p>[vc_row][vc_column][vc_separator color=\u00bbchino\u00bb style=\u00bbshadow\u00bb border_width=\u00bb4&#8243;][\/vc_column][\/vc_row][vc_row][vc_column width=\u00bb1\/4&#8243; offset=\u00bbvc_hidden-sm vc_hidden-xs\u00bb][vc_row_inner][vc_column_inner][vc_single_image image=\u00bb3056&#8243; img_size=\u00bbmedium\u00bb alignment=\u00bbcenter\u00bb style=\u00bbvc_box_shadow_3d\u00bb onclick=\u00bbcustom_link\u00bb css_animation=\u00bbnone\u00bb css=\u00bb.vc_custom_1590233838621{margin-top: px !important;}\u00bb link=\u00bbhttps:\/\/mugardos.gal\/cultura-e-turismo\/contacto-co-departamento-de-cultura-e-turismo\/\u00bb][vc_single_image image=\u00bb3054&#8243; img_size=\u00bbmedium\u00bb alignment=\u00bbcenter\u00bb style=\u00bbvc_box_shadow_3d\u00bb onclick=\u00bbcustom_link\u00bb css=\u00bb.vc_custom_1590592685679{margin-top: -40px !important;}\u00bb link=\u00bbhttps:\/\/mugardos.gal\/cultura-e-turismo\/biblioteca\/\u00bb][vc_single_image image=\u00bb3050&#8243; img_size=\u00bbmedium\u00bb alignment=\u00bbcenter\u00bb style=\u00bbvc_box_shadow_3d\u00bb onclick=\u00bbcustom_link\u00bb css=\u00bb.vc_custom_1590233871555{margin-top: -40px !important;}\u00bb link=\u00bbhttps:\/\/mugardos.gal\/cultura-e-turismo\/arquivo-municipal\/\u00bb][vc_single_image image=\u00bb3052&#8243; img_size=\u00bbmedium\u00bb alignment=\u00bbcenter\u00bb style=\u00bbvc_box_shadow_3d\u00bb onclick=\u00bbcustom_link\u00bb css=\u00bb.vc_custom_1590233896040{margin-top: -40px !important;}\u00bb link=\u00bbhttps:\/\/mugardos.gal\/cultura-e-turismo\/asociacions-culturais-municipais\/\u00bb][vc_single_image image=\u00bb3058&#8243; img_size=\u00bbmedium\u00bb alignment=\u00bbcenter\u00bb style=\u00bbvc_box_shadow_3d\u00bb onclick=\u00bbcustom_link\u00bb css=\u00bb.vc_custom_1590233914445{margin-top: -40px !important;}\u00bb link=\u00bbhttps:\/\/mugardos.gal\/cultura-e-turismo\/reserva-de-instalacions-culturais\/\u00bb][vc_single_image image=\u00bb3060&#8243; img_size=\u00bbmedium\u00bb [&hellip;]<\/p>\n","protected":false},"author":4,"featured_media":0,"parent":719,"menu_order":0,"comment_status":"closed","ping_status":"closed","template":"","meta":[],"yoast_head":"<!-- This site is optimized with the Yoast SEO plugin v18.9 - https:\/\/yoast.com\/wordpress\/plugins\/seo\/ -->\n<title>RESERVA DE INSTALACIONES CULTURALES - Concello de Mugardos<\/title>\n<meta name=\"robots\" content=\"index, follow, max-snippet:-1, max-image-preview:large, max-video-preview:-1\" \/>\n<link rel=\"canonical\" href=\"https:\/\/mugardos.gal\/es\/cultura-y-turismo\/reserva-de-instalaciones-culturales\/\" \/>\n<meta property=\"og:locale\" content=\"es_ES\" \/>\n<meta property=\"og:type\" content=\"article\" \/>\n<meta property=\"og:title\" content=\"RESERVA DE INSTALACIONES CULTURALES - Concello de Mugardos\" \/>\n<meta property=\"og:description\" content=\"[vc_row][vc_column][vc_separator color=\u00bbchino\u00bb style=\u00bbshadow\u00bb border_width=\u00bb4&#8243;][\/vc_column][\/vc_row][vc_row][vc_column width=\u00bb1\/4&#8243; offset=\u00bbvc_hidden-sm vc_hidden-xs\u00bb][vc_row_inner][vc_column_inner][vc_single_image image=\u00bb3056&#8243; img_size=\u00bbmedium\u00bb alignment=\u00bbcenter\u00bb style=\u00bbvc_box_shadow_3d\u00bb onclick=\u00bbcustom_link\u00bb css_animation=\u00bbnone\u00bb css=\u00bb.vc_custom_1590233838621{margin-top: px !important;}\u00bb link=\u00bbhttps:\/\/mugardos.gal\/cultura-e-turismo\/contacto-co-departamento-de-cultura-e-turismo\/\u00bb][vc_single_image image=\u00bb3054&#8243; img_size=\u00bbmedium\u00bb alignment=\u00bbcenter\u00bb style=\u00bbvc_box_shadow_3d\u00bb onclick=\u00bbcustom_link\u00bb css=\u00bb.vc_custom_1590592685679{margin-top: -40px !important;}\u00bb link=\u00bbhttps:\/\/mugardos.gal\/cultura-e-turismo\/biblioteca\/\u00bb][vc_single_image image=\u00bb3050&#8243; img_size=\u00bbmedium\u00bb alignment=\u00bbcenter\u00bb style=\u00bbvc_box_shadow_3d\u00bb onclick=\u00bbcustom_link\u00bb css=\u00bb.vc_custom_1590233871555{margin-top: -40px !important;}\u00bb link=\u00bbhttps:\/\/mugardos.gal\/cultura-e-turismo\/arquivo-municipal\/\u00bb][vc_single_image image=\u00bb3052&#8243; img_size=\u00bbmedium\u00bb alignment=\u00bbcenter\u00bb style=\u00bbvc_box_shadow_3d\u00bb onclick=\u00bbcustom_link\u00bb css=\u00bb.vc_custom_1590233896040{margin-top: -40px !important;}\u00bb link=\u00bbhttps:\/\/mugardos.gal\/cultura-e-turismo\/asociacions-culturais-municipais\/\u00bb][vc_single_image image=\u00bb3058&#8243; img_size=\u00bbmedium\u00bb alignment=\u00bbcenter\u00bb style=\u00bbvc_box_shadow_3d\u00bb onclick=\u00bbcustom_link\u00bb css=\u00bb.vc_custom_1590233914445{margin-top: -40px !important;}\u00bb link=\u00bbhttps:\/\/mugardos.gal\/cultura-e-turismo\/reserva-de-instalacions-culturais\/\u00bb][vc_single_image image=\u00bb3060&#8243; img_size=\u00bbmedium\u00bb [&hellip;]\" \/>\n<meta property=\"og:url\" content=\"https:\/\/mugardos.gal\/es\/cultura-y-turismo\/reserva-de-instalaciones-culturales\/\" \/>\n<meta property=\"og:site_name\" content=\"Concello de Mugardos\" \/>\n<meta property=\"article:modified_time\" content=\"2020-09-23T10:34:54+00:00\" \/>\n<meta property=\"og:image\" content=\"https:\/\/mugardos.gal\/wp-content\/uploads\/2020\/03\/pdf.png\" \/>\n<meta name=\"twitter:card\" content=\"summary_large_image\" \/>\n<meta name=\"twitter:label1\" content=\"Tiempo de lectura\" \/>\n\t<meta name=\"twitter:data1\" content=\"4 minutos\" \/>\n<script type=\"application\/ld+json\" class=\"yoast-schema-graph\">{\"@context\":\"https:\/\/schema.org\",\"@graph\":[{\"@type\":\"WebSite\",\"@id\":\"https:\/\/mugardos.gal\/#website\",\"url\":\"https:\/\/mugardos.gal\/\",\"name\":\"Concello de Mugardos\",\"description\":\"\",\"potentialAction\":[{\"@type\":\"SearchAction\",\"target\":{\"@type\":\"EntryPoint\",\"urlTemplate\":\"https:\/\/mugardos.gal\/?s={search_term_string}\"},\"query-input\":\"required name=search_term_string\"}],\"inLanguage\":\"es\"},{\"@type\":\"ImageObject\",\"inLanguage\":\"es\",\"@id\":\"https:\/\/mugardos.gal\/es\/cultura-y-turismo\/reserva-de-instalaciones-culturales\/#primaryimage\",\"url\":\"https:\/\/mugardos.gal\/wp-content\/uploads\/2020\/03\/pdf.png\",\"contentUrl\":\"https:\/\/mugardos.gal\/wp-content\/uploads\/2020\/03\/pdf.png\",\"width\":100,\"height\":100},{\"@type\":\"WebPage\",\"@id\":\"https:\/\/mugardos.gal\/es\/cultura-y-turismo\/reserva-de-instalaciones-culturales\/#webpage\",\"url\":\"https:\/\/mugardos.gal\/es\/cultura-y-turismo\/reserva-de-instalaciones-culturales\/\",\"name\":\"RESERVA DE INSTALACIONES CULTURALES - Concello de Mugardos\",\"isPartOf\":{\"@id\":\"https:\/\/mugardos.gal\/#website\"},\"primaryImageOfPage\":{\"@id\":\"https:\/\/mugardos.gal\/es\/cultura-y-turismo\/reserva-de-instalaciones-culturales\/#primaryimage\"},\"datePublished\":\"2020-05-28T17:55:18+00:00\",\"dateModified\":\"2020-09-23T10:34:54+00:00\",\"breadcrumb\":{\"@id\":\"https:\/\/mugardos.gal\/es\/cultura-y-turismo\/reserva-de-instalaciones-culturales\/#breadcrumb\"},\"inLanguage\":\"es\",\"potentialAction\":[{\"@type\":\"ReadAction\",\"target\":[\"https:\/\/mugardos.gal\/es\/cultura-y-turismo\/reserva-de-instalaciones-culturales\/\"]}]},{\"@type\":\"BreadcrumbList\",\"@id\":\"https:\/\/mugardos.gal\/es\/cultura-y-turismo\/reserva-de-instalaciones-culturales\/#breadcrumb\",\"itemListElement\":[{\"@type\":\"ListItem\",\"position\":1,\"name\":\"Portada\",\"item\":\"https:\/\/mugardos.gal\/es\/\"},{\"@type\":\"ListItem\",\"position\":2,\"name\":\"CULTURA Y TURISMO\",\"item\":\"https:\/\/mugardos.gal\/es\/cultura-y-turismo\/\"},{\"@type\":\"ListItem\",\"position\":3,\"name\":\"RESERVA DE INSTALACIONES CULTURALES\"}]}]}<\/script>\n<!-- \/ Yoast SEO plugin. -->","yoast_head_json":{"title":"RESERVA DE INSTALACIONES CULTURALES - Concello de Mugardos","robots":{"index":"index","follow":"follow","max-snippet":"max-snippet:-1","max-image-preview":"max-image-preview:large","max-video-preview":"max-video-preview:-1"},"canonical":"https:\/\/mugardos.gal\/es\/cultura-y-turismo\/reserva-de-instalaciones-culturales\/","og_locale":"es_ES","og_type":"article","og_title":"RESERVA DE INSTALACIONES CULTURALES - Concello de Mugardos","og_description":"[vc_row][vc_column][vc_separator color=\u00bbchino\u00bb style=\u00bbshadow\u00bb border_width=\u00bb4&#8243;][\/vc_column][\/vc_row][vc_row][vc_column width=\u00bb1\/4&#8243; offset=\u00bbvc_hidden-sm vc_hidden-xs\u00bb][vc_row_inner][vc_column_inner][vc_single_image image=\u00bb3056&#8243; img_size=\u00bbmedium\u00bb alignment=\u00bbcenter\u00bb style=\u00bbvc_box_shadow_3d\u00bb onclick=\u00bbcustom_link\u00bb css_animation=\u00bbnone\u00bb css=\u00bb.vc_custom_1590233838621{margin-top: px !important;}\u00bb link=\u00bbhttps:\/\/mugardos.gal\/cultura-e-turismo\/contacto-co-departamento-de-cultura-e-turismo\/\u00bb][vc_single_image image=\u00bb3054&#8243; img_size=\u00bbmedium\u00bb alignment=\u00bbcenter\u00bb style=\u00bbvc_box_shadow_3d\u00bb onclick=\u00bbcustom_link\u00bb css=\u00bb.vc_custom_1590592685679{margin-top: -40px !important;}\u00bb link=\u00bbhttps:\/\/mugardos.gal\/cultura-e-turismo\/biblioteca\/\u00bb][vc_single_image image=\u00bb3050&#8243; img_size=\u00bbmedium\u00bb alignment=\u00bbcenter\u00bb style=\u00bbvc_box_shadow_3d\u00bb onclick=\u00bbcustom_link\u00bb css=\u00bb.vc_custom_1590233871555{margin-top: -40px !important;}\u00bb link=\u00bbhttps:\/\/mugardos.gal\/cultura-e-turismo\/arquivo-municipal\/\u00bb][vc_single_image image=\u00bb3052&#8243; img_size=\u00bbmedium\u00bb alignment=\u00bbcenter\u00bb style=\u00bbvc_box_shadow_3d\u00bb onclick=\u00bbcustom_link\u00bb css=\u00bb.vc_custom_1590233896040{margin-top: -40px !important;}\u00bb link=\u00bbhttps:\/\/mugardos.gal\/cultura-e-turismo\/asociacions-culturais-municipais\/\u00bb][vc_single_image image=\u00bb3058&#8243; img_size=\u00bbmedium\u00bb alignment=\u00bbcenter\u00bb style=\u00bbvc_box_shadow_3d\u00bb onclick=\u00bbcustom_link\u00bb css=\u00bb.vc_custom_1590233914445{margin-top: -40px !important;}\u00bb link=\u00bbhttps:\/\/mugardos.gal\/cultura-e-turismo\/reserva-de-instalacions-culturais\/\u00bb][vc_single_image image=\u00bb3060&#8243; img_size=\u00bbmedium\u00bb [&hellip;]","og_url":"https:\/\/mugardos.gal\/es\/cultura-y-turismo\/reserva-de-instalaciones-culturales\/","og_site_name":"Concello de Mugardos","article_modified_time":"2020-09-23T10:34:54+00:00","og_image":[{"url":"https:\/\/mugardos.gal\/wp-content\/uploads\/2020\/03\/pdf.png"}],"twitter_card":"summary_large_image","twitter_misc":{"Tiempo de lectura":"4 minutos"},"schema":{"@context":"https:\/\/schema.org","@graph":[{"@type":"WebSite","@id":"https:\/\/mugardos.gal\/#website","url":"https:\/\/mugardos.gal\/","name":"Concello de Mugardos","description":"","potentialAction":[{"@type":"SearchAction","target":{"@type":"EntryPoint","urlTemplate":"https:\/\/mugardos.gal\/?s={search_term_string}"},"query-input":"required name=search_term_string"}],"inLanguage":"es"},{"@type":"ImageObject","inLanguage":"es","@id":"https:\/\/mugardos.gal\/es\/cultura-y-turismo\/reserva-de-instalaciones-culturales\/#primaryimage","url":"https:\/\/mugardos.gal\/wp-content\/uploads\/2020\/03\/pdf.png","contentUrl":"https:\/\/mugardos.gal\/wp-content\/uploads\/2020\/03\/pdf.png","width":100,"height":100},{"@type":"WebPage","@id":"https:\/\/mugardos.gal\/es\/cultura-y-turismo\/reserva-de-instalaciones-culturales\/#webpage","url":"https:\/\/mugardos.gal\/es\/cultura-y-turismo\/reserva-de-instalaciones-culturales\/","name":"RESERVA DE INSTALACIONES CULTURALES - Concello de Mugardos","isPartOf":{"@id":"https:\/\/mugardos.gal\/#website"},"primaryImageOfPage":{"@id":"https:\/\/mugardos.gal\/es\/cultura-y-turismo\/reserva-de-instalaciones-culturales\/#primaryimage"},"datePublished":"2020-05-28T17:55:18+00:00","dateModified":"2020-09-23T10:34:54+00:00","breadcrumb":{"@id":"https:\/\/mugardos.gal\/es\/cultura-y-turismo\/reserva-de-instalaciones-culturales\/#breadcrumb"},"inLanguage":"es","potentialAction":[{"@type":"ReadAction","target":["https:\/\/mugardos.gal\/es\/cultura-y-turismo\/reserva-de-instalaciones-culturales\/"]}]},{"@type":"BreadcrumbList","@id":"https:\/\/mugardos.gal\/es\/cultura-y-turismo\/reserva-de-instalaciones-culturales\/#breadcrumb","itemListElement":[{"@type":"ListItem","position":1,"name":"Portada","item":"https:\/\/mugardos.gal\/es\/"},{"@type":"ListItem","position":2,"name":"CULTURA Y TURISMO","item":"https:\/\/mugardos.gal\/es\/cultura-y-turismo\/"},{"@type":"ListItem","position":3,"name":"RESERVA DE INSTALACIONES CULTURALES"}]}]}},"_links":{"self":[{"href":"https:\/\/mugardos.gal\/es\/wp-json\/wp\/v2\/pages\/6323"}],"collection":[{"href":"https:\/\/mugardos.gal\/es\/wp-json\/wp\/v2\/pages"}],"about":[{"href":"https:\/\/mugardos.gal\/es\/wp-json\/wp\/v2\/types\/page"}],"author":[{"embeddable":true,"href":"https:\/\/mugardos.gal\/es\/wp-json\/wp\/v2\/users\/4"}],"replies":[{"embeddable":true,"href":"https:\/\/mugardos.gal\/es\/wp-json\/wp\/v2\/comments?post=6323"}],"version-history":[{"count":0,"href":"https:\/\/mugardos.gal\/es\/wp-json\/wp\/v2\/pages\/6323\/revisions"}],"up":[{"embeddable":true,"href":"https:\/\/mugardos.gal\/es\/wp-json\/wp\/v2\/pages\/719"}],"wp:attachment":[{"href":"https:\/\/mugardos.gal\/es\/wp-json\/wp\/v2\/media?parent=6323"}],"curies":[{"name":"wp","href":"https:\/\/api.w.org\/{rel}","templated":true}]}}