{"id":6315,"date":"2020-05-28T19:34:46","date_gmt":"2020-05-28T17:34:46","guid":{"rendered":"https:\/\/mugardos.gal\/cultura-y-turismo\/contacto-con-el-departamento-de-cultura-y-turismo\/"},"modified":"2024-09-30T09:30:35","modified_gmt":"2024-09-30T07:30:35","slug":"contacto-con-el-departamento-de-cultura-y-turismo","status":"publish","type":"page","link":"https:\/\/mugardos.gal\/es\/cultura-y-turismo\/contacto-con-el-departamento-de-cultura-y-turismo\/","title":{"rendered":"CONTACTO CON EL DEPARTAMENTO DE CULTURA Y TURISMO"},"content":{"rendered":"<p>[vc_row][vc_column][vc_separator color=\u00bbchino\u00bb style=\u00bbshadow\u00bb border_width=\u00bb4&#8243;][\/vc_column][\/vc_row][vc_row][vc_column width=\u00bb1\/4&#8243; offset=\u00bbvc_hidden-sm vc_hidden-xs\u00bb][vc_row_inner][vc_column_inner][vc_single_image image=\u00bb3056&#8243; img_size=\u00bbmedium\u00bb alignment=\u00bbcenter\u00bb style=\u00bbvc_box_shadow_3d\u00bb onclick=\u00bbcustom_link\u00bb css_animation=\u00bbnone\u00bb css=\u00bb.vc_custom_1590823143539{margin-top: px !important;}\u00bb link=\u00bbhttps:\/\/mugardos.gal\/es\/cultura-e-turismo\/contacto-co-departamento-de-cultura-e-turismo\/\u00bb][vc_single_image image=\u00bb3054&#8243; img_size=\u00bbmedium\u00bb alignment=\u00bbcenter\u00bb style=\u00bbvc_box_shadow_3d\u00bb onclick=\u00bbcustom_link\u00bb css=\u00bb.vc_custom_1590823148588{margin-top: -40px !important;}\u00bb link=\u00bbhttps:\/\/mugardos.gal\/es\/cultura-e-turismo\/biblioteca\/\u00bb][vc_single_image image=\u00bb3050&#8243; img_size=\u00bbmedium\u00bb alignment=\u00bbcenter\u00bb style=\u00bbvc_box_shadow_3d\u00bb onclick=\u00bbcustom_link\u00bb css=\u00bb.vc_custom_1590823153549{margin-top: -40px !important;}\u00bb link=\u00bbhttps:\/\/mugardos.gal\/es\/cultura-e-turismo\/arquivo-municipal\/\u00bb][vc_single_image image=\u00bb3052&#8243; img_size=\u00bbmedium\u00bb alignment=\u00bbcenter\u00bb style=\u00bbvc_box_shadow_3d\u00bb onclick=\u00bbcustom_link\u00bb css=\u00bb.vc_custom_1590823159658{margin-top: -40px !important;}\u00bb link=\u00bbhttps:\/\/mugardos.gal\/es\/cultura-e-turismo\/asociacions-culturais-municipais\/\u00bb][vc_single_image image=\u00bb3058&#8243; img_size=\u00bbmedium\u00bb alignment=\u00bbcenter\u00bb style=\u00bbvc_box_shadow_3d\u00bb onclick=\u00bbcustom_link\u00bb css=\u00bb.vc_custom_1590823165176{margin-top: -40px !important;}\u00bb link=\u00bbhttps:\/\/mugardos.gal\/es\/cultura-e-turismo\/reserva-de-instalacions-culturais\/\u00bb][vc_single_image image=\u00bb3060&#8243; img_size=\u00bbmedium\u00bb alignment=\u00bbcenter\u00bb style=\u00bbvc_box_shadow_3d\u00bb onclick=\u00bbcustom_link\u00bb css=\u00bb.vc_custom_1590823170263{margin-top: -40px !important;}\u00bb link=\u00bbhttps:\/\/mugardos.gal\/es\/cultura-e-turismo\/subvencions-municipais-e-convenios-con-entidades-culturais\/\u00bb][vc_single_image image=\u00bb3186&#8243; img_size=\u00bbmedium\u00bb alignment=\u00bbcenter\u00bb style=\u00bbvc_box_shadow_3d\u00bb onclick=\u00bbcustom_link\u00bb css=\u00bb.vc_custom_1590823175359{margin-top: -40px !important;}\u00bb link=\u00bbhttps:\/\/mugardos.gal\/es\/buzon-de-suxestions\/\u00bb][\/vc_column_inner][\/vc_row_inner][\/vc_column][vc_column width=\u00bb3\/4&#8243;][vc_column_text]\n<p style=\"text-align: justify;\">La Concejal\u00eda de Cultura se encarga de la gesti\u00f3n de todo el relacionado con la biblioteca municipal, las escuelas culturales municipales, el centro de interpretaci\u00f3n de Caldoval, la programaci\u00f3n de eventos, exposiciones, concursos culturales, etc. Es especialmente relevante el establecimiento de canales de comunicaci\u00f3n con el tejido asociativo municipal para la coordinaci\u00f3n del trabajo municipal.<\/p>\n<p style=\"text-align: justify;\">En lo relativo al \u00e1rea de Turismo, las tareas principales son la organizaci\u00f3n de la Fiesta del Pulpo de Mugardos y la gesti\u00f3n de la oficina de informaci\u00f3n tur\u00edstica. Nuevamente en este sentido es primordial el trabajo conjunto y coordinado con el tejido comercial y hostelero del ayuntamiento.<\/p>\n<p style=\"text-align: justify;\">Los vecinos y vecinas interesados en ponerse en contacto con el departamento pueden hacerlo:<\/p>\n<p>[\/vc_column_text][vc_row_inner][vc_column_inner width=\u00bb1\/2&#8243;][vc_column_text]<strong>Concejala de Cultura y Turismo: Bego\u00f1a G\u00f3mez<\/strong><\/p>\n<p><img loading=\"lazy\" class=\"alignnone wp-image-596\" src=\"https:\/\/mugardos.gal\/wp-content\/uploads\/2020\/03\/direcci\u00f3n.png\" alt=\"\" width=\"30\" height=\"30\" \/> Avenida de Galicia 45, 1\u00ba piso<\/p>\n<p><img loading=\"lazy\" class=\"alignnone wp-image-598\" src=\"https:\/\/mugardos.gal\/wp-content\/uploads\/2020\/03\/telefono.png\" alt=\"\" width=\"30\" height=\"30\" \/> 981 470 290 (extensi\u00f3n #2049)<\/p>\n<p><img loading=\"lazy\" class=\"alignnone wp-image-594\" src=\"https:\/\/mugardos.gal\/wp-content\/uploads\/2020\/03\/correo.png\" alt=\"\" width=\"30\" height=\"23\" \/> <a href=\"begona.gomez@mugardos.gal\">begona.gomez@mugardos.gal<\/a>[\/vc_column_text][\/vc_column_inner][vc_column_inner width=\u00bb1\/2&#8243;][vc_column_text]<img loading=\"lazy\" class=\"wp-image-2681 size-medium aligncenter\" src=\"https:\/\/mugardos.gal\/wp-content\/uploads\/2024\/09\/Begona-Gomez.jpg\" alt=\"\" width=\"252\" height=\"300\" \/>[\/vc_column_text][\/vc_column_inner][\/vc_row_inner][\/vc_column][\/vc_row]\n","protected":false},"excerpt":{"rendered":"<p>[vc_row][vc_column][vc_separator color=\u00bbchino\u00bb style=\u00bbshadow\u00bb border_width=\u00bb4&#8243;][\/vc_column][\/vc_row][vc_row][vc_column width=\u00bb1\/4&#8243; offset=\u00bbvc_hidden-sm vc_hidden-xs\u00bb][vc_row_inner][vc_column_inner][vc_single_image image=\u00bb3056&#8243; img_size=\u00bbmedium\u00bb alignment=\u00bbcenter\u00bb style=\u00bbvc_box_shadow_3d\u00bb onclick=\u00bbcustom_link\u00bb css_animation=\u00bbnone\u00bb css=\u00bb.vc_custom_1590823143539{margin-top: px !important;}\u00bb link=\u00bbhttps:\/\/mugardos.gal\/es\/cultura-e-turismo\/contacto-co-departamento-de-cultura-e-turismo\/\u00bb][vc_single_image image=\u00bb3054&#8243; img_size=\u00bbmedium\u00bb alignment=\u00bbcenter\u00bb style=\u00bbvc_box_shadow_3d\u00bb onclick=\u00bbcustom_link\u00bb css=\u00bb.vc_custom_1590823148588{margin-top: -40px !important;}\u00bb link=\u00bbhttps:\/\/mugardos.gal\/es\/cultura-e-turismo\/biblioteca\/\u00bb][vc_single_image image=\u00bb3050&#8243; img_size=\u00bbmedium\u00bb alignment=\u00bbcenter\u00bb style=\u00bbvc_box_shadow_3d\u00bb onclick=\u00bbcustom_link\u00bb css=\u00bb.vc_custom_1590823153549{margin-top: -40px !important;}\u00bb link=\u00bbhttps:\/\/mugardos.gal\/es\/cultura-e-turismo\/arquivo-municipal\/\u00bb][vc_single_image image=\u00bb3052&#8243; img_size=\u00bbmedium\u00bb alignment=\u00bbcenter\u00bb style=\u00bbvc_box_shadow_3d\u00bb onclick=\u00bbcustom_link\u00bb css=\u00bb.vc_custom_1590823159658{margin-top: -40px !important;}\u00bb link=\u00bbhttps:\/\/mugardos.gal\/es\/cultura-e-turismo\/asociacions-culturais-municipais\/\u00bb][vc_single_image image=\u00bb3058&#8243; img_size=\u00bbmedium\u00bb alignment=\u00bbcenter\u00bb style=\u00bbvc_box_shadow_3d\u00bb onclick=\u00bbcustom_link\u00bb css=\u00bb.vc_custom_1590823165176{margin-top: -40px !important;}\u00bb link=\u00bbhttps:\/\/mugardos.gal\/es\/cultura-e-turismo\/reserva-de-instalacions-culturais\/\u00bb][vc_single_image image=\u00bb3060&#8243; img_size=\u00bbmedium\u00bb [&hellip;]<\/p>\n","protected":false},"author":4,"featured_media":0,"parent":719,"menu_order":0,"comment_status":"closed","ping_status":"closed","template":"","meta":[],"yoast_head":"<!-- This site is optimized with the Yoast SEO plugin v18.9 - https:\/\/yoast.com\/wordpress\/plugins\/seo\/ -->\n<title>CONTACTO CON EL DEPARTAMENTO DE CULTURA Y TURISMO - Concello de Mugardos<\/title>\n<meta name=\"robots\" content=\"index, follow, max-snippet:-1, max-image-preview:large, max-video-preview:-1\" \/>\n<link rel=\"canonical\" href=\"https:\/\/mugardos.gal\/es\/cultura-y-turismo\/contacto-con-el-departamento-de-cultura-y-turismo\/\" \/>\n<meta property=\"og:locale\" content=\"es_ES\" \/>\n<meta property=\"og:type\" content=\"article\" \/>\n<meta property=\"og:title\" content=\"CONTACTO CON EL DEPARTAMENTO DE CULTURA Y TURISMO - Concello de Mugardos\" \/>\n<meta property=\"og:description\" content=\"[vc_row][vc_column][vc_separator color=\u00bbchino\u00bb style=\u00bbshadow\u00bb border_width=\u00bb4&#8243;][\/vc_column][\/vc_row][vc_row][vc_column width=\u00bb1\/4&#8243; offset=\u00bbvc_hidden-sm vc_hidden-xs\u00bb][vc_row_inner][vc_column_inner][vc_single_image image=\u00bb3056&#8243; img_size=\u00bbmedium\u00bb alignment=\u00bbcenter\u00bb style=\u00bbvc_box_shadow_3d\u00bb onclick=\u00bbcustom_link\u00bb css_animation=\u00bbnone\u00bb css=\u00bb.vc_custom_1590823143539{margin-top: px !important;}\u00bb link=\u00bbhttps:\/\/mugardos.gal\/es\/cultura-e-turismo\/contacto-co-departamento-de-cultura-e-turismo\/\u00bb][vc_single_image image=\u00bb3054&#8243; img_size=\u00bbmedium\u00bb alignment=\u00bbcenter\u00bb style=\u00bbvc_box_shadow_3d\u00bb onclick=\u00bbcustom_link\u00bb css=\u00bb.vc_custom_1590823148588{margin-top: -40px !important;}\u00bb link=\u00bbhttps:\/\/mugardos.gal\/es\/cultura-e-turismo\/biblioteca\/\u00bb][vc_single_image image=\u00bb3050&#8243; img_size=\u00bbmedium\u00bb alignment=\u00bbcenter\u00bb style=\u00bbvc_box_shadow_3d\u00bb onclick=\u00bbcustom_link\u00bb css=\u00bb.vc_custom_1590823153549{margin-top: -40px !important;}\u00bb link=\u00bbhttps:\/\/mugardos.gal\/es\/cultura-e-turismo\/arquivo-municipal\/\u00bb][vc_single_image image=\u00bb3052&#8243; img_size=\u00bbmedium\u00bb alignment=\u00bbcenter\u00bb style=\u00bbvc_box_shadow_3d\u00bb onclick=\u00bbcustom_link\u00bb css=\u00bb.vc_custom_1590823159658{margin-top: -40px !important;}\u00bb link=\u00bbhttps:\/\/mugardos.gal\/es\/cultura-e-turismo\/asociacions-culturais-municipais\/\u00bb][vc_single_image image=\u00bb3058&#8243; img_size=\u00bbmedium\u00bb alignment=\u00bbcenter\u00bb style=\u00bbvc_box_shadow_3d\u00bb onclick=\u00bbcustom_link\u00bb css=\u00bb.vc_custom_1590823165176{margin-top: -40px !important;}\u00bb link=\u00bbhttps:\/\/mugardos.gal\/es\/cultura-e-turismo\/reserva-de-instalacions-culturais\/\u00bb][vc_single_image image=\u00bb3060&#8243; img_size=\u00bbmedium\u00bb [&hellip;]\" \/>\n<meta property=\"og:url\" content=\"https:\/\/mugardos.gal\/es\/cultura-y-turismo\/contacto-con-el-departamento-de-cultura-y-turismo\/\" \/>\n<meta property=\"og:site_name\" content=\"Concello de Mugardos\" \/>\n<meta property=\"article:modified_time\" content=\"2024-09-30T07:30:35+00:00\" \/>\n<meta property=\"og:image\" content=\"https:\/\/mugardos.gal\/wp-content\/uploads\/2020\/03\/telefono.png\" \/>\n<meta name=\"twitter:card\" content=\"summary_large_image\" \/>\n<meta name=\"twitter:label1\" content=\"Tiempo de lectura\" \/>\n\t<meta name=\"twitter:data1\" content=\"2 minutos\" \/>\n<script type=\"application\/ld+json\" class=\"yoast-schema-graph\">{\"@context\":\"https:\/\/schema.org\",\"@graph\":[{\"@type\":\"WebSite\",\"@id\":\"https:\/\/mugardos.gal\/#website\",\"url\":\"https:\/\/mugardos.gal\/\",\"name\":\"Concello de Mugardos\",\"description\":\"\",\"potentialAction\":[{\"@type\":\"SearchAction\",\"target\":{\"@type\":\"EntryPoint\",\"urlTemplate\":\"https:\/\/mugardos.gal\/?s={search_term_string}\"},\"query-input\":\"required name=search_term_string\"}],\"inLanguage\":\"es\"},{\"@type\":\"ImageObject\",\"inLanguage\":\"es\",\"@id\":\"https:\/\/mugardos.gal\/es\/cultura-y-turismo\/contacto-con-el-departamento-de-cultura-y-turismo\/#primaryimage\",\"url\":\"https:\/\/mugardos.gal\/wp-content\/uploads\/2020\/03\/telefono.png\",\"contentUrl\":\"https:\/\/mugardos.gal\/wp-content\/uploads\/2020\/03\/telefono.png\",\"width\":100,\"height\":100},{\"@type\":\"WebPage\",\"@id\":\"https:\/\/mugardos.gal\/es\/cultura-y-turismo\/contacto-con-el-departamento-de-cultura-y-turismo\/#webpage\",\"url\":\"https:\/\/mugardos.gal\/es\/cultura-y-turismo\/contacto-con-el-departamento-de-cultura-y-turismo\/\",\"name\":\"CONTACTO CON EL DEPARTAMENTO DE CULTURA Y TURISMO - Concello de Mugardos\",\"isPartOf\":{\"@id\":\"https:\/\/mugardos.gal\/#website\"},\"primaryImageOfPage\":{\"@id\":\"https:\/\/mugardos.gal\/es\/cultura-y-turismo\/contacto-con-el-departamento-de-cultura-y-turismo\/#primaryimage\"},\"datePublished\":\"2020-05-28T17:34:46+00:00\",\"dateModified\":\"2024-09-30T07:30:35+00:00\",\"breadcrumb\":{\"@id\":\"https:\/\/mugardos.gal\/es\/cultura-y-turismo\/contacto-con-el-departamento-de-cultura-y-turismo\/#breadcrumb\"},\"inLanguage\":\"es\",\"potentialAction\":[{\"@type\":\"ReadAction\",\"target\":[\"https:\/\/mugardos.gal\/es\/cultura-y-turismo\/contacto-con-el-departamento-de-cultura-y-turismo\/\"]}]},{\"@type\":\"BreadcrumbList\",\"@id\":\"https:\/\/mugardos.gal\/es\/cultura-y-turismo\/contacto-con-el-departamento-de-cultura-y-turismo\/#breadcrumb\",\"itemListElement\":[{\"@type\":\"ListItem\",\"position\":1,\"name\":\"Portada\",\"item\":\"https:\/\/mugardos.gal\/es\/\"},{\"@type\":\"ListItem\",\"position\":2,\"name\":\"CULTURA Y TURISMO\",\"item\":\"https:\/\/mugardos.gal\/es\/cultura-y-turismo\/\"},{\"@type\":\"ListItem\",\"position\":3,\"name\":\"CONTACTO CON EL DEPARTAMENTO DE CULTURA Y TURISMO\"}]}]}<\/script>\n<!-- \/ Yoast SEO plugin. -->","yoast_head_json":{"title":"CONTACTO CON EL DEPARTAMENTO DE CULTURA Y TURISMO - Concello de Mugardos","robots":{"index":"index","follow":"follow","max-snippet":"max-snippet:-1","max-image-preview":"max-image-preview:large","max-video-preview":"max-video-preview:-1"},"canonical":"https:\/\/mugardos.gal\/es\/cultura-y-turismo\/contacto-con-el-departamento-de-cultura-y-turismo\/","og_locale":"es_ES","og_type":"article","og_title":"CONTACTO CON EL DEPARTAMENTO DE CULTURA Y TURISMO - Concello de Mugardos","og_description":"[vc_row][vc_column][vc_separator color=\u00bbchino\u00bb style=\u00bbshadow\u00bb border_width=\u00bb4&#8243;][\/vc_column][\/vc_row][vc_row][vc_column width=\u00bb1\/4&#8243; offset=\u00bbvc_hidden-sm vc_hidden-xs\u00bb][vc_row_inner][vc_column_inner][vc_single_image image=\u00bb3056&#8243; img_size=\u00bbmedium\u00bb alignment=\u00bbcenter\u00bb style=\u00bbvc_box_shadow_3d\u00bb onclick=\u00bbcustom_link\u00bb css_animation=\u00bbnone\u00bb css=\u00bb.vc_custom_1590823143539{margin-top: px !important;}\u00bb link=\u00bbhttps:\/\/mugardos.gal\/es\/cultura-e-turismo\/contacto-co-departamento-de-cultura-e-turismo\/\u00bb][vc_single_image image=\u00bb3054&#8243; img_size=\u00bbmedium\u00bb alignment=\u00bbcenter\u00bb style=\u00bbvc_box_shadow_3d\u00bb onclick=\u00bbcustom_link\u00bb css=\u00bb.vc_custom_1590823148588{margin-top: -40px !important;}\u00bb link=\u00bbhttps:\/\/mugardos.gal\/es\/cultura-e-turismo\/biblioteca\/\u00bb][vc_single_image image=\u00bb3050&#8243; img_size=\u00bbmedium\u00bb alignment=\u00bbcenter\u00bb style=\u00bbvc_box_shadow_3d\u00bb onclick=\u00bbcustom_link\u00bb css=\u00bb.vc_custom_1590823153549{margin-top: -40px !important;}\u00bb link=\u00bbhttps:\/\/mugardos.gal\/es\/cultura-e-turismo\/arquivo-municipal\/\u00bb][vc_single_image image=\u00bb3052&#8243; img_size=\u00bbmedium\u00bb alignment=\u00bbcenter\u00bb style=\u00bbvc_box_shadow_3d\u00bb onclick=\u00bbcustom_link\u00bb css=\u00bb.vc_custom_1590823159658{margin-top: -40px !important;}\u00bb link=\u00bbhttps:\/\/mugardos.gal\/es\/cultura-e-turismo\/asociacions-culturais-municipais\/\u00bb][vc_single_image image=\u00bb3058&#8243; img_size=\u00bbmedium\u00bb alignment=\u00bbcenter\u00bb style=\u00bbvc_box_shadow_3d\u00bb onclick=\u00bbcustom_link\u00bb css=\u00bb.vc_custom_1590823165176{margin-top: -40px !important;}\u00bb link=\u00bbhttps:\/\/mugardos.gal\/es\/cultura-e-turismo\/reserva-de-instalacions-culturais\/\u00bb][vc_single_image image=\u00bb3060&#8243; img_size=\u00bbmedium\u00bb [&hellip;]","og_url":"https:\/\/mugardos.gal\/es\/cultura-y-turismo\/contacto-con-el-departamento-de-cultura-y-turismo\/","og_site_name":"Concello de Mugardos","article_modified_time":"2024-09-30T07:30:35+00:00","og_image":[{"url":"https:\/\/mugardos.gal\/wp-content\/uploads\/2020\/03\/telefono.png"}],"twitter_card":"summary_large_image","twitter_misc":{"Tiempo de lectura":"2 minutos"},"schema":{"@context":"https:\/\/schema.org","@graph":[{"@type":"WebSite","@id":"https:\/\/mugardos.gal\/#website","url":"https:\/\/mugardos.gal\/","name":"Concello de Mugardos","description":"","potentialAction":[{"@type":"SearchAction","target":{"@type":"EntryPoint","urlTemplate":"https:\/\/mugardos.gal\/?s={search_term_string}"},"query-input":"required name=search_term_string"}],"inLanguage":"es"},{"@type":"ImageObject","inLanguage":"es","@id":"https:\/\/mugardos.gal\/es\/cultura-y-turismo\/contacto-con-el-departamento-de-cultura-y-turismo\/#primaryimage","url":"https:\/\/mugardos.gal\/wp-content\/uploads\/2020\/03\/telefono.png","contentUrl":"https:\/\/mugardos.gal\/wp-content\/uploads\/2020\/03\/telefono.png","width":100,"height":100},{"@type":"WebPage","@id":"https:\/\/mugardos.gal\/es\/cultura-y-turismo\/contacto-con-el-departamento-de-cultura-y-turismo\/#webpage","url":"https:\/\/mugardos.gal\/es\/cultura-y-turismo\/contacto-con-el-departamento-de-cultura-y-turismo\/","name":"CONTACTO CON EL DEPARTAMENTO DE CULTURA Y TURISMO - Concello de Mugardos","isPartOf":{"@id":"https:\/\/mugardos.gal\/#website"},"primaryImageOfPage":{"@id":"https:\/\/mugardos.gal\/es\/cultura-y-turismo\/contacto-con-el-departamento-de-cultura-y-turismo\/#primaryimage"},"datePublished":"2020-05-28T17:34:46+00:00","dateModified":"2024-09-30T07:30:35+00:00","breadcrumb":{"@id":"https:\/\/mugardos.gal\/es\/cultura-y-turismo\/contacto-con-el-departamento-de-cultura-y-turismo\/#breadcrumb"},"inLanguage":"es","potentialAction":[{"@type":"ReadAction","target":["https:\/\/mugardos.gal\/es\/cultura-y-turismo\/contacto-con-el-departamento-de-cultura-y-turismo\/"]}]},{"@type":"BreadcrumbList","@id":"https:\/\/mugardos.gal\/es\/cultura-y-turismo\/contacto-con-el-departamento-de-cultura-y-turismo\/#breadcrumb","itemListElement":[{"@type":"ListItem","position":1,"name":"Portada","item":"https:\/\/mugardos.gal\/es\/"},{"@type":"ListItem","position":2,"name":"CULTURA Y TURISMO","item":"https:\/\/mugardos.gal\/es\/cultura-y-turismo\/"},{"@type":"ListItem","position":3,"name":"CONTACTO CON EL DEPARTAMENTO DE CULTURA Y TURISMO"}]}]}},"_links":{"self":[{"href":"https:\/\/mugardos.gal\/es\/wp-json\/wp\/v2\/pages\/6315"}],"collection":[{"href":"https:\/\/mugardos.gal\/es\/wp-json\/wp\/v2\/pages"}],"about":[{"href":"https:\/\/mugardos.gal\/es\/wp-json\/wp\/v2\/types\/page"}],"author":[{"embeddable":true,"href":"https:\/\/mugardos.gal\/es\/wp-json\/wp\/v2\/users\/4"}],"replies":[{"embeddable":true,"href":"https:\/\/mugardos.gal\/es\/wp-json\/wp\/v2\/comments?post=6315"}],"version-history":[{"count":1,"href":"https:\/\/mugardos.gal\/es\/wp-json\/wp\/v2\/pages\/6315\/revisions"}],"predecessor-version":[{"id":22089,"href":"https:\/\/mugardos.gal\/es\/wp-json\/wp\/v2\/pages\/6315\/revisions\/22089"}],"up":[{"embeddable":true,"href":"https:\/\/mugardos.gal\/es\/wp-json\/wp\/v2\/pages\/719"}],"wp:attachment":[{"href":"https:\/\/mugardos.gal\/es\/wp-json\/wp\/v2\/media?parent=6315"}],"curies":[{"name":"wp","href":"https:\/\/api.w.org\/{rel}","templated":true}]}}