{"id":6248,"date":"2020-05-28T17:49:27","date_gmt":"2020-05-28T15:49:27","guid":{"rendered":"https:\/\/mugardos.gal\/deportes\/multideporte-en-la-playa\/"},"modified":"2020-09-23T12:22:48","modified_gmt":"2020-09-23T10:22:48","slug":"multideporte-en-la-playa","status":"publish","type":"page","link":"https:\/\/mugardos.gal\/es\/deportes\/multideporte-en-la-playa\/","title":{"rendered":"MULTIDEPORTE EN LA PLAYA"},"content":{"rendered":"<p>[vc_row][vc_column][vc_separator color=\u00bbmulled_wine\u00bb style=\u00bbshadow\u00bb border_width=\u00bb4&#8243;][\/vc_column][\/vc_row][vc_row][vc_column css_animation=\u00bbright-to-left\u00bb width=\u00bb1\/4&#8243; offset=\u00bbvc_hidden-sm vc_hidden-xs\u00bb][vc_row_inner][vc_column_inner][vc_single_image image=\u00bb3323&#8243; img_size=\u00bbmedium\u00bb alignment=\u00bbcenter\u00bb style=\u00bbvc_box_shadow_3d\u00bb onclick=\u00bbcustom_link\u00bb css_animation=\u00bbnone\u00bb css=\u00bb.vc_custom_1590409018576{margin-top: px !important;}\u00bb link=\u00bbhttps:\/\/mugardos.gal\/deportes\/contacto-co-departamento-de-deportes\/\u00bb][vc_single_image image=\u00bb3327&#8243; img_size=\u00bbmedium\u00bb alignment=\u00bbcenter\u00bb style=\u00bbvc_box_shadow_3d\u00bb onclick=\u00bbcustom_link\u00bb css=\u00bb.vc_custom_1590409084337{margin-top: -40px !important;}\u00bb link=\u00bbhttps:\/\/mugardos.gal\/deportes\/rocodromo\u00bb][vc_single_image image=\u00bb3325&#8243; img_size=\u00bbmedium\u00bb alignment=\u00bbcenter\u00bb style=\u00bbvc_box_shadow_3d\u00bb onclick=\u00bbcustom_link\u00bb css=\u00bb.vc_custom_1590409192205{margin-top: -40px !important;}\u00bb link=\u00bbhttps:\/\/mugardos.gal\/deportes\/multideporte-na-praia\/\u00bb][vc_single_image image=\u00bb3321&#8243; img_size=\u00bbmedium\u00bb alignment=\u00bbcenter\u00bb style=\u00bbvc_box_shadow_3d\u00bb onclick=\u00bbcustom_link\u00bb css=\u00bb.vc_custom_1590409203666{margin-top: -40px !important;}\u00bb link=\u00bbhttps:\/\/www.serviocio.es\/centers\/serviocio-ca-do-castro-ares-mugardos\u00bb][vc_single_image image=\u00bb3319&#8243; img_size=\u00bbmedium\u00bb alignment=\u00bbcenter\u00bb style=\u00bbvc_box_shadow_3d\u00bb onclick=\u00bbcustom_link\u00bb css=\u00bb.vc_custom_1590409260700{margin-top: -40px !important;}\u00bb link=\u00bbhttps:\/\/mugardos.gal\/deportes\/campo-de-herba-municipal\/\u00bb][vc_single_image image=\u00bb3329&#8243; img_size=\u00bbmedium\u00bb alignment=\u00bbcenter\u00bb style=\u00bbvc_box_shadow_3d\u00bb onclick=\u00bbcustom_link\u00bb css=\u00bb.vc_custom_1590409274426{margin-top: -40px !important;}\u00bb link=\u00bbhttps:\/\/mugardos.gal\/deportes\/subvencions-municipais-e-convenios-con-entidades-deportivas\/\u00bb][vc_single_image image=\u00bb3317&#8243; img_size=\u00bbmedium\u00bb alignment=\u00bbcenter\u00bb style=\u00bbvc_box_shadow_3d\u00bb onclick=\u00bbcustom_link\u00bb css=\u00bb.vc_custom_1590409289145{margin-top: -40px !important;}\u00bb link=\u00bbhttps:\/\/mugardos.gal\/buzon-de-suxestions\/\u00bb][vc_column_text]\n<!-- PRESSVILLE EVENTS : begin -->\n<section class=\"lsvr-pressville-post-grid lsvr-pressville-post-grid--events lsvr-pressville-post-grid--layout-title-top lsvr-pressville-post-grid--dark-bg\"\n    >\n    <div class=\"lsvr-pressville-post-grid__inner\">\n        <div class=\"lsvr-container\">\n            <div class=\"lsvr-pressville-post-grid__content\">\n\n                \n                    <p class=\"c-alert-message\">No hay eventos<\/p>\n\n                \n            <\/div>\n        <\/div>\n    <\/div>\n<\/section>\n<!-- PRESSVILLE EVENTS : end -->\n\n[\/vc_column_text][\/vc_column_inner][\/vc_row_inner][\/vc_column][vc_column width=\u00bb3\/4&#8243;][vc_column_text]\n<p style=\"text-align: justify;\">Durante los meses de verano, las Concejal\u00edas de Deporte y Juventud organizan conjuntamente esta actividad en la playa de la Bestarruza (en caso de lluvia, se traslada la actividad al pabell\u00f3n del Cristo), destinada a ni\u00f1os y ni\u00f1as mayores de 4 a\u00f1os.<\/p>\n<p style=\"text-align: justify;\">El horario de esta actividad es de 11.00 a 13.30 horas, y se reparte en cuatro turnos quicenais, en los meses de julio y agosto. Las plazas son limitadas (75 por turno) y las inscripciones pueden realizarse hasta 3 d\u00edas antes del inicio de cada turno.<\/p>\n<p style=\"text-align: justify;\">Los precios, regulados por la ordenanza correspondiente, son de 15 euros cada turno de 2 semanas, y 25 euros por turno de 4 semanas (que pueden ser consecutivas o separadas).<\/p>\n<p style=\"text-align: justify;\"><strong><em>INSTANCIA<\/em><\/strong><\/p>\n<p style=\"text-align: justify;\"><img loading=\"lazy\" class=\"alignnone wp-image-581\" src=\"https:\/\/mugardos.gal\/wp-content\/uploads\/2020\/03\/pdf.png\" alt=\"\" width=\"40\" height=\"40\" \/> <a href=\"https:\/\/mugardos.gal\/wp-content\/uploads\/2020\/09\/INSTANCIA-TIPO-2020.pdf\">DESCARGAR PDF Solicitude de matr\u00edcula en el programa multideporte en la playa (Instancia tipo)<\/a><\/p>\n<p style=\"text-align: justify;\"><strong><em>TRAMITACI\u00d3N Y REGISTRO<\/em><\/strong><\/p>\n<p style=\"text-align: justify;\">Una vez cubierta la solicitud, y adjuntada toda la documentaci\u00f3n requerida, se deber\u00e1 entregar en la OMIX o registrarla (en el registro municipal o a trav\u00e9s de la sede electr\u00f3nica). Para inscribirse en esta actividad no es preciso el pago de matr\u00edcula:<\/p>\n<ul style=\"text-align: justify;\">\n<li><strong>Oficina municipal de la OMIX<\/strong><\/li>\n<\/ul>\n<p style=\"padding-left: 40px; text-align: justify;\"><img loading=\"lazy\" class=\"alignnone wp-image-596\" src=\"https:\/\/mugardos.gal\/wp-content\/uploads\/2020\/03\/direcci\u00f3n.png\" alt=\"\" width=\"30\" height=\"30\" \/> Avenida de Galicia 45, 1\u00ba piso<\/p>\n<p style=\"padding-left: 40px; text-align: justify;\"><img loading=\"lazy\" class=\"alignnone wp-image-598\" src=\"https:\/\/mugardos.gal\/wp-content\/uploads\/2020\/03\/telefono.png\" alt=\"\" width=\"30\" height=\"30\" \/> 981 470 290 (extensi\u00f3n: #2033)<\/p>\n<p style=\"padding-left: 40px; text-align: justify;\"><img loading=\"lazy\" class=\"alignnone wp-image-594\" src=\"https:\/\/mugardos.gal\/wp-content\/uploads\/2020\/03\/correo.png\" alt=\"\" width=\"30\" height=\"23\" \/>\u00a0 <a href=\"mailto:mar.novoa@mugardos.gal\">mar.novoa@mugardos.gal<\/a><\/p>\n<ul style=\"text-align: justify;\">\n<li><strong>Rexistro General de entrada: en las oficinas municipales<\/strong><\/li>\n<\/ul>\n<p style=\"padding-left: 40px; text-align: justify;\"><img loading=\"lazy\" class=\"alignnone wp-image-596\" src=\"https:\/\/mugardos.gal\/wp-content\/uploads\/2020\/03\/direcci\u00f3n.png\" alt=\"\" width=\"30\" height=\"30\" \/> Avenida de Galicia n\u00ba 45, bajo<\/p>\n<p style=\"padding-left: 40px; text-align: justify;\"><img loading=\"lazy\" class=\"alignnone wp-image-609\" src=\"https:\/\/mugardos.gal\/wp-content\/uploads\/2020\/03\/hora.png\" alt=\"\" width=\"30\" height=\"30\" \/> Horario de atenci\u00f3n al p\u00fablico de lunes a vienres, de 9.00 a 14.00 horas<\/p>\n<ul style=\"text-align: justify;\">\n<li><strong>Sede electr\u00f3nica municipal: requiere identificaci\u00f3n digital<\/strong> (DNIe\/Certificado digital \u2013 Cl@ve PIN &#8211; Cl@ve permanente)<\/li>\n<\/ul>\n<p style=\"padding-left: 40px; text-align: justify;\"><img loading=\"lazy\" class=\"alignnone wp-image-602\" src=\"https:\/\/mugardos.gal\/wp-content\/uploads\/2020\/03\/web.png\" alt=\"\" width=\"30\" height=\"30\" \/> <a href=\"https:\/\/sede.concellodemugardos.gal\/opencms\/gl\/\">IR AL ENALCE Acceder a la Sede electr\u00f3nica del Ayuntamiento de Mugardos<\/a><\/p>\n<p style=\"text-align: justify;\"><strong><em>NORMATIVA REGULADORA<\/em><\/strong><\/p>\n<div id=\"contenedor\" class=\"textarea unknown\" style=\"text-align: justify;\">La tasa por esta actividad est\u00e1 regulada en la ordenanza fiscal n.\u00ba 14 reguladora de la tasa por la prestaci\u00f3n de servicios, deportivos, culturales y de ocio:<\/div>\n<p style=\"text-align: justify;\"><img loading=\"lazy\" class=\"alignnone wp-image-581\" src=\"https:\/\/mugardos.gal\/wp-content\/uploads\/2020\/03\/pdf.png\" alt=\"\" width=\"40\" height=\"40\" \/>\u00a0<a href=\"https:\/\/mugardos.gal\/wp-content\/uploads\/2020\/04\/Ordenanza-actividades-deportivas-culturais-e-de-lecer.pdf\">DESCARGAR PDF Ordenanza fiscal n.\u00ba 14, reguladora de la tasa por la prestaci\u00f3n de servicios, deportivos, culturales e de ocio<\/a><\/p>\n<p>[\/vc_column_text][\/vc_column][\/vc_row][vc_row][vc_column][vc_column_text]\n<p>[\/vc_column_text][\/vc_column][\/vc_row]\n","protected":false},"excerpt":{"rendered":"<p>[vc_row][vc_column][vc_separator color=\u00bbmulled_wine\u00bb style=\u00bbshadow\u00bb border_width=\u00bb4&#8243;][\/vc_column][\/vc_row][vc_row][vc_column css_animation=\u00bbright-to-left\u00bb width=\u00bb1\/4&#8243; offset=\u00bbvc_hidden-sm vc_hidden-xs\u00bb][vc_row_inner][vc_column_inner][vc_single_image image=\u00bb3323&#8243; img_size=\u00bbmedium\u00bb alignment=\u00bbcenter\u00bb style=\u00bbvc_box_shadow_3d\u00bb onclick=\u00bbcustom_link\u00bb css_animation=\u00bbnone\u00bb css=\u00bb.vc_custom_1590409018576{margin-top: px !important;}\u00bb link=\u00bbhttps:\/\/mugardos.gal\/deportes\/contacto-co-departamento-de-deportes\/\u00bb][vc_single_image image=\u00bb3327&#8243; img_size=\u00bbmedium\u00bb alignment=\u00bbcenter\u00bb style=\u00bbvc_box_shadow_3d\u00bb onclick=\u00bbcustom_link\u00bb css=\u00bb.vc_custom_1590409084337{margin-top: -40px !important;}\u00bb link=\u00bbhttps:\/\/mugardos.gal\/deportes\/rocodromo\u00bb][vc_single_image image=\u00bb3325&#8243; img_size=\u00bbmedium\u00bb alignment=\u00bbcenter\u00bb style=\u00bbvc_box_shadow_3d\u00bb onclick=\u00bbcustom_link\u00bb css=\u00bb.vc_custom_1590409192205{margin-top: -40px !important;}\u00bb link=\u00bbhttps:\/\/mugardos.gal\/deportes\/multideporte-na-praia\/\u00bb][vc_single_image image=\u00bb3321&#8243; img_size=\u00bbmedium\u00bb alignment=\u00bbcenter\u00bb style=\u00bbvc_box_shadow_3d\u00bb onclick=\u00bbcustom_link\u00bb css=\u00bb.vc_custom_1590409203666{margin-top: -40px !important;}\u00bb link=\u00bbhttps:\/\/www.serviocio.es\/centers\/serviocio-ca-do-castro-ares-mugardos\u00bb][vc_single_image image=\u00bb3319&#8243; img_size=\u00bbmedium\u00bb alignment=\u00bbcenter\u00bb style=\u00bbvc_box_shadow_3d\u00bb onclick=\u00bbcustom_link\u00bb css=\u00bb.vc_custom_1590409260700{margin-top: -40px !important;}\u00bb link=\u00bbhttps:\/\/mugardos.gal\/deportes\/campo-de-herba-municipal\/\u00bb][vc_single_image image=\u00bb3329&#8243; [&hellip;]<\/p>\n","protected":false},"author":4,"featured_media":0,"parent":721,"menu_order":0,"comment_status":"closed","ping_status":"closed","template":"","meta":[],"yoast_head":"<!-- This site is optimized with the Yoast SEO plugin v18.9 - https:\/\/yoast.com\/wordpress\/plugins\/seo\/ -->\n<title>MULTIDEPORTE EN LA PLAYA - Concello de Mugardos<\/title>\n<meta name=\"robots\" content=\"index, follow, max-snippet:-1, max-image-preview:large, max-video-preview:-1\" \/>\n<link rel=\"canonical\" href=\"https:\/\/mugardos.gal\/es\/deportes\/multideporte-en-la-playa\/\" \/>\n<meta property=\"og:locale\" content=\"es_ES\" \/>\n<meta property=\"og:type\" content=\"article\" \/>\n<meta property=\"og:title\" content=\"MULTIDEPORTE EN LA PLAYA - Concello de Mugardos\" \/>\n<meta property=\"og:description\" content=\"[vc_row][vc_column][vc_separator color=\u00bbmulled_wine\u00bb style=\u00bbshadow\u00bb border_width=\u00bb4&#8243;][\/vc_column][\/vc_row][vc_row][vc_column css_animation=\u00bbright-to-left\u00bb width=\u00bb1\/4&#8243; offset=\u00bbvc_hidden-sm vc_hidden-xs\u00bb][vc_row_inner][vc_column_inner][vc_single_image image=\u00bb3323&#8243; img_size=\u00bbmedium\u00bb alignment=\u00bbcenter\u00bb style=\u00bbvc_box_shadow_3d\u00bb onclick=\u00bbcustom_link\u00bb css_animation=\u00bbnone\u00bb css=\u00bb.vc_custom_1590409018576{margin-top: px !important;}\u00bb link=\u00bbhttps:\/\/mugardos.gal\/deportes\/contacto-co-departamento-de-deportes\/\u00bb][vc_single_image image=\u00bb3327&#8243; img_size=\u00bbmedium\u00bb alignment=\u00bbcenter\u00bb style=\u00bbvc_box_shadow_3d\u00bb onclick=\u00bbcustom_link\u00bb css=\u00bb.vc_custom_1590409084337{margin-top: -40px !important;}\u00bb link=\u00bbhttps:\/\/mugardos.gal\/deportes\/rocodromo\u00bb][vc_single_image image=\u00bb3325&#8243; img_size=\u00bbmedium\u00bb alignment=\u00bbcenter\u00bb style=\u00bbvc_box_shadow_3d\u00bb onclick=\u00bbcustom_link\u00bb css=\u00bb.vc_custom_1590409192205{margin-top: -40px !important;}\u00bb link=\u00bbhttps:\/\/mugardos.gal\/deportes\/multideporte-na-praia\/\u00bb][vc_single_image image=\u00bb3321&#8243; img_size=\u00bbmedium\u00bb alignment=\u00bbcenter\u00bb style=\u00bbvc_box_shadow_3d\u00bb onclick=\u00bbcustom_link\u00bb css=\u00bb.vc_custom_1590409203666{margin-top: -40px !important;}\u00bb link=\u00bbhttps:\/\/www.serviocio.es\/centers\/serviocio-ca-do-castro-ares-mugardos\u00bb][vc_single_image image=\u00bb3319&#8243; img_size=\u00bbmedium\u00bb alignment=\u00bbcenter\u00bb style=\u00bbvc_box_shadow_3d\u00bb onclick=\u00bbcustom_link\u00bb css=\u00bb.vc_custom_1590409260700{margin-top: -40px !important;}\u00bb link=\u00bbhttps:\/\/mugardos.gal\/deportes\/campo-de-herba-municipal\/\u00bb][vc_single_image image=\u00bb3329&#8243; [&hellip;]\" \/>\n<meta property=\"og:url\" content=\"https:\/\/mugardos.gal\/es\/deportes\/multideporte-en-la-playa\/\" \/>\n<meta property=\"og:site_name\" content=\"Concello de Mugardos\" \/>\n<meta property=\"article:modified_time\" content=\"2020-09-23T10:22:48+00:00\" \/>\n<meta property=\"og:image\" content=\"https:\/\/mugardos.gal\/wp-content\/uploads\/2020\/03\/pdf.png\" \/>\n<meta name=\"twitter:card\" content=\"summary_large_image\" \/>\n<meta name=\"twitter:label1\" content=\"Tiempo de lectura\" \/>\n\t<meta name=\"twitter:data1\" content=\"3 minutos\" \/>\n<script type=\"application\/ld+json\" class=\"yoast-schema-graph\">{\"@context\":\"https:\/\/schema.org\",\"@graph\":[{\"@type\":\"WebSite\",\"@id\":\"https:\/\/mugardos.gal\/#website\",\"url\":\"https:\/\/mugardos.gal\/\",\"name\":\"Concello de Mugardos\",\"description\":\"\",\"potentialAction\":[{\"@type\":\"SearchAction\",\"target\":{\"@type\":\"EntryPoint\",\"urlTemplate\":\"https:\/\/mugardos.gal\/?s={search_term_string}\"},\"query-input\":\"required name=search_term_string\"}],\"inLanguage\":\"es\"},{\"@type\":\"ImageObject\",\"inLanguage\":\"es\",\"@id\":\"https:\/\/mugardos.gal\/es\/deportes\/multideporte-en-la-playa\/#primaryimage\",\"url\":\"https:\/\/mugardos.gal\/wp-content\/uploads\/2020\/03\/pdf.png\",\"contentUrl\":\"https:\/\/mugardos.gal\/wp-content\/uploads\/2020\/03\/pdf.png\",\"width\":100,\"height\":100},{\"@type\":\"WebPage\",\"@id\":\"https:\/\/mugardos.gal\/es\/deportes\/multideporte-en-la-playa\/#webpage\",\"url\":\"https:\/\/mugardos.gal\/es\/deportes\/multideporte-en-la-playa\/\",\"name\":\"MULTIDEPORTE EN LA PLAYA - Concello de Mugardos\",\"isPartOf\":{\"@id\":\"https:\/\/mugardos.gal\/#website\"},\"primaryImageOfPage\":{\"@id\":\"https:\/\/mugardos.gal\/es\/deportes\/multideporte-en-la-playa\/#primaryimage\"},\"datePublished\":\"2020-05-28T15:49:27+00:00\",\"dateModified\":\"2020-09-23T10:22:48+00:00\",\"breadcrumb\":{\"@id\":\"https:\/\/mugardos.gal\/es\/deportes\/multideporte-en-la-playa\/#breadcrumb\"},\"inLanguage\":\"es\",\"potentialAction\":[{\"@type\":\"ReadAction\",\"target\":[\"https:\/\/mugardos.gal\/es\/deportes\/multideporte-en-la-playa\/\"]}]},{\"@type\":\"BreadcrumbList\",\"@id\":\"https:\/\/mugardos.gal\/es\/deportes\/multideporte-en-la-playa\/#breadcrumb\",\"itemListElement\":[{\"@type\":\"ListItem\",\"position\":1,\"name\":\"Portada\",\"item\":\"https:\/\/mugardos.gal\/es\/\"},{\"@type\":\"ListItem\",\"position\":2,\"name\":\"DEPORTES\",\"item\":\"https:\/\/mugardos.gal\/es\/deportes\/\"},{\"@type\":\"ListItem\",\"position\":3,\"name\":\"MULTIDEPORTE EN LA PLAYA\"}]}]}<\/script>\n<!-- \/ Yoast SEO plugin. -->","yoast_head_json":{"title":"MULTIDEPORTE EN LA PLAYA - Concello de Mugardos","robots":{"index":"index","follow":"follow","max-snippet":"max-snippet:-1","max-image-preview":"max-image-preview:large","max-video-preview":"max-video-preview:-1"},"canonical":"https:\/\/mugardos.gal\/es\/deportes\/multideporte-en-la-playa\/","og_locale":"es_ES","og_type":"article","og_title":"MULTIDEPORTE EN LA PLAYA - Concello de Mugardos","og_description":"[vc_row][vc_column][vc_separator color=\u00bbmulled_wine\u00bb style=\u00bbshadow\u00bb border_width=\u00bb4&#8243;][\/vc_column][\/vc_row][vc_row][vc_column css_animation=\u00bbright-to-left\u00bb width=\u00bb1\/4&#8243; offset=\u00bbvc_hidden-sm vc_hidden-xs\u00bb][vc_row_inner][vc_column_inner][vc_single_image image=\u00bb3323&#8243; img_size=\u00bbmedium\u00bb alignment=\u00bbcenter\u00bb style=\u00bbvc_box_shadow_3d\u00bb onclick=\u00bbcustom_link\u00bb css_animation=\u00bbnone\u00bb css=\u00bb.vc_custom_1590409018576{margin-top: px !important;}\u00bb link=\u00bbhttps:\/\/mugardos.gal\/deportes\/contacto-co-departamento-de-deportes\/\u00bb][vc_single_image image=\u00bb3327&#8243; img_size=\u00bbmedium\u00bb alignment=\u00bbcenter\u00bb style=\u00bbvc_box_shadow_3d\u00bb onclick=\u00bbcustom_link\u00bb css=\u00bb.vc_custom_1590409084337{margin-top: -40px !important;}\u00bb link=\u00bbhttps:\/\/mugardos.gal\/deportes\/rocodromo\u00bb][vc_single_image image=\u00bb3325&#8243; img_size=\u00bbmedium\u00bb alignment=\u00bbcenter\u00bb style=\u00bbvc_box_shadow_3d\u00bb onclick=\u00bbcustom_link\u00bb css=\u00bb.vc_custom_1590409192205{margin-top: -40px !important;}\u00bb link=\u00bbhttps:\/\/mugardos.gal\/deportes\/multideporte-na-praia\/\u00bb][vc_single_image image=\u00bb3321&#8243; img_size=\u00bbmedium\u00bb alignment=\u00bbcenter\u00bb style=\u00bbvc_box_shadow_3d\u00bb onclick=\u00bbcustom_link\u00bb css=\u00bb.vc_custom_1590409203666{margin-top: -40px !important;}\u00bb link=\u00bbhttps:\/\/www.serviocio.es\/centers\/serviocio-ca-do-castro-ares-mugardos\u00bb][vc_single_image image=\u00bb3319&#8243; img_size=\u00bbmedium\u00bb alignment=\u00bbcenter\u00bb style=\u00bbvc_box_shadow_3d\u00bb onclick=\u00bbcustom_link\u00bb css=\u00bb.vc_custom_1590409260700{margin-top: -40px !important;}\u00bb link=\u00bbhttps:\/\/mugardos.gal\/deportes\/campo-de-herba-municipal\/\u00bb][vc_single_image image=\u00bb3329&#8243; [&hellip;]","og_url":"https:\/\/mugardos.gal\/es\/deportes\/multideporte-en-la-playa\/","og_site_name":"Concello de Mugardos","article_modified_time":"2020-09-23T10:22:48+00:00","og_image":[{"url":"https:\/\/mugardos.gal\/wp-content\/uploads\/2020\/03\/pdf.png"}],"twitter_card":"summary_large_image","twitter_misc":{"Tiempo de lectura":"3 minutos"},"schema":{"@context":"https:\/\/schema.org","@graph":[{"@type":"WebSite","@id":"https:\/\/mugardos.gal\/#website","url":"https:\/\/mugardos.gal\/","name":"Concello de Mugardos","description":"","potentialAction":[{"@type":"SearchAction","target":{"@type":"EntryPoint","urlTemplate":"https:\/\/mugardos.gal\/?s={search_term_string}"},"query-input":"required name=search_term_string"}],"inLanguage":"es"},{"@type":"ImageObject","inLanguage":"es","@id":"https:\/\/mugardos.gal\/es\/deportes\/multideporte-en-la-playa\/#primaryimage","url":"https:\/\/mugardos.gal\/wp-content\/uploads\/2020\/03\/pdf.png","contentUrl":"https:\/\/mugardos.gal\/wp-content\/uploads\/2020\/03\/pdf.png","width":100,"height":100},{"@type":"WebPage","@id":"https:\/\/mugardos.gal\/es\/deportes\/multideporte-en-la-playa\/#webpage","url":"https:\/\/mugardos.gal\/es\/deportes\/multideporte-en-la-playa\/","name":"MULTIDEPORTE EN LA PLAYA - Concello de Mugardos","isPartOf":{"@id":"https:\/\/mugardos.gal\/#website"},"primaryImageOfPage":{"@id":"https:\/\/mugardos.gal\/es\/deportes\/multideporte-en-la-playa\/#primaryimage"},"datePublished":"2020-05-28T15:49:27+00:00","dateModified":"2020-09-23T10:22:48+00:00","breadcrumb":{"@id":"https:\/\/mugardos.gal\/es\/deportes\/multideporte-en-la-playa\/#breadcrumb"},"inLanguage":"es","potentialAction":[{"@type":"ReadAction","target":["https:\/\/mugardos.gal\/es\/deportes\/multideporte-en-la-playa\/"]}]},{"@type":"BreadcrumbList","@id":"https:\/\/mugardos.gal\/es\/deportes\/multideporte-en-la-playa\/#breadcrumb","itemListElement":[{"@type":"ListItem","position":1,"name":"Portada","item":"https:\/\/mugardos.gal\/es\/"},{"@type":"ListItem","position":2,"name":"DEPORTES","item":"https:\/\/mugardos.gal\/es\/deportes\/"},{"@type":"ListItem","position":3,"name":"MULTIDEPORTE EN LA PLAYA"}]}]}},"_links":{"self":[{"href":"https:\/\/mugardos.gal\/es\/wp-json\/wp\/v2\/pages\/6248"}],"collection":[{"href":"https:\/\/mugardos.gal\/es\/wp-json\/wp\/v2\/pages"}],"about":[{"href":"https:\/\/mugardos.gal\/es\/wp-json\/wp\/v2\/types\/page"}],"author":[{"embeddable":true,"href":"https:\/\/mugardos.gal\/es\/wp-json\/wp\/v2\/users\/4"}],"replies":[{"embeddable":true,"href":"https:\/\/mugardos.gal\/es\/wp-json\/wp\/v2\/comments?post=6248"}],"version-history":[{"count":0,"href":"https:\/\/mugardos.gal\/es\/wp-json\/wp\/v2\/pages\/6248\/revisions"}],"up":[{"embeddable":true,"href":"https:\/\/mugardos.gal\/es\/wp-json\/wp\/v2\/pages\/721"}],"wp:attachment":[{"href":"https:\/\/mugardos.gal\/es\/wp-json\/wp\/v2\/media?parent=6248"}],"curies":[{"name":"wp","href":"https:\/\/api.w.org\/{rel}","templated":true}]}}