{"id":6245,"date":"2020-05-28T17:33:51","date_gmt":"2020-05-28T15:33:51","guid":{"rendered":"https:\/\/mugardos.gal\/deportes\/rocodromo\/"},"modified":"2020-07-02T12:04:08","modified_gmt":"2020-07-02T10:04:08","slug":"rocodromo","status":"publish","type":"page","link":"https:\/\/mugardos.gal\/es\/deportes\/rocodromo\/","title":{"rendered":"ROC\u00d3DROMO"},"content":{"rendered":"<p>[vc_row][vc_column][vc_separator color=\u00bbmulled_wine\u00bb style=\u00bbshadow\u00bb border_width=\u00bb4&#8243;][\/vc_column][\/vc_row][vc_row][vc_column css_animation=\u00bbright-to-left\u00bb width=\u00bb1\/4&#8243; offset=\u00bbvc_hidden-sm vc_hidden-xs\u00bb][vc_row_inner][vc_column_inner][vc_single_image image=\u00bb3323&#8243; img_size=\u00bbmedium\u00bb alignment=\u00bbcenter\u00bb style=\u00bbvc_box_shadow_3d\u00bb onclick=\u00bbcustom_link\u00bb css_animation=\u00bbnone\u00bb css=\u00bb.vc_custom_1590409020642{margin-top: px !important;}\u00bb link=\u00bbhttps:\/\/mugardos.gal\/deportes\/contacto-co-departamento-de-deportes\/\u00bb][vc_single_image image=\u00bb3327&#8243; img_size=\u00bbmedium\u00bb alignment=\u00bbcenter\u00bb style=\u00bbvc_box_shadow_3d\u00bb onclick=\u00bbcustom_link\u00bb css=\u00bb.vc_custom_1590409038859{margin-top: -40px !important;}\u00bb link=\u00bbhttps:\/\/mugardos.gal\/deportes\/rocodromo\u00bb][vc_single_image image=\u00bb3325&#8243; img_size=\u00bbmedium\u00bb alignment=\u00bbcenter\u00bb style=\u00bbvc_box_shadow_3d\u00bb onclick=\u00bbcustom_link\u00bb css=\u00bb.vc_custom_1590409139205{margin-top: -40px !important;}\u00bb link=\u00bbhttps:\/\/mugardos.gal\/deportes\/multideporte-na-praia\/\u00bb][vc_single_image image=\u00bb3321&#8243; img_size=\u00bbmedium\u00bb alignment=\u00bbcenter\u00bb style=\u00bbvc_box_shadow_3d\u00bb onclick=\u00bbcustom_link\u00bb css=\u00bb.vc_custom_1590409411291{margin-top: -40px !important;}\u00bb link=\u00bbhttps:\/\/www.serviocio.es\/centers\/serviocio-ca-do-castro-ares-mugardos\u00bb][vc_single_image image=\u00bb3319&#8243; img_size=\u00bbmedium\u00bb alignment=\u00bbcenter\u00bb style=\u00bbvc_box_shadow_3d\u00bb onclick=\u00bbcustom_link\u00bb css=\u00bb.vc_custom_1590409421481{margin-top: -40px !important;}\u00bb link=\u00bbhttps:\/\/mugardos.gal\/deportes\/campo-de-herba-municipal\/\u00bb][vc_single_image image=\u00bb3329&#8243; img_size=\u00bbmedium\u00bb alignment=\u00bbcenter\u00bb style=\u00bbvc_box_shadow_3d\u00bb onclick=\u00bbcustom_link\u00bb css=\u00bb.vc_custom_1590409435238{margin-top: -40px !important;}\u00bb link=\u00bbhttps:\/\/mugardos.gal\/deportes\/subvencions-municipais-e-convenios-con-entidades-deportivas\/\u00bb][vc_single_image image=\u00bb3317&#8243; img_size=\u00bbmedium\u00bb alignment=\u00bbcenter\u00bb style=\u00bbvc_box_shadow_3d\u00bb onclick=\u00bbcustom_link\u00bb css=\u00bb.vc_custom_1590409445940{margin-top: -40px !important;}\u00bb link=\u00bbhttps:\/\/mugardos.gal\/buzon-de-suxestions\/\u00bb][vc_column_text]\n<!-- PRESSVILLE EVENTS : begin -->\n<section class=\"lsvr-pressville-post-grid lsvr-pressville-post-grid--events lsvr-pressville-post-grid--layout-title-top lsvr-pressville-post-grid--dark-bg\"\n    >\n    <div class=\"lsvr-pressville-post-grid__inner\">\n        <div class=\"lsvr-container\">\n            <div class=\"lsvr-pressville-post-grid__content\">\n\n                \n                    <p class=\"c-alert-message\">No hay eventos<\/p>\n\n                \n            <\/div>\n        <\/div>\n    <\/div>\n<\/section>\n<!-- PRESSVILLE EVENTS : end -->\n\n[\/vc_column_text][\/vc_column_inner][\/vc_row_inner][\/vc_column][vc_column width=\u00bb3\/4&#8243;][vc_column_text]\n<p style=\"text-align: justify;\"><strong>INFORMACI\u00d3N DEL ROC\u00d3DROMO<\/strong><\/p>\n<p style=\"padding-left: 40px; text-align: justify;\"><img loading=\"lazy\" class=\"alignnone wp-image-596\" src=\"https:\/\/mugardos.gal\/wp-content\/uploads\/2020\/03\/direcci\u00f3n.png\" alt=\"\" width=\"30\" height=\"30\" \/> Polideportivo municipal do Cristo, calle <span class=\"direccion\">O Cristo, s\/n \u2013 15620 \u2013 <span class=\"font-weight-bold\"> Mugardos<\/span><\/span><\/p>\n<p style=\"padding-left: 40px; text-align: justify;\"><img loading=\"lazy\" class=\"alignnone wp-image-598\" src=\"https:\/\/mugardos.gal\/wp-content\/uploads\/2020\/03\/telefono.png\" alt=\"\" width=\"30\" height=\"30\" \/> 981 470 518<\/p>\n<p style=\"padding-left: 40px; text-align: justify;\"><img loading=\"lazy\" class=\"alignnone wp-image-609\" src=\"https:\/\/mugardos.gal\/wp-content\/uploads\/2020\/03\/hora.png\" alt=\"\" width=\"30\" height=\"30\" \/> Horario de apertura de 16.00 a 22.30 horas .<\/p>\n<p style=\"padding-left: 40px; text-align: justify;\"><img loading=\"lazy\" class=\"alignnone wp-image-592\" src=\"https:\/\/mugardos.gal\/wp-content\/uploads\/2020\/03\/contacto.png\" alt=\"\" width=\"30\" height=\"30\" \/> Persona de contacto: Manuel Polo<\/p>\n<p style=\"text-align: justify;\">El roc\u00f3dromo, ubicado en el pabell\u00f3n municipal del Cristo cuenta con el casi 50 m2 de superficie escalable, repartidos en placa vertical y desplome y realizado con paneles Diamond. Se trata de una instalaci\u00f3n enfocada principalmente a la escalada de iniciaci\u00f3n y perfeccionamiento (la zona inferior de la instalaci\u00f3n fue acondicionada para la pr\u00e1ctica de b\u00falder presentando un mayor n\u00famero de presas y colchones).<\/p>\n<p style=\"text-align: justify;\">Unas instalaciones preparadas para todos los niveles que dispone de dos \u00e1reas diferenciadas, una de cinco metros de ancho por 7,5 de alto, con varios niveles de complejidad y otra anexa m\u00e1s sencilla de cinco por cinco metros. En total el roc\u00f3dromo consta de 300 presas que pueden ser empleadas para la pr\u00e1ctica deportiva y los entrenamientos profesionales en trabajos verticales.<\/p>\n<p style=\"text-align: justify;\">Para hacer uso del roc\u00f3dromo se deber\u00e1 cubrir anualmente el formulario de autorizaci\u00f3n de acceso, toda vez que el horario disponible es de lunes a viernes de 16.00 a 22.30 horas y los s\u00e1bados de 11.00 a 13.00 horas (previo aviso al personal encargado de la instalaci\u00f3n), que permitir\u00e1 el uso libre del roc\u00f3dromo siempre y cuando no exista una actividad en las instalaciones que pueda interferir en la pr\u00e1ctica de la escalada.<\/p>\n<p style=\"text-align: justify;\">Es requisito indispensable para hacer uso de las instalaciones estar federado o tener un seguro de accidentes que cubra la escalada en roc\u00f3dromo. Y en el caso de ser menor de edad, deber\u00e1n estar en presencia de un monitor o adulto responsable.<\/p>\n<p style=\"text-align: justify;\"><strong><em>INSTANCIA<\/em><\/strong><\/p>\n<p style=\"text-align: justify;\"><img loading=\"lazy\" class=\"alignnone wp-image-581\" src=\"https:\/\/mugardos.gal\/wp-content\/uploads\/2020\/03\/pdf.png\" alt=\"\" width=\"40\" height=\"40\" \/> <a href=\"https:\/\/mugardos.gal\/wp-content\/uploads\/2020\/04\/Solicitude-acceso-roc\u00f3dromo.pdf\">DESCARGAR PDF Solicitud de acceso al roc\u00f3dromo<\/a><\/p>\n<p style=\"text-align: justify;\"><strong><em>TRAMITACI\u00d3N Y REGISTRO<\/em><\/strong><\/p>\n<div id=\"contenedor\" class=\"textarea unknown\" style=\"text-align: justify;\">El roc\u00f3dromo es de acceso gratuito para uso individual, y a nivel colectivo se cobra la ordenanza de uso del pabell\u00f3n si el n\u00famero excede el m\u00e1ximo de usuarios (m\u00e1s de 9 usuarios). Una vez cubierta la solicitud, y adjuntada toda la documentaci\u00f3n requerida (fotocopia del DNI, de la tarjeta federativa o del seguro privado, y autorizaci\u00f3n en el caso de ser menor de edad), se deber\u00e1 entregar en el departamento de deportes, o registrarla (en el registro municipal o a trav\u00e9s de la sede electr\u00f3nica):<\/div>\n<ul style=\"text-align: justify;\">\n<li><strong>Oficina municipal de la Concejal\u00eda de Deportes<\/strong><\/li>\n<\/ul>\n<p style=\"padding-left: 40px; text-align: justify;\">\u00a0<img loading=\"lazy\" class=\"alignnone wp-image-596\" src=\"https:\/\/mugardos.gal\/wp-content\/uploads\/2020\/03\/direcci\u00f3n.png\" alt=\"\" width=\"30\" height=\"30\" \/> Avenida de Galicia 45, 1\u00ba piso<\/p>\n<p style=\"padding-left: 40px; text-align: justify;\">\u00a0<img loading=\"lazy\" class=\"alignnone wp-image-598\" src=\"https:\/\/mugardos.gal\/wp-content\/uploads\/2020\/03\/telefono.png\" alt=\"\" width=\"30\" height=\"30\" \/>\u00a0 981 470 290 (extensi\u00f3n: #2060)<\/p>\n<p style=\"padding-left: 40px; text-align: justify;\">\u00a0<img loading=\"lazy\" class=\"alignnone wp-image-594\" src=\"https:\/\/mugardos.gal\/wp-content\/uploads\/2020\/03\/correo.png\" alt=\"\" width=\"30\" height=\"23\" \/> <a href=\"mailto:deportes@mugardos.gal\">deportes@mugardos.gal<\/a><\/p>\n<ul style=\"text-align: justify;\">\n<li><strong>Registro general de entrada: en las oficinas municipales<\/strong><\/li>\n<\/ul>\n<p style=\"padding-left: 40px; text-align: justify;\">\u00a0<img loading=\"lazy\" class=\"alignnone wp-image-596\" src=\"https:\/\/mugardos.gal\/wp-content\/uploads\/2020\/03\/direcci\u00f3n.png\" alt=\"\" width=\"30\" height=\"30\" \/> Avenida de Galicia n\u00ba 45, bajo<\/p>\n<p style=\"padding-left: 40px; text-align: justify;\">\u00a0<img loading=\"lazy\" class=\"alignnone wp-image-609\" src=\"https:\/\/mugardos.gal\/wp-content\/uploads\/2020\/03\/hora.png\" alt=\"\" width=\"30\" height=\"30\" \/> de lunes a viernes de 9.00 a 14.00 horas<\/p>\n<ul style=\"text-align: justify;\">\n<li><strong>Sede electr\u00f3nica municipal: requiere identificaci\u00f3n digital<\/strong> (DNIe\/Certificado digital \u2013 Cl@ve PIN &#8211; Cl@ve permanente)<\/li>\n<\/ul>\n<p style=\"padding-left: 40px; text-align: justify;\">\u00a0<img loading=\"lazy\" class=\"alignnone wp-image-602\" src=\"https:\/\/mugardos.gal\/wp-content\/uploads\/2020\/03\/web.png\" alt=\"\" width=\"30\" height=\"30\" \/> <a href=\"https:\/\/sede.concellodemugardos.gal\/opencms\/gl\/\">IR AL ENLACE Acceder a la Sede electr\u00f3nica del Ayuntamiento de Mugardos<\/a><\/p>\n<p style=\"text-align: justify;\"><strong><em>NORMATIVA REGULADORA<\/em><\/strong><\/p>\n<div id=\"contenedor\" class=\"textarea unknown\" style=\"text-align: justify;\">El roc\u00f3dromo tiene su propia normativa de uso, aprobada por el ayuntamiento y que regula el funcionamiento de dicha instalaci\u00f3n. Tambi\u00e9n es de aplicaci\u00f3n la ordenanza del pabell\u00f3n municipal dependiendo del n\u00famero de usuarios:<\/div>\n<p style=\"text-align: justify;\"><img loading=\"lazy\" class=\"alignnone wp-image-581\" src=\"https:\/\/mugardos.gal\/wp-content\/uploads\/2020\/03\/pdf.png\" alt=\"\" width=\"40\" height=\"40\" \/> <a href=\"https:\/\/mugardos.gal\/wp-content\/uploads\/2020\/04\/Normas-de-uso-roc\u00f3dromo.pdf\">DESCARGAR PDF Normas de uso roc\u00f3dromo<\/a><\/p>\n<p style=\"text-align: justify;\"><img loading=\"lazy\" class=\"alignnone wp-image-581\" src=\"https:\/\/mugardos.gal\/wp-content\/uploads\/2020\/03\/pdf.png\" alt=\"\" width=\"40\" height=\"40\" \/> <a href=\"https:\/\/mugardos.gal\/wp-content\/uploads\/2020\/04\/Ordenanza-polideportivo-municipal.pdf\">DESCARGAR PDF Ordenanza Polideportivo municipal do Cristo<\/a><\/p>\n<p>[\/vc_column_text][vc_gallery interval=\u00bb3&#8243; images=\u00bb4625,6050,6052&#8243; img_size=\u00bbfull\u00bb title=\u00bbGaler\u00eda de im\u00e1genes del roc\u00f3dromo\u00bb][\/vc_column][\/vc_row][vc_row][vc_column][vc_column_text]\n<p>[\/vc_column_text][\/vc_column][\/vc_row]\n","protected":false},"excerpt":{"rendered":"<p>[vc_row][vc_column][vc_separator color=\u00bbmulled_wine\u00bb style=\u00bbshadow\u00bb border_width=\u00bb4&#8243;][\/vc_column][\/vc_row][vc_row][vc_column css_animation=\u00bbright-to-left\u00bb width=\u00bb1\/4&#8243; offset=\u00bbvc_hidden-sm vc_hidden-xs\u00bb][vc_row_inner][vc_column_inner][vc_single_image image=\u00bb3323&#8243; img_size=\u00bbmedium\u00bb alignment=\u00bbcenter\u00bb style=\u00bbvc_box_shadow_3d\u00bb onclick=\u00bbcustom_link\u00bb css_animation=\u00bbnone\u00bb css=\u00bb.vc_custom_1590409020642{margin-top: px !important;}\u00bb link=\u00bbhttps:\/\/mugardos.gal\/deportes\/contacto-co-departamento-de-deportes\/\u00bb][vc_single_image image=\u00bb3327&#8243; img_size=\u00bbmedium\u00bb alignment=\u00bbcenter\u00bb style=\u00bbvc_box_shadow_3d\u00bb onclick=\u00bbcustom_link\u00bb css=\u00bb.vc_custom_1590409038859{margin-top: -40px !important;}\u00bb link=\u00bbhttps:\/\/mugardos.gal\/deportes\/rocodromo\u00bb][vc_single_image image=\u00bb3325&#8243; img_size=\u00bbmedium\u00bb alignment=\u00bbcenter\u00bb style=\u00bbvc_box_shadow_3d\u00bb onclick=\u00bbcustom_link\u00bb css=\u00bb.vc_custom_1590409139205{margin-top: -40px !important;}\u00bb link=\u00bbhttps:\/\/mugardos.gal\/deportes\/multideporte-na-praia\/\u00bb][vc_single_image image=\u00bb3321&#8243; img_size=\u00bbmedium\u00bb alignment=\u00bbcenter\u00bb style=\u00bbvc_box_shadow_3d\u00bb onclick=\u00bbcustom_link\u00bb css=\u00bb.vc_custom_1590409411291{margin-top: -40px !important;}\u00bb link=\u00bbhttps:\/\/www.serviocio.es\/centers\/serviocio-ca-do-castro-ares-mugardos\u00bb][vc_single_image image=\u00bb3319&#8243; img_size=\u00bbmedium\u00bb alignment=\u00bbcenter\u00bb style=\u00bbvc_box_shadow_3d\u00bb onclick=\u00bbcustom_link\u00bb css=\u00bb.vc_custom_1590409421481{margin-top: -40px !important;}\u00bb link=\u00bbhttps:\/\/mugardos.gal\/deportes\/campo-de-herba-municipal\/\u00bb][vc_single_image image=\u00bb3329&#8243; [&hellip;]<\/p>\n","protected":false},"author":4,"featured_media":0,"parent":721,"menu_order":0,"comment_status":"closed","ping_status":"closed","template":"","meta":[],"yoast_head":"<!-- This site is optimized with the Yoast SEO plugin v18.9 - https:\/\/yoast.com\/wordpress\/plugins\/seo\/ -->\n<title>ROC\u00d3DROMO - Concello de Mugardos<\/title>\n<meta name=\"robots\" content=\"index, follow, max-snippet:-1, max-image-preview:large, max-video-preview:-1\" \/>\n<link rel=\"canonical\" href=\"https:\/\/mugardos.gal\/es\/deportes\/rocodromo\/\" \/>\n<meta property=\"og:locale\" content=\"es_ES\" \/>\n<meta property=\"og:type\" content=\"article\" \/>\n<meta property=\"og:title\" content=\"ROC\u00d3DROMO - Concello de Mugardos\" \/>\n<meta property=\"og:description\" content=\"[vc_row][vc_column][vc_separator color=\u00bbmulled_wine\u00bb style=\u00bbshadow\u00bb border_width=\u00bb4&#8243;][\/vc_column][\/vc_row][vc_row][vc_column css_animation=\u00bbright-to-left\u00bb width=\u00bb1\/4&#8243; offset=\u00bbvc_hidden-sm vc_hidden-xs\u00bb][vc_row_inner][vc_column_inner][vc_single_image image=\u00bb3323&#8243; img_size=\u00bbmedium\u00bb alignment=\u00bbcenter\u00bb style=\u00bbvc_box_shadow_3d\u00bb onclick=\u00bbcustom_link\u00bb css_animation=\u00bbnone\u00bb css=\u00bb.vc_custom_1590409020642{margin-top: px !important;}\u00bb link=\u00bbhttps:\/\/mugardos.gal\/deportes\/contacto-co-departamento-de-deportes\/\u00bb][vc_single_image image=\u00bb3327&#8243; img_size=\u00bbmedium\u00bb alignment=\u00bbcenter\u00bb style=\u00bbvc_box_shadow_3d\u00bb onclick=\u00bbcustom_link\u00bb css=\u00bb.vc_custom_1590409038859{margin-top: -40px !important;}\u00bb link=\u00bbhttps:\/\/mugardos.gal\/deportes\/rocodromo\u00bb][vc_single_image image=\u00bb3325&#8243; img_size=\u00bbmedium\u00bb alignment=\u00bbcenter\u00bb style=\u00bbvc_box_shadow_3d\u00bb onclick=\u00bbcustom_link\u00bb css=\u00bb.vc_custom_1590409139205{margin-top: -40px !important;}\u00bb link=\u00bbhttps:\/\/mugardos.gal\/deportes\/multideporte-na-praia\/\u00bb][vc_single_image image=\u00bb3321&#8243; img_size=\u00bbmedium\u00bb alignment=\u00bbcenter\u00bb style=\u00bbvc_box_shadow_3d\u00bb onclick=\u00bbcustom_link\u00bb css=\u00bb.vc_custom_1590409411291{margin-top: -40px !important;}\u00bb link=\u00bbhttps:\/\/www.serviocio.es\/centers\/serviocio-ca-do-castro-ares-mugardos\u00bb][vc_single_image image=\u00bb3319&#8243; img_size=\u00bbmedium\u00bb alignment=\u00bbcenter\u00bb style=\u00bbvc_box_shadow_3d\u00bb onclick=\u00bbcustom_link\u00bb css=\u00bb.vc_custom_1590409421481{margin-top: -40px !important;}\u00bb link=\u00bbhttps:\/\/mugardos.gal\/deportes\/campo-de-herba-municipal\/\u00bb][vc_single_image image=\u00bb3329&#8243; [&hellip;]\" \/>\n<meta property=\"og:url\" content=\"https:\/\/mugardos.gal\/es\/deportes\/rocodromo\/\" \/>\n<meta property=\"og:site_name\" content=\"Concello de Mugardos\" \/>\n<meta property=\"article:modified_time\" content=\"2020-07-02T10:04:08+00:00\" \/>\n<meta property=\"og:image\" content=\"https:\/\/mugardos.gal\/wp-content\/uploads\/2020\/03\/telefono.png\" \/>\n<meta name=\"twitter:card\" content=\"summary_large_image\" \/>\n<meta name=\"twitter:label1\" content=\"Tiempo de lectura\" \/>\n\t<meta name=\"twitter:data1\" content=\"4 minutos\" \/>\n<script type=\"application\/ld+json\" class=\"yoast-schema-graph\">{\"@context\":\"https:\/\/schema.org\",\"@graph\":[{\"@type\":\"WebSite\",\"@id\":\"https:\/\/mugardos.gal\/#website\",\"url\":\"https:\/\/mugardos.gal\/\",\"name\":\"Concello de Mugardos\",\"description\":\"\",\"potentialAction\":[{\"@type\":\"SearchAction\",\"target\":{\"@type\":\"EntryPoint\",\"urlTemplate\":\"https:\/\/mugardos.gal\/?s={search_term_string}\"},\"query-input\":\"required name=search_term_string\"}],\"inLanguage\":\"es\"},{\"@type\":\"ImageObject\",\"inLanguage\":\"es\",\"@id\":\"https:\/\/mugardos.gal\/es\/deportes\/rocodromo\/#primaryimage\",\"url\":\"https:\/\/mugardos.gal\/wp-content\/uploads\/2020\/03\/telefono.png\",\"contentUrl\":\"https:\/\/mugardos.gal\/wp-content\/uploads\/2020\/03\/telefono.png\",\"width\":100,\"height\":100},{\"@type\":\"WebPage\",\"@id\":\"https:\/\/mugardos.gal\/es\/deportes\/rocodromo\/#webpage\",\"url\":\"https:\/\/mugardos.gal\/es\/deportes\/rocodromo\/\",\"name\":\"ROC\u00d3DROMO - Concello de Mugardos\",\"isPartOf\":{\"@id\":\"https:\/\/mugardos.gal\/#website\"},\"primaryImageOfPage\":{\"@id\":\"https:\/\/mugardos.gal\/es\/deportes\/rocodromo\/#primaryimage\"},\"datePublished\":\"2020-05-28T15:33:51+00:00\",\"dateModified\":\"2020-07-02T10:04:08+00:00\",\"breadcrumb\":{\"@id\":\"https:\/\/mugardos.gal\/es\/deportes\/rocodromo\/#breadcrumb\"},\"inLanguage\":\"es\",\"potentialAction\":[{\"@type\":\"ReadAction\",\"target\":[\"https:\/\/mugardos.gal\/es\/deportes\/rocodromo\/\"]}]},{\"@type\":\"BreadcrumbList\",\"@id\":\"https:\/\/mugardos.gal\/es\/deportes\/rocodromo\/#breadcrumb\",\"itemListElement\":[{\"@type\":\"ListItem\",\"position\":1,\"name\":\"Portada\",\"item\":\"https:\/\/mugardos.gal\/es\/\"},{\"@type\":\"ListItem\",\"position\":2,\"name\":\"DEPORTES\",\"item\":\"https:\/\/mugardos.gal\/es\/deportes\/\"},{\"@type\":\"ListItem\",\"position\":3,\"name\":\"ROC\u00d3DROMO\"}]}]}<\/script>\n<!-- \/ Yoast SEO plugin. -->","yoast_head_json":{"title":"ROC\u00d3DROMO - Concello de Mugardos","robots":{"index":"index","follow":"follow","max-snippet":"max-snippet:-1","max-image-preview":"max-image-preview:large","max-video-preview":"max-video-preview:-1"},"canonical":"https:\/\/mugardos.gal\/es\/deportes\/rocodromo\/","og_locale":"es_ES","og_type":"article","og_title":"ROC\u00d3DROMO - Concello de Mugardos","og_description":"[vc_row][vc_column][vc_separator color=\u00bbmulled_wine\u00bb style=\u00bbshadow\u00bb border_width=\u00bb4&#8243;][\/vc_column][\/vc_row][vc_row][vc_column css_animation=\u00bbright-to-left\u00bb width=\u00bb1\/4&#8243; offset=\u00bbvc_hidden-sm vc_hidden-xs\u00bb][vc_row_inner][vc_column_inner][vc_single_image image=\u00bb3323&#8243; img_size=\u00bbmedium\u00bb alignment=\u00bbcenter\u00bb style=\u00bbvc_box_shadow_3d\u00bb onclick=\u00bbcustom_link\u00bb css_animation=\u00bbnone\u00bb css=\u00bb.vc_custom_1590409020642{margin-top: px !important;}\u00bb link=\u00bbhttps:\/\/mugardos.gal\/deportes\/contacto-co-departamento-de-deportes\/\u00bb][vc_single_image image=\u00bb3327&#8243; img_size=\u00bbmedium\u00bb alignment=\u00bbcenter\u00bb style=\u00bbvc_box_shadow_3d\u00bb onclick=\u00bbcustom_link\u00bb css=\u00bb.vc_custom_1590409038859{margin-top: -40px !important;}\u00bb link=\u00bbhttps:\/\/mugardos.gal\/deportes\/rocodromo\u00bb][vc_single_image image=\u00bb3325&#8243; img_size=\u00bbmedium\u00bb alignment=\u00bbcenter\u00bb style=\u00bbvc_box_shadow_3d\u00bb onclick=\u00bbcustom_link\u00bb css=\u00bb.vc_custom_1590409139205{margin-top: -40px !important;}\u00bb link=\u00bbhttps:\/\/mugardos.gal\/deportes\/multideporte-na-praia\/\u00bb][vc_single_image image=\u00bb3321&#8243; img_size=\u00bbmedium\u00bb alignment=\u00bbcenter\u00bb style=\u00bbvc_box_shadow_3d\u00bb onclick=\u00bbcustom_link\u00bb css=\u00bb.vc_custom_1590409411291{margin-top: -40px !important;}\u00bb link=\u00bbhttps:\/\/www.serviocio.es\/centers\/serviocio-ca-do-castro-ares-mugardos\u00bb][vc_single_image image=\u00bb3319&#8243; img_size=\u00bbmedium\u00bb alignment=\u00bbcenter\u00bb style=\u00bbvc_box_shadow_3d\u00bb onclick=\u00bbcustom_link\u00bb css=\u00bb.vc_custom_1590409421481{margin-top: -40px !important;}\u00bb link=\u00bbhttps:\/\/mugardos.gal\/deportes\/campo-de-herba-municipal\/\u00bb][vc_single_image image=\u00bb3329&#8243; [&hellip;]","og_url":"https:\/\/mugardos.gal\/es\/deportes\/rocodromo\/","og_site_name":"Concello de Mugardos","article_modified_time":"2020-07-02T10:04:08+00:00","og_image":[{"url":"https:\/\/mugardos.gal\/wp-content\/uploads\/2020\/03\/telefono.png"}],"twitter_card":"summary_large_image","twitter_misc":{"Tiempo de lectura":"4 minutos"},"schema":{"@context":"https:\/\/schema.org","@graph":[{"@type":"WebSite","@id":"https:\/\/mugardos.gal\/#website","url":"https:\/\/mugardos.gal\/","name":"Concello de Mugardos","description":"","potentialAction":[{"@type":"SearchAction","target":{"@type":"EntryPoint","urlTemplate":"https:\/\/mugardos.gal\/?s={search_term_string}"},"query-input":"required name=search_term_string"}],"inLanguage":"es"},{"@type":"ImageObject","inLanguage":"es","@id":"https:\/\/mugardos.gal\/es\/deportes\/rocodromo\/#primaryimage","url":"https:\/\/mugardos.gal\/wp-content\/uploads\/2020\/03\/telefono.png","contentUrl":"https:\/\/mugardos.gal\/wp-content\/uploads\/2020\/03\/telefono.png","width":100,"height":100},{"@type":"WebPage","@id":"https:\/\/mugardos.gal\/es\/deportes\/rocodromo\/#webpage","url":"https:\/\/mugardos.gal\/es\/deportes\/rocodromo\/","name":"ROC\u00d3DROMO - Concello de Mugardos","isPartOf":{"@id":"https:\/\/mugardos.gal\/#website"},"primaryImageOfPage":{"@id":"https:\/\/mugardos.gal\/es\/deportes\/rocodromo\/#primaryimage"},"datePublished":"2020-05-28T15:33:51+00:00","dateModified":"2020-07-02T10:04:08+00:00","breadcrumb":{"@id":"https:\/\/mugardos.gal\/es\/deportes\/rocodromo\/#breadcrumb"},"inLanguage":"es","potentialAction":[{"@type":"ReadAction","target":["https:\/\/mugardos.gal\/es\/deportes\/rocodromo\/"]}]},{"@type":"BreadcrumbList","@id":"https:\/\/mugardos.gal\/es\/deportes\/rocodromo\/#breadcrumb","itemListElement":[{"@type":"ListItem","position":1,"name":"Portada","item":"https:\/\/mugardos.gal\/es\/"},{"@type":"ListItem","position":2,"name":"DEPORTES","item":"https:\/\/mugardos.gal\/es\/deportes\/"},{"@type":"ListItem","position":3,"name":"ROC\u00d3DROMO"}]}]}},"_links":{"self":[{"href":"https:\/\/mugardos.gal\/es\/wp-json\/wp\/v2\/pages\/6245"}],"collection":[{"href":"https:\/\/mugardos.gal\/es\/wp-json\/wp\/v2\/pages"}],"about":[{"href":"https:\/\/mugardos.gal\/es\/wp-json\/wp\/v2\/types\/page"}],"author":[{"embeddable":true,"href":"https:\/\/mugardos.gal\/es\/wp-json\/wp\/v2\/users\/4"}],"replies":[{"embeddable":true,"href":"https:\/\/mugardos.gal\/es\/wp-json\/wp\/v2\/comments?post=6245"}],"version-history":[{"count":0,"href":"https:\/\/mugardos.gal\/es\/wp-json\/wp\/v2\/pages\/6245\/revisions"}],"up":[{"embeddable":true,"href":"https:\/\/mugardos.gal\/es\/wp-json\/wp\/v2\/pages\/721"}],"wp:attachment":[{"href":"https:\/\/mugardos.gal\/es\/wp-json\/wp\/v2\/media?parent=6245"}],"curies":[{"name":"wp","href":"https:\/\/api.w.org\/{rel}","templated":true}]}}