{"id":6242,"date":"2020-05-28T17:14:18","date_gmt":"2020-05-28T15:14:18","guid":{"rendered":"https:\/\/mugardos.gal\/deportes\/contacto-con-el-departamento-de-deportes\/"},"modified":"2024-09-30T09:32:51","modified_gmt":"2024-09-30T07:32:51","slug":"contacto-con-el-departamento-de-deportes","status":"publish","type":"page","link":"https:\/\/mugardos.gal\/es\/deportes\/contacto-con-el-departamento-de-deportes\/","title":{"rendered":"CONTACTO CON EL DEPARTAMENTO DE DEPORTES"},"content":{"rendered":"<p>[vc_row][vc_column][vc_separator color=\u00bbmulled_wine\u00bb style=\u00bbshadow\u00bb border_width=\u00bb4&#8243;][\/vc_column][\/vc_row][vc_row][vc_column css_animation=\u00bbright-to-left\u00bb width=\u00bb1\/4&#8243; offset=\u00bbvc_hidden-sm vc_hidden-xs\u00bb][vc_row_inner][vc_column_inner][vc_single_image image=\u00bb3323&#8243; img_size=\u00bbmedium\u00bb alignment=\u00bbcenter\u00bb style=\u00bbvc_box_shadow_3d\u00bb onclick=\u00bbcustom_link\u00bb css_animation=\u00bbnone\u00bb css=\u00bb.vc_custom_1590929346193{margin-top: px !important;}\u00bb link=\u00bbhttps:\/\/mugardos.gal\/es\/deportes\/contacto-co-departamento-de-deportes\/\u00bb][vc_single_image image=\u00bb3327&#8243; img_size=\u00bbmedium\u00bb alignment=\u00bbcenter\u00bb style=\u00bbvc_box_shadow_3d\u00bb onclick=\u00bbcustom_link\u00bb css=\u00bb.vc_custom_1590929353479{margin-top: -40px !important;}\u00bb link=\u00bbhttps:\/\/mugardos.gal\/es\/deportes\/rocodromo\u00bb][vc_single_image image=\u00bb3325&#8243; img_size=\u00bbmedium\u00bb alignment=\u00bbcenter\u00bb style=\u00bbvc_box_shadow_3d\u00bb onclick=\u00bbcustom_link\u00bb css=\u00bb.vc_custom_1590929360521{margin-top: -40px !important;}\u00bb link=\u00bbhttps:\/\/mugardos.gal\/es\/deportes\/multideporte-na-praia\/\u00bb][vc_single_image image=\u00bb3321&#8243; img_size=\u00bbmedium\u00bb alignment=\u00bbcenter\u00bb style=\u00bbvc_box_shadow_3d\u00bb onclick=\u00bbcustom_link\u00bb css=\u00bb.vc_custom_1590409451794{margin-top: -40px !important;}\u00bb link=\u00bbhttps:\/\/www.serviocio.es\/centers\/serviocio-ca-do-castro-ares-mugardos\u00bb][vc_single_image image=\u00bb3319&#8243; img_size=\u00bbmedium\u00bb alignment=\u00bbcenter\u00bb style=\u00bbvc_box_shadow_3d\u00bb onclick=\u00bbcustom_link\u00bb css=\u00bb.vc_custom_1590929372451{margin-top: -40px !important;}\u00bb link=\u00bbhttps:\/\/mugardos.gal\/es\/deportes\/campo-de-herba-municipal\/\u00bb][vc_single_image image=\u00bb3329&#8243; img_size=\u00bbmedium\u00bb alignment=\u00bbcenter\u00bb style=\u00bbvc_box_shadow_3d\u00bb onclick=\u00bbcustom_link\u00bb css=\u00bb.vc_custom_1590929381029{margin-top: -40px !important;}\u00bb link=\u00bbhttps:\/\/mugardos.gal\/es\/deportes\/subvencions-municipais-e-convenios-con-entidades-deportivas\/\u00bb][vc_single_image image=\u00bb3317&#8243; img_size=\u00bbmedium\u00bb alignment=\u00bbcenter\u00bb style=\u00bbvc_box_shadow_3d\u00bb onclick=\u00bbcustom_link\u00bb css=\u00bb.vc_custom_1590929388170{margin-top: -40px !important;}\u00bb link=\u00bbhttps:\/\/mugardos.gal\/es\/buzon-de-suxestions\/\u00bb][\/vc_column_inner][\/vc_row_inner][\/vc_column][vc_column width=\u00bb3\/4&#8243;][vc_column_text]\n<p style=\"text-align: justify;\">Desde el departamento municipal de Deportes se gestionan las escuelas deportivas municipales, las actividades deportivas a lo largo de todo el a\u00f1o, tanto las que el Ayuntamiento de Mugardos organiza como aquellas en las que colabora, y todos los eventos deportivos que anualmente tienen lugar.<\/p>\n<p style=\"text-align: justify;\">Del mismo modo, esta es la concejal\u00eda encargada de la coordinaci\u00f3n junto con la concejal\u00eda de Obras de las instalaciones deportivas municipales. La concejal\u00eda cuenta con personal t\u00e9cnico y administrativo propio para la gesti\u00f3n de las actividades e instalaciones deportivas municipales.<\/p>\n<p style=\"text-align: justify;\">Los vecinos y vecinas interesados en ponerse en contacto con el departamento pueden hacerlo:<\/p>\n<p>[\/vc_column_text][vc_row_inner][vc_column_inner width=\u00bb1\/2&#8243;][vc_column_text]<strong>Concejala de Deportes: Bego\u00f1a G\u00f3mez<\/strong><\/p>\n<p><img loading=\"lazy\" class=\"alignnone wp-image-596\" src=\"https:\/\/mugardos.gal\/wp-content\/uploads\/2020\/03\/direcci\u00f3n.png\" alt=\"\" width=\"30\" height=\"30\" \/> Avenida de Galicia 45, 1\u00ba piso<\/p>\n<p><img loading=\"lazy\" class=\"alignnone wp-image-598\" src=\"https:\/\/mugardos.gal\/wp-content\/uploads\/2020\/03\/telefono.png\" alt=\"\" width=\"30\" height=\"30\" \/> 981 470 290 (extensi\u00f3n: #2049)<\/p>\n<p><img loading=\"lazy\" class=\"alignnone wp-image-594\" src=\"https:\/\/mugardos.gal\/wp-content\/uploads\/2020\/03\/correo.png\" alt=\"\" width=\"30\" height=\"23\" \/> <a href=\"begona.gomez@mugardos.gal\"> begona.gomez@mugardos.gal<\/a>[\/vc_column_text][\/vc_column_inner][vc_column_inner width=\u00bb1\/2&#8243;][vc_column_text]\n<div class=\"wpb_column vc_column_container vc_col-sm-6\">\n<div class=\"vc_column-inner\">\n<div class=\"wpb_wrapper\">\n<div class=\"wpb_text_column wpb_content_element \">\n<div class=\"wpb_wrapper\">\n<p style=\"padding-left: 40px;\">\n<\/div>\n<\/div>\n<\/div>\n<\/div>\n<\/div>\n<p><img loading=\"lazy\" class=\"wp-image-6747 size-medium aligncenter\" src=\"https:\/\/mugardos.gal\/wp-content\/uploads\/2024\/09\/Begona-Gomez.jpg\" alt=\"\" width=\"254\" height=\"300\" \/>[\/vc_column_text][\/vc_column_inner][\/vc_row_inner][\/vc_column][\/vc_row]\n","protected":false},"excerpt":{"rendered":"<p>[vc_row][vc_column][vc_separator color=\u00bbmulled_wine\u00bb style=\u00bbshadow\u00bb border_width=\u00bb4&#8243;][\/vc_column][\/vc_row][vc_row][vc_column css_animation=\u00bbright-to-left\u00bb width=\u00bb1\/4&#8243; offset=\u00bbvc_hidden-sm vc_hidden-xs\u00bb][vc_row_inner][vc_column_inner][vc_single_image image=\u00bb3323&#8243; img_size=\u00bbmedium\u00bb alignment=\u00bbcenter\u00bb style=\u00bbvc_box_shadow_3d\u00bb onclick=\u00bbcustom_link\u00bb css_animation=\u00bbnone\u00bb css=\u00bb.vc_custom_1590929346193{margin-top: px !important;}\u00bb link=\u00bbhttps:\/\/mugardos.gal\/es\/deportes\/contacto-co-departamento-de-deportes\/\u00bb][vc_single_image image=\u00bb3327&#8243; img_size=\u00bbmedium\u00bb alignment=\u00bbcenter\u00bb style=\u00bbvc_box_shadow_3d\u00bb onclick=\u00bbcustom_link\u00bb css=\u00bb.vc_custom_1590929353479{margin-top: -40px !important;}\u00bb link=\u00bbhttps:\/\/mugardos.gal\/es\/deportes\/rocodromo\u00bb][vc_single_image image=\u00bb3325&#8243; img_size=\u00bbmedium\u00bb alignment=\u00bbcenter\u00bb style=\u00bbvc_box_shadow_3d\u00bb onclick=\u00bbcustom_link\u00bb css=\u00bb.vc_custom_1590929360521{margin-top: -40px !important;}\u00bb link=\u00bbhttps:\/\/mugardos.gal\/es\/deportes\/multideporte-na-praia\/\u00bb][vc_single_image image=\u00bb3321&#8243; img_size=\u00bbmedium\u00bb alignment=\u00bbcenter\u00bb style=\u00bbvc_box_shadow_3d\u00bb onclick=\u00bbcustom_link\u00bb css=\u00bb.vc_custom_1590409451794{margin-top: -40px !important;}\u00bb link=\u00bbhttps:\/\/www.serviocio.es\/centers\/serviocio-ca-do-castro-ares-mugardos\u00bb][vc_single_image image=\u00bb3319&#8243; img_size=\u00bbmedium\u00bb alignment=\u00bbcenter\u00bb style=\u00bbvc_box_shadow_3d\u00bb onclick=\u00bbcustom_link\u00bb css=\u00bb.vc_custom_1590929372451{margin-top: -40px !important;}\u00bb link=\u00bbhttps:\/\/mugardos.gal\/es\/deportes\/campo-de-herba-municipal\/\u00bb][vc_single_image image=\u00bb3329&#8243; [&hellip;]<\/p>\n","protected":false},"author":4,"featured_media":0,"parent":721,"menu_order":0,"comment_status":"closed","ping_status":"closed","template":"","meta":[],"yoast_head":"<!-- This site is optimized with the Yoast SEO plugin v18.9 - https:\/\/yoast.com\/wordpress\/plugins\/seo\/ -->\n<title>CONTACTO CON EL DEPARTAMENTO DE DEPORTES - Concello de Mugardos<\/title>\n<meta name=\"robots\" content=\"index, follow, max-snippet:-1, max-image-preview:large, max-video-preview:-1\" \/>\n<link rel=\"canonical\" href=\"https:\/\/mugardos.gal\/es\/deportes\/contacto-con-el-departamento-de-deportes\/\" \/>\n<meta property=\"og:locale\" content=\"es_ES\" \/>\n<meta property=\"og:type\" content=\"article\" \/>\n<meta property=\"og:title\" content=\"CONTACTO CON EL DEPARTAMENTO DE DEPORTES - Concello de Mugardos\" \/>\n<meta property=\"og:description\" content=\"[vc_row][vc_column][vc_separator color=\u00bbmulled_wine\u00bb style=\u00bbshadow\u00bb border_width=\u00bb4&#8243;][\/vc_column][\/vc_row][vc_row][vc_column css_animation=\u00bbright-to-left\u00bb width=\u00bb1\/4&#8243; offset=\u00bbvc_hidden-sm vc_hidden-xs\u00bb][vc_row_inner][vc_column_inner][vc_single_image image=\u00bb3323&#8243; img_size=\u00bbmedium\u00bb alignment=\u00bbcenter\u00bb style=\u00bbvc_box_shadow_3d\u00bb onclick=\u00bbcustom_link\u00bb css_animation=\u00bbnone\u00bb css=\u00bb.vc_custom_1590929346193{margin-top: px !important;}\u00bb link=\u00bbhttps:\/\/mugardos.gal\/es\/deportes\/contacto-co-departamento-de-deportes\/\u00bb][vc_single_image image=\u00bb3327&#8243; img_size=\u00bbmedium\u00bb alignment=\u00bbcenter\u00bb style=\u00bbvc_box_shadow_3d\u00bb onclick=\u00bbcustom_link\u00bb css=\u00bb.vc_custom_1590929353479{margin-top: -40px !important;}\u00bb link=\u00bbhttps:\/\/mugardos.gal\/es\/deportes\/rocodromo\u00bb][vc_single_image image=\u00bb3325&#8243; img_size=\u00bbmedium\u00bb alignment=\u00bbcenter\u00bb style=\u00bbvc_box_shadow_3d\u00bb onclick=\u00bbcustom_link\u00bb css=\u00bb.vc_custom_1590929360521{margin-top: -40px !important;}\u00bb link=\u00bbhttps:\/\/mugardos.gal\/es\/deportes\/multideporte-na-praia\/\u00bb][vc_single_image image=\u00bb3321&#8243; img_size=\u00bbmedium\u00bb alignment=\u00bbcenter\u00bb style=\u00bbvc_box_shadow_3d\u00bb onclick=\u00bbcustom_link\u00bb css=\u00bb.vc_custom_1590409451794{margin-top: -40px !important;}\u00bb link=\u00bbhttps:\/\/www.serviocio.es\/centers\/serviocio-ca-do-castro-ares-mugardos\u00bb][vc_single_image image=\u00bb3319&#8243; img_size=\u00bbmedium\u00bb alignment=\u00bbcenter\u00bb style=\u00bbvc_box_shadow_3d\u00bb onclick=\u00bbcustom_link\u00bb css=\u00bb.vc_custom_1590929372451{margin-top: -40px !important;}\u00bb link=\u00bbhttps:\/\/mugardos.gal\/es\/deportes\/campo-de-herba-municipal\/\u00bb][vc_single_image image=\u00bb3329&#8243; [&hellip;]\" \/>\n<meta property=\"og:url\" content=\"https:\/\/mugardos.gal\/es\/deportes\/contacto-con-el-departamento-de-deportes\/\" \/>\n<meta property=\"og:site_name\" content=\"Concello de Mugardos\" \/>\n<meta property=\"article:modified_time\" content=\"2024-09-30T07:32:51+00:00\" \/>\n<meta property=\"og:image\" content=\"https:\/\/mugardos.gal\/wp-content\/uploads\/2020\/03\/telefono.png\" \/>\n<meta name=\"twitter:card\" content=\"summary_large_image\" \/>\n<meta name=\"twitter:label1\" content=\"Tiempo de lectura\" \/>\n\t<meta name=\"twitter:data1\" content=\"2 minutos\" \/>\n<script type=\"application\/ld+json\" class=\"yoast-schema-graph\">{\"@context\":\"https:\/\/schema.org\",\"@graph\":[{\"@type\":\"WebSite\",\"@id\":\"https:\/\/mugardos.gal\/#website\",\"url\":\"https:\/\/mugardos.gal\/\",\"name\":\"Concello de Mugardos\",\"description\":\"\",\"potentialAction\":[{\"@type\":\"SearchAction\",\"target\":{\"@type\":\"EntryPoint\",\"urlTemplate\":\"https:\/\/mugardos.gal\/?s={search_term_string}\"},\"query-input\":\"required name=search_term_string\"}],\"inLanguage\":\"es\"},{\"@type\":\"ImageObject\",\"inLanguage\":\"es\",\"@id\":\"https:\/\/mugardos.gal\/es\/deportes\/contacto-con-el-departamento-de-deportes\/#primaryimage\",\"url\":\"https:\/\/mugardos.gal\/wp-content\/uploads\/2020\/03\/telefono.png\",\"contentUrl\":\"https:\/\/mugardos.gal\/wp-content\/uploads\/2020\/03\/telefono.png\",\"width\":100,\"height\":100},{\"@type\":\"WebPage\",\"@id\":\"https:\/\/mugardos.gal\/es\/deportes\/contacto-con-el-departamento-de-deportes\/#webpage\",\"url\":\"https:\/\/mugardos.gal\/es\/deportes\/contacto-con-el-departamento-de-deportes\/\",\"name\":\"CONTACTO CON EL DEPARTAMENTO DE DEPORTES - Concello de Mugardos\",\"isPartOf\":{\"@id\":\"https:\/\/mugardos.gal\/#website\"},\"primaryImageOfPage\":{\"@id\":\"https:\/\/mugardos.gal\/es\/deportes\/contacto-con-el-departamento-de-deportes\/#primaryimage\"},\"datePublished\":\"2020-05-28T15:14:18+00:00\",\"dateModified\":\"2024-09-30T07:32:51+00:00\",\"breadcrumb\":{\"@id\":\"https:\/\/mugardos.gal\/es\/deportes\/contacto-con-el-departamento-de-deportes\/#breadcrumb\"},\"inLanguage\":\"es\",\"potentialAction\":[{\"@type\":\"ReadAction\",\"target\":[\"https:\/\/mugardos.gal\/es\/deportes\/contacto-con-el-departamento-de-deportes\/\"]}]},{\"@type\":\"BreadcrumbList\",\"@id\":\"https:\/\/mugardos.gal\/es\/deportes\/contacto-con-el-departamento-de-deportes\/#breadcrumb\",\"itemListElement\":[{\"@type\":\"ListItem\",\"position\":1,\"name\":\"Portada\",\"item\":\"https:\/\/mugardos.gal\/es\/\"},{\"@type\":\"ListItem\",\"position\":2,\"name\":\"DEPORTES\",\"item\":\"https:\/\/mugardos.gal\/es\/deportes\/\"},{\"@type\":\"ListItem\",\"position\":3,\"name\":\"CONTACTO CON EL DEPARTAMENTO DE DEPORTES\"}]}]}<\/script>\n<!-- \/ Yoast SEO plugin. -->","yoast_head_json":{"title":"CONTACTO CON EL DEPARTAMENTO DE DEPORTES - Concello de Mugardos","robots":{"index":"index","follow":"follow","max-snippet":"max-snippet:-1","max-image-preview":"max-image-preview:large","max-video-preview":"max-video-preview:-1"},"canonical":"https:\/\/mugardos.gal\/es\/deportes\/contacto-con-el-departamento-de-deportes\/","og_locale":"es_ES","og_type":"article","og_title":"CONTACTO CON EL DEPARTAMENTO DE DEPORTES - Concello de Mugardos","og_description":"[vc_row][vc_column][vc_separator color=\u00bbmulled_wine\u00bb style=\u00bbshadow\u00bb border_width=\u00bb4&#8243;][\/vc_column][\/vc_row][vc_row][vc_column css_animation=\u00bbright-to-left\u00bb width=\u00bb1\/4&#8243; offset=\u00bbvc_hidden-sm vc_hidden-xs\u00bb][vc_row_inner][vc_column_inner][vc_single_image image=\u00bb3323&#8243; img_size=\u00bbmedium\u00bb alignment=\u00bbcenter\u00bb style=\u00bbvc_box_shadow_3d\u00bb onclick=\u00bbcustom_link\u00bb css_animation=\u00bbnone\u00bb css=\u00bb.vc_custom_1590929346193{margin-top: px !important;}\u00bb link=\u00bbhttps:\/\/mugardos.gal\/es\/deportes\/contacto-co-departamento-de-deportes\/\u00bb][vc_single_image image=\u00bb3327&#8243; img_size=\u00bbmedium\u00bb alignment=\u00bbcenter\u00bb style=\u00bbvc_box_shadow_3d\u00bb onclick=\u00bbcustom_link\u00bb css=\u00bb.vc_custom_1590929353479{margin-top: -40px !important;}\u00bb link=\u00bbhttps:\/\/mugardos.gal\/es\/deportes\/rocodromo\u00bb][vc_single_image image=\u00bb3325&#8243; img_size=\u00bbmedium\u00bb alignment=\u00bbcenter\u00bb style=\u00bbvc_box_shadow_3d\u00bb onclick=\u00bbcustom_link\u00bb css=\u00bb.vc_custom_1590929360521{margin-top: -40px !important;}\u00bb link=\u00bbhttps:\/\/mugardos.gal\/es\/deportes\/multideporte-na-praia\/\u00bb][vc_single_image image=\u00bb3321&#8243; img_size=\u00bbmedium\u00bb alignment=\u00bbcenter\u00bb style=\u00bbvc_box_shadow_3d\u00bb onclick=\u00bbcustom_link\u00bb css=\u00bb.vc_custom_1590409451794{margin-top: -40px !important;}\u00bb link=\u00bbhttps:\/\/www.serviocio.es\/centers\/serviocio-ca-do-castro-ares-mugardos\u00bb][vc_single_image image=\u00bb3319&#8243; img_size=\u00bbmedium\u00bb alignment=\u00bbcenter\u00bb style=\u00bbvc_box_shadow_3d\u00bb onclick=\u00bbcustom_link\u00bb css=\u00bb.vc_custom_1590929372451{margin-top: -40px !important;}\u00bb link=\u00bbhttps:\/\/mugardos.gal\/es\/deportes\/campo-de-herba-municipal\/\u00bb][vc_single_image image=\u00bb3329&#8243; [&hellip;]","og_url":"https:\/\/mugardos.gal\/es\/deportes\/contacto-con-el-departamento-de-deportes\/","og_site_name":"Concello de Mugardos","article_modified_time":"2024-09-30T07:32:51+00:00","og_image":[{"url":"https:\/\/mugardos.gal\/wp-content\/uploads\/2020\/03\/telefono.png"}],"twitter_card":"summary_large_image","twitter_misc":{"Tiempo de lectura":"2 minutos"},"schema":{"@context":"https:\/\/schema.org","@graph":[{"@type":"WebSite","@id":"https:\/\/mugardos.gal\/#website","url":"https:\/\/mugardos.gal\/","name":"Concello de Mugardos","description":"","potentialAction":[{"@type":"SearchAction","target":{"@type":"EntryPoint","urlTemplate":"https:\/\/mugardos.gal\/?s={search_term_string}"},"query-input":"required name=search_term_string"}],"inLanguage":"es"},{"@type":"ImageObject","inLanguage":"es","@id":"https:\/\/mugardos.gal\/es\/deportes\/contacto-con-el-departamento-de-deportes\/#primaryimage","url":"https:\/\/mugardos.gal\/wp-content\/uploads\/2020\/03\/telefono.png","contentUrl":"https:\/\/mugardos.gal\/wp-content\/uploads\/2020\/03\/telefono.png","width":100,"height":100},{"@type":"WebPage","@id":"https:\/\/mugardos.gal\/es\/deportes\/contacto-con-el-departamento-de-deportes\/#webpage","url":"https:\/\/mugardos.gal\/es\/deportes\/contacto-con-el-departamento-de-deportes\/","name":"CONTACTO CON EL DEPARTAMENTO DE DEPORTES - Concello de Mugardos","isPartOf":{"@id":"https:\/\/mugardos.gal\/#website"},"primaryImageOfPage":{"@id":"https:\/\/mugardos.gal\/es\/deportes\/contacto-con-el-departamento-de-deportes\/#primaryimage"},"datePublished":"2020-05-28T15:14:18+00:00","dateModified":"2024-09-30T07:32:51+00:00","breadcrumb":{"@id":"https:\/\/mugardos.gal\/es\/deportes\/contacto-con-el-departamento-de-deportes\/#breadcrumb"},"inLanguage":"es","potentialAction":[{"@type":"ReadAction","target":["https:\/\/mugardos.gal\/es\/deportes\/contacto-con-el-departamento-de-deportes\/"]}]},{"@type":"BreadcrumbList","@id":"https:\/\/mugardos.gal\/es\/deportes\/contacto-con-el-departamento-de-deportes\/#breadcrumb","itemListElement":[{"@type":"ListItem","position":1,"name":"Portada","item":"https:\/\/mugardos.gal\/es\/"},{"@type":"ListItem","position":2,"name":"DEPORTES","item":"https:\/\/mugardos.gal\/es\/deportes\/"},{"@type":"ListItem","position":3,"name":"CONTACTO CON EL DEPARTAMENTO DE DEPORTES"}]}]}},"_links":{"self":[{"href":"https:\/\/mugardos.gal\/es\/wp-json\/wp\/v2\/pages\/6242"}],"collection":[{"href":"https:\/\/mugardos.gal\/es\/wp-json\/wp\/v2\/pages"}],"about":[{"href":"https:\/\/mugardos.gal\/es\/wp-json\/wp\/v2\/types\/page"}],"author":[{"embeddable":true,"href":"https:\/\/mugardos.gal\/es\/wp-json\/wp\/v2\/users\/4"}],"replies":[{"embeddable":true,"href":"https:\/\/mugardos.gal\/es\/wp-json\/wp\/v2\/comments?post=6242"}],"version-history":[{"count":2,"href":"https:\/\/mugardos.gal\/es\/wp-json\/wp\/v2\/pages\/6242\/revisions"}],"predecessor-version":[{"id":22091,"href":"https:\/\/mugardos.gal\/es\/wp-json\/wp\/v2\/pages\/6242\/revisions\/22091"}],"up":[{"embeddable":true,"href":"https:\/\/mugardos.gal\/es\/wp-json\/wp\/v2\/pages\/721"}],"wp:attachment":[{"href":"https:\/\/mugardos.gal\/es\/wp-json\/wp\/v2\/media?parent=6242"}],"curies":[{"name":"wp","href":"https:\/\/api.w.org\/{rel}","templated":true}]}}