{"id":6230,"date":"2020-05-28T17:04:33","date_gmt":"2020-05-28T15:04:33","guid":{"rendered":"https:\/\/mugardos.gal\/deportes\/clubs-deportivos-municipales\/"},"modified":"2020-06-01T15:07:26","modified_gmt":"2020-06-01T13:07:26","slug":"clubs-deportivos-municipales","status":"publish","type":"page","link":"https:\/\/mugardos.gal\/es\/deportes\/clubs-deportivos-municipales\/","title":{"rendered":"CLUBS DEPORTIVOS MUNICIPALES"},"content":{"rendered":"<p>[vc_row][vc_column][vc_separator color=\u00bbmulled_wine\u00bb style=\u00bbshadow\u00bb border_width=\u00bb4&#8243;][\/vc_column][\/vc_row][vc_row][vc_column width=\u00bb1\/4&#8243; offset=\u00bbvc_hidden-sm vc_hidden-xs\u00bb][vc_row_inner][vc_column_inner][vc_single_image image=\u00bb3323&#8243; img_size=\u00bbmedium\u00bb alignment=\u00bbcenter\u00bb style=\u00bbvc_box_shadow_3d\u00bb onclick=\u00bbcustom_link\u00bb css_animation=\u00bbnone\u00bb css=\u00bb.vc_custom_1591016816818{margin-top: px !important;}\u00bb link=\u00bbhttps:\/\/mugardos.gal\/es\/deportes\/contacto-co-departamento-de-deportes\/\u00bb][vc_single_image image=\u00bb3327&#8243; img_size=\u00bbmedium\u00bb alignment=\u00bbcenter\u00bb style=\u00bbvc_box_shadow_3d\u00bb onclick=\u00bbcustom_link\u00bb css=\u00bb.vc_custom_1591016823132{margin-top: -40px !important;}\u00bb link=\u00bbhttps:\/\/mugardos.gal\/es\/deportes\/rocodromo\u00bb][vc_single_image image=\u00bb3325&#8243; img_size=\u00bbmedium\u00bb alignment=\u00bbcenter\u00bb style=\u00bbvc_box_shadow_3d\u00bb onclick=\u00bbcustom_link\u00bb css=\u00bb.vc_custom_1591016828971{margin-top: -40px !important;}\u00bb link=\u00bbhttps:\/\/mugardos.gal\/es\/deportes\/multideporte-na-praia\/\u00bb][vc_single_image image=\u00bb3321&#8243; img_size=\u00bbmedium\u00bb alignment=\u00bbcenter\u00bb style=\u00bbvc_box_shadow_3d\u00bb onclick=\u00bbcustom_link\u00bb css=\u00bb.vc_custom_1590408780519{margin-top: -40px !important;}\u00bb link=\u00bbhttps:\/\/www.serviocio.es\/centers\/serviocio-ca-do-castro-ares-mugardos\u00bb][vc_single_image image=\u00bb3319&#8243; img_size=\u00bbmedium\u00bb alignment=\u00bbcenter\u00bb style=\u00bbvc_box_shadow_3d\u00bb onclick=\u00bbcustom_link\u00bb css=\u00bb.vc_custom_1591016843279{margin-top: -40px !important;}\u00bb link=\u00bbhttps:\/\/mugardos.gal\/es\/deportes\/campo-de-herba-municipal\/\u00bb][vc_single_image image=\u00bb3329&#8243; img_size=\u00bbmedium\u00bb alignment=\u00bbcenter\u00bb style=\u00bbvc_box_shadow_3d\u00bb onclick=\u00bbcustom_link\u00bb css=\u00bb.vc_custom_1591016849293{margin-top: -40px !important;}\u00bb link=\u00bbhttps:\/\/mugardos.gal\/es\/deportes\/subvencions-municipais-e-convenios-con-entidades-deportivas\/\u00bb][vc_single_image image=\u00bb3317&#8243; img_size=\u00bbmedium\u00bb alignment=\u00bbcenter\u00bb style=\u00bbvc_box_shadow_3d\u00bb onclick=\u00bbcustom_link\u00bb css=\u00bb.vc_custom_1590408818421{margin-top: -40px !important;}\u00bb link=\u00bbhttps:\/\/mugardos.gal\/buzon-de-suxestions\/\u00bb][vc_column_text]\n<!-- PRESSVILLE EVENTS : begin -->\n<section class=\"lsvr-pressville-post-grid lsvr-pressville-post-grid--events lsvr-pressville-post-grid--layout-title-top lsvr-pressville-post-grid--dark-bg\"\n    >\n    <div class=\"lsvr-pressville-post-grid__inner\">\n        <div class=\"lsvr-container\">\n            <div class=\"lsvr-pressville-post-grid__content\">\n\n                \n                    <p class=\"c-alert-message\">No hay eventos<\/p>\n\n                \n            <\/div>\n        <\/div>\n    <\/div>\n<\/section>\n<!-- PRESSVILLE EVENTS : end -->\n\n[\/vc_column_text][\/vc_column_inner][\/vc_row_inner][\/vc_column][vc_column width=\u00bb3\/4&#8243;][vc_column_text]\n<p style=\"text-align: justify;\">Son muchos los clubes deportivos situados en el ayuntamiento, y con ellos colabora de manera estrecha la administraci\u00f3n tanto en la organizaci\u00f3n de actividades como en la puesta a disposici\u00f3n de infraestructuras para su pr\u00e1ctica.<\/p>\n<p style=\"text-align: justify;\">Presionando en los botones, acceder\u00e1 a las webs o p\u00e1ginas de informaci\u00f3n oficiales de los clubes:<\/p>\n<p>[\/vc_column_text][vc_row_inner][vc_column_inner width=\u00bb1\/3&#8243;][vc_btn title=\u00bbClub del Mar de Mugardos\u00bb style=\u00bbcustom\u00bb custom_background=\u00bb#55c5d1&#8243; custom_text=\u00bb#ffffff\u00bb size=\u00bblg\u00bb align=\u00bbcenter\u00bb css_animation=\u00bbbounceIn\u00bb button_block=\u00bbtrue\u00bb link=\u00bburl:https%3A%2F%2Fwww.facebook.com%2Fclubdomarmugardos%2F|\u00bb css=\u00bb.vc_custom_1590218875181{padding-right: 20px !important;padding-left: 20px !important;}\u00bb][vc_single_image image=\u00bb1964&#8243; img_size=\u00bbmedium\u00bb alignment=\u00bbcenter\u00bb][\/vc_column_inner][vc_column_inner width=\u00bb1\/3&#8243;][vc_btn title=\u00bbPulpeiros Mugardos\u00bb style=\u00bbcustom\u00bb custom_background=\u00bb#55c5d1&#8243; custom_text=\u00bb#ffffff\u00bb size=\u00bblg\u00bb align=\u00bbcenter\u00bb css_animation=\u00bbbounceIn\u00bb button_block=\u00bbtrue\u00bb link=\u00bburl:https%3A%2F%2Fwww.facebook.com%2FPULPEIROSMUGARDOS%2F|\u00bb css=\u00bb.vc_custom_1590218882733{padding-right: 20px !important;padding-left: 20px !important;}\u00bb][vc_single_image image=\u00bb2965&#8243; img_size=\u00bbmedium\u00bb alignment=\u00bbcenter\u00bb][\/vc_column_inner][vc_column_inner width=\u00bb1\/3&#8243;][vc_btn title=\u00bbClub de baile Movete\u00bb style=\u00bbcustom\u00bb custom_background=\u00bb#55c5d1&#8243; custom_text=\u00bb#ffffff\u00bb size=\u00bblg\u00bb align=\u00bbcenter\u00bb css_animation=\u00bbbounceIn\u00bb button_block=\u00bbtrue\u00bb link=\u00bburl:https%3A%2F%2Fwww.facebook.com%2Fpages%2Fcategory%2FCoach%2FClub-de-Baile-Movete-283086381900766%2F|\u00bb css=\u00bb.vc_custom_1590218907247{padding-right: 20px !important;padding-left: 20px !important;}\u00bb][vc_single_image image=\u00bb2972&#8243; img_size=\u00bbmedium\u00bb alignment=\u00bbcenter\u00bb][\/vc_column_inner][\/vc_row_inner][vc_separator][vc_row_inner][vc_column_inner width=\u00bb1\/3&#8243;][vc_btn title=\u00bbAgrupaci\u00f3n de Monta\u00f1a y Escalada Bestarruza\u00bb style=\u00bbcustom\u00bb custom_background=\u00bb#55c5d1&#8243; custom_text=\u00bb#ffffff\u00bb size=\u00bblg\u00bb align=\u00bbcenter\u00bb css_animation=\u00bbbounceIn\u00bb button_block=\u00bbtrue\u00bb link=\u00bburl:https%3A%2F%2Fwww.facebook.com%2Famebestarruza|\u00bb css=\u00bb.vc_custom_1590218899871{padding-right: 20px !important;padding-left: 20px !important;}\u00bb][vc_single_image image=\u00bb1360&#8243; img_size=\u00bbmedium\u00bb alignment=\u00bbcenter\u00bb][\/vc_column_inner][vc_column_inner width=\u00bb1\/3&#8243;][vc_btn title=\u00bbSociedad Deportiva y Cultural Galicia de Mugardos\u00bb style=\u00bbcustom\u00bb custom_background=\u00bb#55c5d1&#8243; custom_text=\u00bb#ffffff\u00bb size=\u00bblg\u00bb align=\u00bbcenter\u00bb css_animation=\u00bbbounceIn\u00bb button_block=\u00bbtrue\u00bb link=\u00bburl:http%3A%2F%2Fwww.galiciademugardos.es%2F|\u00bb css=\u00bb.vc_custom_1590218891238{padding-right: 20px !important;padding-left: 20px !important;}\u00bb][vc_single_image image=\u00bb1366&#8243; img_size=\u00bbmedium\u00bb alignment=\u00bbcenter\u00bb][\/vc_column_inner][vc_column_inner width=\u00bb1\/3&#8243;][vc_btn title=\u00bbShitokai Mugardos\u00bb style=\u00bbcustom\u00bb custom_background=\u00bb#55c5d1&#8243; custom_text=\u00bb#ffffff\u00bb size=\u00bblg\u00bb align=\u00bbcenter\u00bb css_animation=\u00bbbounceIn\u00bb button_block=\u00bbtrue\u00bb link=\u00bburl:https%3A%2F%2Fwww.facebook.com%2FShitokaiMugardos%2F|\u00bb css=\u00bb.vc_custom_1590747986118{padding-right: 20px !important;padding-left: 20px !important;}\u00bb][vc_single_image image=\u00bb1966&#8243; img_size=\u00bbmedium\u00bb alignment=\u00bbcenter\u00bb][\/vc_column_inner][\/vc_row_inner][vc_separator][vc_row_inner][vc_column_inner width=\u00bb1\/3&#8243;][vc_btn title=\u00bbEscuela de Karate Franza\u00bb style=\u00bbcustom\u00bb custom_background=\u00bb#55c5d1&#8243; custom_text=\u00bb#ffffff\u00bb size=\u00bblg\u00bb align=\u00bbcenter\u00bb css_animation=\u00bbbounceIn\u00bb button_block=\u00bbtrue\u00bb link=\u00bburl:https%3A%2F%2Fwww.facebook.com%2Fescueladekaratefranza.mugardos|\u00bb css=\u00bb.vc_custom_1590218921538{padding-right: 20px !important;padding-left: 20px !important;}\u00bb][vc_single_image image=\u00bb1364&#8243; img_size=\u00bbmedium\u00bb alignment=\u00bbcenter\u00bb][\/vc_column_inner][vc_column_inner width=\u00bb1\/3&#8243;][\/vc_column_inner][vc_column_inner width=\u00bb1\/3&#8243;][\/vc_column_inner][\/vc_row_inner][\/vc_column][\/vc_row]\n","protected":false},"excerpt":{"rendered":"<p>[vc_row][vc_column][vc_separator color=\u00bbmulled_wine\u00bb style=\u00bbshadow\u00bb border_width=\u00bb4&#8243;][\/vc_column][\/vc_row][vc_row][vc_column width=\u00bb1\/4&#8243; offset=\u00bbvc_hidden-sm vc_hidden-xs\u00bb][vc_row_inner][vc_column_inner][vc_single_image image=\u00bb3323&#8243; img_size=\u00bbmedium\u00bb alignment=\u00bbcenter\u00bb style=\u00bbvc_box_shadow_3d\u00bb onclick=\u00bbcustom_link\u00bb css_animation=\u00bbnone\u00bb css=\u00bb.vc_custom_1591016816818{margin-top: px !important;}\u00bb link=\u00bbhttps:\/\/mugardos.gal\/es\/deportes\/contacto-co-departamento-de-deportes\/\u00bb][vc_single_image image=\u00bb3327&#8243; img_size=\u00bbmedium\u00bb alignment=\u00bbcenter\u00bb style=\u00bbvc_box_shadow_3d\u00bb onclick=\u00bbcustom_link\u00bb css=\u00bb.vc_custom_1591016823132{margin-top: -40px !important;}\u00bb link=\u00bbhttps:\/\/mugardos.gal\/es\/deportes\/rocodromo\u00bb][vc_single_image image=\u00bb3325&#8243; img_size=\u00bbmedium\u00bb alignment=\u00bbcenter\u00bb style=\u00bbvc_box_shadow_3d\u00bb onclick=\u00bbcustom_link\u00bb css=\u00bb.vc_custom_1591016828971{margin-top: -40px !important;}\u00bb link=\u00bbhttps:\/\/mugardos.gal\/es\/deportes\/multideporte-na-praia\/\u00bb][vc_single_image image=\u00bb3321&#8243; img_size=\u00bbmedium\u00bb alignment=\u00bbcenter\u00bb style=\u00bbvc_box_shadow_3d\u00bb onclick=\u00bbcustom_link\u00bb css=\u00bb.vc_custom_1590408780519{margin-top: -40px !important;}\u00bb link=\u00bbhttps:\/\/www.serviocio.es\/centers\/serviocio-ca-do-castro-ares-mugardos\u00bb][vc_single_image image=\u00bb3319&#8243; img_size=\u00bbmedium\u00bb alignment=\u00bbcenter\u00bb style=\u00bbvc_box_shadow_3d\u00bb onclick=\u00bbcustom_link\u00bb css=\u00bb.vc_custom_1591016843279{margin-top: -40px !important;}\u00bb link=\u00bbhttps:\/\/mugardos.gal\/es\/deportes\/campo-de-herba-municipal\/\u00bb][vc_single_image image=\u00bb3329&#8243; img_size=\u00bbmedium\u00bb [&hellip;]<\/p>\n","protected":false},"author":4,"featured_media":0,"parent":721,"menu_order":0,"comment_status":"closed","ping_status":"closed","template":"","meta":[],"yoast_head":"<!-- This site is optimized with the Yoast SEO plugin v18.9 - https:\/\/yoast.com\/wordpress\/plugins\/seo\/ -->\n<title>CLUBS DEPORTIVOS MUNICIPALES - Concello de Mugardos<\/title>\n<meta name=\"robots\" content=\"index, follow, max-snippet:-1, max-image-preview:large, max-video-preview:-1\" \/>\n<link rel=\"canonical\" href=\"https:\/\/mugardos.gal\/es\/deportes\/clubs-deportivos-municipales\/\" \/>\n<meta property=\"og:locale\" content=\"es_ES\" \/>\n<meta property=\"og:type\" content=\"article\" \/>\n<meta property=\"og:title\" content=\"CLUBS DEPORTIVOS MUNICIPALES - Concello de Mugardos\" \/>\n<meta property=\"og:description\" content=\"[vc_row][vc_column][vc_separator color=\u00bbmulled_wine\u00bb style=\u00bbshadow\u00bb border_width=\u00bb4&#8243;][\/vc_column][\/vc_row][vc_row][vc_column width=\u00bb1\/4&#8243; offset=\u00bbvc_hidden-sm vc_hidden-xs\u00bb][vc_row_inner][vc_column_inner][vc_single_image image=\u00bb3323&#8243; img_size=\u00bbmedium\u00bb alignment=\u00bbcenter\u00bb style=\u00bbvc_box_shadow_3d\u00bb onclick=\u00bbcustom_link\u00bb css_animation=\u00bbnone\u00bb css=\u00bb.vc_custom_1591016816818{margin-top: px !important;}\u00bb link=\u00bbhttps:\/\/mugardos.gal\/es\/deportes\/contacto-co-departamento-de-deportes\/\u00bb][vc_single_image image=\u00bb3327&#8243; img_size=\u00bbmedium\u00bb alignment=\u00bbcenter\u00bb style=\u00bbvc_box_shadow_3d\u00bb onclick=\u00bbcustom_link\u00bb css=\u00bb.vc_custom_1591016823132{margin-top: -40px !important;}\u00bb link=\u00bbhttps:\/\/mugardos.gal\/es\/deportes\/rocodromo\u00bb][vc_single_image image=\u00bb3325&#8243; img_size=\u00bbmedium\u00bb alignment=\u00bbcenter\u00bb style=\u00bbvc_box_shadow_3d\u00bb onclick=\u00bbcustom_link\u00bb css=\u00bb.vc_custom_1591016828971{margin-top: -40px !important;}\u00bb link=\u00bbhttps:\/\/mugardos.gal\/es\/deportes\/multideporte-na-praia\/\u00bb][vc_single_image image=\u00bb3321&#8243; img_size=\u00bbmedium\u00bb alignment=\u00bbcenter\u00bb style=\u00bbvc_box_shadow_3d\u00bb onclick=\u00bbcustom_link\u00bb css=\u00bb.vc_custom_1590408780519{margin-top: -40px !important;}\u00bb link=\u00bbhttps:\/\/www.serviocio.es\/centers\/serviocio-ca-do-castro-ares-mugardos\u00bb][vc_single_image image=\u00bb3319&#8243; img_size=\u00bbmedium\u00bb alignment=\u00bbcenter\u00bb style=\u00bbvc_box_shadow_3d\u00bb onclick=\u00bbcustom_link\u00bb css=\u00bb.vc_custom_1591016843279{margin-top: -40px !important;}\u00bb link=\u00bbhttps:\/\/mugardos.gal\/es\/deportes\/campo-de-herba-municipal\/\u00bb][vc_single_image image=\u00bb3329&#8243; img_size=\u00bbmedium\u00bb [&hellip;]\" \/>\n<meta property=\"og:url\" content=\"https:\/\/mugardos.gal\/es\/deportes\/clubs-deportivos-municipales\/\" \/>\n<meta property=\"og:site_name\" content=\"Concello de Mugardos\" \/>\n<meta property=\"article:modified_time\" content=\"2020-06-01T13:07:26+00:00\" \/>\n<meta name=\"twitter:card\" content=\"summary_large_image\" \/>\n<meta name=\"twitter:label1\" content=\"Tiempo de lectura\" \/>\n\t<meta name=\"twitter:data1\" content=\"4 minutos\" \/>\n<script type=\"application\/ld+json\" class=\"yoast-schema-graph\">{\"@context\":\"https:\/\/schema.org\",\"@graph\":[{\"@type\":\"WebSite\",\"@id\":\"https:\/\/mugardos.gal\/#website\",\"url\":\"https:\/\/mugardos.gal\/\",\"name\":\"Concello de Mugardos\",\"description\":\"\",\"potentialAction\":[{\"@type\":\"SearchAction\",\"target\":{\"@type\":\"EntryPoint\",\"urlTemplate\":\"https:\/\/mugardos.gal\/?s={search_term_string}\"},\"query-input\":\"required name=search_term_string\"}],\"inLanguage\":\"es\"},{\"@type\":\"WebPage\",\"@id\":\"https:\/\/mugardos.gal\/es\/deportes\/clubs-deportivos-municipales\/#webpage\",\"url\":\"https:\/\/mugardos.gal\/es\/deportes\/clubs-deportivos-municipales\/\",\"name\":\"CLUBS DEPORTIVOS MUNICIPALES - Concello de Mugardos\",\"isPartOf\":{\"@id\":\"https:\/\/mugardos.gal\/#website\"},\"datePublished\":\"2020-05-28T15:04:33+00:00\",\"dateModified\":\"2020-06-01T13:07:26+00:00\",\"breadcrumb\":{\"@id\":\"https:\/\/mugardos.gal\/es\/deportes\/clubs-deportivos-municipales\/#breadcrumb\"},\"inLanguage\":\"es\",\"potentialAction\":[{\"@type\":\"ReadAction\",\"target\":[\"https:\/\/mugardos.gal\/es\/deportes\/clubs-deportivos-municipales\/\"]}]},{\"@type\":\"BreadcrumbList\",\"@id\":\"https:\/\/mugardos.gal\/es\/deportes\/clubs-deportivos-municipales\/#breadcrumb\",\"itemListElement\":[{\"@type\":\"ListItem\",\"position\":1,\"name\":\"Portada\",\"item\":\"https:\/\/mugardos.gal\/es\/\"},{\"@type\":\"ListItem\",\"position\":2,\"name\":\"DEPORTES\",\"item\":\"https:\/\/mugardos.gal\/es\/deportes\/\"},{\"@type\":\"ListItem\",\"position\":3,\"name\":\"CLUBS DEPORTIVOS MUNICIPALES\"}]}]}<\/script>\n<!-- \/ Yoast SEO plugin. -->","yoast_head_json":{"title":"CLUBS DEPORTIVOS MUNICIPALES - Concello de Mugardos","robots":{"index":"index","follow":"follow","max-snippet":"max-snippet:-1","max-image-preview":"max-image-preview:large","max-video-preview":"max-video-preview:-1"},"canonical":"https:\/\/mugardos.gal\/es\/deportes\/clubs-deportivos-municipales\/","og_locale":"es_ES","og_type":"article","og_title":"CLUBS DEPORTIVOS MUNICIPALES - Concello de Mugardos","og_description":"[vc_row][vc_column][vc_separator color=\u00bbmulled_wine\u00bb style=\u00bbshadow\u00bb border_width=\u00bb4&#8243;][\/vc_column][\/vc_row][vc_row][vc_column width=\u00bb1\/4&#8243; offset=\u00bbvc_hidden-sm vc_hidden-xs\u00bb][vc_row_inner][vc_column_inner][vc_single_image image=\u00bb3323&#8243; img_size=\u00bbmedium\u00bb alignment=\u00bbcenter\u00bb style=\u00bbvc_box_shadow_3d\u00bb onclick=\u00bbcustom_link\u00bb css_animation=\u00bbnone\u00bb css=\u00bb.vc_custom_1591016816818{margin-top: px !important;}\u00bb link=\u00bbhttps:\/\/mugardos.gal\/es\/deportes\/contacto-co-departamento-de-deportes\/\u00bb][vc_single_image image=\u00bb3327&#8243; img_size=\u00bbmedium\u00bb alignment=\u00bbcenter\u00bb style=\u00bbvc_box_shadow_3d\u00bb onclick=\u00bbcustom_link\u00bb css=\u00bb.vc_custom_1591016823132{margin-top: -40px !important;}\u00bb link=\u00bbhttps:\/\/mugardos.gal\/es\/deportes\/rocodromo\u00bb][vc_single_image image=\u00bb3325&#8243; img_size=\u00bbmedium\u00bb alignment=\u00bbcenter\u00bb style=\u00bbvc_box_shadow_3d\u00bb onclick=\u00bbcustom_link\u00bb css=\u00bb.vc_custom_1591016828971{margin-top: -40px !important;}\u00bb link=\u00bbhttps:\/\/mugardos.gal\/es\/deportes\/multideporte-na-praia\/\u00bb][vc_single_image image=\u00bb3321&#8243; img_size=\u00bbmedium\u00bb alignment=\u00bbcenter\u00bb style=\u00bbvc_box_shadow_3d\u00bb onclick=\u00bbcustom_link\u00bb css=\u00bb.vc_custom_1590408780519{margin-top: -40px !important;}\u00bb link=\u00bbhttps:\/\/www.serviocio.es\/centers\/serviocio-ca-do-castro-ares-mugardos\u00bb][vc_single_image image=\u00bb3319&#8243; img_size=\u00bbmedium\u00bb alignment=\u00bbcenter\u00bb style=\u00bbvc_box_shadow_3d\u00bb onclick=\u00bbcustom_link\u00bb css=\u00bb.vc_custom_1591016843279{margin-top: -40px !important;}\u00bb link=\u00bbhttps:\/\/mugardos.gal\/es\/deportes\/campo-de-herba-municipal\/\u00bb][vc_single_image image=\u00bb3329&#8243; img_size=\u00bbmedium\u00bb [&hellip;]","og_url":"https:\/\/mugardos.gal\/es\/deportes\/clubs-deportivos-municipales\/","og_site_name":"Concello de Mugardos","article_modified_time":"2020-06-01T13:07:26+00:00","twitter_card":"summary_large_image","twitter_misc":{"Tiempo de lectura":"4 minutos"},"schema":{"@context":"https:\/\/schema.org","@graph":[{"@type":"WebSite","@id":"https:\/\/mugardos.gal\/#website","url":"https:\/\/mugardos.gal\/","name":"Concello de Mugardos","description":"","potentialAction":[{"@type":"SearchAction","target":{"@type":"EntryPoint","urlTemplate":"https:\/\/mugardos.gal\/?s={search_term_string}"},"query-input":"required name=search_term_string"}],"inLanguage":"es"},{"@type":"WebPage","@id":"https:\/\/mugardos.gal\/es\/deportes\/clubs-deportivos-municipales\/#webpage","url":"https:\/\/mugardos.gal\/es\/deportes\/clubs-deportivos-municipales\/","name":"CLUBS DEPORTIVOS MUNICIPALES - Concello de Mugardos","isPartOf":{"@id":"https:\/\/mugardos.gal\/#website"},"datePublished":"2020-05-28T15:04:33+00:00","dateModified":"2020-06-01T13:07:26+00:00","breadcrumb":{"@id":"https:\/\/mugardos.gal\/es\/deportes\/clubs-deportivos-municipales\/#breadcrumb"},"inLanguage":"es","potentialAction":[{"@type":"ReadAction","target":["https:\/\/mugardos.gal\/es\/deportes\/clubs-deportivos-municipales\/"]}]},{"@type":"BreadcrumbList","@id":"https:\/\/mugardos.gal\/es\/deportes\/clubs-deportivos-municipales\/#breadcrumb","itemListElement":[{"@type":"ListItem","position":1,"name":"Portada","item":"https:\/\/mugardos.gal\/es\/"},{"@type":"ListItem","position":2,"name":"DEPORTES","item":"https:\/\/mugardos.gal\/es\/deportes\/"},{"@type":"ListItem","position":3,"name":"CLUBS DEPORTIVOS MUNICIPALES"}]}]}},"_links":{"self":[{"href":"https:\/\/mugardos.gal\/es\/wp-json\/wp\/v2\/pages\/6230"}],"collection":[{"href":"https:\/\/mugardos.gal\/es\/wp-json\/wp\/v2\/pages"}],"about":[{"href":"https:\/\/mugardos.gal\/es\/wp-json\/wp\/v2\/types\/page"}],"author":[{"embeddable":true,"href":"https:\/\/mugardos.gal\/es\/wp-json\/wp\/v2\/users\/4"}],"replies":[{"embeddable":true,"href":"https:\/\/mugardos.gal\/es\/wp-json\/wp\/v2\/comments?post=6230"}],"version-history":[{"count":0,"href":"https:\/\/mugardos.gal\/es\/wp-json\/wp\/v2\/pages\/6230\/revisions"}],"up":[{"embeddable":true,"href":"https:\/\/mugardos.gal\/es\/wp-json\/wp\/v2\/pages\/721"}],"wp:attachment":[{"href":"https:\/\/mugardos.gal\/es\/wp-json\/wp\/v2\/media?parent=6230"}],"curies":[{"name":"wp","href":"https:\/\/api.w.org\/{rel}","templated":true}]}}