{"id":4979,"date":"2020-05-27T18:08:11","date_gmt":"2020-05-27T16:08:11","guid":{"rendered":"https:\/\/mugardos.gal\/renovacion-expedicion-dni\/"},"modified":"2023-02-24T12:40:11","modified_gmt":"2023-02-24T10:40:11","slug":"renovacion-expedicion-dni","status":"publish","type":"page","link":"https:\/\/mugardos.gal\/es\/renovacion-expedicion-dni\/","title":{"rendered":"RENOVACI\u00d3N\/EXPEDICI\u00d3N DNI"},"content":{"rendered":"<p>[vc_row][vc_column][vc_separator color=\u00bbmulled_wine\u00bb style=\u00bbshadow\u00bb border_width=\u00bb4&#8243;][\/vc_column][\/vc_row][vc_row][vc_column width=\u00bb1\/4&#8243; offset=\u00bbvc_hidden-sm vc_hidden-xs\u00bb][vc_column_text]\n<!-- PRESSVILLE POSTS : begin -->\n<section class=\"lsvr-pressville-post-grid lsvr-pressville-post-grid--posts lsvr-pressville-post-grid--layout-title-top lsvr-pressville-post-grid--dark-bg\"\n    >\n    <div class=\"lsvr-pressville-post-grid__inner\">\n        <div class=\"lsvr-container\">\n            <div class=\"lsvr-pressville-post-grid__content\">\n\n                \n                    <header class=\"lsvr-pressville-post-grid__header\">\n\n                        \n                            <h2 class=\"lsvr-pressville-post-grid__title\">\u00daLTIMAS NOTICIAS<\/h2>\n\n                        \n                        \n                        \n                        \n                            <span class=\"icon-newspaper-o lsvr-pressville-post-grid__icon\" aria-hidden=\"true\"><\/span>\n\n                        \n                    <\/header>\n\n                \n                \n                    <div class=\"lsvr-pressville-post-grid__list-wrapper\">\n                        <div class=\"lsvr-grid lsvr-grid--1-cols lsvr-pressville-post-grid__list lsvr-pressville-post-grid__list--2-items\"\n                            data-columns-count=\"1\">\n\n                            \n                                <div class=\"lsvr-grid__col lsvr-grid__col--span-12 lsvr-pressville-post-grid__item\">\n\n                                    <article class=\"lsvr-pressville-post-grid__post post-25791 post type-post status-publish format-standard has-post-thumbnail hentry category-noticias category-obras-servicios-y-medio-ambiente\"                                         style=\"background-image: url( https:\/\/mugardos.gal\/wp-content\/uploads\/2025\/11\/PLAYAS-1024x1024.jpg );\">\n                                        <div class=\"lsvr-pressville-post-grid__post-inner\">\n                                            <div class=\"lsvr-pressville-post-grid__post-bg\">\n\n                                                <div class=\"lsvr-pressville-post-grid__post-content\">\n\n                                                    <h3 class=\"lsvr-pressville-post-grid__post-title\">\n                                                        <a href=\"https:\/\/mugardos.gal\/es\/el-concello-de-mugardos-consigue-la-subvencion-para-la-limpieza-de-playas-en-el-verano\/\" class=\"lsvr-pressville-post-grid__post-title-link\" rel=\"bookmark\">EL CONCELLO DE MUGARDOS CONSIGUE LA SUBVENCI\u00d3N PARA LA LIMPIEZA DE PLAYAS EN EL VERANO<\/a>\n                                                    <\/h3>\n\n                                                    <p class=\"lsvr-pressville-post-grid__post-meta\">\n\n                                                        <span class=\"lsvr-pressville-post-grid__post-meta-date\" role=\"group\">20 abril 2026<\/span>\n\n                                                        \n                                                            <span class=\"lsvr-pressville-post-grid__post-meta-categories\" role=\"group\">\n\t\t\t<span class=\"post__categories\">\n\t\t\t\ten <a href=\"https:\/\/mugardos.gal\/es\/categoria\/noticias\/\" class=\"post__category-link\">NOTICIAS<\/a>\t\t\t<\/span>\n\n\t\t<\/span>\n\n                                                        \n                                                    <\/p>\n\n                                                <\/div>\n\n                                                <a href=\"https:\/\/mugardos.gal\/es\/el-concello-de-mugardos-consigue-la-subvencion-para-la-limpieza-de-playas-en-el-verano\/\" class=\"lsvr-pressville-post-grid__post-overlay-link\">\n                                                    <span class=\"screen-reader-text\">More<\/span>\n                                                <\/a>\n\n                                            <\/div>\n                                        <\/div>\n                                    <\/article>\n\n                                <\/div>\n\n                            \n                                <div class=\"lsvr-grid__col lsvr-grid__col--span-12 lsvr-pressville-post-grid__item\">\n\n                                    <article class=\"lsvr-pressville-post-grid__post post-25789 post type-post status-publish format-standard has-post-thumbnail hentry category-novas category-obras-servizos-e-medio-ambiente\"                                         style=\"background-image: url( https:\/\/mugardos.gal\/wp-content\/uploads\/2025\/11\/PLAYAS-1024x1024.jpg );\">\n                                        <div class=\"lsvr-pressville-post-grid__post-inner\">\n                                            <div class=\"lsvr-pressville-post-grid__post-bg\">\n\n                                                <div class=\"lsvr-pressville-post-grid__post-content\">\n\n                                                    <h3 class=\"lsvr-pressville-post-grid__post-title\">\n                                                        <a href=\"https:\/\/mugardos.gal\/o-concello-de-mugardos-consegue-a-subvencion-para-a-limpeza-de-praias-no-veran\/\" class=\"lsvr-pressville-post-grid__post-title-link\" rel=\"bookmark\">O CONCELLO DE MUGARDOS CONSEGUE A SUBVENCI\u00d3N PARA A LIMPEZA DE PRAIAS NO VER\u00c1N<\/a>\n                                                    <\/h3>\n\n                                                    <p class=\"lsvr-pressville-post-grid__post-meta\">\n\n                                                        <span class=\"lsvr-pressville-post-grid__post-meta-date\" role=\"group\">20 abril 2026<\/span>\n\n                                                        \n                                                            <span class=\"lsvr-pressville-post-grid__post-meta-categories\" role=\"group\">\n\t\t\t<span class=\"post__categories\">\n\t\t\t\ten <a href=\"https:\/\/mugardos.gal\/categoria\/novas\/\" class=\"post__category-link\">NOVAS<\/a>\t\t\t<\/span>\n\n\t\t<\/span>\n\n                                                        \n                                                    <\/p>\n\n                                                <\/div>\n\n                                                <a href=\"https:\/\/mugardos.gal\/o-concello-de-mugardos-consegue-a-subvencion-para-a-limpeza-de-praias-no-veran\/\" class=\"lsvr-pressville-post-grid__post-overlay-link\">\n                                                    <span class=\"screen-reader-text\">More<\/span>\n                                                <\/a>\n\n                                            <\/div>\n                                        <\/div>\n                                    <\/article>\n\n                                <\/div>\n\n                            \n                        <\/div>\n                    <\/div>\n\n                \n                \n                    <footer class=\"lsvr-pressville-post-grid__footer\">\n\n                        <p class=\"lsvr-pressville-post-grid__more lsvr-pressville-post-grid__more--bottom\">\n\n                            \n                                <a href=\"https:\/\/mugardos.gal\/es\/noticias-mugardos\/\" class=\"c-button lsvr-pressville-post-grid__more-link\">M\u00c1S NOTICIAS<\/a>\n\n                            \n                        <\/p>\n\n                    <\/footer>\n\n                \n            <\/div>\n        <\/div>\n    <\/div>\n<\/section>\n<!-- PRESSVILLE POSTS : end -->\n\n[\/vc_column_text][\/vc_column][vc_column width=\u00bb3\/4&#8243;][vc_column_text]\n<p style=\"text-align: justify;\">Seg\u00fan el art\u00edculo 2.1 de el Real Decreto 1553\/2005, de 23 de diciembre , por el que se regula la <strong><span style=\"color: #ff6600;\">EXPEDICI\u00d3N<\/span><\/strong> del documento nacional de identidad y sus certificados de firma electr\u00f3nica, todos los espa\u00f1oles tendr\u00e1n derecho a que se les expida el Documento Nacional de Identidad, siendo su obtenci\u00f3n obligatoria por los mayores de catorce a\u00f1os residentes en Espa\u00f1a y para los de igual edad que, residiendo en el extranjero, se trasladen a Espa\u00f1a por tiempo no inferior a seis meses.Del mismo modo, la <span style=\"color: #ff6600;\"><strong>RENOVACI\u00d3N<\/strong><\/span> del DNI se deber\u00e1 realizar dentro de los \u00faltimos 180 d\u00edas de vigencia. En caso de sustracci\u00f3n, extrav\u00edo, deterioro o mal funcionamiento del chip electr\u00f3nico, deber\u00e1 renovarlo lo antes posible, y obtendr\u00e1 un nuevo documento con su validez total cuando queden menos de 90 d\u00edas para su caducidad. En el caso que superara los 90 d\u00edas, obtendr\u00e1 un nuevo con la validez anterior.Estos dos tr\u00e1mites, el de expedici\u00f3n del DNI y el de renovaci\u00f3n del DNI est\u00e1n sujetos al pago de tasas, que con car\u00e1cter general ser\u00e1n:<\/p>\n<ul>\n<li style=\"text-align: justify;\">Expedici\u00f3n\/ renovaci\u00f3n por caducidad, extrav\u00edo, sustracci\u00f3n, anticipo o deterioro: 12,00 euros, abonados en efectivo en la oficina de expedici\u00f3n, o utilizando el pago por v\u00eda telem\u00e1tica, en la web www.citapreviadnie.es.<\/li>\n<li style=\"text-align: justify;\">Renovaci\u00f3n con el DNI en vigor por cambio de datos (de filiaci\u00f3n y\/o domicilio), as\u00ed como acreditar ser beneficiario de la condici\u00f3n de familia numerosa*: gratuito<\/li>\n<\/ul>\n<p style=\"text-align: justify;\">Al Ayuntamiento de Mugardos, de forma peri\u00f3dica, se traslada una unidad m\u00f3vil de la Polic\u00eda Nacional para la expedici\u00f3n y renovaci\u00f3n del Documento Nacional de Identidad. Las pr\u00f3ximas fechas de renovaci\u00f3n del DNI en la Casa Consistorial son:<\/p>\n<ul>\n<li style=\"text-align: justify;\">Recogida de datos para renovaci\u00f3n de DNI: 1 de marzo, de 9.00 a 12.00 horas en la Casa del Ayuntamiento.<\/li>\n<li>Entrega del DNI: 3 de marzo, de 9.00 a 12.00 horas en la Casa del Ayuntamiento.<\/li>\n<\/ul>\n<p>Indispensable solicitar cita previa llamando al 981 470 338 (extensi\u00f3n #2028)<\/p>\n<p style=\"text-align: justify;\">Toda la informaci\u00f3n al respeto de la expedici\u00f3n y renovaci\u00f3n del Documento Nacional de Identidad puede consultarse accediendo al siguiente enlace de la web oficial de la Polic\u00eda Nacional:<\/p>\n<p style=\"text-align: justify;\"><img loading=\"lazy\" class=\"alignnone wp-image-602\" src=\"https:\/\/mugardos.gal\/wp-content\/uploads\/2020\/03\/web.png\" alt=\"\" width=\"30\" height=\"30\" \/> <a href=\"https:\/\/www.dnielectronico.es\/PortalDNIe\/\">IR AL ENLACE Portal del DNI electr\u00f3nico<\/a><\/p>\n<p>[\/vc_column_text][\/vc_column][\/vc_row]\n","protected":false},"excerpt":{"rendered":"<p>[vc_row][vc_column][vc_separator color=\u00bbmulled_wine\u00bb style=\u00bbshadow\u00bb border_width=\u00bb4&#8243;][\/vc_column][\/vc_row][vc_row][vc_column width=\u00bb1\/4&#8243; offset=\u00bbvc_hidden-sm vc_hidden-xs\u00bb][vc_column_text][\/vc_column_text][\/vc_column][vc_column width=\u00bb3\/4&#8243;][vc_column_text] Seg\u00fan el art\u00edculo 2.1 de el Real Decreto 1553\/2005, de 23 de diciembre , por el que se regula la EXPEDICI\u00d3N del documento nacional de identidad y sus certificados de firma electr\u00f3nica, todos los espa\u00f1oles tendr\u00e1n derecho a que se les expida el Documento Nacional de Identidad, [&hellip;]<\/p>\n","protected":false},"author":4,"featured_media":0,"parent":0,"menu_order":0,"comment_status":"closed","ping_status":"closed","template":"","meta":[],"yoast_head":"<!-- This site is optimized with the Yoast SEO plugin v18.9 - https:\/\/yoast.com\/wordpress\/plugins\/seo\/ -->\n<title>RENOVACI\u00d3N\/EXPEDICI\u00d3N DNI - Concello de Mugardos<\/title>\n<meta name=\"robots\" content=\"index, follow, max-snippet:-1, max-image-preview:large, max-video-preview:-1\" \/>\n<link rel=\"canonical\" href=\"https:\/\/mugardos.gal\/es\/renovacion-expedicion-dni\/\" \/>\n<meta property=\"og:locale\" content=\"es_ES\" \/>\n<meta property=\"og:type\" content=\"article\" \/>\n<meta property=\"og:title\" content=\"RENOVACI\u00d3N\/EXPEDICI\u00d3N DNI - Concello de Mugardos\" \/>\n<meta property=\"og:description\" content=\"[vc_row][vc_column][vc_separator color=\u00bbmulled_wine\u00bb style=\u00bbshadow\u00bb border_width=\u00bb4&#8243;][\/vc_column][\/vc_row][vc_row][vc_column width=\u00bb1\/4&#8243; offset=\u00bbvc_hidden-sm vc_hidden-xs\u00bb][vc_column_text][\/vc_column_text][\/vc_column][vc_column width=\u00bb3\/4&#8243;][vc_column_text] Seg\u00fan el art\u00edculo 2.1 de el Real Decreto 1553\/2005, de 23 de diciembre , por el que se regula la EXPEDICI\u00d3N del documento nacional de identidad y sus certificados de firma electr\u00f3nica, todos los espa\u00f1oles tendr\u00e1n derecho a que se les expida el Documento Nacional de Identidad, [&hellip;]\" \/>\n<meta property=\"og:url\" content=\"https:\/\/mugardos.gal\/es\/renovacion-expedicion-dni\/\" \/>\n<meta property=\"og:site_name\" content=\"Concello de Mugardos\" \/>\n<meta property=\"article:modified_time\" content=\"2023-02-24T10:40:11+00:00\" \/>\n<meta property=\"og:image\" content=\"https:\/\/mugardos.gal\/wp-content\/uploads\/2020\/03\/web.png\" \/>\n<meta name=\"twitter:card\" content=\"summary_large_image\" \/>\n<meta name=\"twitter:label1\" content=\"Tiempo de lectura\" \/>\n\t<meta name=\"twitter:data1\" content=\"2 minutos\" \/>\n<script type=\"application\/ld+json\" class=\"yoast-schema-graph\">{\"@context\":\"https:\/\/schema.org\",\"@graph\":[{\"@type\":\"WebSite\",\"@id\":\"https:\/\/mugardos.gal\/#website\",\"url\":\"https:\/\/mugardos.gal\/\",\"name\":\"Concello de Mugardos\",\"description\":\"\",\"potentialAction\":[{\"@type\":\"SearchAction\",\"target\":{\"@type\":\"EntryPoint\",\"urlTemplate\":\"https:\/\/mugardos.gal\/?s={search_term_string}\"},\"query-input\":\"required name=search_term_string\"}],\"inLanguage\":\"es\"},{\"@type\":\"ImageObject\",\"inLanguage\":\"es\",\"@id\":\"https:\/\/mugardos.gal\/es\/renovacion-expedicion-dni\/#primaryimage\",\"url\":\"https:\/\/mugardos.gal\/wp-content\/uploads\/2020\/03\/web.png\",\"contentUrl\":\"https:\/\/mugardos.gal\/wp-content\/uploads\/2020\/03\/web.png\",\"width\":100,\"height\":100},{\"@type\":\"WebPage\",\"@id\":\"https:\/\/mugardos.gal\/es\/renovacion-expedicion-dni\/#webpage\",\"url\":\"https:\/\/mugardos.gal\/es\/renovacion-expedicion-dni\/\",\"name\":\"RENOVACI\u00d3N\/EXPEDICI\u00d3N DNI - Concello de Mugardos\",\"isPartOf\":{\"@id\":\"https:\/\/mugardos.gal\/#website\"},\"primaryImageOfPage\":{\"@id\":\"https:\/\/mugardos.gal\/es\/renovacion-expedicion-dni\/#primaryimage\"},\"datePublished\":\"2020-05-27T16:08:11+00:00\",\"dateModified\":\"2023-02-24T10:40:11+00:00\",\"breadcrumb\":{\"@id\":\"https:\/\/mugardos.gal\/es\/renovacion-expedicion-dni\/#breadcrumb\"},\"inLanguage\":\"es\",\"potentialAction\":[{\"@type\":\"ReadAction\",\"target\":[\"https:\/\/mugardos.gal\/es\/renovacion-expedicion-dni\/\"]}]},{\"@type\":\"BreadcrumbList\",\"@id\":\"https:\/\/mugardos.gal\/es\/renovacion-expedicion-dni\/#breadcrumb\",\"itemListElement\":[{\"@type\":\"ListItem\",\"position\":1,\"name\":\"Portada\",\"item\":\"https:\/\/mugardos.gal\/es\/\"},{\"@type\":\"ListItem\",\"position\":2,\"name\":\"RENOVACI\u00d3N\/EXPEDICI\u00d3N DNI\"}]}]}<\/script>\n<!-- \/ Yoast SEO plugin. -->","yoast_head_json":{"title":"RENOVACI\u00d3N\/EXPEDICI\u00d3N DNI - Concello de Mugardos","robots":{"index":"index","follow":"follow","max-snippet":"max-snippet:-1","max-image-preview":"max-image-preview:large","max-video-preview":"max-video-preview:-1"},"canonical":"https:\/\/mugardos.gal\/es\/renovacion-expedicion-dni\/","og_locale":"es_ES","og_type":"article","og_title":"RENOVACI\u00d3N\/EXPEDICI\u00d3N DNI - Concello de Mugardos","og_description":"[vc_row][vc_column][vc_separator color=\u00bbmulled_wine\u00bb style=\u00bbshadow\u00bb border_width=\u00bb4&#8243;][\/vc_column][\/vc_row][vc_row][vc_column width=\u00bb1\/4&#8243; offset=\u00bbvc_hidden-sm vc_hidden-xs\u00bb][vc_column_text][\/vc_column_text][\/vc_column][vc_column width=\u00bb3\/4&#8243;][vc_column_text] Seg\u00fan el art\u00edculo 2.1 de el Real Decreto 1553\/2005, de 23 de diciembre , por el que se regula la EXPEDICI\u00d3N del documento nacional de identidad y sus certificados de firma electr\u00f3nica, todos los espa\u00f1oles tendr\u00e1n derecho a que se les expida el Documento Nacional de Identidad, [&hellip;]","og_url":"https:\/\/mugardos.gal\/es\/renovacion-expedicion-dni\/","og_site_name":"Concello de Mugardos","article_modified_time":"2023-02-24T10:40:11+00:00","og_image":[{"url":"https:\/\/mugardos.gal\/wp-content\/uploads\/2020\/03\/web.png"}],"twitter_card":"summary_large_image","twitter_misc":{"Tiempo de lectura":"2 minutos"},"schema":{"@context":"https:\/\/schema.org","@graph":[{"@type":"WebSite","@id":"https:\/\/mugardos.gal\/#website","url":"https:\/\/mugardos.gal\/","name":"Concello de Mugardos","description":"","potentialAction":[{"@type":"SearchAction","target":{"@type":"EntryPoint","urlTemplate":"https:\/\/mugardos.gal\/?s={search_term_string}"},"query-input":"required name=search_term_string"}],"inLanguage":"es"},{"@type":"ImageObject","inLanguage":"es","@id":"https:\/\/mugardos.gal\/es\/renovacion-expedicion-dni\/#primaryimage","url":"https:\/\/mugardos.gal\/wp-content\/uploads\/2020\/03\/web.png","contentUrl":"https:\/\/mugardos.gal\/wp-content\/uploads\/2020\/03\/web.png","width":100,"height":100},{"@type":"WebPage","@id":"https:\/\/mugardos.gal\/es\/renovacion-expedicion-dni\/#webpage","url":"https:\/\/mugardos.gal\/es\/renovacion-expedicion-dni\/","name":"RENOVACI\u00d3N\/EXPEDICI\u00d3N DNI - Concello de Mugardos","isPartOf":{"@id":"https:\/\/mugardos.gal\/#website"},"primaryImageOfPage":{"@id":"https:\/\/mugardos.gal\/es\/renovacion-expedicion-dni\/#primaryimage"},"datePublished":"2020-05-27T16:08:11+00:00","dateModified":"2023-02-24T10:40:11+00:00","breadcrumb":{"@id":"https:\/\/mugardos.gal\/es\/renovacion-expedicion-dni\/#breadcrumb"},"inLanguage":"es","potentialAction":[{"@type":"ReadAction","target":["https:\/\/mugardos.gal\/es\/renovacion-expedicion-dni\/"]}]},{"@type":"BreadcrumbList","@id":"https:\/\/mugardos.gal\/es\/renovacion-expedicion-dni\/#breadcrumb","itemListElement":[{"@type":"ListItem","position":1,"name":"Portada","item":"https:\/\/mugardos.gal\/es\/"},{"@type":"ListItem","position":2,"name":"RENOVACI\u00d3N\/EXPEDICI\u00d3N DNI"}]}]}},"_links":{"self":[{"href":"https:\/\/mugardos.gal\/es\/wp-json\/wp\/v2\/pages\/4979"}],"collection":[{"href":"https:\/\/mugardos.gal\/es\/wp-json\/wp\/v2\/pages"}],"about":[{"href":"https:\/\/mugardos.gal\/es\/wp-json\/wp\/v2\/types\/page"}],"author":[{"embeddable":true,"href":"https:\/\/mugardos.gal\/es\/wp-json\/wp\/v2\/users\/4"}],"replies":[{"embeddable":true,"href":"https:\/\/mugardos.gal\/es\/wp-json\/wp\/v2\/comments?post=4979"}],"version-history":[{"count":2,"href":"https:\/\/mugardos.gal\/es\/wp-json\/wp\/v2\/pages\/4979\/revisions"}],"predecessor-version":[{"id":18610,"href":"https:\/\/mugardos.gal\/es\/wp-json\/wp\/v2\/pages\/4979\/revisions\/18610"}],"wp:attachment":[{"href":"https:\/\/mugardos.gal\/es\/wp-json\/wp\/v2\/media?parent=4979"}],"curies":[{"name":"wp","href":"https:\/\/api.w.org\/{rel}","templated":true}]}}