{"id":4881,"date":"2020-05-27T17:00:46","date_gmt":"2020-05-27T15:00:46","guid":{"rendered":"https:\/\/mugardos.gal\/urbanismo\/contacto-con-el-departamento-de-urbanismo\/"},"modified":"2025-09-30T15:46:36","modified_gmt":"2025-09-30T13:46:36","slug":"contacto-con-el-departamento-de-urbanismo","status":"publish","type":"page","link":"https:\/\/mugardos.gal\/es\/urbanismo\/contacto-con-el-departamento-de-urbanismo\/","title":{"rendered":"CONTACTO CON EL DEPARTAMENTO DE URBANISMO"},"content":{"rendered":"<p>[vc_row][vc_column width=\u00bb1\/4&#8243; offset=\u00bbvc_hidden-sm vc_hidden-xs\u00bb][vc_row_inner][vc_column_inner][vc_single_image image=\u00bb3159&#8243; img_size=\u00bbmedium\u00bb alignment=\u00bbcenter\u00bb style=\u00bbvc_box_shadow_3d\u00bb onclick=\u00bbcustom_link\u00bb css_animation=\u00bbnone\u00bb css=\u00bb.vc_custom_1590822712035{margin-top: px !important;}\u00bb link=\u00bbhttps:\/\/mugardos.gal\/es\/urbanismo\/contacto-co-departamento-de-urbanismo\/\u00bb][vc_single_image image=\u00bb3167&#8243; img_size=\u00bbmedium\u00bb alignment=\u00bbcenter\u00bb style=\u00bbvc_box_shadow_3d\u00bb onclick=\u00bbcustom_link\u00bb css=\u00bb.vc_custom_1590822717821{margin-top: -40px !important;}\u00bb link=\u00bbhttps:\/\/mugardos.gal\/es\/urbanismo\/solicitude-de-prorroga-de-licenza-de-obras\/\u00bb][vc_single_image image=\u00bb3165&#8243; img_size=\u00bbmedium\u00bb alignment=\u00bbcenter\u00bb style=\u00bbvc_box_shadow_3d\u00bb onclick=\u00bbcustom_link\u00bb css=\u00bb.vc_custom_1590822723258{margin-top: -40px !important;}\u00bb link=\u00bbhttps:\/\/mugardos.gal\/es\/urbanismo\/punto-informacion-catastral\/\u00bb][vc_single_image image=\u00bb3163&#8243; img_size=\u00bbmedium\u00bb alignment=\u00bbcenter\u00bb style=\u00bbvc_box_shadow_3d\u00bb onclick=\u00bbcustom_link\u00bb css=\u00bb.vc_custom_1590822729821{margin-top: -40px !important;}\u00bb link=\u00bbhttps:\/\/mugardos.gal\/es\/urbanismo\/oficina-de-rehabilitacion-integral-zonas-ari\/\u00bb][vc_single_image image=\u00bb3161&#8243; img_size=\u00bbmedium\u00bb alignment=\u00bbcenter\u00bb style=\u00bbvc_box_shadow_3d\u00bb onclick=\u00bbcustom_link\u00bb css=\u00bb.vc_custom_1590822734937{margin-top: -40px !important;}\u00bb link=\u00bbhttps:\/\/mugardos.gal\/es\/urbanismo\/normativa-urbanistica\/\u00bb][vc_single_image image=\u00bb3157&#8243; img_size=\u00bbmedium\u00bb alignment=\u00bbcenter\u00bb style=\u00bbvc_box_shadow_3d\u00bb onclick=\u00bbcustom_link\u00bb css=\u00bb.vc_custom_1590822741122{margin-top: -40px !important;}\u00bb link=\u00bbhttps:\/\/mugardos.gal\/es\/buzon-de-suxestions\/\u00bb][\/vc_column_inner][\/vc_row_inner][\/vc_column][vc_column width=\u00bb3\/4&#8243;][vc_column_text]\n<p style=\"text-align: justify;\">El departamento de Urbanismo del Ayuntamiento de Mugardos tramita todos los procedimientos urban\u00edsticos, desde el Plan General de Ordenaci\u00f3n Municipal (PGOM) hasta la gesti\u00f3n de la informaci\u00f3n urban\u00edstica de inter\u00e9s para la ciudadan\u00eda.<\/p>\n<p style=\"text-align: justify;\">Los vecinos y vecinas interesados en ponerse en contacto con el departamento pueden hacerlo:<\/p>\n<p>[\/vc_column_text][vc_row_inner][vc_column_inner width=\u00bb1\/2&#8243;][vc_column_text]\n<p style=\"text-align: justify;\"><strong>Concejal de Urbanismo: Juan Domingo de Deus Fonticoba<\/strong><\/p>\n<p><img loading=\"lazy\" class=\"alignnone wp-image-596\" src=\"https:\/\/mugardos.gal\/wp-content\/uploads\/2020\/03\/direcci\u00f3n.png\" alt=\"\" width=\"30\" height=\"30\" \/> Avenida de Galicia 45, 2\u00ba piso<\/p>\n<p><img loading=\"lazy\" class=\"alignnone wp-image-598\" src=\"https:\/\/mugardos.gal\/wp-content\/uploads\/2020\/03\/telefono.png\" alt=\"\" width=\"30\" height=\"30\" \/> 981 470 290 (extensi\u00f3n #2048)<\/p>\n<p><img loading=\"lazy\" class=\"alignnone wp-image-594\" src=\"https:\/\/mugardos.gal\/wp-content\/uploads\/2020\/03\/correo.png\" alt=\"\" width=\"30\" height=\"23\" \/>\u00a0<a href=\"mailto: juandomingo.dedeus@mugardos.gal\">juandomingo.dedeus@mugardos.gal<\/a>[\/vc_column_text][\/vc_column_inner][vc_column_inner width=\u00bb1\/2&#8243;][vc_column_text]\n<p style=\"text-align: justify;\"><img loading=\"lazy\" class=\"alignnone wp-image-1387 size-full\" src=\"https:\/\/mugardos.gal\/wp-content\/uploads\/2020\/04\/Foto-Juan-Domingo-de-Deus-Fonticoba.png\" alt=\"\" width=\"300\" height=\"253\" \/><\/p>\n<p>[\/vc_column_text][\/vc_column_inner][\/vc_row_inner][vc_column_text]\n<div id=\"contenedor\" class=\"textarea unknown\">En el siguiente enlace puede accederse a los canales habilitados para la solicitud de cita previa con las t\u00e9cnicas del departamento:<\/div>\n<p style=\"text-align: justify;\"><a href=\"https:\/\/mugardos.gal\/es\/urbanismo\/pedir-cita-con-las-tecnicas-de-urbanismo\/\">IR AL ENLACE Pedir cita con las t\u00e9cnicas de urbanismo<\/a><\/p>\n<p>[\/vc_column_text][\/vc_column][\/vc_row]\n","protected":false},"excerpt":{"rendered":"<p>[vc_row][vc_column width=\u00bb1\/4&#8243; offset=\u00bbvc_hidden-sm vc_hidden-xs\u00bb][vc_row_inner][vc_column_inner][vc_single_image image=\u00bb3159&#8243; img_size=\u00bbmedium\u00bb alignment=\u00bbcenter\u00bb style=\u00bbvc_box_shadow_3d\u00bb onclick=\u00bbcustom_link\u00bb css_animation=\u00bbnone\u00bb css=\u00bb.vc_custom_1590822712035{margin-top: px !important;}\u00bb link=\u00bbhttps:\/\/mugardos.gal\/es\/urbanismo\/contacto-co-departamento-de-urbanismo\/\u00bb][vc_single_image image=\u00bb3167&#8243; img_size=\u00bbmedium\u00bb alignment=\u00bbcenter\u00bb style=\u00bbvc_box_shadow_3d\u00bb onclick=\u00bbcustom_link\u00bb css=\u00bb.vc_custom_1590822717821{margin-top: -40px !important;}\u00bb link=\u00bbhttps:\/\/mugardos.gal\/es\/urbanismo\/solicitude-de-prorroga-de-licenza-de-obras\/\u00bb][vc_single_image image=\u00bb3165&#8243; img_size=\u00bbmedium\u00bb alignment=\u00bbcenter\u00bb style=\u00bbvc_box_shadow_3d\u00bb onclick=\u00bbcustom_link\u00bb css=\u00bb.vc_custom_1590822723258{margin-top: -40px !important;}\u00bb link=\u00bbhttps:\/\/mugardos.gal\/es\/urbanismo\/punto-informacion-catastral\/\u00bb][vc_single_image image=\u00bb3163&#8243; img_size=\u00bbmedium\u00bb alignment=\u00bbcenter\u00bb style=\u00bbvc_box_shadow_3d\u00bb onclick=\u00bbcustom_link\u00bb css=\u00bb.vc_custom_1590822729821{margin-top: -40px !important;}\u00bb link=\u00bbhttps:\/\/mugardos.gal\/es\/urbanismo\/oficina-de-rehabilitacion-integral-zonas-ari\/\u00bb][vc_single_image image=\u00bb3161&#8243; img_size=\u00bbmedium\u00bb alignment=\u00bbcenter\u00bb style=\u00bbvc_box_shadow_3d\u00bb onclick=\u00bbcustom_link\u00bb css=\u00bb.vc_custom_1590822734937{margin-top: -40px !important;}\u00bb link=\u00bbhttps:\/\/mugardos.gal\/es\/urbanismo\/normativa-urbanistica\/\u00bb][vc_single_image image=\u00bb3157&#8243; img_size=\u00bbmedium\u00bb alignment=\u00bbcenter\u00bb style=\u00bbvc_box_shadow_3d\u00bb onclick=\u00bbcustom_link\u00bb [&hellip;]<\/p>\n","protected":false},"author":4,"featured_media":0,"parent":717,"menu_order":0,"comment_status":"closed","ping_status":"closed","template":"","meta":[],"yoast_head":"<!-- This site is optimized with the Yoast SEO plugin v18.9 - https:\/\/yoast.com\/wordpress\/plugins\/seo\/ -->\n<title>CONTACTO CON EL DEPARTAMENTO DE URBANISMO - Concello de Mugardos<\/title>\n<meta name=\"robots\" content=\"index, follow, max-snippet:-1, max-image-preview:large, max-video-preview:-1\" \/>\n<link rel=\"canonical\" href=\"https:\/\/mugardos.gal\/es\/urbanismo\/contacto-con-el-departamento-de-urbanismo\/\" \/>\n<meta property=\"og:locale\" content=\"es_ES\" \/>\n<meta property=\"og:type\" content=\"article\" \/>\n<meta property=\"og:title\" content=\"CONTACTO CON EL DEPARTAMENTO DE URBANISMO - Concello de Mugardos\" \/>\n<meta property=\"og:description\" content=\"[vc_row][vc_column width=\u00bb1\/4&#8243; offset=\u00bbvc_hidden-sm vc_hidden-xs\u00bb][vc_row_inner][vc_column_inner][vc_single_image image=\u00bb3159&#8243; img_size=\u00bbmedium\u00bb alignment=\u00bbcenter\u00bb style=\u00bbvc_box_shadow_3d\u00bb onclick=\u00bbcustom_link\u00bb css_animation=\u00bbnone\u00bb css=\u00bb.vc_custom_1590822712035{margin-top: px !important;}\u00bb link=\u00bbhttps:\/\/mugardos.gal\/es\/urbanismo\/contacto-co-departamento-de-urbanismo\/\u00bb][vc_single_image image=\u00bb3167&#8243; img_size=\u00bbmedium\u00bb alignment=\u00bbcenter\u00bb style=\u00bbvc_box_shadow_3d\u00bb onclick=\u00bbcustom_link\u00bb css=\u00bb.vc_custom_1590822717821{margin-top: -40px !important;}\u00bb link=\u00bbhttps:\/\/mugardos.gal\/es\/urbanismo\/solicitude-de-prorroga-de-licenza-de-obras\/\u00bb][vc_single_image image=\u00bb3165&#8243; img_size=\u00bbmedium\u00bb alignment=\u00bbcenter\u00bb style=\u00bbvc_box_shadow_3d\u00bb onclick=\u00bbcustom_link\u00bb css=\u00bb.vc_custom_1590822723258{margin-top: -40px !important;}\u00bb link=\u00bbhttps:\/\/mugardos.gal\/es\/urbanismo\/punto-informacion-catastral\/\u00bb][vc_single_image image=\u00bb3163&#8243; img_size=\u00bbmedium\u00bb alignment=\u00bbcenter\u00bb style=\u00bbvc_box_shadow_3d\u00bb onclick=\u00bbcustom_link\u00bb css=\u00bb.vc_custom_1590822729821{margin-top: -40px !important;}\u00bb link=\u00bbhttps:\/\/mugardos.gal\/es\/urbanismo\/oficina-de-rehabilitacion-integral-zonas-ari\/\u00bb][vc_single_image image=\u00bb3161&#8243; img_size=\u00bbmedium\u00bb alignment=\u00bbcenter\u00bb style=\u00bbvc_box_shadow_3d\u00bb onclick=\u00bbcustom_link\u00bb css=\u00bb.vc_custom_1590822734937{margin-top: -40px !important;}\u00bb link=\u00bbhttps:\/\/mugardos.gal\/es\/urbanismo\/normativa-urbanistica\/\u00bb][vc_single_image image=\u00bb3157&#8243; img_size=\u00bbmedium\u00bb alignment=\u00bbcenter\u00bb style=\u00bbvc_box_shadow_3d\u00bb onclick=\u00bbcustom_link\u00bb [&hellip;]\" \/>\n<meta property=\"og:url\" content=\"https:\/\/mugardos.gal\/es\/urbanismo\/contacto-con-el-departamento-de-urbanismo\/\" \/>\n<meta property=\"og:site_name\" content=\"Concello de Mugardos\" \/>\n<meta property=\"article:modified_time\" content=\"2025-09-30T13:46:36+00:00\" \/>\n<meta property=\"og:image\" content=\"https:\/\/mugardos.gal\/wp-content\/uploads\/2020\/03\/telefono.png\" \/>\n<meta name=\"twitter:card\" content=\"summary_large_image\" \/>\n<meta name=\"twitter:label1\" content=\"Tiempo de lectura\" \/>\n\t<meta name=\"twitter:data1\" content=\"2 minutos\" \/>\n<script type=\"application\/ld+json\" class=\"yoast-schema-graph\">{\"@context\":\"https:\/\/schema.org\",\"@graph\":[{\"@type\":\"WebSite\",\"@id\":\"https:\/\/mugardos.gal\/#website\",\"url\":\"https:\/\/mugardos.gal\/\",\"name\":\"Concello de Mugardos\",\"description\":\"\",\"potentialAction\":[{\"@type\":\"SearchAction\",\"target\":{\"@type\":\"EntryPoint\",\"urlTemplate\":\"https:\/\/mugardos.gal\/?s={search_term_string}\"},\"query-input\":\"required name=search_term_string\"}],\"inLanguage\":\"es\"},{\"@type\":\"ImageObject\",\"inLanguage\":\"es\",\"@id\":\"https:\/\/mugardos.gal\/es\/urbanismo\/contacto-con-el-departamento-de-urbanismo\/#primaryimage\",\"url\":\"https:\/\/mugardos.gal\/wp-content\/uploads\/2020\/03\/telefono.png\",\"contentUrl\":\"https:\/\/mugardos.gal\/wp-content\/uploads\/2020\/03\/telefono.png\",\"width\":100,\"height\":100},{\"@type\":\"WebPage\",\"@id\":\"https:\/\/mugardos.gal\/es\/urbanismo\/contacto-con-el-departamento-de-urbanismo\/#webpage\",\"url\":\"https:\/\/mugardos.gal\/es\/urbanismo\/contacto-con-el-departamento-de-urbanismo\/\",\"name\":\"CONTACTO CON EL DEPARTAMENTO DE URBANISMO - Concello de Mugardos\",\"isPartOf\":{\"@id\":\"https:\/\/mugardos.gal\/#website\"},\"primaryImageOfPage\":{\"@id\":\"https:\/\/mugardos.gal\/es\/urbanismo\/contacto-con-el-departamento-de-urbanismo\/#primaryimage\"},\"datePublished\":\"2020-05-27T15:00:46+00:00\",\"dateModified\":\"2025-09-30T13:46:36+00:00\",\"breadcrumb\":{\"@id\":\"https:\/\/mugardos.gal\/es\/urbanismo\/contacto-con-el-departamento-de-urbanismo\/#breadcrumb\"},\"inLanguage\":\"es\",\"potentialAction\":[{\"@type\":\"ReadAction\",\"target\":[\"https:\/\/mugardos.gal\/es\/urbanismo\/contacto-con-el-departamento-de-urbanismo\/\"]}]},{\"@type\":\"BreadcrumbList\",\"@id\":\"https:\/\/mugardos.gal\/es\/urbanismo\/contacto-con-el-departamento-de-urbanismo\/#breadcrumb\",\"itemListElement\":[{\"@type\":\"ListItem\",\"position\":1,\"name\":\"Portada\",\"item\":\"https:\/\/mugardos.gal\/es\/\"},{\"@type\":\"ListItem\",\"position\":2,\"name\":\"URBANISMO\",\"item\":\"https:\/\/mugardos.gal\/es\/urbanismo\/\"},{\"@type\":\"ListItem\",\"position\":3,\"name\":\"CONTACTO CON EL DEPARTAMENTO DE URBANISMO\"}]}]}<\/script>\n<!-- \/ Yoast SEO plugin. -->","yoast_head_json":{"title":"CONTACTO CON EL DEPARTAMENTO DE URBANISMO - Concello de Mugardos","robots":{"index":"index","follow":"follow","max-snippet":"max-snippet:-1","max-image-preview":"max-image-preview:large","max-video-preview":"max-video-preview:-1"},"canonical":"https:\/\/mugardos.gal\/es\/urbanismo\/contacto-con-el-departamento-de-urbanismo\/","og_locale":"es_ES","og_type":"article","og_title":"CONTACTO CON EL DEPARTAMENTO DE URBANISMO - Concello de Mugardos","og_description":"[vc_row][vc_column width=\u00bb1\/4&#8243; offset=\u00bbvc_hidden-sm vc_hidden-xs\u00bb][vc_row_inner][vc_column_inner][vc_single_image image=\u00bb3159&#8243; img_size=\u00bbmedium\u00bb alignment=\u00bbcenter\u00bb style=\u00bbvc_box_shadow_3d\u00bb onclick=\u00bbcustom_link\u00bb css_animation=\u00bbnone\u00bb css=\u00bb.vc_custom_1590822712035{margin-top: px !important;}\u00bb link=\u00bbhttps:\/\/mugardos.gal\/es\/urbanismo\/contacto-co-departamento-de-urbanismo\/\u00bb][vc_single_image image=\u00bb3167&#8243; img_size=\u00bbmedium\u00bb alignment=\u00bbcenter\u00bb style=\u00bbvc_box_shadow_3d\u00bb onclick=\u00bbcustom_link\u00bb css=\u00bb.vc_custom_1590822717821{margin-top: -40px !important;}\u00bb link=\u00bbhttps:\/\/mugardos.gal\/es\/urbanismo\/solicitude-de-prorroga-de-licenza-de-obras\/\u00bb][vc_single_image image=\u00bb3165&#8243; img_size=\u00bbmedium\u00bb alignment=\u00bbcenter\u00bb style=\u00bbvc_box_shadow_3d\u00bb onclick=\u00bbcustom_link\u00bb css=\u00bb.vc_custom_1590822723258{margin-top: -40px !important;}\u00bb link=\u00bbhttps:\/\/mugardos.gal\/es\/urbanismo\/punto-informacion-catastral\/\u00bb][vc_single_image image=\u00bb3163&#8243; img_size=\u00bbmedium\u00bb alignment=\u00bbcenter\u00bb style=\u00bbvc_box_shadow_3d\u00bb onclick=\u00bbcustom_link\u00bb css=\u00bb.vc_custom_1590822729821{margin-top: -40px !important;}\u00bb link=\u00bbhttps:\/\/mugardos.gal\/es\/urbanismo\/oficina-de-rehabilitacion-integral-zonas-ari\/\u00bb][vc_single_image image=\u00bb3161&#8243; img_size=\u00bbmedium\u00bb alignment=\u00bbcenter\u00bb style=\u00bbvc_box_shadow_3d\u00bb onclick=\u00bbcustom_link\u00bb css=\u00bb.vc_custom_1590822734937{margin-top: -40px !important;}\u00bb link=\u00bbhttps:\/\/mugardos.gal\/es\/urbanismo\/normativa-urbanistica\/\u00bb][vc_single_image image=\u00bb3157&#8243; img_size=\u00bbmedium\u00bb alignment=\u00bbcenter\u00bb style=\u00bbvc_box_shadow_3d\u00bb onclick=\u00bbcustom_link\u00bb [&hellip;]","og_url":"https:\/\/mugardos.gal\/es\/urbanismo\/contacto-con-el-departamento-de-urbanismo\/","og_site_name":"Concello de Mugardos","article_modified_time":"2025-09-30T13:46:36+00:00","og_image":[{"url":"https:\/\/mugardos.gal\/wp-content\/uploads\/2020\/03\/telefono.png"}],"twitter_card":"summary_large_image","twitter_misc":{"Tiempo de lectura":"2 minutos"},"schema":{"@context":"https:\/\/schema.org","@graph":[{"@type":"WebSite","@id":"https:\/\/mugardos.gal\/#website","url":"https:\/\/mugardos.gal\/","name":"Concello de Mugardos","description":"","potentialAction":[{"@type":"SearchAction","target":{"@type":"EntryPoint","urlTemplate":"https:\/\/mugardos.gal\/?s={search_term_string}"},"query-input":"required name=search_term_string"}],"inLanguage":"es"},{"@type":"ImageObject","inLanguage":"es","@id":"https:\/\/mugardos.gal\/es\/urbanismo\/contacto-con-el-departamento-de-urbanismo\/#primaryimage","url":"https:\/\/mugardos.gal\/wp-content\/uploads\/2020\/03\/telefono.png","contentUrl":"https:\/\/mugardos.gal\/wp-content\/uploads\/2020\/03\/telefono.png","width":100,"height":100},{"@type":"WebPage","@id":"https:\/\/mugardos.gal\/es\/urbanismo\/contacto-con-el-departamento-de-urbanismo\/#webpage","url":"https:\/\/mugardos.gal\/es\/urbanismo\/contacto-con-el-departamento-de-urbanismo\/","name":"CONTACTO CON EL DEPARTAMENTO DE URBANISMO - Concello de Mugardos","isPartOf":{"@id":"https:\/\/mugardos.gal\/#website"},"primaryImageOfPage":{"@id":"https:\/\/mugardos.gal\/es\/urbanismo\/contacto-con-el-departamento-de-urbanismo\/#primaryimage"},"datePublished":"2020-05-27T15:00:46+00:00","dateModified":"2025-09-30T13:46:36+00:00","breadcrumb":{"@id":"https:\/\/mugardos.gal\/es\/urbanismo\/contacto-con-el-departamento-de-urbanismo\/#breadcrumb"},"inLanguage":"es","potentialAction":[{"@type":"ReadAction","target":["https:\/\/mugardos.gal\/es\/urbanismo\/contacto-con-el-departamento-de-urbanismo\/"]}]},{"@type":"BreadcrumbList","@id":"https:\/\/mugardos.gal\/es\/urbanismo\/contacto-con-el-departamento-de-urbanismo\/#breadcrumb","itemListElement":[{"@type":"ListItem","position":1,"name":"Portada","item":"https:\/\/mugardos.gal\/es\/"},{"@type":"ListItem","position":2,"name":"URBANISMO","item":"https:\/\/mugardos.gal\/es\/urbanismo\/"},{"@type":"ListItem","position":3,"name":"CONTACTO CON EL DEPARTAMENTO DE URBANISMO"}]}]}},"_links":{"self":[{"href":"https:\/\/mugardos.gal\/es\/wp-json\/wp\/v2\/pages\/4881"}],"collection":[{"href":"https:\/\/mugardos.gal\/es\/wp-json\/wp\/v2\/pages"}],"about":[{"href":"https:\/\/mugardos.gal\/es\/wp-json\/wp\/v2\/types\/page"}],"author":[{"embeddable":true,"href":"https:\/\/mugardos.gal\/es\/wp-json\/wp\/v2\/users\/4"}],"replies":[{"embeddable":true,"href":"https:\/\/mugardos.gal\/es\/wp-json\/wp\/v2\/comments?post=4881"}],"version-history":[{"count":3,"href":"https:\/\/mugardos.gal\/es\/wp-json\/wp\/v2\/pages\/4881\/revisions"}],"predecessor-version":[{"id":24756,"href":"https:\/\/mugardos.gal\/es\/wp-json\/wp\/v2\/pages\/4881\/revisions\/24756"}],"up":[{"embeddable":true,"href":"https:\/\/mugardos.gal\/es\/wp-json\/wp\/v2\/pages\/717"}],"wp:attachment":[{"href":"https:\/\/mugardos.gal\/es\/wp-json\/wp\/v2\/media?parent=4881"}],"curies":[{"name":"wp","href":"https:\/\/api.w.org\/{rel}","templated":true}]}}