{"id":4873,"date":"2020-05-27T16:57:12","date_gmt":"2020-05-27T14:57:12","guid":{"rendered":"https:\/\/mugardos.gal\/urbanismo\/comunicacion-previa-de-obras-urbanismo\/"},"modified":"2020-09-23T12:38:08","modified_gmt":"2020-09-23T10:38:08","slug":"comunicacion-previa-de-obras-urbanismo","status":"publish","type":"page","link":"https:\/\/mugardos.gal\/es\/urbanismo\/comunicacion-previa-de-obras-urbanismo\/","title":{"rendered":"COMUNICACI\u00d3N PREVIA DE OBRAS URBANISMO"},"content":{"rendered":"<p>[vc_row][vc_column][vc_separator color=\u00bbchino\u00bb style=\u00bbshadow\u00bb border_width=\u00bb4&#8243;][\/vc_column][\/vc_row][vc_row][vc_column width=\u00bb1\/4&#8243; offset=\u00bbvc_hidden-sm vc_hidden-xs\u00bb][vc_row_inner][vc_column_inner css=\u00bb.vc_custom_1590308597107{margin-top: px !important;}\u00bb][vc_single_image image=\u00bb3159&#8243; img_size=\u00bbmedium\u00bb alignment=\u00bbcenter\u00bb style=\u00bbvc_box_shadow_3d\u00bb onclick=\u00bbcustom_link\u00bb css_animation=\u00bbnone\u00bb css=\u00bb.vc_custom_1590308578298{margin-top: 0px !important;}\u00bb link=\u00bbhttps:\/\/mugardos.gal\/urbanismo\/contacto-co-departamento-de-urbanismo\/\u00bb][vc_single_image image=\u00bb3167&#8243; img_size=\u00bbmedium\u00bb alignment=\u00bbcenter\u00bb style=\u00bbvc_box_shadow_3d\u00bb onclick=\u00bbcustom_link\u00bb css=\u00bb.vc_custom_1590307555859{margin-top: -40px !important;}\u00bb link=\u00bbhttps:\/\/mugardos.gal\/urbanismo\/solicitude-de-prorroga-de-licenza-de-obras\/\u00bb][vc_single_image image=\u00bb3165&#8243; img_size=\u00bbmedium\u00bb alignment=\u00bbcenter\u00bb style=\u00bbvc_box_shadow_3d\u00bb onclick=\u00bbcustom_link\u00bb css=\u00bb.vc_custom_1590591848419{margin-top: -40px !important;}\u00bb link=\u00bbhttps:\/\/mugardos.gal\/urbanismo\/punto-informacion-catastral\/\u00bb][vc_single_image image=\u00bb3163&#8243; img_size=\u00bbmedium\u00bb alignment=\u00bbcenter\u00bb style=\u00bbvc_box_shadow_3d\u00bb onclick=\u00bbcustom_link\u00bb css=\u00bb.vc_custom_1590307602368{margin-top: -40px !important;}\u00bb link=\u00bbhttps:\/\/mugardos.gal\/urbanismo\/oficina-de-rehabilitacion-integral-zonas-ari\/\u00bb][vc_single_image image=\u00bb3161&#8243; img_size=\u00bbmedium\u00bb alignment=\u00bbcenter\u00bb style=\u00bbvc_box_shadow_3d\u00bb onclick=\u00bbcustom_link\u00bb css=\u00bb.vc_custom_1590307618069{margin-top: -40px !important;}\u00bb link=\u00bbhttps:\/\/mugardos.gal\/urbanismo\/normativa-urbanistica\/\u00bb][vc_single_image image=\u00bb3157&#8243; img_size=\u00bbmedium\u00bb alignment=\u00bbcenter\u00bb style=\u00bbvc_box_shadow_3d\u00bb onclick=\u00bbcustom_link\u00bb css=\u00bb.vc_custom_1590307638978{margin-top: -40px !important;}\u00bb link=\u00bbhttps:\/\/mugardos.gal\/buzon-de-suxestions\/\u00bb][vc_column_text]\n<!-- PRESSVILLE EVENTS : begin -->\n<section class=\"lsvr-pressville-post-grid lsvr-pressville-post-grid--events lsvr-pressville-post-grid--layout-title-top lsvr-pressville-post-grid--dark-bg\"\n    >\n    <div class=\"lsvr-pressville-post-grid__inner\">\n        <div class=\"lsvr-container\">\n            <div class=\"lsvr-pressville-post-grid__content\">\n\n                \n                    <p class=\"c-alert-message\">No hay eventos<\/p>\n\n                \n            <\/div>\n        <\/div>\n    <\/div>\n<\/section>\n<!-- PRESSVILLE EVENTS : end -->\n\n[\/vc_column_text][\/vc_column_inner][\/vc_row_inner][\/vc_column][vc_column width=\u00bb3\/4&#8243;][vc_column_text]\n<p id=\"contenedor\" class=\"textarea unknown\" style=\"text-align: justify;\">Cuando una persona desea comunicar el inicio de una obra que no est\u00e1 sujeta a la solicitud de licencia urban\u00edstica (est\u00e1n sujetos a licencia los actos que requieren proyecto de edificaci\u00f3n y otros supuestos), deber\u00e1 comunicar en el ayuntamiento la intenci\u00f3n de llevar a cabo dicha obra con una antelaci\u00f3n m\u00ednima de quince d\u00edas h\u00e1biles al de la fecha en que pretenda comenzar su ejecuci\u00f3n.<\/p>\n<p style=\"text-align: justify;\"><strong><em>INSTANCIA<\/em><\/strong><\/p>\n<p style=\"text-align: justify;\"><img loading=\"lazy\" class=\"alignnone wp-image-581\" src=\"https:\/\/mugardos.gal\/wp-content\/uploads\/2020\/03\/pdf.png\" alt=\"\" width=\"40\" height=\"40\" \/><a href=\"https:\/\/mugardos.gal\/wp-content\/uploads\/2020\/03\/Instancia-comunicaci\u00f3n-previa-de-obras.pdf\"> DESCARGAR PDF Instancia para la comunicaci\u00f3n previa de obras<\/a><\/p>\n<p style=\"text-align: justify;\"><strong><em>TRAMITACI\u00d3N Y REGISTRO<\/em><\/strong><\/p>\n<p id=\"contenedor\" class=\"textarea unknown\" style=\"text-align: justify;\">Previo a la presentaci\u00f3n de la instancia, y en funci\u00f3n del presupuesto de la obra, la persona que desee realizar la comunicaci\u00f3n deber\u00e1 realizar el pago del Impuesto de Construcci\u00f3ns, Instalaciones y Obras ( ICIO), y de la tasa por la expedici\u00f3n de documentos administrativos.<\/p>\n<p class=\"textarea unknown\" style=\"text-align: justify;\">Una vez cumplimentada la instancia, aportada la documentaci\u00f3n requerida en la misma y abonada la tasa (debe adjuntarse a la documentaci\u00f3n el justificante del pago del impuesto y de la tasa), toda esta documentaci\u00f3n deber\u00e1 ser registrada en el Ayuntamiento por alguno de estos dos canales:<\/p>\n<ul>\n<li><strong>Rexistro General de entrada: en las oficinas municipales<\/strong><\/li>\n<\/ul>\n<p style=\"padding-left: 40px; text-align: justify;\"><img loading=\"lazy\" class=\"alignnone wp-image-596\" src=\"https:\/\/mugardos.gal\/wp-content\/uploads\/2020\/03\/direcci\u00f3n.png\" alt=\"\" width=\"30\" height=\"30\" \/> Direcci\u00f3n: Avenida de Galicia n\u00ba 45, bajo<\/p>\n<p style=\"padding-left: 40px; text-align: justify;\"><img loading=\"lazy\" class=\"alignnone wp-image-609\" src=\"https:\/\/mugardos.gal\/wp-content\/uploads\/2020\/03\/hora.png\" alt=\"\" width=\"30\" height=\"30\" \/> Horario de atenci\u00f3n: de lunes a viernes de 9.00 a 14.00 horas<\/p>\n<ul>\n<li style=\"text-align: justify;\"><strong>Sede electr\u00f3nica municipal: requiere identificaci\u00f3n digital<\/strong> (DNIe\/Certificado digital \u2013 Cl@ve PIN &#8211; Cl@ve permanente)<\/li>\n<\/ul>\n<p style=\"padding-left: 40px; text-align: justify;\"><img loading=\"lazy\" class=\"alignnone wp-image-602\" src=\"https:\/\/mugardos.gal\/wp-content\/uploads\/2020\/03\/web.png\" alt=\"\" width=\"30\" height=\"30\" \/> <a href=\"https:\/\/sede.concellodemugardos.gal\/opencms\/gl\/\">IR AL ENLACE Acceder a la Sede electr\u00f3nica del Ayuntamiento de Mugardos<\/a><\/p>\n<p style=\"padding-left: 40px; text-align: justify;\">Se recuerda que no hace falta tener una autenticaci\u00f3n permanente en el ordenador o en el terminal telef\u00f3nico para la realizaci\u00f3n de tramitaciones online. Las personas interesadas podr\u00e1n solicitar de manera sencilla y segura una Cl@ve PIN temporal (de 24 horas) para la realizaci\u00f3n de cualquier tramitaci\u00f3n a trav\u00e9s de la sede electr\u00f3nica. En el siguiente enlace puede accederse a la p\u00e1gina web oficial para la solicitud de la Cl@ve PIN temporal (si es la primera vez que se solicita deber\u00e1 realizarse el registro como usuario previamente):<\/p>\n<p style=\"padding-left: 40px; text-align: justify;\"><img loading=\"lazy\" class=\"alignnone wp-image-602\" src=\"https:\/\/mugardos.gal\/wp-content\/uploads\/2020\/03\/web.png\" alt=\"\" width=\"30\" height=\"30\" \/><a href=\"https:\/\/clave.gob.es\/clave_Home\/PIN24H.html\">IR AL ENLACE Obtenci\u00f3n de Cl@ve PIN temporal de 24 horas<\/a><\/p>\n<p style=\"padding-left: 40px; text-align: justify;\"><img loading=\"lazy\" class=\"alignnone wp-image-602\" src=\"https:\/\/mugardos.gal\/wp-content\/uploads\/2020\/03\/web.png\" alt=\"\" width=\"30\" height=\"30\" \/> <a href=\"https:\/\/clave.gob.es\/clave_Home\/registro.html\">IR AL ENLACE Registro en Cl@ve<\/a><\/p>\n<p style=\"text-align: justify;\">Con car\u00e1cter general, transcurrido el plazo de quince d\u00edas h\u00e1biles tras la presentaci\u00f3n de la comunicaci\u00f3n previa (si se cumplieron todos los requisitos exigidos), este tr\u00e1mite ya constituye t\u00edtulo habilitante para el inicio de las obras.<\/p>\n<p style=\"text-align: justify;\">En todo caso, el Ayuntamiento sigue estando autorizado para realizar todas las medidas de comprobaci\u00f3n, control e inspecci\u00f3n que considere oportunas.<\/p>\n<p style=\"text-align: justify;\"><strong><em>NORMATIVA REGULADORA<\/em><\/strong><\/p>\n<p style=\"text-align: justify;\">Existen dos ordenanzas municipales vigentes que regulan los pagos que deben realizarse como paso previo para la tramitaci\u00f3n de la comunicaci\u00f3n previa de obras:<\/p>\n<p style=\"text-align: justify;\"><img loading=\"lazy\" class=\"alignnone wp-image-581\" src=\"https:\/\/mugardos.gal\/wp-content\/uploads\/2020\/03\/pdf.png\" alt=\"\" width=\"40\" height=\"40\" \/>\u00a0<a href=\"https:\/\/mugardos.gal\/wp-content\/uploads\/2020\/03\/Ordenanza-Imposto-ICIO.pdf\">DESCARGAR PDF Ordenanza fiscal n\u00ba 4, reguladora del impuesto sobre construciones, instalaciones y obras (ICIO)<\/a><\/p>\n<p style=\"text-align: justify;\"><img loading=\"lazy\" class=\"alignnone wp-image-581\" src=\"https:\/\/mugardos.gal\/wp-content\/uploads\/2020\/03\/pdf.png\" alt=\"\" width=\"40\" height=\"40\" \/>\u00a0<a href=\"https:\/\/mugardos.gal\/wp-content\/uploads\/2020\/03\/Ordenanza-Tasa-documentos-y-tr\u00e1mites-administrativos.pdf\">DESCARGAR PDF Ordenanza fiscal n\u00ba 9, reguladora de la tasa por la expedici\u00f3n de documentos administrativos<\/a><\/p>\n<p>En el siguiente enlace al apartado de instancias y solicitudes de la web est\u00e1n disponibles todas las instancias del departamento de urbanismo:<\/p>\n<p><img loading=\"lazy\" class=\"alignnone wp-image-602\" src=\"https:\/\/mugardos.gal\/wp-content\/uploads\/2020\/03\/web.png\" alt=\"\" width=\"30\" height=\"30\" \/> <a href=\"https:\/\/mugardos.gal\/es\/instancias-y-solicitudes\/\">IR AL ENLACE Instancias y solicitudes municipales<\/a>[\/vc_column_text][\/vc_column][\/vc_row]\n","protected":false},"excerpt":{"rendered":"<p>[vc_row][vc_column][vc_separator color=\u00bbchino\u00bb style=\u00bbshadow\u00bb border_width=\u00bb4&#8243;][\/vc_column][\/vc_row][vc_row][vc_column width=\u00bb1\/4&#8243; offset=\u00bbvc_hidden-sm vc_hidden-xs\u00bb][vc_row_inner][vc_column_inner css=\u00bb.vc_custom_1590308597107{margin-top: px !important;}\u00bb][vc_single_image image=\u00bb3159&#8243; img_size=\u00bbmedium\u00bb alignment=\u00bbcenter\u00bb style=\u00bbvc_box_shadow_3d\u00bb onclick=\u00bbcustom_link\u00bb css_animation=\u00bbnone\u00bb css=\u00bb.vc_custom_1590308578298{margin-top: 0px !important;}\u00bb link=\u00bbhttps:\/\/mugardos.gal\/urbanismo\/contacto-co-departamento-de-urbanismo\/\u00bb][vc_single_image image=\u00bb3167&#8243; img_size=\u00bbmedium\u00bb alignment=\u00bbcenter\u00bb style=\u00bbvc_box_shadow_3d\u00bb onclick=\u00bbcustom_link\u00bb css=\u00bb.vc_custom_1590307555859{margin-top: -40px !important;}\u00bb link=\u00bbhttps:\/\/mugardos.gal\/urbanismo\/solicitude-de-prorroga-de-licenza-de-obras\/\u00bb][vc_single_image image=\u00bb3165&#8243; img_size=\u00bbmedium\u00bb alignment=\u00bbcenter\u00bb style=\u00bbvc_box_shadow_3d\u00bb onclick=\u00bbcustom_link\u00bb css=\u00bb.vc_custom_1590591848419{margin-top: -40px !important;}\u00bb link=\u00bbhttps:\/\/mugardos.gal\/urbanismo\/punto-informacion-catastral\/\u00bb][vc_single_image image=\u00bb3163&#8243; img_size=\u00bbmedium\u00bb alignment=\u00bbcenter\u00bb style=\u00bbvc_box_shadow_3d\u00bb onclick=\u00bbcustom_link\u00bb css=\u00bb.vc_custom_1590307602368{margin-top: -40px !important;}\u00bb link=\u00bbhttps:\/\/mugardos.gal\/urbanismo\/oficina-de-rehabilitacion-integral-zonas-ari\/\u00bb][vc_single_image image=\u00bb3161&#8243; img_size=\u00bbmedium\u00bb alignment=\u00bbcenter\u00bb style=\u00bbvc_box_shadow_3d\u00bb onclick=\u00bbcustom_link\u00bb css=\u00bb.vc_custom_1590307618069{margin-top: -40px !important;}\u00bb [&hellip;]<\/p>\n","protected":false},"author":4,"featured_media":0,"parent":717,"menu_order":0,"comment_status":"closed","ping_status":"closed","template":"","meta":[],"yoast_head":"<!-- This site is optimized with the Yoast SEO plugin v18.9 - https:\/\/yoast.com\/wordpress\/plugins\/seo\/ -->\n<title>COMUNICACI\u00d3N PREVIA DE OBRAS URBANISMO - Concello de Mugardos<\/title>\n<meta name=\"robots\" content=\"index, follow, max-snippet:-1, max-image-preview:large, max-video-preview:-1\" \/>\n<link rel=\"canonical\" href=\"https:\/\/mugardos.gal\/es\/urbanismo\/comunicacion-previa-de-obras-urbanismo\/\" \/>\n<meta property=\"og:locale\" content=\"es_ES\" \/>\n<meta property=\"og:type\" content=\"article\" \/>\n<meta property=\"og:title\" content=\"COMUNICACI\u00d3N PREVIA DE OBRAS URBANISMO - Concello de Mugardos\" \/>\n<meta property=\"og:description\" content=\"[vc_row][vc_column][vc_separator color=\u00bbchino\u00bb style=\u00bbshadow\u00bb border_width=\u00bb4&#8243;][\/vc_column][\/vc_row][vc_row][vc_column width=\u00bb1\/4&#8243; offset=\u00bbvc_hidden-sm vc_hidden-xs\u00bb][vc_row_inner][vc_column_inner css=\u00bb.vc_custom_1590308597107{margin-top: px !important;}\u00bb][vc_single_image image=\u00bb3159&#8243; img_size=\u00bbmedium\u00bb alignment=\u00bbcenter\u00bb style=\u00bbvc_box_shadow_3d\u00bb onclick=\u00bbcustom_link\u00bb css_animation=\u00bbnone\u00bb css=\u00bb.vc_custom_1590308578298{margin-top: 0px !important;}\u00bb link=\u00bbhttps:\/\/mugardos.gal\/urbanismo\/contacto-co-departamento-de-urbanismo\/\u00bb][vc_single_image image=\u00bb3167&#8243; img_size=\u00bbmedium\u00bb alignment=\u00bbcenter\u00bb style=\u00bbvc_box_shadow_3d\u00bb onclick=\u00bbcustom_link\u00bb css=\u00bb.vc_custom_1590307555859{margin-top: -40px !important;}\u00bb link=\u00bbhttps:\/\/mugardos.gal\/urbanismo\/solicitude-de-prorroga-de-licenza-de-obras\/\u00bb][vc_single_image image=\u00bb3165&#8243; img_size=\u00bbmedium\u00bb alignment=\u00bbcenter\u00bb style=\u00bbvc_box_shadow_3d\u00bb onclick=\u00bbcustom_link\u00bb css=\u00bb.vc_custom_1590591848419{margin-top: -40px !important;}\u00bb link=\u00bbhttps:\/\/mugardos.gal\/urbanismo\/punto-informacion-catastral\/\u00bb][vc_single_image image=\u00bb3163&#8243; img_size=\u00bbmedium\u00bb alignment=\u00bbcenter\u00bb style=\u00bbvc_box_shadow_3d\u00bb onclick=\u00bbcustom_link\u00bb css=\u00bb.vc_custom_1590307602368{margin-top: -40px !important;}\u00bb link=\u00bbhttps:\/\/mugardos.gal\/urbanismo\/oficina-de-rehabilitacion-integral-zonas-ari\/\u00bb][vc_single_image image=\u00bb3161&#8243; img_size=\u00bbmedium\u00bb alignment=\u00bbcenter\u00bb style=\u00bbvc_box_shadow_3d\u00bb onclick=\u00bbcustom_link\u00bb css=\u00bb.vc_custom_1590307618069{margin-top: -40px !important;}\u00bb [&hellip;]\" \/>\n<meta property=\"og:url\" content=\"https:\/\/mugardos.gal\/es\/urbanismo\/comunicacion-previa-de-obras-urbanismo\/\" \/>\n<meta property=\"og:site_name\" content=\"Concello de Mugardos\" \/>\n<meta property=\"article:modified_time\" content=\"2020-09-23T10:38:08+00:00\" \/>\n<meta property=\"og:image\" content=\"https:\/\/mugardos.gal\/wp-content\/uploads\/2020\/03\/pdf.png\" \/>\n<meta name=\"twitter:card\" content=\"summary_large_image\" \/>\n<meta name=\"twitter:label1\" content=\"Tiempo de lectura\" \/>\n\t<meta name=\"twitter:data1\" content=\"4 minutos\" \/>\n<script type=\"application\/ld+json\" class=\"yoast-schema-graph\">{\"@context\":\"https:\/\/schema.org\",\"@graph\":[{\"@type\":\"WebSite\",\"@id\":\"https:\/\/mugardos.gal\/#website\",\"url\":\"https:\/\/mugardos.gal\/\",\"name\":\"Concello de Mugardos\",\"description\":\"\",\"potentialAction\":[{\"@type\":\"SearchAction\",\"target\":{\"@type\":\"EntryPoint\",\"urlTemplate\":\"https:\/\/mugardos.gal\/?s={search_term_string}\"},\"query-input\":\"required name=search_term_string\"}],\"inLanguage\":\"es\"},{\"@type\":\"ImageObject\",\"inLanguage\":\"es\",\"@id\":\"https:\/\/mugardos.gal\/es\/urbanismo\/comunicacion-previa-de-obras-urbanismo\/#primaryimage\",\"url\":\"https:\/\/mugardos.gal\/wp-content\/uploads\/2020\/03\/pdf.png\",\"contentUrl\":\"https:\/\/mugardos.gal\/wp-content\/uploads\/2020\/03\/pdf.png\",\"width\":100,\"height\":100},{\"@type\":\"WebPage\",\"@id\":\"https:\/\/mugardos.gal\/es\/urbanismo\/comunicacion-previa-de-obras-urbanismo\/#webpage\",\"url\":\"https:\/\/mugardos.gal\/es\/urbanismo\/comunicacion-previa-de-obras-urbanismo\/\",\"name\":\"COMUNICACI\u00d3N PREVIA DE OBRAS URBANISMO - Concello de Mugardos\",\"isPartOf\":{\"@id\":\"https:\/\/mugardos.gal\/#website\"},\"primaryImageOfPage\":{\"@id\":\"https:\/\/mugardos.gal\/es\/urbanismo\/comunicacion-previa-de-obras-urbanismo\/#primaryimage\"},\"datePublished\":\"2020-05-27T14:57:12+00:00\",\"dateModified\":\"2020-09-23T10:38:08+00:00\",\"breadcrumb\":{\"@id\":\"https:\/\/mugardos.gal\/es\/urbanismo\/comunicacion-previa-de-obras-urbanismo\/#breadcrumb\"},\"inLanguage\":\"es\",\"potentialAction\":[{\"@type\":\"ReadAction\",\"target\":[\"https:\/\/mugardos.gal\/es\/urbanismo\/comunicacion-previa-de-obras-urbanismo\/\"]}]},{\"@type\":\"BreadcrumbList\",\"@id\":\"https:\/\/mugardos.gal\/es\/urbanismo\/comunicacion-previa-de-obras-urbanismo\/#breadcrumb\",\"itemListElement\":[{\"@type\":\"ListItem\",\"position\":1,\"name\":\"Portada\",\"item\":\"https:\/\/mugardos.gal\/es\/\"},{\"@type\":\"ListItem\",\"position\":2,\"name\":\"URBANISMO\",\"item\":\"https:\/\/mugardos.gal\/es\/urbanismo\/\"},{\"@type\":\"ListItem\",\"position\":3,\"name\":\"COMUNICACI\u00d3N PREVIA DE OBRAS URBANISMO\"}]}]}<\/script>\n<!-- \/ Yoast SEO plugin. -->","yoast_head_json":{"title":"COMUNICACI\u00d3N PREVIA DE OBRAS URBANISMO - Concello de Mugardos","robots":{"index":"index","follow":"follow","max-snippet":"max-snippet:-1","max-image-preview":"max-image-preview:large","max-video-preview":"max-video-preview:-1"},"canonical":"https:\/\/mugardos.gal\/es\/urbanismo\/comunicacion-previa-de-obras-urbanismo\/","og_locale":"es_ES","og_type":"article","og_title":"COMUNICACI\u00d3N PREVIA DE OBRAS URBANISMO - Concello de Mugardos","og_description":"[vc_row][vc_column][vc_separator color=\u00bbchino\u00bb style=\u00bbshadow\u00bb border_width=\u00bb4&#8243;][\/vc_column][\/vc_row][vc_row][vc_column width=\u00bb1\/4&#8243; offset=\u00bbvc_hidden-sm vc_hidden-xs\u00bb][vc_row_inner][vc_column_inner css=\u00bb.vc_custom_1590308597107{margin-top: px !important;}\u00bb][vc_single_image image=\u00bb3159&#8243; img_size=\u00bbmedium\u00bb alignment=\u00bbcenter\u00bb style=\u00bbvc_box_shadow_3d\u00bb onclick=\u00bbcustom_link\u00bb css_animation=\u00bbnone\u00bb css=\u00bb.vc_custom_1590308578298{margin-top: 0px !important;}\u00bb link=\u00bbhttps:\/\/mugardos.gal\/urbanismo\/contacto-co-departamento-de-urbanismo\/\u00bb][vc_single_image image=\u00bb3167&#8243; img_size=\u00bbmedium\u00bb alignment=\u00bbcenter\u00bb style=\u00bbvc_box_shadow_3d\u00bb onclick=\u00bbcustom_link\u00bb css=\u00bb.vc_custom_1590307555859{margin-top: -40px !important;}\u00bb link=\u00bbhttps:\/\/mugardos.gal\/urbanismo\/solicitude-de-prorroga-de-licenza-de-obras\/\u00bb][vc_single_image image=\u00bb3165&#8243; img_size=\u00bbmedium\u00bb alignment=\u00bbcenter\u00bb style=\u00bbvc_box_shadow_3d\u00bb onclick=\u00bbcustom_link\u00bb css=\u00bb.vc_custom_1590591848419{margin-top: -40px !important;}\u00bb link=\u00bbhttps:\/\/mugardos.gal\/urbanismo\/punto-informacion-catastral\/\u00bb][vc_single_image image=\u00bb3163&#8243; img_size=\u00bbmedium\u00bb alignment=\u00bbcenter\u00bb style=\u00bbvc_box_shadow_3d\u00bb onclick=\u00bbcustom_link\u00bb css=\u00bb.vc_custom_1590307602368{margin-top: -40px !important;}\u00bb link=\u00bbhttps:\/\/mugardos.gal\/urbanismo\/oficina-de-rehabilitacion-integral-zonas-ari\/\u00bb][vc_single_image image=\u00bb3161&#8243; img_size=\u00bbmedium\u00bb alignment=\u00bbcenter\u00bb style=\u00bbvc_box_shadow_3d\u00bb onclick=\u00bbcustom_link\u00bb css=\u00bb.vc_custom_1590307618069{margin-top: -40px !important;}\u00bb [&hellip;]","og_url":"https:\/\/mugardos.gal\/es\/urbanismo\/comunicacion-previa-de-obras-urbanismo\/","og_site_name":"Concello de Mugardos","article_modified_time":"2020-09-23T10:38:08+00:00","og_image":[{"url":"https:\/\/mugardos.gal\/wp-content\/uploads\/2020\/03\/pdf.png"}],"twitter_card":"summary_large_image","twitter_misc":{"Tiempo de lectura":"4 minutos"},"schema":{"@context":"https:\/\/schema.org","@graph":[{"@type":"WebSite","@id":"https:\/\/mugardos.gal\/#website","url":"https:\/\/mugardos.gal\/","name":"Concello de Mugardos","description":"","potentialAction":[{"@type":"SearchAction","target":{"@type":"EntryPoint","urlTemplate":"https:\/\/mugardos.gal\/?s={search_term_string}"},"query-input":"required name=search_term_string"}],"inLanguage":"es"},{"@type":"ImageObject","inLanguage":"es","@id":"https:\/\/mugardos.gal\/es\/urbanismo\/comunicacion-previa-de-obras-urbanismo\/#primaryimage","url":"https:\/\/mugardos.gal\/wp-content\/uploads\/2020\/03\/pdf.png","contentUrl":"https:\/\/mugardos.gal\/wp-content\/uploads\/2020\/03\/pdf.png","width":100,"height":100},{"@type":"WebPage","@id":"https:\/\/mugardos.gal\/es\/urbanismo\/comunicacion-previa-de-obras-urbanismo\/#webpage","url":"https:\/\/mugardos.gal\/es\/urbanismo\/comunicacion-previa-de-obras-urbanismo\/","name":"COMUNICACI\u00d3N PREVIA DE OBRAS URBANISMO - Concello de Mugardos","isPartOf":{"@id":"https:\/\/mugardos.gal\/#website"},"primaryImageOfPage":{"@id":"https:\/\/mugardos.gal\/es\/urbanismo\/comunicacion-previa-de-obras-urbanismo\/#primaryimage"},"datePublished":"2020-05-27T14:57:12+00:00","dateModified":"2020-09-23T10:38:08+00:00","breadcrumb":{"@id":"https:\/\/mugardos.gal\/es\/urbanismo\/comunicacion-previa-de-obras-urbanismo\/#breadcrumb"},"inLanguage":"es","potentialAction":[{"@type":"ReadAction","target":["https:\/\/mugardos.gal\/es\/urbanismo\/comunicacion-previa-de-obras-urbanismo\/"]}]},{"@type":"BreadcrumbList","@id":"https:\/\/mugardos.gal\/es\/urbanismo\/comunicacion-previa-de-obras-urbanismo\/#breadcrumb","itemListElement":[{"@type":"ListItem","position":1,"name":"Portada","item":"https:\/\/mugardos.gal\/es\/"},{"@type":"ListItem","position":2,"name":"URBANISMO","item":"https:\/\/mugardos.gal\/es\/urbanismo\/"},{"@type":"ListItem","position":3,"name":"COMUNICACI\u00d3N PREVIA DE OBRAS URBANISMO"}]}]}},"_links":{"self":[{"href":"https:\/\/mugardos.gal\/es\/wp-json\/wp\/v2\/pages\/4873"}],"collection":[{"href":"https:\/\/mugardos.gal\/es\/wp-json\/wp\/v2\/pages"}],"about":[{"href":"https:\/\/mugardos.gal\/es\/wp-json\/wp\/v2\/types\/page"}],"author":[{"embeddable":true,"href":"https:\/\/mugardos.gal\/es\/wp-json\/wp\/v2\/users\/4"}],"replies":[{"embeddable":true,"href":"https:\/\/mugardos.gal\/es\/wp-json\/wp\/v2\/comments?post=4873"}],"version-history":[{"count":0,"href":"https:\/\/mugardos.gal\/es\/wp-json\/wp\/v2\/pages\/4873\/revisions"}],"up":[{"embeddable":true,"href":"https:\/\/mugardos.gal\/es\/wp-json\/wp\/v2\/pages\/717"}],"wp:attachment":[{"href":"https:\/\/mugardos.gal\/es\/wp-json\/wp\/v2\/media?parent=4873"}],"curies":[{"name":"wp","href":"https:\/\/api.w.org\/{rel}","templated":true}]}}