{"id":4870,"date":"2020-05-27T16:55:52","date_gmt":"2020-05-27T14:55:52","guid":{"rendered":"https:\/\/mugardos.gal\/bienestar-social\/exenciones-y-bonificaciones-en-las-tasas-de-agua-basura-alcantarillado-y-edar\/"},"modified":"2021-01-12T10:08:37","modified_gmt":"2021-01-12T08:08:37","slug":"exenciones-y-bonificaciones-en-las-tasas-de-agua-basura-alcantarillado-y-edar","status":"publish","type":"page","link":"https:\/\/mugardos.gal\/es\/bienestar-social\/exenciones-y-bonificaciones-en-las-tasas-de-agua-basura-alcantarillado-y-edar\/","title":{"rendered":"EXENCIONES Y BONIFICACIONES EN LAS TASAS DE AGUA, BASURA, ALCANTARILLADO Y EDAR"},"content":{"rendered":"<p>[vc_row][vc_column][vc_separator color=\u00bbchino\u00bb style=\u00bbshadow\u00bb border_width=\u00bb4&#8243;][\/vc_column][\/vc_row][vc_row][vc_column width=\u00bb1\/4&#8243; offset=\u00bbvc_hidden-sm vc_hidden-xs\u00bb][vc_row_inner][vc_column_inner][vc_single_image image=\u00bb3093&#8243; img_size=\u00bbmedium\u00bb alignment=\u00bbcenter\u00bb style=\u00bbvc_box_shadow_3d\u00bb onclick=\u00bbcustom_link\u00bb css_animation=\u00bbnone\u00bb css=\u00bb.vc_custom_1590268075778{margin-top: px !important;}\u00bb link=\u00bbhttps:\/\/mugardos.gal\/benestar-social\/contacto-co-departamento-de-benestar-social\/\u00bb][vc_single_image image=\u00bb3087&#8243; img_size=\u00bbmedium\u00bb alignment=\u00bbcenter\u00bb style=\u00bbvc_box_shadow_3d\u00bb onclick=\u00bbcustom_link\u00bb css=\u00bb.vc_custom_1590242502164{margin-top: -40px !important;}\u00bb link=\u00bbhttps:\/\/mugardos.gal\/benestar-social\/axudas-de-ensino-e-transporte\/\u00bb][vc_single_image image=\u00bb3099&#8243; img_size=\u00bbmedium\u00bb alignment=\u00bbcenter\u00bb style=\u00bbvc_box_shadow_3d\u00bb onclick=\u00bbcustom_link\u00bb css=\u00bb.vc_custom_1590242517305{margin-top: -40px !important;}\u00bb link=\u00bbhttps:\/\/mugardos.gal\/benestar-social\/exencions-e-bonificacions-nas-taxas-de-auga-lixo-e-sumidoiros\/\u00bb][vc_single_image image=\u00bb3405&#8243; img_size=\u00bbmedium\u00bb alignment=\u00bbcenter\u00bb style=\u00bbvc_box_shadow_3d\u00bb onclick=\u00bbcustom_link\u00bb css=\u00bb.vc_custom_1590568257097{margin-top: -40px !important;}\u00bb link=\u00bbhttps:\/\/mugardos.gal\/benestar-social\/escola-infantil-municipal-lagoas\/\u00bb][vc_single_image image=\u00bb3097&#8243; img_size=\u00bbmedium\u00bb alignment=\u00bbcenter\u00bb style=\u00bbvc_box_shadow_3d\u00bb onclick=\u00bbcustom_link\u00bb css=\u00bb.vc_custom_1590242564534{margin-top: -40px !important;}\u00bb link=\u00bbhttps:\/\/mugardos.gal\/benestar-social\/espazo-infantil-xogo-ludoteca\/\u00bb][vc_single_image image=\u00bb3091&#8243; img_size=\u00bbmedium\u00bb alignment=\u00bbcenter\u00bb style=\u00bbvc_box_shadow_3d\u00bb onclick=\u00bbcustom_link\u00bb css=\u00bb.vc_custom_1590242585651{margin-top: -40px !important;}\u00bb link=\u00bbhttps:\/\/mugardos.gal\/benestar-social\/comedores-escolares-municipais-bienestar\/\u00bb][vc_single_image image=\u00bb3141&#8243; img_size=\u00bbmedium\u00bb alignment=\u00bbcenter\u00bb style=\u00bbvc_box_shadow_3d\u00bb onclick=\u00bbcustom_link\u00bb css=\u00bb.vc_custom_1590306563124{margin-top: -40px !important;}\u00bb link=\u00bbhttps:\/\/mugardos.gal\/benestar-social\/transporte-metropolitano\/\u00bb][vc_single_image image=\u00bb3089&#8243; img_size=\u00bbmedium\u00bb alignment=\u00bbcenter\u00bb style=\u00bbvc_box_shadow_3d\u00bb onclick=\u00bbcustom_link\u00bb css=\u00bb.vc_custom_1590242660183{margin-top: -40px !important;}\u00bb link=\u00bbhttps:\/\/mugardos.gal\/buzon-de-suxestions\/\u00bb][vc_column_text]\n<!-- PRESSVILLE EVENTS : begin -->\n<section class=\"lsvr-pressville-post-grid lsvr-pressville-post-grid--events lsvr-pressville-post-grid--layout-title-top lsvr-pressville-post-grid--dark-bg\"\n    >\n    <div class=\"lsvr-pressville-post-grid__inner\">\n        <div class=\"lsvr-container\">\n            <div class=\"lsvr-pressville-post-grid__content\">\n\n                \n                    <p class=\"c-alert-message\">No hay eventos<\/p>\n\n                \n            <\/div>\n        <\/div>\n    <\/div>\n<\/section>\n<!-- PRESSVILLE EVENTS : end -->\n\n[\/vc_column_text][\/vc_column_inner][\/vc_row_inner][\/vc_column][vc_column width=\u00bb3\/4&#8243;][vc_column_text]\n<p style=\"text-align: justify;\">El Ayuntamiento de Mugardos tiene una amplia red de protecci\u00f3n social para la ciudadan\u00eda, tambi\u00e9n en lo que se refiere a la pol\u00edtica fiscal.<\/p>\n<p style=\"text-align: justify;\">En concreto, uno de los tr\u00e1mites de exenciones y bonificaciones de tributos m\u00e1s solicitados es el que permite la exenci\u00f3n en las tasas de agua, basura, alcantarillado y de la prestaci\u00f3n del servicio de colectores y estaciones de bombeo de las aguas residuales vertidas a la red de saneamiento municipal.<\/p>\n<p style=\"text-align: justify;\">Esta reducci\u00f3n est\u00e1 relacionada con los ingresos econ\u00f3micos medios mensuales de la unidad familiar, que no deber\u00e1n superar el 125% del IPREM para estar exentos. La tramitaci\u00f3n se realiza desde los servicios sociales municipales, y la convocatoria es anual (plazos abiertos entre enero y febrero de cada a\u00f1o)<\/p>\n<p style=\"text-align: justify;\"><strong><em>INSTANCIAS<\/em><\/strong><\/p>\n<p style=\"text-align: justify;\"><img loading=\"lazy\" class=\"alignnone wp-image-582\" src=\"https:\/\/mugardos.gal\/wp-content\/uploads\/2020\/03\/pdf.png\" alt=\"\" width=\"40\" height=\"40\" \/><a href=\"https:\/\/mugardos.gal\/wp-content\/uploads\/2021\/01\/Instancia-solicitude-exencions-auga-2021.pdf\">DESCARGAR PDF Solicitud exenci\u00f3n y bonificaci\u00f3n de las tasas de agua, basura, alcantarillado y EDAR 2021<\/a><\/p>\n<p style=\"text-align: justify;\"><strong><em>TRAMITACI\u00d3N Y <\/em><\/strong><b><i>REGISTRO<\/i><\/b><\/p>\n<p style=\"text-align: justify;\">Una vez cumplimentada la solicitud y adjuntada toda la documentaci\u00f3n requerida, se deber\u00e1 entregar la solicitud en el registro general municipal, lo que dar\u00e1 inicio a la tramitaci\u00f3n:<\/p>\n<ul style=\"text-align: justify;\">\n<li><strong>Registro General de entrada: en las oficinas municipales<\/strong><\/li>\n<\/ul>\n<p style=\"padding-left: 40px; text-align: justify;\"><img loading=\"lazy\" class=\"alignnone wp-image-597\" src=\"https:\/\/mugardos.gal\/wp-content\/uploads\/2020\/03\/direcci\u00f3n.png\" alt=\"\" width=\"30\" height=\"30\" \/> Direcci\u00f3n: Avenida de Galicia n\u00ba 45, bajo<\/p>\n<p style=\"padding-left: 40px; text-align: justify;\"><img loading=\"lazy\" class=\"alignnone wp-image-610\" src=\"https:\/\/mugardos.gal\/wp-content\/uploads\/2020\/03\/hora.png\" alt=\"\" width=\"30\" height=\"30\" \/> Horario de atenci\u00f3n: de lunes a viernes de 9.00 a 14.00 horas<\/p>\n<ul style=\"text-align: justify;\">\n<li><b>Sede electr\u00f3nica municipal: requiere identificaci\u00f3n\u00a0digital<\/b> (DNIe\/Certificado digital \u2013 Cl@ve PIN &#8211; Cl@ve permanente)<\/li>\n<\/ul>\n<p style=\"padding-left: 40px; text-align: justify;\"><img loading=\"lazy\" class=\"alignnone wp-image-603\" src=\"https:\/\/mugardos.gal\/wp-content\/uploads\/2020\/03\/web.png\" alt=\"\" width=\"30\" height=\"30\" \/><a href=\"https:\/\/sede.concellodemugardos.gal\/opencms\/gl\/\"> IR AL ENLACE Acceder a la Sede electr\u00f3nica del Ayuntamiento de Mugardos<\/a><\/p>\n<p style=\"text-align: justify;\"><strong><em>NORMATIVA REGULADORA<\/em><\/strong><\/p>\n<p style=\"text-align: justify;\">La normativa que regula las exenciones de estas tasas se encuentra recogida en cada una de las ordenanzas reguladoras de los servicios afectados por la tramitaci\u00f3n (agua, basura, alcantarillado y EDAR):<\/p>\n<p style=\"text-align: justify;\"><img loading=\"lazy\" class=\"alignnone wp-image-582\" src=\"https:\/\/mugardos.gal\/wp-content\/uploads\/2020\/03\/pdf.png\" alt=\"\" width=\"40\" height=\"40\" \/> <a href=\"https:\/\/mugardos.gal\/wp-content\/uploads\/2020\/03\/Ordenanza-tasa-lixo.pdf\">DESCARGAR PDF Ordenanza fiscal n\u00ba 6, reguladora de la tasa por el servicio de recogida de basura<\/a><\/p>\n<p style=\"text-align: justify;\"><img loading=\"lazy\" class=\"alignnone wp-image-582\" src=\"https:\/\/mugardos.gal\/wp-content\/uploads\/2020\/03\/pdf.png\" alt=\"\" width=\"40\" height=\"40\" \/> <a href=\"https:\/\/mugardos.gal\/wp-content\/uploads\/2020\/03\/Ordenanza-tasa-auga.pdf\">DESCARGAR PDF Ordenanza fiscal n\u00ba 7, reguladora de la tasa por el suministro de agua<\/a><\/p>\n<p style=\"text-align: justify;\"><img loading=\"lazy\" class=\"alignnone wp-image-582\" src=\"https:\/\/mugardos.gal\/wp-content\/uploads\/2020\/03\/pdf.png\" alt=\"\" width=\"40\" height=\"40\" \/> <a href=\"https:\/\/mugardos.gal\/wp-content\/uploads\/2020\/03\/Ordenanza-tasa-sumidoiros.pdf\">DESCARGAR PDF Ordenanza fiscal n\u00ba 8, reguladora de la tasa por el servicio de alcantarillado<\/a><\/p>\n<p style=\"text-align: justify;\"><img loading=\"lazy\" class=\"alignnone wp-image-582\" src=\"https:\/\/mugardos.gal\/wp-content\/uploads\/2020\/03\/pdf.png\" alt=\"\" width=\"40\" height=\"40\" \/> <a href=\"https:\/\/mugardos.gal\/wp-content\/uploads\/2020\/03\/Ordenanza-tasa-saneamento.pdf\">DESCARGAR PDF Ordenanza fiscal n\u00ba 29, reguladora de la tasa por la prestaci\u00f3n del servicio de colectores y estaciones de bombeo de las aguas residuales vertidas a la red de saneamiento municipal en alta de la zona norte de la r\u00eda de Ares y sur de la r\u00eda de Ferrol<\/a><\/p>\n<p>[\/vc_column_text][\/vc_column][\/vc_row]\n","protected":false},"excerpt":{"rendered":"<p>[vc_row][vc_column][vc_separator color=\u00bbchino\u00bb style=\u00bbshadow\u00bb border_width=\u00bb4&#8243;][\/vc_column][\/vc_row][vc_row][vc_column width=\u00bb1\/4&#8243; offset=\u00bbvc_hidden-sm vc_hidden-xs\u00bb][vc_row_inner][vc_column_inner][vc_single_image image=\u00bb3093&#8243; img_size=\u00bbmedium\u00bb alignment=\u00bbcenter\u00bb style=\u00bbvc_box_shadow_3d\u00bb onclick=\u00bbcustom_link\u00bb css_animation=\u00bbnone\u00bb css=\u00bb.vc_custom_1590268075778{margin-top: px !important;}\u00bb link=\u00bbhttps:\/\/mugardos.gal\/benestar-social\/contacto-co-departamento-de-benestar-social\/\u00bb][vc_single_image image=\u00bb3087&#8243; img_size=\u00bbmedium\u00bb alignment=\u00bbcenter\u00bb style=\u00bbvc_box_shadow_3d\u00bb onclick=\u00bbcustom_link\u00bb css=\u00bb.vc_custom_1590242502164{margin-top: -40px !important;}\u00bb link=\u00bbhttps:\/\/mugardos.gal\/benestar-social\/axudas-de-ensino-e-transporte\/\u00bb][vc_single_image image=\u00bb3099&#8243; img_size=\u00bbmedium\u00bb alignment=\u00bbcenter\u00bb style=\u00bbvc_box_shadow_3d\u00bb onclick=\u00bbcustom_link\u00bb css=\u00bb.vc_custom_1590242517305{margin-top: -40px !important;}\u00bb link=\u00bbhttps:\/\/mugardos.gal\/benestar-social\/exencions-e-bonificacions-nas-taxas-de-auga-lixo-e-sumidoiros\/\u00bb][vc_single_image image=\u00bb3405&#8243; img_size=\u00bbmedium\u00bb alignment=\u00bbcenter\u00bb style=\u00bbvc_box_shadow_3d\u00bb onclick=\u00bbcustom_link\u00bb css=\u00bb.vc_custom_1590568257097{margin-top: -40px !important;}\u00bb link=\u00bbhttps:\/\/mugardos.gal\/benestar-social\/escola-infantil-municipal-lagoas\/\u00bb][vc_single_image image=\u00bb3097&#8243; img_size=\u00bbmedium\u00bb alignment=\u00bbcenter\u00bb style=\u00bbvc_box_shadow_3d\u00bb onclick=\u00bbcustom_link\u00bb css=\u00bb.vc_custom_1590242564534{margin-top: -40px !important;}\u00bb link=\u00bbhttps:\/\/mugardos.gal\/benestar-social\/espazo-infantil-xogo-ludoteca\/\u00bb][vc_single_image image=\u00bb3091&#8243; img_size=\u00bbmedium\u00bb [&hellip;]<\/p>\n","protected":false},"author":4,"featured_media":0,"parent":715,"menu_order":0,"comment_status":"closed","ping_status":"closed","template":"","meta":[],"yoast_head":"<!-- This site is optimized with the Yoast SEO plugin v18.9 - https:\/\/yoast.com\/wordpress\/plugins\/seo\/ -->\n<title>EXENCIONES Y BONIFICACIONES EN LAS TASAS DE AGUA, BASURA, ALCANTARILLADO Y EDAR - Concello de Mugardos<\/title>\n<meta name=\"robots\" content=\"index, follow, max-snippet:-1, max-image-preview:large, max-video-preview:-1\" \/>\n<link rel=\"canonical\" href=\"https:\/\/mugardos.gal\/es\/bienestar-social\/exenciones-y-bonificaciones-en-las-tasas-de-agua-basura-alcantarillado-y-edar\/\" \/>\n<meta property=\"og:locale\" content=\"es_ES\" \/>\n<meta property=\"og:type\" content=\"article\" \/>\n<meta property=\"og:title\" content=\"EXENCIONES Y BONIFICACIONES EN LAS TASAS DE AGUA, BASURA, ALCANTARILLADO Y EDAR - Concello de Mugardos\" \/>\n<meta property=\"og:description\" content=\"[vc_row][vc_column][vc_separator color=\u00bbchino\u00bb style=\u00bbshadow\u00bb border_width=\u00bb4&#8243;][\/vc_column][\/vc_row][vc_row][vc_column width=\u00bb1\/4&#8243; offset=\u00bbvc_hidden-sm vc_hidden-xs\u00bb][vc_row_inner][vc_column_inner][vc_single_image image=\u00bb3093&#8243; img_size=\u00bbmedium\u00bb alignment=\u00bbcenter\u00bb style=\u00bbvc_box_shadow_3d\u00bb onclick=\u00bbcustom_link\u00bb css_animation=\u00bbnone\u00bb css=\u00bb.vc_custom_1590268075778{margin-top: px !important;}\u00bb link=\u00bbhttps:\/\/mugardos.gal\/benestar-social\/contacto-co-departamento-de-benestar-social\/\u00bb][vc_single_image image=\u00bb3087&#8243; img_size=\u00bbmedium\u00bb alignment=\u00bbcenter\u00bb style=\u00bbvc_box_shadow_3d\u00bb onclick=\u00bbcustom_link\u00bb css=\u00bb.vc_custom_1590242502164{margin-top: -40px !important;}\u00bb link=\u00bbhttps:\/\/mugardos.gal\/benestar-social\/axudas-de-ensino-e-transporte\/\u00bb][vc_single_image image=\u00bb3099&#8243; img_size=\u00bbmedium\u00bb alignment=\u00bbcenter\u00bb style=\u00bbvc_box_shadow_3d\u00bb onclick=\u00bbcustom_link\u00bb css=\u00bb.vc_custom_1590242517305{margin-top: -40px !important;}\u00bb link=\u00bbhttps:\/\/mugardos.gal\/benestar-social\/exencions-e-bonificacions-nas-taxas-de-auga-lixo-e-sumidoiros\/\u00bb][vc_single_image image=\u00bb3405&#8243; img_size=\u00bbmedium\u00bb alignment=\u00bbcenter\u00bb style=\u00bbvc_box_shadow_3d\u00bb onclick=\u00bbcustom_link\u00bb css=\u00bb.vc_custom_1590568257097{margin-top: -40px !important;}\u00bb link=\u00bbhttps:\/\/mugardos.gal\/benestar-social\/escola-infantil-municipal-lagoas\/\u00bb][vc_single_image image=\u00bb3097&#8243; img_size=\u00bbmedium\u00bb alignment=\u00bbcenter\u00bb style=\u00bbvc_box_shadow_3d\u00bb onclick=\u00bbcustom_link\u00bb css=\u00bb.vc_custom_1590242564534{margin-top: -40px !important;}\u00bb link=\u00bbhttps:\/\/mugardos.gal\/benestar-social\/espazo-infantil-xogo-ludoteca\/\u00bb][vc_single_image image=\u00bb3091&#8243; img_size=\u00bbmedium\u00bb [&hellip;]\" \/>\n<meta property=\"og:url\" content=\"https:\/\/mugardos.gal\/es\/bienestar-social\/exenciones-y-bonificaciones-en-las-tasas-de-agua-basura-alcantarillado-y-edar\/\" \/>\n<meta property=\"og:site_name\" content=\"Concello de Mugardos\" \/>\n<meta property=\"article:modified_time\" content=\"2021-01-12T08:08:37+00:00\" \/>\n<meta property=\"og:image\" content=\"https:\/\/mugardos.gal\/wp-content\/uploads\/2020\/03\/pdf.png\" \/>\n<meta name=\"twitter:card\" content=\"summary_large_image\" \/>\n<meta name=\"twitter:label1\" content=\"Tiempo de lectura\" \/>\n\t<meta name=\"twitter:data1\" content=\"3 minutos\" \/>\n<script type=\"application\/ld+json\" class=\"yoast-schema-graph\">{\"@context\":\"https:\/\/schema.org\",\"@graph\":[{\"@type\":\"WebSite\",\"@id\":\"https:\/\/mugardos.gal\/#website\",\"url\":\"https:\/\/mugardos.gal\/\",\"name\":\"Concello de Mugardos\",\"description\":\"\",\"potentialAction\":[{\"@type\":\"SearchAction\",\"target\":{\"@type\":\"EntryPoint\",\"urlTemplate\":\"https:\/\/mugardos.gal\/?s={search_term_string}\"},\"query-input\":\"required name=search_term_string\"}],\"inLanguage\":\"es\"},{\"@type\":\"ImageObject\",\"inLanguage\":\"es\",\"@id\":\"https:\/\/mugardos.gal\/es\/bienestar-social\/exenciones-y-bonificaciones-en-las-tasas-de-agua-basura-alcantarillado-y-edar\/#primaryimage\",\"url\":\"https:\/\/mugardos.gal\/wp-content\/uploads\/2020\/03\/pdf.png\",\"contentUrl\":\"https:\/\/mugardos.gal\/wp-content\/uploads\/2020\/03\/pdf.png\",\"width\":100,\"height\":100},{\"@type\":\"WebPage\",\"@id\":\"https:\/\/mugardos.gal\/es\/bienestar-social\/exenciones-y-bonificaciones-en-las-tasas-de-agua-basura-alcantarillado-y-edar\/#webpage\",\"url\":\"https:\/\/mugardos.gal\/es\/bienestar-social\/exenciones-y-bonificaciones-en-las-tasas-de-agua-basura-alcantarillado-y-edar\/\",\"name\":\"EXENCIONES Y BONIFICACIONES EN LAS TASAS DE AGUA, BASURA, ALCANTARILLADO Y EDAR - Concello de Mugardos\",\"isPartOf\":{\"@id\":\"https:\/\/mugardos.gal\/#website\"},\"primaryImageOfPage\":{\"@id\":\"https:\/\/mugardos.gal\/es\/bienestar-social\/exenciones-y-bonificaciones-en-las-tasas-de-agua-basura-alcantarillado-y-edar\/#primaryimage\"},\"datePublished\":\"2020-05-27T14:55:52+00:00\",\"dateModified\":\"2021-01-12T08:08:37+00:00\",\"breadcrumb\":{\"@id\":\"https:\/\/mugardos.gal\/es\/bienestar-social\/exenciones-y-bonificaciones-en-las-tasas-de-agua-basura-alcantarillado-y-edar\/#breadcrumb\"},\"inLanguage\":\"es\",\"potentialAction\":[{\"@type\":\"ReadAction\",\"target\":[\"https:\/\/mugardos.gal\/es\/bienestar-social\/exenciones-y-bonificaciones-en-las-tasas-de-agua-basura-alcantarillado-y-edar\/\"]}]},{\"@type\":\"BreadcrumbList\",\"@id\":\"https:\/\/mugardos.gal\/es\/bienestar-social\/exenciones-y-bonificaciones-en-las-tasas-de-agua-basura-alcantarillado-y-edar\/#breadcrumb\",\"itemListElement\":[{\"@type\":\"ListItem\",\"position\":1,\"name\":\"Portada\",\"item\":\"https:\/\/mugardos.gal\/es\/\"},{\"@type\":\"ListItem\",\"position\":2,\"name\":\"BIENESTAR SOCIAL\",\"item\":\"https:\/\/mugardos.gal\/es\/bienestar-social\/\"},{\"@type\":\"ListItem\",\"position\":3,\"name\":\"EXENCIONES Y BONIFICACIONES EN LAS TASAS DE AGUA, BASURA, ALCANTARILLADO Y EDAR\"}]}]}<\/script>\n<!-- \/ Yoast SEO plugin. -->","yoast_head_json":{"title":"EXENCIONES Y BONIFICACIONES EN LAS TASAS DE AGUA, BASURA, ALCANTARILLADO Y EDAR - Concello de Mugardos","robots":{"index":"index","follow":"follow","max-snippet":"max-snippet:-1","max-image-preview":"max-image-preview:large","max-video-preview":"max-video-preview:-1"},"canonical":"https:\/\/mugardos.gal\/es\/bienestar-social\/exenciones-y-bonificaciones-en-las-tasas-de-agua-basura-alcantarillado-y-edar\/","og_locale":"es_ES","og_type":"article","og_title":"EXENCIONES Y BONIFICACIONES EN LAS TASAS DE AGUA, BASURA, ALCANTARILLADO Y EDAR - Concello de Mugardos","og_description":"[vc_row][vc_column][vc_separator color=\u00bbchino\u00bb style=\u00bbshadow\u00bb border_width=\u00bb4&#8243;][\/vc_column][\/vc_row][vc_row][vc_column width=\u00bb1\/4&#8243; offset=\u00bbvc_hidden-sm vc_hidden-xs\u00bb][vc_row_inner][vc_column_inner][vc_single_image image=\u00bb3093&#8243; img_size=\u00bbmedium\u00bb alignment=\u00bbcenter\u00bb style=\u00bbvc_box_shadow_3d\u00bb onclick=\u00bbcustom_link\u00bb css_animation=\u00bbnone\u00bb css=\u00bb.vc_custom_1590268075778{margin-top: px !important;}\u00bb link=\u00bbhttps:\/\/mugardos.gal\/benestar-social\/contacto-co-departamento-de-benestar-social\/\u00bb][vc_single_image image=\u00bb3087&#8243; img_size=\u00bbmedium\u00bb alignment=\u00bbcenter\u00bb style=\u00bbvc_box_shadow_3d\u00bb onclick=\u00bbcustom_link\u00bb css=\u00bb.vc_custom_1590242502164{margin-top: -40px !important;}\u00bb link=\u00bbhttps:\/\/mugardos.gal\/benestar-social\/axudas-de-ensino-e-transporte\/\u00bb][vc_single_image image=\u00bb3099&#8243; img_size=\u00bbmedium\u00bb alignment=\u00bbcenter\u00bb style=\u00bbvc_box_shadow_3d\u00bb onclick=\u00bbcustom_link\u00bb css=\u00bb.vc_custom_1590242517305{margin-top: -40px !important;}\u00bb link=\u00bbhttps:\/\/mugardos.gal\/benestar-social\/exencions-e-bonificacions-nas-taxas-de-auga-lixo-e-sumidoiros\/\u00bb][vc_single_image image=\u00bb3405&#8243; img_size=\u00bbmedium\u00bb alignment=\u00bbcenter\u00bb style=\u00bbvc_box_shadow_3d\u00bb onclick=\u00bbcustom_link\u00bb css=\u00bb.vc_custom_1590568257097{margin-top: -40px !important;}\u00bb link=\u00bbhttps:\/\/mugardos.gal\/benestar-social\/escola-infantil-municipal-lagoas\/\u00bb][vc_single_image image=\u00bb3097&#8243; img_size=\u00bbmedium\u00bb alignment=\u00bbcenter\u00bb style=\u00bbvc_box_shadow_3d\u00bb onclick=\u00bbcustom_link\u00bb css=\u00bb.vc_custom_1590242564534{margin-top: -40px !important;}\u00bb link=\u00bbhttps:\/\/mugardos.gal\/benestar-social\/espazo-infantil-xogo-ludoteca\/\u00bb][vc_single_image image=\u00bb3091&#8243; img_size=\u00bbmedium\u00bb [&hellip;]","og_url":"https:\/\/mugardos.gal\/es\/bienestar-social\/exenciones-y-bonificaciones-en-las-tasas-de-agua-basura-alcantarillado-y-edar\/","og_site_name":"Concello de Mugardos","article_modified_time":"2021-01-12T08:08:37+00:00","og_image":[{"url":"https:\/\/mugardos.gal\/wp-content\/uploads\/2020\/03\/pdf.png"}],"twitter_card":"summary_large_image","twitter_misc":{"Tiempo de lectura":"3 minutos"},"schema":{"@context":"https:\/\/schema.org","@graph":[{"@type":"WebSite","@id":"https:\/\/mugardos.gal\/#website","url":"https:\/\/mugardos.gal\/","name":"Concello de Mugardos","description":"","potentialAction":[{"@type":"SearchAction","target":{"@type":"EntryPoint","urlTemplate":"https:\/\/mugardos.gal\/?s={search_term_string}"},"query-input":"required name=search_term_string"}],"inLanguage":"es"},{"@type":"ImageObject","inLanguage":"es","@id":"https:\/\/mugardos.gal\/es\/bienestar-social\/exenciones-y-bonificaciones-en-las-tasas-de-agua-basura-alcantarillado-y-edar\/#primaryimage","url":"https:\/\/mugardos.gal\/wp-content\/uploads\/2020\/03\/pdf.png","contentUrl":"https:\/\/mugardos.gal\/wp-content\/uploads\/2020\/03\/pdf.png","width":100,"height":100},{"@type":"WebPage","@id":"https:\/\/mugardos.gal\/es\/bienestar-social\/exenciones-y-bonificaciones-en-las-tasas-de-agua-basura-alcantarillado-y-edar\/#webpage","url":"https:\/\/mugardos.gal\/es\/bienestar-social\/exenciones-y-bonificaciones-en-las-tasas-de-agua-basura-alcantarillado-y-edar\/","name":"EXENCIONES Y BONIFICACIONES EN LAS TASAS DE AGUA, BASURA, ALCANTARILLADO Y EDAR - Concello de Mugardos","isPartOf":{"@id":"https:\/\/mugardos.gal\/#website"},"primaryImageOfPage":{"@id":"https:\/\/mugardos.gal\/es\/bienestar-social\/exenciones-y-bonificaciones-en-las-tasas-de-agua-basura-alcantarillado-y-edar\/#primaryimage"},"datePublished":"2020-05-27T14:55:52+00:00","dateModified":"2021-01-12T08:08:37+00:00","breadcrumb":{"@id":"https:\/\/mugardos.gal\/es\/bienestar-social\/exenciones-y-bonificaciones-en-las-tasas-de-agua-basura-alcantarillado-y-edar\/#breadcrumb"},"inLanguage":"es","potentialAction":[{"@type":"ReadAction","target":["https:\/\/mugardos.gal\/es\/bienestar-social\/exenciones-y-bonificaciones-en-las-tasas-de-agua-basura-alcantarillado-y-edar\/"]}]},{"@type":"BreadcrumbList","@id":"https:\/\/mugardos.gal\/es\/bienestar-social\/exenciones-y-bonificaciones-en-las-tasas-de-agua-basura-alcantarillado-y-edar\/#breadcrumb","itemListElement":[{"@type":"ListItem","position":1,"name":"Portada","item":"https:\/\/mugardos.gal\/es\/"},{"@type":"ListItem","position":2,"name":"BIENESTAR SOCIAL","item":"https:\/\/mugardos.gal\/es\/bienestar-social\/"},{"@type":"ListItem","position":3,"name":"EXENCIONES Y BONIFICACIONES EN LAS TASAS DE AGUA, BASURA, ALCANTARILLADO Y EDAR"}]}]}},"_links":{"self":[{"href":"https:\/\/mugardos.gal\/es\/wp-json\/wp\/v2\/pages\/4870"}],"collection":[{"href":"https:\/\/mugardos.gal\/es\/wp-json\/wp\/v2\/pages"}],"about":[{"href":"https:\/\/mugardos.gal\/es\/wp-json\/wp\/v2\/types\/page"}],"author":[{"embeddable":true,"href":"https:\/\/mugardos.gal\/es\/wp-json\/wp\/v2\/users\/4"}],"replies":[{"embeddable":true,"href":"https:\/\/mugardos.gal\/es\/wp-json\/wp\/v2\/comments?post=4870"}],"version-history":[{"count":0,"href":"https:\/\/mugardos.gal\/es\/wp-json\/wp\/v2\/pages\/4870\/revisions"}],"up":[{"embeddable":true,"href":"https:\/\/mugardos.gal\/es\/wp-json\/wp\/v2\/pages\/715"}],"wp:attachment":[{"href":"https:\/\/mugardos.gal\/es\/wp-json\/wp\/v2\/media?parent=4870"}],"curies":[{"name":"wp","href":"https:\/\/api.w.org\/{rel}","templated":true}]}}