{"id":4854,"date":"2020-05-27T16:10:43","date_gmt":"2020-05-27T14:10:43","guid":{"rendered":"https:\/\/mugardos.gal\/bienestar-social\/comedores-escolares-municipales\/"},"modified":"2025-10-16T14:02:21","modified_gmt":"2025-10-16T12:02:21","slug":"comedores-escolares-municipales","status":"publish","type":"page","link":"https:\/\/mugardos.gal\/es\/bienestar-social\/comedores-escolares-municipales\/","title":{"rendered":"COMEDORES ESCOLARES MUNICIPALES"},"content":{"rendered":"<p>[vc_row][vc_column][vc_separator color=\u00bbchino\u00bb style=\u00bbshadow\u00bb border_width=\u00bb4&#8243;][\/vc_column][\/vc_row][vc_row][vc_column width=\u00bb1\/4&#8243; offset=\u00bbvc_hidden-sm vc_hidden-xs\u00bb][vc_row_inner][vc_column_inner][vc_single_image image=\u00bb3093&#8243; img_size=\u00bbmedium\u00bb alignment=\u00bbcenter\u00bb style=\u00bbvc_box_shadow_3d\u00bb onclick=\u00bbcustom_link\u00bb css_animation=\u00bbnone\u00bb link=\u00bbhttps:\/\/mugardos.gal\/benestar-social\/contacto-co-departamento-de-benestar-social\/\u00bb][vc_single_image image=\u00bb3087&#8243; img_size=\u00bbmedium\u00bb alignment=\u00bbcenter\u00bb style=\u00bbvc_box_shadow_3d\u00bb onclick=\u00bbcustom_link\u00bb css=\u00bb.vc_custom_1590242502164{margin-top: -40px !important;}\u00bb link=\u00bbhttps:\/\/mugardos.gal\/benestar-social\/axudas-de-ensino-e-transporte\/\u00bb][vc_single_image image=\u00bb3099&#8243; img_size=\u00bbmedium\u00bb alignment=\u00bbcenter\u00bb style=\u00bbvc_box_shadow_3d\u00bb onclick=\u00bbcustom_link\u00bb css=\u00bb.vc_custom_1590242517305{margin-top: -40px !important;}\u00bb link=\u00bbhttps:\/\/mugardos.gal\/benestar-social\/exencions-e-bonificacions-nas-taxas-de-auga-lixo-e-sumidoiros\/\u00bb][vc_single_image image=\u00bb3405&#8243; img_size=\u00bbmedium\u00bb alignment=\u00bbcenter\u00bb style=\u00bbvc_box_shadow_3d\u00bb onclick=\u00bbcustom_link\u00bb css=\u00bb.vc_custom_1590568276651{margin-top: -40px !important;}\u00bb link=\u00bbhttps:\/\/mugardos.gal\/benestar-social\/escola-infantil-municipal-lagoas\/\u00bb][vc_single_image image=\u00bb3097&#8243; img_size=\u00bbmedium\u00bb alignment=\u00bbcenter\u00bb style=\u00bbvc_box_shadow_3d\u00bb onclick=\u00bbcustom_link\u00bb css=\u00bb.vc_custom_1590242564534{margin-top: -40px !important;}\u00bb link=\u00bbhttps:\/\/mugardos.gal\/benestar-social\/espazo-infantil-xogo-ludoteca\/\u00bb][vc_single_image image=\u00bb3091&#8243; img_size=\u00bbmedium\u00bb alignment=\u00bbcenter\u00bb style=\u00bbvc_box_shadow_3d\u00bb onclick=\u00bbcustom_link\u00bb css=\u00bb.vc_custom_1590242585651{margin-top: -40px !important;}\u00bb link=\u00bbhttps:\/\/mugardos.gal\/benestar-social\/comedores-escolares-municipais-bienestar\/\u00bb][vc_single_image image=\u00bb3141&#8243; img_size=\u00bbmedium\u00bb alignment=\u00bbcenter\u00bb style=\u00bbvc_box_shadow_3d\u00bb onclick=\u00bbcustom_link\u00bb css=\u00bb.vc_custom_1590306380803{margin-top: -40px !important;}\u00bb link=\u00bbhttps:\/\/mugardos.gal\/benestar-social\/transporte-metropolitano\/\u00bb][vc_single_image image=\u00bb3089&#8243; img_size=\u00bbmedium\u00bb alignment=\u00bbcenter\u00bb style=\u00bbvc_box_shadow_3d\u00bb onclick=\u00bbcustom_link\u00bb css=\u00bb.vc_custom_1590242660183{margin-top: -40px !important;}\u00bb link=\u00bbhttps:\/\/mugardos.gal\/buzon-de-suxestions\/\u00bb][\/vc_column_inner][\/vc_row_inner][\/vc_column][vc_column width=\u00bb3\/4&#8243;][vc_column_text]\n<blockquote class=\"\">\n<div class=\"\">\n<div class=\"WordSection1\">\n<p>El servicio de comedor escolar municipal es un servicio educativo, complementario, compensatorio y social, y resulta una valiosa herramienta de conciliaci\u00f3n de la vida familiar, laboral y personal.<\/p>\n<p>El Concello de Mugardos cuenta con dos comedores escolares municipales, el primero de ellos en el CEIP Uni\u00f3n Mugardesa (58 plazas autorizadas) y el en curso 2017-2018 se puso en marcha el segundo en el CEIP Santiago Ap\u00f3stol de Franza (24 plazas autorizadas). Puede hacer uso de este servicio los alumnos y alumnas de ambos centros<\/p>\n<p class=\"\">Los men\u00fas se elaboran de acuerdo con los criterios de alimentaci\u00f3n sana y equilibrada del alumnado, que figuran en la gu\u00eda \u00abMen\u00fas saludables en el comedor escolar\u00bb editada por la Xunta de Galicia.<\/p>\n<p class=\"\">El horario de servicio de comida se extender\u00e1 desde la 14.00 horas a las 16.00 horas. De elegirlo las familias, el alumnado puede salir a las 15.15h. Por su parte, el horario de entrada al desayuno ser\u00e1 de 7.30 a 8.30 horas. Por seguridad de los comensales, y excepto en los horarios de turnos de salida, las puertas de los centros permanecer\u00e1n cerradas durante el horario de comedor.<\/p>\n<p class=\"\">El plazo ordinario de solicitud es del 1 al 10 de julio tanto para reservar de plaza como para nuevas solicitudes.<\/p>\n<p>El servicio de comida del comedor escolar municipal est\u00e1 cofinanciado por la Concejal\u00eda de Cultura, Educaci\u00f3n, Formaci\u00f3n Profesional y Universidades a trav\u00e9s de un convenio bianual.<\/p>\n<p>La empresa prestadora del Servicio de Comedores Escolares Municipales do Concello es <strong>JARDANAY SL<\/strong>. Todas las comunicaciones relacionadas con ausencias, uso ocasional del servicio, as\u00ed como solicitud de dietas blancas, deben relacionarse a trav\u00e9s de medio escrito cubriendo el formulario en el enlace https:\/\/forms.gle\/JY3tj31oCZifwb75A , con una antelaci\u00f3n de:<\/p>\n<ul>\n<li>hasta las 09:00h. para anulas\/solicitar el<strong> SERVICIO DE COMIDA<\/strong><\/li>\n<li>hasta las 17:00h. para solicitar el <strong>DESAYUNO DEL D\u00cdA SIGUIENTE<\/strong><\/li>\n<\/ul>\n<p>&nbsp;<\/p>\n<\/div>\n<\/div>\n<\/blockquote>\n<p>[\/vc_column_text][vc_tta_accordion active_section=\u00bb0&#8243; collapsible_all=\u00bbtrue\u00bb][vc_tta_section title=\u00bbINSTANCIAS\u00bb tab_id=\u00bb1590305233833-fe80ef55-1f45&#8243;][vc_column_text]\n<p style=\"text-align: justify;\"><img loading=\"lazy\" class=\"alignnone wp-image-581\" src=\"https:\/\/mugardos.gal\/wp-content\/uploads\/2020\/03\/pdf.png\" alt=\"\" width=\"40\" height=\"40\" \/><a href=\"https:\/\/mugardos.gal\/wp-content\/uploads\/2025\/09\/Nota-informativa-del-procedimiento.pdf\"> Nota informativa del procedimiento<\/a><\/p>\n<p><img loading=\"lazy\" class=\"alignnone wp-image-581\" src=\"https:\/\/mugardos.gal\/wp-content\/uploads\/2020\/03\/pdf.png\" alt=\"\" width=\"40\" height=\"40\" \/> <a href=\"https:\/\/mugardos.gal\/wp-content\/uploads\/2025\/09\/Instancia-de-solicitude-no-comedor-escolar-municipal.pdf\">DESCARGAR PDF\u00a0Instancia de inscripci\u00f3n en el comedor escolar municipal<\/a>[\/vc_column_text][\/vc_tta_section][vc_tta_section title=\u00bbTRAMITACI\u00d3N Y REGISTRO\u00bb tab_id=\u00bb1590305253311-3e0df1bb-948c\u00bb][vc_column_text]\n<p id=\"contenedor\" class=\"textarea unknown\" style=\"text-align: justify;\">La inscripci\u00f3n al servicio de comedor tiene car\u00e1cter anual y se formaliza durante la primera quincena del mes de julio para el curso que de la comienzo en el mes de septiembre de ese a\u00f1o, siendo los requisitos de inscripci\u00f3n y la documentaci\u00f3n a aportar los se\u00f1alados en la propia solicitud. La inscripci\u00f3n se deber\u00e1 realizar por registro general o sede electr\u00f3nica.<\/p>\n<ul style=\"text-align: justify;\">\n<li style=\"text-align: justify;\"><strong>Oficina de Rexistro General del Ayuntamiento de Mugardos. <\/strong><\/li>\n<\/ul>\n<p style=\"padding-left: 40px; text-align: justify;\"><img loading=\"lazy\" class=\"alignnone wp-image-596\" src=\"https:\/\/mugardos.gal\/wp-content\/uploads\/2020\/03\/direcci\u00f3n.png\" alt=\"\" width=\"30\" height=\"30\" \/>Avenida de Galicia n\u00ba 45, bajo<\/p>\n<p style=\"padding-left: 40px; text-align: justify;\"><img loading=\"lazy\" class=\"alignnone wp-image-609\" src=\"https:\/\/mugardos.gal\/wp-content\/uploads\/2020\/03\/hora.png\" alt=\"\" width=\"30\" height=\"30\" \/>Horario de atenci\u00f3n al p\u00fablico de lunes a viernes, de 9.00 a 14.00 horas<\/p>\n<ul style=\"text-align: justify;\">\n<li style=\"text-align: justify;\"><strong>Sede electr\u00f3nica municipal: requiere identificaci\u00f3n digital<\/strong> (DNIe\/Certificado digital \u2013 Cl@ve PIN \u2013 Cl@ve permanente)<\/li>\n<\/ul>\n<p style=\"padding-left: 40px; text-align: justify;\"><img loading=\"lazy\" class=\"alignnone wp-image-602\" src=\"https:\/\/mugardos.gal\/wp-content\/uploads\/2020\/03\/web.png\" alt=\"\" width=\"30\" height=\"30\" \/><a href=\"https:\/\/sede.concellodemugardos.gal\/opencms\/gl\/\">IR AL ENLACE Acceder a la Sede electr\u00f3nica del Ayuntamiento de Mugardos<\/a><\/p>\n<p style=\"padding-left: 40px; text-align: justify;\"><em>Se recuerda que no hace falta tener una autenticaci\u00f3n permanente en el ordenador o en el terminal telef\u00f3nico para la realizaci\u00f3n de tramitaciones online. Las personas interesadas podr\u00e1n solicitar de forma sencilla y segura una Cl@ve PIN temporal (de 24 horas) para la realizaci\u00f3n de cualquier tramitaci\u00f3n a trav\u00e9s de la sede electr\u00f3nica. En el siguiente enlace puede accederse a la p\u00e1gina web oficial para la solicitud de la Cl@ve PIN temporal (si es la primera vez que se solicita deber\u00e1 realizarse el registro como usuario previamente):<\/em><\/p>\n<p style=\"padding-left: 40px; text-align: justify;\"><img loading=\"lazy\" class=\"alignnone wp-image-602\" src=\"https:\/\/mugardos.gal\/wp-content\/uploads\/2020\/03\/web.png\" alt=\"\" width=\"30\" height=\"30\" \/><a href=\"https:\/\/clave.gob.es\/clave_Home\/PIN24H.html\">IR AL ENLACE Obtenci\u00f3n de Cl@ve PIN temporal de 24 horas<\/a><\/p>\n<p style=\"padding-left: 40px; text-align: justify;\"><img loading=\"lazy\" class=\"alignnone wp-image-602\" src=\"https:\/\/mugardos.gal\/wp-content\/uploads\/2020\/03\/web.png\" alt=\"\" width=\"30\" height=\"30\" \/> <a href=\"https:\/\/clave.gob.es\/clave_Home\/registro.html\">IR AL ENLACE Registro en Cl@ve<\/a><\/p>\n<p id=\"contenedor\" class=\"textarea unknown\" style=\"text-align: justify;\">Una vez registrada la solicitud se realizar\u00e1 la baremaci\u00f3n de la solicitud y de la documentaci\u00f3n aportada por parte de la comisi\u00f3n, y se har\u00e1 p\u00fablica la relaci\u00f3n provisional, con la puntuaci\u00f3n obtenida de admitidos\/as y excluidos\/as, en el tablero de anuncios del ayuntamiento, en la p\u00e1gina web municipal y en los centros educativos p\u00fablicos de Mugardos. Los\/as solicitantes que lo deseen podr\u00e1n efectuar las reclamaciones debidamente documentadas que estimen oportunas en el plazo de 10 d\u00edas naturales contados desde la fecha de publicaci\u00f3n de la relaci\u00f3n provisional, y estas reclamaciones se entender\u00e1n resueltas con la publicaci\u00f3n de la lista definitiva.<\/p>\n<p>[\/vc_column_text][\/vc_tta_section][vc_tta_section title=\u00bbEXENCIONES Y BONIFICACIONES\u00bb tab_id=\u00bb1590305252478-00514733-634c\u00bb][vc_column_text]\n<p style=\"text-align: justify;\">Seg\u00fan la ordenanza fiscal y el reglamento de este servicio si una familia desea solicitar la bonificaci\u00f3n o reducci\u00f3n del precio de los men\u00fas deber\u00e1 hacer entrega de la justificaci\u00f3n de ingresos familiares de todos los miembros mayores de 18 a\u00f1os de la unidad familiar de convivencia (declaraci\u00f3n de la renta u otros documentos oficiales) as\u00ed como del justificante del pago del alquiler o hipoteca en el momento de realizar la inscripci\u00f3n en el servicio.<\/p>\n<p style=\"text-align: justify;\">Los precios y las bonificaciones correspondientes a la comida y el desayuno vienen establecidos por lo dispuesto en la ordenanza fiscal reguladora de la tasa del servicio de comedor escolar, que puede consultarse en el apartado siguiente (normativa reguladora).<\/p>\n<p>[\/vc_column_text][\/vc_tta_section][vc_tta_section title=\u00bbNORMATIVA MUNICIPAL\u00bb tab_id=\u00bb1590305285270-c18e9f8b-b74f\u00bb][vc_column_text]\n<p id=\"contenedor\" class=\"textarea unknown\" style=\"text-align: justify;\">La normativa municipal vigente que regula el cobro y funcionamiento del comedor escolar son la ordenanza fiscal y el reglamento que pueden consultarse y descargarse a continuaci\u00f3n:<\/p>\n<p style=\"text-align: justify;\"><img loading=\"lazy\" class=\"alignnone wp-image-581\" src=\"https:\/\/mugardos.gal\/wp-content\/uploads\/2020\/03\/pdf.png\" alt=\"\" width=\"40\" height=\"40\" \/> <a href=\"https:\/\/mugardos.gal\/wp-content\/uploads\/2022\/12\/Regulamento-comedores-escolares-BOP-213-do-10.11.2022.pdf\">DESCARGAR PDF Reglamento del comedor escolar municipal<\/a><\/p>\n<p><img loading=\"lazy\" class=\"alignnone wp-image-581\" src=\"https:\/\/mugardos.gal\/wp-content\/uploads\/2020\/03\/pdf.png\" alt=\"\" width=\"40\" height=\"40\" \/> <a href=\"https:\/\/mugardos.gal\/wp-content\/uploads\/2022\/12\/Anexos-regulamento-comedores2022.pdf\">DESCARGAR PDF Anexos<\/a><\/p>\n<p style=\"text-align: justify;\"><img loading=\"lazy\" class=\"alignnone wp-image-581\" src=\"https:\/\/mugardos.gal\/wp-content\/uploads\/2020\/03\/pdf.png\" alt=\"\" width=\"40\" height=\"40\" \/> <a href=\"https:\/\/mugardos.gal\/wp-content\/uploads\/2025\/08\/Ordenanza-fiscal-no-25reguladora-da-taxa-pola-prestacion-do-servizo-de-comedor-esc-olar_BOP-192-8_10_2014.pdf\">DESCARGAR PDF Ordenanza fiscal n.\u00ba 25, reguladora de la tasa por la prestaci\u00f3n del servicio de comedor escolar<\/a><\/p>\n<p>[\/vc_column_text][\/vc_tta_section][\/vc_tta_accordion][\/vc_column][\/vc_row]\n","protected":false},"excerpt":{"rendered":"<p>[vc_row][vc_column][vc_separator color=\u00bbchino\u00bb style=\u00bbshadow\u00bb border_width=\u00bb4&#8243;][\/vc_column][\/vc_row][vc_row][vc_column width=\u00bb1\/4&#8243; offset=\u00bbvc_hidden-sm vc_hidden-xs\u00bb][vc_row_inner][vc_column_inner][vc_single_image image=\u00bb3093&#8243; img_size=\u00bbmedium\u00bb alignment=\u00bbcenter\u00bb style=\u00bbvc_box_shadow_3d\u00bb onclick=\u00bbcustom_link\u00bb css_animation=\u00bbnone\u00bb link=\u00bbhttps:\/\/mugardos.gal\/benestar-social\/contacto-co-departamento-de-benestar-social\/\u00bb][vc_single_image image=\u00bb3087&#8243; img_size=\u00bbmedium\u00bb alignment=\u00bbcenter\u00bb style=\u00bbvc_box_shadow_3d\u00bb onclick=\u00bbcustom_link\u00bb css=\u00bb.vc_custom_1590242502164{margin-top: -40px !important;}\u00bb link=\u00bbhttps:\/\/mugardos.gal\/benestar-social\/axudas-de-ensino-e-transporte\/\u00bb][vc_single_image image=\u00bb3099&#8243; img_size=\u00bbmedium\u00bb alignment=\u00bbcenter\u00bb style=\u00bbvc_box_shadow_3d\u00bb onclick=\u00bbcustom_link\u00bb css=\u00bb.vc_custom_1590242517305{margin-top: -40px !important;}\u00bb link=\u00bbhttps:\/\/mugardos.gal\/benestar-social\/exencions-e-bonificacions-nas-taxas-de-auga-lixo-e-sumidoiros\/\u00bb][vc_single_image image=\u00bb3405&#8243; img_size=\u00bbmedium\u00bb alignment=\u00bbcenter\u00bb style=\u00bbvc_box_shadow_3d\u00bb onclick=\u00bbcustom_link\u00bb css=\u00bb.vc_custom_1590568276651{margin-top: -40px !important;}\u00bb link=\u00bbhttps:\/\/mugardos.gal\/benestar-social\/escola-infantil-municipal-lagoas\/\u00bb][vc_single_image image=\u00bb3097&#8243; img_size=\u00bbmedium\u00bb alignment=\u00bbcenter\u00bb style=\u00bbvc_box_shadow_3d\u00bb onclick=\u00bbcustom_link\u00bb css=\u00bb.vc_custom_1590242564534{margin-top: -40px !important;}\u00bb link=\u00bbhttps:\/\/mugardos.gal\/benestar-social\/espazo-infantil-xogo-ludoteca\/\u00bb][vc_single_image image=\u00bb3091&#8243; img_size=\u00bbmedium\u00bb alignment=\u00bbcenter\u00bb style=\u00bbvc_box_shadow_3d\u00bb onclick=\u00bbcustom_link\u00bb [&hellip;]<\/p>\n","protected":false},"author":4,"featured_media":0,"parent":715,"menu_order":0,"comment_status":"closed","ping_status":"closed","template":"","meta":[],"yoast_head":"<!-- This site is optimized with the Yoast SEO plugin v18.9 - https:\/\/yoast.com\/wordpress\/plugins\/seo\/ -->\n<title>COMEDORES ESCOLARES MUNICIPALES - Concello de Mugardos<\/title>\n<meta name=\"robots\" content=\"index, follow, max-snippet:-1, max-image-preview:large, max-video-preview:-1\" \/>\n<link rel=\"canonical\" href=\"https:\/\/mugardos.gal\/es\/bienestar-social\/comedores-escolares-municipales\/\" \/>\n<meta property=\"og:locale\" content=\"es_ES\" \/>\n<meta property=\"og:type\" content=\"article\" \/>\n<meta property=\"og:title\" content=\"COMEDORES ESCOLARES MUNICIPALES - Concello de Mugardos\" \/>\n<meta property=\"og:description\" content=\"[vc_row][vc_column][vc_separator color=\u00bbchino\u00bb style=\u00bbshadow\u00bb border_width=\u00bb4&#8243;][\/vc_column][\/vc_row][vc_row][vc_column width=\u00bb1\/4&#8243; offset=\u00bbvc_hidden-sm vc_hidden-xs\u00bb][vc_row_inner][vc_column_inner][vc_single_image image=\u00bb3093&#8243; img_size=\u00bbmedium\u00bb alignment=\u00bbcenter\u00bb style=\u00bbvc_box_shadow_3d\u00bb onclick=\u00bbcustom_link\u00bb css_animation=\u00bbnone\u00bb link=\u00bbhttps:\/\/mugardos.gal\/benestar-social\/contacto-co-departamento-de-benestar-social\/\u00bb][vc_single_image image=\u00bb3087&#8243; img_size=\u00bbmedium\u00bb alignment=\u00bbcenter\u00bb style=\u00bbvc_box_shadow_3d\u00bb onclick=\u00bbcustom_link\u00bb css=\u00bb.vc_custom_1590242502164{margin-top: -40px !important;}\u00bb link=\u00bbhttps:\/\/mugardos.gal\/benestar-social\/axudas-de-ensino-e-transporte\/\u00bb][vc_single_image image=\u00bb3099&#8243; img_size=\u00bbmedium\u00bb alignment=\u00bbcenter\u00bb style=\u00bbvc_box_shadow_3d\u00bb onclick=\u00bbcustom_link\u00bb css=\u00bb.vc_custom_1590242517305{margin-top: -40px !important;}\u00bb link=\u00bbhttps:\/\/mugardos.gal\/benestar-social\/exencions-e-bonificacions-nas-taxas-de-auga-lixo-e-sumidoiros\/\u00bb][vc_single_image image=\u00bb3405&#8243; img_size=\u00bbmedium\u00bb alignment=\u00bbcenter\u00bb style=\u00bbvc_box_shadow_3d\u00bb onclick=\u00bbcustom_link\u00bb css=\u00bb.vc_custom_1590568276651{margin-top: -40px !important;}\u00bb link=\u00bbhttps:\/\/mugardos.gal\/benestar-social\/escola-infantil-municipal-lagoas\/\u00bb][vc_single_image image=\u00bb3097&#8243; img_size=\u00bbmedium\u00bb alignment=\u00bbcenter\u00bb style=\u00bbvc_box_shadow_3d\u00bb onclick=\u00bbcustom_link\u00bb css=\u00bb.vc_custom_1590242564534{margin-top: -40px !important;}\u00bb link=\u00bbhttps:\/\/mugardos.gal\/benestar-social\/espazo-infantil-xogo-ludoteca\/\u00bb][vc_single_image image=\u00bb3091&#8243; img_size=\u00bbmedium\u00bb alignment=\u00bbcenter\u00bb style=\u00bbvc_box_shadow_3d\u00bb onclick=\u00bbcustom_link\u00bb [&hellip;]\" \/>\n<meta property=\"og:url\" content=\"https:\/\/mugardos.gal\/es\/bienestar-social\/comedores-escolares-municipales\/\" \/>\n<meta property=\"og:site_name\" content=\"Concello de Mugardos\" \/>\n<meta property=\"article:modified_time\" content=\"2025-10-16T12:02:21+00:00\" \/>\n<meta property=\"og:image\" content=\"https:\/\/mugardos.gal\/wp-content\/uploads\/2020\/03\/pdf.png\" \/>\n<meta name=\"twitter:card\" content=\"summary_large_image\" \/>\n<meta name=\"twitter:label1\" content=\"Tiempo de lectura\" \/>\n\t<meta name=\"twitter:data1\" content=\"7 minutos\" \/>\n<script type=\"application\/ld+json\" class=\"yoast-schema-graph\">{\"@context\":\"https:\/\/schema.org\",\"@graph\":[{\"@type\":\"WebSite\",\"@id\":\"https:\/\/mugardos.gal\/#website\",\"url\":\"https:\/\/mugardos.gal\/\",\"name\":\"Concello de Mugardos\",\"description\":\"\",\"potentialAction\":[{\"@type\":\"SearchAction\",\"target\":{\"@type\":\"EntryPoint\",\"urlTemplate\":\"https:\/\/mugardos.gal\/?s={search_term_string}\"},\"query-input\":\"required name=search_term_string\"}],\"inLanguage\":\"es\"},{\"@type\":\"ImageObject\",\"inLanguage\":\"es\",\"@id\":\"https:\/\/mugardos.gal\/es\/bienestar-social\/comedores-escolares-municipales\/#primaryimage\",\"url\":\"https:\/\/mugardos.gal\/wp-content\/uploads\/2020\/03\/pdf.png\",\"contentUrl\":\"https:\/\/mugardos.gal\/wp-content\/uploads\/2020\/03\/pdf.png\",\"width\":100,\"height\":100},{\"@type\":\"WebPage\",\"@id\":\"https:\/\/mugardos.gal\/es\/bienestar-social\/comedores-escolares-municipales\/#webpage\",\"url\":\"https:\/\/mugardos.gal\/es\/bienestar-social\/comedores-escolares-municipales\/\",\"name\":\"COMEDORES ESCOLARES MUNICIPALES - Concello de Mugardos\",\"isPartOf\":{\"@id\":\"https:\/\/mugardos.gal\/#website\"},\"primaryImageOfPage\":{\"@id\":\"https:\/\/mugardos.gal\/es\/bienestar-social\/comedores-escolares-municipales\/#primaryimage\"},\"datePublished\":\"2020-05-27T14:10:43+00:00\",\"dateModified\":\"2025-10-16T12:02:21+00:00\",\"breadcrumb\":{\"@id\":\"https:\/\/mugardos.gal\/es\/bienestar-social\/comedores-escolares-municipales\/#breadcrumb\"},\"inLanguage\":\"es\",\"potentialAction\":[{\"@type\":\"ReadAction\",\"target\":[\"https:\/\/mugardos.gal\/es\/bienestar-social\/comedores-escolares-municipales\/\"]}]},{\"@type\":\"BreadcrumbList\",\"@id\":\"https:\/\/mugardos.gal\/es\/bienestar-social\/comedores-escolares-municipales\/#breadcrumb\",\"itemListElement\":[{\"@type\":\"ListItem\",\"position\":1,\"name\":\"Portada\",\"item\":\"https:\/\/mugardos.gal\/es\/\"},{\"@type\":\"ListItem\",\"position\":2,\"name\":\"BIENESTAR SOCIAL\",\"item\":\"https:\/\/mugardos.gal\/es\/bienestar-social\/\"},{\"@type\":\"ListItem\",\"position\":3,\"name\":\"COMEDORES ESCOLARES MUNICIPALES\"}]}]}<\/script>\n<!-- \/ Yoast SEO plugin. -->","yoast_head_json":{"title":"COMEDORES ESCOLARES MUNICIPALES - Concello de Mugardos","robots":{"index":"index","follow":"follow","max-snippet":"max-snippet:-1","max-image-preview":"max-image-preview:large","max-video-preview":"max-video-preview:-1"},"canonical":"https:\/\/mugardos.gal\/es\/bienestar-social\/comedores-escolares-municipales\/","og_locale":"es_ES","og_type":"article","og_title":"COMEDORES ESCOLARES MUNICIPALES - Concello de Mugardos","og_description":"[vc_row][vc_column][vc_separator color=\u00bbchino\u00bb style=\u00bbshadow\u00bb border_width=\u00bb4&#8243;][\/vc_column][\/vc_row][vc_row][vc_column width=\u00bb1\/4&#8243; offset=\u00bbvc_hidden-sm vc_hidden-xs\u00bb][vc_row_inner][vc_column_inner][vc_single_image image=\u00bb3093&#8243; img_size=\u00bbmedium\u00bb alignment=\u00bbcenter\u00bb style=\u00bbvc_box_shadow_3d\u00bb onclick=\u00bbcustom_link\u00bb css_animation=\u00bbnone\u00bb link=\u00bbhttps:\/\/mugardos.gal\/benestar-social\/contacto-co-departamento-de-benestar-social\/\u00bb][vc_single_image image=\u00bb3087&#8243; img_size=\u00bbmedium\u00bb alignment=\u00bbcenter\u00bb style=\u00bbvc_box_shadow_3d\u00bb onclick=\u00bbcustom_link\u00bb css=\u00bb.vc_custom_1590242502164{margin-top: -40px !important;}\u00bb link=\u00bbhttps:\/\/mugardos.gal\/benestar-social\/axudas-de-ensino-e-transporte\/\u00bb][vc_single_image image=\u00bb3099&#8243; img_size=\u00bbmedium\u00bb alignment=\u00bbcenter\u00bb style=\u00bbvc_box_shadow_3d\u00bb onclick=\u00bbcustom_link\u00bb css=\u00bb.vc_custom_1590242517305{margin-top: -40px !important;}\u00bb link=\u00bbhttps:\/\/mugardos.gal\/benestar-social\/exencions-e-bonificacions-nas-taxas-de-auga-lixo-e-sumidoiros\/\u00bb][vc_single_image image=\u00bb3405&#8243; img_size=\u00bbmedium\u00bb alignment=\u00bbcenter\u00bb style=\u00bbvc_box_shadow_3d\u00bb onclick=\u00bbcustom_link\u00bb css=\u00bb.vc_custom_1590568276651{margin-top: -40px !important;}\u00bb link=\u00bbhttps:\/\/mugardos.gal\/benestar-social\/escola-infantil-municipal-lagoas\/\u00bb][vc_single_image image=\u00bb3097&#8243; img_size=\u00bbmedium\u00bb alignment=\u00bbcenter\u00bb style=\u00bbvc_box_shadow_3d\u00bb onclick=\u00bbcustom_link\u00bb css=\u00bb.vc_custom_1590242564534{margin-top: -40px !important;}\u00bb link=\u00bbhttps:\/\/mugardos.gal\/benestar-social\/espazo-infantil-xogo-ludoteca\/\u00bb][vc_single_image image=\u00bb3091&#8243; img_size=\u00bbmedium\u00bb alignment=\u00bbcenter\u00bb style=\u00bbvc_box_shadow_3d\u00bb onclick=\u00bbcustom_link\u00bb [&hellip;]","og_url":"https:\/\/mugardos.gal\/es\/bienestar-social\/comedores-escolares-municipales\/","og_site_name":"Concello de Mugardos","article_modified_time":"2025-10-16T12:02:21+00:00","og_image":[{"url":"https:\/\/mugardos.gal\/wp-content\/uploads\/2020\/03\/pdf.png"}],"twitter_card":"summary_large_image","twitter_misc":{"Tiempo de lectura":"7 minutos"},"schema":{"@context":"https:\/\/schema.org","@graph":[{"@type":"WebSite","@id":"https:\/\/mugardos.gal\/#website","url":"https:\/\/mugardos.gal\/","name":"Concello de Mugardos","description":"","potentialAction":[{"@type":"SearchAction","target":{"@type":"EntryPoint","urlTemplate":"https:\/\/mugardos.gal\/?s={search_term_string}"},"query-input":"required name=search_term_string"}],"inLanguage":"es"},{"@type":"ImageObject","inLanguage":"es","@id":"https:\/\/mugardos.gal\/es\/bienestar-social\/comedores-escolares-municipales\/#primaryimage","url":"https:\/\/mugardos.gal\/wp-content\/uploads\/2020\/03\/pdf.png","contentUrl":"https:\/\/mugardos.gal\/wp-content\/uploads\/2020\/03\/pdf.png","width":100,"height":100},{"@type":"WebPage","@id":"https:\/\/mugardos.gal\/es\/bienestar-social\/comedores-escolares-municipales\/#webpage","url":"https:\/\/mugardos.gal\/es\/bienestar-social\/comedores-escolares-municipales\/","name":"COMEDORES ESCOLARES MUNICIPALES - Concello de Mugardos","isPartOf":{"@id":"https:\/\/mugardos.gal\/#website"},"primaryImageOfPage":{"@id":"https:\/\/mugardos.gal\/es\/bienestar-social\/comedores-escolares-municipales\/#primaryimage"},"datePublished":"2020-05-27T14:10:43+00:00","dateModified":"2025-10-16T12:02:21+00:00","breadcrumb":{"@id":"https:\/\/mugardos.gal\/es\/bienestar-social\/comedores-escolares-municipales\/#breadcrumb"},"inLanguage":"es","potentialAction":[{"@type":"ReadAction","target":["https:\/\/mugardos.gal\/es\/bienestar-social\/comedores-escolares-municipales\/"]}]},{"@type":"BreadcrumbList","@id":"https:\/\/mugardos.gal\/es\/bienestar-social\/comedores-escolares-municipales\/#breadcrumb","itemListElement":[{"@type":"ListItem","position":1,"name":"Portada","item":"https:\/\/mugardos.gal\/es\/"},{"@type":"ListItem","position":2,"name":"BIENESTAR SOCIAL","item":"https:\/\/mugardos.gal\/es\/bienestar-social\/"},{"@type":"ListItem","position":3,"name":"COMEDORES ESCOLARES MUNICIPALES"}]}]}},"_links":{"self":[{"href":"https:\/\/mugardos.gal\/es\/wp-json\/wp\/v2\/pages\/4854"}],"collection":[{"href":"https:\/\/mugardos.gal\/es\/wp-json\/wp\/v2\/pages"}],"about":[{"href":"https:\/\/mugardos.gal\/es\/wp-json\/wp\/v2\/types\/page"}],"author":[{"embeddable":true,"href":"https:\/\/mugardos.gal\/es\/wp-json\/wp\/v2\/users\/4"}],"replies":[{"embeddable":true,"href":"https:\/\/mugardos.gal\/es\/wp-json\/wp\/v2\/comments?post=4854"}],"version-history":[{"count":10,"href":"https:\/\/mugardos.gal\/es\/wp-json\/wp\/v2\/pages\/4854\/revisions"}],"predecessor-version":[{"id":24872,"href":"https:\/\/mugardos.gal\/es\/wp-json\/wp\/v2\/pages\/4854\/revisions\/24872"}],"up":[{"embeddable":true,"href":"https:\/\/mugardos.gal\/es\/wp-json\/wp\/v2\/pages\/715"}],"wp:attachment":[{"href":"https:\/\/mugardos.gal\/es\/wp-json\/wp\/v2\/media?parent=4854"}],"curies":[{"name":"wp","href":"https:\/\/api.w.org\/{rel}","templated":true}]}}