{"id":4843,"date":"2020-05-27T15:34:53","date_gmt":"2020-05-27T13:34:53","guid":{"rendered":"https:\/\/mugardos.gal\/cultura-y-turismo\/biblioteca\/"},"modified":"2020-07-02T12:06:33","modified_gmt":"2020-07-02T10:06:33","slug":"biblioteca","status":"publish","type":"page","link":"https:\/\/mugardos.gal\/es\/cultura-y-turismo\/biblioteca\/","title":{"rendered":"BIBLIOTECA MUNICIPAL"},"content":{"rendered":"<p>[vc_row][vc_column][vc_separator color=\u00bbchino\u00bb style=\u00bbshadow\u00bb border_width=\u00bb4&#8243;][\/vc_column][\/vc_row][vc_row][vc_column width=\u00bb1\/4&#8243; offset=\u00bbvc_hidden-sm vc_hidden-xs\u00bb][vc_row_inner][vc_column_inner][vc_single_image image=\u00bb3056&#8243; img_size=\u00bbmedium\u00bb alignment=\u00bbcenter\u00bb style=\u00bbvc_box_shadow_3d\u00bb onclick=\u00bbcustom_link\u00bb css_animation=\u00bbnone\u00bb css=\u00bb.vc_custom_1590233838621{margin-top: px !important;}\u00bb link=\u00bbhttps:\/\/mugardos.gal\/cultura-e-turismo\/contacto-co-departamento-de-cultura-e-turismo\/\u00bb][vc_single_image image=\u00bb3054&#8243; img_size=\u00bbmedium\u00bb alignment=\u00bbcenter\u00bb style=\u00bbvc_box_shadow_3d\u00bb onclick=\u00bbcustom_link\u00bb css=\u00bb.vc_custom_1590233856256{margin-top: -40px !important;}\u00bb link=\u00bbhttps:\/\/mugardos.gal\/educacion-e-mocidade\/biblioteca-municipal\/\u00bb][vc_single_image image=\u00bb3050&#8243; img_size=\u00bbmedium\u00bb alignment=\u00bbcenter\u00bb style=\u00bbvc_box_shadow_3d\u00bb onclick=\u00bbcustom_link\u00bb css=\u00bb.vc_custom_1590233871555{margin-top: -40px !important;}\u00bb link=\u00bbhttps:\/\/mugardos.gal\/cultura-e-turismo\/arquivo-municipal\/\u00bb][vc_single_image image=\u00bb3052&#8243; img_size=\u00bbmedium\u00bb alignment=\u00bbcenter\u00bb style=\u00bbvc_box_shadow_3d\u00bb onclick=\u00bbcustom_link\u00bb css=\u00bb.vc_custom_1590233896040{margin-top: -40px !important;}\u00bb link=\u00bbhttps:\/\/mugardos.gal\/cultura-e-turismo\/asociacions-culturais-municipais\/\u00bb][vc_single_image image=\u00bb3058&#8243; img_size=\u00bbmedium\u00bb alignment=\u00bbcenter\u00bb style=\u00bbvc_box_shadow_3d\u00bb onclick=\u00bbcustom_link\u00bb css=\u00bb.vc_custom_1590233914445{margin-top: -40px !important;}\u00bb link=\u00bbhttps:\/\/mugardos.gal\/cultura-e-turismo\/reserva-de-instalacions-culturais\/\u00bb][vc_single_image image=\u00bb3060&#8243; img_size=\u00bbmedium\u00bb alignment=\u00bbcenter\u00bb style=\u00bbvc_box_shadow_3d\u00bb onclick=\u00bbcustom_link\u00bb css=\u00bb.vc_custom_1590593106769{margin-top: -40px !important;}\u00bb link=\u00bbhttps:\/\/mugardos.gal\/cultura-e-turismo\/subvencions-municipais-e-convenios-con-entidades-culturais\/\u00bb][vc_single_image image=\u00bb3186&#8243; img_size=\u00bbmedium\u00bb alignment=\u00bbcenter\u00bb style=\u00bbvc_box_shadow_3d\u00bb onclick=\u00bbcustom_link\u00bb css=\u00bb.vc_custom_1590485974040{margin-top: -40px !important;}\u00bb link=\u00bbhttps:\/\/mugardos.gal\/buzon-de-suxestions\/\u00bb][vc_column_text]\n<!-- PRESSVILLE EVENTS : begin -->\n<section class=\"lsvr-pressville-post-grid lsvr-pressville-post-grid--events lsvr-pressville-post-grid--layout-title-top lsvr-pressville-post-grid--dark-bg\"\n    >\n    <div class=\"lsvr-pressville-post-grid__inner\">\n        <div class=\"lsvr-container\">\n            <div class=\"lsvr-pressville-post-grid__content\">\n\n                \n                    <p class=\"c-alert-message\">No hay eventos<\/p>\n\n                \n            <\/div>\n        <\/div>\n    <\/div>\n<\/section>\n<!-- PRESSVILLE EVENTS : end -->\n\n[\/vc_column_text][\/vc_column_inner][\/vc_row_inner][\/vc_column][vc_column width=\u00bb3\/4&#8243;][vc_column_text]\n<p style=\"text-align: justify;\"><strong>\u00a0INFORMACI\u00d3N DE LA BIBLIOTECA MUNICIPAL<br \/>\n<\/strong><\/p>\n<p style=\"text-align: justify; padding-left: 40px;\"><img loading=\"lazy\" class=\"alignnone wp-image-596\" src=\"https:\/\/mugardos.gal\/wp-content\/uploads\/2020\/03\/direcci\u00f3n.png\" alt=\"\" width=\"30\" height=\"30\" \/> Avda. de Galicia, 68 bajo<\/p>\n<p style=\"text-align: justify; padding-left: 40px;\"><img loading=\"lazy\" class=\"alignnone wp-image-598\" src=\"https:\/\/mugardos.gal\/wp-content\/uploads\/2020\/03\/telefono.png\" alt=\"\" width=\"30\" height=\"30\" \/> 981 470 301<\/p>\n<p style=\"text-align: justify; padding-left: 40px;\"><img loading=\"lazy\" class=\"alignnone wp-image-609\" src=\"https:\/\/mugardos.gal\/wp-content\/uploads\/2020\/03\/hora.png\" alt=\"\" width=\"30\" height=\"30\" \/> Horario de atenci\u00f3n al p\u00fablico: en inverno de lunes a viernes de 12.00 a 14.00 horas\u00a0 e 16.00 a 19.00 horas; en verano de lunes a viernes de 10.00 a 14.30 horas.<\/p>\n<p style=\"text-align: justify; padding-left: 40px;\"><img loading=\"lazy\" class=\"alignnone wp-image-592\" src=\"https:\/\/mugardos.gal\/wp-content\/uploads\/2020\/03\/contacto.png\" alt=\"\" width=\"30\" height=\"30\" \/> Persona de contacto: F\u00e1tima Garc\u00eda<\/p>\n<p style=\"text-align: justify; padding-left: 40px;\"><img loading=\"lazy\" class=\"alignnone wp-image-594\" src=\"https:\/\/mugardos.gal\/wp-content\/uploads\/2020\/03\/correo.png\" alt=\"\" width=\"30\" height=\"23\" \/> <a href=\"mailto:mugardos.rbgalicia@eidolocal.es\">mugardos.rbgalicia@eidolocal.es<\/a><\/p>\n<p style=\"text-align: justify;\">La Biblioteca Municipal de Mugardos presta los siguientes servicios a los usuarios y usuarias:<\/p>\n<ul style=\"text-align: justify;\">\n<li>Informaci\u00f3n y referencia<\/li>\n<li>Pr\u00e9stamo de libros, revistas, m\u00fasica, pel\u00edculas, videojuegos, etc<\/li>\n<li>Equipos inform\u00e1ticos<\/li>\n<li>Conexi\u00f3n WIFI<\/li>\n<li>Pr\u00e9stamo electr\u00f3nico a trav\u00e9s de las siguientes plataformas:<\/li>\n<\/ul>\n<p style=\"text-align: justify;\"><img loading=\"lazy\" class=\"alignnone wp-image-602\" src=\"https:\/\/mugardos.gal\/wp-content\/uploads\/2020\/03\/web.png\" alt=\"\" width=\"30\" height=\"30\" \/><a href=\"https:\/\/www.galiciale.gal\">IR AL ENLACE Plataforma de pr\u00e9stamo de obras en formato electr\u00f3nico de las bibliotecas p\u00fablicas gallegas GaliciaLe<\/a><\/p>\n<p style=\"text-align: justify;\"><img loading=\"lazy\" class=\"alignnone wp-image-602\" src=\"https:\/\/mugardos.gal\/wp-content\/uploads\/2020\/03\/web.png\" alt=\"\" width=\"30\" height=\"30\" \/><a href=\"https:\/\/ebibliodacoruna.odilotk.es\">IR AL ENLACE Biblioteca digital de la provincia de la Coru\u00f1a EBIBLIODACORUNA<\/a><\/p>\n<p>[\/vc_column_text][vc_tta_accordion active_section=\u00bb0&#8243; collapsible_all=\u00bbtrue\u00bb][vc_tta_section title=\u00bbPR\u00c9STAMOS\u00bb tab_id=\u00bb1590520718508-0a90d475-ed6c\u00bb][vc_column_text]\n<p id=\"contenedor\" class=\"textarea unknown\" style=\"text-align: justify;\">El carn\u00e9 de la biblioteca, que es personal e intransferible, sirve para poder llevar a casa libros, revistas, cds de cualquier biblioteca de la red\u2026 Adem\u00e1s, permite acceder a GaliciaLe, la plataforma de pr\u00e9stamo electr\u00f3nico de Galicia. Para hacerlo hay que cubrir la solicitud en cualquier biblioteca de la red o en la web del cat\u00e1logo. Al entregar la solicitud en la biblioteca, se realiza una fotograf\u00eda en el momento y se comprueban los datos. En caso de que la solicitud la haga un menor de 14 a\u00f1os, debe hacerse acompa\u00f1ado\/a.<\/p>\n<p class=\"textarea unknown\" style=\"text-align: justify;\">El m\u00e1ximo de pr\u00e9stamos por persona en la biblioteca de Mugardos es de 5, y se cuenta por tipo de material de la siguiente manera: libros (m\u00e1ximo 3 durante 21 d\u00edas), audiovisuales (m\u00e1ximo 1 durante 7 d\u00edas), archivos de ordenador (m\u00e1ximo 1 durante 7 d\u00edas) y revistas (m\u00e1ximo 1 durante 7 d\u00edas).<\/p>\n<p class=\"textarea unknown\" style=\"text-align: justify;\">La renovaci\u00f3n de los pr\u00e9stamos puede realizarse en la biblioteca y por internet a partir del 5\u00ba d\u00eda (siempre que no est\u00e9 reservado por otra persona), en el segundo caso debe accederse a la plataforma con el n\u00famero de lector\/a y la contrase\u00f1a. El enlace para la renovaci\u00f3n de los pr\u00e9stamos por internet es la siguiente:<\/p>\n<p style=\"text-align: justify;\"><img loading=\"lazy\" class=\"alignnone wp-image-602\" src=\"https:\/\/mugardos.gal\/wp-content\/uploads\/2020\/03\/web.png\" alt=\"\" width=\"30\" height=\"30\" \/><a href=\"http:\/\/catalogo-rbgalicia.xunta.gal\">IR AL ENLACE Renovaci\u00f3n de pr\u00e9stamos por internet<\/a><\/p>\n<p style=\"text-align: justify;\">Si un\/a usuario\/a entrega sus pr\u00e9stamos fuera de plazo queda d\u00edas sin poder usar el servicio de pr\u00e9stamo (1 d\u00eda por cada documento\/d\u00eda de retraso). Si no se devuelve un documento, el carn\u00e9 quedar\u00e1 bloqueado permanentemente y no podr\u00e1 retirarse material en pr\u00e9stamo en ninguna de las bibliotecas de la Red de Bibliotecas de Galicia.<\/p>\n<p style=\"text-align: justify;\">En el caso de deterioro o p\u00e9rdida de material durante un pr\u00e9stamo, el personal de la biblioteca valorar\u00e1 a ser posible la reparaci\u00f3n de los da\u00f1os con los medios de los que dispone. De lo contrario, el material deber\u00e1 reponerse por otro igual por parte del usuario\/a responsable.<\/p>\n<p>[\/vc_column_text][\/vc_tta_section][vc_tta_section title=\u00bbINSTANCIAS\u00bb tab_id=\u00bb1590240106693-6765cb61-1a82&#8243;][vc_column_text]\n<p style=\"text-align: justify;\"><img loading=\"lazy\" class=\"alignnone wp-image-581\" src=\"https:\/\/mugardos.gal\/wp-content\/uploads\/2020\/03\/pdf.png\" alt=\"\" width=\"40\" height=\"40\" \/><a href=\"https:\/\/mugardos.gal\/wp-content\/uploads\/2020\/05\/SOLICITUDE-CARN\u00c9-LECTOR3558.pdf\">DESCARGAR PDF Formulario de solicitud de carn\u00e9 de socio\/a de la biblioteca<\/a><\/p>\n<p>[\/vc_column_text][\/vc_tta_section][vc_tta_section title=\u00bbTRAMITACI\u00d3N Y REGISTRO\u00bb tab_id=\u00bb1590240135823-68358239-ab0b\u00bb][vc_column_text]\n<p id=\"contenedor\" class=\"textarea unknown\" style=\"text-align: justify;\">Una vez cumplimentado el formulario (y la instancia de autorizaci\u00f3n si fuera necesario), se deber\u00e1 entregar la solicitud en la biblioteca o registrarla v\u00eda sede electr\u00f3nica:<\/p>\n<ul>\n<li style=\"text-align: justify;\"><strong>Biblioteca Municipal de Mugardos:<\/strong> en la Avda. de Galicia, 68 baixo<\/li>\n<li style=\"text-align: justify;\"><strong>Sede electr\u00f3nica municipal: requiere identificaci\u00f3n digital<\/strong> (DNIe\/Certificado digital \u2013 Cl@ve PIN &#8211; Cl@ve permanente)<\/li>\n<\/ul>\n<p style=\"padding-left: 40px; text-align: justify;\"><img loading=\"lazy\" class=\"alignnone wp-image-602\" src=\"https:\/\/mugardos.gal\/wp-content\/uploads\/2020\/03\/web.png\" alt=\"\" width=\"30\" height=\"30\" \/><a href=\"https:\/\/sede.concellodemugardos.gal\/opencms\/gl\/\"> IR AL ENLACE Acceder a la Sede electr\u00f3nica del Ayuntamiento de Mugardos<\/a><\/p>\n<p id=\"contenedor\" class=\"textarea unknown\" style=\"padding-left: 40px; text-align: justify;\"><em>Se recuerda que no hace falta tener una autenticaci\u00f3n permanente en el ordenador o en el terminal telef\u00f3nico para la realizaci\u00f3n de tramitaciones online. Las personas interesadas podr\u00e1n solicitar de manera sencilla y segura una Cl@ve PIN temporal (de 24 horas) para la realizaci\u00f3n de cualquier tramitaci\u00f3n a trav\u00e9s de la sede electr\u00f3nica. En el siguiente enlace puede accederse a la p\u00e1gina web oficial para la solicitud de la Cl@ve PIN temporal (si es la primera vez que se solicita deber\u00e1 realizarse el registro como usuario previamente):<\/em><\/p>\n<p style=\"padding-left: 40px; text-align: justify;\"><img loading=\"lazy\" class=\"alignnone wp-image-602\" src=\"https:\/\/mugardos.gal\/wp-content\/uploads\/2020\/03\/web.png\" alt=\"\" width=\"30\" height=\"30\" \/><a href=\"https:\/\/clave.gob.es\/clave_Home\/PIN24H.html\">IR AL ENLACE Obtenci\u00f3n de Cl@ve PIN temporal de 24 horas<\/a><\/p>\n<p style=\"padding-left: 40px; text-align: justify;\"><img loading=\"lazy\" class=\"alignnone wp-image-602\" src=\"https:\/\/mugardos.gal\/wp-content\/uploads\/2020\/03\/web.png\" alt=\"\" width=\"30\" height=\"30\" \/> <a href=\"https:\/\/clave.gob.es\/clave_Home\/registro.html\">IR AL ENLACE Registro en Cl@ve<\/a><\/p>\n<p>[\/vc_column_text][\/vc_tta_section][\/vc_tta_accordion][vc_gallery interval=\u00bb3&#8243; images=\u00bb2688,2686,2684&#8243; img_size=\u00bbfull\u00bb title=\u00bbGaler\u00eda de im\u00e1genes de la biblioteca municipal\u00bb][\/vc_column][\/vc_row]\n","protected":false},"excerpt":{"rendered":"<p>[vc_row][vc_column][vc_separator color=\u00bbchino\u00bb style=\u00bbshadow\u00bb border_width=\u00bb4&#8243;][\/vc_column][\/vc_row][vc_row][vc_column width=\u00bb1\/4&#8243; offset=\u00bbvc_hidden-sm vc_hidden-xs\u00bb][vc_row_inner][vc_column_inner][vc_single_image image=\u00bb3056&#8243; img_size=\u00bbmedium\u00bb alignment=\u00bbcenter\u00bb style=\u00bbvc_box_shadow_3d\u00bb onclick=\u00bbcustom_link\u00bb css_animation=\u00bbnone\u00bb css=\u00bb.vc_custom_1590233838621{margin-top: px !important;}\u00bb link=\u00bbhttps:\/\/mugardos.gal\/cultura-e-turismo\/contacto-co-departamento-de-cultura-e-turismo\/\u00bb][vc_single_image image=\u00bb3054&#8243; img_size=\u00bbmedium\u00bb alignment=\u00bbcenter\u00bb style=\u00bbvc_box_shadow_3d\u00bb onclick=\u00bbcustom_link\u00bb css=\u00bb.vc_custom_1590233856256{margin-top: -40px !important;}\u00bb link=\u00bbhttps:\/\/mugardos.gal\/educacion-e-mocidade\/biblioteca-municipal\/\u00bb][vc_single_image image=\u00bb3050&#8243; img_size=\u00bbmedium\u00bb alignment=\u00bbcenter\u00bb style=\u00bbvc_box_shadow_3d\u00bb onclick=\u00bbcustom_link\u00bb css=\u00bb.vc_custom_1590233871555{margin-top: -40px !important;}\u00bb link=\u00bbhttps:\/\/mugardos.gal\/cultura-e-turismo\/arquivo-municipal\/\u00bb][vc_single_image image=\u00bb3052&#8243; img_size=\u00bbmedium\u00bb alignment=\u00bbcenter\u00bb style=\u00bbvc_box_shadow_3d\u00bb onclick=\u00bbcustom_link\u00bb css=\u00bb.vc_custom_1590233896040{margin-top: -40px !important;}\u00bb link=\u00bbhttps:\/\/mugardos.gal\/cultura-e-turismo\/asociacions-culturais-municipais\/\u00bb][vc_single_image image=\u00bb3058&#8243; img_size=\u00bbmedium\u00bb alignment=\u00bbcenter\u00bb style=\u00bbvc_box_shadow_3d\u00bb onclick=\u00bbcustom_link\u00bb css=\u00bb.vc_custom_1590233914445{margin-top: -40px !important;}\u00bb link=\u00bbhttps:\/\/mugardos.gal\/cultura-e-turismo\/reserva-de-instalacions-culturais\/\u00bb][vc_single_image image=\u00bb3060&#8243; img_size=\u00bbmedium\u00bb [&hellip;]<\/p>\n","protected":false},"author":4,"featured_media":0,"parent":719,"menu_order":0,"comment_status":"closed","ping_status":"closed","template":"","meta":[],"yoast_head":"<!-- This site is optimized with the Yoast SEO plugin v18.9 - https:\/\/yoast.com\/wordpress\/plugins\/seo\/ -->\n<title>BIBLIOTECA MUNICIPAL - Concello de Mugardos<\/title>\n<meta name=\"robots\" content=\"index, follow, max-snippet:-1, max-image-preview:large, max-video-preview:-1\" \/>\n<link rel=\"canonical\" href=\"https:\/\/mugardos.gal\/es\/cultura-y-turismo\/biblioteca\/\" \/>\n<meta property=\"og:locale\" content=\"es_ES\" \/>\n<meta property=\"og:type\" content=\"article\" \/>\n<meta property=\"og:title\" content=\"BIBLIOTECA MUNICIPAL - Concello de Mugardos\" \/>\n<meta property=\"og:description\" content=\"[vc_row][vc_column][vc_separator color=\u00bbchino\u00bb style=\u00bbshadow\u00bb border_width=\u00bb4&#8243;][\/vc_column][\/vc_row][vc_row][vc_column width=\u00bb1\/4&#8243; offset=\u00bbvc_hidden-sm vc_hidden-xs\u00bb][vc_row_inner][vc_column_inner][vc_single_image image=\u00bb3056&#8243; img_size=\u00bbmedium\u00bb alignment=\u00bbcenter\u00bb style=\u00bbvc_box_shadow_3d\u00bb onclick=\u00bbcustom_link\u00bb css_animation=\u00bbnone\u00bb css=\u00bb.vc_custom_1590233838621{margin-top: px !important;}\u00bb link=\u00bbhttps:\/\/mugardos.gal\/cultura-e-turismo\/contacto-co-departamento-de-cultura-e-turismo\/\u00bb][vc_single_image image=\u00bb3054&#8243; img_size=\u00bbmedium\u00bb alignment=\u00bbcenter\u00bb style=\u00bbvc_box_shadow_3d\u00bb onclick=\u00bbcustom_link\u00bb css=\u00bb.vc_custom_1590233856256{margin-top: -40px !important;}\u00bb link=\u00bbhttps:\/\/mugardos.gal\/educacion-e-mocidade\/biblioteca-municipal\/\u00bb][vc_single_image image=\u00bb3050&#8243; img_size=\u00bbmedium\u00bb alignment=\u00bbcenter\u00bb style=\u00bbvc_box_shadow_3d\u00bb onclick=\u00bbcustom_link\u00bb css=\u00bb.vc_custom_1590233871555{margin-top: -40px !important;}\u00bb link=\u00bbhttps:\/\/mugardos.gal\/cultura-e-turismo\/arquivo-municipal\/\u00bb][vc_single_image image=\u00bb3052&#8243; img_size=\u00bbmedium\u00bb alignment=\u00bbcenter\u00bb style=\u00bbvc_box_shadow_3d\u00bb onclick=\u00bbcustom_link\u00bb css=\u00bb.vc_custom_1590233896040{margin-top: -40px !important;}\u00bb link=\u00bbhttps:\/\/mugardos.gal\/cultura-e-turismo\/asociacions-culturais-municipais\/\u00bb][vc_single_image image=\u00bb3058&#8243; img_size=\u00bbmedium\u00bb alignment=\u00bbcenter\u00bb style=\u00bbvc_box_shadow_3d\u00bb onclick=\u00bbcustom_link\u00bb css=\u00bb.vc_custom_1590233914445{margin-top: -40px !important;}\u00bb link=\u00bbhttps:\/\/mugardos.gal\/cultura-e-turismo\/reserva-de-instalacions-culturais\/\u00bb][vc_single_image image=\u00bb3060&#8243; img_size=\u00bbmedium\u00bb [&hellip;]\" \/>\n<meta property=\"og:url\" content=\"https:\/\/mugardos.gal\/es\/cultura-y-turismo\/biblioteca\/\" \/>\n<meta property=\"og:site_name\" content=\"Concello de Mugardos\" \/>\n<meta property=\"article:modified_time\" content=\"2020-07-02T10:06:33+00:00\" \/>\n<meta property=\"og:image\" content=\"https:\/\/mugardos.gal\/wp-content\/uploads\/2020\/03\/telefono.png\" \/>\n<meta name=\"twitter:card\" content=\"summary_large_image\" \/>\n<meta name=\"twitter:label1\" content=\"Tiempo de lectura\" \/>\n\t<meta name=\"twitter:data1\" content=\"5 minutos\" \/>\n<script type=\"application\/ld+json\" class=\"yoast-schema-graph\">{\"@context\":\"https:\/\/schema.org\",\"@graph\":[{\"@type\":\"WebSite\",\"@id\":\"https:\/\/mugardos.gal\/#website\",\"url\":\"https:\/\/mugardos.gal\/\",\"name\":\"Concello de Mugardos\",\"description\":\"\",\"potentialAction\":[{\"@type\":\"SearchAction\",\"target\":{\"@type\":\"EntryPoint\",\"urlTemplate\":\"https:\/\/mugardos.gal\/?s={search_term_string}\"},\"query-input\":\"required name=search_term_string\"}],\"inLanguage\":\"es\"},{\"@type\":\"ImageObject\",\"inLanguage\":\"es\",\"@id\":\"https:\/\/mugardos.gal\/es\/cultura-y-turismo\/biblioteca\/#primaryimage\",\"url\":\"https:\/\/mugardos.gal\/wp-content\/uploads\/2020\/03\/telefono.png\",\"contentUrl\":\"https:\/\/mugardos.gal\/wp-content\/uploads\/2020\/03\/telefono.png\",\"width\":100,\"height\":100},{\"@type\":\"WebPage\",\"@id\":\"https:\/\/mugardos.gal\/es\/cultura-y-turismo\/biblioteca\/#webpage\",\"url\":\"https:\/\/mugardos.gal\/es\/cultura-y-turismo\/biblioteca\/\",\"name\":\"BIBLIOTECA MUNICIPAL - Concello de Mugardos\",\"isPartOf\":{\"@id\":\"https:\/\/mugardos.gal\/#website\"},\"primaryImageOfPage\":{\"@id\":\"https:\/\/mugardos.gal\/es\/cultura-y-turismo\/biblioteca\/#primaryimage\"},\"datePublished\":\"2020-05-27T13:34:53+00:00\",\"dateModified\":\"2020-07-02T10:06:33+00:00\",\"breadcrumb\":{\"@id\":\"https:\/\/mugardos.gal\/es\/cultura-y-turismo\/biblioteca\/#breadcrumb\"},\"inLanguage\":\"es\",\"potentialAction\":[{\"@type\":\"ReadAction\",\"target\":[\"https:\/\/mugardos.gal\/es\/cultura-y-turismo\/biblioteca\/\"]}]},{\"@type\":\"BreadcrumbList\",\"@id\":\"https:\/\/mugardos.gal\/es\/cultura-y-turismo\/biblioteca\/#breadcrumb\",\"itemListElement\":[{\"@type\":\"ListItem\",\"position\":1,\"name\":\"Portada\",\"item\":\"https:\/\/mugardos.gal\/es\/\"},{\"@type\":\"ListItem\",\"position\":2,\"name\":\"CULTURA Y TURISMO\",\"item\":\"https:\/\/mugardos.gal\/es\/cultura-y-turismo\/\"},{\"@type\":\"ListItem\",\"position\":3,\"name\":\"BIBLIOTECA MUNICIPAL\"}]}]}<\/script>\n<!-- \/ Yoast SEO plugin. -->","yoast_head_json":{"title":"BIBLIOTECA MUNICIPAL - Concello de Mugardos","robots":{"index":"index","follow":"follow","max-snippet":"max-snippet:-1","max-image-preview":"max-image-preview:large","max-video-preview":"max-video-preview:-1"},"canonical":"https:\/\/mugardos.gal\/es\/cultura-y-turismo\/biblioteca\/","og_locale":"es_ES","og_type":"article","og_title":"BIBLIOTECA MUNICIPAL - Concello de Mugardos","og_description":"[vc_row][vc_column][vc_separator color=\u00bbchino\u00bb style=\u00bbshadow\u00bb border_width=\u00bb4&#8243;][\/vc_column][\/vc_row][vc_row][vc_column width=\u00bb1\/4&#8243; offset=\u00bbvc_hidden-sm vc_hidden-xs\u00bb][vc_row_inner][vc_column_inner][vc_single_image image=\u00bb3056&#8243; img_size=\u00bbmedium\u00bb alignment=\u00bbcenter\u00bb style=\u00bbvc_box_shadow_3d\u00bb onclick=\u00bbcustom_link\u00bb css_animation=\u00bbnone\u00bb css=\u00bb.vc_custom_1590233838621{margin-top: px !important;}\u00bb link=\u00bbhttps:\/\/mugardos.gal\/cultura-e-turismo\/contacto-co-departamento-de-cultura-e-turismo\/\u00bb][vc_single_image image=\u00bb3054&#8243; img_size=\u00bbmedium\u00bb alignment=\u00bbcenter\u00bb style=\u00bbvc_box_shadow_3d\u00bb onclick=\u00bbcustom_link\u00bb css=\u00bb.vc_custom_1590233856256{margin-top: -40px !important;}\u00bb link=\u00bbhttps:\/\/mugardos.gal\/educacion-e-mocidade\/biblioteca-municipal\/\u00bb][vc_single_image image=\u00bb3050&#8243; img_size=\u00bbmedium\u00bb alignment=\u00bbcenter\u00bb style=\u00bbvc_box_shadow_3d\u00bb onclick=\u00bbcustom_link\u00bb css=\u00bb.vc_custom_1590233871555{margin-top: -40px !important;}\u00bb link=\u00bbhttps:\/\/mugardos.gal\/cultura-e-turismo\/arquivo-municipal\/\u00bb][vc_single_image image=\u00bb3052&#8243; img_size=\u00bbmedium\u00bb alignment=\u00bbcenter\u00bb style=\u00bbvc_box_shadow_3d\u00bb onclick=\u00bbcustom_link\u00bb css=\u00bb.vc_custom_1590233896040{margin-top: -40px !important;}\u00bb link=\u00bbhttps:\/\/mugardos.gal\/cultura-e-turismo\/asociacions-culturais-municipais\/\u00bb][vc_single_image image=\u00bb3058&#8243; img_size=\u00bbmedium\u00bb alignment=\u00bbcenter\u00bb style=\u00bbvc_box_shadow_3d\u00bb onclick=\u00bbcustom_link\u00bb css=\u00bb.vc_custom_1590233914445{margin-top: -40px !important;}\u00bb link=\u00bbhttps:\/\/mugardos.gal\/cultura-e-turismo\/reserva-de-instalacions-culturais\/\u00bb][vc_single_image image=\u00bb3060&#8243; img_size=\u00bbmedium\u00bb [&hellip;]","og_url":"https:\/\/mugardos.gal\/es\/cultura-y-turismo\/biblioteca\/","og_site_name":"Concello de Mugardos","article_modified_time":"2020-07-02T10:06:33+00:00","og_image":[{"url":"https:\/\/mugardos.gal\/wp-content\/uploads\/2020\/03\/telefono.png"}],"twitter_card":"summary_large_image","twitter_misc":{"Tiempo de lectura":"5 minutos"},"schema":{"@context":"https:\/\/schema.org","@graph":[{"@type":"WebSite","@id":"https:\/\/mugardos.gal\/#website","url":"https:\/\/mugardos.gal\/","name":"Concello de Mugardos","description":"","potentialAction":[{"@type":"SearchAction","target":{"@type":"EntryPoint","urlTemplate":"https:\/\/mugardos.gal\/?s={search_term_string}"},"query-input":"required name=search_term_string"}],"inLanguage":"es"},{"@type":"ImageObject","inLanguage":"es","@id":"https:\/\/mugardos.gal\/es\/cultura-y-turismo\/biblioteca\/#primaryimage","url":"https:\/\/mugardos.gal\/wp-content\/uploads\/2020\/03\/telefono.png","contentUrl":"https:\/\/mugardos.gal\/wp-content\/uploads\/2020\/03\/telefono.png","width":100,"height":100},{"@type":"WebPage","@id":"https:\/\/mugardos.gal\/es\/cultura-y-turismo\/biblioteca\/#webpage","url":"https:\/\/mugardos.gal\/es\/cultura-y-turismo\/biblioteca\/","name":"BIBLIOTECA MUNICIPAL - Concello de Mugardos","isPartOf":{"@id":"https:\/\/mugardos.gal\/#website"},"primaryImageOfPage":{"@id":"https:\/\/mugardos.gal\/es\/cultura-y-turismo\/biblioteca\/#primaryimage"},"datePublished":"2020-05-27T13:34:53+00:00","dateModified":"2020-07-02T10:06:33+00:00","breadcrumb":{"@id":"https:\/\/mugardos.gal\/es\/cultura-y-turismo\/biblioteca\/#breadcrumb"},"inLanguage":"es","potentialAction":[{"@type":"ReadAction","target":["https:\/\/mugardos.gal\/es\/cultura-y-turismo\/biblioteca\/"]}]},{"@type":"BreadcrumbList","@id":"https:\/\/mugardos.gal\/es\/cultura-y-turismo\/biblioteca\/#breadcrumb","itemListElement":[{"@type":"ListItem","position":1,"name":"Portada","item":"https:\/\/mugardos.gal\/es\/"},{"@type":"ListItem","position":2,"name":"CULTURA Y TURISMO","item":"https:\/\/mugardos.gal\/es\/cultura-y-turismo\/"},{"@type":"ListItem","position":3,"name":"BIBLIOTECA MUNICIPAL"}]}]}},"_links":{"self":[{"href":"https:\/\/mugardos.gal\/es\/wp-json\/wp\/v2\/pages\/4843"}],"collection":[{"href":"https:\/\/mugardos.gal\/es\/wp-json\/wp\/v2\/pages"}],"about":[{"href":"https:\/\/mugardos.gal\/es\/wp-json\/wp\/v2\/types\/page"}],"author":[{"embeddable":true,"href":"https:\/\/mugardos.gal\/es\/wp-json\/wp\/v2\/users\/4"}],"replies":[{"embeddable":true,"href":"https:\/\/mugardos.gal\/es\/wp-json\/wp\/v2\/comments?post=4843"}],"version-history":[{"count":0,"href":"https:\/\/mugardos.gal\/es\/wp-json\/wp\/v2\/pages\/4843\/revisions"}],"up":[{"embeddable":true,"href":"https:\/\/mugardos.gal\/es\/wp-json\/wp\/v2\/pages\/719"}],"wp:attachment":[{"href":"https:\/\/mugardos.gal\/es\/wp-json\/wp\/v2\/media?parent=4843"}],"curies":[{"name":"wp","href":"https:\/\/api.w.org\/{rel}","templated":true}]}}