{"id":4833,"date":"2020-05-27T14:30:06","date_gmt":"2020-05-27T12:30:06","guid":{"rendered":"https:\/\/mugardos.gal\/urbanismo\/pedir-cita-con-las-tecnicas-de-urbanismo\/"},"modified":"2023-10-19T14:18:46","modified_gmt":"2023-10-19T12:18:46","slug":"pedir-cita-con-las-tecnicas-de-urbanismo","status":"publish","type":"page","link":"https:\/\/mugardos.gal\/es\/urbanismo\/pedir-cita-con-las-tecnicas-de-urbanismo\/","title":{"rendered":"PEDIR CITA CON LAS T\u00c9CNICAS DE URBANISMO"},"content":{"rendered":"<p>[vc_row][vc_column][vc_separator color=\u00bbmulled_wine\u00bb style=\u00bbshadow\u00bb border_width=\u00bb4&#8243;][\/vc_column][\/vc_row][vc_row][vc_column width=\u00bb1\/4&#8243; offset=\u00bbvc_hidden-sm vc_hidden-xs\u00bb][vc_row_inner][vc_column_inner][vc_single_image image=\u00bb3159&#8243; img_size=\u00bbmedium\u00bb alignment=\u00bbcenter\u00bb style=\u00bbvc_box_shadow_3d\u00bb onclick=\u00bbcustom_link\u00bb css_animation=\u00bbnone\u00bb css=\u00bb.vc_custom_1590307537935{margin-top: px !important;}\u00bb link=\u00bbhttps:\/\/mugardos.gal\/urbanismo\/contacto-co-departamento-de-urbanismo\/\u00bb][vc_single_image image=\u00bb3167&#8243; img_size=\u00bbmedium\u00bb alignment=\u00bbcenter\u00bb style=\u00bbvc_box_shadow_3d\u00bb onclick=\u00bbcustom_link\u00bb css=\u00bb.vc_custom_1590307555859{margin-top: -40px !important;}\u00bb link=\u00bbhttps:\/\/mugardos.gal\/urbanismo\/solicitude-de-prorroga-de-licenza-de-obras\/\u00bb][vc_single_image image=\u00bb3165&#8243; img_size=\u00bbmedium\u00bb alignment=\u00bbcenter\u00bb style=\u00bbvc_box_shadow_3d\u00bb onclick=\u00bbcustom_link\u00bb css=\u00bb.vc_custom_1590591859531{margin-top: -40px !important;}\u00bb link=\u00bbhttps:\/\/mugardos.gal\/urbanismo\/punto-informacion-catastral\/\u00bb][vc_single_image image=\u00bb3163&#8243; img_size=\u00bbmedium\u00bb alignment=\u00bbcenter\u00bb style=\u00bbvc_box_shadow_3d\u00bb onclick=\u00bbcustom_link\u00bb css=\u00bb.vc_custom_1590307602368{margin-top: -40px !important;}\u00bb link=\u00bbhttps:\/\/mugardos.gal\/urbanismo\/oficina-de-rehabilitacion-integral-zonas-ari\/\u00bb][vc_single_image image=\u00bb3161&#8243; img_size=\u00bbmedium\u00bb alignment=\u00bbcenter\u00bb style=\u00bbvc_box_shadow_3d\u00bb onclick=\u00bbcustom_link\u00bb css=\u00bb.vc_custom_1590307618069{margin-top: -40px !important;}\u00bb link=\u00bbhttps:\/\/mugardos.gal\/urbanismo\/normativa-urbanistica\/\u00bb][vc_single_image image=\u00bb3157&#8243; img_size=\u00bbmedium\u00bb alignment=\u00bbcenter\u00bb style=\u00bbvc_box_shadow_3d\u00bb onclick=\u00bbcustom_link\u00bb css=\u00bb.vc_custom_1590307638978{margin-top: -40px !important;}\u00bb link=\u00bbhttps:\/\/mugardos.gal\/buzon-de-suxestions\/\u00bb][vc_column_text]\n<!-- PRESSVILLE EVENTS : begin -->\n<section class=\"lsvr-pressville-post-grid lsvr-pressville-post-grid--events lsvr-pressville-post-grid--layout-title-top lsvr-pressville-post-grid--dark-bg\"\n    >\n    <div class=\"lsvr-pressville-post-grid__inner\">\n        <div class=\"lsvr-container\">\n            <div class=\"lsvr-pressville-post-grid__content\">\n\n                \n                    <p class=\"c-alert-message\">No hay eventos<\/p>\n\n                \n            <\/div>\n        <\/div>\n    <\/div>\n<\/section>\n<!-- PRESSVILLE EVENTS : end -->\n\n[\/vc_column_text][\/vc_column_inner][\/vc_row_inner][\/vc_column][vc_column width=\u00bb3\/4&#8243;][vc_column_text]\n<p style=\"text-align: justify;\">Con la intenci\u00f3n de mejorar el funcionamiento del departamento y especialmente la atenci\u00f3n a los usuarios de los servicios urban\u00edsticos municipales, y en cumplimiento de las medidas de protecci\u00f3n de contagios de la COVID, los horarios de atenci\u00f3n presencial al p\u00fablico de los servicios t\u00e9cnicos del departamento ser\u00e1n los siguientes:<\/p>\n<p style=\"text-align: center;\"><strong>ATENCI\u00d3N AL P\u00daBLICO DE LOS SERVICIOS T\u00c9CNICOS DE URBANISMO<\/strong><\/p>\n<p style=\"text-align: center;\">Atenci\u00f3n telef\u00f3nica de lunes a viernes de 10.00 a 11.00 horas<\/p>\n<p style=\"text-align: center;\"><strong>Atenci\u00f3n presencial aparejadora:<\/strong><\/p>\n<ul>\n<li>Atenci\u00f3n al p\u00fablico: lunes y jueves de 11.00 a 13.00 horas<\/li>\n<li>Atenci\u00f3n telef\u00f3nica: de lunes a viernes de 10.00 a 11.00 horas<\/li>\n<\/ul>\n<p style=\"text-align: center;\"><strong>Atenci\u00f3n presencial arquitecta:<\/strong><\/p>\n<ul>\n<li>Atenci\u00f3n al p\u00fablico: viernes de 11.00 a 13.00 horas<\/li>\n<li>Atenci\u00f3n telef\u00f3nica: mi\u00e9rcoles a viernes de 10.00 a 11.00 horas (horario preferente)<\/li>\n<\/ul>\n<p style=\"text-align: justify;\"><strong>Arquitecta municipal: Olga Fra<\/strong><\/p>\n<p style=\"text-align: justify;\"><strong>Arquitecta t\u00e9cnica municipal: Carmen Pi\u00f1eiro<\/strong><\/p>\n<p style=\"text-align: justify;\">Para pedir cita previa con cualquiera de las dos t\u00e9cnicas municipales puede utilizarse alguno de los siguientes canales:<\/p>\n<p style=\"padding-left: 40px; text-align: justify;\"><img loading=\"lazy\" class=\"alignnone wp-image-599\" src=\"https:\/\/mugardos.gal\/wp-content\/uploads\/2020\/03\/telefono.png\" alt=\"\" width=\"30\" height=\"30\" \/> Llamar por tel\u00e9fono al 981 470 290 (extensi\u00f3n: #2026)<\/p>\n<p style=\"padding-left: 40px; text-align: justify;\"><img loading=\"lazy\" class=\"alignnone wp-image-595\" src=\"https:\/\/mugardos.gal\/wp-content\/uploads\/2020\/03\/correo.png\" alt=\"\" width=\"30\" height=\"23\" \/> Enviar un correo electr\u00f3nico a la siguiente direcci\u00f3n <a href=\"mailto:cristina.otero@mugardos.gal\">cristina.otero@mugardos.gal <\/a>exponiendo el motivo de la solicitud de la cita<\/p>\n<p style=\"padding-left: 40px; text-align: justify;\"><img loading=\"lazy\" class=\"alignnone wp-image-754\" src=\"https:\/\/mugardos.gal\/wp-content\/uploads\/2020\/03\/lapiz.png\" alt=\"\" width=\"30\" height=\"30\" \/> Cubrir el siguiente formulario:<\/p>\n<p>[\/vc_column_text]<div role=\"form\" class=\"wpcf7\" id=\"wpcf7-f4690-o1\" lang=\"es-ES\" dir=\"ltr\">\n<div class=\"screen-reader-response\"><p role=\"status\" aria-live=\"polite\" aria-atomic=\"true\"><\/p> <ul><\/ul><\/div>\n<form action=\"\/es\/wp-json\/wp\/v2\/pages\/4833#wpcf7-f4690-o1\" method=\"post\" class=\"wpcf7-form init\" novalidate=\"novalidate\" data-status=\"init\">\n<div style=\"display: none;\">\n<input type=\"hidden\" name=\"_wpcf7\" value=\"4690\" \/>\n<input type=\"hidden\" name=\"_wpcf7_version\" value=\"5.5.6.1\" \/>\n<input type=\"hidden\" name=\"_wpcf7_locale\" value=\"es_ES\" \/>\n<input type=\"hidden\" name=\"_wpcf7_unit_tag\" value=\"wpcf7-f4690-o1\" \/>\n<input type=\"hidden\" name=\"_wpcf7_container_post\" value=\"0\" \/>\n<input type=\"hidden\" name=\"_wpcf7_posted_data_hash\" value=\"\" \/>\n<input type=\"hidden\" name=\"_wpcf7_recaptcha_response\" value=\"\" \/>\n<\/div>\n<p><strong>Nombe y apellidos<strong><\/strong><br \/>\n    <span class=\"wpcf7-form-control-wrap your-name\"><input type=\"text\" name=\"your-name\" value=\"\" size=\"40\" class=\"wpcf7-form-control wpcf7-text\" aria-invalid=\"false\" \/><\/span> <\/p>\n<p>Correo electr\u00f3nico (obligatorio)<br \/>\n    <span class=\"wpcf7-form-control-wrap your-email\"><input type=\"email\" name=\"your-email\" value=\"\" size=\"40\" class=\"wpcf7-form-control wpcf7-text wpcf7-email wpcf7-validates-as-required wpcf7-validates-as-email\" aria-required=\"true\" aria-invalid=\"false\" \/><\/span> <\/p>\n<p>Asunto<br \/>\n    <span class=\"wpcf7-form-control-wrap your-subject\"><input type=\"text\" name=\"your-subject\" value=\"\" size=\"40\" class=\"wpcf7-form-control wpcf7-text\" aria-invalid=\"false\" \/><\/span> <\/p>\n<p>T\u00e9cnica con la que desea solicitar cita (obligatorio):<br \/>\n<span class=\"wpcf7-form-control-wrap your-browser\"><select name=\"your-browser\" class=\"wpcf7-form-control wpcf7-select wpcf7-validates-as-required\" aria-required=\"true\" aria-invalid=\"false\"><option value=\"\">---<\/option><option value=\"Olga Fra (Arquitecta)\">Olga Fra (Arquitecta)<\/option><option value=\"Carmen Pi\u00f1eiro (Arquitecta t\u00e9cnica)\">Carmen Pi\u00f1eiro (Arquitecta t\u00e9cnica)<\/option><option value=\"Indiferente\">Indiferente<\/option><\/select><\/span><\/p>\n<p> Mensaje (obligatorio)<br \/>\n    <span class=\"wpcf7-form-control-wrap your-message\"><textarea name=\"your-message\" cols=\"40\" rows=\"10\" class=\"wpcf7-form-control wpcf7-textarea wpcf7-validates-as-required\" aria-required=\"true\" aria-invalid=\"false\"><\/textarea><\/span> <\/p>\n<p>Acepto las condiciones de uso y la<a href=\"https:\/\/mugardos.gal\/proteccion-de-datos\/\" target=\"blank\" rel=\"nofollow\">pol\u00edtica de protecci\u00f3n de datos<\/a><br \/>\n<span class=\"wpcf7-form-control-wrap acceptance-235\"><span class=\"wpcf7-form-control wpcf7-acceptance\"><span class=\"wpcf7-list-item\"><input type=\"checkbox\" name=\"acceptance-235\" value=\"1\" aria-invalid=\"false\" \/><\/span><\/span><\/span><\/p>\n<p><input type=\"submit\" value=\"Enviar\" class=\"wpcf7-form-control has-spinner wpcf7-submit\" \/><\/p>\n<div class=\"wpcf7-response-output\" aria-hidden=\"true\"><\/div><\/form><\/div>[\/vc_column][\/vc_row]\n","protected":false},"excerpt":{"rendered":"<p>[vc_row][vc_column][vc_separator color=\u00bbmulled_wine\u00bb style=\u00bbshadow\u00bb border_width=\u00bb4&#8243;][\/vc_column][\/vc_row][vc_row][vc_column width=\u00bb1\/4&#8243; offset=\u00bbvc_hidden-sm vc_hidden-xs\u00bb][vc_row_inner][vc_column_inner][vc_single_image image=\u00bb3159&#8243; img_size=\u00bbmedium\u00bb alignment=\u00bbcenter\u00bb style=\u00bbvc_box_shadow_3d\u00bb onclick=\u00bbcustom_link\u00bb css_animation=\u00bbnone\u00bb css=\u00bb.vc_custom_1590307537935{margin-top: px !important;}\u00bb link=\u00bbhttps:\/\/mugardos.gal\/urbanismo\/contacto-co-departamento-de-urbanismo\/\u00bb][vc_single_image image=\u00bb3167&#8243; img_size=\u00bbmedium\u00bb alignment=\u00bbcenter\u00bb style=\u00bbvc_box_shadow_3d\u00bb onclick=\u00bbcustom_link\u00bb css=\u00bb.vc_custom_1590307555859{margin-top: -40px !important;}\u00bb link=\u00bbhttps:\/\/mugardos.gal\/urbanismo\/solicitude-de-prorroga-de-licenza-de-obras\/\u00bb][vc_single_image image=\u00bb3165&#8243; img_size=\u00bbmedium\u00bb alignment=\u00bbcenter\u00bb style=\u00bbvc_box_shadow_3d\u00bb onclick=\u00bbcustom_link\u00bb css=\u00bb.vc_custom_1590591859531{margin-top: -40px !important;}\u00bb link=\u00bbhttps:\/\/mugardos.gal\/urbanismo\/punto-informacion-catastral\/\u00bb][vc_single_image image=\u00bb3163&#8243; img_size=\u00bbmedium\u00bb alignment=\u00bbcenter\u00bb style=\u00bbvc_box_shadow_3d\u00bb onclick=\u00bbcustom_link\u00bb css=\u00bb.vc_custom_1590307602368{margin-top: -40px !important;}\u00bb link=\u00bbhttps:\/\/mugardos.gal\/urbanismo\/oficina-de-rehabilitacion-integral-zonas-ari\/\u00bb][vc_single_image image=\u00bb3161&#8243; img_size=\u00bbmedium\u00bb alignment=\u00bbcenter\u00bb style=\u00bbvc_box_shadow_3d\u00bb onclick=\u00bbcustom_link\u00bb css=\u00bb.vc_custom_1590307618069{margin-top: -40px !important;}\u00bb link=\u00bbhttps:\/\/mugardos.gal\/urbanismo\/normativa-urbanistica\/\u00bb][vc_single_image image=\u00bb3157&#8243; img_size=\u00bbmedium\u00bb [&hellip;]<\/p>\n","protected":false},"author":4,"featured_media":0,"parent":717,"menu_order":0,"comment_status":"closed","ping_status":"closed","template":"","meta":[],"yoast_head":"<!-- This site is optimized with the Yoast SEO plugin v18.9 - https:\/\/yoast.com\/wordpress\/plugins\/seo\/ -->\n<title>PEDIR CITA CON LAS T\u00c9CNICAS DE URBANISMO - Concello de Mugardos<\/title>\n<meta name=\"robots\" content=\"index, follow, max-snippet:-1, max-image-preview:large, max-video-preview:-1\" \/>\n<link rel=\"canonical\" href=\"https:\/\/mugardos.gal\/es\/urbanismo\/pedir-cita-con-las-tecnicas-de-urbanismo\/\" \/>\n<meta property=\"og:locale\" content=\"es_ES\" \/>\n<meta property=\"og:type\" content=\"article\" \/>\n<meta property=\"og:title\" content=\"PEDIR CITA CON LAS T\u00c9CNICAS DE URBANISMO - Concello de Mugardos\" \/>\n<meta property=\"og:description\" content=\"[vc_row][vc_column][vc_separator color=\u00bbmulled_wine\u00bb style=\u00bbshadow\u00bb border_width=\u00bb4&#8243;][\/vc_column][\/vc_row][vc_row][vc_column width=\u00bb1\/4&#8243; offset=\u00bbvc_hidden-sm vc_hidden-xs\u00bb][vc_row_inner][vc_column_inner][vc_single_image image=\u00bb3159&#8243; img_size=\u00bbmedium\u00bb alignment=\u00bbcenter\u00bb style=\u00bbvc_box_shadow_3d\u00bb onclick=\u00bbcustom_link\u00bb css_animation=\u00bbnone\u00bb css=\u00bb.vc_custom_1590307537935{margin-top: px !important;}\u00bb link=\u00bbhttps:\/\/mugardos.gal\/urbanismo\/contacto-co-departamento-de-urbanismo\/\u00bb][vc_single_image image=\u00bb3167&#8243; img_size=\u00bbmedium\u00bb alignment=\u00bbcenter\u00bb style=\u00bbvc_box_shadow_3d\u00bb onclick=\u00bbcustom_link\u00bb css=\u00bb.vc_custom_1590307555859{margin-top: -40px !important;}\u00bb link=\u00bbhttps:\/\/mugardos.gal\/urbanismo\/solicitude-de-prorroga-de-licenza-de-obras\/\u00bb][vc_single_image image=\u00bb3165&#8243; img_size=\u00bbmedium\u00bb alignment=\u00bbcenter\u00bb style=\u00bbvc_box_shadow_3d\u00bb onclick=\u00bbcustom_link\u00bb css=\u00bb.vc_custom_1590591859531{margin-top: -40px !important;}\u00bb link=\u00bbhttps:\/\/mugardos.gal\/urbanismo\/punto-informacion-catastral\/\u00bb][vc_single_image image=\u00bb3163&#8243; img_size=\u00bbmedium\u00bb alignment=\u00bbcenter\u00bb style=\u00bbvc_box_shadow_3d\u00bb onclick=\u00bbcustom_link\u00bb css=\u00bb.vc_custom_1590307602368{margin-top: -40px !important;}\u00bb link=\u00bbhttps:\/\/mugardos.gal\/urbanismo\/oficina-de-rehabilitacion-integral-zonas-ari\/\u00bb][vc_single_image image=\u00bb3161&#8243; img_size=\u00bbmedium\u00bb alignment=\u00bbcenter\u00bb style=\u00bbvc_box_shadow_3d\u00bb onclick=\u00bbcustom_link\u00bb css=\u00bb.vc_custom_1590307618069{margin-top: -40px !important;}\u00bb link=\u00bbhttps:\/\/mugardos.gal\/urbanismo\/normativa-urbanistica\/\u00bb][vc_single_image image=\u00bb3157&#8243; img_size=\u00bbmedium\u00bb [&hellip;]\" \/>\n<meta property=\"og:url\" content=\"https:\/\/mugardos.gal\/es\/urbanismo\/pedir-cita-con-las-tecnicas-de-urbanismo\/\" \/>\n<meta property=\"og:site_name\" content=\"Concello de Mugardos\" \/>\n<meta property=\"article:modified_time\" content=\"2023-10-19T12:18:46+00:00\" \/>\n<meta property=\"og:image\" content=\"https:\/\/mugardos.gal\/wp-content\/uploads\/2020\/03\/telefono.png\" \/>\n<meta name=\"twitter:card\" content=\"summary_large_image\" \/>\n<meta name=\"twitter:label1\" content=\"Tiempo de lectura\" \/>\n\t<meta name=\"twitter:data1\" content=\"2 minutos\" \/>\n<script type=\"application\/ld+json\" class=\"yoast-schema-graph\">{\"@context\":\"https:\/\/schema.org\",\"@graph\":[{\"@type\":\"WebSite\",\"@id\":\"https:\/\/mugardos.gal\/#website\",\"url\":\"https:\/\/mugardos.gal\/\",\"name\":\"Concello de Mugardos\",\"description\":\"\",\"potentialAction\":[{\"@type\":\"SearchAction\",\"target\":{\"@type\":\"EntryPoint\",\"urlTemplate\":\"https:\/\/mugardos.gal\/?s={search_term_string}\"},\"query-input\":\"required name=search_term_string\"}],\"inLanguage\":\"es\"},{\"@type\":\"ImageObject\",\"inLanguage\":\"es\",\"@id\":\"https:\/\/mugardos.gal\/es\/urbanismo\/pedir-cita-con-las-tecnicas-de-urbanismo\/#primaryimage\",\"url\":\"https:\/\/mugardos.gal\/wp-content\/uploads\/2020\/03\/telefono.png\",\"contentUrl\":\"https:\/\/mugardos.gal\/wp-content\/uploads\/2020\/03\/telefono.png\",\"width\":100,\"height\":100},{\"@type\":\"WebPage\",\"@id\":\"https:\/\/mugardos.gal\/es\/urbanismo\/pedir-cita-con-las-tecnicas-de-urbanismo\/#webpage\",\"url\":\"https:\/\/mugardos.gal\/es\/urbanismo\/pedir-cita-con-las-tecnicas-de-urbanismo\/\",\"name\":\"PEDIR CITA CON LAS T\u00c9CNICAS DE URBANISMO - Concello de Mugardos\",\"isPartOf\":{\"@id\":\"https:\/\/mugardos.gal\/#website\"},\"primaryImageOfPage\":{\"@id\":\"https:\/\/mugardos.gal\/es\/urbanismo\/pedir-cita-con-las-tecnicas-de-urbanismo\/#primaryimage\"},\"datePublished\":\"2020-05-27T12:30:06+00:00\",\"dateModified\":\"2023-10-19T12:18:46+00:00\",\"breadcrumb\":{\"@id\":\"https:\/\/mugardos.gal\/es\/urbanismo\/pedir-cita-con-las-tecnicas-de-urbanismo\/#breadcrumb\"},\"inLanguage\":\"es\",\"potentialAction\":[{\"@type\":\"ReadAction\",\"target\":[\"https:\/\/mugardos.gal\/es\/urbanismo\/pedir-cita-con-las-tecnicas-de-urbanismo\/\"]}]},{\"@type\":\"BreadcrumbList\",\"@id\":\"https:\/\/mugardos.gal\/es\/urbanismo\/pedir-cita-con-las-tecnicas-de-urbanismo\/#breadcrumb\",\"itemListElement\":[{\"@type\":\"ListItem\",\"position\":1,\"name\":\"Portada\",\"item\":\"https:\/\/mugardos.gal\/es\/\"},{\"@type\":\"ListItem\",\"position\":2,\"name\":\"URBANISMO\",\"item\":\"https:\/\/mugardos.gal\/es\/urbanismo\/\"},{\"@type\":\"ListItem\",\"position\":3,\"name\":\"PEDIR CITA CON LAS T\u00c9CNICAS DE URBANISMO\"}]}]}<\/script>\n<!-- \/ Yoast SEO plugin. -->","yoast_head_json":{"title":"PEDIR CITA CON LAS T\u00c9CNICAS DE URBANISMO - Concello de Mugardos","robots":{"index":"index","follow":"follow","max-snippet":"max-snippet:-1","max-image-preview":"max-image-preview:large","max-video-preview":"max-video-preview:-1"},"canonical":"https:\/\/mugardos.gal\/es\/urbanismo\/pedir-cita-con-las-tecnicas-de-urbanismo\/","og_locale":"es_ES","og_type":"article","og_title":"PEDIR CITA CON LAS T\u00c9CNICAS DE URBANISMO - Concello de Mugardos","og_description":"[vc_row][vc_column][vc_separator color=\u00bbmulled_wine\u00bb style=\u00bbshadow\u00bb border_width=\u00bb4&#8243;][\/vc_column][\/vc_row][vc_row][vc_column width=\u00bb1\/4&#8243; offset=\u00bbvc_hidden-sm vc_hidden-xs\u00bb][vc_row_inner][vc_column_inner][vc_single_image image=\u00bb3159&#8243; img_size=\u00bbmedium\u00bb alignment=\u00bbcenter\u00bb style=\u00bbvc_box_shadow_3d\u00bb onclick=\u00bbcustom_link\u00bb css_animation=\u00bbnone\u00bb css=\u00bb.vc_custom_1590307537935{margin-top: px !important;}\u00bb link=\u00bbhttps:\/\/mugardos.gal\/urbanismo\/contacto-co-departamento-de-urbanismo\/\u00bb][vc_single_image image=\u00bb3167&#8243; img_size=\u00bbmedium\u00bb alignment=\u00bbcenter\u00bb style=\u00bbvc_box_shadow_3d\u00bb onclick=\u00bbcustom_link\u00bb css=\u00bb.vc_custom_1590307555859{margin-top: -40px !important;}\u00bb link=\u00bbhttps:\/\/mugardos.gal\/urbanismo\/solicitude-de-prorroga-de-licenza-de-obras\/\u00bb][vc_single_image image=\u00bb3165&#8243; img_size=\u00bbmedium\u00bb alignment=\u00bbcenter\u00bb style=\u00bbvc_box_shadow_3d\u00bb onclick=\u00bbcustom_link\u00bb css=\u00bb.vc_custom_1590591859531{margin-top: -40px !important;}\u00bb link=\u00bbhttps:\/\/mugardos.gal\/urbanismo\/punto-informacion-catastral\/\u00bb][vc_single_image image=\u00bb3163&#8243; img_size=\u00bbmedium\u00bb alignment=\u00bbcenter\u00bb style=\u00bbvc_box_shadow_3d\u00bb onclick=\u00bbcustom_link\u00bb css=\u00bb.vc_custom_1590307602368{margin-top: -40px !important;}\u00bb link=\u00bbhttps:\/\/mugardos.gal\/urbanismo\/oficina-de-rehabilitacion-integral-zonas-ari\/\u00bb][vc_single_image image=\u00bb3161&#8243; img_size=\u00bbmedium\u00bb alignment=\u00bbcenter\u00bb style=\u00bbvc_box_shadow_3d\u00bb onclick=\u00bbcustom_link\u00bb css=\u00bb.vc_custom_1590307618069{margin-top: -40px !important;}\u00bb link=\u00bbhttps:\/\/mugardos.gal\/urbanismo\/normativa-urbanistica\/\u00bb][vc_single_image image=\u00bb3157&#8243; img_size=\u00bbmedium\u00bb [&hellip;]","og_url":"https:\/\/mugardos.gal\/es\/urbanismo\/pedir-cita-con-las-tecnicas-de-urbanismo\/","og_site_name":"Concello de Mugardos","article_modified_time":"2023-10-19T12:18:46+00:00","og_image":[{"url":"https:\/\/mugardos.gal\/wp-content\/uploads\/2020\/03\/telefono.png"}],"twitter_card":"summary_large_image","twitter_misc":{"Tiempo de lectura":"2 minutos"},"schema":{"@context":"https:\/\/schema.org","@graph":[{"@type":"WebSite","@id":"https:\/\/mugardos.gal\/#website","url":"https:\/\/mugardos.gal\/","name":"Concello de Mugardos","description":"","potentialAction":[{"@type":"SearchAction","target":{"@type":"EntryPoint","urlTemplate":"https:\/\/mugardos.gal\/?s={search_term_string}"},"query-input":"required name=search_term_string"}],"inLanguage":"es"},{"@type":"ImageObject","inLanguage":"es","@id":"https:\/\/mugardos.gal\/es\/urbanismo\/pedir-cita-con-las-tecnicas-de-urbanismo\/#primaryimage","url":"https:\/\/mugardos.gal\/wp-content\/uploads\/2020\/03\/telefono.png","contentUrl":"https:\/\/mugardos.gal\/wp-content\/uploads\/2020\/03\/telefono.png","width":100,"height":100},{"@type":"WebPage","@id":"https:\/\/mugardos.gal\/es\/urbanismo\/pedir-cita-con-las-tecnicas-de-urbanismo\/#webpage","url":"https:\/\/mugardos.gal\/es\/urbanismo\/pedir-cita-con-las-tecnicas-de-urbanismo\/","name":"PEDIR CITA CON LAS T\u00c9CNICAS DE URBANISMO - Concello de Mugardos","isPartOf":{"@id":"https:\/\/mugardos.gal\/#website"},"primaryImageOfPage":{"@id":"https:\/\/mugardos.gal\/es\/urbanismo\/pedir-cita-con-las-tecnicas-de-urbanismo\/#primaryimage"},"datePublished":"2020-05-27T12:30:06+00:00","dateModified":"2023-10-19T12:18:46+00:00","breadcrumb":{"@id":"https:\/\/mugardos.gal\/es\/urbanismo\/pedir-cita-con-las-tecnicas-de-urbanismo\/#breadcrumb"},"inLanguage":"es","potentialAction":[{"@type":"ReadAction","target":["https:\/\/mugardos.gal\/es\/urbanismo\/pedir-cita-con-las-tecnicas-de-urbanismo\/"]}]},{"@type":"BreadcrumbList","@id":"https:\/\/mugardos.gal\/es\/urbanismo\/pedir-cita-con-las-tecnicas-de-urbanismo\/#breadcrumb","itemListElement":[{"@type":"ListItem","position":1,"name":"Portada","item":"https:\/\/mugardos.gal\/es\/"},{"@type":"ListItem","position":2,"name":"URBANISMO","item":"https:\/\/mugardos.gal\/es\/urbanismo\/"},{"@type":"ListItem","position":3,"name":"PEDIR CITA CON LAS T\u00c9CNICAS DE URBANISMO"}]}]}},"_links":{"self":[{"href":"https:\/\/mugardos.gal\/es\/wp-json\/wp\/v2\/pages\/4833"}],"collection":[{"href":"https:\/\/mugardos.gal\/es\/wp-json\/wp\/v2\/pages"}],"about":[{"href":"https:\/\/mugardos.gal\/es\/wp-json\/wp\/v2\/types\/page"}],"author":[{"embeddable":true,"href":"https:\/\/mugardos.gal\/es\/wp-json\/wp\/v2\/users\/4"}],"replies":[{"embeddable":true,"href":"https:\/\/mugardos.gal\/es\/wp-json\/wp\/v2\/comments?post=4833"}],"version-history":[{"count":4,"href":"https:\/\/mugardos.gal\/es\/wp-json\/wp\/v2\/pages\/4833\/revisions"}],"predecessor-version":[{"id":20177,"href":"https:\/\/mugardos.gal\/es\/wp-json\/wp\/v2\/pages\/4833\/revisions\/20177"}],"up":[{"embeddable":true,"href":"https:\/\/mugardos.gal\/es\/wp-json\/wp\/v2\/pages\/717"}],"wp:attachment":[{"href":"https:\/\/mugardos.gal\/es\/wp-json\/wp\/v2\/media?parent=4833"}],"curies":[{"name":"wp","href":"https:\/\/api.w.org\/{rel}","templated":true}]}}