{"id":4826,"date":"2020-05-27T14:11:17","date_gmt":"2020-05-27T12:11:17","guid":{"rendered":"https:\/\/mugardos.gal\/bienestar-social\/transporte-metropolitano\/"},"modified":"2020-06-01T14:45:04","modified_gmt":"2020-06-01T12:45:04","slug":"transporte-metropolitano","status":"publish","type":"page","link":"https:\/\/mugardos.gal\/es\/bienestar-social\/transporte-metropolitano\/","title":{"rendered":"TRANSPORTE METROPOLITANO"},"content":{"rendered":"<p>[vc_row][vc_column][vc_separator color=\u00bbchino\u00bb style=\u00bbshadow\u00bb border_width=\u00bb4&#8243;][\/vc_column][\/vc_row][vc_row][vc_column width=\u00bb1\/4&#8243; offset=\u00bbvc_hidden-sm vc_hidden-xs\u00bb][vc_row_inner][vc_column_inner][vc_single_image image=\u00bb3093&#8243; img_size=\u00bbmedium\u00bb alignment=\u00bbcenter\u00bb style=\u00bbvc_box_shadow_3d\u00bb onclick=\u00bbcustom_link\u00bb css_animation=\u00bbnone\u00bb link=\u00bbhttps:\/\/mugardos.gal\/es\/benestar-social\/contacto-co-departamento-de-benestar-social\/\u00bb][vc_single_image image=\u00bb3087&#8243; img_size=\u00bbmedium\u00bb alignment=\u00bbcenter\u00bb style=\u00bbvc_box_shadow_3d\u00bb onclick=\u00bbcustom_link\u00bb css=\u00bb.vc_custom_1591015464671{margin-top: -40px !important;}\u00bb link=\u00bbhttps:\/\/mugardos.gal\/es\/benestar-social\/axudas-de-ensino-e-transporte\/\u00bb][vc_single_image image=\u00bb3099&#8243; img_size=\u00bbmedium\u00bb alignment=\u00bbcenter\u00bb style=\u00bbvc_box_shadow_3d\u00bb onclick=\u00bbcustom_link\u00bb css=\u00bb.vc_custom_1591015469472{margin-top: -40px !important;}\u00bb link=\u00bbhttps:\/\/mugardos.gal\/es\/benestar-social\/exencions-e-bonificacions-nas-taxas-de-auga-lixo-e-sumidoiros\/\u00bb][vc_single_image image=\u00bb3405&#8243; img_size=\u00bbmedium\u00bb alignment=\u00bbcenter\u00bb style=\u00bbvc_box_shadow_3d\u00bb onclick=\u00bbcustom_link\u00bb css=\u00bb.vc_custom_1591015477906{margin-top: -40px !important;}\u00bb link=\u00bbhttps:\/\/mugardos.gal\/es\/benestar-social\/escola-infantil-municipal-lagoas\/\u00bb][vc_single_image image=\u00bb3097&#8243; img_size=\u00bbmedium\u00bb alignment=\u00bbcenter\u00bb style=\u00bbvc_box_shadow_3d\u00bb onclick=\u00bbcustom_link\u00bb css=\u00bb.vc_custom_1591015490586{margin-top: -40px !important;}\u00bb link=\u00bbhttps:\/\/mugardos.gal\/es\/benestar-social\/espazo-infantil-xogo-ludoteca\/\u00bb][vc_single_image image=\u00bb3091&#8243; img_size=\u00bbmedium\u00bb alignment=\u00bbcenter\u00bb style=\u00bbvc_box_shadow_3d\u00bb onclick=\u00bbcustom_link\u00bb css=\u00bb.vc_custom_1591015496343{margin-top: -40px !important;}\u00bb link=\u00bbhttps:\/\/mugardos.gal\/es\/benestar-social\/comedores-escolares-municipais-bienestar\/\u00bb][vc_single_image image=\u00bb3141&#8243; img_size=\u00bbmedium\u00bb alignment=\u00bbcenter\u00bb style=\u00bbvc_box_shadow_3d\u00bb onclick=\u00bbcustom_link\u00bb css=\u00bb.vc_custom_1591015502397{margin-top: -40px !important;}\u00bb link=\u00bbhttps:\/\/mugardos.gal\/es\/benestar-social\/transporte-metropolitano\/\u00bb][vc_single_image image=\u00bb3089&#8243; img_size=\u00bbmedium\u00bb alignment=\u00bbcenter\u00bb style=\u00bbvc_box_shadow_3d\u00bb onclick=\u00bbcustom_link\u00bb css=\u00bb.vc_custom_1591015508025{margin-top: -40px !important;}\u00bb link=\u00bbhttps:\/\/mugardos.gal\/es\/buzon-de-suxestions\/\u00bb][\/vc_column_inner][\/vc_row_inner][\/vc_column][vc_column width=\u00bb3\/4&#8243;][vc_column_text]\n<p style=\"text-align: justify;\">El Plan de Transporte Metropolitano de Galicia tiene como objetivo fundamental mejorar la movilidad y accesibilidad en el entorno de todas las \u00e1reas metropolitanas. Las personas usuarias podr\u00e1n optar por el pago en efectivo (billete sencillo) o por el pago mediante la tarjeta metropolitana, que le ofrecer\u00e1 mayores descuentos.<\/p>\n<p style=\"text-align: justify;\">Desde el Ayuntamiento de Mugardos se establecen las condiciones que regir\u00e1n las ayudas al transporte colectivo, destinadas a promover y facilitar la movilidad y el desplazamiento y la intercomunicaci\u00f3n a trav\u00e9s de los medios de transporte p\u00fablicos de los siguientes colectivos: personas en situaci\u00f3n de riesgo social o estudiantes.<\/p>\n<p style=\"text-align: justify;\">Desde el 1 de noviembre de 2015, la cuant\u00eda de las ayudas municipales concedidas son:<\/p>\n<ul>\n<li style=\"text-align: justify;\">Personas en situaci\u00f3n de riesgo social y\/o dificultad socioecon\u00f3mica: 100% del importe del viaje, m\u00e1ximo de 10 viajes mensuales.<\/li>\n<li style=\"text-align: justify;\">Estudiantes: 25% importe del viaje, m\u00e1ximo 41 viajes mensuales.<\/li>\n<\/ul>\n<p>[\/vc_column_text][vc_tta_accordion active_section=\u00bb0&#8243; collapsible_all=\u00bbtrue\u00bb][vc_tta_section title=\u00bbINSTANCIAS\u00bb tab_id=\u00bb1590305538716-db015395-d06b\u00bb][vc_column_text]\n<p style=\"text-align: justify;\"><img loading=\"lazy\" class=\"alignnone wp-image-581\" src=\"https:\/\/mugardos.gal\/wp-content\/uploads\/2020\/03\/pdf.png\" alt=\"\" width=\"40\" height=\"40\" \/><a href=\"https:\/\/mugardos.gal\/wp-content\/uploads\/2020\/05\/Solicitude-Transporete-metropolitano.pdf\">DESCARGAR PDF Solicitud de ayuda para transporte metropolitano<\/a><\/p>\n<p style=\"text-align: justify;\"><img loading=\"lazy\" class=\"alignnone wp-image-581\" src=\"https:\/\/mugardos.gal\/wp-content\/uploads\/2020\/03\/pdf.png\" alt=\"\" width=\"40\" height=\"40\" \/><a href=\"https:\/\/mugardos.gal\/wp-content\/uploads\/2020\/05\/Declaraci\u00f3n-responsable-Transporete-metropolitano.pdf\">DESCARGAR PDF Declaraci\u00f3n responsable de ayuda para transporte metropolitano<\/a><\/p>\n<p>[\/vc_column_text][\/vc_tta_section][vc_tta_section title=\u00bbTRAMITACI\u00d3N Y REGISTRO\u00bb tab_id=\u00bb1590305558328-11e3f406-ceb3&#8243;][vc_column_text]\n<p id=\"contenedor\" class=\"textarea unknown\" style=\"text-align: justify;\">Las solicitudes se realizar\u00e1n a instancia de parte conforme al modelo establecido en el anexo I que, junto con la documentaci\u00f3n general se\u00f1alada en la solicitud, as\u00ed como la documentaci\u00f3n espec\u00edfica seg\u00fan el colectivo solicitante:<\/p>\n<p style=\"text-align: justify;\">a. Personas en situaci\u00f3n de riesgo social y\/o dificultad socioecon\u00f3mica:<\/p>\n<ul style=\"text-align: justify;\">\n<li>\n<p id=\"contenedor\" class=\"textarea unknown\">Informe de los servicios sociales comunitarios que acredite las razones de emergencia social o de precariedad personal y\/o econ\u00f3mica. La tal efecto, los servicios sociales municipales requerir\u00e1n la documentaci\u00f3n justificativa necesaria para la elaboraci\u00f3n del informe t\u00e9cnico documentado que justifique la valoraci\u00f3n de su concesi\u00f3n o denegaci\u00f3n.<\/p>\n<\/li>\n<\/ul>\n<p style=\"text-align: justify;\">b. Estudiantes:<\/p>\n<ul style=\"text-align: justify;\">\n<li style=\"text-align: justify;\">Fotocopia del DNI del solicitante (o padre, madre o tutor\/a) y del libro de familia en el que figuren todos los miembros de la unidad familiar.<\/li>\n<li style=\"text-align: justify;\">Informe de convivencia (se expedir\u00e1 de oficio por parte del ayuntamiento).<\/li>\n<li style=\"text-align: justify;\">Fotocopia de la declaraci\u00f3n de la renta correspondiente al \u00faltimo ejercicio de los progenitores o tutores\/as legales y de los integrantes de la unidad familiar mayores de 18 a\u00f1os. En el caso de no estar obligado\/a presentar la declaraci\u00f3n del IRPF, copia de la notificaci\u00f3n-liquidaci\u00f3n o certificado acreditativo del nivel de rentas emitido por la Agencia de Administraci\u00f3n Tributaria que corresponda.<\/li>\n<li style=\"text-align: justify;\">Certificado de la matr\u00edcula o informe expedido por el centro educativo que acredite la condici\u00f3n de alumno\/a.<\/li>\n<li style=\"text-align: justify;\">Declaraci\u00f3n responsable de encontrarse al corriente con los deberes tributarios y de la Seguridad Social, de no estar incurso\/a en ninguha de las prohibiciones para obtener la condici\u00f3n de beneficiario\/a de subvenciones p\u00fablicas y de estar al corriente en el cumplimiento de deberes por reintegro de subvenciones, y autorizaci\u00f3n al Ayuntamiento de Mugardos para que realice las comprobaciones oportunas durante todo el per\u00edodo que dure el proceso.<\/li>\n<li style=\"text-align: justify;\">El ayuntamiento podr\u00e1 requerir de las personas solicitantes, en cualquier momento, aclaraci\u00f3n de la documentaci\u00f3n presentada, y cualquier otra necesaria para la valoraci\u00f3n de la solicitud. Las unidades familiares que hayan entregado documentaci\u00f3n del departamento de servicios sociales para cualquier gesti\u00f3n, que conste en su expediente y que sea v\u00e1lida, podr\u00e1n quedar eximidas de la presentaci\u00f3n de esta documentaci\u00f3n una vez sea revisada por el personal del departamento.<\/li>\n<\/ul>\n<p style=\"text-align: justify;\">Las solicitudes se registrar\u00e1n en el Ayuntamiento, junto con toda la documentaci\u00f3n requerida, en el registro municipal bien f\u00edsicamente o bien a trav\u00e9s de la sede electr\u00f3nica municipal:<\/p>\n<ul style=\"text-align: justify;\">\n<li style=\"text-align: justify;\"><strong>Oficina de Registro General del Ayuntamiento de Mugardos <\/strong><\/li>\n<\/ul>\n<p style=\"padding-left: 40px; text-align: justify;\"><img loading=\"lazy\" class=\"alignnone wp-image-596\" src=\"https:\/\/mugardos.gal\/wp-content\/uploads\/2020\/03\/direcci\u00f3n.png\" alt=\"\" width=\"30\" height=\"30\" \/>Avenida de Galicia n\u00ba 45, bajo<\/p>\n<p style=\"padding-left: 40px; text-align: justify;\"><img loading=\"lazy\" class=\"alignnone wp-image-609\" src=\"https:\/\/mugardos.gal\/wp-content\/uploads\/2020\/03\/hora.png\" alt=\"\" width=\"30\" height=\"30\" \/>Horario de atenci\u00f3n al p\u00fablico de lunes a viernes, de 9.00 a 14.00 horas<\/p>\n<ul style=\"text-align: justify;\">\n<li style=\"text-align: justify;\"><strong>Sede electr\u00f3nica municipal: requiere identificaci\u00f3n digital<\/strong> (DNIe\/Certificado dixital \u2013 Cl@ve PIN \u2013 Cl@ve permanente)<\/li>\n<\/ul>\n<p style=\"padding-left: 40px; text-align: justify;\"><img loading=\"lazy\" class=\"alignnone wp-image-602\" src=\"https:\/\/mugardos.gal\/wp-content\/uploads\/2020\/03\/web.png\" alt=\"\" width=\"30\" height=\"30\" \/><a href=\"https:\/\/sede.concellodemugardos.gal\/opencms\/gl\/\">IR AL ENLACE Acceder a la Sede electr\u00f3nica del Ayuntamiento de Mugardos<\/a><\/p>\n<p style=\"padding-left: 40px; text-align: justify;\"><em>Se recuerda que no hace falta tener una autenticaci\u00f3n permanente en el ordenador o en el terminal telef\u00f3nico para la realizaci\u00f3n de tramitaciones online. Las personas interesadas podr\u00e1n solicitar de forma sencilla y segura una Cl@ve PIN temporal (de 24 horas) para la realizaci\u00f3n de cualquier tramitaci\u00f3n a trav\u00e9s de la sede electr\u00f3nica. En el siguiente enlace puede accederse a la p\u00e1gina web oficial para la solicitud de la Cl@ve PIN temporal (si es la primera vez que se solicita deber\u00e1 realizarse el registro como usuario previamente):<\/em><\/p>\n<p style=\"padding-left: 40px; text-align: justify;\"><img loading=\"lazy\" class=\"alignnone wp-image-602\" src=\"https:\/\/mugardos.gal\/wp-content\/uploads\/2020\/03\/web.png\" alt=\"\" width=\"30\" height=\"30\" \/><a href=\"https:\/\/clave.gob.es\/clave_Home\/PIN24H.html\">IR AL ENLACE Obtenci\u00f3n de Cl@ve PIN temporal de 24 horas<\/a><\/p>\n<p style=\"padding-left: 40px; text-align: justify;\"><img loading=\"lazy\" class=\"alignnone wp-image-602\" src=\"https:\/\/mugardos.gal\/wp-content\/uploads\/2020\/03\/web.png\" alt=\"\" width=\"30\" height=\"30\" \/> <a href=\"https:\/\/clave.gob.es\/clave_Home\/registro.html\">IR AL ENLACE Registro en Cl@ve<\/a><\/p>\n<p>[\/vc_column_text][\/vc_tta_section][vc_tta_section title=\u00bbNORMATIVA REGULADORA\u00bb tab_id=\u00bb1590305557841-3870a54b-6956&#8243;][vc_column_text]\n<p style=\"text-align: justify;\">Existe un reglamento municipal aprobado para la gesti\u00f3n y tramitaci\u00f3n de las ayudas al transporte colectivo. Puede consultarse toda la informaci\u00f3n relativa al transporte metropolitano:<\/p>\n<p style=\"text-align: justify;\"><img loading=\"lazy\" class=\"alignnone wp-image-581\" src=\"https:\/\/mugardos.gal\/wp-content\/uploads\/2020\/03\/pdf.png\" alt=\"\" width=\"40\" height=\"40\" \/> <a href=\"https:\/\/mugardos.gal\/wp-content\/uploads\/2020\/05\/Regulamento-transporte-metropolitano.pdf\">DESCARGAR PDF Regulamento del transporte metropolitano social del Ayuntamiento de Mugardos<\/a><\/p>\n<p style=\"text-align: justify;\"><img loading=\"lazy\" class=\"alignnone wp-image-602\" src=\"https:\/\/mugardos.gal\/wp-content\/uploads\/2020\/03\/web.png\" alt=\"\" width=\"30\" height=\"30\" \/> <a href=\"https:\/\/tmg.xunta.gal\/portada\">IR AL ENLACE Web oficial del transporte metropolitano<\/a><\/p>\n<p style=\"text-align: justify;\"><img loading=\"lazy\" class=\"alignnone wp-image-602\" src=\"https:\/\/mugardos.gal\/wp-content\/uploads\/2020\/03\/web.png\" alt=\"\" width=\"30\" height=\"30\" \/> <a href=\"https:\/\/tmg.xunta.gal\/tarxeta-metropolitana-introducion\">IR AL ENLACE Informaci\u00f3n sobre la tarjeta metropolitana<\/a><\/p>\n<p style=\"text-align: justify;\"><img loading=\"lazy\" class=\"alignnone wp-image-602\" src=\"https:\/\/mugardos.gal\/wp-content\/uploads\/2020\/03\/web.png\" alt=\"\" width=\"30\" height=\"30\" \/> <a href=\"https:\/\/tmg.xunta.gal\/area-de-ferrol\">IR AL ENLACE Informaci\u00f3n sobre tarifas zona Ferrol<\/a><\/p>\n<p>[\/vc_column_text][\/vc_tta_section][\/vc_tta_accordion][\/vc_column][\/vc_row]\n","protected":false},"excerpt":{"rendered":"<p>[vc_row][vc_column][vc_separator color=\u00bbchino\u00bb style=\u00bbshadow\u00bb border_width=\u00bb4&#8243;][\/vc_column][\/vc_row][vc_row][vc_column width=\u00bb1\/4&#8243; offset=\u00bbvc_hidden-sm vc_hidden-xs\u00bb][vc_row_inner][vc_column_inner][vc_single_image image=\u00bb3093&#8243; img_size=\u00bbmedium\u00bb alignment=\u00bbcenter\u00bb style=\u00bbvc_box_shadow_3d\u00bb onclick=\u00bbcustom_link\u00bb css_animation=\u00bbnone\u00bb link=\u00bbhttps:\/\/mugardos.gal\/es\/benestar-social\/contacto-co-departamento-de-benestar-social\/\u00bb][vc_single_image image=\u00bb3087&#8243; img_size=\u00bbmedium\u00bb alignment=\u00bbcenter\u00bb style=\u00bbvc_box_shadow_3d\u00bb onclick=\u00bbcustom_link\u00bb css=\u00bb.vc_custom_1591015464671{margin-top: -40px !important;}\u00bb link=\u00bbhttps:\/\/mugardos.gal\/es\/benestar-social\/axudas-de-ensino-e-transporte\/\u00bb][vc_single_image image=\u00bb3099&#8243; img_size=\u00bbmedium\u00bb alignment=\u00bbcenter\u00bb style=\u00bbvc_box_shadow_3d\u00bb onclick=\u00bbcustom_link\u00bb css=\u00bb.vc_custom_1591015469472{margin-top: -40px !important;}\u00bb link=\u00bbhttps:\/\/mugardos.gal\/es\/benestar-social\/exencions-e-bonificacions-nas-taxas-de-auga-lixo-e-sumidoiros\/\u00bb][vc_single_image image=\u00bb3405&#8243; img_size=\u00bbmedium\u00bb alignment=\u00bbcenter\u00bb style=\u00bbvc_box_shadow_3d\u00bb onclick=\u00bbcustom_link\u00bb css=\u00bb.vc_custom_1591015477906{margin-top: -40px !important;}\u00bb link=\u00bbhttps:\/\/mugardos.gal\/es\/benestar-social\/escola-infantil-municipal-lagoas\/\u00bb][vc_single_image image=\u00bb3097&#8243; img_size=\u00bbmedium\u00bb alignment=\u00bbcenter\u00bb style=\u00bbvc_box_shadow_3d\u00bb onclick=\u00bbcustom_link\u00bb css=\u00bb.vc_custom_1591015490586{margin-top: -40px !important;}\u00bb link=\u00bbhttps:\/\/mugardos.gal\/es\/benestar-social\/espazo-infantil-xogo-ludoteca\/\u00bb][vc_single_image image=\u00bb3091&#8243; img_size=\u00bbmedium\u00bb alignment=\u00bbcenter\u00bb style=\u00bbvc_box_shadow_3d\u00bb onclick=\u00bbcustom_link\u00bb [&hellip;]<\/p>\n","protected":false},"author":4,"featured_media":0,"parent":715,"menu_order":0,"comment_status":"closed","ping_status":"closed","template":"","meta":[],"yoast_head":"<!-- This site is optimized with the Yoast SEO plugin v18.9 - https:\/\/yoast.com\/wordpress\/plugins\/seo\/ -->\n<title>TRANSPORTE METROPOLITANO - Concello de Mugardos<\/title>\n<meta name=\"robots\" content=\"index, follow, max-snippet:-1, max-image-preview:large, max-video-preview:-1\" \/>\n<link rel=\"canonical\" href=\"https:\/\/mugardos.gal\/es\/bienestar-social\/transporte-metropolitano\/\" \/>\n<meta property=\"og:locale\" content=\"es_ES\" \/>\n<meta property=\"og:type\" content=\"article\" \/>\n<meta property=\"og:title\" content=\"TRANSPORTE METROPOLITANO - Concello de Mugardos\" \/>\n<meta property=\"og:description\" content=\"[vc_row][vc_column][vc_separator color=\u00bbchino\u00bb style=\u00bbshadow\u00bb border_width=\u00bb4&#8243;][\/vc_column][\/vc_row][vc_row][vc_column width=\u00bb1\/4&#8243; offset=\u00bbvc_hidden-sm vc_hidden-xs\u00bb][vc_row_inner][vc_column_inner][vc_single_image image=\u00bb3093&#8243; img_size=\u00bbmedium\u00bb alignment=\u00bbcenter\u00bb style=\u00bbvc_box_shadow_3d\u00bb onclick=\u00bbcustom_link\u00bb css_animation=\u00bbnone\u00bb link=\u00bbhttps:\/\/mugardos.gal\/es\/benestar-social\/contacto-co-departamento-de-benestar-social\/\u00bb][vc_single_image image=\u00bb3087&#8243; img_size=\u00bbmedium\u00bb alignment=\u00bbcenter\u00bb style=\u00bbvc_box_shadow_3d\u00bb onclick=\u00bbcustom_link\u00bb css=\u00bb.vc_custom_1591015464671{margin-top: -40px !important;}\u00bb link=\u00bbhttps:\/\/mugardos.gal\/es\/benestar-social\/axudas-de-ensino-e-transporte\/\u00bb][vc_single_image image=\u00bb3099&#8243; img_size=\u00bbmedium\u00bb alignment=\u00bbcenter\u00bb style=\u00bbvc_box_shadow_3d\u00bb onclick=\u00bbcustom_link\u00bb css=\u00bb.vc_custom_1591015469472{margin-top: -40px !important;}\u00bb link=\u00bbhttps:\/\/mugardos.gal\/es\/benestar-social\/exencions-e-bonificacions-nas-taxas-de-auga-lixo-e-sumidoiros\/\u00bb][vc_single_image image=\u00bb3405&#8243; img_size=\u00bbmedium\u00bb alignment=\u00bbcenter\u00bb style=\u00bbvc_box_shadow_3d\u00bb onclick=\u00bbcustom_link\u00bb css=\u00bb.vc_custom_1591015477906{margin-top: -40px !important;}\u00bb link=\u00bbhttps:\/\/mugardos.gal\/es\/benestar-social\/escola-infantil-municipal-lagoas\/\u00bb][vc_single_image image=\u00bb3097&#8243; img_size=\u00bbmedium\u00bb alignment=\u00bbcenter\u00bb style=\u00bbvc_box_shadow_3d\u00bb onclick=\u00bbcustom_link\u00bb css=\u00bb.vc_custom_1591015490586{margin-top: -40px !important;}\u00bb link=\u00bbhttps:\/\/mugardos.gal\/es\/benestar-social\/espazo-infantil-xogo-ludoteca\/\u00bb][vc_single_image image=\u00bb3091&#8243; img_size=\u00bbmedium\u00bb alignment=\u00bbcenter\u00bb style=\u00bbvc_box_shadow_3d\u00bb onclick=\u00bbcustom_link\u00bb [&hellip;]\" \/>\n<meta property=\"og:url\" content=\"https:\/\/mugardos.gal\/es\/bienestar-social\/transporte-metropolitano\/\" \/>\n<meta property=\"og:site_name\" content=\"Concello de Mugardos\" \/>\n<meta property=\"article:modified_time\" content=\"2020-06-01T12:45:04+00:00\" \/>\n<meta property=\"og:image\" content=\"https:\/\/mugardos.gal\/wp-content\/uploads\/2020\/03\/pdf.png\" \/>\n<meta name=\"twitter:card\" content=\"summary_large_image\" \/>\n<meta name=\"twitter:label1\" content=\"Tiempo de lectura\" \/>\n\t<meta name=\"twitter:data1\" content=\"6 minutos\" \/>\n<script type=\"application\/ld+json\" class=\"yoast-schema-graph\">{\"@context\":\"https:\/\/schema.org\",\"@graph\":[{\"@type\":\"WebSite\",\"@id\":\"https:\/\/mugardos.gal\/#website\",\"url\":\"https:\/\/mugardos.gal\/\",\"name\":\"Concello de Mugardos\",\"description\":\"\",\"potentialAction\":[{\"@type\":\"SearchAction\",\"target\":{\"@type\":\"EntryPoint\",\"urlTemplate\":\"https:\/\/mugardos.gal\/?s={search_term_string}\"},\"query-input\":\"required name=search_term_string\"}],\"inLanguage\":\"es\"},{\"@type\":\"ImageObject\",\"inLanguage\":\"es\",\"@id\":\"https:\/\/mugardos.gal\/es\/bienestar-social\/transporte-metropolitano\/#primaryimage\",\"url\":\"https:\/\/mugardos.gal\/wp-content\/uploads\/2020\/03\/pdf.png\",\"contentUrl\":\"https:\/\/mugardos.gal\/wp-content\/uploads\/2020\/03\/pdf.png\",\"width\":100,\"height\":100},{\"@type\":\"WebPage\",\"@id\":\"https:\/\/mugardos.gal\/es\/bienestar-social\/transporte-metropolitano\/#webpage\",\"url\":\"https:\/\/mugardos.gal\/es\/bienestar-social\/transporte-metropolitano\/\",\"name\":\"TRANSPORTE METROPOLITANO - Concello de Mugardos\",\"isPartOf\":{\"@id\":\"https:\/\/mugardos.gal\/#website\"},\"primaryImageOfPage\":{\"@id\":\"https:\/\/mugardos.gal\/es\/bienestar-social\/transporte-metropolitano\/#primaryimage\"},\"datePublished\":\"2020-05-27T12:11:17+00:00\",\"dateModified\":\"2020-06-01T12:45:04+00:00\",\"breadcrumb\":{\"@id\":\"https:\/\/mugardos.gal\/es\/bienestar-social\/transporte-metropolitano\/#breadcrumb\"},\"inLanguage\":\"es\",\"potentialAction\":[{\"@type\":\"ReadAction\",\"target\":[\"https:\/\/mugardos.gal\/es\/bienestar-social\/transporte-metropolitano\/\"]}]},{\"@type\":\"BreadcrumbList\",\"@id\":\"https:\/\/mugardos.gal\/es\/bienestar-social\/transporte-metropolitano\/#breadcrumb\",\"itemListElement\":[{\"@type\":\"ListItem\",\"position\":1,\"name\":\"Portada\",\"item\":\"https:\/\/mugardos.gal\/es\/\"},{\"@type\":\"ListItem\",\"position\":2,\"name\":\"BIENESTAR SOCIAL\",\"item\":\"https:\/\/mugardos.gal\/es\/bienestar-social\/\"},{\"@type\":\"ListItem\",\"position\":3,\"name\":\"TRANSPORTE METROPOLITANO\"}]}]}<\/script>\n<!-- \/ Yoast SEO plugin. -->","yoast_head_json":{"title":"TRANSPORTE METROPOLITANO - Concello de Mugardos","robots":{"index":"index","follow":"follow","max-snippet":"max-snippet:-1","max-image-preview":"max-image-preview:large","max-video-preview":"max-video-preview:-1"},"canonical":"https:\/\/mugardos.gal\/es\/bienestar-social\/transporte-metropolitano\/","og_locale":"es_ES","og_type":"article","og_title":"TRANSPORTE METROPOLITANO - Concello de Mugardos","og_description":"[vc_row][vc_column][vc_separator color=\u00bbchino\u00bb style=\u00bbshadow\u00bb border_width=\u00bb4&#8243;][\/vc_column][\/vc_row][vc_row][vc_column width=\u00bb1\/4&#8243; offset=\u00bbvc_hidden-sm vc_hidden-xs\u00bb][vc_row_inner][vc_column_inner][vc_single_image image=\u00bb3093&#8243; img_size=\u00bbmedium\u00bb alignment=\u00bbcenter\u00bb style=\u00bbvc_box_shadow_3d\u00bb onclick=\u00bbcustom_link\u00bb css_animation=\u00bbnone\u00bb link=\u00bbhttps:\/\/mugardos.gal\/es\/benestar-social\/contacto-co-departamento-de-benestar-social\/\u00bb][vc_single_image image=\u00bb3087&#8243; img_size=\u00bbmedium\u00bb alignment=\u00bbcenter\u00bb style=\u00bbvc_box_shadow_3d\u00bb onclick=\u00bbcustom_link\u00bb css=\u00bb.vc_custom_1591015464671{margin-top: -40px !important;}\u00bb link=\u00bbhttps:\/\/mugardos.gal\/es\/benestar-social\/axudas-de-ensino-e-transporte\/\u00bb][vc_single_image image=\u00bb3099&#8243; img_size=\u00bbmedium\u00bb alignment=\u00bbcenter\u00bb style=\u00bbvc_box_shadow_3d\u00bb onclick=\u00bbcustom_link\u00bb css=\u00bb.vc_custom_1591015469472{margin-top: -40px !important;}\u00bb link=\u00bbhttps:\/\/mugardos.gal\/es\/benestar-social\/exencions-e-bonificacions-nas-taxas-de-auga-lixo-e-sumidoiros\/\u00bb][vc_single_image image=\u00bb3405&#8243; img_size=\u00bbmedium\u00bb alignment=\u00bbcenter\u00bb style=\u00bbvc_box_shadow_3d\u00bb onclick=\u00bbcustom_link\u00bb css=\u00bb.vc_custom_1591015477906{margin-top: -40px !important;}\u00bb link=\u00bbhttps:\/\/mugardos.gal\/es\/benestar-social\/escola-infantil-municipal-lagoas\/\u00bb][vc_single_image image=\u00bb3097&#8243; img_size=\u00bbmedium\u00bb alignment=\u00bbcenter\u00bb style=\u00bbvc_box_shadow_3d\u00bb onclick=\u00bbcustom_link\u00bb css=\u00bb.vc_custom_1591015490586{margin-top: -40px !important;}\u00bb link=\u00bbhttps:\/\/mugardos.gal\/es\/benestar-social\/espazo-infantil-xogo-ludoteca\/\u00bb][vc_single_image image=\u00bb3091&#8243; img_size=\u00bbmedium\u00bb alignment=\u00bbcenter\u00bb style=\u00bbvc_box_shadow_3d\u00bb onclick=\u00bbcustom_link\u00bb [&hellip;]","og_url":"https:\/\/mugardos.gal\/es\/bienestar-social\/transporte-metropolitano\/","og_site_name":"Concello de Mugardos","article_modified_time":"2020-06-01T12:45:04+00:00","og_image":[{"url":"https:\/\/mugardos.gal\/wp-content\/uploads\/2020\/03\/pdf.png"}],"twitter_card":"summary_large_image","twitter_misc":{"Tiempo de lectura":"6 minutos"},"schema":{"@context":"https:\/\/schema.org","@graph":[{"@type":"WebSite","@id":"https:\/\/mugardos.gal\/#website","url":"https:\/\/mugardos.gal\/","name":"Concello de Mugardos","description":"","potentialAction":[{"@type":"SearchAction","target":{"@type":"EntryPoint","urlTemplate":"https:\/\/mugardos.gal\/?s={search_term_string}"},"query-input":"required name=search_term_string"}],"inLanguage":"es"},{"@type":"ImageObject","inLanguage":"es","@id":"https:\/\/mugardos.gal\/es\/bienestar-social\/transporte-metropolitano\/#primaryimage","url":"https:\/\/mugardos.gal\/wp-content\/uploads\/2020\/03\/pdf.png","contentUrl":"https:\/\/mugardos.gal\/wp-content\/uploads\/2020\/03\/pdf.png","width":100,"height":100},{"@type":"WebPage","@id":"https:\/\/mugardos.gal\/es\/bienestar-social\/transporte-metropolitano\/#webpage","url":"https:\/\/mugardos.gal\/es\/bienestar-social\/transporte-metropolitano\/","name":"TRANSPORTE METROPOLITANO - Concello de Mugardos","isPartOf":{"@id":"https:\/\/mugardos.gal\/#website"},"primaryImageOfPage":{"@id":"https:\/\/mugardos.gal\/es\/bienestar-social\/transporte-metropolitano\/#primaryimage"},"datePublished":"2020-05-27T12:11:17+00:00","dateModified":"2020-06-01T12:45:04+00:00","breadcrumb":{"@id":"https:\/\/mugardos.gal\/es\/bienestar-social\/transporte-metropolitano\/#breadcrumb"},"inLanguage":"es","potentialAction":[{"@type":"ReadAction","target":["https:\/\/mugardos.gal\/es\/bienestar-social\/transporte-metropolitano\/"]}]},{"@type":"BreadcrumbList","@id":"https:\/\/mugardos.gal\/es\/bienestar-social\/transporte-metropolitano\/#breadcrumb","itemListElement":[{"@type":"ListItem","position":1,"name":"Portada","item":"https:\/\/mugardos.gal\/es\/"},{"@type":"ListItem","position":2,"name":"BIENESTAR SOCIAL","item":"https:\/\/mugardos.gal\/es\/bienestar-social\/"},{"@type":"ListItem","position":3,"name":"TRANSPORTE METROPOLITANO"}]}]}},"_links":{"self":[{"href":"https:\/\/mugardos.gal\/es\/wp-json\/wp\/v2\/pages\/4826"}],"collection":[{"href":"https:\/\/mugardos.gal\/es\/wp-json\/wp\/v2\/pages"}],"about":[{"href":"https:\/\/mugardos.gal\/es\/wp-json\/wp\/v2\/types\/page"}],"author":[{"embeddable":true,"href":"https:\/\/mugardos.gal\/es\/wp-json\/wp\/v2\/users\/4"}],"replies":[{"embeddable":true,"href":"https:\/\/mugardos.gal\/es\/wp-json\/wp\/v2\/comments?post=4826"}],"version-history":[{"count":0,"href":"https:\/\/mugardos.gal\/es\/wp-json\/wp\/v2\/pages\/4826\/revisions"}],"up":[{"embeddable":true,"href":"https:\/\/mugardos.gal\/es\/wp-json\/wp\/v2\/pages\/715"}],"wp:attachment":[{"href":"https:\/\/mugardos.gal\/es\/wp-json\/wp\/v2\/media?parent=4826"}],"curies":[{"name":"wp","href":"https:\/\/api.w.org\/{rel}","templated":true}]}}