{"id":4814,"date":"2020-05-27T13:19:56","date_gmt":"2020-05-27T11:19:56","guid":{"rendered":"https:\/\/mugardos.gal\/bienestar-social\/ayudas-de-juguetes-de-navidad\/"},"modified":"2020-09-30T19:45:01","modified_gmt":"2020-09-30T17:45:01","slug":"ayudas-de-juguetes-de-navidad","status":"publish","type":"page","link":"https:\/\/mugardos.gal\/es\/bienestar-social\/ayudas-de-juguetes-de-navidad\/","title":{"rendered":"AYUDAS DE JUGUETES DE NAVIDAD"},"content":{"rendered":"<p>[vc_row][vc_column]\n<p>[vc_separator color=\u00bbchino\u00bb style=\u00bbshadow\u00bb border_width=\u00bb4&#8243;]\n<p>[\/vc_column][\/vc_row][vc_row][vc_column width=\u00bb1\/4&#8243; offset=\u00bbvc_hidden-sm vc_hidden-xs\u00bb][vc_row_inner][vc_column_inner][vc_single_image image=\u00bb3093&#8243; img_size=\u00bbmedium\u00bb alignment=\u00bbcenter\u00bb style=\u00bbvc_box_shadow_3d\u00bb onclick=\u00bbcustom_link\u00bb css_animation=\u00bbnone\u00bb link=\u00bbhttps:\/\/mugardos.gal\/benestar-social\/contacto-co-departamento-de-benestar-social\/\u00bb][vc_single_image image=\u00bb3087&#8243; img_size=\u00bbmedium\u00bb alignment=\u00bbcenter\u00bb style=\u00bbvc_box_shadow_3d\u00bb onclick=\u00bbcustom_link\u00bb css=\u00bb.vc_custom_1590242502164{margin-top: -40px !important;}\u00bb link=\u00bbhttps:\/\/mugardos.gal\/benestar-social\/axudas-de-ensino-e-transporte\/\u00bb][vc_single_image image=\u00bb3099&#8243; img_size=\u00bbmedium\u00bb alignment=\u00bbcenter\u00bb style=\u00bbvc_box_shadow_3d\u00bb onclick=\u00bbcustom_link\u00bb css=\u00bb.vc_custom_1590242517305{margin-top: -40px !important;}\u00bb link=\u00bbhttps:\/\/mugardos.gal\/benestar-social\/exencions-e-bonificacions-nas-taxas-de-auga-lixo-e-sumidoiros\/\u00bb][vc_single_image image=\u00bb3405&#8243; img_size=\u00bbmedium\u00bb alignment=\u00bbcenter\u00bb style=\u00bbvc_box_shadow_3d\u00bb onclick=\u00bbcustom_link\u00bb css=\u00bb.vc_custom_1590567558714{margin-top: -40px !important;}\u00bb link=\u00bbhttps:\/\/mugardos.gal\/benestar-social\/escola-infantil-municipal-lagoas\/\u00bb][vc_single_image image=\u00bb3097&#8243; img_size=\u00bbmedium\u00bb alignment=\u00bbcenter\u00bb style=\u00bbvc_box_shadow_3d\u00bb onclick=\u00bbcustom_link\u00bb css=\u00bb.vc_custom_1590242564534{margin-top: -40px !important;}\u00bb link=\u00bbhttps:\/\/mugardos.gal\/benestar-social\/espazo-infantil-xogo-ludoteca\/\u00bb][vc_single_image image=\u00bb3091&#8243; img_size=\u00bbmedium\u00bb alignment=\u00bbcenter\u00bb style=\u00bbvc_box_shadow_3d\u00bb onclick=\u00bbcustom_link\u00bb css=\u00bb.vc_custom_1590242585651{margin-top: -40px !important;}\u00bb link=\u00bbhttps:\/\/mugardos.gal\/benestar-social\/comedores-escolares-municipais-bienestar\/\u00bb][vc_single_image image=\u00bb3141&#8243; img_size=\u00bbmedium\u00bb alignment=\u00bbcenter\u00bb style=\u00bbvc_box_shadow_3d\u00bb onclick=\u00bbcustom_link\u00bb css=\u00bb.vc_custom_1590306493618{margin-top: -40px !important;}\u00bb link=\u00bbhttps:\/\/mugardos.gal\/benestar-social\/transporte-metropolitano\/\u00bb][vc_single_image image=\u00bb3089&#8243; img_size=\u00bbmedium\u00bb alignment=\u00bbcenter\u00bb style=\u00bbvc_box_shadow_3d\u00bb onclick=\u00bbcustom_link\u00bb css=\u00bb.vc_custom_1590242660183{margin-top: -40px !important;}\u00bb link=\u00bbhttps:\/\/mugardos.gal\/buzon-de-suxestions\/\u00bb][\/vc_column_inner][\/vc_row_inner][\/vc_column][vc_column width=\u00bb3\/4&#8243;][vc_column_text]\n<p style=\"text-align: justify;\">Las ayudas municipales a las familias para comprar regarlos de Navidad consisten en un pago \u00fanico anual a las familias con menor nivel de recursos econ\u00f3micos, y que cumplan los requisitos de acceso establecidos para la adquisici\u00f3n de los regarlos de Navidad para los\/as hijos e hijas, que estando en convivencia con los\/as solicitantes, no tengan 13 a\u00f1os cumplidos el d\u00eda de Reyes del a\u00f1o siguiente.<\/p>\n<p style=\"text-align: justify;\">Los requisitos para los y las solicitantes de las ayudas en el a\u00f1o 2020 son:<\/p>\n<ol style=\"text-align: justify;\">\n<li>Estar empadronada\/o en el Ayuntamiento de Mugardos y tener la custodia de hijos o hijas menores de 13 a\u00f1os (no tener cumplidos los 13 el d\u00eda 6 de enero de 2021) para los que se solicite la ayuda.<\/li>\n<li>Que la renta per c\u00e1pita familiar no supere el 80% del IPREM.<\/li>\n<li>Cumplir los requisitos para obtener la condici\u00f3n de beneficiario\/a, recogidas en el art\u00edculo 10 de la Ley 9\/2007, de 13 de junio, de Subvenciones de Galicia.<\/li>\n<\/ol>\n<p style=\"text-align: justify;\">Con las ayudas se cubrir\u00e1n los gastos derivados de la adquisici\u00f3n de regalos para la Navidad 2020 como, juguetes, juegos educativos, libros, y\/o material necesario para pr\u00e1ctica de alguna de las actividades culturales y deportivas (por ejemplo patines, equipaci\u00f3n para nataci\u00f3n, instrumentos musicales, etc), que se correspondan con la edad del\/la menor al que va dirigida la ayuda.<\/p>\n<p>[\/vc_column_text][vc_tta_accordion active_section=\u00bb0&#8243; collapsible_all=\u00bbtrue\u00bb][vc_tta_section title=\u00bbINSTANCIA\u00bb tab_id=\u00bb1590267287258-a535d474-f157&#8243;][vc_column_text]\n<p style=\"text-align: justify;\"><img loading=\"lazy\" class=\"alignnone wp-image-582\" src=\"https:\/\/mugardos.gal\/wp-content\/uploads\/2020\/03\/pdf.png\" alt=\"\" width=\"40\" height=\"40\" \/><a href=\"https:\/\/mugardos.gal\/wp-content\/uploads\/2020\/09\/Impresos-solicitude-Nadal9110.pdf\">DESCARGAR PDF Solicitude das axudas \u00e1s familias para a compra de regalos de Nadal 2020<\/a><\/p>\n<p>[\/vc_column_text][\/vc_tta_section][vc_tta_section title=\u00bbTRAMITACI\u00d3N Y REGISTRO\u00bb tab_id=\u00bb1590267313707-84d5725b-1099&#8243;][vc_column_text]\n<p style=\"text-align: justify;\" data-mce-style=\"text-align: justify;\">El acceso a estas ayudas ser\u00e1 mediante la presentaci\u00f3n de la solicitud junto con los anexos II e IV y la documentaci\u00f3n requerida en la solicitud, y estar\u00e1 sujeto al dictamen de la comisi\u00f3n valoradora. Los requisitos generales para la solicitud de estas ayudas son:<\/p>\n<ul style=\"text-align: justify;\" data-mce-style=\"text-align: justify;\">\n<li style=\"list-style-type: none;\" data-mce-style=\"list-style-type: none;\">\n<ul>\n<li>Fotocopia del DNI de la persona solicitante (padre, madre o tutor\/a).<\/li>\n<li>Fotocopia del libro de familia en el que figuren todos los miembros de la unidad familiar.<\/li>\n<li>Informe de convivencia.<\/li>\n<li>Fotocopia de la declaraci\u00f3n de la renta de los progenitores o tutores\/as legales. En el caso de no estar obligado\/a a presentar la declaraci\u00f3n del IRPF, copia de la notificaci\u00f3n-liquidaci\u00f3n o certificado acreditativo del nivel de rentas emitido por la Agencia de Administraci\u00f3n Tributaria.<\/li>\n<li>Declaraci\u00f3n responsble de encontrarse al corriente con los deberes tributarios frente a Seguridad Social, Agencia Tributaria y Ayuntamiento de Mugardos y de no estar incurso\/a en ninguna de las prohibiciones para obtener la condici\u00f3n de beneficiario\/a de subvenciones p\u00fablicas y de estar al corriente en el cumplimiento de obligacioness por reintegro de subvenciones, \u00b7y autorizaci\u00f3n al Ayuntamiento de Mugardos para que realice las comprobaciones oportunas durante todo el per\u00edodo que dure el proceso, seg\u00fan las bases.<\/li>\n<\/ul>\n<\/li>\n<\/ul>\n<p style=\"text-align: justify;\" data-mce-style=\"text-align: justify;\">El ayuntamiento podr\u00e1 requerir de las personas solicitantes en cualquier momento aclaraci\u00f3n de la documentaci\u00f3n presentada y cualquier otra necesaria para la valoraci\u00f3n de la solicitud. Las unidades familiares que hayan entregado documentaci\u00f3n en el departamento de servicios sociales para otra gesti\u00f3n, que conste en su expediente y que sea v\u00e1lida, podr\u00e1n quedar eximidas de la presentaci\u00f3n de esta documentaci\u00f3n siempre que en la solicitud especifiquen el expediente y el a\u00f1o en el que aportaron la misma.<\/p>\n<p style=\"text-align: justify;\" data-mce-style=\"text-align: justify;\">Se deber\u00e1 registrar la solicitud junto con la documentaci\u00f3n que acredite el cumplimiento de los requisitos generales y los espec\u00edficos de la ayuda o ayudas solicitadas (que pueden consultarse en el reglamento disponible en el apartado de normativa).<\/p>\n<ul style=\"text-align: justify;\" data-mce-style=\"text-align: justify;\">\n<li style=\"text-align: justify;\" data-mce-style=\"text-align: justify;\"><strong>Oficina de Registro General del Ayuntamiento de Mugardos <\/strong><\/li>\n<\/ul>\n<p style=\"padding-left: 40px; text-align: justify;\" data-mce-style=\"padding-left: 40px; text-align: justify;\"><img loading=\"lazy\" class=\"alignnone wp-image-597\" src=\"https:\/\/mugardos.gal\/wp-content\/uploads\/2020\/03\/direcci\u00f3n.png\" alt=\"\" data-mce-src=\"https:\/\/mugardos.gal\/wp-content\/uploads\/2020\/03\/direcci\u00f3n.png\" width=\"30\" height=\"30\">Avenida de Galicia n\u00ba 45, bajo<\/p>\n<p style=\"padding-left: 40px; text-align: justify;\" data-mce-style=\"padding-left: 40px; text-align: justify;\"><img loading=\"lazy\" class=\"alignnone wp-image-610\" src=\"https:\/\/mugardos.gal\/wp-content\/uploads\/2020\/03\/hora.png\" alt=\"\" data-mce-src=\"https:\/\/mugardos.gal\/wp-content\/uploads\/2020\/03\/hora.png\" width=\"30\" height=\"30\">Horario de atenci\u00f3n al p\u00fablico de lunes a viernes, de 9.00 a 14.00 horas<\/p>\n<ul style=\"text-align: justify;\" data-mce-style=\"text-align: justify;\">\n<li style=\"text-align: justify;\" data-mce-style=\"text-align: justify;\"><strong>Sede electr\u00f3nica municipal: requiere identificaci\u00f3n digital<\/strong> (DNIe\/Certificado digital \u2013 Cl@ve PIN \u2013 Cl@ve permanente)<\/li>\n<\/ul>\n<p style=\"padding-left: 40px; text-align: justify;\" data-mce-style=\"padding-left: 40px; text-align: justify;\"><img loading=\"lazy\" class=\"alignnone wp-image-603\" src=\"https:\/\/mugardos.gal\/wp-content\/uploads\/2020\/03\/web.png\" alt=\"\" data-mce-src=\"https:\/\/mugardos.gal\/wp-content\/uploads\/2020\/03\/web.png\" width=\"30\" height=\"30\"><a href=\"https:\/\/sede.concellodemugardos.gal\/opencms\/gl\/\" data-mce-href=\"https:\/\/sede.concellodemugardos.gal\/opencms\/gl\/\">IR AL ENLACE Acceder a la Sede electr\u00f3nica del Ayuntamiento de Mugardos<\/a><br data-mce-bogus=\"1\"><\/p>\n<p style=\"padding-left: 40px; text-align: justify;\" data-mce-style=\"padding-left: 40px; text-align: justify;\"><em>Se recuerda que no hace falta tener una autenticaci\u00f3n permanente en el ordenador o en el terminal telef\u00f3nico para la realizaci\u00f3n de tramitaciones online. Las personas interesadas podr\u00e1n solicitar de forma sencilla y segura una Cl@ve PIN temporal (de 24 horas) para la realizaci\u00f3n de cualquier tramitaci\u00f3n a trav\u00e9s de la sede electr\u00f3nica. En el siguiente enlace puede accederse a la p\u00e1gina web oficial para la solicitud de la Cl@ve PIN temporal (si es la primera vez que se solicita deber\u00e1 realizarse el registro como usuario previamente):<\/em><\/p>\n<p style=\"padding-left: 40px; text-align: justify;\" data-mce-style=\"padding-left: 40px; text-align: justify;\"><img loading=\"lazy\" class=\"alignnone wp-image-603\" src=\"https:\/\/mugardos.gal\/wp-content\/uploads\/2020\/03\/web.png\" alt=\"\" data-mce-src=\"https:\/\/mugardos.gal\/wp-content\/uploads\/2020\/03\/web.png\" width=\"30\" height=\"30\"><a href=\"https:\/\/clave.gob.es\/clave_Home\/PIN24H.html\" data-mce-href=\"https:\/\/clave.gob.es\/clave_Home\/PIN24H.html\">IR AL ENLACE Obtenci\u00f3n de Cl@ve PIN temporal de 24 horas<\/a><br data-mce-bogus=\"1\"><\/p>\n<p style=\"padding-left: 40px; text-align: justify;\" data-mce-style=\"padding-left: 40px; text-align: justify;\"><img loading=\"lazy\" class=\"alignnone wp-image-603\" src=\"https:\/\/mugardos.gal\/wp-content\/uploads\/2020\/03\/web.png\" alt=\"\" data-mce-src=\"https:\/\/mugardos.gal\/wp-content\/uploads\/2020\/03\/web.png\" width=\"30\" height=\"30\"> <a href=\"https:\/\/clave.gob.es\/clave_Home\/registro.html\" data-mce-href=\"https:\/\/clave.gob.es\/clave_Home\/registro.html\">IR AL ENLACE Registro en Cl@ve<\/a><br data-mce-bogus=\"1\"><\/p>\n<p style=\"text-align: justify;\" data-mce-style=\"text-align: justify;\">Una vez finalizado el plazo de presentaci\u00f3n de solicitudes, estas ser\u00e1n valoradas por la comisi\u00f3n evaluadora conforme a los criterios establecidos en las bases. Posteriormente se publicar\u00e1 una lista provisional y se abrir\u00e1 un plazo de 5 d\u00edas para subsanaci\u00f3n de errores en la documentaci\u00f3n. Transcurrido este plazo la comisi\u00f3n emitir\u00e1 una propuesta definitiva y esta ser\u00e1 aprobada por la Alcald\u00eda. Una vez concedida la ayuda, se har\u00e1 entrega de un bono personal e intransferible para canjear en el establecimiento correspondiente. Las ayudas ir\u00e1n desde 50\u20ac hasta 240\u20ac en funci\u00f3n del n\u00famero de ni\u00f1os y ni\u00f1as para los que se soliciten las ayudas.<\/p>\n<p>[\/vc_column_text][\/vc_tta_section][vc_tta_section title=\u00bbNORMATIVA REGULADORA\u00bb tab_id=\u00bb1590267327244-ed23c75b-b47a\u00bb][vc_column_text]\n<p style=\"text-align: justify;\" data-mce-style=\"text-align: justify;\">Existen unas bases reguladoras de la concesi\u00f3n de estas ayudas que se aprueban y publican anualmente por parte del Ayuntamiento de Mugardos:<\/p>\n<p style=\"text-align: justify;\" data-mce-style=\"text-align: justify;\"><img loading=\"lazy\" class=\"alignnone wp-image-582\" src=\"https:\/\/mugardos.gal\/wp-content\/uploads\/2020\/03\/pdf.png\" alt=\"\" data-mce-src=\"https:\/\/mugardos.gal\/wp-content\/uploads\/2020\/03\/pdf.png\" width=\"40\" height=\"40\"> <a data-mce-href=\"https:\/\/mugardos.gal\/wp-content\/uploads\/2020\/09\/2020_A011_000005_CONVOCATORIA-E-ANEXOS-AXUDA-XOGUETES-NADAL-2020.doc_1041479107.pdf\" href=\"https:\/\/mugardos.gal\/wp-content\/uploads\/2020\/09\/2020_A011_000005_CONVOCATORIA-E-ANEXOS-AXUDA-XOGUETES-NADAL-2020.doc_1041479107.pdf\">DESCARGAR PDF Bases de las ayudas de juguetes de Navidad 2020<\/a><br data-mce-bogus=\"1\"><\/p>\n<p>[\/vc_column_text][\/vc_tta_section][\/vc_tta_accordion][\/vc_column][\/vc_row]\n","protected":false},"excerpt":{"rendered":"<p>[vc_row][vc_column] [vc_separator color=\u00bbchino\u00bb style=\u00bbshadow\u00bb border_width=\u00bb4&#8243;] [\/vc_column][\/vc_row][vc_row][vc_column width=\u00bb1\/4&#8243; offset=\u00bbvc_hidden-sm vc_hidden-xs\u00bb][vc_row_inner][vc_column_inner][vc_single_image image=\u00bb3093&#8243; img_size=\u00bbmedium\u00bb alignment=\u00bbcenter\u00bb style=\u00bbvc_box_shadow_3d\u00bb onclick=\u00bbcustom_link\u00bb css_animation=\u00bbnone\u00bb link=\u00bbhttps:\/\/mugardos.gal\/benestar-social\/contacto-co-departamento-de-benestar-social\/\u00bb][vc_single_image image=\u00bb3087&#8243; img_size=\u00bbmedium\u00bb alignment=\u00bbcenter\u00bb style=\u00bbvc_box_shadow_3d\u00bb onclick=\u00bbcustom_link\u00bb css=\u00bb.vc_custom_1590242502164{margin-top: -40px !important;}\u00bb link=\u00bbhttps:\/\/mugardos.gal\/benestar-social\/axudas-de-ensino-e-transporte\/\u00bb][vc_single_image image=\u00bb3099&#8243; img_size=\u00bbmedium\u00bb alignment=\u00bbcenter\u00bb style=\u00bbvc_box_shadow_3d\u00bb onclick=\u00bbcustom_link\u00bb css=\u00bb.vc_custom_1590242517305{margin-top: -40px !important;}\u00bb link=\u00bbhttps:\/\/mugardos.gal\/benestar-social\/exencions-e-bonificacions-nas-taxas-de-auga-lixo-e-sumidoiros\/\u00bb][vc_single_image image=\u00bb3405&#8243; img_size=\u00bbmedium\u00bb alignment=\u00bbcenter\u00bb style=\u00bbvc_box_shadow_3d\u00bb onclick=\u00bbcustom_link\u00bb css=\u00bb.vc_custom_1590567558714{margin-top: -40px !important;}\u00bb link=\u00bbhttps:\/\/mugardos.gal\/benestar-social\/escola-infantil-municipal-lagoas\/\u00bb][vc_single_image image=\u00bb3097&#8243; img_size=\u00bbmedium\u00bb alignment=\u00bbcenter\u00bb style=\u00bbvc_box_shadow_3d\u00bb onclick=\u00bbcustom_link\u00bb css=\u00bb.vc_custom_1590242564534{margin-top: -40px !important;}\u00bb link=\u00bbhttps:\/\/mugardos.gal\/benestar-social\/espazo-infantil-xogo-ludoteca\/\u00bb][vc_single_image image=\u00bb3091&#8243; img_size=\u00bbmedium\u00bb alignment=\u00bbcenter\u00bb [&hellip;]<\/p>\n","protected":false},"author":4,"featured_media":0,"parent":715,"menu_order":0,"comment_status":"closed","ping_status":"closed","template":"","meta":[],"yoast_head":"<!-- This site is optimized with the Yoast SEO plugin v18.9 - https:\/\/yoast.com\/wordpress\/plugins\/seo\/ -->\n<title>AYUDAS DE JUGUETES DE NAVIDAD - Concello de Mugardos<\/title>\n<meta name=\"robots\" content=\"index, follow, max-snippet:-1, max-image-preview:large, max-video-preview:-1\" \/>\n<link rel=\"canonical\" href=\"https:\/\/mugardos.gal\/es\/bienestar-social\/ayudas-de-juguetes-de-navidad\/\" \/>\n<meta property=\"og:locale\" content=\"es_ES\" \/>\n<meta property=\"og:type\" content=\"article\" \/>\n<meta property=\"og:title\" content=\"AYUDAS DE JUGUETES DE NAVIDAD - Concello de Mugardos\" \/>\n<meta property=\"og:description\" content=\"[vc_row][vc_column] [vc_separator color=\u00bbchino\u00bb style=\u00bbshadow\u00bb border_width=\u00bb4&#8243;] [\/vc_column][\/vc_row][vc_row][vc_column width=\u00bb1\/4&#8243; offset=\u00bbvc_hidden-sm vc_hidden-xs\u00bb][vc_row_inner][vc_column_inner][vc_single_image image=\u00bb3093&#8243; img_size=\u00bbmedium\u00bb alignment=\u00bbcenter\u00bb style=\u00bbvc_box_shadow_3d\u00bb onclick=\u00bbcustom_link\u00bb css_animation=\u00bbnone\u00bb link=\u00bbhttps:\/\/mugardos.gal\/benestar-social\/contacto-co-departamento-de-benestar-social\/\u00bb][vc_single_image image=\u00bb3087&#8243; img_size=\u00bbmedium\u00bb alignment=\u00bbcenter\u00bb style=\u00bbvc_box_shadow_3d\u00bb onclick=\u00bbcustom_link\u00bb css=\u00bb.vc_custom_1590242502164{margin-top: -40px !important;}\u00bb link=\u00bbhttps:\/\/mugardos.gal\/benestar-social\/axudas-de-ensino-e-transporte\/\u00bb][vc_single_image image=\u00bb3099&#8243; img_size=\u00bbmedium\u00bb alignment=\u00bbcenter\u00bb style=\u00bbvc_box_shadow_3d\u00bb onclick=\u00bbcustom_link\u00bb css=\u00bb.vc_custom_1590242517305{margin-top: -40px !important;}\u00bb link=\u00bbhttps:\/\/mugardos.gal\/benestar-social\/exencions-e-bonificacions-nas-taxas-de-auga-lixo-e-sumidoiros\/\u00bb][vc_single_image image=\u00bb3405&#8243; img_size=\u00bbmedium\u00bb alignment=\u00bbcenter\u00bb style=\u00bbvc_box_shadow_3d\u00bb onclick=\u00bbcustom_link\u00bb css=\u00bb.vc_custom_1590567558714{margin-top: -40px !important;}\u00bb link=\u00bbhttps:\/\/mugardos.gal\/benestar-social\/escola-infantil-municipal-lagoas\/\u00bb][vc_single_image image=\u00bb3097&#8243; img_size=\u00bbmedium\u00bb alignment=\u00bbcenter\u00bb style=\u00bbvc_box_shadow_3d\u00bb onclick=\u00bbcustom_link\u00bb css=\u00bb.vc_custom_1590242564534{margin-top: -40px !important;}\u00bb link=\u00bbhttps:\/\/mugardos.gal\/benestar-social\/espazo-infantil-xogo-ludoteca\/\u00bb][vc_single_image image=\u00bb3091&#8243; img_size=\u00bbmedium\u00bb alignment=\u00bbcenter\u00bb [&hellip;]\" \/>\n<meta property=\"og:url\" content=\"https:\/\/mugardos.gal\/es\/bienestar-social\/ayudas-de-juguetes-de-navidad\/\" \/>\n<meta property=\"og:site_name\" content=\"Concello de Mugardos\" \/>\n<meta property=\"article:modified_time\" content=\"2020-09-30T17:45:01+00:00\" \/>\n<meta property=\"og:image\" content=\"https:\/\/mugardos.gal\/wp-content\/uploads\/2020\/03\/pdf.png\" \/>\n<meta name=\"twitter:card\" content=\"summary_large_image\" \/>\n<meta name=\"twitter:label1\" content=\"Tiempo de lectura\" \/>\n\t<meta name=\"twitter:data1\" content=\"6 minutos\" \/>\n<script type=\"application\/ld+json\" class=\"yoast-schema-graph\">{\"@context\":\"https:\/\/schema.org\",\"@graph\":[{\"@type\":\"WebSite\",\"@id\":\"https:\/\/mugardos.gal\/#website\",\"url\":\"https:\/\/mugardos.gal\/\",\"name\":\"Concello de Mugardos\",\"description\":\"\",\"potentialAction\":[{\"@type\":\"SearchAction\",\"target\":{\"@type\":\"EntryPoint\",\"urlTemplate\":\"https:\/\/mugardos.gal\/?s={search_term_string}\"},\"query-input\":\"required name=search_term_string\"}],\"inLanguage\":\"es\"},{\"@type\":\"ImageObject\",\"inLanguage\":\"es\",\"@id\":\"https:\/\/mugardos.gal\/es\/bienestar-social\/ayudas-de-juguetes-de-navidad\/#primaryimage\",\"url\":\"https:\/\/mugardos.gal\/wp-content\/uploads\/2020\/03\/pdf.png\",\"contentUrl\":\"https:\/\/mugardos.gal\/wp-content\/uploads\/2020\/03\/pdf.png\",\"width\":100,\"height\":100},{\"@type\":\"WebPage\",\"@id\":\"https:\/\/mugardos.gal\/es\/bienestar-social\/ayudas-de-juguetes-de-navidad\/#webpage\",\"url\":\"https:\/\/mugardos.gal\/es\/bienestar-social\/ayudas-de-juguetes-de-navidad\/\",\"name\":\"AYUDAS DE JUGUETES DE NAVIDAD - Concello de Mugardos\",\"isPartOf\":{\"@id\":\"https:\/\/mugardos.gal\/#website\"},\"primaryImageOfPage\":{\"@id\":\"https:\/\/mugardos.gal\/es\/bienestar-social\/ayudas-de-juguetes-de-navidad\/#primaryimage\"},\"datePublished\":\"2020-05-27T11:19:56+00:00\",\"dateModified\":\"2020-09-30T17:45:01+00:00\",\"breadcrumb\":{\"@id\":\"https:\/\/mugardos.gal\/es\/bienestar-social\/ayudas-de-juguetes-de-navidad\/#breadcrumb\"},\"inLanguage\":\"es\",\"potentialAction\":[{\"@type\":\"ReadAction\",\"target\":[\"https:\/\/mugardos.gal\/es\/bienestar-social\/ayudas-de-juguetes-de-navidad\/\"]}]},{\"@type\":\"BreadcrumbList\",\"@id\":\"https:\/\/mugardos.gal\/es\/bienestar-social\/ayudas-de-juguetes-de-navidad\/#breadcrumb\",\"itemListElement\":[{\"@type\":\"ListItem\",\"position\":1,\"name\":\"Portada\",\"item\":\"https:\/\/mugardos.gal\/es\/\"},{\"@type\":\"ListItem\",\"position\":2,\"name\":\"BIENESTAR SOCIAL\",\"item\":\"https:\/\/mugardos.gal\/es\/bienestar-social\/\"},{\"@type\":\"ListItem\",\"position\":3,\"name\":\"AYUDAS DE JUGUETES DE NAVIDAD\"}]}]}<\/script>\n<!-- \/ Yoast SEO plugin. -->","yoast_head_json":{"title":"AYUDAS DE JUGUETES DE NAVIDAD - Concello de Mugardos","robots":{"index":"index","follow":"follow","max-snippet":"max-snippet:-1","max-image-preview":"max-image-preview:large","max-video-preview":"max-video-preview:-1"},"canonical":"https:\/\/mugardos.gal\/es\/bienestar-social\/ayudas-de-juguetes-de-navidad\/","og_locale":"es_ES","og_type":"article","og_title":"AYUDAS DE JUGUETES DE NAVIDAD - Concello de Mugardos","og_description":"[vc_row][vc_column] [vc_separator color=\u00bbchino\u00bb style=\u00bbshadow\u00bb border_width=\u00bb4&#8243;] [\/vc_column][\/vc_row][vc_row][vc_column width=\u00bb1\/4&#8243; offset=\u00bbvc_hidden-sm vc_hidden-xs\u00bb][vc_row_inner][vc_column_inner][vc_single_image image=\u00bb3093&#8243; img_size=\u00bbmedium\u00bb alignment=\u00bbcenter\u00bb style=\u00bbvc_box_shadow_3d\u00bb onclick=\u00bbcustom_link\u00bb css_animation=\u00bbnone\u00bb link=\u00bbhttps:\/\/mugardos.gal\/benestar-social\/contacto-co-departamento-de-benestar-social\/\u00bb][vc_single_image image=\u00bb3087&#8243; img_size=\u00bbmedium\u00bb alignment=\u00bbcenter\u00bb style=\u00bbvc_box_shadow_3d\u00bb onclick=\u00bbcustom_link\u00bb css=\u00bb.vc_custom_1590242502164{margin-top: -40px !important;}\u00bb link=\u00bbhttps:\/\/mugardos.gal\/benestar-social\/axudas-de-ensino-e-transporte\/\u00bb][vc_single_image image=\u00bb3099&#8243; img_size=\u00bbmedium\u00bb alignment=\u00bbcenter\u00bb style=\u00bbvc_box_shadow_3d\u00bb onclick=\u00bbcustom_link\u00bb css=\u00bb.vc_custom_1590242517305{margin-top: -40px !important;}\u00bb link=\u00bbhttps:\/\/mugardos.gal\/benestar-social\/exencions-e-bonificacions-nas-taxas-de-auga-lixo-e-sumidoiros\/\u00bb][vc_single_image image=\u00bb3405&#8243; img_size=\u00bbmedium\u00bb alignment=\u00bbcenter\u00bb style=\u00bbvc_box_shadow_3d\u00bb onclick=\u00bbcustom_link\u00bb css=\u00bb.vc_custom_1590567558714{margin-top: -40px !important;}\u00bb link=\u00bbhttps:\/\/mugardos.gal\/benestar-social\/escola-infantil-municipal-lagoas\/\u00bb][vc_single_image image=\u00bb3097&#8243; img_size=\u00bbmedium\u00bb alignment=\u00bbcenter\u00bb style=\u00bbvc_box_shadow_3d\u00bb onclick=\u00bbcustom_link\u00bb css=\u00bb.vc_custom_1590242564534{margin-top: -40px !important;}\u00bb link=\u00bbhttps:\/\/mugardos.gal\/benestar-social\/espazo-infantil-xogo-ludoteca\/\u00bb][vc_single_image image=\u00bb3091&#8243; img_size=\u00bbmedium\u00bb alignment=\u00bbcenter\u00bb [&hellip;]","og_url":"https:\/\/mugardos.gal\/es\/bienestar-social\/ayudas-de-juguetes-de-navidad\/","og_site_name":"Concello de Mugardos","article_modified_time":"2020-09-30T17:45:01+00:00","og_image":[{"url":"https:\/\/mugardos.gal\/wp-content\/uploads\/2020\/03\/pdf.png"}],"twitter_card":"summary_large_image","twitter_misc":{"Tiempo de lectura":"6 minutos"},"schema":{"@context":"https:\/\/schema.org","@graph":[{"@type":"WebSite","@id":"https:\/\/mugardos.gal\/#website","url":"https:\/\/mugardos.gal\/","name":"Concello de Mugardos","description":"","potentialAction":[{"@type":"SearchAction","target":{"@type":"EntryPoint","urlTemplate":"https:\/\/mugardos.gal\/?s={search_term_string}"},"query-input":"required name=search_term_string"}],"inLanguage":"es"},{"@type":"ImageObject","inLanguage":"es","@id":"https:\/\/mugardos.gal\/es\/bienestar-social\/ayudas-de-juguetes-de-navidad\/#primaryimage","url":"https:\/\/mugardos.gal\/wp-content\/uploads\/2020\/03\/pdf.png","contentUrl":"https:\/\/mugardos.gal\/wp-content\/uploads\/2020\/03\/pdf.png","width":100,"height":100},{"@type":"WebPage","@id":"https:\/\/mugardos.gal\/es\/bienestar-social\/ayudas-de-juguetes-de-navidad\/#webpage","url":"https:\/\/mugardos.gal\/es\/bienestar-social\/ayudas-de-juguetes-de-navidad\/","name":"AYUDAS DE JUGUETES DE NAVIDAD - Concello de Mugardos","isPartOf":{"@id":"https:\/\/mugardos.gal\/#website"},"primaryImageOfPage":{"@id":"https:\/\/mugardos.gal\/es\/bienestar-social\/ayudas-de-juguetes-de-navidad\/#primaryimage"},"datePublished":"2020-05-27T11:19:56+00:00","dateModified":"2020-09-30T17:45:01+00:00","breadcrumb":{"@id":"https:\/\/mugardos.gal\/es\/bienestar-social\/ayudas-de-juguetes-de-navidad\/#breadcrumb"},"inLanguage":"es","potentialAction":[{"@type":"ReadAction","target":["https:\/\/mugardos.gal\/es\/bienestar-social\/ayudas-de-juguetes-de-navidad\/"]}]},{"@type":"BreadcrumbList","@id":"https:\/\/mugardos.gal\/es\/bienestar-social\/ayudas-de-juguetes-de-navidad\/#breadcrumb","itemListElement":[{"@type":"ListItem","position":1,"name":"Portada","item":"https:\/\/mugardos.gal\/es\/"},{"@type":"ListItem","position":2,"name":"BIENESTAR SOCIAL","item":"https:\/\/mugardos.gal\/es\/bienestar-social\/"},{"@type":"ListItem","position":3,"name":"AYUDAS DE JUGUETES DE NAVIDAD"}]}]}},"_links":{"self":[{"href":"https:\/\/mugardos.gal\/es\/wp-json\/wp\/v2\/pages\/4814"}],"collection":[{"href":"https:\/\/mugardos.gal\/es\/wp-json\/wp\/v2\/pages"}],"about":[{"href":"https:\/\/mugardos.gal\/es\/wp-json\/wp\/v2\/types\/page"}],"author":[{"embeddable":true,"href":"https:\/\/mugardos.gal\/es\/wp-json\/wp\/v2\/users\/4"}],"replies":[{"embeddable":true,"href":"https:\/\/mugardos.gal\/es\/wp-json\/wp\/v2\/comments?post=4814"}],"version-history":[{"count":0,"href":"https:\/\/mugardos.gal\/es\/wp-json\/wp\/v2\/pages\/4814\/revisions"}],"up":[{"embeddable":true,"href":"https:\/\/mugardos.gal\/es\/wp-json\/wp\/v2\/pages\/715"}],"wp:attachment":[{"href":"https:\/\/mugardos.gal\/es\/wp-json\/wp\/v2\/media?parent=4814"}],"curies":[{"name":"wp","href":"https:\/\/api.w.org\/{rel}","templated":true}]}}