{"id":4743,"date":"2020-05-26T21:13:41","date_gmt":"2020-05-26T19:13:41","guid":{"rendered":"https:\/\/mugardos.gal\/educacion-y-juventud\/contacto-con-el-departamento-de-educacion-y-juventud\/"},"modified":"2025-09-30T16:14:00","modified_gmt":"2025-09-30T14:14:00","slug":"contacto-con-el-departamento-de-educacion-y-juventud","status":"publish","type":"page","link":"https:\/\/mugardos.gal\/es\/educacion-y-juventud\/contacto-con-el-departamento-de-educacion-y-juventud\/","title":{"rendered":"CONTACTO CON EL DEPARTAMENTO DE EDUCACI\u00d3N Y JUVENTUD"},"content":{"rendered":"<p>[vc_row][vc_column][vc_separator color=\u00bbchino\u00bb style=\u00bbshadow\u00bb border_width=\u00bb4&#8243;][\/vc_column][\/vc_row][vc_row][vc_column width=\u00bb1\/4&#8243; offset=\u00bbvc_hidden-sm vc_hidden-xs\u00bb][vc_row_inner][vc_column_inner][vc_single_image image=\u00bb3192&#8243; img_size=\u00bbmedium\u00bb alignment=\u00bbcenter\u00bb style=\u00bbvc_box_shadow_3d\u00bb onclick=\u00bbcustom_link\u00bb css_animation=\u00bbnone\u00bb css=\u00bb.vc_custom_1590782962887{margin-top: px !important;}\u00bb link=\u00bbhttps:\/\/mugardos.gal\/es\/educacion-e-mocidade\/contacto-co-departamento-de-educacion-e-mocidade\/\u00bb][vc_single_image image=\u00bb3184&#8243; img_size=\u00bbmedium\u00bb alignment=\u00bbcenter\u00bb style=\u00bbvc_box_shadow_3d\u00bb onclick=\u00bbcustom_link\u00bb css=\u00bb.vc_custom_1590782969919{margin-top: -40px !important;}\u00bb link=\u00bbhttps:\/\/mugardos.gal\/es\/educacion-e-mocidade\/biblioteca-municipal\/\u00bb][vc_single_image image=\u00bb3194&#8243; img_size=\u00bbmedium\u00bb alignment=\u00bbcenter\u00bb style=\u00bbvc_box_shadow_3d\u00bb onclick=\u00bbcustom_link\u00bb css=\u00bb.vc_custom_1590782976429{margin-top: -40px !important;}\u00bb link=\u00bbhttps:\/\/mugardos.gal\/es\/educacion-e-mocidade\/escola-infantil-municipal\/\u00bb][vc_single_image image=\u00bb3196&#8243; img_size=\u00bbmedium\u00bb alignment=\u00bbcenter\u00bb style=\u00bbvc_box_shadow_3d\u00bb onclick=\u00bbcustom_link\u00bb css=\u00bb.vc_custom_1590782982692{margin-top: -40px !important;}\u00bb link=\u00bbhttps:\/\/mugardos.gal\/es\/educacion-e-mocidade\/espazo-infantil-de-xogo-ludoteca\/\u00bb][vc_single_image image=\u00bb3198&#8243; img_size=\u00bbmedium\u00bb alignment=\u00bbcenter\u00bb style=\u00bbvc_box_shadow_3d\u00bb onclick=\u00bbcustom_link\u00bb css=\u00bb.vc_custom_1591011404927{margin-top: -40px !important;}\u00bb link=\u00bbhttps:\/\/mugardos.gal\/es\/educacion-e-mocidade\/multideporte-praia\/\u00bb][vc_single_image image=\u00bb3188&#8243; img_size=\u00bbmedium\u00bb alignment=\u00bbcenter\u00bb style=\u00bbvc_box_shadow_3d\u00bb onclick=\u00bbcustom_link\u00bb css=\u00bb.vc_custom_1590782990835{margin-top: -40px !important;}\u00bb link=\u00bbhttps:\/\/mugardos.gal\/es\/educacion-e-mocidade\/comedores-escolares-municipais\/\u00bb][vc_single_image image=\u00bb3190&#8243; img_size=\u00bbmedium\u00bb alignment=\u00bbcenter\u00bb style=\u00bbvc_box_shadow_3d\u00bb onclick=\u00bbcustom_link\u00bb css=\u00bb.vc_custom_1590783004255{margin-top: -40px !important;}\u00bb link=\u00bbhttps:\/\/mugardos.gal\/es\/educacion-e-mocidade\/consello-escolar-municipal\/\u00bb][vc_single_image image=\u00bb3186&#8243; img_size=\u00bbmedium\u00bb alignment=\u00bbcenter\u00bb style=\u00bbvc_box_shadow_3d\u00bb onclick=\u00bbcustom_link\u00bb css=\u00bb.vc_custom_1590783010982{margin-top: -40px !important;}\u00bb link=\u00bbhttps:\/\/mugardos.gal\/es\/buzon-de-suxestions\/\u00bb][\/vc_column_inner][\/vc_row_inner][\/vc_column][vc_column width=\u00bb3\/4&#8243;][vc_column_text]\n<p style=\"text-align: justify;\">Este departamento es el encargado de coordinar y gestionar las relaciones con la comunidad educativa de los centros de ense\u00f1anza situados en el Ayuntamiento de Mugardos. Tambi\u00e9n es el encargado de representar a la entidad local en los consejos escolares de cada centro as\u00ed como la presidencia y convocatoria del Consejo Escolar Municipal.<\/p>\n<p style=\"text-align: justify;\">La Oficina Municipal de Informaci\u00f3n Juvenil (OMIX) est\u00e1 tambi\u00e9n dentro de las tareas desarrolladas por esta concejal\u00eda, de la misma manera que la coordinaci\u00f3n junto con la Concejal\u00eda de Cultura y Deporte de actividades y recursos municipales.<\/p>\n<p style=\"text-align: justify;\">Los vecinos y vecinas interesados en ponerse en contacto con el departamento pueden hacerlo:<\/p>\n<p>[\/vc_column_text][vc_row_inner][vc_column_inner width=\u00bb1\/2&#8243;][vc_column_text]<strong>Concejala de Educaci\u00f3n y Juventud: Bego\u00f1a G\u00f3mez D\u00edaz<\/strong><\/p>\n<p style=\"text-align: justify;\"><img loading=\"lazy\" class=\"alignnone wp-image-596\" src=\"https:\/\/mugardos.gal\/wp-content\/uploads\/2020\/03\/direcci\u00f3n.png\" alt=\"\" width=\"30\" height=\"30\" \/> Avenida de Galicia 45, 1\u00ba piso<\/p>\n<p style=\"text-align: justify;\"><img loading=\"lazy\" class=\"alignnone wp-image-598\" src=\"https:\/\/mugardos.gal\/wp-content\/uploads\/2020\/03\/telefono.png\" alt=\"\" width=\"30\" height=\"30\" \/> 981 470 290 (extensi\u00f3n #2049)<\/p>\n<p style=\"text-align: justify;\"><img loading=\"lazy\" class=\"alignnone wp-image-594\" src=\"https:\/\/mugardos.gal\/wp-content\/uploads\/2020\/03\/correo.png\" alt=\"\" width=\"30\" height=\"23\" \/> <a href=\"mailto:begona.gomez@mugardos.gal\">begona.gomez@mugardos.gal<\/a><\/p>\n<p>[\/vc_column_text][\/vc_column_inner][vc_column_inner width=\u00bb1\/2&#8243;][vc_column_text]<img loading=\"lazy\" class=\"wp-image-6747 size-medium aligncenter\" src=\"https:\/\/mugardos.gal\/wp-content\/uploads\/2024\/09\/Begona-Gomez.jpg\" alt=\"\" width=\"254\" height=\"300\" \/>[\/vc_column_text][\/vc_column_inner][\/vc_row_inner][\/vc_column][\/vc_row]\n","protected":false},"excerpt":{"rendered":"<p>[vc_row][vc_column][vc_separator color=\u00bbchino\u00bb style=\u00bbshadow\u00bb border_width=\u00bb4&#8243;][\/vc_column][\/vc_row][vc_row][vc_column width=\u00bb1\/4&#8243; offset=\u00bbvc_hidden-sm vc_hidden-xs\u00bb][vc_row_inner][vc_column_inner][vc_single_image image=\u00bb3192&#8243; img_size=\u00bbmedium\u00bb alignment=\u00bbcenter\u00bb style=\u00bbvc_box_shadow_3d\u00bb onclick=\u00bbcustom_link\u00bb css_animation=\u00bbnone\u00bb css=\u00bb.vc_custom_1590782962887{margin-top: px !important;}\u00bb link=\u00bbhttps:\/\/mugardos.gal\/es\/educacion-e-mocidade\/contacto-co-departamento-de-educacion-e-mocidade\/\u00bb][vc_single_image image=\u00bb3184&#8243; img_size=\u00bbmedium\u00bb alignment=\u00bbcenter\u00bb style=\u00bbvc_box_shadow_3d\u00bb onclick=\u00bbcustom_link\u00bb css=\u00bb.vc_custom_1590782969919{margin-top: -40px !important;}\u00bb link=\u00bbhttps:\/\/mugardos.gal\/es\/educacion-e-mocidade\/biblioteca-municipal\/\u00bb][vc_single_image image=\u00bb3194&#8243; img_size=\u00bbmedium\u00bb alignment=\u00bbcenter\u00bb style=\u00bbvc_box_shadow_3d\u00bb onclick=\u00bbcustom_link\u00bb css=\u00bb.vc_custom_1590782976429{margin-top: -40px !important;}\u00bb link=\u00bbhttps:\/\/mugardos.gal\/es\/educacion-e-mocidade\/escola-infantil-municipal\/\u00bb][vc_single_image image=\u00bb3196&#8243; img_size=\u00bbmedium\u00bb alignment=\u00bbcenter\u00bb style=\u00bbvc_box_shadow_3d\u00bb onclick=\u00bbcustom_link\u00bb css=\u00bb.vc_custom_1590782982692{margin-top: -40px !important;}\u00bb link=\u00bbhttps:\/\/mugardos.gal\/es\/educacion-e-mocidade\/espazo-infantil-de-xogo-ludoteca\/\u00bb][vc_single_image image=\u00bb3198&#8243; img_size=\u00bbmedium\u00bb alignment=\u00bbcenter\u00bb style=\u00bbvc_box_shadow_3d\u00bb onclick=\u00bbcustom_link\u00bb css=\u00bb.vc_custom_1591011404927{margin-top: -40px !important;}\u00bb link=\u00bbhttps:\/\/mugardos.gal\/es\/educacion-e-mocidade\/multideporte-praia\/\u00bb][vc_single_image image=\u00bb3188&#8243; img_size=\u00bbmedium\u00bb [&hellip;]<\/p>\n","protected":false},"author":4,"featured_media":0,"parent":713,"menu_order":0,"comment_status":"closed","ping_status":"closed","template":"","meta":[],"yoast_head":"<!-- This site is optimized with the Yoast SEO plugin v18.9 - https:\/\/yoast.com\/wordpress\/plugins\/seo\/ -->\n<title>CONTACTO CON EL DEPARTAMENTO DE EDUCACI\u00d3N Y JUVENTUD - Concello de Mugardos<\/title>\n<meta name=\"robots\" content=\"index, follow, max-snippet:-1, max-image-preview:large, max-video-preview:-1\" \/>\n<link rel=\"canonical\" href=\"https:\/\/mugardos.gal\/es\/educacion-y-juventud\/contacto-con-el-departamento-de-educacion-y-juventud\/\" \/>\n<meta property=\"og:locale\" content=\"es_ES\" \/>\n<meta property=\"og:type\" content=\"article\" \/>\n<meta property=\"og:title\" content=\"CONTACTO CON EL DEPARTAMENTO DE EDUCACI\u00d3N Y JUVENTUD - Concello de Mugardos\" \/>\n<meta property=\"og:description\" content=\"[vc_row][vc_column][vc_separator color=\u00bbchino\u00bb style=\u00bbshadow\u00bb border_width=\u00bb4&#8243;][\/vc_column][\/vc_row][vc_row][vc_column width=\u00bb1\/4&#8243; offset=\u00bbvc_hidden-sm vc_hidden-xs\u00bb][vc_row_inner][vc_column_inner][vc_single_image image=\u00bb3192&#8243; img_size=\u00bbmedium\u00bb alignment=\u00bbcenter\u00bb style=\u00bbvc_box_shadow_3d\u00bb onclick=\u00bbcustom_link\u00bb css_animation=\u00bbnone\u00bb css=\u00bb.vc_custom_1590782962887{margin-top: px !important;}\u00bb link=\u00bbhttps:\/\/mugardos.gal\/es\/educacion-e-mocidade\/contacto-co-departamento-de-educacion-e-mocidade\/\u00bb][vc_single_image image=\u00bb3184&#8243; img_size=\u00bbmedium\u00bb alignment=\u00bbcenter\u00bb style=\u00bbvc_box_shadow_3d\u00bb onclick=\u00bbcustom_link\u00bb css=\u00bb.vc_custom_1590782969919{margin-top: -40px !important;}\u00bb link=\u00bbhttps:\/\/mugardos.gal\/es\/educacion-e-mocidade\/biblioteca-municipal\/\u00bb][vc_single_image image=\u00bb3194&#8243; img_size=\u00bbmedium\u00bb alignment=\u00bbcenter\u00bb style=\u00bbvc_box_shadow_3d\u00bb onclick=\u00bbcustom_link\u00bb css=\u00bb.vc_custom_1590782976429{margin-top: -40px !important;}\u00bb link=\u00bbhttps:\/\/mugardos.gal\/es\/educacion-e-mocidade\/escola-infantil-municipal\/\u00bb][vc_single_image image=\u00bb3196&#8243; img_size=\u00bbmedium\u00bb alignment=\u00bbcenter\u00bb style=\u00bbvc_box_shadow_3d\u00bb onclick=\u00bbcustom_link\u00bb css=\u00bb.vc_custom_1590782982692{margin-top: -40px !important;}\u00bb link=\u00bbhttps:\/\/mugardos.gal\/es\/educacion-e-mocidade\/espazo-infantil-de-xogo-ludoteca\/\u00bb][vc_single_image image=\u00bb3198&#8243; img_size=\u00bbmedium\u00bb alignment=\u00bbcenter\u00bb style=\u00bbvc_box_shadow_3d\u00bb onclick=\u00bbcustom_link\u00bb css=\u00bb.vc_custom_1591011404927{margin-top: -40px !important;}\u00bb link=\u00bbhttps:\/\/mugardos.gal\/es\/educacion-e-mocidade\/multideporte-praia\/\u00bb][vc_single_image image=\u00bb3188&#8243; img_size=\u00bbmedium\u00bb [&hellip;]\" \/>\n<meta property=\"og:url\" content=\"https:\/\/mugardos.gal\/es\/educacion-y-juventud\/contacto-con-el-departamento-de-educacion-y-juventud\/\" \/>\n<meta property=\"og:site_name\" content=\"Concello de Mugardos\" \/>\n<meta property=\"article:modified_time\" content=\"2025-09-30T14:14:00+00:00\" \/>\n<meta property=\"og:image\" content=\"https:\/\/mugardos.gal\/wp-content\/uploads\/2020\/03\/telefono.png\" \/>\n<meta name=\"twitter:card\" content=\"summary_large_image\" \/>\n<meta name=\"twitter:label1\" content=\"Tiempo de lectura\" \/>\n\t<meta name=\"twitter:data1\" content=\"2 minutos\" \/>\n<script type=\"application\/ld+json\" class=\"yoast-schema-graph\">{\"@context\":\"https:\/\/schema.org\",\"@graph\":[{\"@type\":\"WebSite\",\"@id\":\"https:\/\/mugardos.gal\/#website\",\"url\":\"https:\/\/mugardos.gal\/\",\"name\":\"Concello de Mugardos\",\"description\":\"\",\"potentialAction\":[{\"@type\":\"SearchAction\",\"target\":{\"@type\":\"EntryPoint\",\"urlTemplate\":\"https:\/\/mugardos.gal\/?s={search_term_string}\"},\"query-input\":\"required name=search_term_string\"}],\"inLanguage\":\"es\"},{\"@type\":\"ImageObject\",\"inLanguage\":\"es\",\"@id\":\"https:\/\/mugardos.gal\/es\/educacion-y-juventud\/contacto-con-el-departamento-de-educacion-y-juventud\/#primaryimage\",\"url\":\"https:\/\/mugardos.gal\/wp-content\/uploads\/2020\/03\/telefono.png\",\"contentUrl\":\"https:\/\/mugardos.gal\/wp-content\/uploads\/2020\/03\/telefono.png\",\"width\":100,\"height\":100},{\"@type\":\"WebPage\",\"@id\":\"https:\/\/mugardos.gal\/es\/educacion-y-juventud\/contacto-con-el-departamento-de-educacion-y-juventud\/#webpage\",\"url\":\"https:\/\/mugardos.gal\/es\/educacion-y-juventud\/contacto-con-el-departamento-de-educacion-y-juventud\/\",\"name\":\"CONTACTO CON EL DEPARTAMENTO DE EDUCACI\u00d3N Y JUVENTUD - Concello de Mugardos\",\"isPartOf\":{\"@id\":\"https:\/\/mugardos.gal\/#website\"},\"primaryImageOfPage\":{\"@id\":\"https:\/\/mugardos.gal\/es\/educacion-y-juventud\/contacto-con-el-departamento-de-educacion-y-juventud\/#primaryimage\"},\"datePublished\":\"2020-05-26T19:13:41+00:00\",\"dateModified\":\"2025-09-30T14:14:00+00:00\",\"breadcrumb\":{\"@id\":\"https:\/\/mugardos.gal\/es\/educacion-y-juventud\/contacto-con-el-departamento-de-educacion-y-juventud\/#breadcrumb\"},\"inLanguage\":\"es\",\"potentialAction\":[{\"@type\":\"ReadAction\",\"target\":[\"https:\/\/mugardos.gal\/es\/educacion-y-juventud\/contacto-con-el-departamento-de-educacion-y-juventud\/\"]}]},{\"@type\":\"BreadcrumbList\",\"@id\":\"https:\/\/mugardos.gal\/es\/educacion-y-juventud\/contacto-con-el-departamento-de-educacion-y-juventud\/#breadcrumb\",\"itemListElement\":[{\"@type\":\"ListItem\",\"position\":1,\"name\":\"Portada\",\"item\":\"https:\/\/mugardos.gal\/es\/\"},{\"@type\":\"ListItem\",\"position\":2,\"name\":\"EDUCACI\u00d3N Y JUVENTUD\",\"item\":\"https:\/\/mugardos.gal\/es\/educacion-y-juventud\/\"},{\"@type\":\"ListItem\",\"position\":3,\"name\":\"CONTACTO CON EL DEPARTAMENTO DE EDUCACI\u00d3N Y JUVENTUD\"}]}]}<\/script>\n<!-- \/ Yoast SEO plugin. -->","yoast_head_json":{"title":"CONTACTO CON EL DEPARTAMENTO DE EDUCACI\u00d3N Y JUVENTUD - Concello de Mugardos","robots":{"index":"index","follow":"follow","max-snippet":"max-snippet:-1","max-image-preview":"max-image-preview:large","max-video-preview":"max-video-preview:-1"},"canonical":"https:\/\/mugardos.gal\/es\/educacion-y-juventud\/contacto-con-el-departamento-de-educacion-y-juventud\/","og_locale":"es_ES","og_type":"article","og_title":"CONTACTO CON EL DEPARTAMENTO DE EDUCACI\u00d3N Y JUVENTUD - Concello de Mugardos","og_description":"[vc_row][vc_column][vc_separator color=\u00bbchino\u00bb style=\u00bbshadow\u00bb border_width=\u00bb4&#8243;][\/vc_column][\/vc_row][vc_row][vc_column width=\u00bb1\/4&#8243; offset=\u00bbvc_hidden-sm vc_hidden-xs\u00bb][vc_row_inner][vc_column_inner][vc_single_image image=\u00bb3192&#8243; img_size=\u00bbmedium\u00bb alignment=\u00bbcenter\u00bb style=\u00bbvc_box_shadow_3d\u00bb onclick=\u00bbcustom_link\u00bb css_animation=\u00bbnone\u00bb css=\u00bb.vc_custom_1590782962887{margin-top: px !important;}\u00bb link=\u00bbhttps:\/\/mugardos.gal\/es\/educacion-e-mocidade\/contacto-co-departamento-de-educacion-e-mocidade\/\u00bb][vc_single_image image=\u00bb3184&#8243; img_size=\u00bbmedium\u00bb alignment=\u00bbcenter\u00bb style=\u00bbvc_box_shadow_3d\u00bb onclick=\u00bbcustom_link\u00bb css=\u00bb.vc_custom_1590782969919{margin-top: -40px !important;}\u00bb link=\u00bbhttps:\/\/mugardos.gal\/es\/educacion-e-mocidade\/biblioteca-municipal\/\u00bb][vc_single_image image=\u00bb3194&#8243; img_size=\u00bbmedium\u00bb alignment=\u00bbcenter\u00bb style=\u00bbvc_box_shadow_3d\u00bb onclick=\u00bbcustom_link\u00bb css=\u00bb.vc_custom_1590782976429{margin-top: -40px !important;}\u00bb link=\u00bbhttps:\/\/mugardos.gal\/es\/educacion-e-mocidade\/escola-infantil-municipal\/\u00bb][vc_single_image image=\u00bb3196&#8243; img_size=\u00bbmedium\u00bb alignment=\u00bbcenter\u00bb style=\u00bbvc_box_shadow_3d\u00bb onclick=\u00bbcustom_link\u00bb css=\u00bb.vc_custom_1590782982692{margin-top: -40px !important;}\u00bb link=\u00bbhttps:\/\/mugardos.gal\/es\/educacion-e-mocidade\/espazo-infantil-de-xogo-ludoteca\/\u00bb][vc_single_image image=\u00bb3198&#8243; img_size=\u00bbmedium\u00bb alignment=\u00bbcenter\u00bb style=\u00bbvc_box_shadow_3d\u00bb onclick=\u00bbcustom_link\u00bb css=\u00bb.vc_custom_1591011404927{margin-top: -40px !important;}\u00bb link=\u00bbhttps:\/\/mugardos.gal\/es\/educacion-e-mocidade\/multideporte-praia\/\u00bb][vc_single_image image=\u00bb3188&#8243; img_size=\u00bbmedium\u00bb [&hellip;]","og_url":"https:\/\/mugardos.gal\/es\/educacion-y-juventud\/contacto-con-el-departamento-de-educacion-y-juventud\/","og_site_name":"Concello de Mugardos","article_modified_time":"2025-09-30T14:14:00+00:00","og_image":[{"url":"https:\/\/mugardos.gal\/wp-content\/uploads\/2020\/03\/telefono.png"}],"twitter_card":"summary_large_image","twitter_misc":{"Tiempo de lectura":"2 minutos"},"schema":{"@context":"https:\/\/schema.org","@graph":[{"@type":"WebSite","@id":"https:\/\/mugardos.gal\/#website","url":"https:\/\/mugardos.gal\/","name":"Concello de Mugardos","description":"","potentialAction":[{"@type":"SearchAction","target":{"@type":"EntryPoint","urlTemplate":"https:\/\/mugardos.gal\/?s={search_term_string}"},"query-input":"required name=search_term_string"}],"inLanguage":"es"},{"@type":"ImageObject","inLanguage":"es","@id":"https:\/\/mugardos.gal\/es\/educacion-y-juventud\/contacto-con-el-departamento-de-educacion-y-juventud\/#primaryimage","url":"https:\/\/mugardos.gal\/wp-content\/uploads\/2020\/03\/telefono.png","contentUrl":"https:\/\/mugardos.gal\/wp-content\/uploads\/2020\/03\/telefono.png","width":100,"height":100},{"@type":"WebPage","@id":"https:\/\/mugardos.gal\/es\/educacion-y-juventud\/contacto-con-el-departamento-de-educacion-y-juventud\/#webpage","url":"https:\/\/mugardos.gal\/es\/educacion-y-juventud\/contacto-con-el-departamento-de-educacion-y-juventud\/","name":"CONTACTO CON EL DEPARTAMENTO DE EDUCACI\u00d3N Y JUVENTUD - Concello de Mugardos","isPartOf":{"@id":"https:\/\/mugardos.gal\/#website"},"primaryImageOfPage":{"@id":"https:\/\/mugardos.gal\/es\/educacion-y-juventud\/contacto-con-el-departamento-de-educacion-y-juventud\/#primaryimage"},"datePublished":"2020-05-26T19:13:41+00:00","dateModified":"2025-09-30T14:14:00+00:00","breadcrumb":{"@id":"https:\/\/mugardos.gal\/es\/educacion-y-juventud\/contacto-con-el-departamento-de-educacion-y-juventud\/#breadcrumb"},"inLanguage":"es","potentialAction":[{"@type":"ReadAction","target":["https:\/\/mugardos.gal\/es\/educacion-y-juventud\/contacto-con-el-departamento-de-educacion-y-juventud\/"]}]},{"@type":"BreadcrumbList","@id":"https:\/\/mugardos.gal\/es\/educacion-y-juventud\/contacto-con-el-departamento-de-educacion-y-juventud\/#breadcrumb","itemListElement":[{"@type":"ListItem","position":1,"name":"Portada","item":"https:\/\/mugardos.gal\/es\/"},{"@type":"ListItem","position":2,"name":"EDUCACI\u00d3N Y JUVENTUD","item":"https:\/\/mugardos.gal\/es\/educacion-y-juventud\/"},{"@type":"ListItem","position":3,"name":"CONTACTO CON EL DEPARTAMENTO DE EDUCACI\u00d3N Y JUVENTUD"}]}]}},"_links":{"self":[{"href":"https:\/\/mugardos.gal\/es\/wp-json\/wp\/v2\/pages\/4743"}],"collection":[{"href":"https:\/\/mugardos.gal\/es\/wp-json\/wp\/v2\/pages"}],"about":[{"href":"https:\/\/mugardos.gal\/es\/wp-json\/wp\/v2\/types\/page"}],"author":[{"embeddable":true,"href":"https:\/\/mugardos.gal\/es\/wp-json\/wp\/v2\/users\/4"}],"replies":[{"embeddable":true,"href":"https:\/\/mugardos.gal\/es\/wp-json\/wp\/v2\/comments?post=4743"}],"version-history":[{"count":3,"href":"https:\/\/mugardos.gal\/es\/wp-json\/wp\/v2\/pages\/4743\/revisions"}],"predecessor-version":[{"id":24763,"href":"https:\/\/mugardos.gal\/es\/wp-json\/wp\/v2\/pages\/4743\/revisions\/24763"}],"up":[{"embeddable":true,"href":"https:\/\/mugardos.gal\/es\/wp-json\/wp\/v2\/pages\/713"}],"wp:attachment":[{"href":"https:\/\/mugardos.gal\/es\/wp-json\/wp\/v2\/media?parent=4743"}],"curies":[{"name":"wp","href":"https:\/\/api.w.org\/{rel}","templated":true}]}}