{"id":4737,"date":"2020-05-26T21:09:00","date_gmt":"2020-05-26T19:09:00","guid":{"rendered":"https:\/\/mugardos.gal\/educacion-y-juventud\/ayudas-municipales-a-las-ampas\/"},"modified":"2021-01-29T13:17:08","modified_gmt":"2021-01-29T11:17:08","slug":"ayudas-municipales-a-las-ampas","status":"publish","type":"page","link":"https:\/\/mugardos.gal\/es\/educacion-y-juventud\/ayudas-municipales-a-las-ampas\/","title":{"rendered":"AYUDAS MUNICIPALES A LAS AMPAS"},"content":{"rendered":"<p>[vc_row][vc_column][vc_separator color=\u00bbchino\u00bb style=\u00bbshadow\u00bb border_width=\u00bb4&#8243;][\/vc_column][\/vc_row][vc_row][vc_column width=\u00bb1\/4&#8243; offset=\u00bbvc_hidden-sm vc_hidden-xs\u00bb][vc_row_inner][vc_column_inner][vc_single_image image=\u00bb3192&#8243; img_size=\u00bbmedium\u00bb alignment=\u00bbcenter\u00bb style=\u00bbvc_box_shadow_3d\u00bb onclick=\u00bbcustom_link\u00bb css_animation=\u00bbnone\u00bb css=\u00bb.vc_custom_1590310690838{margin-top: px !important;}\u00bb link=\u00bbhttps:\/\/mugardos.gal\/educacion-e-mocidade\/contacto-co-departamento-de-educacion-e-mocidade\/\u00bb][vc_single_image image=\u00bb3184&#8243; img_size=\u00bbmedium\u00bb alignment=\u00bbcenter\u00bb style=\u00bbvc_box_shadow_3d\u00bb onclick=\u00bbcustom_link\u00bb css=\u00bb.vc_custom_1590310703958{margin-top: -40px !important;}\u00bb link=\u00bbhttps:\/\/mugardos.gal\/educacion-e-mocidade\/biblioteca-municipal\/\u00bb][vc_single_image image=\u00bb3194&#8243; img_size=\u00bbmedium\u00bb alignment=\u00bbcenter\u00bb style=\u00bbvc_box_shadow_3d\u00bb onclick=\u00bbcustom_link\u00bb css=\u00bb.vc_custom_1590310725572{margin-top: -40px !important;}\u00bb link=\u00bbhttps:\/\/mugardos.gal\/educacion-e-mocidade\/escola-infantil-municipal\/\u00bb][vc_single_image image=\u00bb3196&#8243; img_size=\u00bbmedium\u00bb alignment=\u00bbcenter\u00bb style=\u00bbvc_box_shadow_3d\u00bb onclick=\u00bbcustom_link\u00bb css=\u00bb.vc_custom_1590310753171{margin-top: -40px !important;}\u00bb link=\u00bbhttps:\/\/mugardos.gal\/educacion-e-mocidade\/espazo-infantil-de-xogo-ludoteca\/\u00bb][vc_single_image image=\u00bb3198&#8243; img_size=\u00bbmedium\u00bb alignment=\u00bbcenter\u00bb style=\u00bbvc_box_shadow_3d\u00bb onclick=\u00bbcustom_link\u00bb css=\u00bb.vc_custom_1590310769315{margin-top: -40px !important;}\u00bb link=\u00bbhttps:\/\/mugardos.gal\/educacion-e-mocidade\/multideporte-praia\/\u00bb][vc_single_image image=\u00bb3188&#8243; img_size=\u00bbmedium\u00bb alignment=\u00bbcenter\u00bb style=\u00bbvc_box_shadow_3d\u00bb onclick=\u00bbcustom_link\u00bb css=\u00bb.vc_custom_1590310778651{margin-top: -40px !important;}\u00bb link=\u00bbhttps:\/\/mugardos.gal\/educacion-e-mocidade\/comedores-escolares-municipais\/\u00bb][vc_single_image image=\u00bb3190&#8243; img_size=\u00bbmedium\u00bb alignment=\u00bbcenter\u00bb style=\u00bbvc_box_shadow_3d\u00bb onclick=\u00bbcustom_link\u00bb css=\u00bb.vc_custom_1590310809591{margin-top: -40px !important;}\u00bb link=\u00bbhttps:\/\/mugardos.gal\/educacion-e-mocidade\/consello-escolar-municipal\/\u00bb][vc_single_image image=\u00bb3186&#8243; img_size=\u00bbmedium\u00bb alignment=\u00bbcenter\u00bb style=\u00bbvc_box_shadow_3d\u00bb onclick=\u00bbcustom_link\u00bb css=\u00bb.vc_custom_1590310825540{margin-top: -40px !important;}\u00bb link=\u00bbhttps:\/\/mugardos.gal\/buzon-de-suxestions\/\u00bb][\/vc_column_inner][\/vc_row_inner][\/vc_column][vc_column width=\u00bb3\/4&#8243;][vc_column_text]\n<p style=\"text-align: justify;\">El objetivo central de las ayudas municipales a las asociaciones de los centros de ense\u00f1anza situados en el Ayuntamiento de Mugardos es fomentar los programas y\/o actividades realizadas por las AMPAS que complementen la programaci\u00f3n y servicios municipales.<\/p>\n<p style=\"text-align: justify;\">Durante el a\u00f1o 2019 el ayuntamiento abon\u00f3 las siguientes subvenciones nominativas:<\/p>\n<ul>\n<li style=\"text-align: justify;\">ANPA Colexio Loyola 1.800,00 \u20ac<\/li>\n<li style=\"text-align: justify;\">ANPA Catro Cami\u00f1os 1.800,00 \u20ac<\/li>\n<li style=\"text-align: justify;\">ANPA O Pazo 1.800,00 \u20ac<\/li>\n<li style=\"text-align: justify;\">ANPA O Castro (IES) 2.000,00 \u20ac<\/li>\n<\/ul>\n<p>[\/vc_column_text][vc_column_text]\n<p style=\"text-align: justify;\">La comisi\u00f3n de valoraci\u00f3n propone la resoluci\u00f3n provisional de la concesi\u00f3n de las subvenciones municipales solicitadas al amparo de la convocatoria p\u00fablica de subvenciones municipales a entidades sin fin de lucro 2019 (BOP n\u00fam. 38\/26.02.2020) manteni\u00e9ndose en exposici\u00f3n p\u00fablica en el tablero de edictos y en esta misma p\u00e1gina web durante el plazo de cinco d\u00edas h\u00e1biles.<\/p>\n<p style=\"text-align: justify;\">Puede consultarse la propuesta de resoluci\u00f3n en el siguiente enlace:<\/p>\n<p style=\"text-align: justify;\"><img loading=\"lazy\" class=\"alignnone wp-image-582\" src=\"https:\/\/mugardos.gal\/wp-content\/uploads\/2020\/03\/pdf.png\" alt=\"\" width=\"40\" height=\"40\" \/><a href=\"https:\/\/mugardos.gal\/wp-content\/uploads\/2021\/01\/Proposta-resolucion-provisional-concesion-subvencions-201913035.pdf\">DESCARGAR PDF Resoluci\u00f3n provisional subvenciones municipales a entidades sin fin de lucro 2019<\/a><\/p>\n<p style=\"text-align: justify;\">\n<p>[\/vc_column_text][\/vc_column][\/vc_row]\n","protected":false},"excerpt":{"rendered":"<p>[vc_row][vc_column][vc_separator color=\u00bbchino\u00bb style=\u00bbshadow\u00bb border_width=\u00bb4&#8243;][\/vc_column][\/vc_row][vc_row][vc_column width=\u00bb1\/4&#8243; offset=\u00bbvc_hidden-sm vc_hidden-xs\u00bb][vc_row_inner][vc_column_inner][vc_single_image image=\u00bb3192&#8243; img_size=\u00bbmedium\u00bb alignment=\u00bbcenter\u00bb style=\u00bbvc_box_shadow_3d\u00bb onclick=\u00bbcustom_link\u00bb css_animation=\u00bbnone\u00bb css=\u00bb.vc_custom_1590310690838{margin-top: px !important;}\u00bb link=\u00bbhttps:\/\/mugardos.gal\/educacion-e-mocidade\/contacto-co-departamento-de-educacion-e-mocidade\/\u00bb][vc_single_image image=\u00bb3184&#8243; img_size=\u00bbmedium\u00bb alignment=\u00bbcenter\u00bb style=\u00bbvc_box_shadow_3d\u00bb onclick=\u00bbcustom_link\u00bb css=\u00bb.vc_custom_1590310703958{margin-top: -40px !important;}\u00bb link=\u00bbhttps:\/\/mugardos.gal\/educacion-e-mocidade\/biblioteca-municipal\/\u00bb][vc_single_image image=\u00bb3194&#8243; img_size=\u00bbmedium\u00bb alignment=\u00bbcenter\u00bb style=\u00bbvc_box_shadow_3d\u00bb onclick=\u00bbcustom_link\u00bb css=\u00bb.vc_custom_1590310725572{margin-top: -40px !important;}\u00bb link=\u00bbhttps:\/\/mugardos.gal\/educacion-e-mocidade\/escola-infantil-municipal\/\u00bb][vc_single_image image=\u00bb3196&#8243; img_size=\u00bbmedium\u00bb alignment=\u00bbcenter\u00bb style=\u00bbvc_box_shadow_3d\u00bb onclick=\u00bbcustom_link\u00bb css=\u00bb.vc_custom_1590310753171{margin-top: -40px !important;}\u00bb link=\u00bbhttps:\/\/mugardos.gal\/educacion-e-mocidade\/espazo-infantil-de-xogo-ludoteca\/\u00bb][vc_single_image image=\u00bb3198&#8243; img_size=\u00bbmedium\u00bb alignment=\u00bbcenter\u00bb style=\u00bbvc_box_shadow_3d\u00bb onclick=\u00bbcustom_link\u00bb css=\u00bb.vc_custom_1590310769315{margin-top: -40px !important;}\u00bb link=\u00bbhttps:\/\/mugardos.gal\/educacion-e-mocidade\/multideporte-praia\/\u00bb][vc_single_image image=\u00bb3188&#8243; img_size=\u00bbmedium\u00bb [&hellip;]<\/p>\n","protected":false},"author":4,"featured_media":0,"parent":713,"menu_order":0,"comment_status":"closed","ping_status":"closed","template":"","meta":[],"yoast_head":"<!-- This site is optimized with the Yoast SEO plugin v18.9 - https:\/\/yoast.com\/wordpress\/plugins\/seo\/ -->\n<title>AYUDAS MUNICIPALES A LAS AMPAS - Concello de Mugardos<\/title>\n<meta name=\"robots\" content=\"index, follow, max-snippet:-1, max-image-preview:large, max-video-preview:-1\" \/>\n<link rel=\"canonical\" href=\"https:\/\/mugardos.gal\/es\/educacion-y-juventud\/ayudas-municipales-a-las-ampas\/\" \/>\n<meta property=\"og:locale\" content=\"es_ES\" \/>\n<meta property=\"og:type\" content=\"article\" \/>\n<meta property=\"og:title\" content=\"AYUDAS MUNICIPALES A LAS AMPAS - Concello de Mugardos\" \/>\n<meta property=\"og:description\" content=\"[vc_row][vc_column][vc_separator color=\u00bbchino\u00bb style=\u00bbshadow\u00bb border_width=\u00bb4&#8243;][\/vc_column][\/vc_row][vc_row][vc_column width=\u00bb1\/4&#8243; offset=\u00bbvc_hidden-sm vc_hidden-xs\u00bb][vc_row_inner][vc_column_inner][vc_single_image image=\u00bb3192&#8243; img_size=\u00bbmedium\u00bb alignment=\u00bbcenter\u00bb style=\u00bbvc_box_shadow_3d\u00bb onclick=\u00bbcustom_link\u00bb css_animation=\u00bbnone\u00bb css=\u00bb.vc_custom_1590310690838{margin-top: px !important;}\u00bb link=\u00bbhttps:\/\/mugardos.gal\/educacion-e-mocidade\/contacto-co-departamento-de-educacion-e-mocidade\/\u00bb][vc_single_image image=\u00bb3184&#8243; img_size=\u00bbmedium\u00bb alignment=\u00bbcenter\u00bb style=\u00bbvc_box_shadow_3d\u00bb onclick=\u00bbcustom_link\u00bb css=\u00bb.vc_custom_1590310703958{margin-top: -40px !important;}\u00bb link=\u00bbhttps:\/\/mugardos.gal\/educacion-e-mocidade\/biblioteca-municipal\/\u00bb][vc_single_image image=\u00bb3194&#8243; img_size=\u00bbmedium\u00bb alignment=\u00bbcenter\u00bb style=\u00bbvc_box_shadow_3d\u00bb onclick=\u00bbcustom_link\u00bb css=\u00bb.vc_custom_1590310725572{margin-top: -40px !important;}\u00bb link=\u00bbhttps:\/\/mugardos.gal\/educacion-e-mocidade\/escola-infantil-municipal\/\u00bb][vc_single_image image=\u00bb3196&#8243; img_size=\u00bbmedium\u00bb alignment=\u00bbcenter\u00bb style=\u00bbvc_box_shadow_3d\u00bb onclick=\u00bbcustom_link\u00bb css=\u00bb.vc_custom_1590310753171{margin-top: -40px !important;}\u00bb link=\u00bbhttps:\/\/mugardos.gal\/educacion-e-mocidade\/espazo-infantil-de-xogo-ludoteca\/\u00bb][vc_single_image image=\u00bb3198&#8243; img_size=\u00bbmedium\u00bb alignment=\u00bbcenter\u00bb style=\u00bbvc_box_shadow_3d\u00bb onclick=\u00bbcustom_link\u00bb css=\u00bb.vc_custom_1590310769315{margin-top: -40px !important;}\u00bb link=\u00bbhttps:\/\/mugardos.gal\/educacion-e-mocidade\/multideporte-praia\/\u00bb][vc_single_image image=\u00bb3188&#8243; img_size=\u00bbmedium\u00bb [&hellip;]\" \/>\n<meta property=\"og:url\" content=\"https:\/\/mugardos.gal\/es\/educacion-y-juventud\/ayudas-municipales-a-las-ampas\/\" \/>\n<meta property=\"og:site_name\" content=\"Concello de Mugardos\" \/>\n<meta property=\"article:modified_time\" content=\"2021-01-29T11:17:08+00:00\" \/>\n<meta property=\"og:image\" content=\"https:\/\/mugardos.gal\/wp-content\/uploads\/2020\/03\/pdf.png\" \/>\n<meta name=\"twitter:card\" content=\"summary_large_image\" \/>\n<meta name=\"twitter:label1\" content=\"Tiempo de lectura\" \/>\n\t<meta name=\"twitter:data1\" content=\"2 minutos\" \/>\n<script type=\"application\/ld+json\" class=\"yoast-schema-graph\">{\"@context\":\"https:\/\/schema.org\",\"@graph\":[{\"@type\":\"WebSite\",\"@id\":\"https:\/\/mugardos.gal\/#website\",\"url\":\"https:\/\/mugardos.gal\/\",\"name\":\"Concello de Mugardos\",\"description\":\"\",\"potentialAction\":[{\"@type\":\"SearchAction\",\"target\":{\"@type\":\"EntryPoint\",\"urlTemplate\":\"https:\/\/mugardos.gal\/?s={search_term_string}\"},\"query-input\":\"required name=search_term_string\"}],\"inLanguage\":\"es\"},{\"@type\":\"ImageObject\",\"inLanguage\":\"es\",\"@id\":\"https:\/\/mugardos.gal\/es\/educacion-y-juventud\/ayudas-municipales-a-las-ampas\/#primaryimage\",\"url\":\"https:\/\/mugardos.gal\/wp-content\/uploads\/2020\/03\/pdf.png\",\"contentUrl\":\"https:\/\/mugardos.gal\/wp-content\/uploads\/2020\/03\/pdf.png\",\"width\":100,\"height\":100},{\"@type\":\"WebPage\",\"@id\":\"https:\/\/mugardos.gal\/es\/educacion-y-juventud\/ayudas-municipales-a-las-ampas\/#webpage\",\"url\":\"https:\/\/mugardos.gal\/es\/educacion-y-juventud\/ayudas-municipales-a-las-ampas\/\",\"name\":\"AYUDAS MUNICIPALES A LAS AMPAS - Concello de Mugardos\",\"isPartOf\":{\"@id\":\"https:\/\/mugardos.gal\/#website\"},\"primaryImageOfPage\":{\"@id\":\"https:\/\/mugardos.gal\/es\/educacion-y-juventud\/ayudas-municipales-a-las-ampas\/#primaryimage\"},\"datePublished\":\"2020-05-26T19:09:00+00:00\",\"dateModified\":\"2021-01-29T11:17:08+00:00\",\"breadcrumb\":{\"@id\":\"https:\/\/mugardos.gal\/es\/educacion-y-juventud\/ayudas-municipales-a-las-ampas\/#breadcrumb\"},\"inLanguage\":\"es\",\"potentialAction\":[{\"@type\":\"ReadAction\",\"target\":[\"https:\/\/mugardos.gal\/es\/educacion-y-juventud\/ayudas-municipales-a-las-ampas\/\"]}]},{\"@type\":\"BreadcrumbList\",\"@id\":\"https:\/\/mugardos.gal\/es\/educacion-y-juventud\/ayudas-municipales-a-las-ampas\/#breadcrumb\",\"itemListElement\":[{\"@type\":\"ListItem\",\"position\":1,\"name\":\"Portada\",\"item\":\"https:\/\/mugardos.gal\/es\/\"},{\"@type\":\"ListItem\",\"position\":2,\"name\":\"EDUCACI\u00d3N Y JUVENTUD\",\"item\":\"https:\/\/mugardos.gal\/es\/educacion-y-juventud\/\"},{\"@type\":\"ListItem\",\"position\":3,\"name\":\"AYUDAS MUNICIPALES A LAS AMPAS\"}]}]}<\/script>\n<!-- \/ Yoast SEO plugin. -->","yoast_head_json":{"title":"AYUDAS MUNICIPALES A LAS AMPAS - Concello de Mugardos","robots":{"index":"index","follow":"follow","max-snippet":"max-snippet:-1","max-image-preview":"max-image-preview:large","max-video-preview":"max-video-preview:-1"},"canonical":"https:\/\/mugardos.gal\/es\/educacion-y-juventud\/ayudas-municipales-a-las-ampas\/","og_locale":"es_ES","og_type":"article","og_title":"AYUDAS MUNICIPALES A LAS AMPAS - Concello de Mugardos","og_description":"[vc_row][vc_column][vc_separator color=\u00bbchino\u00bb style=\u00bbshadow\u00bb border_width=\u00bb4&#8243;][\/vc_column][\/vc_row][vc_row][vc_column width=\u00bb1\/4&#8243; offset=\u00bbvc_hidden-sm vc_hidden-xs\u00bb][vc_row_inner][vc_column_inner][vc_single_image image=\u00bb3192&#8243; img_size=\u00bbmedium\u00bb alignment=\u00bbcenter\u00bb style=\u00bbvc_box_shadow_3d\u00bb onclick=\u00bbcustom_link\u00bb css_animation=\u00bbnone\u00bb css=\u00bb.vc_custom_1590310690838{margin-top: px !important;}\u00bb link=\u00bbhttps:\/\/mugardos.gal\/educacion-e-mocidade\/contacto-co-departamento-de-educacion-e-mocidade\/\u00bb][vc_single_image image=\u00bb3184&#8243; img_size=\u00bbmedium\u00bb alignment=\u00bbcenter\u00bb style=\u00bbvc_box_shadow_3d\u00bb onclick=\u00bbcustom_link\u00bb css=\u00bb.vc_custom_1590310703958{margin-top: -40px !important;}\u00bb link=\u00bbhttps:\/\/mugardos.gal\/educacion-e-mocidade\/biblioteca-municipal\/\u00bb][vc_single_image image=\u00bb3194&#8243; img_size=\u00bbmedium\u00bb alignment=\u00bbcenter\u00bb style=\u00bbvc_box_shadow_3d\u00bb onclick=\u00bbcustom_link\u00bb css=\u00bb.vc_custom_1590310725572{margin-top: -40px !important;}\u00bb link=\u00bbhttps:\/\/mugardos.gal\/educacion-e-mocidade\/escola-infantil-municipal\/\u00bb][vc_single_image image=\u00bb3196&#8243; img_size=\u00bbmedium\u00bb alignment=\u00bbcenter\u00bb style=\u00bbvc_box_shadow_3d\u00bb onclick=\u00bbcustom_link\u00bb css=\u00bb.vc_custom_1590310753171{margin-top: -40px !important;}\u00bb link=\u00bbhttps:\/\/mugardos.gal\/educacion-e-mocidade\/espazo-infantil-de-xogo-ludoteca\/\u00bb][vc_single_image image=\u00bb3198&#8243; img_size=\u00bbmedium\u00bb alignment=\u00bbcenter\u00bb style=\u00bbvc_box_shadow_3d\u00bb onclick=\u00bbcustom_link\u00bb css=\u00bb.vc_custom_1590310769315{margin-top: -40px !important;}\u00bb link=\u00bbhttps:\/\/mugardos.gal\/educacion-e-mocidade\/multideporte-praia\/\u00bb][vc_single_image image=\u00bb3188&#8243; img_size=\u00bbmedium\u00bb [&hellip;]","og_url":"https:\/\/mugardos.gal\/es\/educacion-y-juventud\/ayudas-municipales-a-las-ampas\/","og_site_name":"Concello de Mugardos","article_modified_time":"2021-01-29T11:17:08+00:00","og_image":[{"url":"https:\/\/mugardos.gal\/wp-content\/uploads\/2020\/03\/pdf.png"}],"twitter_card":"summary_large_image","twitter_misc":{"Tiempo de lectura":"2 minutos"},"schema":{"@context":"https:\/\/schema.org","@graph":[{"@type":"WebSite","@id":"https:\/\/mugardos.gal\/#website","url":"https:\/\/mugardos.gal\/","name":"Concello de Mugardos","description":"","potentialAction":[{"@type":"SearchAction","target":{"@type":"EntryPoint","urlTemplate":"https:\/\/mugardos.gal\/?s={search_term_string}"},"query-input":"required name=search_term_string"}],"inLanguage":"es"},{"@type":"ImageObject","inLanguage":"es","@id":"https:\/\/mugardos.gal\/es\/educacion-y-juventud\/ayudas-municipales-a-las-ampas\/#primaryimage","url":"https:\/\/mugardos.gal\/wp-content\/uploads\/2020\/03\/pdf.png","contentUrl":"https:\/\/mugardos.gal\/wp-content\/uploads\/2020\/03\/pdf.png","width":100,"height":100},{"@type":"WebPage","@id":"https:\/\/mugardos.gal\/es\/educacion-y-juventud\/ayudas-municipales-a-las-ampas\/#webpage","url":"https:\/\/mugardos.gal\/es\/educacion-y-juventud\/ayudas-municipales-a-las-ampas\/","name":"AYUDAS MUNICIPALES A LAS AMPAS - Concello de Mugardos","isPartOf":{"@id":"https:\/\/mugardos.gal\/#website"},"primaryImageOfPage":{"@id":"https:\/\/mugardos.gal\/es\/educacion-y-juventud\/ayudas-municipales-a-las-ampas\/#primaryimage"},"datePublished":"2020-05-26T19:09:00+00:00","dateModified":"2021-01-29T11:17:08+00:00","breadcrumb":{"@id":"https:\/\/mugardos.gal\/es\/educacion-y-juventud\/ayudas-municipales-a-las-ampas\/#breadcrumb"},"inLanguage":"es","potentialAction":[{"@type":"ReadAction","target":["https:\/\/mugardos.gal\/es\/educacion-y-juventud\/ayudas-municipales-a-las-ampas\/"]}]},{"@type":"BreadcrumbList","@id":"https:\/\/mugardos.gal\/es\/educacion-y-juventud\/ayudas-municipales-a-las-ampas\/#breadcrumb","itemListElement":[{"@type":"ListItem","position":1,"name":"Portada","item":"https:\/\/mugardos.gal\/es\/"},{"@type":"ListItem","position":2,"name":"EDUCACI\u00d3N Y JUVENTUD","item":"https:\/\/mugardos.gal\/es\/educacion-y-juventud\/"},{"@type":"ListItem","position":3,"name":"AYUDAS MUNICIPALES A LAS AMPAS"}]}]}},"_links":{"self":[{"href":"https:\/\/mugardos.gal\/es\/wp-json\/wp\/v2\/pages\/4737"}],"collection":[{"href":"https:\/\/mugardos.gal\/es\/wp-json\/wp\/v2\/pages"}],"about":[{"href":"https:\/\/mugardos.gal\/es\/wp-json\/wp\/v2\/types\/page"}],"author":[{"embeddable":true,"href":"https:\/\/mugardos.gal\/es\/wp-json\/wp\/v2\/users\/4"}],"replies":[{"embeddable":true,"href":"https:\/\/mugardos.gal\/es\/wp-json\/wp\/v2\/comments?post=4737"}],"version-history":[{"count":0,"href":"https:\/\/mugardos.gal\/es\/wp-json\/wp\/v2\/pages\/4737\/revisions"}],"up":[{"embeddable":true,"href":"https:\/\/mugardos.gal\/es\/wp-json\/wp\/v2\/pages\/713"}],"wp:attachment":[{"href":"https:\/\/mugardos.gal\/es\/wp-json\/wp\/v2\/media?parent=4737"}],"curies":[{"name":"wp","href":"https:\/\/api.w.org\/{rel}","templated":true}]}}