{"id":4734,"date":"2020-05-26T21:06:52","date_gmt":"2020-05-26T19:06:52","guid":{"rendered":"https:\/\/mugardos.gal\/educacion-y-juventud\/asociaciones-de-madres-y-padres\/"},"modified":"2020-06-01T11:37:17","modified_gmt":"2020-06-01T09:37:17","slug":"asociaciones-de-madres-y-padres","status":"publish","type":"page","link":"https:\/\/mugardos.gal\/es\/educacion-y-juventud\/asociaciones-de-madres-y-padres\/","title":{"rendered":"ASOCIACIONES DE MADRES Y PADRES"},"content":{"rendered":"<p>[vc_row][vc_column][vc_separator color=\u00bbchino\u00bb style=\u00bbshadow\u00bb border_width=\u00bb4&#8243;][\/vc_column][\/vc_row][vc_row][vc_column width=\u00bb1\/4&#8243; offset=\u00bbvc_hidden-sm vc_hidden-xs\u00bb][vc_row_inner][vc_column_inner][vc_single_image image=\u00bb3192&#8243; img_size=\u00bbmedium\u00bb alignment=\u00bbcenter\u00bb style=\u00bbvc_box_shadow_3d\u00bb onclick=\u00bbcustom_link\u00bb css_animation=\u00bbnone\u00bb css=\u00bb.vc_custom_1590310690838{margin-top: px !important;}\u00bb link=\u00bbhttps:\/\/mugardos.gal\/educacion-e-mocidade\/contacto-co-departamento-de-educacion-e-mocidade\/\u00bb][vc_single_image image=\u00bb3184&#8243; img_size=\u00bbmedium\u00bb alignment=\u00bbcenter\u00bb style=\u00bbvc_box_shadow_3d\u00bb onclick=\u00bbcustom_link\u00bb css=\u00bb.vc_custom_1590310703958{margin-top: -40px !important;}\u00bb link=\u00bbhttps:\/\/mugardos.gal\/educacion-e-mocidade\/biblioteca-municipal\/\u00bb][vc_single_image image=\u00bb3194&#8243; img_size=\u00bbmedium\u00bb alignment=\u00bbcenter\u00bb style=\u00bbvc_box_shadow_3d\u00bb onclick=\u00bbcustom_link\u00bb css=\u00bb.vc_custom_1590310725572{margin-top: -40px !important;}\u00bb link=\u00bbhttps:\/\/mugardos.gal\/educacion-e-mocidade\/escola-infantil-municipal\/\u00bb][vc_single_image image=\u00bb3196&#8243; img_size=\u00bbmedium\u00bb alignment=\u00bbcenter\u00bb style=\u00bbvc_box_shadow_3d\u00bb onclick=\u00bbcustom_link\u00bb css=\u00bb.vc_custom_1590310753171{margin-top: -40px !important;}\u00bb link=\u00bbhttps:\/\/mugardos.gal\/educacion-e-mocidade\/espazo-infantil-de-xogo-ludoteca\/\u00bb][vc_single_image image=\u00bb3198&#8243; img_size=\u00bbmedium\u00bb alignment=\u00bbcenter\u00bb style=\u00bbvc_box_shadow_3d\u00bb onclick=\u00bbcustom_link\u00bb css=\u00bb.vc_custom_1590310769315{margin-top: -40px !important;}\u00bb link=\u00bbhttps:\/\/mugardos.gal\/educacion-e-mocidade\/multideporte-praia\/\u00bb][vc_single_image image=\u00bb3188&#8243; img_size=\u00bbmedium\u00bb alignment=\u00bbcenter\u00bb style=\u00bbvc_box_shadow_3d\u00bb onclick=\u00bbcustom_link\u00bb css=\u00bb.vc_custom_1590310778651{margin-top: -40px !important;}\u00bb link=\u00bbhttps:\/\/mugardos.gal\/educacion-e-mocidade\/comedores-escolares-municipais\/\u00bb][vc_single_image image=\u00bb3190&#8243; img_size=\u00bbmedium\u00bb alignment=\u00bbcenter\u00bb style=\u00bbvc_box_shadow_3d\u00bb onclick=\u00bbcustom_link\u00bb css=\u00bb.vc_custom_1590310809591{margin-top: -40px !important;}\u00bb link=\u00bbhttps:\/\/mugardos.gal\/educacion-e-mocidade\/consello-escolar-municipal\/\u00bb][vc_single_image image=\u00bb3186&#8243; img_size=\u00bbmedium\u00bb alignment=\u00bbcenter\u00bb style=\u00bbvc_box_shadow_3d\u00bb onclick=\u00bbcustom_link\u00bb css=\u00bb.vc_custom_1590310825540{margin-top: -40px !important;}\u00bb link=\u00bbhttps:\/\/mugardos.gal\/buzon-de-suxestions\/\u00bb][vc_column_text]\n<!-- PRESSVILLE EVENTS : begin -->\n<section class=\"lsvr-pressville-post-grid lsvr-pressville-post-grid--events lsvr-pressville-post-grid--layout-title-top lsvr-pressville-post-grid--dark-bg\"\n    >\n    <div class=\"lsvr-pressville-post-grid__inner\">\n        <div class=\"lsvr-container\">\n            <div class=\"lsvr-pressville-post-grid__content\">\n\n                \n                    <p class=\"c-alert-message\">No hay eventos<\/p>\n\n                \n            <\/div>\n        <\/div>\n    <\/div>\n<\/section>\n<!-- PRESSVILLE EVENTS : end -->\n\n[\/vc_column_text][\/vc_column_inner][\/vc_row_inner][\/vc_column][vc_column width=\u00bb3\/4&#8243;][vc_column_text]\n<p style=\"text-align: justify;\">Los padres y madres de alumnos y alumnas participan en la vida cotidiana y en la escolarizaci\u00f3n de los rapaces con su presencia y representaci\u00f3n en las Asociaciones de Madres y Padres (AMPAS), con las que el Ayuntamiento de Mugardos colabora para la realizaci\u00f3n de proyectos de inter\u00e9s para la comunidad educativa.<\/p>\n<p style=\"text-align: justify;\">A continuaci\u00f3n se presenta una gu\u00eda de contacto con las AMPAS de los centros de ense\u00f1anza de Mugardos:<\/p>\n<p style=\"text-align: justify;\"><strong><span style=\"color: #ff6600;\">ANPA CEIP UNI\u00d3N MUGARDESA &#8211; ANPA CATRO CAMI\u00d1OS<\/span><\/strong><\/p>\n<p style=\"padding-left: 40px; text-align: justify;\"><img loading=\"lazy\" class=\"alignnone wp-image-594\" src=\"https:\/\/mugardos.gal\/wp-content\/uploads\/2020\/03\/correo.png\" alt=\"\" width=\"30\" height=\"23\" \/> <a href=\"mailto:anpacuatrocaminos@gmail.com\">anpacuatrocaminos@gmail.com<\/a><\/p>\n<p style=\"padding-left: 40px; text-align: justify;\"><img loading=\"lazy\" class=\"alignnone wp-image-602\" src=\"https:\/\/mugardos.gal\/wp-content\/uploads\/2020\/03\/web.png\" alt=\"\" width=\"30\" height=\"30\" \/> <a href=\"https:\/\/es-es.facebook.com\/anpa.catrocaminos.9\">IR AL ENLACE P\u00e1gina oficial del ANPA Catro Cami\u00f1os\u00a0<\/a><\/p>\n<p style=\"padding-left: 40px; text-align: justify;\"><img loading=\"lazy\" class=\"alignnone wp-image-592\" src=\"https:\/\/mugardos.gal\/wp-content\/uploads\/2020\/03\/contacto.png\" alt=\"\" width=\"30\" height=\"30\" \/> Miembros: Presidenta &#8211; Carolina Exp\u00f3sito L\u00f3pez \/\/ Secretar\u00eda &#8211; Dorcas Rodr\u00edguez Ru\u00edz \/\/ Tesorer\u00eda &#8211; Luc\u00eda Rabina Fern\u00e1ndez \/\/ Vogal &#8211; Estefan\u00eda Zaragoza Salido.<\/p>\n<p style=\"text-align: justify;\"><strong><span style=\"color: #ff6600;\">ANPA CEIP SANTIAGO AP\u00d3STOLO &#8211; ANPA O PAZO<\/span><\/strong><\/p>\n<p style=\"padding-left: 40px; text-align: justify;\"><img loading=\"lazy\" class=\"alignnone wp-image-594\" src=\"https:\/\/mugardos.gal\/wp-content\/uploads\/2020\/03\/correo.png\" alt=\"\" width=\"30\" height=\"23\" \/> <a href=\"mailto:anpaopazo.franza@gmail.com\">anpaopazo.franza@gmail.com<\/a><\/p>\n<p style=\"padding-left: 40px; text-align: justify;\"><img loading=\"lazy\" class=\"alignnone wp-image-592\" src=\"https:\/\/mugardos.gal\/wp-content\/uploads\/2020\/03\/contacto.png\" alt=\"\" width=\"30\" height=\"30\" \/> Miembros: Presidenta &#8211; D\u00aa Cristina Bouza Gonz\u00e1lez \/\/ Vicepresidenta &#8211; Rosa Mart\u00ednez Garabana \/\/ Secretar\u00eda &#8211; Mar\u00eda del Carmen P\u00e9rez D\u00edaz \/\/ Tesorer\u00eda &#8211; Patricia Filgueira Pena \/\/ Vocales &#8211; Sergio Freire Astray, F\u00e1tima Garc\u00eda Vigo, Obdulia Souto Noya, Raquel L\u00f3pez L\u00f3pez, Laura Cernadas Brage e Zaida Prados G\u00f3mez.<\/p>\n<p style=\"text-align: justify;\"><strong><span style=\"color: #ff6600;\">ANPA IES MUGARDOS &#8211; ANPA O CASTRO<\/span><\/strong><\/p>\n<p style=\"padding-left: 40px; text-align: justify;\"><img loading=\"lazy\" class=\"alignnone wp-image-594\" src=\"https:\/\/mugardos.gal\/wp-content\/uploads\/2020\/03\/correo.png\" alt=\"\" width=\"30\" height=\"23\" \/> <a href=\"mailto:anpaiesmugardos@gmail.com\">anpaiesmugardos@gmail.com<\/a><\/p>\n<p style=\"padding-left: 40px; text-align: justify;\"><img loading=\"lazy\" class=\"alignnone wp-image-602\" src=\"https:\/\/mugardos.gal\/wp-content\/uploads\/2020\/03\/web.png\" alt=\"\" width=\"30\" height=\"30\" \/> <a href=\"https:\/\/www.edu.xunta.gal\/centros\/iesdemugardos\/?q=taxonomy\/term\/31\">IR AL ENLACE P\u00e1gina oficial del ANPA O Castro<\/a><\/p>\n<p style=\"padding-left: 40px; text-align: justify;\"><img loading=\"lazy\" class=\"alignnone wp-image-592\" src=\"https:\/\/mugardos.gal\/wp-content\/uploads\/2020\/03\/contacto.png\" alt=\"\" width=\"30\" height=\"30\" \/> Miembros: Presidente &#8211; <span data-mce-mark=\"1\">Roberto Mart\u00ednez V\u00e1zquez\u00a0 <\/span>\/\/ Vicepresidente &#8211; <span data-mce-mark=\"1\">Pablo L\u00f3pez Le\u00f3n \/\/ <\/span>Secretar\u00eda &#8211;\u00a0<span data-mce-mark=\"1\">Silvia Fern\u00e1ndez Mart\u00ednez <\/span>\/\/ Tesorer\u00eda &#8211; <span data-mce-mark=\"1\">Mar\u00eda Fari\u00f1a V\u00e1zquez <\/span>\/\/ Vocal &#8211; <span data-mce-mark=\"1\">Patricia Rivera Romero.<\/span><\/p>\n<p style=\"text-align: justify;\"><span style=\"color: #ff6600;\"><strong>ANPA CPR LOYOLA &#8211; ANPA LOYOLA<\/strong><\/span><\/p>\n<p style=\"padding-left: 40px; text-align: justify;\"><img loading=\"lazy\" class=\"alignnone wp-image-594\" src=\"https:\/\/mugardos.gal\/wp-content\/uploads\/2020\/03\/correo.png\" alt=\"\" width=\"30\" height=\"23\" \/> <a href=\"https:\/\/www.cprloyola.com\/contacta-con-el-anpa\">IR AL ENLACE Formulario de contacto<\/a><\/p>\n<p style=\"padding-left: 40px; text-align: justify;\"><img loading=\"lazy\" class=\"alignnone wp-image-602\" src=\"https:\/\/mugardos.gal\/wp-content\/uploads\/2020\/03\/web.png\" alt=\"\" width=\"30\" height=\"30\" \/> <a href=\"https:\/\/www.cprloyola.com\/noticias-1\">IR AL ENLACE P\u00e1gina oficial del ANPA Loyola<\/a><\/p>\n<p style=\"padding-left: 40px; text-align: justify;\"><img loading=\"lazy\" class=\"alignnone wp-image-592\" src=\"https:\/\/mugardos.gal\/wp-content\/uploads\/2020\/03\/contacto.png\" alt=\"\" width=\"30\" height=\"30\" \/> Miembros: Presidenta &#8211; Eva Mar\u00eda Feal Garc\u00eda \/\/ Vicepresidente &#8211; Marcos Romero S\u00e1nchez \/\/ Secretar\u00eda &#8211; Rita Rey Peinado \/\/ Tesorer\u00eda &#8211; Beatriz Prieto Mauriz \/\/ Vocales &#8211; M\u00aa Elisa Morgade Carnero e Silvia V\u00e1zquez Montero.<\/p>\n<p>[\/vc_column_text][\/vc_column][\/vc_row]\n","protected":false},"excerpt":{"rendered":"<p>[vc_row][vc_column][vc_separator color=\u00bbchino\u00bb style=\u00bbshadow\u00bb border_width=\u00bb4&#8243;][\/vc_column][\/vc_row][vc_row][vc_column width=\u00bb1\/4&#8243; offset=\u00bbvc_hidden-sm vc_hidden-xs\u00bb][vc_row_inner][vc_column_inner][vc_single_image image=\u00bb3192&#8243; img_size=\u00bbmedium\u00bb alignment=\u00bbcenter\u00bb style=\u00bbvc_box_shadow_3d\u00bb onclick=\u00bbcustom_link\u00bb css_animation=\u00bbnone\u00bb css=\u00bb.vc_custom_1590310690838{margin-top: px !important;}\u00bb link=\u00bbhttps:\/\/mugardos.gal\/educacion-e-mocidade\/contacto-co-departamento-de-educacion-e-mocidade\/\u00bb][vc_single_image image=\u00bb3184&#8243; img_size=\u00bbmedium\u00bb alignment=\u00bbcenter\u00bb style=\u00bbvc_box_shadow_3d\u00bb onclick=\u00bbcustom_link\u00bb css=\u00bb.vc_custom_1590310703958{margin-top: -40px !important;}\u00bb link=\u00bbhttps:\/\/mugardos.gal\/educacion-e-mocidade\/biblioteca-municipal\/\u00bb][vc_single_image image=\u00bb3194&#8243; img_size=\u00bbmedium\u00bb alignment=\u00bbcenter\u00bb style=\u00bbvc_box_shadow_3d\u00bb onclick=\u00bbcustom_link\u00bb css=\u00bb.vc_custom_1590310725572{margin-top: -40px !important;}\u00bb link=\u00bbhttps:\/\/mugardos.gal\/educacion-e-mocidade\/escola-infantil-municipal\/\u00bb][vc_single_image image=\u00bb3196&#8243; img_size=\u00bbmedium\u00bb alignment=\u00bbcenter\u00bb style=\u00bbvc_box_shadow_3d\u00bb onclick=\u00bbcustom_link\u00bb css=\u00bb.vc_custom_1590310753171{margin-top: -40px !important;}\u00bb link=\u00bbhttps:\/\/mugardos.gal\/educacion-e-mocidade\/espazo-infantil-de-xogo-ludoteca\/\u00bb][vc_single_image image=\u00bb3198&#8243; img_size=\u00bbmedium\u00bb alignment=\u00bbcenter\u00bb style=\u00bbvc_box_shadow_3d\u00bb onclick=\u00bbcustom_link\u00bb css=\u00bb.vc_custom_1590310769315{margin-top: -40px !important;}\u00bb link=\u00bbhttps:\/\/mugardos.gal\/educacion-e-mocidade\/multideporte-praia\/\u00bb][vc_single_image image=\u00bb3188&#8243; img_size=\u00bbmedium\u00bb [&hellip;]<\/p>\n","protected":false},"author":4,"featured_media":0,"parent":713,"menu_order":0,"comment_status":"closed","ping_status":"closed","template":"","meta":[],"yoast_head":"<!-- This site is optimized with the Yoast SEO plugin v18.9 - https:\/\/yoast.com\/wordpress\/plugins\/seo\/ -->\n<title>ASOCIACIONES DE MADRES Y PADRES - Concello de Mugardos<\/title>\n<meta name=\"robots\" content=\"index, follow, max-snippet:-1, max-image-preview:large, max-video-preview:-1\" \/>\n<link rel=\"canonical\" href=\"https:\/\/mugardos.gal\/es\/educacion-y-juventud\/asociaciones-de-madres-y-padres\/\" \/>\n<meta property=\"og:locale\" content=\"es_ES\" \/>\n<meta property=\"og:type\" content=\"article\" \/>\n<meta property=\"og:title\" content=\"ASOCIACIONES DE MADRES Y PADRES - Concello de Mugardos\" \/>\n<meta property=\"og:description\" content=\"[vc_row][vc_column][vc_separator color=\u00bbchino\u00bb style=\u00bbshadow\u00bb border_width=\u00bb4&#8243;][\/vc_column][\/vc_row][vc_row][vc_column width=\u00bb1\/4&#8243; offset=\u00bbvc_hidden-sm vc_hidden-xs\u00bb][vc_row_inner][vc_column_inner][vc_single_image image=\u00bb3192&#8243; img_size=\u00bbmedium\u00bb alignment=\u00bbcenter\u00bb style=\u00bbvc_box_shadow_3d\u00bb onclick=\u00bbcustom_link\u00bb css_animation=\u00bbnone\u00bb css=\u00bb.vc_custom_1590310690838{margin-top: px !important;}\u00bb link=\u00bbhttps:\/\/mugardos.gal\/educacion-e-mocidade\/contacto-co-departamento-de-educacion-e-mocidade\/\u00bb][vc_single_image image=\u00bb3184&#8243; img_size=\u00bbmedium\u00bb alignment=\u00bbcenter\u00bb style=\u00bbvc_box_shadow_3d\u00bb onclick=\u00bbcustom_link\u00bb css=\u00bb.vc_custom_1590310703958{margin-top: -40px !important;}\u00bb link=\u00bbhttps:\/\/mugardos.gal\/educacion-e-mocidade\/biblioteca-municipal\/\u00bb][vc_single_image image=\u00bb3194&#8243; img_size=\u00bbmedium\u00bb alignment=\u00bbcenter\u00bb style=\u00bbvc_box_shadow_3d\u00bb onclick=\u00bbcustom_link\u00bb css=\u00bb.vc_custom_1590310725572{margin-top: -40px !important;}\u00bb link=\u00bbhttps:\/\/mugardos.gal\/educacion-e-mocidade\/escola-infantil-municipal\/\u00bb][vc_single_image image=\u00bb3196&#8243; img_size=\u00bbmedium\u00bb alignment=\u00bbcenter\u00bb style=\u00bbvc_box_shadow_3d\u00bb onclick=\u00bbcustom_link\u00bb css=\u00bb.vc_custom_1590310753171{margin-top: -40px !important;}\u00bb link=\u00bbhttps:\/\/mugardos.gal\/educacion-e-mocidade\/espazo-infantil-de-xogo-ludoteca\/\u00bb][vc_single_image image=\u00bb3198&#8243; img_size=\u00bbmedium\u00bb alignment=\u00bbcenter\u00bb style=\u00bbvc_box_shadow_3d\u00bb onclick=\u00bbcustom_link\u00bb css=\u00bb.vc_custom_1590310769315{margin-top: -40px !important;}\u00bb link=\u00bbhttps:\/\/mugardos.gal\/educacion-e-mocidade\/multideporte-praia\/\u00bb][vc_single_image image=\u00bb3188&#8243; img_size=\u00bbmedium\u00bb [&hellip;]\" \/>\n<meta property=\"og:url\" content=\"https:\/\/mugardos.gal\/es\/educacion-y-juventud\/asociaciones-de-madres-y-padres\/\" \/>\n<meta property=\"og:site_name\" content=\"Concello de Mugardos\" \/>\n<meta property=\"article:modified_time\" content=\"2020-06-01T09:37:17+00:00\" \/>\n<meta property=\"og:image\" content=\"https:\/\/mugardos.gal\/wp-content\/uploads\/2020\/03\/correo.png\" \/>\n<meta name=\"twitter:card\" content=\"summary_large_image\" \/>\n<meta name=\"twitter:label1\" content=\"Tiempo de lectura\" \/>\n\t<meta name=\"twitter:data1\" content=\"3 minutos\" \/>\n<script type=\"application\/ld+json\" class=\"yoast-schema-graph\">{\"@context\":\"https:\/\/schema.org\",\"@graph\":[{\"@type\":\"WebSite\",\"@id\":\"https:\/\/mugardos.gal\/#website\",\"url\":\"https:\/\/mugardos.gal\/\",\"name\":\"Concello de Mugardos\",\"description\":\"\",\"potentialAction\":[{\"@type\":\"SearchAction\",\"target\":{\"@type\":\"EntryPoint\",\"urlTemplate\":\"https:\/\/mugardos.gal\/?s={search_term_string}\"},\"query-input\":\"required name=search_term_string\"}],\"inLanguage\":\"es\"},{\"@type\":\"ImageObject\",\"inLanguage\":\"es\",\"@id\":\"https:\/\/mugardos.gal\/es\/educacion-y-juventud\/asociaciones-de-madres-y-padres\/#primaryimage\",\"url\":\"https:\/\/mugardos.gal\/wp-content\/uploads\/2020\/03\/correo.png\",\"contentUrl\":\"https:\/\/mugardos.gal\/wp-content\/uploads\/2020\/03\/correo.png\",\"width\":100,\"height\":100},{\"@type\":\"WebPage\",\"@id\":\"https:\/\/mugardos.gal\/es\/educacion-y-juventud\/asociaciones-de-madres-y-padres\/#webpage\",\"url\":\"https:\/\/mugardos.gal\/es\/educacion-y-juventud\/asociaciones-de-madres-y-padres\/\",\"name\":\"ASOCIACIONES DE MADRES Y PADRES - Concello de Mugardos\",\"isPartOf\":{\"@id\":\"https:\/\/mugardos.gal\/#website\"},\"primaryImageOfPage\":{\"@id\":\"https:\/\/mugardos.gal\/es\/educacion-y-juventud\/asociaciones-de-madres-y-padres\/#primaryimage\"},\"datePublished\":\"2020-05-26T19:06:52+00:00\",\"dateModified\":\"2020-06-01T09:37:17+00:00\",\"breadcrumb\":{\"@id\":\"https:\/\/mugardos.gal\/es\/educacion-y-juventud\/asociaciones-de-madres-y-padres\/#breadcrumb\"},\"inLanguage\":\"es\",\"potentialAction\":[{\"@type\":\"ReadAction\",\"target\":[\"https:\/\/mugardos.gal\/es\/educacion-y-juventud\/asociaciones-de-madres-y-padres\/\"]}]},{\"@type\":\"BreadcrumbList\",\"@id\":\"https:\/\/mugardos.gal\/es\/educacion-y-juventud\/asociaciones-de-madres-y-padres\/#breadcrumb\",\"itemListElement\":[{\"@type\":\"ListItem\",\"position\":1,\"name\":\"Portada\",\"item\":\"https:\/\/mugardos.gal\/es\/\"},{\"@type\":\"ListItem\",\"position\":2,\"name\":\"EDUCACI\u00d3N Y JUVENTUD\",\"item\":\"https:\/\/mugardos.gal\/es\/educacion-y-juventud\/\"},{\"@type\":\"ListItem\",\"position\":3,\"name\":\"ASOCIACIONES DE MADRES Y PADRES\"}]}]}<\/script>\n<!-- \/ Yoast SEO plugin. -->","yoast_head_json":{"title":"ASOCIACIONES DE MADRES Y PADRES - Concello de Mugardos","robots":{"index":"index","follow":"follow","max-snippet":"max-snippet:-1","max-image-preview":"max-image-preview:large","max-video-preview":"max-video-preview:-1"},"canonical":"https:\/\/mugardos.gal\/es\/educacion-y-juventud\/asociaciones-de-madres-y-padres\/","og_locale":"es_ES","og_type":"article","og_title":"ASOCIACIONES DE MADRES Y PADRES - Concello de Mugardos","og_description":"[vc_row][vc_column][vc_separator color=\u00bbchino\u00bb style=\u00bbshadow\u00bb border_width=\u00bb4&#8243;][\/vc_column][\/vc_row][vc_row][vc_column width=\u00bb1\/4&#8243; offset=\u00bbvc_hidden-sm vc_hidden-xs\u00bb][vc_row_inner][vc_column_inner][vc_single_image image=\u00bb3192&#8243; img_size=\u00bbmedium\u00bb alignment=\u00bbcenter\u00bb style=\u00bbvc_box_shadow_3d\u00bb onclick=\u00bbcustom_link\u00bb css_animation=\u00bbnone\u00bb css=\u00bb.vc_custom_1590310690838{margin-top: px !important;}\u00bb link=\u00bbhttps:\/\/mugardos.gal\/educacion-e-mocidade\/contacto-co-departamento-de-educacion-e-mocidade\/\u00bb][vc_single_image image=\u00bb3184&#8243; img_size=\u00bbmedium\u00bb alignment=\u00bbcenter\u00bb style=\u00bbvc_box_shadow_3d\u00bb onclick=\u00bbcustom_link\u00bb css=\u00bb.vc_custom_1590310703958{margin-top: -40px !important;}\u00bb link=\u00bbhttps:\/\/mugardos.gal\/educacion-e-mocidade\/biblioteca-municipal\/\u00bb][vc_single_image image=\u00bb3194&#8243; img_size=\u00bbmedium\u00bb alignment=\u00bbcenter\u00bb style=\u00bbvc_box_shadow_3d\u00bb onclick=\u00bbcustom_link\u00bb css=\u00bb.vc_custom_1590310725572{margin-top: -40px !important;}\u00bb link=\u00bbhttps:\/\/mugardos.gal\/educacion-e-mocidade\/escola-infantil-municipal\/\u00bb][vc_single_image image=\u00bb3196&#8243; img_size=\u00bbmedium\u00bb alignment=\u00bbcenter\u00bb style=\u00bbvc_box_shadow_3d\u00bb onclick=\u00bbcustom_link\u00bb css=\u00bb.vc_custom_1590310753171{margin-top: -40px !important;}\u00bb link=\u00bbhttps:\/\/mugardos.gal\/educacion-e-mocidade\/espazo-infantil-de-xogo-ludoteca\/\u00bb][vc_single_image image=\u00bb3198&#8243; img_size=\u00bbmedium\u00bb alignment=\u00bbcenter\u00bb style=\u00bbvc_box_shadow_3d\u00bb onclick=\u00bbcustom_link\u00bb css=\u00bb.vc_custom_1590310769315{margin-top: -40px !important;}\u00bb link=\u00bbhttps:\/\/mugardos.gal\/educacion-e-mocidade\/multideporte-praia\/\u00bb][vc_single_image image=\u00bb3188&#8243; img_size=\u00bbmedium\u00bb [&hellip;]","og_url":"https:\/\/mugardos.gal\/es\/educacion-y-juventud\/asociaciones-de-madres-y-padres\/","og_site_name":"Concello de Mugardos","article_modified_time":"2020-06-01T09:37:17+00:00","og_image":[{"url":"https:\/\/mugardos.gal\/wp-content\/uploads\/2020\/03\/correo.png"}],"twitter_card":"summary_large_image","twitter_misc":{"Tiempo de lectura":"3 minutos"},"schema":{"@context":"https:\/\/schema.org","@graph":[{"@type":"WebSite","@id":"https:\/\/mugardos.gal\/#website","url":"https:\/\/mugardos.gal\/","name":"Concello de Mugardos","description":"","potentialAction":[{"@type":"SearchAction","target":{"@type":"EntryPoint","urlTemplate":"https:\/\/mugardos.gal\/?s={search_term_string}"},"query-input":"required name=search_term_string"}],"inLanguage":"es"},{"@type":"ImageObject","inLanguage":"es","@id":"https:\/\/mugardos.gal\/es\/educacion-y-juventud\/asociaciones-de-madres-y-padres\/#primaryimage","url":"https:\/\/mugardos.gal\/wp-content\/uploads\/2020\/03\/correo.png","contentUrl":"https:\/\/mugardos.gal\/wp-content\/uploads\/2020\/03\/correo.png","width":100,"height":100},{"@type":"WebPage","@id":"https:\/\/mugardos.gal\/es\/educacion-y-juventud\/asociaciones-de-madres-y-padres\/#webpage","url":"https:\/\/mugardos.gal\/es\/educacion-y-juventud\/asociaciones-de-madres-y-padres\/","name":"ASOCIACIONES DE MADRES Y PADRES - Concello de Mugardos","isPartOf":{"@id":"https:\/\/mugardos.gal\/#website"},"primaryImageOfPage":{"@id":"https:\/\/mugardos.gal\/es\/educacion-y-juventud\/asociaciones-de-madres-y-padres\/#primaryimage"},"datePublished":"2020-05-26T19:06:52+00:00","dateModified":"2020-06-01T09:37:17+00:00","breadcrumb":{"@id":"https:\/\/mugardos.gal\/es\/educacion-y-juventud\/asociaciones-de-madres-y-padres\/#breadcrumb"},"inLanguage":"es","potentialAction":[{"@type":"ReadAction","target":["https:\/\/mugardos.gal\/es\/educacion-y-juventud\/asociaciones-de-madres-y-padres\/"]}]},{"@type":"BreadcrumbList","@id":"https:\/\/mugardos.gal\/es\/educacion-y-juventud\/asociaciones-de-madres-y-padres\/#breadcrumb","itemListElement":[{"@type":"ListItem","position":1,"name":"Portada","item":"https:\/\/mugardos.gal\/es\/"},{"@type":"ListItem","position":2,"name":"EDUCACI\u00d3N Y JUVENTUD","item":"https:\/\/mugardos.gal\/es\/educacion-y-juventud\/"},{"@type":"ListItem","position":3,"name":"ASOCIACIONES DE MADRES Y PADRES"}]}]}},"_links":{"self":[{"href":"https:\/\/mugardos.gal\/es\/wp-json\/wp\/v2\/pages\/4734"}],"collection":[{"href":"https:\/\/mugardos.gal\/es\/wp-json\/wp\/v2\/pages"}],"about":[{"href":"https:\/\/mugardos.gal\/es\/wp-json\/wp\/v2\/types\/page"}],"author":[{"embeddable":true,"href":"https:\/\/mugardos.gal\/es\/wp-json\/wp\/v2\/users\/4"}],"replies":[{"embeddable":true,"href":"https:\/\/mugardos.gal\/es\/wp-json\/wp\/v2\/comments?post=4734"}],"version-history":[{"count":0,"href":"https:\/\/mugardos.gal\/es\/wp-json\/wp\/v2\/pages\/4734\/revisions"}],"up":[{"embeddable":true,"href":"https:\/\/mugardos.gal\/es\/wp-json\/wp\/v2\/pages\/713"}],"wp:attachment":[{"href":"https:\/\/mugardos.gal\/es\/wp-json\/wp\/v2\/media?parent=4734"}],"curies":[{"name":"wp","href":"https:\/\/api.w.org\/{rel}","templated":true}]}}