{"id":4706,"date":"2020-05-26T20:06:05","date_gmt":"2020-05-26T18:06:05","guid":{"rendered":"https:\/\/mugardos.gal\/educacion-y-juventud\/ayudas-de-ensenanza-y-transporte\/"},"modified":"2020-09-30T19:51:59","modified_gmt":"2020-09-30T17:51:59","slug":"ayudas-de-ensenanza-y-transporte","status":"publish","type":"page","link":"https:\/\/mugardos.gal\/es\/educacion-y-juventud\/ayudas-de-ensenanza-y-transporte\/","title":{"rendered":"AYUDAS DE ENSE\u00d1ANZA Y TRANSPORTE"},"content":{"rendered":"<p>[vc_row][vc_column][vc_separator color=\u00bbchino\u00bb style=\u00bbshadow\u00bb border_width=\u00bb4&#8243;][\/vc_column][\/vc_row][vc_row][vc_column width=\u00bb1\/4&#8243; offset=\u00bbvc_hidden-sm vc_hidden-xs\u00bb][vc_row_inner][vc_column_inner][vc_single_image image=\u00bb3192&#8243; img_size=\u00bbmedium\u00bb alignment=\u00bbcenter\u00bb style=\u00bbvc_box_shadow_3d\u00bb onclick=\u00bbcustom_link\u00bb css_animation=\u00bbnone\u00bb css=\u00bb.vc_custom_1590310690838{margin-top: px !important;}\u00bb link=\u00bbhttps:\/\/mugardos.gal\/educacion-e-mocidade\/contacto-co-departamento-de-educacion-e-mocidade\/\u00bb][vc_single_image image=\u00bb3184&#8243; img_size=\u00bbmedium\u00bb alignment=\u00bbcenter\u00bb style=\u00bbvc_box_shadow_3d\u00bb onclick=\u00bbcustom_link\u00bb css=\u00bb.vc_custom_1590310703958{margin-top: -40px !important;}\u00bb link=\u00bbhttps:\/\/mugardos.gal\/educacion-e-mocidade\/biblioteca-municipal\/\u00bb][vc_single_image image=\u00bb3194&#8243; img_size=\u00bbmedium\u00bb alignment=\u00bbcenter\u00bb style=\u00bbvc_box_shadow_3d\u00bb onclick=\u00bbcustom_link\u00bb css=\u00bb.vc_custom_1590310725572{margin-top: -40px !important;}\u00bb link=\u00bbhttps:\/\/mugardos.gal\/educacion-e-mocidade\/escola-infantil-municipal\/\u00bb][vc_single_image image=\u00bb3196&#8243; img_size=\u00bbmedium\u00bb alignment=\u00bbcenter\u00bb style=\u00bbvc_box_shadow_3d\u00bb onclick=\u00bbcustom_link\u00bb css=\u00bb.vc_custom_1590310753171{margin-top: -40px !important;}\u00bb link=\u00bbhttps:\/\/mugardos.gal\/educacion-e-mocidade\/espazo-infantil-de-xogo-ludoteca\/\u00bb][vc_single_image image=\u00bb3198&#8243; img_size=\u00bbmedium\u00bb alignment=\u00bbcenter\u00bb style=\u00bbvc_box_shadow_3d\u00bb onclick=\u00bbcustom_link\u00bb css=\u00bb.vc_custom_1590310769315{margin-top: -40px !important;}\u00bb link=\u00bbhttps:\/\/mugardos.gal\/educacion-e-mocidade\/multideporte-praia\/\u00bb][vc_single_image image=\u00bb3188&#8243; img_size=\u00bbmedium\u00bb alignment=\u00bbcenter\u00bb style=\u00bbvc_box_shadow_3d\u00bb onclick=\u00bbcustom_link\u00bb css=\u00bb.vc_custom_1590310778651{margin-top: -40px !important;}\u00bb link=\u00bbhttps:\/\/mugardos.gal\/educacion-e-mocidade\/comedores-escolares-municipais\/\u00bb][vc_single_image image=\u00bb3190&#8243; img_size=\u00bbmedium\u00bb alignment=\u00bbcenter\u00bb style=\u00bbvc_box_shadow_3d\u00bb onclick=\u00bbcustom_link\u00bb css=\u00bb.vc_custom_1590310809591{margin-top: -40px !important;}\u00bb link=\u00bbhttps:\/\/mugardos.gal\/educacion-e-mocidade\/consello-escolar-municipal\/\u00bb][vc_single_image image=\u00bb3186&#8243; img_size=\u00bbmedium\u00bb alignment=\u00bbcenter\u00bb style=\u00bbvc_box_shadow_3d\u00bb onclick=\u00bbcustom_link\u00bb css=\u00bb.vc_custom_1590310825540{margin-top: -40px !important;}\u00bb link=\u00bbhttps:\/\/mugardos.gal\/buzon-de-suxestions\/\u00bb][vc_column_text]\n<!-- PRESSVILLE EVENTS : begin -->\n<section class=\"lsvr-pressville-post-grid lsvr-pressville-post-grid--events lsvr-pressville-post-grid--layout-title-top lsvr-pressville-post-grid--dark-bg\"\n    >\n    <div class=\"lsvr-pressville-post-grid__inner\">\n        <div class=\"lsvr-container\">\n            <div class=\"lsvr-pressville-post-grid__content\">\n\n                \n                    <p class=\"c-alert-message\">No hay eventos<\/p>\n\n                \n            <\/div>\n        <\/div>\n    <\/div>\n<\/section>\n<!-- PRESSVILLE EVENTS : end -->\n\n[\/vc_column_text][\/vc_column_inner][\/vc_row_inner][\/vc_column][vc_column width=\u00bb3\/4&#8243;][vc_column_text]\n<p style=\"text-align: justify;\">El objeto de estas ayudas es favorecer la escolarizaci\u00f3n p\u00fablica y formaci\u00f3n universitaria en las familias con menos recursos econ\u00f3micos del ayuntamiento. Estas ayudas est\u00e1n previstas para la concesi\u00f3n de ayudas para la ense\u00f1anza y el transporte a los vecinos y vecinas del Ayuntamiento de Mugardos.<\/p>\n<p style=\"text-align: justify;\">Estas ayudas est\u00e1n destinadas a:<\/p>\n<p style=\"text-align: justify;\"><strong><span style=\"color: #ff6600;\">1.Ayudas para la anse\u00f1anza.<\/span><\/strong><\/p>\n<p style=\"text-align: justify;\">a) Alumnos\/as que cursen estudios en alguno de los centros p\u00fablicos o sostenidos con fondos p\u00fablicos del Ayuntamiento de Mugardos, o cursar estudios de formaci\u00f3n reglada impartida por centros p\u00fablicos o en centros de educaci\u00f3n especial de fuera del Ayuntamiento de Mugardos.<\/p>\n<p style=\"text-align: justify;\">b) Alumnos\/as que cursen estudios en centros p\u00fablicos o sostenidos con fondos p\u00fablicos de fuera del Ayuntamiento de Mugardos, por estar desarrollando una modalidad deportiva en un Centro de Alto Rendimiento (CAR), en un Centro de T\u00e9cnificaci\u00f3n Deportiva (CTD) o en un Centro Especializado Deportivo.<\/p>\n<p style=\"text-align: justify;\"><strong><span style=\"color: #ff6600;\">2.Ayudas de transporte.<\/span><\/strong><\/p>\n<p style=\"text-align: justify;\">Alumnos\/as que cursen estudios de formaci\u00f3n reglada impartida por centros p\u00fablicos de fuera del Ayuntamiento de Mugardos y que no est\u00e9n situados en los ayuntamientos integrantes del \u00e1rea del transporte metropolitano de Ferrol.<\/p>\n<p style=\"text-align: justify;\"><strong><em>INSTANCIA<\/em><\/strong><\/p>\n<p style=\"text-align: justify;\"><img loading=\"lazy\" class=\"alignnone wp-image-582\" src=\"https:\/\/mugardos.gal\/wp-content\/uploads\/2020\/03\/pdf.png\" alt=\"\" width=\"40\" height=\"40\" \/> <a href=\"https:\/\/mugardos.gal\/wp-content\/uploads\/2020\/07\/Solicitud-axudas-de-ensino-e-transporte-2020.2021.pdf\">DESCARGAR PDF Instancias para la solicitud de las ayudas educaci\u00f3n y transporte 2020-2021 (1\u00aa convocatoria)<\/a><\/p>\n<p style=\"text-align: justify;\"><img loading=\"lazy\" class=\"alignnone wp-image-582\" src=\"https:\/\/mugardos.gal\/wp-content\/uploads\/2020\/03\/pdf.png\" alt=\"\" width=\"40\" height=\"40\" \/> <a href=\"https:\/\/mugardos.gal\/wp-content\/uploads\/2020\/09\/Impresos-solicitude-Axudas-ensino9123.pdf\">DESCARGAR PDF Instancias para la solicitud de las ayudas educaci\u00f3n y transporte 2020-2021 (2\u00aa convocatoria)<\/a><\/p>\n<p style=\"text-align: justify;\"><strong><em>TRAMITACI\u00d3N Y REGISTRO<\/em><\/strong><\/p>\n<p style=\"text-align: justify;\">Con car\u00e1cter general, se abren 2 plazos de solicitud de estas ayudas (en 2020 se abrieron los plazos en agosto y octubre). Las solicitudes para la concesi\u00f3n de estas ayudas se formalizar\u00e1n, dentro de algunos de estos dos plazos, en la instancia debidamente cubierta y junto con la documentaci\u00f3n requerida en la propia instancia, y se presentar\u00e1 en el Registro Municipal del Ayuntamiento de Mugardos por alguna de estos dos canales:<\/p>\n<ul style=\"text-align: justify;\">\n<li style=\"text-align: justify;\"><strong>Rexistro General de entrada: en las oficinas municipales<\/strong><\/li>\n<\/ul>\n<p style=\"padding-left: 40px; text-align: justify;\"><img loading=\"lazy\" class=\"alignnone wp-image-597\" src=\"https:\/\/mugardos.gal\/wp-content\/uploads\/2020\/03\/direcci\u00f3n.png\" alt=\"\" width=\"30\" height=\"30\" \/> Avenida de Galicia n\u00ba 45, bajo<\/p>\n<p style=\"padding-left: 40px; text-align: justify;\"><img loading=\"lazy\" class=\"alignnone wp-image-610\" src=\"https:\/\/mugardos.gal\/wp-content\/uploads\/2020\/03\/hora.png\" alt=\"\" width=\"30\" height=\"30\" \/> Horario de atenci\u00f3n al p\u00fablico de lunes a viernes, de 9.00 a 14.00 horas.<\/p>\n<ul style=\"text-align: justify;\">\n<li style=\"text-align: justify;\"><strong>Sede electr\u00f3nica municipal: requiere identificaci\u00f3n digital<\/strong> (DNIe\/Certificado digital \u2013 Cl@ve PIN \u2013 Cl@ve permanente)<\/li>\n<\/ul>\n<p style=\"padding-left: 40px; text-align: justify;\"><img loading=\"lazy\" class=\"alignnone wp-image-603\" src=\"https:\/\/mugardos.gal\/wp-content\/uploads\/2020\/03\/web.png\" alt=\"\" width=\"30\" height=\"30\" \/> <a href=\"https:\/\/sede.concellodemugardos.gal\/opencms\/gl\/\">IR AL ENLACE Acceder a la Sede electr\u00f3nica del Ayuntamiento de Mugardos<\/a><\/p>\n<p style=\"text-align: justify;\"><strong><em>NORMATIVA REGULADORA<\/em><\/strong><\/p>\n<p style=\"text-align: justify;\">Anualmente el Ayuntamiento de Mugardos aprueba las bases y abre la convocatoria de estas ayudas (se\u00f1alando 2 plazos de solicitud de las mismas). Asimismo, existe una ordenanza municipal general sobre subvenciones en el ayuntamiento, que regula todos los procesos de ayudas municipal. Ambos textos pueden consultarse en los siguientes enlaces:<\/p>\n<p style=\"text-align: justify;\"><img loading=\"lazy\" class=\"alignnone wp-image-582\" src=\"https:\/\/mugardos.gal\/wp-content\/uploads\/2020\/03\/pdf.png\" alt=\"\" width=\"40\" height=\"40\" \/> <a href=\"https:\/\/mugardos.gal\/wp-content\/uploads\/2020\/07\/Convocatoria-das-axudas-de-ensino-e-transporte-2020.2021.doc_1040737007.pdf\">DESCARGAR PDF Bases de las ayudas para la ense\u00f1anza y el transporte curso 2020-2021<\/a><\/p>\n<p style=\"text-align: justify;\"><img loading=\"lazy\" class=\"alignnone wp-image-582\" src=\"https:\/\/mugardos.gal\/wp-content\/uploads\/2020\/03\/pdf.png\" alt=\"\" width=\"40\" height=\"40\" \/>\u00a0<a href=\"https:\/\/mugardos.gal\/wp-content\/uploads\/2020\/04\/Ordenazna-xeral-de-subvenci\u00f3ns-Concello-de-Mugardos.pdf\">DESCARGAR PDF Ordenanza general de subvenciones<\/a><\/p>\n<p>[\/vc_column_text][\/vc_column][\/vc_row]\n","protected":false},"excerpt":{"rendered":"<p>[vc_row][vc_column][vc_separator color=\u00bbchino\u00bb style=\u00bbshadow\u00bb border_width=\u00bb4&#8243;][\/vc_column][\/vc_row][vc_row][vc_column width=\u00bb1\/4&#8243; offset=\u00bbvc_hidden-sm vc_hidden-xs\u00bb][vc_row_inner][vc_column_inner][vc_single_image image=\u00bb3192&#8243; img_size=\u00bbmedium\u00bb alignment=\u00bbcenter\u00bb style=\u00bbvc_box_shadow_3d\u00bb onclick=\u00bbcustom_link\u00bb css_animation=\u00bbnone\u00bb css=\u00bb.vc_custom_1590310690838{margin-top: px !important;}\u00bb link=\u00bbhttps:\/\/mugardos.gal\/educacion-e-mocidade\/contacto-co-departamento-de-educacion-e-mocidade\/\u00bb][vc_single_image image=\u00bb3184&#8243; img_size=\u00bbmedium\u00bb alignment=\u00bbcenter\u00bb style=\u00bbvc_box_shadow_3d\u00bb onclick=\u00bbcustom_link\u00bb css=\u00bb.vc_custom_1590310703958{margin-top: -40px !important;}\u00bb link=\u00bbhttps:\/\/mugardos.gal\/educacion-e-mocidade\/biblioteca-municipal\/\u00bb][vc_single_image image=\u00bb3194&#8243; img_size=\u00bbmedium\u00bb alignment=\u00bbcenter\u00bb style=\u00bbvc_box_shadow_3d\u00bb onclick=\u00bbcustom_link\u00bb css=\u00bb.vc_custom_1590310725572{margin-top: -40px !important;}\u00bb link=\u00bbhttps:\/\/mugardos.gal\/educacion-e-mocidade\/escola-infantil-municipal\/\u00bb][vc_single_image image=\u00bb3196&#8243; img_size=\u00bbmedium\u00bb alignment=\u00bbcenter\u00bb style=\u00bbvc_box_shadow_3d\u00bb onclick=\u00bbcustom_link\u00bb css=\u00bb.vc_custom_1590310753171{margin-top: -40px !important;}\u00bb link=\u00bbhttps:\/\/mugardos.gal\/educacion-e-mocidade\/espazo-infantil-de-xogo-ludoteca\/\u00bb][vc_single_image image=\u00bb3198&#8243; img_size=\u00bbmedium\u00bb alignment=\u00bbcenter\u00bb style=\u00bbvc_box_shadow_3d\u00bb onclick=\u00bbcustom_link\u00bb css=\u00bb.vc_custom_1590310769315{margin-top: -40px !important;}\u00bb link=\u00bbhttps:\/\/mugardos.gal\/educacion-e-mocidade\/multideporte-praia\/\u00bb][vc_single_image image=\u00bb3188&#8243; img_size=\u00bbmedium\u00bb [&hellip;]<\/p>\n","protected":false},"author":4,"featured_media":0,"parent":713,"menu_order":0,"comment_status":"closed","ping_status":"closed","template":"","meta":[],"yoast_head":"<!-- This site is optimized with the Yoast SEO plugin v18.9 - https:\/\/yoast.com\/wordpress\/plugins\/seo\/ -->\n<title>AYUDAS DE ENSE\u00d1ANZA Y TRANSPORTE - Concello de Mugardos<\/title>\n<meta name=\"robots\" content=\"index, follow, max-snippet:-1, max-image-preview:large, max-video-preview:-1\" \/>\n<link rel=\"canonical\" href=\"https:\/\/mugardos.gal\/es\/educacion-y-juventud\/ayudas-de-ensenanza-y-transporte\/\" \/>\n<meta property=\"og:locale\" content=\"es_ES\" \/>\n<meta property=\"og:type\" content=\"article\" \/>\n<meta property=\"og:title\" content=\"AYUDAS DE ENSE\u00d1ANZA Y TRANSPORTE - Concello de Mugardos\" \/>\n<meta property=\"og:description\" content=\"[vc_row][vc_column][vc_separator color=\u00bbchino\u00bb style=\u00bbshadow\u00bb border_width=\u00bb4&#8243;][\/vc_column][\/vc_row][vc_row][vc_column width=\u00bb1\/4&#8243; offset=\u00bbvc_hidden-sm vc_hidden-xs\u00bb][vc_row_inner][vc_column_inner][vc_single_image image=\u00bb3192&#8243; img_size=\u00bbmedium\u00bb alignment=\u00bbcenter\u00bb style=\u00bbvc_box_shadow_3d\u00bb onclick=\u00bbcustom_link\u00bb css_animation=\u00bbnone\u00bb css=\u00bb.vc_custom_1590310690838{margin-top: px !important;}\u00bb link=\u00bbhttps:\/\/mugardos.gal\/educacion-e-mocidade\/contacto-co-departamento-de-educacion-e-mocidade\/\u00bb][vc_single_image image=\u00bb3184&#8243; img_size=\u00bbmedium\u00bb alignment=\u00bbcenter\u00bb style=\u00bbvc_box_shadow_3d\u00bb onclick=\u00bbcustom_link\u00bb css=\u00bb.vc_custom_1590310703958{margin-top: -40px !important;}\u00bb link=\u00bbhttps:\/\/mugardos.gal\/educacion-e-mocidade\/biblioteca-municipal\/\u00bb][vc_single_image image=\u00bb3194&#8243; img_size=\u00bbmedium\u00bb alignment=\u00bbcenter\u00bb style=\u00bbvc_box_shadow_3d\u00bb onclick=\u00bbcustom_link\u00bb css=\u00bb.vc_custom_1590310725572{margin-top: -40px !important;}\u00bb link=\u00bbhttps:\/\/mugardos.gal\/educacion-e-mocidade\/escola-infantil-municipal\/\u00bb][vc_single_image image=\u00bb3196&#8243; img_size=\u00bbmedium\u00bb alignment=\u00bbcenter\u00bb style=\u00bbvc_box_shadow_3d\u00bb onclick=\u00bbcustom_link\u00bb css=\u00bb.vc_custom_1590310753171{margin-top: -40px !important;}\u00bb link=\u00bbhttps:\/\/mugardos.gal\/educacion-e-mocidade\/espazo-infantil-de-xogo-ludoteca\/\u00bb][vc_single_image image=\u00bb3198&#8243; img_size=\u00bbmedium\u00bb alignment=\u00bbcenter\u00bb style=\u00bbvc_box_shadow_3d\u00bb onclick=\u00bbcustom_link\u00bb css=\u00bb.vc_custom_1590310769315{margin-top: -40px !important;}\u00bb link=\u00bbhttps:\/\/mugardos.gal\/educacion-e-mocidade\/multideporte-praia\/\u00bb][vc_single_image image=\u00bb3188&#8243; img_size=\u00bbmedium\u00bb [&hellip;]\" \/>\n<meta property=\"og:url\" content=\"https:\/\/mugardos.gal\/es\/educacion-y-juventud\/ayudas-de-ensenanza-y-transporte\/\" \/>\n<meta property=\"og:site_name\" content=\"Concello de Mugardos\" \/>\n<meta property=\"article:modified_time\" content=\"2020-09-30T17:51:59+00:00\" \/>\n<meta property=\"og:image\" content=\"https:\/\/mugardos.gal\/wp-content\/uploads\/2020\/03\/pdf.png\" \/>\n<meta name=\"twitter:card\" content=\"summary_large_image\" \/>\n<meta name=\"twitter:label1\" content=\"Tiempo de lectura\" \/>\n\t<meta name=\"twitter:data1\" content=\"4 minutos\" \/>\n<script type=\"application\/ld+json\" class=\"yoast-schema-graph\">{\"@context\":\"https:\/\/schema.org\",\"@graph\":[{\"@type\":\"WebSite\",\"@id\":\"https:\/\/mugardos.gal\/#website\",\"url\":\"https:\/\/mugardos.gal\/\",\"name\":\"Concello de Mugardos\",\"description\":\"\",\"potentialAction\":[{\"@type\":\"SearchAction\",\"target\":{\"@type\":\"EntryPoint\",\"urlTemplate\":\"https:\/\/mugardos.gal\/?s={search_term_string}\"},\"query-input\":\"required name=search_term_string\"}],\"inLanguage\":\"es\"},{\"@type\":\"ImageObject\",\"inLanguage\":\"es\",\"@id\":\"https:\/\/mugardos.gal\/es\/educacion-y-juventud\/ayudas-de-ensenanza-y-transporte\/#primaryimage\",\"url\":\"https:\/\/mugardos.gal\/wp-content\/uploads\/2020\/03\/pdf.png\",\"contentUrl\":\"https:\/\/mugardos.gal\/wp-content\/uploads\/2020\/03\/pdf.png\",\"width\":100,\"height\":100},{\"@type\":\"WebPage\",\"@id\":\"https:\/\/mugardos.gal\/es\/educacion-y-juventud\/ayudas-de-ensenanza-y-transporte\/#webpage\",\"url\":\"https:\/\/mugardos.gal\/es\/educacion-y-juventud\/ayudas-de-ensenanza-y-transporte\/\",\"name\":\"AYUDAS DE ENSE\u00d1ANZA Y TRANSPORTE - Concello de Mugardos\",\"isPartOf\":{\"@id\":\"https:\/\/mugardos.gal\/#website\"},\"primaryImageOfPage\":{\"@id\":\"https:\/\/mugardos.gal\/es\/educacion-y-juventud\/ayudas-de-ensenanza-y-transporte\/#primaryimage\"},\"datePublished\":\"2020-05-26T18:06:05+00:00\",\"dateModified\":\"2020-09-30T17:51:59+00:00\",\"breadcrumb\":{\"@id\":\"https:\/\/mugardos.gal\/es\/educacion-y-juventud\/ayudas-de-ensenanza-y-transporte\/#breadcrumb\"},\"inLanguage\":\"es\",\"potentialAction\":[{\"@type\":\"ReadAction\",\"target\":[\"https:\/\/mugardos.gal\/es\/educacion-y-juventud\/ayudas-de-ensenanza-y-transporte\/\"]}]},{\"@type\":\"BreadcrumbList\",\"@id\":\"https:\/\/mugardos.gal\/es\/educacion-y-juventud\/ayudas-de-ensenanza-y-transporte\/#breadcrumb\",\"itemListElement\":[{\"@type\":\"ListItem\",\"position\":1,\"name\":\"Portada\",\"item\":\"https:\/\/mugardos.gal\/es\/\"},{\"@type\":\"ListItem\",\"position\":2,\"name\":\"EDUCACI\u00d3N Y JUVENTUD\",\"item\":\"https:\/\/mugardos.gal\/es\/educacion-y-juventud\/\"},{\"@type\":\"ListItem\",\"position\":3,\"name\":\"AYUDAS DE ENSE\u00d1ANZA Y TRANSPORTE\"}]}]}<\/script>\n<!-- \/ Yoast SEO plugin. -->","yoast_head_json":{"title":"AYUDAS DE ENSE\u00d1ANZA Y TRANSPORTE - Concello de Mugardos","robots":{"index":"index","follow":"follow","max-snippet":"max-snippet:-1","max-image-preview":"max-image-preview:large","max-video-preview":"max-video-preview:-1"},"canonical":"https:\/\/mugardos.gal\/es\/educacion-y-juventud\/ayudas-de-ensenanza-y-transporte\/","og_locale":"es_ES","og_type":"article","og_title":"AYUDAS DE ENSE\u00d1ANZA Y TRANSPORTE - Concello de Mugardos","og_description":"[vc_row][vc_column][vc_separator color=\u00bbchino\u00bb style=\u00bbshadow\u00bb border_width=\u00bb4&#8243;][\/vc_column][\/vc_row][vc_row][vc_column width=\u00bb1\/4&#8243; offset=\u00bbvc_hidden-sm vc_hidden-xs\u00bb][vc_row_inner][vc_column_inner][vc_single_image image=\u00bb3192&#8243; img_size=\u00bbmedium\u00bb alignment=\u00bbcenter\u00bb style=\u00bbvc_box_shadow_3d\u00bb onclick=\u00bbcustom_link\u00bb css_animation=\u00bbnone\u00bb css=\u00bb.vc_custom_1590310690838{margin-top: px !important;}\u00bb link=\u00bbhttps:\/\/mugardos.gal\/educacion-e-mocidade\/contacto-co-departamento-de-educacion-e-mocidade\/\u00bb][vc_single_image image=\u00bb3184&#8243; img_size=\u00bbmedium\u00bb alignment=\u00bbcenter\u00bb style=\u00bbvc_box_shadow_3d\u00bb onclick=\u00bbcustom_link\u00bb css=\u00bb.vc_custom_1590310703958{margin-top: -40px !important;}\u00bb link=\u00bbhttps:\/\/mugardos.gal\/educacion-e-mocidade\/biblioteca-municipal\/\u00bb][vc_single_image image=\u00bb3194&#8243; img_size=\u00bbmedium\u00bb alignment=\u00bbcenter\u00bb style=\u00bbvc_box_shadow_3d\u00bb onclick=\u00bbcustom_link\u00bb css=\u00bb.vc_custom_1590310725572{margin-top: -40px !important;}\u00bb link=\u00bbhttps:\/\/mugardos.gal\/educacion-e-mocidade\/escola-infantil-municipal\/\u00bb][vc_single_image image=\u00bb3196&#8243; img_size=\u00bbmedium\u00bb alignment=\u00bbcenter\u00bb style=\u00bbvc_box_shadow_3d\u00bb onclick=\u00bbcustom_link\u00bb css=\u00bb.vc_custom_1590310753171{margin-top: -40px !important;}\u00bb link=\u00bbhttps:\/\/mugardos.gal\/educacion-e-mocidade\/espazo-infantil-de-xogo-ludoteca\/\u00bb][vc_single_image image=\u00bb3198&#8243; img_size=\u00bbmedium\u00bb alignment=\u00bbcenter\u00bb style=\u00bbvc_box_shadow_3d\u00bb onclick=\u00bbcustom_link\u00bb css=\u00bb.vc_custom_1590310769315{margin-top: -40px !important;}\u00bb link=\u00bbhttps:\/\/mugardos.gal\/educacion-e-mocidade\/multideporte-praia\/\u00bb][vc_single_image image=\u00bb3188&#8243; img_size=\u00bbmedium\u00bb [&hellip;]","og_url":"https:\/\/mugardos.gal\/es\/educacion-y-juventud\/ayudas-de-ensenanza-y-transporte\/","og_site_name":"Concello de Mugardos","article_modified_time":"2020-09-30T17:51:59+00:00","og_image":[{"url":"https:\/\/mugardos.gal\/wp-content\/uploads\/2020\/03\/pdf.png"}],"twitter_card":"summary_large_image","twitter_misc":{"Tiempo de lectura":"4 minutos"},"schema":{"@context":"https:\/\/schema.org","@graph":[{"@type":"WebSite","@id":"https:\/\/mugardos.gal\/#website","url":"https:\/\/mugardos.gal\/","name":"Concello de Mugardos","description":"","potentialAction":[{"@type":"SearchAction","target":{"@type":"EntryPoint","urlTemplate":"https:\/\/mugardos.gal\/?s={search_term_string}"},"query-input":"required name=search_term_string"}],"inLanguage":"es"},{"@type":"ImageObject","inLanguage":"es","@id":"https:\/\/mugardos.gal\/es\/educacion-y-juventud\/ayudas-de-ensenanza-y-transporte\/#primaryimage","url":"https:\/\/mugardos.gal\/wp-content\/uploads\/2020\/03\/pdf.png","contentUrl":"https:\/\/mugardos.gal\/wp-content\/uploads\/2020\/03\/pdf.png","width":100,"height":100},{"@type":"WebPage","@id":"https:\/\/mugardos.gal\/es\/educacion-y-juventud\/ayudas-de-ensenanza-y-transporte\/#webpage","url":"https:\/\/mugardos.gal\/es\/educacion-y-juventud\/ayudas-de-ensenanza-y-transporte\/","name":"AYUDAS DE ENSE\u00d1ANZA Y TRANSPORTE - Concello de Mugardos","isPartOf":{"@id":"https:\/\/mugardos.gal\/#website"},"primaryImageOfPage":{"@id":"https:\/\/mugardos.gal\/es\/educacion-y-juventud\/ayudas-de-ensenanza-y-transporte\/#primaryimage"},"datePublished":"2020-05-26T18:06:05+00:00","dateModified":"2020-09-30T17:51:59+00:00","breadcrumb":{"@id":"https:\/\/mugardos.gal\/es\/educacion-y-juventud\/ayudas-de-ensenanza-y-transporte\/#breadcrumb"},"inLanguage":"es","potentialAction":[{"@type":"ReadAction","target":["https:\/\/mugardos.gal\/es\/educacion-y-juventud\/ayudas-de-ensenanza-y-transporte\/"]}]},{"@type":"BreadcrumbList","@id":"https:\/\/mugardos.gal\/es\/educacion-y-juventud\/ayudas-de-ensenanza-y-transporte\/#breadcrumb","itemListElement":[{"@type":"ListItem","position":1,"name":"Portada","item":"https:\/\/mugardos.gal\/es\/"},{"@type":"ListItem","position":2,"name":"EDUCACI\u00d3N Y JUVENTUD","item":"https:\/\/mugardos.gal\/es\/educacion-y-juventud\/"},{"@type":"ListItem","position":3,"name":"AYUDAS DE ENSE\u00d1ANZA Y TRANSPORTE"}]}]}},"_links":{"self":[{"href":"https:\/\/mugardos.gal\/es\/wp-json\/wp\/v2\/pages\/4706"}],"collection":[{"href":"https:\/\/mugardos.gal\/es\/wp-json\/wp\/v2\/pages"}],"about":[{"href":"https:\/\/mugardos.gal\/es\/wp-json\/wp\/v2\/types\/page"}],"author":[{"embeddable":true,"href":"https:\/\/mugardos.gal\/es\/wp-json\/wp\/v2\/users\/4"}],"replies":[{"embeddable":true,"href":"https:\/\/mugardos.gal\/es\/wp-json\/wp\/v2\/comments?post=4706"}],"version-history":[{"count":0,"href":"https:\/\/mugardos.gal\/es\/wp-json\/wp\/v2\/pages\/4706\/revisions"}],"up":[{"embeddable":true,"href":"https:\/\/mugardos.gal\/es\/wp-json\/wp\/v2\/pages\/713"}],"wp:attachment":[{"href":"https:\/\/mugardos.gal\/es\/wp-json\/wp\/v2\/media?parent=4706"}],"curies":[{"name":"wp","href":"https:\/\/api.w.org\/{rel}","templated":true}]}}