{"id":4679,"date":"2020-05-26T19:14:21","date_gmt":"2020-05-26T17:14:21","guid":{"rendered":"https:\/\/mugardos.gal\/formacion-y-desarrollo\/lineas-de-ayudas-y-subvenciones\/"},"modified":"2020-05-29T22:07:45","modified_gmt":"2020-05-29T20:07:45","slug":"lineas-de-ayudas-y-subvenciones","status":"publish","type":"page","link":"https:\/\/mugardos.gal\/es\/formacion-y-desarrollo\/lineas-de-ayudas-y-subvenciones\/","title":{"rendered":"L\u00cdNEAS DE AYUDAS Y SUBVENCIONES"},"content":{"rendered":"<p>[vc_row][vc_column][vc_separator color=\u00bbchino\u00bb style=\u00bbshadow\u00bb border_width=\u00bb4&#8243;][\/vc_column][\/vc_row][vc_row][vc_column width=\u00bb1\/4&#8243; offset=\u00bbvc_hidden-sm vc_hidden-xs\u00bb][vc_row_inner][vc_column_inner][vc_single_image image=\u00bb3228&#8243; img_size=\u00bbmedium\u00bb alignment=\u00bbcenter\u00bb style=\u00bbvc_box_shadow_3d\u00bb onclick=\u00bbcustom_link\u00bb css_animation=\u00bbnone\u00bb css=\u00bb.vc_custom_1590782850940{margin-top: px !important;}\u00bb link=\u00bbhttps:\/\/mugardos.gal\/es\/formacion-e-desenvolvemento\/contacto-co-departamento-de-formacion-e-desenvolvemento\/\u00bb][vc_single_image image=\u00bb3230&#8243; img_size=\u00bbmedium\u00bb alignment=\u00bbcenter\u00bb style=\u00bbvc_box_shadow_3d\u00bb onclick=\u00bbcustom_link\u00bb css=\u00bb.vc_custom_1590782857106{margin-top: -40px !important;}\u00bb link=\u00bbhttps:\/\/mugardos.gal\/es\/formacion-e-desenvolvemento\/linas-de-axudas-e-subvencions\/\u00bb][vc_single_image image=\u00bb3226&#8243; img_size=\u00bbmedium\u00bb alignment=\u00bbcenter\u00bb style=\u00bbvc_box_shadow_3d\u00bb onclick=\u00bbcustom_link\u00bb css=\u00bb.vc_custom_1590313950330{margin-top: -40px !important;}\u00bb link=\u00bbhttp:\/\/emprego.ceei.xunta.gal\/solicitude-de-certificado-de-profesionalidade\u00bb][vc_single_image image=\u00bb3224&#8243; img_size=\u00bbmedium\u00bb alignment=\u00bbcenter\u00bb style=\u00bbvc_box_shadow_3d\u00bb onclick=\u00bbcustom_link\u00bb css=\u00bb.vc_custom_1590782863524{margin-top: -40px !important;}\u00bb link=\u00bbhttps:\/\/mugardos.gal\/es\/\/buzon-de-suxestions\/\u00bb][vc_column_text]\n<p style=\"text-align: justify;\">\n<!-- PRESSVILLE EVENTS : begin -->\n<section class=\"lsvr-pressville-post-grid lsvr-pressville-post-grid--events lsvr-pressville-post-grid--layout-title-top lsvr-pressville-post-grid--dark-bg\"\n    >\n    <div class=\"lsvr-pressville-post-grid__inner\">\n        <div class=\"lsvr-container\">\n            <div class=\"lsvr-pressville-post-grid__content\">\n\n                \n                    <p class=\"c-alert-message\">No hay eventos<\/p>\n\n                \n            <\/div>\n        <\/div>\n    <\/div>\n<\/section>\n<!-- PRESSVILLE EVENTS : end -->\n\n\n<p>[\/vc_column_text][\/vc_column_inner][\/vc_row_inner][\/vc_column][vc_column width=\u00bb3\/4&#8243;][vc_column_text]\n<p style=\"text-align: justify;\">En los siguientes enlaces puede accederse a las <span style=\"color: #ff6600;\"><strong>HERRAMIENTAS DE B\u00daSQUEDA<\/strong><\/span> de ayudas publicadas tanto por el ayuntamiento, como por la Diputaci\u00f3n de A Coru\u00f1a y la Xunta de Galicia.<\/p>\n<p style=\"text-align: justify;\"><strong>AYUDAS MUNICIPALES<\/strong><\/p>\n<p style=\"text-align: justify;\">En el Bolet\u00edn Oficial de la Provincia (BOP) y en la Base de Datos Nacional de Subvenciones ( BDNS) pueden consultarse todas las convocatorias y l\u00edneas de ayudas y subvenciones abiertas por el Ayuntamiento de Mugardos. Para realizar la consulta deben seguirse los siguientes enlaces:<\/p>\n<p style=\"text-align: justify;\"><img loading=\"lazy\" class=\"alignnone wp-image-602\" src=\"https:\/\/mugardos.gal\/wp-content\/uploads\/2020\/03\/web.png\" alt=\"\" width=\"30\" height=\"30\" \/><a href=\"https:\/\/www.pap.hacienda.gob.es\/bdnstrans\/GE\/es\/convocatorias\/organo\/L01150510\">IR AL ENLACE Base de datos nacional de subvenciones Ayuntamiento de Mugardos<\/a><\/p>\n<p style=\"text-align: justify;\"><img loading=\"lazy\" class=\"alignnone wp-image-602\" src=\"https:\/\/mugardos.gal\/wp-content\/uploads\/2020\/03\/web.png\" alt=\"\" width=\"30\" height=\"30\" \/> <a href=\"https:\/\/bop.dacoruna.gal\/bopportal\/\">IR AL ENLACE Bolet\u00edn Oficial de la Provincia de A Coru\u00f1a<\/a><\/p>\n<p style=\"text-align: justify;\"><strong>AYUDAS DIPUTACI\u00d3N DE A CORU\u00d1A<\/strong><\/p>\n<p style=\"text-align: justify;\">En la Base de Datos Nacional de Subvenciones (BDNS) puede accederse a la publicaci\u00f3n de todas las ayudas y subvenciones propuestas por la Diputaci\u00f3n de A Cou\u00f1a. Toda la informaci\u00f3n en el siguiente enlace:<\/p>\n<p style=\"text-align: justify;\"><img loading=\"lazy\" class=\"alignnone wp-image-602\" src=\"https:\/\/mugardos.gal\/wp-content\/uploads\/2020\/03\/web.png\" alt=\"\" width=\"30\" height=\"30\" \/><a href=\"https:\/\/www.pap.hacienda.gob.es\/bdnstrans\/GE\/es\/convocatorias\/organo\/L02000015\">IR AL ENLACE Base de datos nacional de subvenciones Diputaci\u00f3n de A Coru\u00f1a<\/a><\/p>\n<p style=\"text-align: justify;\"><strong>AYUDAS XUNTA DE GALICIA<\/strong><\/p>\n<p style=\"text-align: justify;\">A trav\u00e9s del siguiente enlace del Instituto Gallego de Promoci\u00f3n Econ\u00f3mica (Igape) puede accederse al listado completo de las ayudas y subvenciones:<\/p>\n<p style=\"text-align: justify;\"><img loading=\"lazy\" class=\"alignnone wp-image-602\" src=\"https:\/\/mugardos.gal\/wp-content\/uploads\/2020\/03\/web.png\" alt=\"\" width=\"30\" height=\"30\" \/><a href=\"http:\/\/www.igape.es\/gl\/base-xeral-de-axudas\/organismos\">IR AL ENLACE Listado del Igape de auudas y subvenciones Xunta de Galicia<\/a><\/p>\n<p style=\"text-align: justify;\">Por lo que respecta a <span style=\"color: #ff6600;\"><strong>GU\u00cdAS Y TUTORIALES<\/strong><\/span> sobre emprendimiento y la puesta en marcha de negocios en los siguientes enlaces se pone a disposici\u00f3n diversa documentaci\u00f3n:<\/p>\n<p style=\"text-align: justify;\"><img loading=\"lazy\" class=\"alignnone wp-image-602\" src=\"https:\/\/mugardos.gal\/wp-content\/uploads\/2020\/03\/web.png\" alt=\"\" width=\"30\" height=\"30\" \/><a href=\"http:\/\/www.oficinadoautonomo.gal\/ciclo-de-vida-posta-en-marcha#emarcha\">IR AL ENLACE Oficina del aut\u00f3nomo de Galicia<\/a><\/p>\n<p style=\"text-align: justify;\"><img loading=\"lazy\" class=\"alignnone wp-image-602\" src=\"https:\/\/mugardos.gal\/wp-content\/uploads\/2020\/03\/web.png\" alt=\"\" width=\"30\" height=\"30\" \/><a href=\"http:\/\/www.igape.es\/es\/crear-unha-empresa\/crear-unha-empresa\">IR AL ENLACE Informaci\u00f3n del Igape sobre c\u00f3mo crear una empresa<\/a><\/p>\n<p>[\/vc_column_text][\/vc_column][\/vc_row]\n","protected":false},"excerpt":{"rendered":"<p>[vc_row][vc_column][vc_separator color=\u00bbchino\u00bb style=\u00bbshadow\u00bb border_width=\u00bb4&#8243;][\/vc_column][\/vc_row][vc_row][vc_column width=\u00bb1\/4&#8243; offset=\u00bbvc_hidden-sm vc_hidden-xs\u00bb][vc_row_inner][vc_column_inner][vc_single_image image=\u00bb3228&#8243; img_size=\u00bbmedium\u00bb alignment=\u00bbcenter\u00bb style=\u00bbvc_box_shadow_3d\u00bb onclick=\u00bbcustom_link\u00bb css_animation=\u00bbnone\u00bb css=\u00bb.vc_custom_1590782850940{margin-top: px !important;}\u00bb link=\u00bbhttps:\/\/mugardos.gal\/es\/formacion-e-desenvolvemento\/contacto-co-departamento-de-formacion-e-desenvolvemento\/\u00bb][vc_single_image image=\u00bb3230&#8243; img_size=\u00bbmedium\u00bb alignment=\u00bbcenter\u00bb style=\u00bbvc_box_shadow_3d\u00bb onclick=\u00bbcustom_link\u00bb css=\u00bb.vc_custom_1590782857106{margin-top: -40px !important;}\u00bb link=\u00bbhttps:\/\/mugardos.gal\/es\/formacion-e-desenvolvemento\/linas-de-axudas-e-subvencions\/\u00bb][vc_single_image image=\u00bb3226&#8243; img_size=\u00bbmedium\u00bb alignment=\u00bbcenter\u00bb style=\u00bbvc_box_shadow_3d\u00bb onclick=\u00bbcustom_link\u00bb css=\u00bb.vc_custom_1590313950330{margin-top: -40px !important;}\u00bb link=\u00bbhttp:\/\/emprego.ceei.xunta.gal\/solicitude-de-certificado-de-profesionalidade\u00bb][vc_single_image image=\u00bb3224&#8243; img_size=\u00bbmedium\u00bb alignment=\u00bbcenter\u00bb style=\u00bbvc_box_shadow_3d\u00bb onclick=\u00bbcustom_link\u00bb css=\u00bb.vc_custom_1590782863524{margin-top: -40px !important;}\u00bb link=\u00bbhttps:\/\/mugardos.gal\/es\/\/buzon-de-suxestions\/\u00bb][vc_column_text] [\/vc_column_text][\/vc_column_inner][\/vc_row_inner][\/vc_column][vc_column width=\u00bb3\/4&#8243;][vc_column_text] En los siguientes enlaces puede accederse a las HERRAMIENTAS [&hellip;]<\/p>\n","protected":false},"author":4,"featured_media":0,"parent":700,"menu_order":0,"comment_status":"closed","ping_status":"closed","template":"","meta":[],"yoast_head":"<!-- This site is optimized with the Yoast SEO plugin v18.9 - https:\/\/yoast.com\/wordpress\/plugins\/seo\/ -->\n<title>L\u00cdNEAS DE AYUDAS Y SUBVENCIONES - Concello de Mugardos<\/title>\n<meta name=\"robots\" content=\"index, follow, max-snippet:-1, max-image-preview:large, max-video-preview:-1\" \/>\n<link rel=\"canonical\" href=\"https:\/\/mugardos.gal\/es\/formacion-y-desarrollo\/lineas-de-ayudas-y-subvenciones\/\" \/>\n<meta property=\"og:locale\" content=\"es_ES\" \/>\n<meta property=\"og:type\" content=\"article\" \/>\n<meta property=\"og:title\" content=\"L\u00cdNEAS DE AYUDAS Y SUBVENCIONES - Concello de Mugardos\" \/>\n<meta property=\"og:description\" content=\"[vc_row][vc_column][vc_separator color=\u00bbchino\u00bb style=\u00bbshadow\u00bb border_width=\u00bb4&#8243;][\/vc_column][\/vc_row][vc_row][vc_column width=\u00bb1\/4&#8243; offset=\u00bbvc_hidden-sm vc_hidden-xs\u00bb][vc_row_inner][vc_column_inner][vc_single_image image=\u00bb3228&#8243; img_size=\u00bbmedium\u00bb alignment=\u00bbcenter\u00bb style=\u00bbvc_box_shadow_3d\u00bb onclick=\u00bbcustom_link\u00bb css_animation=\u00bbnone\u00bb css=\u00bb.vc_custom_1590782850940{margin-top: px !important;}\u00bb link=\u00bbhttps:\/\/mugardos.gal\/es\/formacion-e-desenvolvemento\/contacto-co-departamento-de-formacion-e-desenvolvemento\/\u00bb][vc_single_image image=\u00bb3230&#8243; img_size=\u00bbmedium\u00bb alignment=\u00bbcenter\u00bb style=\u00bbvc_box_shadow_3d\u00bb onclick=\u00bbcustom_link\u00bb css=\u00bb.vc_custom_1590782857106{margin-top: -40px !important;}\u00bb link=\u00bbhttps:\/\/mugardos.gal\/es\/formacion-e-desenvolvemento\/linas-de-axudas-e-subvencions\/\u00bb][vc_single_image image=\u00bb3226&#8243; img_size=\u00bbmedium\u00bb alignment=\u00bbcenter\u00bb style=\u00bbvc_box_shadow_3d\u00bb onclick=\u00bbcustom_link\u00bb css=\u00bb.vc_custom_1590313950330{margin-top: -40px !important;}\u00bb link=\u00bbhttp:\/\/emprego.ceei.xunta.gal\/solicitude-de-certificado-de-profesionalidade\u00bb][vc_single_image image=\u00bb3224&#8243; img_size=\u00bbmedium\u00bb alignment=\u00bbcenter\u00bb style=\u00bbvc_box_shadow_3d\u00bb onclick=\u00bbcustom_link\u00bb css=\u00bb.vc_custom_1590782863524{margin-top: -40px !important;}\u00bb link=\u00bbhttps:\/\/mugardos.gal\/es\/\/buzon-de-suxestions\/\u00bb][vc_column_text] [\/vc_column_text][\/vc_column_inner][\/vc_row_inner][\/vc_column][vc_column width=\u00bb3\/4&#8243;][vc_column_text] En los siguientes enlaces puede accederse a las HERRAMIENTAS [&hellip;]\" \/>\n<meta property=\"og:url\" content=\"https:\/\/mugardos.gal\/es\/formacion-y-desarrollo\/lineas-de-ayudas-y-subvenciones\/\" \/>\n<meta property=\"og:site_name\" content=\"Concello de Mugardos\" \/>\n<meta property=\"article:modified_time\" content=\"2020-05-29T20:07:45+00:00\" \/>\n<meta property=\"og:image\" content=\"https:\/\/mugardos.gal\/wp-content\/uploads\/2020\/03\/web.png\" \/>\n<meta name=\"twitter:card\" content=\"summary_large_image\" \/>\n<meta name=\"twitter:label1\" content=\"Tiempo de lectura\" \/>\n\t<meta name=\"twitter:data1\" content=\"2 minutos\" \/>\n<script type=\"application\/ld+json\" class=\"yoast-schema-graph\">{\"@context\":\"https:\/\/schema.org\",\"@graph\":[{\"@type\":\"WebSite\",\"@id\":\"https:\/\/mugardos.gal\/#website\",\"url\":\"https:\/\/mugardos.gal\/\",\"name\":\"Concello de Mugardos\",\"description\":\"\",\"potentialAction\":[{\"@type\":\"SearchAction\",\"target\":{\"@type\":\"EntryPoint\",\"urlTemplate\":\"https:\/\/mugardos.gal\/?s={search_term_string}\"},\"query-input\":\"required name=search_term_string\"}],\"inLanguage\":\"es\"},{\"@type\":\"ImageObject\",\"inLanguage\":\"es\",\"@id\":\"https:\/\/mugardos.gal\/es\/formacion-y-desarrollo\/lineas-de-ayudas-y-subvenciones\/#primaryimage\",\"url\":\"https:\/\/mugardos.gal\/wp-content\/uploads\/2020\/03\/web.png\",\"contentUrl\":\"https:\/\/mugardos.gal\/wp-content\/uploads\/2020\/03\/web.png\",\"width\":100,\"height\":100},{\"@type\":\"WebPage\",\"@id\":\"https:\/\/mugardos.gal\/es\/formacion-y-desarrollo\/lineas-de-ayudas-y-subvenciones\/#webpage\",\"url\":\"https:\/\/mugardos.gal\/es\/formacion-y-desarrollo\/lineas-de-ayudas-y-subvenciones\/\",\"name\":\"L\u00cdNEAS DE AYUDAS Y SUBVENCIONES - Concello de Mugardos\",\"isPartOf\":{\"@id\":\"https:\/\/mugardos.gal\/#website\"},\"primaryImageOfPage\":{\"@id\":\"https:\/\/mugardos.gal\/es\/formacion-y-desarrollo\/lineas-de-ayudas-y-subvenciones\/#primaryimage\"},\"datePublished\":\"2020-05-26T17:14:21+00:00\",\"dateModified\":\"2020-05-29T20:07:45+00:00\",\"breadcrumb\":{\"@id\":\"https:\/\/mugardos.gal\/es\/formacion-y-desarrollo\/lineas-de-ayudas-y-subvenciones\/#breadcrumb\"},\"inLanguage\":\"es\",\"potentialAction\":[{\"@type\":\"ReadAction\",\"target\":[\"https:\/\/mugardos.gal\/es\/formacion-y-desarrollo\/lineas-de-ayudas-y-subvenciones\/\"]}]},{\"@type\":\"BreadcrumbList\",\"@id\":\"https:\/\/mugardos.gal\/es\/formacion-y-desarrollo\/lineas-de-ayudas-y-subvenciones\/#breadcrumb\",\"itemListElement\":[{\"@type\":\"ListItem\",\"position\":1,\"name\":\"Portada\",\"item\":\"https:\/\/mugardos.gal\/es\/\"},{\"@type\":\"ListItem\",\"position\":2,\"name\":\"FORMACI\u00d3N Y DESARROLLO\",\"item\":\"https:\/\/mugardos.gal\/es\/formacion-y-desarrollo\/\"},{\"@type\":\"ListItem\",\"position\":3,\"name\":\"L\u00cdNEAS DE AYUDAS Y SUBVENCIONES\"}]}]}<\/script>\n<!-- \/ Yoast SEO plugin. -->","yoast_head_json":{"title":"L\u00cdNEAS DE AYUDAS Y SUBVENCIONES - Concello de Mugardos","robots":{"index":"index","follow":"follow","max-snippet":"max-snippet:-1","max-image-preview":"max-image-preview:large","max-video-preview":"max-video-preview:-1"},"canonical":"https:\/\/mugardos.gal\/es\/formacion-y-desarrollo\/lineas-de-ayudas-y-subvenciones\/","og_locale":"es_ES","og_type":"article","og_title":"L\u00cdNEAS DE AYUDAS Y SUBVENCIONES - Concello de Mugardos","og_description":"[vc_row][vc_column][vc_separator color=\u00bbchino\u00bb style=\u00bbshadow\u00bb border_width=\u00bb4&#8243;][\/vc_column][\/vc_row][vc_row][vc_column width=\u00bb1\/4&#8243; offset=\u00bbvc_hidden-sm vc_hidden-xs\u00bb][vc_row_inner][vc_column_inner][vc_single_image image=\u00bb3228&#8243; img_size=\u00bbmedium\u00bb alignment=\u00bbcenter\u00bb style=\u00bbvc_box_shadow_3d\u00bb onclick=\u00bbcustom_link\u00bb css_animation=\u00bbnone\u00bb css=\u00bb.vc_custom_1590782850940{margin-top: px !important;}\u00bb link=\u00bbhttps:\/\/mugardos.gal\/es\/formacion-e-desenvolvemento\/contacto-co-departamento-de-formacion-e-desenvolvemento\/\u00bb][vc_single_image image=\u00bb3230&#8243; img_size=\u00bbmedium\u00bb alignment=\u00bbcenter\u00bb style=\u00bbvc_box_shadow_3d\u00bb onclick=\u00bbcustom_link\u00bb css=\u00bb.vc_custom_1590782857106{margin-top: -40px !important;}\u00bb link=\u00bbhttps:\/\/mugardos.gal\/es\/formacion-e-desenvolvemento\/linas-de-axudas-e-subvencions\/\u00bb][vc_single_image image=\u00bb3226&#8243; img_size=\u00bbmedium\u00bb alignment=\u00bbcenter\u00bb style=\u00bbvc_box_shadow_3d\u00bb onclick=\u00bbcustom_link\u00bb css=\u00bb.vc_custom_1590313950330{margin-top: -40px !important;}\u00bb link=\u00bbhttp:\/\/emprego.ceei.xunta.gal\/solicitude-de-certificado-de-profesionalidade\u00bb][vc_single_image image=\u00bb3224&#8243; img_size=\u00bbmedium\u00bb alignment=\u00bbcenter\u00bb style=\u00bbvc_box_shadow_3d\u00bb onclick=\u00bbcustom_link\u00bb css=\u00bb.vc_custom_1590782863524{margin-top: -40px !important;}\u00bb link=\u00bbhttps:\/\/mugardos.gal\/es\/\/buzon-de-suxestions\/\u00bb][vc_column_text] [\/vc_column_text][\/vc_column_inner][\/vc_row_inner][\/vc_column][vc_column width=\u00bb3\/4&#8243;][vc_column_text] En los siguientes enlaces puede accederse a las HERRAMIENTAS [&hellip;]","og_url":"https:\/\/mugardos.gal\/es\/formacion-y-desarrollo\/lineas-de-ayudas-y-subvenciones\/","og_site_name":"Concello de Mugardos","article_modified_time":"2020-05-29T20:07:45+00:00","og_image":[{"url":"https:\/\/mugardos.gal\/wp-content\/uploads\/2020\/03\/web.png"}],"twitter_card":"summary_large_image","twitter_misc":{"Tiempo de lectura":"2 minutos"},"schema":{"@context":"https:\/\/schema.org","@graph":[{"@type":"WebSite","@id":"https:\/\/mugardos.gal\/#website","url":"https:\/\/mugardos.gal\/","name":"Concello de Mugardos","description":"","potentialAction":[{"@type":"SearchAction","target":{"@type":"EntryPoint","urlTemplate":"https:\/\/mugardos.gal\/?s={search_term_string}"},"query-input":"required name=search_term_string"}],"inLanguage":"es"},{"@type":"ImageObject","inLanguage":"es","@id":"https:\/\/mugardos.gal\/es\/formacion-y-desarrollo\/lineas-de-ayudas-y-subvenciones\/#primaryimage","url":"https:\/\/mugardos.gal\/wp-content\/uploads\/2020\/03\/web.png","contentUrl":"https:\/\/mugardos.gal\/wp-content\/uploads\/2020\/03\/web.png","width":100,"height":100},{"@type":"WebPage","@id":"https:\/\/mugardos.gal\/es\/formacion-y-desarrollo\/lineas-de-ayudas-y-subvenciones\/#webpage","url":"https:\/\/mugardos.gal\/es\/formacion-y-desarrollo\/lineas-de-ayudas-y-subvenciones\/","name":"L\u00cdNEAS DE AYUDAS Y SUBVENCIONES - Concello de Mugardos","isPartOf":{"@id":"https:\/\/mugardos.gal\/#website"},"primaryImageOfPage":{"@id":"https:\/\/mugardos.gal\/es\/formacion-y-desarrollo\/lineas-de-ayudas-y-subvenciones\/#primaryimage"},"datePublished":"2020-05-26T17:14:21+00:00","dateModified":"2020-05-29T20:07:45+00:00","breadcrumb":{"@id":"https:\/\/mugardos.gal\/es\/formacion-y-desarrollo\/lineas-de-ayudas-y-subvenciones\/#breadcrumb"},"inLanguage":"es","potentialAction":[{"@type":"ReadAction","target":["https:\/\/mugardos.gal\/es\/formacion-y-desarrollo\/lineas-de-ayudas-y-subvenciones\/"]}]},{"@type":"BreadcrumbList","@id":"https:\/\/mugardos.gal\/es\/formacion-y-desarrollo\/lineas-de-ayudas-y-subvenciones\/#breadcrumb","itemListElement":[{"@type":"ListItem","position":1,"name":"Portada","item":"https:\/\/mugardos.gal\/es\/"},{"@type":"ListItem","position":2,"name":"FORMACI\u00d3N Y DESARROLLO","item":"https:\/\/mugardos.gal\/es\/formacion-y-desarrollo\/"},{"@type":"ListItem","position":3,"name":"L\u00cdNEAS DE AYUDAS Y SUBVENCIONES"}]}]}},"_links":{"self":[{"href":"https:\/\/mugardos.gal\/es\/wp-json\/wp\/v2\/pages\/4679"}],"collection":[{"href":"https:\/\/mugardos.gal\/es\/wp-json\/wp\/v2\/pages"}],"about":[{"href":"https:\/\/mugardos.gal\/es\/wp-json\/wp\/v2\/types\/page"}],"author":[{"embeddable":true,"href":"https:\/\/mugardos.gal\/es\/wp-json\/wp\/v2\/users\/4"}],"replies":[{"embeddable":true,"href":"https:\/\/mugardos.gal\/es\/wp-json\/wp\/v2\/comments?post=4679"}],"version-history":[{"count":0,"href":"https:\/\/mugardos.gal\/es\/wp-json\/wp\/v2\/pages\/4679\/revisions"}],"up":[{"embeddable":true,"href":"https:\/\/mugardos.gal\/es\/wp-json\/wp\/v2\/pages\/700"}],"wp:attachment":[{"href":"https:\/\/mugardos.gal\/es\/wp-json\/wp\/v2\/media?parent=4679"}],"curies":[{"name":"wp","href":"https:\/\/api.w.org\/{rel}","templated":true}]}}