{"id":4663,"date":"2020-05-26T18:44:46","date_gmt":"2020-05-26T16:44:46","guid":{"rendered":"https:\/\/mugardos.gal\/formacion-y-desarrollo\/talleres-de-empleo-y-formacion\/"},"modified":"2020-06-01T13:27:12","modified_gmt":"2020-06-01T11:27:12","slug":"talleres-de-empleo-y-formacion","status":"publish","type":"page","link":"https:\/\/mugardos.gal\/es\/formacion-y-desarrollo\/talleres-de-empleo-y-formacion\/","title":{"rendered":"TALLERES DE EMPLEO Y FORMACI\u00d3N"},"content":{"rendered":"<p>[vc_row][vc_column][vc_separator color=\u00bbchino\u00bb style=\u00bbshadow\u00bb border_width=\u00bb4&#8243;][\/vc_column][\/vc_row][vc_row][vc_column width=\u00bb1\/4&#8243; offset=\u00bbvc_hidden-sm vc_hidden-xs\u00bb][vc_row_inner][vc_column_inner][vc_single_image image=\u00bb3228&#8243; img_size=\u00bbmedium\u00bb alignment=\u00bbcenter\u00bb style=\u00bbvc_box_shadow_3d\u00bb onclick=\u00bbcustom_link\u00bb css_animation=\u00bbnone\u00bb css=\u00bb.vc_custom_1591010820385{margin-top: px !important;}\u00bb link=\u00bbhttps:\/\/mugardos.gal\/es\/formacion-e-desenvolvemento\/contacto-co-departamento-de-formacion-e-desenvolvemento\/\u00bb][vc_single_image image=\u00bb3230&#8243; img_size=\u00bbmedium\u00bb alignment=\u00bbcenter\u00bb style=\u00bbvc_box_shadow_3d\u00bb onclick=\u00bbcustom_link\u00bb css=\u00bb.vc_custom_1591010825346{margin-top: -40px !important;}\u00bb link=\u00bbhttps:\/\/mugardos.gal\/es\/formacion-e-desenvolvemento\/linas-de-axudas-e-subvencions\/\u00bb][vc_single_image image=\u00bb3226&#8243; img_size=\u00bbmedium\u00bb alignment=\u00bbcenter\u00bb style=\u00bbvc_box_shadow_3d\u00bb onclick=\u00bbcustom_link\u00bb css=\u00bb.vc_custom_1590313950330{margin-top: -40px !important;}\u00bb link=\u00bbhttp:\/\/emprego.ceei.xunta.gal\/solicitude-de-certificado-de-profesionalidade\u00bb][vc_single_image image=\u00bb3224&#8243; img_size=\u00bbmedium\u00bb alignment=\u00bbcenter\u00bb style=\u00bbvc_box_shadow_3d\u00bb onclick=\u00bbcustom_link\u00bb css=\u00bb.vc_custom_1591010835345{margin-top: -40px !important;}\u00bb link=\u00bbhttps:\/\/mugardos.gal\/es\/buzon-de-suxestions\/\u00bb][\/vc_column_inner][\/vc_row_inner][\/vc_column][vc_column width=\u00bb3\/4&#8243;][vc_column_text]\n<p style=\"text-align: justify;\">En este apartado, las personas interesadas podr\u00e1n acceder a la informaci\u00f3n sobre los distintos talleres de formaci\u00f3n impartidos en el Ayuntamiento de Mugardos.<\/p>\n<p style=\"text-align: justify;\">Los requisitos para participar en cualquiera de los talleres son:<\/p>\n<ul>\n<li style=\"text-align: justify;\">Estar en situaci\u00f3n de desempleo<\/li>\n<li style=\"text-align: justify;\">Solicitar la participaci\u00f3n en las oficinas del Servicio P\u00fablico de Empleo de Galicia<\/li>\n<\/ul>\n<p>[\/vc_column_text][vc_tta_accordion active_section=\u00bb0&#8243; collapsible_all=\u00bbtrue\u00bb][vc_tta_section title=\u00bbTALLER DUAL DE EMPLEO REINICIA VI, DE LOS AYUNTAMIENTOS DE ARES, CABANAS, FENE, MUGARDOS Y NEDA\u00bb tab_id=\u00bb1589460302140-b9d685c2-bfaa\u00bb][vc_column_text]\n<ul>\n<li style=\"text-align: justify;\">Entidade promotora: Ayuntamiento de Mugardos junto con el Ayuntamiento de Ares, Ayuntamiento de Cabanas, Ayuntamiento de Fene y Ayuntamiento de Neda<\/li>\n<li style=\"text-align: justify;\">Fecha de inicio: 28\/10\/2019<\/li>\n<li style=\"text-align: justify;\">Fecha de finalizaci\u00f3n: 27\/07\/2020<\/li>\n<li style=\"text-align: justify;\">Horario: de 7.30 horas a 15.30 horas de lunes a viernes<\/li>\n<li style=\"text-align: justify;\">Presupuesto total del taller: 372.360,43 euros<\/li>\n<li style=\"text-align: justify;\">N\u00ba de alumnos \u2013 trabajadores\/as: 20 (10 por especialidad)<\/li>\n<li style=\"text-align: justify;\">Especialidades que se imparten:\n<ul>\n<li>ATENCI\u00d3N SOCIOSANITARIA A PERSONAS EN EL DOMICILIO (SSCS0108)<\/li>\n<li>TRABAJOS DE CARPINTER\u00cdA Y MUEBLE (MAMD0209)<\/li>\n<\/ul>\n<\/li>\n<li style=\"text-align: justify;\">Personal directivo, docente y administrativo: 1 Director, 4 docentes, 1 Administrativa<\/li>\n<li>Sede del taller:\n<ul>\n<li style=\"text-align: justify;\">En el Centro de Formaci\u00f3n Francisco Vizoso (Mugardos) se imparte la especialidad de Atenci\u00f3n Sociosanitaria a personas en el domicilio<\/li>\n<li style=\"text-align: justify;\">En el Centro de Formaci\u00f3n del Ayuntamiento de Fene (Magalofes) se imparte la especialidad de trabajos de Carpinter\u00eda y Mueble<\/li>\n<\/ul>\n<\/li>\n<\/ul>\n<p>[\/vc_column_text][\/vc_tta_section][vc_tta_section title=\u00bbTALLER DE EMPLEO DIRIGIDO A PERSONAS J\u00d3VENES INCLUIDAS EN EL FICHERO DEL SISTEMA NACIONAL DE GARANT\u00cdA JUVENIL, INICIA IV\u00bb tab_id=\u00bb1589460302183-1555ebef-4e10&#8243;][vc_column_text]\n<ul>\n<li style=\"text-align: justify;\">Entidad promotora: Ayuntamiento de Fene junto con el Ayuntamiento de Ares, Ayuntamiento de Cabanas, Ayuntamiento de Mugardos y Ayuntamiento de Neda<\/li>\n<li style=\"text-align: justify;\">Duraci\u00f3n del taller : 6 meses<\/li>\n<li style=\"text-align: justify;\">N\u00ba de alumnos\/as \u2013 trabajadores\/as: 16<\/li>\n<li style=\"text-align: justify;\">Especialidad que se imparte:\n<ul>\n<li>FABRICACI\u00d3N Y MONTAJE DE INSTALACIONES DE TUBER\u00cdA INDUSTRIAL (FMEC0108)<\/li>\n<\/ul>\n<\/li>\n<li>Sede del taller:\n<ul>\n<li style=\"text-align: justify;\">Centro de Formaci\u00f3n del Ayuntamiento de Fene en Magalofes<\/li>\n<\/ul>\n<\/li>\n<\/ul>\n<p>[\/vc_column_text][\/vc_tta_section][\/vc_tta_accordion][\/vc_column][\/vc_row]\n","protected":false},"excerpt":{"rendered":"<p>[vc_row][vc_column][vc_separator color=\u00bbchino\u00bb style=\u00bbshadow\u00bb border_width=\u00bb4&#8243;][\/vc_column][\/vc_row][vc_row][vc_column width=\u00bb1\/4&#8243; offset=\u00bbvc_hidden-sm vc_hidden-xs\u00bb][vc_row_inner][vc_column_inner][vc_single_image image=\u00bb3228&#8243; img_size=\u00bbmedium\u00bb alignment=\u00bbcenter\u00bb style=\u00bbvc_box_shadow_3d\u00bb onclick=\u00bbcustom_link\u00bb css_animation=\u00bbnone\u00bb css=\u00bb.vc_custom_1591010820385{margin-top: px !important;}\u00bb link=\u00bbhttps:\/\/mugardos.gal\/es\/formacion-e-desenvolvemento\/contacto-co-departamento-de-formacion-e-desenvolvemento\/\u00bb][vc_single_image image=\u00bb3230&#8243; img_size=\u00bbmedium\u00bb alignment=\u00bbcenter\u00bb style=\u00bbvc_box_shadow_3d\u00bb onclick=\u00bbcustom_link\u00bb css=\u00bb.vc_custom_1591010825346{margin-top: -40px !important;}\u00bb link=\u00bbhttps:\/\/mugardos.gal\/es\/formacion-e-desenvolvemento\/linas-de-axudas-e-subvencions\/\u00bb][vc_single_image image=\u00bb3226&#8243; img_size=\u00bbmedium\u00bb alignment=\u00bbcenter\u00bb style=\u00bbvc_box_shadow_3d\u00bb onclick=\u00bbcustom_link\u00bb css=\u00bb.vc_custom_1590313950330{margin-top: -40px !important;}\u00bb link=\u00bbhttp:\/\/emprego.ceei.xunta.gal\/solicitude-de-certificado-de-profesionalidade\u00bb][vc_single_image image=\u00bb3224&#8243; img_size=\u00bbmedium\u00bb alignment=\u00bbcenter\u00bb style=\u00bbvc_box_shadow_3d\u00bb onclick=\u00bbcustom_link\u00bb css=\u00bb.vc_custom_1591010835345{margin-top: -40px !important;}\u00bb link=\u00bbhttps:\/\/mugardos.gal\/es\/buzon-de-suxestions\/\u00bb][\/vc_column_inner][\/vc_row_inner][\/vc_column][vc_column width=\u00bb3\/4&#8243;][vc_column_text] En este apartado, las personas interesadas podr\u00e1n acceder a la [&hellip;]<\/p>\n","protected":false},"author":4,"featured_media":0,"parent":700,"menu_order":0,"comment_status":"closed","ping_status":"closed","template":"","meta":[],"yoast_head":"<!-- This site is optimized with the Yoast SEO plugin v18.9 - https:\/\/yoast.com\/wordpress\/plugins\/seo\/ -->\n<title>TALLERES DE EMPLEO Y FORMACI\u00d3N - Concello de Mugardos<\/title>\n<meta name=\"robots\" content=\"index, follow, max-snippet:-1, max-image-preview:large, max-video-preview:-1\" \/>\n<link rel=\"canonical\" href=\"https:\/\/mugardos.gal\/es\/formacion-y-desarrollo\/talleres-de-empleo-y-formacion\/\" \/>\n<meta property=\"og:locale\" content=\"es_ES\" \/>\n<meta property=\"og:type\" content=\"article\" \/>\n<meta property=\"og:title\" content=\"TALLERES DE EMPLEO Y FORMACI\u00d3N - Concello de Mugardos\" \/>\n<meta property=\"og:description\" content=\"[vc_row][vc_column][vc_separator color=\u00bbchino\u00bb style=\u00bbshadow\u00bb border_width=\u00bb4&#8243;][\/vc_column][\/vc_row][vc_row][vc_column width=\u00bb1\/4&#8243; offset=\u00bbvc_hidden-sm vc_hidden-xs\u00bb][vc_row_inner][vc_column_inner][vc_single_image image=\u00bb3228&#8243; img_size=\u00bbmedium\u00bb alignment=\u00bbcenter\u00bb style=\u00bbvc_box_shadow_3d\u00bb onclick=\u00bbcustom_link\u00bb css_animation=\u00bbnone\u00bb css=\u00bb.vc_custom_1591010820385{margin-top: px !important;}\u00bb link=\u00bbhttps:\/\/mugardos.gal\/es\/formacion-e-desenvolvemento\/contacto-co-departamento-de-formacion-e-desenvolvemento\/\u00bb][vc_single_image image=\u00bb3230&#8243; img_size=\u00bbmedium\u00bb alignment=\u00bbcenter\u00bb style=\u00bbvc_box_shadow_3d\u00bb onclick=\u00bbcustom_link\u00bb css=\u00bb.vc_custom_1591010825346{margin-top: -40px !important;}\u00bb link=\u00bbhttps:\/\/mugardos.gal\/es\/formacion-e-desenvolvemento\/linas-de-axudas-e-subvencions\/\u00bb][vc_single_image image=\u00bb3226&#8243; img_size=\u00bbmedium\u00bb alignment=\u00bbcenter\u00bb style=\u00bbvc_box_shadow_3d\u00bb onclick=\u00bbcustom_link\u00bb css=\u00bb.vc_custom_1590313950330{margin-top: -40px !important;}\u00bb link=\u00bbhttp:\/\/emprego.ceei.xunta.gal\/solicitude-de-certificado-de-profesionalidade\u00bb][vc_single_image image=\u00bb3224&#8243; img_size=\u00bbmedium\u00bb alignment=\u00bbcenter\u00bb style=\u00bbvc_box_shadow_3d\u00bb onclick=\u00bbcustom_link\u00bb css=\u00bb.vc_custom_1591010835345{margin-top: -40px !important;}\u00bb link=\u00bbhttps:\/\/mugardos.gal\/es\/buzon-de-suxestions\/\u00bb][\/vc_column_inner][\/vc_row_inner][\/vc_column][vc_column width=\u00bb3\/4&#8243;][vc_column_text] En este apartado, las personas interesadas podr\u00e1n acceder a la [&hellip;]\" \/>\n<meta property=\"og:url\" content=\"https:\/\/mugardos.gal\/es\/formacion-y-desarrollo\/talleres-de-empleo-y-formacion\/\" \/>\n<meta property=\"og:site_name\" content=\"Concello de Mugardos\" \/>\n<meta property=\"article:modified_time\" content=\"2020-06-01T11:27:12+00:00\" \/>\n<meta name=\"twitter:card\" content=\"summary_large_image\" \/>\n<meta name=\"twitter:label1\" content=\"Tiempo de lectura\" \/>\n\t<meta name=\"twitter:data1\" content=\"3 minutos\" \/>\n<script type=\"application\/ld+json\" class=\"yoast-schema-graph\">{\"@context\":\"https:\/\/schema.org\",\"@graph\":[{\"@type\":\"WebSite\",\"@id\":\"https:\/\/mugardos.gal\/#website\",\"url\":\"https:\/\/mugardos.gal\/\",\"name\":\"Concello de Mugardos\",\"description\":\"\",\"potentialAction\":[{\"@type\":\"SearchAction\",\"target\":{\"@type\":\"EntryPoint\",\"urlTemplate\":\"https:\/\/mugardos.gal\/?s={search_term_string}\"},\"query-input\":\"required name=search_term_string\"}],\"inLanguage\":\"es\"},{\"@type\":\"WebPage\",\"@id\":\"https:\/\/mugardos.gal\/es\/formacion-y-desarrollo\/talleres-de-empleo-y-formacion\/#webpage\",\"url\":\"https:\/\/mugardos.gal\/es\/formacion-y-desarrollo\/talleres-de-empleo-y-formacion\/\",\"name\":\"TALLERES DE EMPLEO Y FORMACI\u00d3N - Concello de Mugardos\",\"isPartOf\":{\"@id\":\"https:\/\/mugardos.gal\/#website\"},\"datePublished\":\"2020-05-26T16:44:46+00:00\",\"dateModified\":\"2020-06-01T11:27:12+00:00\",\"breadcrumb\":{\"@id\":\"https:\/\/mugardos.gal\/es\/formacion-y-desarrollo\/talleres-de-empleo-y-formacion\/#breadcrumb\"},\"inLanguage\":\"es\",\"potentialAction\":[{\"@type\":\"ReadAction\",\"target\":[\"https:\/\/mugardos.gal\/es\/formacion-y-desarrollo\/talleres-de-empleo-y-formacion\/\"]}]},{\"@type\":\"BreadcrumbList\",\"@id\":\"https:\/\/mugardos.gal\/es\/formacion-y-desarrollo\/talleres-de-empleo-y-formacion\/#breadcrumb\",\"itemListElement\":[{\"@type\":\"ListItem\",\"position\":1,\"name\":\"Portada\",\"item\":\"https:\/\/mugardos.gal\/es\/\"},{\"@type\":\"ListItem\",\"position\":2,\"name\":\"FORMACI\u00d3N Y DESARROLLO\",\"item\":\"https:\/\/mugardos.gal\/es\/formacion-y-desarrollo\/\"},{\"@type\":\"ListItem\",\"position\":3,\"name\":\"TALLERES DE EMPLEO Y FORMACI\u00d3N\"}]}]}<\/script>\n<!-- \/ Yoast SEO plugin. -->","yoast_head_json":{"title":"TALLERES DE EMPLEO Y FORMACI\u00d3N - Concello de Mugardos","robots":{"index":"index","follow":"follow","max-snippet":"max-snippet:-1","max-image-preview":"max-image-preview:large","max-video-preview":"max-video-preview:-1"},"canonical":"https:\/\/mugardos.gal\/es\/formacion-y-desarrollo\/talleres-de-empleo-y-formacion\/","og_locale":"es_ES","og_type":"article","og_title":"TALLERES DE EMPLEO Y FORMACI\u00d3N - Concello de Mugardos","og_description":"[vc_row][vc_column][vc_separator color=\u00bbchino\u00bb style=\u00bbshadow\u00bb border_width=\u00bb4&#8243;][\/vc_column][\/vc_row][vc_row][vc_column width=\u00bb1\/4&#8243; offset=\u00bbvc_hidden-sm vc_hidden-xs\u00bb][vc_row_inner][vc_column_inner][vc_single_image image=\u00bb3228&#8243; img_size=\u00bbmedium\u00bb alignment=\u00bbcenter\u00bb style=\u00bbvc_box_shadow_3d\u00bb onclick=\u00bbcustom_link\u00bb css_animation=\u00bbnone\u00bb css=\u00bb.vc_custom_1591010820385{margin-top: px !important;}\u00bb link=\u00bbhttps:\/\/mugardos.gal\/es\/formacion-e-desenvolvemento\/contacto-co-departamento-de-formacion-e-desenvolvemento\/\u00bb][vc_single_image image=\u00bb3230&#8243; img_size=\u00bbmedium\u00bb alignment=\u00bbcenter\u00bb style=\u00bbvc_box_shadow_3d\u00bb onclick=\u00bbcustom_link\u00bb css=\u00bb.vc_custom_1591010825346{margin-top: -40px !important;}\u00bb link=\u00bbhttps:\/\/mugardos.gal\/es\/formacion-e-desenvolvemento\/linas-de-axudas-e-subvencions\/\u00bb][vc_single_image image=\u00bb3226&#8243; img_size=\u00bbmedium\u00bb alignment=\u00bbcenter\u00bb style=\u00bbvc_box_shadow_3d\u00bb onclick=\u00bbcustom_link\u00bb css=\u00bb.vc_custom_1590313950330{margin-top: -40px !important;}\u00bb link=\u00bbhttp:\/\/emprego.ceei.xunta.gal\/solicitude-de-certificado-de-profesionalidade\u00bb][vc_single_image image=\u00bb3224&#8243; img_size=\u00bbmedium\u00bb alignment=\u00bbcenter\u00bb style=\u00bbvc_box_shadow_3d\u00bb onclick=\u00bbcustom_link\u00bb css=\u00bb.vc_custom_1591010835345{margin-top: -40px !important;}\u00bb link=\u00bbhttps:\/\/mugardos.gal\/es\/buzon-de-suxestions\/\u00bb][\/vc_column_inner][\/vc_row_inner][\/vc_column][vc_column width=\u00bb3\/4&#8243;][vc_column_text] En este apartado, las personas interesadas podr\u00e1n acceder a la [&hellip;]","og_url":"https:\/\/mugardos.gal\/es\/formacion-y-desarrollo\/talleres-de-empleo-y-formacion\/","og_site_name":"Concello de Mugardos","article_modified_time":"2020-06-01T11:27:12+00:00","twitter_card":"summary_large_image","twitter_misc":{"Tiempo de lectura":"3 minutos"},"schema":{"@context":"https:\/\/schema.org","@graph":[{"@type":"WebSite","@id":"https:\/\/mugardos.gal\/#website","url":"https:\/\/mugardos.gal\/","name":"Concello de Mugardos","description":"","potentialAction":[{"@type":"SearchAction","target":{"@type":"EntryPoint","urlTemplate":"https:\/\/mugardos.gal\/?s={search_term_string}"},"query-input":"required name=search_term_string"}],"inLanguage":"es"},{"@type":"WebPage","@id":"https:\/\/mugardos.gal\/es\/formacion-y-desarrollo\/talleres-de-empleo-y-formacion\/#webpage","url":"https:\/\/mugardos.gal\/es\/formacion-y-desarrollo\/talleres-de-empleo-y-formacion\/","name":"TALLERES DE EMPLEO Y FORMACI\u00d3N - Concello de Mugardos","isPartOf":{"@id":"https:\/\/mugardos.gal\/#website"},"datePublished":"2020-05-26T16:44:46+00:00","dateModified":"2020-06-01T11:27:12+00:00","breadcrumb":{"@id":"https:\/\/mugardos.gal\/es\/formacion-y-desarrollo\/talleres-de-empleo-y-formacion\/#breadcrumb"},"inLanguage":"es","potentialAction":[{"@type":"ReadAction","target":["https:\/\/mugardos.gal\/es\/formacion-y-desarrollo\/talleres-de-empleo-y-formacion\/"]}]},{"@type":"BreadcrumbList","@id":"https:\/\/mugardos.gal\/es\/formacion-y-desarrollo\/talleres-de-empleo-y-formacion\/#breadcrumb","itemListElement":[{"@type":"ListItem","position":1,"name":"Portada","item":"https:\/\/mugardos.gal\/es\/"},{"@type":"ListItem","position":2,"name":"FORMACI\u00d3N Y DESARROLLO","item":"https:\/\/mugardos.gal\/es\/formacion-y-desarrollo\/"},{"@type":"ListItem","position":3,"name":"TALLERES DE EMPLEO Y FORMACI\u00d3N"}]}]}},"_links":{"self":[{"href":"https:\/\/mugardos.gal\/es\/wp-json\/wp\/v2\/pages\/4663"}],"collection":[{"href":"https:\/\/mugardos.gal\/es\/wp-json\/wp\/v2\/pages"}],"about":[{"href":"https:\/\/mugardos.gal\/es\/wp-json\/wp\/v2\/types\/page"}],"author":[{"embeddable":true,"href":"https:\/\/mugardos.gal\/es\/wp-json\/wp\/v2\/users\/4"}],"replies":[{"embeddable":true,"href":"https:\/\/mugardos.gal\/es\/wp-json\/wp\/v2\/comments?post=4663"}],"version-history":[{"count":0,"href":"https:\/\/mugardos.gal\/es\/wp-json\/wp\/v2\/pages\/4663\/revisions"}],"up":[{"embeddable":true,"href":"https:\/\/mugardos.gal\/es\/wp-json\/wp\/v2\/pages\/700"}],"wp:attachment":[{"href":"https:\/\/mugardos.gal\/es\/wp-json\/wp\/v2\/media?parent=4663"}],"curies":[{"name":"wp","href":"https:\/\/api.w.org\/{rel}","templated":true}]}}