{"id":4657,"date":"2020-05-26T18:35:06","date_gmt":"2020-05-26T16:35:06","guid":{"rendered":"https:\/\/mugardos.gal\/formacion-y-desarrollo\/bolsa-municipal-de-empleo\/"},"modified":"2020-09-23T16:30:14","modified_gmt":"2020-09-23T14:30:14","slug":"bolsa-municipal-de-empleo","status":"publish","type":"page","link":"https:\/\/mugardos.gal\/es\/formacion-y-desarrollo\/bolsa-municipal-de-empleo\/","title":{"rendered":"BOLSA MUNICIPAL DE EMPLEO"},"content":{"rendered":"<p>[vc_row][vc_column][vc_separator color=\u00bbchino\u00bb style=\u00bbshadow\u00bb border_width=\u00bb4&#8243;][\/vc_column][\/vc_row][vc_row][vc_column width=\u00bb1\/4&#8243; offset=\u00bbvc_hidden-sm vc_hidden-xs\u00bb][vc_row_inner][vc_column_inner][vc_single_image image=\u00bb3228&#8243; img_size=\u00bbmedium\u00bb alignment=\u00bbcenter\u00bb style=\u00bbvc_box_shadow_3d\u00bb onclick=\u00bbcustom_link\u00bb css_animation=\u00bbnone\u00bb css=\u00bb.vc_custom_1590313884335{margin-top: px !important;}\u00bb link=\u00bbhttps:\/\/mugardos.gal\/formacion-e-desenvolvemento\/contacto-co-departamento-de-formacion-e-desenvolvemento\/\u00bb][vc_single_image image=\u00bb3230&#8243; img_size=\u00bbmedium\u00bb alignment=\u00bbcenter\u00bb style=\u00bbvc_box_shadow_3d\u00bb onclick=\u00bbcustom_link\u00bb css=\u00bb.vc_custom_1590313895814{margin-top: -40px !important;}\u00bb link=\u00bbhttps:\/\/mugardos.gal\/formacion-e-desenvolvemento\/linas-de-axudas-e-subvencions\/\u00bb][vc_single_image image=\u00bb3226&#8243; img_size=\u00bbmedium\u00bb alignment=\u00bbcenter\u00bb style=\u00bbvc_box_shadow_3d\u00bb onclick=\u00bbcustom_link\u00bb css=\u00bb.vc_custom_1590313950330{margin-top: -40px !important;}\u00bb link=\u00bbhttp:\/\/emprego.ceei.xunta.gal\/solicitude-de-certificado-de-profesionalidade\u00bb][vc_single_image image=\u00bb3224&#8243; img_size=\u00bbmedium\u00bb alignment=\u00bbcenter\u00bb style=\u00bbvc_box_shadow_3d\u00bb onclick=\u00bbcustom_link\u00bb css=\u00bb.vc_custom_1590313960234{margin-top: -40px !important;}\u00bb link=\u00bbhttps:\/\/mugardos.gal\/buzon-de-suxestions\/\u00bb][vc_column_text]\n<!-- PRESSVILLE EVENTS : begin -->\n<section class=\"lsvr-pressville-post-grid lsvr-pressville-post-grid--events lsvr-pressville-post-grid--layout-title-top lsvr-pressville-post-grid--dark-bg\"\n    >\n    <div class=\"lsvr-pressville-post-grid__inner\">\n        <div class=\"lsvr-container\">\n            <div class=\"lsvr-pressville-post-grid__content\">\n\n                \n                    <p class=\"c-alert-message\">No hay eventos<\/p>\n\n                \n            <\/div>\n        <\/div>\n    <\/div>\n<\/section>\n<!-- PRESSVILLE EVENTS : end -->\n\n[\/vc_column_text][\/vc_column_inner][\/vc_row_inner][\/vc_column][vc_column width=\u00bb3\/4&#8243;][vc_column_text]\n<p style=\"text-align: justify;\"><strong>INFORMACI\u00d3N DE LA BOLSA DE EMPLEO MUNICIPAL<br \/>\n<\/strong><\/p>\n<p style=\"text-align: justify;\"><span style=\"color: #333333;\"><img loading=\"lazy\" class=\"alignnone wp-image-596\" src=\"https:\/\/mugardos.gal\/wp-content\/uploads\/2020\/03\/direcci\u00f3n.png\" alt=\"\" width=\"30\" height=\"30\" \/> Avenida de Galicia, 45, 2\u00ba piso<br \/>\n<\/span><\/p>\n<p style=\"text-align: justify;\"><span style=\"color: #333333;\"><img loading=\"lazy\" class=\"alignnone wp-image-598\" src=\"https:\/\/mugardos.gal\/wp-content\/uploads\/2020\/03\/telefono.png\" alt=\"\" width=\"30\" height=\"30\" \/> 981 470 338 (extensi\u00f3n #2030)<br \/>\n<\/span><\/p>\n<p style=\"text-align: justify;\"><span style=\"color: #333333;\"><img loading=\"lazy\" class=\"alignnone wp-image-609\" src=\"https:\/\/mugardos.gal\/wp-content\/uploads\/2020\/03\/hora.png\" alt=\"\" width=\"30\" height=\"30\" \/> Horario de atenci\u00f3n: de lunes a viernes de 9.00 a 14.00 horas<\/span><\/p>\n<p style=\"text-align: justify;\"><span style=\"color: #ff0000;\"><span style=\"color: #333333;\"><img loading=\"lazy\" class=\"alignnone wp-image-592\" src=\"https:\/\/mugardos.gal\/wp-content\/uploads\/2020\/03\/contacto.png\" alt=\"\" width=\"30\" height=\"30\" \/> Persona de contacto:Rosa Rey<\/span><br \/>\n<\/span><\/p>\n<p style=\"text-align: justify;\">La bolsa de empleo municipal est\u00e1 ideada para prestar un servicio de intermediaci\u00f3n laboral a todas las personas empadronadas en el municipio que sean poblaci\u00f3n activa, y proporcionar informaci\u00f3n sobre las ofertas de empleo, formaci\u00f3n y otros asuntos en materia de recursos humanos y promoci\u00f3n econ\u00f3mica que se reciben en el departamento de Formaci\u00f3n y Empleo; para eso, todos los departamentos del Ayuntamiento de Mugardos canalizar\u00e1n por esta v\u00eda las ofertas de empleo que generen o de las que tengan conocimiento. Al finalizar el a\u00f1o 2019 hab\u00eda cerca de 570 personas inscritas en la bolsa de empleo municipal.<\/p>\n<p style=\"text-align: justify;\"><strong>INSTANCIA<\/strong><\/p>\n<p><img loading=\"lazy\" class=\"alignnone wp-image-581\" src=\"https:\/\/mugardos.gal\/wp-content\/uploads\/2020\/03\/pdf.png\" alt=\"\" width=\"40\" height=\"40\" \/><a href=\"https:\/\/mugardos.gal\/wp-content\/uploads\/2020\/09\/INSTANCIA-TIPO-2020.pdf\">DESCARGAR PDF Instancia general<\/a><\/p>\n<p style=\"text-align: justify;\"><strong>FUNCIONES<\/strong><\/p>\n<p style=\"text-align: justify;\">La bolsa de empleo gestionada por el Ayuntamiento de Mugardos tiene como objetivos:<\/p>\n<p style=\"padding-left: 40px; text-align: justify;\">1. Intermediar laboralmente de manera que constituya una herramienta de conexi\u00f3n entre la demanda de empleo existente y las ofertas de empleo.<\/p>\n<p style=\"padding-left: 40px; text-align: justify;\">2. Establecer y afianzar contactos con el sector empresarial de la zona como estrategia facilitadora del acceso al mercado de trabajo.<\/p>\n<p style=\"padding-left: 40px; text-align: justify;\">3. Promover la inserci\u00f3n laboral de los trabajadores y su formaci\u00f3n continua a trav\u00e9s de diferentes programas que les facilite o mejore sus posibilidades de acceso a un puesto de trabajo por cuenta ajena o propia.<\/p>\n<p style=\"padding-left: 40px; text-align: justify;\">4. Favorecer redes de contacto con entidades e instituciones relacionadas con el empleo y la formaci\u00f3n. De este modo, esta bolsa de empleo constituir\u00eda un servicio adicional al que presta el Servicio P\u00fablico de Empleo de Galicia de la Xunta de Galicia a trav\u00e9s de las Oficinas de Empleo.<\/p>\n<p style=\"text-align: justify;\"><strong><em>NORMATIVA MUNICIPAL REGULADORA<\/em><\/strong><\/p>\n<div id=\"contenedor\" class=\"textarea unknown\" style=\"text-align: justify;\">La ordenanza reguladora de la Bolsa de Empleo del Ayuntamiento de Mugardos se public\u00f3 en el BOP de 8 de noviembre de 2013, y puede consultarse en el siguiente enlace:<\/div>\n<p style=\"text-align: justify;\"><img loading=\"lazy\" class=\"alignnone wp-image-581\" src=\"https:\/\/mugardos.gal\/wp-content\/uploads\/2020\/03\/pdf.png\" alt=\"\" width=\"40\" height=\"40\" \/><a href=\"https:\/\/mugardos.gal\/wp-content\/uploads\/2020\/05\/Ordenanza-bolsa-de-emprego.pdf\">DESCARGAR PDF Ordenanza municipal reguladora del servicio de intermediaci\u00f3n laboral denominado \u00abBolsa de empleo del Ayuntamiento de Mugardos\u201d<\/a><\/p>\n<p>[\/vc_column_text][\/vc_column][\/vc_row]\n","protected":false},"excerpt":{"rendered":"<p>[vc_row][vc_column][vc_separator color=\u00bbchino\u00bb style=\u00bbshadow\u00bb border_width=\u00bb4&#8243;][\/vc_column][\/vc_row][vc_row][vc_column width=\u00bb1\/4&#8243; offset=\u00bbvc_hidden-sm vc_hidden-xs\u00bb][vc_row_inner][vc_column_inner][vc_single_image image=\u00bb3228&#8243; img_size=\u00bbmedium\u00bb alignment=\u00bbcenter\u00bb style=\u00bbvc_box_shadow_3d\u00bb onclick=\u00bbcustom_link\u00bb css_animation=\u00bbnone\u00bb css=\u00bb.vc_custom_1590313884335{margin-top: px !important;}\u00bb link=\u00bbhttps:\/\/mugardos.gal\/formacion-e-desenvolvemento\/contacto-co-departamento-de-formacion-e-desenvolvemento\/\u00bb][vc_single_image image=\u00bb3230&#8243; img_size=\u00bbmedium\u00bb alignment=\u00bbcenter\u00bb style=\u00bbvc_box_shadow_3d\u00bb onclick=\u00bbcustom_link\u00bb css=\u00bb.vc_custom_1590313895814{margin-top: -40px !important;}\u00bb link=\u00bbhttps:\/\/mugardos.gal\/formacion-e-desenvolvemento\/linas-de-axudas-e-subvencions\/\u00bb][vc_single_image image=\u00bb3226&#8243; img_size=\u00bbmedium\u00bb alignment=\u00bbcenter\u00bb style=\u00bbvc_box_shadow_3d\u00bb onclick=\u00bbcustom_link\u00bb css=\u00bb.vc_custom_1590313950330{margin-top: -40px !important;}\u00bb link=\u00bbhttp:\/\/emprego.ceei.xunta.gal\/solicitude-de-certificado-de-profesionalidade\u00bb][vc_single_image image=\u00bb3224&#8243; img_size=\u00bbmedium\u00bb alignment=\u00bbcenter\u00bb style=\u00bbvc_box_shadow_3d\u00bb onclick=\u00bbcustom_link\u00bb css=\u00bb.vc_custom_1590313960234{margin-top: -40px !important;}\u00bb link=\u00bbhttps:\/\/mugardos.gal\/buzon-de-suxestions\/\u00bb][vc_column_text][\/vc_column_text][\/vc_column_inner][\/vc_row_inner][\/vc_column][vc_column width=\u00bb3\/4&#8243;][vc_column_text] INFORMACI\u00d3N DE LA BOLSA DE EMPLEO MUNICIPAL Avenida de Galicia, [&hellip;]<\/p>\n","protected":false},"author":4,"featured_media":0,"parent":700,"menu_order":0,"comment_status":"closed","ping_status":"closed","template":"","meta":[],"yoast_head":"<!-- This site is optimized with the Yoast SEO plugin v18.9 - https:\/\/yoast.com\/wordpress\/plugins\/seo\/ -->\n<title>BOLSA MUNICIPAL DE EMPLEO - Concello de Mugardos<\/title>\n<meta name=\"robots\" content=\"index, follow, max-snippet:-1, max-image-preview:large, max-video-preview:-1\" \/>\n<link rel=\"canonical\" href=\"https:\/\/mugardos.gal\/es\/formacion-y-desarrollo\/bolsa-municipal-de-empleo\/\" \/>\n<meta property=\"og:locale\" content=\"es_ES\" \/>\n<meta property=\"og:type\" content=\"article\" \/>\n<meta property=\"og:title\" content=\"BOLSA MUNICIPAL DE EMPLEO - Concello de Mugardos\" \/>\n<meta property=\"og:description\" content=\"[vc_row][vc_column][vc_separator color=\u00bbchino\u00bb style=\u00bbshadow\u00bb border_width=\u00bb4&#8243;][\/vc_column][\/vc_row][vc_row][vc_column width=\u00bb1\/4&#8243; offset=\u00bbvc_hidden-sm vc_hidden-xs\u00bb][vc_row_inner][vc_column_inner][vc_single_image image=\u00bb3228&#8243; img_size=\u00bbmedium\u00bb alignment=\u00bbcenter\u00bb style=\u00bbvc_box_shadow_3d\u00bb onclick=\u00bbcustom_link\u00bb css_animation=\u00bbnone\u00bb css=\u00bb.vc_custom_1590313884335{margin-top: px !important;}\u00bb link=\u00bbhttps:\/\/mugardos.gal\/formacion-e-desenvolvemento\/contacto-co-departamento-de-formacion-e-desenvolvemento\/\u00bb][vc_single_image image=\u00bb3230&#8243; img_size=\u00bbmedium\u00bb alignment=\u00bbcenter\u00bb style=\u00bbvc_box_shadow_3d\u00bb onclick=\u00bbcustom_link\u00bb css=\u00bb.vc_custom_1590313895814{margin-top: -40px !important;}\u00bb link=\u00bbhttps:\/\/mugardos.gal\/formacion-e-desenvolvemento\/linas-de-axudas-e-subvencions\/\u00bb][vc_single_image image=\u00bb3226&#8243; img_size=\u00bbmedium\u00bb alignment=\u00bbcenter\u00bb style=\u00bbvc_box_shadow_3d\u00bb onclick=\u00bbcustom_link\u00bb css=\u00bb.vc_custom_1590313950330{margin-top: -40px !important;}\u00bb link=\u00bbhttp:\/\/emprego.ceei.xunta.gal\/solicitude-de-certificado-de-profesionalidade\u00bb][vc_single_image image=\u00bb3224&#8243; img_size=\u00bbmedium\u00bb alignment=\u00bbcenter\u00bb style=\u00bbvc_box_shadow_3d\u00bb onclick=\u00bbcustom_link\u00bb css=\u00bb.vc_custom_1590313960234{margin-top: -40px !important;}\u00bb link=\u00bbhttps:\/\/mugardos.gal\/buzon-de-suxestions\/\u00bb][vc_column_text][\/vc_column_text][\/vc_column_inner][\/vc_row_inner][\/vc_column][vc_column width=\u00bb3\/4&#8243;][vc_column_text] INFORMACI\u00d3N DE LA BOLSA DE EMPLEO MUNICIPAL Avenida de Galicia, [&hellip;]\" \/>\n<meta property=\"og:url\" content=\"https:\/\/mugardos.gal\/es\/formacion-y-desarrollo\/bolsa-municipal-de-empleo\/\" \/>\n<meta property=\"og:site_name\" content=\"Concello de Mugardos\" \/>\n<meta property=\"article:modified_time\" content=\"2020-09-23T14:30:14+00:00\" \/>\n<meta property=\"og:image\" content=\"https:\/\/mugardos.gal\/wp-content\/uploads\/2020\/03\/telefono.png\" \/>\n<meta name=\"twitter:card\" content=\"summary_large_image\" \/>\n<meta name=\"twitter:label1\" content=\"Tiempo de lectura\" \/>\n\t<meta name=\"twitter:data1\" content=\"3 minutos\" \/>\n<script type=\"application\/ld+json\" class=\"yoast-schema-graph\">{\"@context\":\"https:\/\/schema.org\",\"@graph\":[{\"@type\":\"WebSite\",\"@id\":\"https:\/\/mugardos.gal\/#website\",\"url\":\"https:\/\/mugardos.gal\/\",\"name\":\"Concello de Mugardos\",\"description\":\"\",\"potentialAction\":[{\"@type\":\"SearchAction\",\"target\":{\"@type\":\"EntryPoint\",\"urlTemplate\":\"https:\/\/mugardos.gal\/?s={search_term_string}\"},\"query-input\":\"required name=search_term_string\"}],\"inLanguage\":\"es\"},{\"@type\":\"ImageObject\",\"inLanguage\":\"es\",\"@id\":\"https:\/\/mugardos.gal\/es\/formacion-y-desarrollo\/bolsa-municipal-de-empleo\/#primaryimage\",\"url\":\"https:\/\/mugardos.gal\/wp-content\/uploads\/2020\/03\/telefono.png\",\"contentUrl\":\"https:\/\/mugardos.gal\/wp-content\/uploads\/2020\/03\/telefono.png\",\"width\":100,\"height\":100},{\"@type\":\"WebPage\",\"@id\":\"https:\/\/mugardos.gal\/es\/formacion-y-desarrollo\/bolsa-municipal-de-empleo\/#webpage\",\"url\":\"https:\/\/mugardos.gal\/es\/formacion-y-desarrollo\/bolsa-municipal-de-empleo\/\",\"name\":\"BOLSA MUNICIPAL DE EMPLEO - Concello de Mugardos\",\"isPartOf\":{\"@id\":\"https:\/\/mugardos.gal\/#website\"},\"primaryImageOfPage\":{\"@id\":\"https:\/\/mugardos.gal\/es\/formacion-y-desarrollo\/bolsa-municipal-de-empleo\/#primaryimage\"},\"datePublished\":\"2020-05-26T16:35:06+00:00\",\"dateModified\":\"2020-09-23T14:30:14+00:00\",\"breadcrumb\":{\"@id\":\"https:\/\/mugardos.gal\/es\/formacion-y-desarrollo\/bolsa-municipal-de-empleo\/#breadcrumb\"},\"inLanguage\":\"es\",\"potentialAction\":[{\"@type\":\"ReadAction\",\"target\":[\"https:\/\/mugardos.gal\/es\/formacion-y-desarrollo\/bolsa-municipal-de-empleo\/\"]}]},{\"@type\":\"BreadcrumbList\",\"@id\":\"https:\/\/mugardos.gal\/es\/formacion-y-desarrollo\/bolsa-municipal-de-empleo\/#breadcrumb\",\"itemListElement\":[{\"@type\":\"ListItem\",\"position\":1,\"name\":\"Portada\",\"item\":\"https:\/\/mugardos.gal\/es\/\"},{\"@type\":\"ListItem\",\"position\":2,\"name\":\"FORMACI\u00d3N Y DESARROLLO\",\"item\":\"https:\/\/mugardos.gal\/es\/formacion-y-desarrollo\/\"},{\"@type\":\"ListItem\",\"position\":3,\"name\":\"BOLSA MUNICIPAL DE EMPLEO\"}]}]}<\/script>\n<!-- \/ Yoast SEO plugin. -->","yoast_head_json":{"title":"BOLSA MUNICIPAL DE EMPLEO - Concello de Mugardos","robots":{"index":"index","follow":"follow","max-snippet":"max-snippet:-1","max-image-preview":"max-image-preview:large","max-video-preview":"max-video-preview:-1"},"canonical":"https:\/\/mugardos.gal\/es\/formacion-y-desarrollo\/bolsa-municipal-de-empleo\/","og_locale":"es_ES","og_type":"article","og_title":"BOLSA MUNICIPAL DE EMPLEO - Concello de Mugardos","og_description":"[vc_row][vc_column][vc_separator color=\u00bbchino\u00bb style=\u00bbshadow\u00bb border_width=\u00bb4&#8243;][\/vc_column][\/vc_row][vc_row][vc_column width=\u00bb1\/4&#8243; offset=\u00bbvc_hidden-sm vc_hidden-xs\u00bb][vc_row_inner][vc_column_inner][vc_single_image image=\u00bb3228&#8243; img_size=\u00bbmedium\u00bb alignment=\u00bbcenter\u00bb style=\u00bbvc_box_shadow_3d\u00bb onclick=\u00bbcustom_link\u00bb css_animation=\u00bbnone\u00bb css=\u00bb.vc_custom_1590313884335{margin-top: px !important;}\u00bb link=\u00bbhttps:\/\/mugardos.gal\/formacion-e-desenvolvemento\/contacto-co-departamento-de-formacion-e-desenvolvemento\/\u00bb][vc_single_image image=\u00bb3230&#8243; img_size=\u00bbmedium\u00bb alignment=\u00bbcenter\u00bb style=\u00bbvc_box_shadow_3d\u00bb onclick=\u00bbcustom_link\u00bb css=\u00bb.vc_custom_1590313895814{margin-top: -40px !important;}\u00bb link=\u00bbhttps:\/\/mugardos.gal\/formacion-e-desenvolvemento\/linas-de-axudas-e-subvencions\/\u00bb][vc_single_image image=\u00bb3226&#8243; img_size=\u00bbmedium\u00bb alignment=\u00bbcenter\u00bb style=\u00bbvc_box_shadow_3d\u00bb onclick=\u00bbcustom_link\u00bb css=\u00bb.vc_custom_1590313950330{margin-top: -40px !important;}\u00bb link=\u00bbhttp:\/\/emprego.ceei.xunta.gal\/solicitude-de-certificado-de-profesionalidade\u00bb][vc_single_image image=\u00bb3224&#8243; img_size=\u00bbmedium\u00bb alignment=\u00bbcenter\u00bb style=\u00bbvc_box_shadow_3d\u00bb onclick=\u00bbcustom_link\u00bb css=\u00bb.vc_custom_1590313960234{margin-top: -40px !important;}\u00bb link=\u00bbhttps:\/\/mugardos.gal\/buzon-de-suxestions\/\u00bb][vc_column_text][\/vc_column_text][\/vc_column_inner][\/vc_row_inner][\/vc_column][vc_column width=\u00bb3\/4&#8243;][vc_column_text] INFORMACI\u00d3N DE LA BOLSA DE EMPLEO MUNICIPAL Avenida de Galicia, [&hellip;]","og_url":"https:\/\/mugardos.gal\/es\/formacion-y-desarrollo\/bolsa-municipal-de-empleo\/","og_site_name":"Concello de Mugardos","article_modified_time":"2020-09-23T14:30:14+00:00","og_image":[{"url":"https:\/\/mugardos.gal\/wp-content\/uploads\/2020\/03\/telefono.png"}],"twitter_card":"summary_large_image","twitter_misc":{"Tiempo de lectura":"3 minutos"},"schema":{"@context":"https:\/\/schema.org","@graph":[{"@type":"WebSite","@id":"https:\/\/mugardos.gal\/#website","url":"https:\/\/mugardos.gal\/","name":"Concello de Mugardos","description":"","potentialAction":[{"@type":"SearchAction","target":{"@type":"EntryPoint","urlTemplate":"https:\/\/mugardos.gal\/?s={search_term_string}"},"query-input":"required name=search_term_string"}],"inLanguage":"es"},{"@type":"ImageObject","inLanguage":"es","@id":"https:\/\/mugardos.gal\/es\/formacion-y-desarrollo\/bolsa-municipal-de-empleo\/#primaryimage","url":"https:\/\/mugardos.gal\/wp-content\/uploads\/2020\/03\/telefono.png","contentUrl":"https:\/\/mugardos.gal\/wp-content\/uploads\/2020\/03\/telefono.png","width":100,"height":100},{"@type":"WebPage","@id":"https:\/\/mugardos.gal\/es\/formacion-y-desarrollo\/bolsa-municipal-de-empleo\/#webpage","url":"https:\/\/mugardos.gal\/es\/formacion-y-desarrollo\/bolsa-municipal-de-empleo\/","name":"BOLSA MUNICIPAL DE EMPLEO - Concello de Mugardos","isPartOf":{"@id":"https:\/\/mugardos.gal\/#website"},"primaryImageOfPage":{"@id":"https:\/\/mugardos.gal\/es\/formacion-y-desarrollo\/bolsa-municipal-de-empleo\/#primaryimage"},"datePublished":"2020-05-26T16:35:06+00:00","dateModified":"2020-09-23T14:30:14+00:00","breadcrumb":{"@id":"https:\/\/mugardos.gal\/es\/formacion-y-desarrollo\/bolsa-municipal-de-empleo\/#breadcrumb"},"inLanguage":"es","potentialAction":[{"@type":"ReadAction","target":["https:\/\/mugardos.gal\/es\/formacion-y-desarrollo\/bolsa-municipal-de-empleo\/"]}]},{"@type":"BreadcrumbList","@id":"https:\/\/mugardos.gal\/es\/formacion-y-desarrollo\/bolsa-municipal-de-empleo\/#breadcrumb","itemListElement":[{"@type":"ListItem","position":1,"name":"Portada","item":"https:\/\/mugardos.gal\/es\/"},{"@type":"ListItem","position":2,"name":"FORMACI\u00d3N Y DESARROLLO","item":"https:\/\/mugardos.gal\/es\/formacion-y-desarrollo\/"},{"@type":"ListItem","position":3,"name":"BOLSA MUNICIPAL DE EMPLEO"}]}]}},"_links":{"self":[{"href":"https:\/\/mugardos.gal\/es\/wp-json\/wp\/v2\/pages\/4657"}],"collection":[{"href":"https:\/\/mugardos.gal\/es\/wp-json\/wp\/v2\/pages"}],"about":[{"href":"https:\/\/mugardos.gal\/es\/wp-json\/wp\/v2\/types\/page"}],"author":[{"embeddable":true,"href":"https:\/\/mugardos.gal\/es\/wp-json\/wp\/v2\/users\/4"}],"replies":[{"embeddable":true,"href":"https:\/\/mugardos.gal\/es\/wp-json\/wp\/v2\/comments?post=4657"}],"version-history":[{"count":0,"href":"https:\/\/mugardos.gal\/es\/wp-json\/wp\/v2\/pages\/4657\/revisions"}],"up":[{"embeddable":true,"href":"https:\/\/mugardos.gal\/es\/wp-json\/wp\/v2\/pages\/700"}],"wp:attachment":[{"href":"https:\/\/mugardos.gal\/es\/wp-json\/wp\/v2\/media?parent=4657"}],"curies":[{"name":"wp","href":"https:\/\/api.w.org\/{rel}","templated":true}]}}