{"id":4651,"date":"2020-05-26T18:24:15","date_gmt":"2020-05-26T16:24:15","guid":{"rendered":"https:\/\/mugardos.gal\/formacion-y-desarrollo\/servicio-de-orientacion-laboral\/"},"modified":"2020-07-17T14:04:47","modified_gmt":"2020-07-17T12:04:47","slug":"servicio-de-orientacion-laboral","status":"publish","type":"page","link":"https:\/\/mugardos.gal\/es\/formacion-y-desarrollo\/servicio-de-orientacion-laboral\/","title":{"rendered":"SERVICIO DE ORIENTACI\u00d3N LABORAL"},"content":{"rendered":"<p>[vc_row][vc_column][vc_separator color=\u00bbchino\u00bb style=\u00bbshadow\u00bb border_width=\u00bb4&#8243;][\/vc_column][\/vc_row][vc_row][vc_column width=\u00bb1\/4&#8243; offset=\u00bbvc_hidden-sm vc_hidden-xs\u00bb][vc_row_inner][vc_column_inner][vc_single_image image=\u00bb3228&#8243; img_size=\u00bbmedium\u00bb alignment=\u00bbcenter\u00bb style=\u00bbvc_box_shadow_3d\u00bb onclick=\u00bbcustom_link\u00bb css_animation=\u00bbnone\u00bb css=\u00bb.vc_custom_1590766384555{margin-top: px !important;}\u00bb link=\u00bbhttps:\/\/mugardos.gal\/formacion-e-desenvolvemento\/contacto-co-departamento-de-formacion-e-desenvolvemento\/\u00bb][vc_single_image image=\u00bb3230&#8243; img_size=\u00bbmedium\u00bb alignment=\u00bbcenter\u00bb style=\u00bbvc_box_shadow_3d\u00bb onclick=\u00bbcustom_link\u00bb css=\u00bb.vc_custom_1590766391623{margin-top: -40px !important;}\u00bb link=\u00bbhttps:\/\/mugardos.gal\/formacion-e-desenvolvemento\/linas-de-axudas-e-subvencions\/\u00bb][vc_single_image image=\u00bb3226&#8243; img_size=\u00bbmedium\u00bb alignment=\u00bbcenter\u00bb style=\u00bbvc_box_shadow_3d\u00bb onclick=\u00bbcustom_link\u00bb css=\u00bb.vc_custom_1590313950330{margin-top: -40px !important;}\u00bb link=\u00bbhttp:\/\/emprego.ceei.xunta.gal\/solicitude-de-certificado-de-profesionalidade\u00bb][vc_single_image image=\u00bb3224&#8243; img_size=\u00bbmedium\u00bb alignment=\u00bbcenter\u00bb style=\u00bbvc_box_shadow_3d\u00bb onclick=\u00bbcustom_link\u00bb css=\u00bb.vc_custom_1590766398657{margin-top: -40px !important;}\u00bb link=\u00bbhttps:\/\/mugardos.gal\/buzon-de-suxestions\/\u00bb][vc_column_text]\n<!-- PRESSVILLE EVENTS : begin -->\n<section class=\"lsvr-pressville-post-grid lsvr-pressville-post-grid--events lsvr-pressville-post-grid--layout-title-top lsvr-pressville-post-grid--dark-bg\"\n    >\n    <div class=\"lsvr-pressville-post-grid__inner\">\n        <div class=\"lsvr-container\">\n            <div class=\"lsvr-pressville-post-grid__content\">\n\n                \n                    <p class=\"c-alert-message\">No hay eventos<\/p>\n\n                \n            <\/div>\n        <\/div>\n    <\/div>\n<\/section>\n<!-- PRESSVILLE EVENTS : end -->\n\n[\/vc_column_text][\/vc_column_inner][\/vc_row_inner][\/vc_column][vc_column width=\u00bb3\/4&#8243;][vc_column_text]\n<p style=\"text-align: justify;\"><strong>INFORMACI\u00d3N DEL SERVICIO DE ORIENTACI\u00d3N LABORAL<\/strong><\/p>\n<p style=\"text-align: justify;\"><img loading=\"lazy\" class=\"alignnone wp-image-596\" src=\"https:\/\/mugardos.gal\/wp-content\/uploads\/2020\/03\/direcci\u00f3n.png\" alt=\"\" width=\"30\" height=\"30\" \/> Centro de Formaci\u00f3n Francisco Vizoso, Avda Francisco Vizoso, s\/n &#8211; CP 15626<\/p>\n<p style=\"text-align: justify;\"><img loading=\"lazy\" class=\"alignnone wp-image-598\" src=\"https:\/\/mugardos.gal\/wp-content\/uploads\/2020\/03\/telefono.png\" alt=\"\" width=\"30\" height=\"30\" \/> 627 586 101<\/p>\n<p style=\"text-align: justify;\"><img loading=\"lazy\" class=\"alignnone wp-image-609\" src=\"https:\/\/mugardos.gal\/wp-content\/uploads\/2020\/03\/hora.png\" alt=\"\" width=\"30\" height=\"30\" \/> Horario de atenci\u00f3n: <span style=\"color: #ff0000;\"><span style=\"color: #333333;\">lunes, martes y mi\u00e9rcoles de 9.00 a 14.00 horas<\/span><\/span><\/p>\n<p style=\"text-align: justify;\"><img loading=\"lazy\" class=\"alignnone wp-image-594\" src=\"https:\/\/mugardos.gal\/wp-content\/uploads\/2020\/03\/correo.png\" alt=\"\" width=\"30\" height=\"23\" \/> <a href=\"mailto:rosa.rey@mugardos.gal\">rosa.rey@mugardos.gal<\/a><\/p>\n<p style=\"text-align: justify;\"><img loading=\"lazy\" class=\"alignnone wp-image-592\" src=\"https:\/\/mugardos.gal\/wp-content\/uploads\/2020\/03\/contacto.png\" alt=\"\" width=\"30\" height=\"30\" \/> <span style=\"color: #ff0000;\"><span style=\"color: #333333;\">Persona de contacto:Rosa Rey<\/span><\/span><\/p>\n<p style=\"text-align: justify;\">Es un servicio dirigido a las personas en situaci\u00f3n de desempleo (o en mejora de empleo) que quieran mejorar las condiciones de acceso a un puesto de trabajo. La Mancomunidad de Ayuntamientos de la Comarca de Ferrol presta en los Ayuntamientos de Ares, Mugardos, Neda y Valdovi\u00f1o, el servicio de orientaci\u00f3n laboral subvencionado por la Conseller\u00eda de Econom\u00eda, Empleo e Industria.<\/p>\n<p style=\"text-align: justify;\">Las acciones que se desarrollan desde este servicio son:<\/p>\n<ul style=\"text-align: justify;\">\n<li>Asesoramiento formativo<\/li>\n<li>Informaci\u00f3n laboral (ofertas de trabajo, bolsas, convocatorias p\u00fablicas de empleo&#8230;)<\/li>\n<li>T\u00e9cnicas de b\u00fasqueda de empleo<\/li>\n<li>Itinerarios personalizados de inserci\u00f3n (IPI)<\/li>\n<\/ul>\n<p style=\"text-align: justify;\">Existe tambi\u00e9n a disposici\u00f3n de los vecinos y vecinas en la Casa del Ayuntamiento un punto de informaci\u00f3n del Servicio P\u00fablico de Empleo desde el que se puede renovar la demanda de empleo.<\/p>\n<p style=\"text-align: justify;\">Al mismo tempo se pretende potenciar los recursos propios del municipio y facilitar el desarrollo econ\u00f3mico.<\/p>\n<p>[\/vc_column_text][\/vc_column][\/vc_row]\n","protected":false},"excerpt":{"rendered":"<p>[vc_row][vc_column][vc_separator color=\u00bbchino\u00bb style=\u00bbshadow\u00bb border_width=\u00bb4&#8243;][\/vc_column][\/vc_row][vc_row][vc_column width=\u00bb1\/4&#8243; offset=\u00bbvc_hidden-sm vc_hidden-xs\u00bb][vc_row_inner][vc_column_inner][vc_single_image image=\u00bb3228&#8243; img_size=\u00bbmedium\u00bb alignment=\u00bbcenter\u00bb style=\u00bbvc_box_shadow_3d\u00bb onclick=\u00bbcustom_link\u00bb css_animation=\u00bbnone\u00bb css=\u00bb.vc_custom_1590766384555{margin-top: px !important;}\u00bb link=\u00bbhttps:\/\/mugardos.gal\/formacion-e-desenvolvemento\/contacto-co-departamento-de-formacion-e-desenvolvemento\/\u00bb][vc_single_image image=\u00bb3230&#8243; img_size=\u00bbmedium\u00bb alignment=\u00bbcenter\u00bb style=\u00bbvc_box_shadow_3d\u00bb onclick=\u00bbcustom_link\u00bb css=\u00bb.vc_custom_1590766391623{margin-top: -40px !important;}\u00bb link=\u00bbhttps:\/\/mugardos.gal\/formacion-e-desenvolvemento\/linas-de-axudas-e-subvencions\/\u00bb][vc_single_image image=\u00bb3226&#8243; img_size=\u00bbmedium\u00bb alignment=\u00bbcenter\u00bb style=\u00bbvc_box_shadow_3d\u00bb onclick=\u00bbcustom_link\u00bb css=\u00bb.vc_custom_1590313950330{margin-top: -40px !important;}\u00bb link=\u00bbhttp:\/\/emprego.ceei.xunta.gal\/solicitude-de-certificado-de-profesionalidade\u00bb][vc_single_image image=\u00bb3224&#8243; img_size=\u00bbmedium\u00bb alignment=\u00bbcenter\u00bb style=\u00bbvc_box_shadow_3d\u00bb onclick=\u00bbcustom_link\u00bb css=\u00bb.vc_custom_1590766398657{margin-top: -40px !important;}\u00bb link=\u00bbhttps:\/\/mugardos.gal\/buzon-de-suxestions\/\u00bb][vc_column_text][\/vc_column_text][\/vc_column_inner][\/vc_row_inner][\/vc_column][vc_column width=\u00bb3\/4&#8243;][vc_column_text] INFORMACI\u00d3N DEL SERVICIO DE ORIENTACI\u00d3N LABORAL Centro de Formaci\u00f3n Francisco [&hellip;]<\/p>\n","protected":false},"author":4,"featured_media":0,"parent":700,"menu_order":0,"comment_status":"closed","ping_status":"closed","template":"","meta":[],"yoast_head":"<!-- This site is optimized with the Yoast SEO plugin v18.9 - https:\/\/yoast.com\/wordpress\/plugins\/seo\/ -->\n<title>SERVICIO DE ORIENTACI\u00d3N LABORAL - Concello de Mugardos<\/title>\n<meta name=\"robots\" content=\"index, follow, max-snippet:-1, max-image-preview:large, max-video-preview:-1\" \/>\n<link rel=\"canonical\" href=\"https:\/\/mugardos.gal\/es\/formacion-y-desarrollo\/servicio-de-orientacion-laboral\/\" \/>\n<meta property=\"og:locale\" content=\"es_ES\" \/>\n<meta property=\"og:type\" content=\"article\" \/>\n<meta property=\"og:title\" content=\"SERVICIO DE ORIENTACI\u00d3N LABORAL - Concello de Mugardos\" \/>\n<meta property=\"og:description\" content=\"[vc_row][vc_column][vc_separator color=\u00bbchino\u00bb style=\u00bbshadow\u00bb border_width=\u00bb4&#8243;][\/vc_column][\/vc_row][vc_row][vc_column width=\u00bb1\/4&#8243; offset=\u00bbvc_hidden-sm vc_hidden-xs\u00bb][vc_row_inner][vc_column_inner][vc_single_image image=\u00bb3228&#8243; img_size=\u00bbmedium\u00bb alignment=\u00bbcenter\u00bb style=\u00bbvc_box_shadow_3d\u00bb onclick=\u00bbcustom_link\u00bb css_animation=\u00bbnone\u00bb css=\u00bb.vc_custom_1590766384555{margin-top: px !important;}\u00bb link=\u00bbhttps:\/\/mugardos.gal\/formacion-e-desenvolvemento\/contacto-co-departamento-de-formacion-e-desenvolvemento\/\u00bb][vc_single_image image=\u00bb3230&#8243; img_size=\u00bbmedium\u00bb alignment=\u00bbcenter\u00bb style=\u00bbvc_box_shadow_3d\u00bb onclick=\u00bbcustom_link\u00bb css=\u00bb.vc_custom_1590766391623{margin-top: -40px !important;}\u00bb link=\u00bbhttps:\/\/mugardos.gal\/formacion-e-desenvolvemento\/linas-de-axudas-e-subvencions\/\u00bb][vc_single_image image=\u00bb3226&#8243; img_size=\u00bbmedium\u00bb alignment=\u00bbcenter\u00bb style=\u00bbvc_box_shadow_3d\u00bb onclick=\u00bbcustom_link\u00bb css=\u00bb.vc_custom_1590313950330{margin-top: -40px !important;}\u00bb link=\u00bbhttp:\/\/emprego.ceei.xunta.gal\/solicitude-de-certificado-de-profesionalidade\u00bb][vc_single_image image=\u00bb3224&#8243; img_size=\u00bbmedium\u00bb alignment=\u00bbcenter\u00bb style=\u00bbvc_box_shadow_3d\u00bb onclick=\u00bbcustom_link\u00bb css=\u00bb.vc_custom_1590766398657{margin-top: -40px !important;}\u00bb link=\u00bbhttps:\/\/mugardos.gal\/buzon-de-suxestions\/\u00bb][vc_column_text][\/vc_column_text][\/vc_column_inner][\/vc_row_inner][\/vc_column][vc_column width=\u00bb3\/4&#8243;][vc_column_text] INFORMACI\u00d3N DEL SERVICIO DE ORIENTACI\u00d3N LABORAL Centro de Formaci\u00f3n Francisco [&hellip;]\" \/>\n<meta property=\"og:url\" content=\"https:\/\/mugardos.gal\/es\/formacion-y-desarrollo\/servicio-de-orientacion-laboral\/\" \/>\n<meta property=\"og:site_name\" content=\"Concello de Mugardos\" \/>\n<meta property=\"article:modified_time\" content=\"2020-07-17T12:04:47+00:00\" \/>\n<meta property=\"og:image\" content=\"https:\/\/mugardos.gal\/wp-content\/uploads\/2020\/03\/telefono.png\" \/>\n<meta name=\"twitter:card\" content=\"summary_large_image\" \/>\n<meta name=\"twitter:label1\" content=\"Tiempo de lectura\" \/>\n\t<meta name=\"twitter:data1\" content=\"2 minutos\" \/>\n<script type=\"application\/ld+json\" class=\"yoast-schema-graph\">{\"@context\":\"https:\/\/schema.org\",\"@graph\":[{\"@type\":\"WebSite\",\"@id\":\"https:\/\/mugardos.gal\/#website\",\"url\":\"https:\/\/mugardos.gal\/\",\"name\":\"Concello de Mugardos\",\"description\":\"\",\"potentialAction\":[{\"@type\":\"SearchAction\",\"target\":{\"@type\":\"EntryPoint\",\"urlTemplate\":\"https:\/\/mugardos.gal\/?s={search_term_string}\"},\"query-input\":\"required name=search_term_string\"}],\"inLanguage\":\"es\"},{\"@type\":\"ImageObject\",\"inLanguage\":\"es\",\"@id\":\"https:\/\/mugardos.gal\/es\/formacion-y-desarrollo\/servicio-de-orientacion-laboral\/#primaryimage\",\"url\":\"https:\/\/mugardos.gal\/wp-content\/uploads\/2020\/03\/telefono.png\",\"contentUrl\":\"https:\/\/mugardos.gal\/wp-content\/uploads\/2020\/03\/telefono.png\",\"width\":100,\"height\":100},{\"@type\":\"WebPage\",\"@id\":\"https:\/\/mugardos.gal\/es\/formacion-y-desarrollo\/servicio-de-orientacion-laboral\/#webpage\",\"url\":\"https:\/\/mugardos.gal\/es\/formacion-y-desarrollo\/servicio-de-orientacion-laboral\/\",\"name\":\"SERVICIO DE ORIENTACI\u00d3N LABORAL - Concello de Mugardos\",\"isPartOf\":{\"@id\":\"https:\/\/mugardos.gal\/#website\"},\"primaryImageOfPage\":{\"@id\":\"https:\/\/mugardos.gal\/es\/formacion-y-desarrollo\/servicio-de-orientacion-laboral\/#primaryimage\"},\"datePublished\":\"2020-05-26T16:24:15+00:00\",\"dateModified\":\"2020-07-17T12:04:47+00:00\",\"breadcrumb\":{\"@id\":\"https:\/\/mugardos.gal\/es\/formacion-y-desarrollo\/servicio-de-orientacion-laboral\/#breadcrumb\"},\"inLanguage\":\"es\",\"potentialAction\":[{\"@type\":\"ReadAction\",\"target\":[\"https:\/\/mugardos.gal\/es\/formacion-y-desarrollo\/servicio-de-orientacion-laboral\/\"]}]},{\"@type\":\"BreadcrumbList\",\"@id\":\"https:\/\/mugardos.gal\/es\/formacion-y-desarrollo\/servicio-de-orientacion-laboral\/#breadcrumb\",\"itemListElement\":[{\"@type\":\"ListItem\",\"position\":1,\"name\":\"Portada\",\"item\":\"https:\/\/mugardos.gal\/es\/\"},{\"@type\":\"ListItem\",\"position\":2,\"name\":\"FORMACI\u00d3N Y DESARROLLO\",\"item\":\"https:\/\/mugardos.gal\/es\/formacion-y-desarrollo\/\"},{\"@type\":\"ListItem\",\"position\":3,\"name\":\"SERVICIO DE ORIENTACI\u00d3N LABORAL\"}]}]}<\/script>\n<!-- \/ Yoast SEO plugin. -->","yoast_head_json":{"title":"SERVICIO DE ORIENTACI\u00d3N LABORAL - Concello de Mugardos","robots":{"index":"index","follow":"follow","max-snippet":"max-snippet:-1","max-image-preview":"max-image-preview:large","max-video-preview":"max-video-preview:-1"},"canonical":"https:\/\/mugardos.gal\/es\/formacion-y-desarrollo\/servicio-de-orientacion-laboral\/","og_locale":"es_ES","og_type":"article","og_title":"SERVICIO DE ORIENTACI\u00d3N LABORAL - Concello de Mugardos","og_description":"[vc_row][vc_column][vc_separator color=\u00bbchino\u00bb style=\u00bbshadow\u00bb border_width=\u00bb4&#8243;][\/vc_column][\/vc_row][vc_row][vc_column width=\u00bb1\/4&#8243; offset=\u00bbvc_hidden-sm vc_hidden-xs\u00bb][vc_row_inner][vc_column_inner][vc_single_image image=\u00bb3228&#8243; img_size=\u00bbmedium\u00bb alignment=\u00bbcenter\u00bb style=\u00bbvc_box_shadow_3d\u00bb onclick=\u00bbcustom_link\u00bb css_animation=\u00bbnone\u00bb css=\u00bb.vc_custom_1590766384555{margin-top: px !important;}\u00bb link=\u00bbhttps:\/\/mugardos.gal\/formacion-e-desenvolvemento\/contacto-co-departamento-de-formacion-e-desenvolvemento\/\u00bb][vc_single_image image=\u00bb3230&#8243; img_size=\u00bbmedium\u00bb alignment=\u00bbcenter\u00bb style=\u00bbvc_box_shadow_3d\u00bb onclick=\u00bbcustom_link\u00bb css=\u00bb.vc_custom_1590766391623{margin-top: -40px !important;}\u00bb link=\u00bbhttps:\/\/mugardos.gal\/formacion-e-desenvolvemento\/linas-de-axudas-e-subvencions\/\u00bb][vc_single_image image=\u00bb3226&#8243; img_size=\u00bbmedium\u00bb alignment=\u00bbcenter\u00bb style=\u00bbvc_box_shadow_3d\u00bb onclick=\u00bbcustom_link\u00bb css=\u00bb.vc_custom_1590313950330{margin-top: -40px !important;}\u00bb link=\u00bbhttp:\/\/emprego.ceei.xunta.gal\/solicitude-de-certificado-de-profesionalidade\u00bb][vc_single_image image=\u00bb3224&#8243; img_size=\u00bbmedium\u00bb alignment=\u00bbcenter\u00bb style=\u00bbvc_box_shadow_3d\u00bb onclick=\u00bbcustom_link\u00bb css=\u00bb.vc_custom_1590766398657{margin-top: -40px !important;}\u00bb link=\u00bbhttps:\/\/mugardos.gal\/buzon-de-suxestions\/\u00bb][vc_column_text][\/vc_column_text][\/vc_column_inner][\/vc_row_inner][\/vc_column][vc_column width=\u00bb3\/4&#8243;][vc_column_text] INFORMACI\u00d3N DEL SERVICIO DE ORIENTACI\u00d3N LABORAL Centro de Formaci\u00f3n Francisco [&hellip;]","og_url":"https:\/\/mugardos.gal\/es\/formacion-y-desarrollo\/servicio-de-orientacion-laboral\/","og_site_name":"Concello de Mugardos","article_modified_time":"2020-07-17T12:04:47+00:00","og_image":[{"url":"https:\/\/mugardos.gal\/wp-content\/uploads\/2020\/03\/telefono.png"}],"twitter_card":"summary_large_image","twitter_misc":{"Tiempo de lectura":"2 minutos"},"schema":{"@context":"https:\/\/schema.org","@graph":[{"@type":"WebSite","@id":"https:\/\/mugardos.gal\/#website","url":"https:\/\/mugardos.gal\/","name":"Concello de Mugardos","description":"","potentialAction":[{"@type":"SearchAction","target":{"@type":"EntryPoint","urlTemplate":"https:\/\/mugardos.gal\/?s={search_term_string}"},"query-input":"required name=search_term_string"}],"inLanguage":"es"},{"@type":"ImageObject","inLanguage":"es","@id":"https:\/\/mugardos.gal\/es\/formacion-y-desarrollo\/servicio-de-orientacion-laboral\/#primaryimage","url":"https:\/\/mugardos.gal\/wp-content\/uploads\/2020\/03\/telefono.png","contentUrl":"https:\/\/mugardos.gal\/wp-content\/uploads\/2020\/03\/telefono.png","width":100,"height":100},{"@type":"WebPage","@id":"https:\/\/mugardos.gal\/es\/formacion-y-desarrollo\/servicio-de-orientacion-laboral\/#webpage","url":"https:\/\/mugardos.gal\/es\/formacion-y-desarrollo\/servicio-de-orientacion-laboral\/","name":"SERVICIO DE ORIENTACI\u00d3N LABORAL - Concello de Mugardos","isPartOf":{"@id":"https:\/\/mugardos.gal\/#website"},"primaryImageOfPage":{"@id":"https:\/\/mugardos.gal\/es\/formacion-y-desarrollo\/servicio-de-orientacion-laboral\/#primaryimage"},"datePublished":"2020-05-26T16:24:15+00:00","dateModified":"2020-07-17T12:04:47+00:00","breadcrumb":{"@id":"https:\/\/mugardos.gal\/es\/formacion-y-desarrollo\/servicio-de-orientacion-laboral\/#breadcrumb"},"inLanguage":"es","potentialAction":[{"@type":"ReadAction","target":["https:\/\/mugardos.gal\/es\/formacion-y-desarrollo\/servicio-de-orientacion-laboral\/"]}]},{"@type":"BreadcrumbList","@id":"https:\/\/mugardos.gal\/es\/formacion-y-desarrollo\/servicio-de-orientacion-laboral\/#breadcrumb","itemListElement":[{"@type":"ListItem","position":1,"name":"Portada","item":"https:\/\/mugardos.gal\/es\/"},{"@type":"ListItem","position":2,"name":"FORMACI\u00d3N Y DESARROLLO","item":"https:\/\/mugardos.gal\/es\/formacion-y-desarrollo\/"},{"@type":"ListItem","position":3,"name":"SERVICIO DE ORIENTACI\u00d3N LABORAL"}]}]}},"_links":{"self":[{"href":"https:\/\/mugardos.gal\/es\/wp-json\/wp\/v2\/pages\/4651"}],"collection":[{"href":"https:\/\/mugardos.gal\/es\/wp-json\/wp\/v2\/pages"}],"about":[{"href":"https:\/\/mugardos.gal\/es\/wp-json\/wp\/v2\/types\/page"}],"author":[{"embeddable":true,"href":"https:\/\/mugardos.gal\/es\/wp-json\/wp\/v2\/users\/4"}],"replies":[{"embeddable":true,"href":"https:\/\/mugardos.gal\/es\/wp-json\/wp\/v2\/comments?post=4651"}],"version-history":[{"count":0,"href":"https:\/\/mugardos.gal\/es\/wp-json\/wp\/v2\/pages\/4651\/revisions"}],"up":[{"embeddable":true,"href":"https:\/\/mugardos.gal\/es\/wp-json\/wp\/v2\/pages\/700"}],"wp:attachment":[{"href":"https:\/\/mugardos.gal\/es\/wp-json\/wp\/v2\/media?parent=4651"}],"curies":[{"name":"wp","href":"https:\/\/api.w.org\/{rel}","templated":true}]}}