{"id":3823,"date":"2020-05-25T18:29:25","date_gmt":"2020-05-25T16:29:25","guid":{"rendered":"https:\/\/mugardos.gal\/personal-hacienda-y-participacion\/punto-de-informacion-catastral\/"},"modified":"2020-06-01T18:09:58","modified_gmt":"2020-06-01T16:09:58","slug":"punto-de-informacion-catastral","status":"publish","type":"page","link":"https:\/\/mugardos.gal\/es\/personal-hacienda-y-participacion\/punto-de-informacion-catastral\/","title":{"rendered":"PUNTO DE INFORMACI\u00d3N CATASTRAL"},"content":{"rendered":"<p>[vc_row][vc_column][vc_separator color=\u00bbmulled_wine\u00bb style=\u00bbshadow\u00bb border_width=\u00bb4&#8243;][\/vc_column][\/vc_row][vc_row][vc_column width=\u00bb1\/4&#8243; offset=\u00bbvc_hidden-sm vc_hidden-xs\u00bb][vc_row_inner][vc_column_inner][vc_single_image image=\u00bb3040&#8243; img_size=\u00bbmedium\u00bb alignment=\u00bbcenter\u00bb style=\u00bbvc_box_shadow_3d\u00bb onclick=\u00bbcustom_link\u00bb css_animation=\u00bbnone\u00bb css=\u00bb.vc_custom_1591027779405{margin-top: px !important;}\u00bb link=\u00bbhttps:\/\/mugardos.gal\/es\/persoal-facenda-e-participacion\/contacto-co-departamento-de-persoal-facenda-e-participacion\/\u00bb][vc_single_image image=\u00bb3038&#8243; img_size=\u00bbmedium\u00bb alignment=\u00bbcenter\u00bb style=\u00bbvc_box_shadow_3d\u00bb onclick=\u00bbcustom_link\u00bb css=\u00bb.vc_custom_1591027358238{margin-top: -40px !important;}\u00bb link=\u00bbhttps:\/\/sede.concellodemugardos.gal\/opencms\/gl\/calendario_oficial\/\u00bb][vc_single_image image=\u00bb3042&#8243; img_size=\u00bbmedium\u00bb alignment=\u00bbcenter\u00bb style=\u00bbvc_box_shadow_3d\u00bb onclick=\u00bbcustom_link\u00bb css=\u00bb.vc_custom_1590231972847{margin-top: -40px !important;}\u00bb link=\u00bbhttps:\/\/www.dacoruna.gal\/concellos\/ordenanzas\/?utm_source=MenuGlobal&amp;utm_campaign=MenuCabecera&amp;utm_medium=Web\u00bb][vc_single_image image=\u00bb3034&#8243; img_size=\u00bbmedium\u00bb alignment=\u00bbcenter\u00bb style=\u00bbvc_box_shadow_3d\u00bb onclick=\u00bbcustom_link\u00bb css=\u00bb.vc_custom_1591027784975{margin-top: -40px !important;}\u00bb link=\u00bbhttps:\/\/mugardos.gal\/es\/persoal-facenda-e-participacion\/bonificacions-e-exencions-taxas-de-auga-lixo-sumidoiros-e-edar\/\u00bb][vc_single_image image=\u00bb3044&#8243; img_size=\u00bbmedium\u00bb alignment=\u00bbcenter\u00bb style=\u00bbvc_box_shadow_3d\u00bb onclick=\u00bbcustom_link\u00bb css=\u00bb.vc_custom_1591027791036{margin-top: -40px !important;}\u00bb link=\u00bbhhttps:\/\/mugardos.gal\/es\/persoal-facenda-e-participacion\/rexistro-de-asociacions-municipais\/\u00bb][vc_single_image image=\u00bb3036&#8243; img_size=\u00bbmedium\u00bb alignment=\u00bbcenter\u00bb style=\u00bbvc_box_shadow_3d\u00bb onclick=\u00bbcustom_link\u00bb css=\u00bb.vc_custom_1591027796381{margin-top: -40px !important;}\u00bb link=\u00bbhttps:\/\/mugardos.gal\/es\/buzon-de-suxestions\/\u00bb][vc_column_text]\n<!-- PRESSVILLE EVENTS : begin -->\n<section class=\"lsvr-pressville-post-grid lsvr-pressville-post-grid--events lsvr-pressville-post-grid--layout-title-top lsvr-pressville-post-grid--dark-bg\"\n    >\n    <div class=\"lsvr-pressville-post-grid__inner\">\n        <div class=\"lsvr-container\">\n            <div class=\"lsvr-pressville-post-grid__content\">\n\n                \n                    <p class=\"c-alert-message\">No hay eventos<\/p>\n\n                \n            <\/div>\n        <\/div>\n    <\/div>\n<\/section>\n<!-- PRESSVILLE EVENTS : end -->\n\n[\/vc_column_text][\/vc_column_inner][\/vc_row_inner][\/vc_column][vc_column width=\u00bb3\/4&#8243;][vc_column_text]\n<p style=\"text-align: justify;\"><strong>INFORMACI\u00d3N DEL PUNTO DE INFORMACI\u00d3N CATASTRAL<\/strong><\/p>\n<p style=\"padding-left: 40px;\"><img loading=\"lazy\" class=\"alignnone wp-image-596\" src=\"https:\/\/mugardos.gal\/wp-content\/uploads\/2020\/03\/direcci\u00f3n.png\" alt=\"\" width=\"30\" height=\"30\" \/> Avenida de Galicia n\u00ba 45, 1\u00ba piso<\/p>\n<p style=\"padding-left: 40px;\"><img loading=\"lazy\" class=\"alignnone wp-image-598\" src=\"https:\/\/mugardos.gal\/wp-content\/uploads\/2020\/03\/telefono.png\" alt=\"\" width=\"30\" height=\"30\" \/> 981 470 290 (extensi\u00f3n: #2026)<\/p>\n<p style=\"padding-left: 40px;\"><img loading=\"lazy\" class=\"alignnone wp-image-609\" src=\"https:\/\/mugardos.gal\/wp-content\/uploads\/2020\/03\/hora.png\" alt=\"\" width=\"30\" height=\"30\" \/> Horario de atenci\u00f3n al p\u00fablico: martes y jueves de 09.00 a 13.00 horas.<\/p>\n<p style=\"padding-left: 40px;\"><img loading=\"lazy\" class=\"alignnone wp-image-592\" src=\"https:\/\/mugardos.gal\/wp-content\/uploads\/2020\/03\/contacto.png\" alt=\"\" width=\"30\" height=\"30\" \/> Persoa de contacto: Cristina Otero<\/p>\n<p style=\"text-align: justify; padding-left: 40px;\"><img loading=\"lazy\" class=\"alignnone wp-image-594\" src=\"https:\/\/mugardos.gal\/wp-content\/uploads\/2020\/03\/correo.png\" alt=\"\" width=\"30\" height=\"23\" \/> cristina.otero@mugardos.gal<\/p>\n<p style=\"text-align: justify;\">El Punto de Informaci\u00f3n Catastral es una oficina de prestaci\u00f3n de servicios catastrales autorizado por la Direcci\u00f3n General del Catastro y situado en el ayuntamiento, y donde los ciudadanos pueden acceder a los siguientes servicios:<\/p>\n<ul>\n<li style=\"text-align: justify;\">Consulta libre y certificaci\u00f3n electr\u00f3nica de datos catastrales no protegidos y de cartograf\u00eda digital.<\/li>\n<li style=\"text-align: justify;\">Consulta y certificaci\u00f3n electr\u00f3nica para las personas titulares catastrales, de los datos protegidos, relativos a los bienes inmuebles de su titularidad.<\/li>\n<li style=\"text-align: justify;\">Certificaci\u00f3n negativa de bienes inmuebles o de la circunstancia de no figurar como persona titular catastral, relativa a la propia persona solicitante.<\/li>\n<li style=\"text-align: justify;\">Consulta por el titular catastral sobre informaci\u00f3n de solicitudes de ayuda de la PAC.<\/li>\n<\/ul>\n<p style=\"text-align: justify;\">Trat\u00e1ndose de datos catastrales protegidos, en el Punto de Informaci\u00f3n Catastral solo puede acceder a estos servicios la persona que figure inscrita en el Catastro como titular catastral, su representante o persona autorizada por el titular.<\/p>\n<p style=\"text-align: justify;\">Para actuar como representante o autorizado de un titular catastral, se deber\u00e1 aportar la siguiente documentaci\u00f3n acreditativa:<\/p>\n<ul>\n<li style=\"text-align: justify;\">Original del documento acreditativo de la representaci\u00f3n o de la autorizaci\u00f3n, o copia de los mismos (previa exhibici\u00f3n de los originales).<\/li>\n<li style=\"text-align: justify;\">Copia del DNI del autorizante acompa\u00f1ado del escrito de autorizaci\u00f3n.<\/li>\n<\/ul>\n<p>[\/vc_column_text][vc_tta_accordion active_section=\u00bb0&#8243; collapsible_all=\u00bbtrue\u00bb][vc_tta_section title=\u00bbINSTANCIAS\u00bb tab_id=\u00bb1590308838789-32d64c6a-8ba1&#8243;][vc_column_text]\n<p style=\"text-align: justify;\"><img loading=\"lazy\" class=\"alignnone wp-image-581\" src=\"https:\/\/mugardos.gal\/wp-content\/uploads\/2020\/03\/pdf.png\" alt=\"\" width=\"40\" height=\"40\" \/><a href=\"https:\/\/mugardos.gal\/wp-content\/uploads\/2020\/03\/Solicitude-de-acceso-a-info-catastral-protexida-polo-titular.pdf\">DESCARGAR PDF Formulario de solicitud de datos catastrales por el titular catastral<\/a><\/p>\n<p style=\"text-align: justify;\"><img loading=\"lazy\" class=\"alignnone wp-image-581\" src=\"https:\/\/mugardos.gal\/wp-content\/uploads\/2020\/03\/pdf.png\" alt=\"\" width=\"40\" height=\"40\" \/><a href=\"https:\/\/mugardos.gal\/wp-content\/uploads\/2020\/03\/Solicitude-de-acceso-a-info-catastral-protexida-por-representante-ou-autorizado.pdf\">DESCARGAR PDF Formulario de solicitud de datos catastrales por un representante del titular<\/a><\/p>\n<p style=\"text-align: justify;\"><img loading=\"lazy\" class=\"alignnone wp-image-581\" src=\"https:\/\/mugardos.gal\/wp-content\/uploads\/2020\/03\/pdf.png\" alt=\"\" width=\"40\" height=\"40\" \/><a href=\"https:\/\/mugardos.gal\/wp-content\/uploads\/2020\/03\/CCF03022020_0007-MODELO-AUTORIZACION.pdf\">DESCARGAR PDF Instancia de autorizaci\u00f3n del titular catastral<\/a><\/p>\n<p>[\/vc_column_text][\/vc_tta_section][vc_tta_section title=\u00bbTRAMITACI\u00d3N Y REGISTRO\u00bb tab_id=\u00bb1590308855844-0004fb4f-b38b\u00bb][vc_column_text]\n<p style=\"text-align: justify;\">Una vez cumplimentado el formulario (y la instancia de autorizaci\u00f3n si fuera necesario), y adjuntando como documentaci\u00f3n requerida el DNI del solicitante (y del autorizado de existir), se deber\u00e1 entregar la solicitud en el Punto de Informaci\u00f3n Catastral o registrarla v\u00eda sede electr\u00f3nica:<\/p>\n<ul>\n<li><strong>Punto de Informaci\u00f3n Catastral<\/strong>: <strong>en las oficinas municipales<\/strong><\/li>\n<li><strong>Sede electr\u00f3nica municipal: requiere identificaci\u00f3n digital<\/strong> (DNIe\/Certificado digital \u2013 Cl@ve PIN &#8211; Cl@ve permanente)<\/li>\n<\/ul>\n<p style=\"padding-left: 40px;\"><img loading=\"lazy\" class=\"alignnone wp-image-602\" src=\"https:\/\/mugardos.gal\/wp-content\/uploads\/2020\/03\/web.png\" alt=\"\" width=\"30\" height=\"30\" \/> <a href=\"https:\/\/sede.concellodemugardos.gal\/opencms\/gl\/\">IR AL ENLACE Acceder a la Sede electr\u00f3nica del Ayuntamiento de Mugardos<\/a><\/p>\n<p style=\"text-align: justify; padding-left: 40px;\"><em>Se recuerda que no hace falta tener una autenticaci\u00f3n permanente en el ordenador o en el terminal telef\u00f3nico para la realizaci\u00f3n de tramitaciones online. Las personas interesadas podr\u00e1n solicitar de forma sencilla y segura una Cl@ve PIN temporal (de 24 horas) para la realizaci\u00f3n de cualquier tramitaci\u00f3n a trav\u00e9s de la sede electr\u00f3nica. En el siguiente enlace puede accederse a la p\u00e1gina web oficial para la solicitud de la Cl@ve PIN temporal (si es la primera vez que se solicita deber\u00e1 realizarse el registro como usuario previamente):<\/em><\/p>\n<p style=\"padding-left: 40px; text-align: justify;\"><img loading=\"lazy\" class=\"alignnone wp-image-602\" src=\"https:\/\/mugardos.gal\/wp-content\/uploads\/2020\/03\/web.png\" alt=\"\" width=\"30\" height=\"30\" \/><a href=\"https:\/\/clave.gob.es\/clave_Home\/PIN24H.html\">IR AL ENLACE Obtenci\u00f3n de Cl@ve PIN temporal de 24 horas<\/a><\/p>\n<p style=\"padding-left: 40px; text-align: justify;\"><img loading=\"lazy\" class=\"alignnone wp-image-602\" src=\"https:\/\/mugardos.gal\/wp-content\/uploads\/2020\/03\/web.png\" alt=\"\" width=\"30\" height=\"30\" \/> <a href=\"https:\/\/clave.gob.es\/clave_Home\/registro.html\">IR AL ENLACE Registro en Cl@ve<\/a><\/p>\n<p style=\"text-align: justify;\">Se cobrar\u00e1 una tasa de 6,18 euros por la expedici\u00f3n de certificaciones catastrales a trav\u00e9s del Punto de Informaci\u00f3n Catastral ( PIC) por certificaciones descriptivas y gr\u00e1ficas por unidad urbana o parcela r\u00fastica.<\/p>\n<p>[\/vc_column_text][\/vc_tta_section][vc_tta_section title=\u00bbNORMATIVA MUNICIPAL REGULADORA\u00bb tab_id=\u00bb1590308855466-efc275a2-e42e\u00bb][vc_column_text]\n<p style=\"text-align: justify;\">Existe una ordenanza municipal vigente que regula el pago por la emisi\u00f3n de certificaciones catastrales, la ordenanza fiscal n.\u00ba 9, reguladora de la tasa por la expedici\u00f3n de documentos administrativos:<\/p>\n<p style=\"text-align: justify; padding-left: 40px;\"><img loading=\"lazy\" class=\"alignnone wp-image-581\" src=\"https:\/\/mugardos.gal\/wp-content\/uploads\/2020\/03\/pdf.png\" alt=\"\" width=\"40\" height=\"40\" \/><a href=\"https:\/\/mugardos.gal\/wp-content\/uploads\/2020\/03\/Ordenanza-expedici\u00f3n-documentos.pdf\">DESCARGAR PDF Ordenanza municipal tasa por la expedici\u00f3n de documentos<\/a><\/p>\n<p style=\"text-align: justify;\">Para saber c\u00f3mo puede realizarse el pago de las tasas municipales, puede verse toda la informaci\u00f3n en el siguiente enlace:<\/p>\n<p style=\"text-align: justify; padding-left: 40px;\"><img loading=\"lazy\" class=\"alignnone wp-image-602\" src=\"https:\/\/mugardos.gal\/wp-content\/uploads\/2020\/03\/web.png\" alt=\"\" width=\"30\" height=\"30\" \/> <a href=\"https:\/\/mugardos.gal\/persoal-facenda-e-participacion\/pago-de-recibos-municipais\/\">IR AL ENALCE Pago de recibos municipales<\/a><\/p>\n<p>[\/vc_column_text][\/vc_tta_section][\/vc_tta_accordion][\/vc_column][\/vc_row][vc_row][vc_column][vc_column_text]\n<p>[\/vc_column_text][\/vc_column][\/vc_row][vc_row][vc_column][vc_column_text]\n<p>[\/vc_column_text][\/vc_column][\/vc_row]\n","protected":false},"excerpt":{"rendered":"<p>[vc_row][vc_column][vc_separator color=\u00bbmulled_wine\u00bb style=\u00bbshadow\u00bb border_width=\u00bb4&#8243;][\/vc_column][\/vc_row][vc_row][vc_column width=\u00bb1\/4&#8243; offset=\u00bbvc_hidden-sm vc_hidden-xs\u00bb][vc_row_inner][vc_column_inner][vc_single_image image=\u00bb3040&#8243; img_size=\u00bbmedium\u00bb alignment=\u00bbcenter\u00bb style=\u00bbvc_box_shadow_3d\u00bb onclick=\u00bbcustom_link\u00bb css_animation=\u00bbnone\u00bb css=\u00bb.vc_custom_1591027779405{margin-top: px !important;}\u00bb link=\u00bbhttps:\/\/mugardos.gal\/es\/persoal-facenda-e-participacion\/contacto-co-departamento-de-persoal-facenda-e-participacion\/\u00bb][vc_single_image image=\u00bb3038&#8243; img_size=\u00bbmedium\u00bb alignment=\u00bbcenter\u00bb style=\u00bbvc_box_shadow_3d\u00bb onclick=\u00bbcustom_link\u00bb css=\u00bb.vc_custom_1591027358238{margin-top: -40px !important;}\u00bb link=\u00bbhttps:\/\/sede.concellodemugardos.gal\/opencms\/gl\/calendario_oficial\/\u00bb][vc_single_image image=\u00bb3042&#8243; img_size=\u00bbmedium\u00bb alignment=\u00bbcenter\u00bb style=\u00bbvc_box_shadow_3d\u00bb onclick=\u00bbcustom_link\u00bb css=\u00bb.vc_custom_1590231972847{margin-top: -40px !important;}\u00bb link=\u00bbhttps:\/\/www.dacoruna.gal\/concellos\/ordenanzas\/?utm_source=MenuGlobal&amp;utm_campaign=MenuCabecera&amp;utm_medium=Web\u00bb][vc_single_image image=\u00bb3034&#8243; img_size=\u00bbmedium\u00bb alignment=\u00bbcenter\u00bb style=\u00bbvc_box_shadow_3d\u00bb onclick=\u00bbcustom_link\u00bb css=\u00bb.vc_custom_1591027784975{margin-top: -40px !important;}\u00bb link=\u00bbhttps:\/\/mugardos.gal\/es\/persoal-facenda-e-participacion\/bonificacions-e-exencions-taxas-de-auga-lixo-sumidoiros-e-edar\/\u00bb][vc_single_image image=\u00bb3044&#8243; img_size=\u00bbmedium\u00bb alignment=\u00bbcenter\u00bb style=\u00bbvc_box_shadow_3d\u00bb onclick=\u00bbcustom_link\u00bb css=\u00bb.vc_custom_1591027791036{margin-top: -40px !important;}\u00bb link=\u00bbhhttps:\/\/mugardos.gal\/es\/persoal-facenda-e-participacion\/rexistro-de-asociacions-municipais\/\u00bb][vc_single_image image=\u00bb3036&#8243; img_size=\u00bbmedium\u00bb [&hellip;]<\/p>\n","protected":false},"author":4,"featured_media":0,"parent":723,"menu_order":0,"comment_status":"closed","ping_status":"closed","template":"","meta":[],"yoast_head":"<!-- This site is optimized with the Yoast SEO plugin v18.9 - https:\/\/yoast.com\/wordpress\/plugins\/seo\/ -->\n<title>PUNTO DE INFORMACI\u00d3N CATASTRAL - Concello de Mugardos<\/title>\n<meta name=\"robots\" content=\"index, follow, max-snippet:-1, max-image-preview:large, max-video-preview:-1\" \/>\n<link rel=\"canonical\" href=\"https:\/\/mugardos.gal\/es\/personal-hacienda-y-participacion\/punto-de-informacion-catastral\/\" \/>\n<meta property=\"og:locale\" content=\"es_ES\" \/>\n<meta property=\"og:type\" content=\"article\" \/>\n<meta property=\"og:title\" content=\"PUNTO DE INFORMACI\u00d3N CATASTRAL - Concello de Mugardos\" \/>\n<meta property=\"og:description\" content=\"[vc_row][vc_column][vc_separator color=\u00bbmulled_wine\u00bb style=\u00bbshadow\u00bb border_width=\u00bb4&#8243;][\/vc_column][\/vc_row][vc_row][vc_column width=\u00bb1\/4&#8243; offset=\u00bbvc_hidden-sm vc_hidden-xs\u00bb][vc_row_inner][vc_column_inner][vc_single_image image=\u00bb3040&#8243; img_size=\u00bbmedium\u00bb alignment=\u00bbcenter\u00bb style=\u00bbvc_box_shadow_3d\u00bb onclick=\u00bbcustom_link\u00bb css_animation=\u00bbnone\u00bb css=\u00bb.vc_custom_1591027779405{margin-top: px !important;}\u00bb link=\u00bbhttps:\/\/mugardos.gal\/es\/persoal-facenda-e-participacion\/contacto-co-departamento-de-persoal-facenda-e-participacion\/\u00bb][vc_single_image image=\u00bb3038&#8243; img_size=\u00bbmedium\u00bb alignment=\u00bbcenter\u00bb style=\u00bbvc_box_shadow_3d\u00bb onclick=\u00bbcustom_link\u00bb css=\u00bb.vc_custom_1591027358238{margin-top: -40px !important;}\u00bb link=\u00bbhttps:\/\/sede.concellodemugardos.gal\/opencms\/gl\/calendario_oficial\/\u00bb][vc_single_image image=\u00bb3042&#8243; img_size=\u00bbmedium\u00bb alignment=\u00bbcenter\u00bb style=\u00bbvc_box_shadow_3d\u00bb onclick=\u00bbcustom_link\u00bb css=\u00bb.vc_custom_1590231972847{margin-top: -40px !important;}\u00bb link=\u00bbhttps:\/\/www.dacoruna.gal\/concellos\/ordenanzas\/?utm_source=MenuGlobal&amp;utm_campaign=MenuCabecera&amp;utm_medium=Web\u00bb][vc_single_image image=\u00bb3034&#8243; img_size=\u00bbmedium\u00bb alignment=\u00bbcenter\u00bb style=\u00bbvc_box_shadow_3d\u00bb onclick=\u00bbcustom_link\u00bb css=\u00bb.vc_custom_1591027784975{margin-top: -40px !important;}\u00bb link=\u00bbhttps:\/\/mugardos.gal\/es\/persoal-facenda-e-participacion\/bonificacions-e-exencions-taxas-de-auga-lixo-sumidoiros-e-edar\/\u00bb][vc_single_image image=\u00bb3044&#8243; img_size=\u00bbmedium\u00bb alignment=\u00bbcenter\u00bb style=\u00bbvc_box_shadow_3d\u00bb onclick=\u00bbcustom_link\u00bb css=\u00bb.vc_custom_1591027791036{margin-top: -40px !important;}\u00bb link=\u00bbhhttps:\/\/mugardos.gal\/es\/persoal-facenda-e-participacion\/rexistro-de-asociacions-municipais\/\u00bb][vc_single_image image=\u00bb3036&#8243; img_size=\u00bbmedium\u00bb [&hellip;]\" \/>\n<meta property=\"og:url\" content=\"https:\/\/mugardos.gal\/es\/personal-hacienda-y-participacion\/punto-de-informacion-catastral\/\" \/>\n<meta property=\"og:site_name\" content=\"Concello de Mugardos\" \/>\n<meta property=\"article:modified_time\" content=\"2020-06-01T16:09:58+00:00\" \/>\n<meta property=\"og:image\" content=\"https:\/\/mugardos.gal\/wp-content\/uploads\/2020\/03\/telefono.png\" \/>\n<meta name=\"twitter:card\" content=\"summary_large_image\" \/>\n<meta name=\"twitter:label1\" content=\"Tiempo de lectura\" \/>\n\t<meta name=\"twitter:data1\" content=\"5 minutos\" \/>\n<script type=\"application\/ld+json\" class=\"yoast-schema-graph\">{\"@context\":\"https:\/\/schema.org\",\"@graph\":[{\"@type\":\"WebSite\",\"@id\":\"https:\/\/mugardos.gal\/#website\",\"url\":\"https:\/\/mugardos.gal\/\",\"name\":\"Concello de Mugardos\",\"description\":\"\",\"potentialAction\":[{\"@type\":\"SearchAction\",\"target\":{\"@type\":\"EntryPoint\",\"urlTemplate\":\"https:\/\/mugardos.gal\/?s={search_term_string}\"},\"query-input\":\"required name=search_term_string\"}],\"inLanguage\":\"es\"},{\"@type\":\"ImageObject\",\"inLanguage\":\"es\",\"@id\":\"https:\/\/mugardos.gal\/es\/personal-hacienda-y-participacion\/punto-de-informacion-catastral\/#primaryimage\",\"url\":\"https:\/\/mugardos.gal\/wp-content\/uploads\/2020\/03\/telefono.png\",\"contentUrl\":\"https:\/\/mugardos.gal\/wp-content\/uploads\/2020\/03\/telefono.png\",\"width\":100,\"height\":100},{\"@type\":\"WebPage\",\"@id\":\"https:\/\/mugardos.gal\/es\/personal-hacienda-y-participacion\/punto-de-informacion-catastral\/#webpage\",\"url\":\"https:\/\/mugardos.gal\/es\/personal-hacienda-y-participacion\/punto-de-informacion-catastral\/\",\"name\":\"PUNTO DE INFORMACI\u00d3N CATASTRAL - Concello de Mugardos\",\"isPartOf\":{\"@id\":\"https:\/\/mugardos.gal\/#website\"},\"primaryImageOfPage\":{\"@id\":\"https:\/\/mugardos.gal\/es\/personal-hacienda-y-participacion\/punto-de-informacion-catastral\/#primaryimage\"},\"datePublished\":\"2020-05-25T16:29:25+00:00\",\"dateModified\":\"2020-06-01T16:09:58+00:00\",\"breadcrumb\":{\"@id\":\"https:\/\/mugardos.gal\/es\/personal-hacienda-y-participacion\/punto-de-informacion-catastral\/#breadcrumb\"},\"inLanguage\":\"es\",\"potentialAction\":[{\"@type\":\"ReadAction\",\"target\":[\"https:\/\/mugardos.gal\/es\/personal-hacienda-y-participacion\/punto-de-informacion-catastral\/\"]}]},{\"@type\":\"BreadcrumbList\",\"@id\":\"https:\/\/mugardos.gal\/es\/personal-hacienda-y-participacion\/punto-de-informacion-catastral\/#breadcrumb\",\"itemListElement\":[{\"@type\":\"ListItem\",\"position\":1,\"name\":\"Portada\",\"item\":\"https:\/\/mugardos.gal\/es\/\"},{\"@type\":\"ListItem\",\"position\":2,\"name\":\"PERSONAL, HACIENDA Y PARTICIPACI\u00d3N\",\"item\":\"https:\/\/mugardos.gal\/es\/personal-hacienda-y-participacion\/\"},{\"@type\":\"ListItem\",\"position\":3,\"name\":\"PUNTO DE INFORMACI\u00d3N CATASTRAL\"}]}]}<\/script>\n<!-- \/ Yoast SEO plugin. -->","yoast_head_json":{"title":"PUNTO DE INFORMACI\u00d3N CATASTRAL - Concello de Mugardos","robots":{"index":"index","follow":"follow","max-snippet":"max-snippet:-1","max-image-preview":"max-image-preview:large","max-video-preview":"max-video-preview:-1"},"canonical":"https:\/\/mugardos.gal\/es\/personal-hacienda-y-participacion\/punto-de-informacion-catastral\/","og_locale":"es_ES","og_type":"article","og_title":"PUNTO DE INFORMACI\u00d3N CATASTRAL - Concello de Mugardos","og_description":"[vc_row][vc_column][vc_separator color=\u00bbmulled_wine\u00bb style=\u00bbshadow\u00bb border_width=\u00bb4&#8243;][\/vc_column][\/vc_row][vc_row][vc_column width=\u00bb1\/4&#8243; offset=\u00bbvc_hidden-sm vc_hidden-xs\u00bb][vc_row_inner][vc_column_inner][vc_single_image image=\u00bb3040&#8243; img_size=\u00bbmedium\u00bb alignment=\u00bbcenter\u00bb style=\u00bbvc_box_shadow_3d\u00bb onclick=\u00bbcustom_link\u00bb css_animation=\u00bbnone\u00bb css=\u00bb.vc_custom_1591027779405{margin-top: px !important;}\u00bb link=\u00bbhttps:\/\/mugardos.gal\/es\/persoal-facenda-e-participacion\/contacto-co-departamento-de-persoal-facenda-e-participacion\/\u00bb][vc_single_image image=\u00bb3038&#8243; img_size=\u00bbmedium\u00bb alignment=\u00bbcenter\u00bb style=\u00bbvc_box_shadow_3d\u00bb onclick=\u00bbcustom_link\u00bb css=\u00bb.vc_custom_1591027358238{margin-top: -40px !important;}\u00bb link=\u00bbhttps:\/\/sede.concellodemugardos.gal\/opencms\/gl\/calendario_oficial\/\u00bb][vc_single_image image=\u00bb3042&#8243; img_size=\u00bbmedium\u00bb alignment=\u00bbcenter\u00bb style=\u00bbvc_box_shadow_3d\u00bb onclick=\u00bbcustom_link\u00bb css=\u00bb.vc_custom_1590231972847{margin-top: -40px !important;}\u00bb link=\u00bbhttps:\/\/www.dacoruna.gal\/concellos\/ordenanzas\/?utm_source=MenuGlobal&amp;utm_campaign=MenuCabecera&amp;utm_medium=Web\u00bb][vc_single_image image=\u00bb3034&#8243; img_size=\u00bbmedium\u00bb alignment=\u00bbcenter\u00bb style=\u00bbvc_box_shadow_3d\u00bb onclick=\u00bbcustom_link\u00bb css=\u00bb.vc_custom_1591027784975{margin-top: -40px !important;}\u00bb link=\u00bbhttps:\/\/mugardos.gal\/es\/persoal-facenda-e-participacion\/bonificacions-e-exencions-taxas-de-auga-lixo-sumidoiros-e-edar\/\u00bb][vc_single_image image=\u00bb3044&#8243; img_size=\u00bbmedium\u00bb alignment=\u00bbcenter\u00bb style=\u00bbvc_box_shadow_3d\u00bb onclick=\u00bbcustom_link\u00bb css=\u00bb.vc_custom_1591027791036{margin-top: -40px !important;}\u00bb link=\u00bbhhttps:\/\/mugardos.gal\/es\/persoal-facenda-e-participacion\/rexistro-de-asociacions-municipais\/\u00bb][vc_single_image image=\u00bb3036&#8243; img_size=\u00bbmedium\u00bb [&hellip;]","og_url":"https:\/\/mugardos.gal\/es\/personal-hacienda-y-participacion\/punto-de-informacion-catastral\/","og_site_name":"Concello de Mugardos","article_modified_time":"2020-06-01T16:09:58+00:00","og_image":[{"url":"https:\/\/mugardos.gal\/wp-content\/uploads\/2020\/03\/telefono.png"}],"twitter_card":"summary_large_image","twitter_misc":{"Tiempo de lectura":"5 minutos"},"schema":{"@context":"https:\/\/schema.org","@graph":[{"@type":"WebSite","@id":"https:\/\/mugardos.gal\/#website","url":"https:\/\/mugardos.gal\/","name":"Concello de Mugardos","description":"","potentialAction":[{"@type":"SearchAction","target":{"@type":"EntryPoint","urlTemplate":"https:\/\/mugardos.gal\/?s={search_term_string}"},"query-input":"required name=search_term_string"}],"inLanguage":"es"},{"@type":"ImageObject","inLanguage":"es","@id":"https:\/\/mugardos.gal\/es\/personal-hacienda-y-participacion\/punto-de-informacion-catastral\/#primaryimage","url":"https:\/\/mugardos.gal\/wp-content\/uploads\/2020\/03\/telefono.png","contentUrl":"https:\/\/mugardos.gal\/wp-content\/uploads\/2020\/03\/telefono.png","width":100,"height":100},{"@type":"WebPage","@id":"https:\/\/mugardos.gal\/es\/personal-hacienda-y-participacion\/punto-de-informacion-catastral\/#webpage","url":"https:\/\/mugardos.gal\/es\/personal-hacienda-y-participacion\/punto-de-informacion-catastral\/","name":"PUNTO DE INFORMACI\u00d3N CATASTRAL - Concello de Mugardos","isPartOf":{"@id":"https:\/\/mugardos.gal\/#website"},"primaryImageOfPage":{"@id":"https:\/\/mugardos.gal\/es\/personal-hacienda-y-participacion\/punto-de-informacion-catastral\/#primaryimage"},"datePublished":"2020-05-25T16:29:25+00:00","dateModified":"2020-06-01T16:09:58+00:00","breadcrumb":{"@id":"https:\/\/mugardos.gal\/es\/personal-hacienda-y-participacion\/punto-de-informacion-catastral\/#breadcrumb"},"inLanguage":"es","potentialAction":[{"@type":"ReadAction","target":["https:\/\/mugardos.gal\/es\/personal-hacienda-y-participacion\/punto-de-informacion-catastral\/"]}]},{"@type":"BreadcrumbList","@id":"https:\/\/mugardos.gal\/es\/personal-hacienda-y-participacion\/punto-de-informacion-catastral\/#breadcrumb","itemListElement":[{"@type":"ListItem","position":1,"name":"Portada","item":"https:\/\/mugardos.gal\/es\/"},{"@type":"ListItem","position":2,"name":"PERSONAL, HACIENDA Y PARTICIPACI\u00d3N","item":"https:\/\/mugardos.gal\/es\/personal-hacienda-y-participacion\/"},{"@type":"ListItem","position":3,"name":"PUNTO DE INFORMACI\u00d3N CATASTRAL"}]}]}},"_links":{"self":[{"href":"https:\/\/mugardos.gal\/es\/wp-json\/wp\/v2\/pages\/3823"}],"collection":[{"href":"https:\/\/mugardos.gal\/es\/wp-json\/wp\/v2\/pages"}],"about":[{"href":"https:\/\/mugardos.gal\/es\/wp-json\/wp\/v2\/types\/page"}],"author":[{"embeddable":true,"href":"https:\/\/mugardos.gal\/es\/wp-json\/wp\/v2\/users\/4"}],"replies":[{"embeddable":true,"href":"https:\/\/mugardos.gal\/es\/wp-json\/wp\/v2\/comments?post=3823"}],"version-history":[{"count":0,"href":"https:\/\/mugardos.gal\/es\/wp-json\/wp\/v2\/pages\/3823\/revisions"}],"up":[{"embeddable":true,"href":"https:\/\/mugardos.gal\/es\/wp-json\/wp\/v2\/pages\/723"}],"wp:attachment":[{"href":"https:\/\/mugardos.gal\/es\/wp-json\/wp\/v2\/media?parent=3823"}],"curies":[{"name":"wp","href":"https:\/\/api.w.org\/{rel}","templated":true}]}}