{"id":3486,"date":"2020-05-25T18:02:20","date_gmt":"2020-05-25T16:02:20","guid":{"rendered":"https:\/\/mugardos.gal\/personal-hacienda-y-participacion\/pago-de-recibos-municipales\/"},"modified":"2020-06-01T18:12:15","modified_gmt":"2020-06-01T16:12:15","slug":"pago-de-recibos-municipales","status":"publish","type":"page","link":"https:\/\/mugardos.gal\/es\/personal-hacienda-y-participacion\/pago-de-recibos-municipales\/","title":{"rendered":"PAGO DE RECIBOS MUNICIPALES"},"content":{"rendered":"<p>[vc_row][vc_column][vc_separator color=\u00bbmulled_wine\u00bb style=\u00bbshadow\u00bb border_width=\u00bb4&#8243;][\/vc_column][\/vc_row][vc_row][vc_column width=\u00bb1\/4&#8243; offset=\u00bbvc_hidden-sm vc_hidden-xs\u00bb][vc_row_inner][vc_column_inner][vc_single_image image=\u00bb3040&#8243; img_size=\u00bbmedium\u00bb alignment=\u00bbcenter\u00bb style=\u00bbvc_box_shadow_3d\u00bb onclick=\u00bbcustom_link\u00bb css_animation=\u00bbnone\u00bb css=\u00bb.vc_custom_1591027914112{margin-top: px !important;}\u00bb link=\u00bbhttps:\/\/mugardos.gal\/es\/persoal-facenda-e-participacion\/contacto-co-departamento-de-persoal-facenda-e-participacion\/\u00bb][vc_single_image image=\u00bb3038&#8243; img_size=\u00bbmedium\u00bb alignment=\u00bbcenter\u00bb style=\u00bbvc_box_shadow_3d\u00bb onclick=\u00bbcustom_link\u00bb css=\u00bb.vc_custom_1591027870395{margin-top: -40px !important;}\u00bb link=\u00bbhttps:\/\/sede.concellodemugardos.gal\/opencms\/gl\/calendario_oficial\/\u00bb][vc_single_image image=\u00bb3042&#8243; img_size=\u00bbmedium\u00bb alignment=\u00bbcenter\u00bb style=\u00bbvc_box_shadow_3d\u00bb onclick=\u00bbcustom_link\u00bb css=\u00bb.vc_custom_1590231972847{margin-top: -40px !important;}\u00bb link=\u00bbhttps:\/\/www.dacoruna.gal\/concellos\/ordenanzas\/?utm_source=MenuGlobal&amp;utm_campaign=MenuCabecera&amp;utm_medium=Web\u00bb][vc_single_image image=\u00bb3034&#8243; img_size=\u00bbmedium\u00bb alignment=\u00bbcenter\u00bb style=\u00bbvc_box_shadow_3d\u00bb onclick=\u00bbcustom_link\u00bb css=\u00bb.vc_custom_1591027921175{margin-top: -40px !important;}\u00bb link=\u00bbhttps:\/\/mugardos.gal\/es\/persoal-facenda-e-participacion\/bonificacions-e-exencions-taxas-de-auga-lixo-sumidoiros-e-edar\/\u00bb][vc_single_image image=\u00bb3044&#8243; img_size=\u00bbmedium\u00bb alignment=\u00bbcenter\u00bb style=\u00bbvc_box_shadow_3d\u00bb onclick=\u00bbcustom_link\u00bb css=\u00bb.vc_custom_1591027926557{margin-top: -40px !important;}\u00bb link=\u00bbhttps:\/\/mugardos.gal\/es\/persoal-facenda-e-participacion\/rexistro-de-asociacions-municipais\/\u00bb][vc_single_image image=\u00bb3036&#8243; img_size=\u00bbmedium\u00bb alignment=\u00bbcenter\u00bb style=\u00bbvc_box_shadow_3d\u00bb onclick=\u00bbcustom_link\u00bb css=\u00bb.vc_custom_1591027932809{margin-top: -40px !important;}\u00bb link=\u00bbhttps:\/\/mugardos.gal\/es\/buzon-de-suxestions\/\u00bb][vc_column_text]\n<!-- PRESSVILLE EVENTS : begin -->\n<section class=\"lsvr-pressville-post-grid lsvr-pressville-post-grid--events lsvr-pressville-post-grid--layout-title-top lsvr-pressville-post-grid--dark-bg\"\n    >\n    <div class=\"lsvr-pressville-post-grid__inner\">\n        <div class=\"lsvr-container\">\n            <div class=\"lsvr-pressville-post-grid__content\">\n\n                \n                    <p class=\"c-alert-message\">No hay eventos<\/p>\n\n                \n            <\/div>\n        <\/div>\n    <\/div>\n<\/section>\n<!-- PRESSVILLE EVENTS : end -->\n\n[\/vc_column_text][\/vc_column_inner][\/vc_row_inner][\/vc_column][vc_column width=\u00bb3\/4&#8243;][vc_column_text]\n<p style=\"text-align: justify;\"><strong>INFORMACI\u00d3N DE LA OFICINA DE RECAUDACI\u00d3N MUNICIPAL<\/strong><\/p>\n<p style=\"text-align: justify; padding-left: 40px;\"><img loading=\"lazy\" class=\"alignnone wp-image-596\" src=\"https:\/\/mugardos.gal\/wp-content\/uploads\/2020\/03\/direcci\u00f3n.png\" alt=\"\" width=\"30\" height=\"30\" \/> Calle Os Corz\u00e1s n\u00ba 6<\/p>\n<p style=\"text-align: justify; padding-left: 40px;\"><img loading=\"lazy\" class=\"alignnone wp-image-598\" src=\"https:\/\/mugardos.gal\/wp-content\/uploads\/2020\/03\/telefono.png\" alt=\"\" width=\"30\" height=\"30\" \/> 981 470 338 (extensi\u00f3n #2038)<\/p>\n<p style=\"text-align: justify; padding-left: 40px;\"><img loading=\"lazy\" class=\"alignnone wp-image-609\" src=\"https:\/\/mugardos.gal\/wp-content\/uploads\/2020\/03\/hora.png\" alt=\"\" width=\"30\" height=\"30\" \/> Horario de atenci\u00f3n al p\u00fablico, de lunes a viernes de 09.00 a 14.00 horas<\/p>\n<p style=\"text-align: justify; padding-left: 40px;\"><img loading=\"lazy\" class=\"alignnone wp-image-594\" src=\"https:\/\/mugardos.gal\/wp-content\/uploads\/2020\/03\/correo.png\" alt=\"\" width=\"30\" height=\"23\" \/> <a href=\"mailto:recadacion@mugardos.gal\">recadacion@mugardos.gal<\/a><\/p>\n<p style=\"text-align: justify;\">Todas las tasas e impuestos municipales son recaudadas de manera directa por el servicio de recaudaci\u00f3n municipal excepto las tasas por el uso del pabell\u00f3n municipal, las de la Escuela Infantil Municipal \u201cAs Lagoas\u201d y las tasas del Complexo Acu\u00e1tico do Castro.<\/p>\n<p style=\"text-align: justify;\">Para realizar el pago de un impuesto o tasa municipal, los vecinos y vecinas tienen diferentes v\u00edas:<\/p>\n<p>[\/vc_column_text][vc_tta_accordion style=\u00bbmodern\u00bb active_section=\u00bb0&#8243; collapsible_all=\u00bbtrue\u00bb][vc_tta_section title=\u00bbOFICINA DE RECAUDACI\u00d3N\u00bb tab_id=\u00bb1586255506395-f5ead81b-7f45&#8243;][vc_column_text]\n<p style=\"text-align: justify;\">En el horario de atenci\u00f3n al p\u00fablico.<\/p>\n<p style=\"text-align: justify;\">En este caso deber\u00e1 acudir a la oficina de recaudaci\u00f3n con el recibo y podr\u00e1 realizar el pago en efectivo o con tarjeta.<\/p>\n<p>[\/vc_column_text][\/vc_tta_section][vc_tta_section title=\u00bbDOMICILIAR LOS RECIBOS\u00bb tab_id=\u00bb1586255772283-57dc9a4b-20d3&#8243;][vc_column_text]\n<p style=\"text-align: justify;\">En este caso deber\u00e1 realizar una solicitud prensencialmente en la oficina de recaudaci\u00f3n o v\u00eda correo electr\u00f3nico, remitiendo la informaci\u00f3n necesaria a recadacion@mugardos.gal. En el correo deber\u00e1 adjuntar copia del recibo que desea pagar (escaneado o fotograf\u00eda).<\/p>\n<p style=\"text-align: justify;\">En el caso de no disponer del recibo o no poder enviarlo, en el correo deber\u00e1 incluirse la siguiente informaci\u00f3n: titular, DNI del titular, domicilio, poblaci\u00f3n, provincia, c\u00f3digo postal, tel\u00e9fono de contacto, correo electr\u00f3nico de contacto e IBAN de la cuenta en la que desea domiciliar el recibo.<\/p>\n<p>[\/vc_column_text][\/vc_tta_section][vc_tta_section title=\u00bbPAGO DE LAS TASAS AUTOLIQUIDABLES\u00bb tab_id=\u00bb1586255802988-0ca048b8-9fdd\u00bb][vc_column_text]\n<p style=\"text-align: justify;\">Las personas que deseen pagar una tasa autoliquidable pueden hacerlo prensencialmente en la oficina de recaudaci\u00f3n o v\u00eda entidad financieira. En el caso de hacerlo directamente podr\u00e1n hacerlo presencialmete en una oficina bancaria o utilizando banca electr\u00f3nica o cualquier otro mecanismo que permita realizar el pago desde el banco. Para realizar el ingreso, este deber\u00e1 hacerse en el siguiente n\u00famero de cuenta titularidad del ayuntamiento, e incluyendo la siguiente informaci\u00f3n en el concepto de la transacci\u00f3n:<\/p>\n<ul>\n<li>Entidade: ABANCA<\/li>\n<li>IBAN: ES95 2080 0205 7530 4001 1190<\/li>\n<li>Concepto: DNI del titular + nombre de la tasa o impuesto que se abona (en el caso de disponer de n\u00famero de expediente, puede incluirse tambi\u00e9n)+ motivo por el que se abona.<\/li>\n<\/ul>\n<div class=\"col_a\">\n<div class=\"textbox\"><\/div>\n<\/div>\n<div class=\"col_b\">\n<div class=\"textbox\">\n<div id=\"contenedor\" class=\"textarea unknown\">Por ejemplo, en el caso de querer pagar la tasa de una excursi\u00f3n para un hijo o hija, el concepto ser\u00eda:<\/div>\n<\/div>\n<\/div>\n<ul>\n<li>99.9999.999 X (DNI del pagador por tratarse de un menor) + Tasa excursi\u00f3n Cerceda Mar\u00eda Garc\u00eda (tasa que se abona es por la excursi\u00f3n de la ni\u00f1a Mar\u00eda Garc\u00eda)<\/li>\n<\/ul>\n<p style=\"text-align: justify;\">Otro ejemplo, en el caso de querer pagar la tasa por la concesi\u00f3n de una licencia de ocupaci\u00f3n de la v\u00eda p\u00fablica:<\/p>\n<ul>\n<li>99.9999.999 X (DNI del solicitante) + Tasa por la ocupaci\u00f3n de la v\u00eda en la Avenida de Galicia 45 (tasa que se abona y lugar para el cual se solicita la licencia)<\/li>\n<\/ul>\n<p style=\"text-align: justify;\">M\u00e1s ejemplos, en el caso de querer pagar un recibo de IBI:<\/p>\n<ul>\n<li>99.9999.999 X (DNI del titular de la vivenda) + IBI a\u00f1o 2020 de la vivienda de la Avenida de Galicia 45 (impuesto que se abona (IBI del a\u00f1o 2020) y direcci\u00f3n de la vivienda)<\/li>\n<\/ul>\n<p>[\/vc_column_text][\/vc_tta_section][vc_tta_section title=\u00bbDOMICILIACI\u00d3N O PAGO DE LOS RECIBOS QUE NO SE GESTIONAN DIRECTAMENTE DESDE LA OFICINA DE RECAUDACI\u00d3N MUNICIPAL\u00bb tab_id=\u00bb1586255901433-66b27479-9275&#8243;][vc_column_text]\n<p style=\"text-align: justify;\">Las personas que deseen hacer el pago o domiciliaci\u00f3n de las tasas municipales derivadas de los servicios del Complexo Acu\u00e1tico do Castro, de la escuela infantil o del pabell\u00f3n municipal deber\u00e1 ponerse en contacto con las oficinas correspondientes:<\/p>\n<ul style=\"text-align: justify;\">\n<li>Escola Infantil Municipal \u00abAs Lagoas\u00bb:<\/li>\n<\/ul>\n<p style=\"padding-left: 40px;\"><img loading=\"lazy\" class=\"alignnone wp-image-596\" src=\"https:\/\/mugardos.gal\/wp-content\/uploads\/2020\/03\/direcci\u00f3n.png\" alt=\"\" width=\"30\" height=\"30\" \/> Calle As Lagoas, 21<\/p>\n<p style=\"padding-left: 40px;\"><img loading=\"lazy\" class=\"alignnone wp-image-598\" src=\"https:\/\/mugardos.gal\/wp-content\/uploads\/2020\/03\/telefono.png\" alt=\"\" width=\"30\" height=\"30\" \/> 981 472 198<\/p>\n<p style=\"padding-left: 40px;\"><img loading=\"lazy\" class=\"alignnone wp-image-594\" src=\"https:\/\/mugardos.gal\/wp-content\/uploads\/2020\/03\/correo.png\" alt=\"\" width=\"30\" height=\"23\" \/> <a href=\"mailto:eimaslagoas@hotmail.com\">eimaslagoas@hotmail.com<\/a><\/p>\n<ul>\n<li>Complexo Acu\u00e1tico do Castro:<\/li>\n<\/ul>\n<p style=\"padding-left: 40px;\"><img loading=\"lazy\" class=\"alignnone wp-image-596\" src=\"https:\/\/mugardos.gal\/wp-content\/uploads\/2020\/03\/direcci\u00f3n.png\" alt=\"\" width=\"30\" height=\"30\" \/> Calle San Victorio s\/n<\/p>\n<p style=\"padding-left: 40px;\"><img loading=\"lazy\" class=\"alignnone wp-image-598\" src=\"https:\/\/mugardos.gal\/wp-content\/uploads\/2020\/03\/telefono.png\" alt=\"\" width=\"30\" height=\"30\" \/> 981 460 765<\/p>\n<p style=\"padding-left: 40px;\"><img loading=\"lazy\" class=\"alignnone wp-image-594\" src=\"https:\/\/mugardos.gal\/wp-content\/uploads\/2020\/03\/correo.png\" alt=\"\" width=\"30\" height=\"23\" \/> <a href=\"mailto:aresmugardos@serviocio.es\">aresmugardos@serviocio.es<\/a><\/p>\n<ul>\n<li>Pabell\u00f3n Municipal do Cristo:<\/li>\n<\/ul>\n<p style=\"padding-left: 40px;\"><img loading=\"lazy\" class=\"alignnone wp-image-596\" src=\"https:\/\/mugardos.gal\/wp-content\/uploads\/2020\/03\/direcci\u00f3n.png\" alt=\"\" width=\"30\" height=\"30\" \/> Calle O Cristo n\u00ba 13 (persona de contacto: Manolo)<\/p>\n<p>[\/vc_column_text][\/vc_tta_section][\/vc_tta_accordion][\/vc_column][\/vc_row]\n","protected":false},"excerpt":{"rendered":"<p>[vc_row][vc_column][vc_separator color=\u00bbmulled_wine\u00bb style=\u00bbshadow\u00bb border_width=\u00bb4&#8243;][\/vc_column][\/vc_row][vc_row][vc_column width=\u00bb1\/4&#8243; offset=\u00bbvc_hidden-sm vc_hidden-xs\u00bb][vc_row_inner][vc_column_inner][vc_single_image image=\u00bb3040&#8243; img_size=\u00bbmedium\u00bb alignment=\u00bbcenter\u00bb style=\u00bbvc_box_shadow_3d\u00bb onclick=\u00bbcustom_link\u00bb css_animation=\u00bbnone\u00bb css=\u00bb.vc_custom_1591027914112{margin-top: px !important;}\u00bb link=\u00bbhttps:\/\/mugardos.gal\/es\/persoal-facenda-e-participacion\/contacto-co-departamento-de-persoal-facenda-e-participacion\/\u00bb][vc_single_image image=\u00bb3038&#8243; img_size=\u00bbmedium\u00bb alignment=\u00bbcenter\u00bb style=\u00bbvc_box_shadow_3d\u00bb onclick=\u00bbcustom_link\u00bb css=\u00bb.vc_custom_1591027870395{margin-top: -40px !important;}\u00bb link=\u00bbhttps:\/\/sede.concellodemugardos.gal\/opencms\/gl\/calendario_oficial\/\u00bb][vc_single_image image=\u00bb3042&#8243; img_size=\u00bbmedium\u00bb alignment=\u00bbcenter\u00bb style=\u00bbvc_box_shadow_3d\u00bb onclick=\u00bbcustom_link\u00bb css=\u00bb.vc_custom_1590231972847{margin-top: -40px !important;}\u00bb link=\u00bbhttps:\/\/www.dacoruna.gal\/concellos\/ordenanzas\/?utm_source=MenuGlobal&amp;utm_campaign=MenuCabecera&amp;utm_medium=Web\u00bb][vc_single_image image=\u00bb3034&#8243; img_size=\u00bbmedium\u00bb alignment=\u00bbcenter\u00bb style=\u00bbvc_box_shadow_3d\u00bb onclick=\u00bbcustom_link\u00bb css=\u00bb.vc_custom_1591027921175{margin-top: -40px !important;}\u00bb link=\u00bbhttps:\/\/mugardos.gal\/es\/persoal-facenda-e-participacion\/bonificacions-e-exencions-taxas-de-auga-lixo-sumidoiros-e-edar\/\u00bb][vc_single_image image=\u00bb3044&#8243; img_size=\u00bbmedium\u00bb alignment=\u00bbcenter\u00bb style=\u00bbvc_box_shadow_3d\u00bb onclick=\u00bbcustom_link\u00bb css=\u00bb.vc_custom_1591027926557{margin-top: -40px !important;}\u00bb link=\u00bbhttps:\/\/mugardos.gal\/es\/persoal-facenda-e-participacion\/rexistro-de-asociacions-municipais\/\u00bb][vc_single_image image=\u00bb3036&#8243; img_size=\u00bbmedium\u00bb [&hellip;]<\/p>\n","protected":false},"author":4,"featured_media":0,"parent":723,"menu_order":0,"comment_status":"closed","ping_status":"closed","template":"","meta":[],"yoast_head":"<!-- This site is optimized with the Yoast SEO plugin v18.9 - https:\/\/yoast.com\/wordpress\/plugins\/seo\/ -->\n<title>PAGO DE RECIBOS MUNICIPALES - Concello de Mugardos<\/title>\n<meta name=\"robots\" content=\"index, follow, max-snippet:-1, max-image-preview:large, max-video-preview:-1\" \/>\n<link rel=\"canonical\" href=\"https:\/\/mugardos.gal\/es\/personal-hacienda-y-participacion\/pago-de-recibos-municipales\/\" \/>\n<meta property=\"og:locale\" content=\"es_ES\" \/>\n<meta property=\"og:type\" content=\"article\" \/>\n<meta property=\"og:title\" content=\"PAGO DE RECIBOS MUNICIPALES - Concello de Mugardos\" \/>\n<meta property=\"og:description\" content=\"[vc_row][vc_column][vc_separator color=\u00bbmulled_wine\u00bb style=\u00bbshadow\u00bb border_width=\u00bb4&#8243;][\/vc_column][\/vc_row][vc_row][vc_column width=\u00bb1\/4&#8243; offset=\u00bbvc_hidden-sm vc_hidden-xs\u00bb][vc_row_inner][vc_column_inner][vc_single_image image=\u00bb3040&#8243; img_size=\u00bbmedium\u00bb alignment=\u00bbcenter\u00bb style=\u00bbvc_box_shadow_3d\u00bb onclick=\u00bbcustom_link\u00bb css_animation=\u00bbnone\u00bb css=\u00bb.vc_custom_1591027914112{margin-top: px !important;}\u00bb link=\u00bbhttps:\/\/mugardos.gal\/es\/persoal-facenda-e-participacion\/contacto-co-departamento-de-persoal-facenda-e-participacion\/\u00bb][vc_single_image image=\u00bb3038&#8243; img_size=\u00bbmedium\u00bb alignment=\u00bbcenter\u00bb style=\u00bbvc_box_shadow_3d\u00bb onclick=\u00bbcustom_link\u00bb css=\u00bb.vc_custom_1591027870395{margin-top: -40px !important;}\u00bb link=\u00bbhttps:\/\/sede.concellodemugardos.gal\/opencms\/gl\/calendario_oficial\/\u00bb][vc_single_image image=\u00bb3042&#8243; img_size=\u00bbmedium\u00bb alignment=\u00bbcenter\u00bb style=\u00bbvc_box_shadow_3d\u00bb onclick=\u00bbcustom_link\u00bb css=\u00bb.vc_custom_1590231972847{margin-top: -40px !important;}\u00bb link=\u00bbhttps:\/\/www.dacoruna.gal\/concellos\/ordenanzas\/?utm_source=MenuGlobal&amp;utm_campaign=MenuCabecera&amp;utm_medium=Web\u00bb][vc_single_image image=\u00bb3034&#8243; img_size=\u00bbmedium\u00bb alignment=\u00bbcenter\u00bb style=\u00bbvc_box_shadow_3d\u00bb onclick=\u00bbcustom_link\u00bb css=\u00bb.vc_custom_1591027921175{margin-top: -40px !important;}\u00bb link=\u00bbhttps:\/\/mugardos.gal\/es\/persoal-facenda-e-participacion\/bonificacions-e-exencions-taxas-de-auga-lixo-sumidoiros-e-edar\/\u00bb][vc_single_image image=\u00bb3044&#8243; img_size=\u00bbmedium\u00bb alignment=\u00bbcenter\u00bb style=\u00bbvc_box_shadow_3d\u00bb onclick=\u00bbcustom_link\u00bb css=\u00bb.vc_custom_1591027926557{margin-top: -40px !important;}\u00bb link=\u00bbhttps:\/\/mugardos.gal\/es\/persoal-facenda-e-participacion\/rexistro-de-asociacions-municipais\/\u00bb][vc_single_image image=\u00bb3036&#8243; img_size=\u00bbmedium\u00bb [&hellip;]\" \/>\n<meta property=\"og:url\" content=\"https:\/\/mugardos.gal\/es\/personal-hacienda-y-participacion\/pago-de-recibos-municipales\/\" \/>\n<meta property=\"og:site_name\" content=\"Concello de Mugardos\" \/>\n<meta property=\"article:modified_time\" content=\"2020-06-01T16:12:15+00:00\" \/>\n<meta property=\"og:image\" content=\"https:\/\/mugardos.gal\/wp-content\/uploads\/2020\/03\/telefono.png\" \/>\n<meta name=\"twitter:card\" content=\"summary_large_image\" \/>\n<meta name=\"twitter:label1\" content=\"Tiempo de lectura\" \/>\n\t<meta name=\"twitter:data1\" content=\"5 minutos\" \/>\n<script type=\"application\/ld+json\" class=\"yoast-schema-graph\">{\"@context\":\"https:\/\/schema.org\",\"@graph\":[{\"@type\":\"WebSite\",\"@id\":\"https:\/\/mugardos.gal\/#website\",\"url\":\"https:\/\/mugardos.gal\/\",\"name\":\"Concello de Mugardos\",\"description\":\"\",\"potentialAction\":[{\"@type\":\"SearchAction\",\"target\":{\"@type\":\"EntryPoint\",\"urlTemplate\":\"https:\/\/mugardos.gal\/?s={search_term_string}\"},\"query-input\":\"required name=search_term_string\"}],\"inLanguage\":\"es\"},{\"@type\":\"ImageObject\",\"inLanguage\":\"es\",\"@id\":\"https:\/\/mugardos.gal\/es\/personal-hacienda-y-participacion\/pago-de-recibos-municipales\/#primaryimage\",\"url\":\"https:\/\/mugardos.gal\/wp-content\/uploads\/2020\/03\/telefono.png\",\"contentUrl\":\"https:\/\/mugardos.gal\/wp-content\/uploads\/2020\/03\/telefono.png\",\"width\":100,\"height\":100},{\"@type\":\"WebPage\",\"@id\":\"https:\/\/mugardos.gal\/es\/personal-hacienda-y-participacion\/pago-de-recibos-municipales\/#webpage\",\"url\":\"https:\/\/mugardos.gal\/es\/personal-hacienda-y-participacion\/pago-de-recibos-municipales\/\",\"name\":\"PAGO DE RECIBOS MUNICIPALES - Concello de Mugardos\",\"isPartOf\":{\"@id\":\"https:\/\/mugardos.gal\/#website\"},\"primaryImageOfPage\":{\"@id\":\"https:\/\/mugardos.gal\/es\/personal-hacienda-y-participacion\/pago-de-recibos-municipales\/#primaryimage\"},\"datePublished\":\"2020-05-25T16:02:20+00:00\",\"dateModified\":\"2020-06-01T16:12:15+00:00\",\"breadcrumb\":{\"@id\":\"https:\/\/mugardos.gal\/es\/personal-hacienda-y-participacion\/pago-de-recibos-municipales\/#breadcrumb\"},\"inLanguage\":\"es\",\"potentialAction\":[{\"@type\":\"ReadAction\",\"target\":[\"https:\/\/mugardos.gal\/es\/personal-hacienda-y-participacion\/pago-de-recibos-municipales\/\"]}]},{\"@type\":\"BreadcrumbList\",\"@id\":\"https:\/\/mugardos.gal\/es\/personal-hacienda-y-participacion\/pago-de-recibos-municipales\/#breadcrumb\",\"itemListElement\":[{\"@type\":\"ListItem\",\"position\":1,\"name\":\"Portada\",\"item\":\"https:\/\/mugardos.gal\/es\/\"},{\"@type\":\"ListItem\",\"position\":2,\"name\":\"PERSONAL, HACIENDA Y PARTICIPACI\u00d3N\",\"item\":\"https:\/\/mugardos.gal\/es\/personal-hacienda-y-participacion\/\"},{\"@type\":\"ListItem\",\"position\":3,\"name\":\"PAGO DE RECIBOS MUNICIPALES\"}]}]}<\/script>\n<!-- \/ Yoast SEO plugin. -->","yoast_head_json":{"title":"PAGO DE RECIBOS MUNICIPALES - Concello de Mugardos","robots":{"index":"index","follow":"follow","max-snippet":"max-snippet:-1","max-image-preview":"max-image-preview:large","max-video-preview":"max-video-preview:-1"},"canonical":"https:\/\/mugardos.gal\/es\/personal-hacienda-y-participacion\/pago-de-recibos-municipales\/","og_locale":"es_ES","og_type":"article","og_title":"PAGO DE RECIBOS MUNICIPALES - Concello de Mugardos","og_description":"[vc_row][vc_column][vc_separator color=\u00bbmulled_wine\u00bb style=\u00bbshadow\u00bb border_width=\u00bb4&#8243;][\/vc_column][\/vc_row][vc_row][vc_column width=\u00bb1\/4&#8243; offset=\u00bbvc_hidden-sm vc_hidden-xs\u00bb][vc_row_inner][vc_column_inner][vc_single_image image=\u00bb3040&#8243; img_size=\u00bbmedium\u00bb alignment=\u00bbcenter\u00bb style=\u00bbvc_box_shadow_3d\u00bb onclick=\u00bbcustom_link\u00bb css_animation=\u00bbnone\u00bb css=\u00bb.vc_custom_1591027914112{margin-top: px !important;}\u00bb link=\u00bbhttps:\/\/mugardos.gal\/es\/persoal-facenda-e-participacion\/contacto-co-departamento-de-persoal-facenda-e-participacion\/\u00bb][vc_single_image image=\u00bb3038&#8243; img_size=\u00bbmedium\u00bb alignment=\u00bbcenter\u00bb style=\u00bbvc_box_shadow_3d\u00bb onclick=\u00bbcustom_link\u00bb css=\u00bb.vc_custom_1591027870395{margin-top: -40px !important;}\u00bb link=\u00bbhttps:\/\/sede.concellodemugardos.gal\/opencms\/gl\/calendario_oficial\/\u00bb][vc_single_image image=\u00bb3042&#8243; img_size=\u00bbmedium\u00bb alignment=\u00bbcenter\u00bb style=\u00bbvc_box_shadow_3d\u00bb onclick=\u00bbcustom_link\u00bb css=\u00bb.vc_custom_1590231972847{margin-top: -40px !important;}\u00bb link=\u00bbhttps:\/\/www.dacoruna.gal\/concellos\/ordenanzas\/?utm_source=MenuGlobal&amp;utm_campaign=MenuCabecera&amp;utm_medium=Web\u00bb][vc_single_image image=\u00bb3034&#8243; img_size=\u00bbmedium\u00bb alignment=\u00bbcenter\u00bb style=\u00bbvc_box_shadow_3d\u00bb onclick=\u00bbcustom_link\u00bb css=\u00bb.vc_custom_1591027921175{margin-top: -40px !important;}\u00bb link=\u00bbhttps:\/\/mugardos.gal\/es\/persoal-facenda-e-participacion\/bonificacions-e-exencions-taxas-de-auga-lixo-sumidoiros-e-edar\/\u00bb][vc_single_image image=\u00bb3044&#8243; img_size=\u00bbmedium\u00bb alignment=\u00bbcenter\u00bb style=\u00bbvc_box_shadow_3d\u00bb onclick=\u00bbcustom_link\u00bb css=\u00bb.vc_custom_1591027926557{margin-top: -40px !important;}\u00bb link=\u00bbhttps:\/\/mugardos.gal\/es\/persoal-facenda-e-participacion\/rexistro-de-asociacions-municipais\/\u00bb][vc_single_image image=\u00bb3036&#8243; img_size=\u00bbmedium\u00bb [&hellip;]","og_url":"https:\/\/mugardos.gal\/es\/personal-hacienda-y-participacion\/pago-de-recibos-municipales\/","og_site_name":"Concello de Mugardos","article_modified_time":"2020-06-01T16:12:15+00:00","og_image":[{"url":"https:\/\/mugardos.gal\/wp-content\/uploads\/2020\/03\/telefono.png"}],"twitter_card":"summary_large_image","twitter_misc":{"Tiempo de lectura":"5 minutos"},"schema":{"@context":"https:\/\/schema.org","@graph":[{"@type":"WebSite","@id":"https:\/\/mugardos.gal\/#website","url":"https:\/\/mugardos.gal\/","name":"Concello de Mugardos","description":"","potentialAction":[{"@type":"SearchAction","target":{"@type":"EntryPoint","urlTemplate":"https:\/\/mugardos.gal\/?s={search_term_string}"},"query-input":"required name=search_term_string"}],"inLanguage":"es"},{"@type":"ImageObject","inLanguage":"es","@id":"https:\/\/mugardos.gal\/es\/personal-hacienda-y-participacion\/pago-de-recibos-municipales\/#primaryimage","url":"https:\/\/mugardos.gal\/wp-content\/uploads\/2020\/03\/telefono.png","contentUrl":"https:\/\/mugardos.gal\/wp-content\/uploads\/2020\/03\/telefono.png","width":100,"height":100},{"@type":"WebPage","@id":"https:\/\/mugardos.gal\/es\/personal-hacienda-y-participacion\/pago-de-recibos-municipales\/#webpage","url":"https:\/\/mugardos.gal\/es\/personal-hacienda-y-participacion\/pago-de-recibos-municipales\/","name":"PAGO DE RECIBOS MUNICIPALES - Concello de Mugardos","isPartOf":{"@id":"https:\/\/mugardos.gal\/#website"},"primaryImageOfPage":{"@id":"https:\/\/mugardos.gal\/es\/personal-hacienda-y-participacion\/pago-de-recibos-municipales\/#primaryimage"},"datePublished":"2020-05-25T16:02:20+00:00","dateModified":"2020-06-01T16:12:15+00:00","breadcrumb":{"@id":"https:\/\/mugardos.gal\/es\/personal-hacienda-y-participacion\/pago-de-recibos-municipales\/#breadcrumb"},"inLanguage":"es","potentialAction":[{"@type":"ReadAction","target":["https:\/\/mugardos.gal\/es\/personal-hacienda-y-participacion\/pago-de-recibos-municipales\/"]}]},{"@type":"BreadcrumbList","@id":"https:\/\/mugardos.gal\/es\/personal-hacienda-y-participacion\/pago-de-recibos-municipales\/#breadcrumb","itemListElement":[{"@type":"ListItem","position":1,"name":"Portada","item":"https:\/\/mugardos.gal\/es\/"},{"@type":"ListItem","position":2,"name":"PERSONAL, HACIENDA Y PARTICIPACI\u00d3N","item":"https:\/\/mugardos.gal\/es\/personal-hacienda-y-participacion\/"},{"@type":"ListItem","position":3,"name":"PAGO DE RECIBOS MUNICIPALES"}]}]}},"_links":{"self":[{"href":"https:\/\/mugardos.gal\/es\/wp-json\/wp\/v2\/pages\/3486"}],"collection":[{"href":"https:\/\/mugardos.gal\/es\/wp-json\/wp\/v2\/pages"}],"about":[{"href":"https:\/\/mugardos.gal\/es\/wp-json\/wp\/v2\/types\/page"}],"author":[{"embeddable":true,"href":"https:\/\/mugardos.gal\/es\/wp-json\/wp\/v2\/users\/4"}],"replies":[{"embeddable":true,"href":"https:\/\/mugardos.gal\/es\/wp-json\/wp\/v2\/comments?post=3486"}],"version-history":[{"count":0,"href":"https:\/\/mugardos.gal\/es\/wp-json\/wp\/v2\/pages\/3486\/revisions"}],"up":[{"embeddable":true,"href":"https:\/\/mugardos.gal\/es\/wp-json\/wp\/v2\/pages\/723"}],"wp:attachment":[{"href":"https:\/\/mugardos.gal\/es\/wp-json\/wp\/v2\/media?parent=3486"}],"curies":[{"name":"wp","href":"https:\/\/api.w.org\/{rel}","templated":true}]}}