{"id":3277,"date":"2020-05-25T12:19:26","date_gmt":"2020-05-25T10:19:26","guid":{"rendered":"https:\/\/mugardos.gal\/obras-servicios-y-medio-ambiente\/servicio-de-recogida-de-basura-y-enseres\/"},"modified":"2024-07-31T13:09:13","modified_gmt":"2024-07-31T11:09:13","slug":"servicio-de-recogida-de-basura-y-enseres","status":"publish","type":"page","link":"https:\/\/mugardos.gal\/es\/obras-servicios-y-medio-ambiente\/servicio-de-recogida-de-basura-y-enseres\/","title":{"rendered":"SERVICIO DE RECOGIDA DE BASURA Y ENSERES"},"content":{"rendered":"<p>[vc_row][vc_column][vc_separator color=\u00bbmulled_wine\u00bb style=\u00bbshadow\u00bb border_width=\u00bb4&#8243;][\/vc_column][\/vc_row][vc_row][vc_column width=\u00bb1\/4&#8243; offset=\u00bbvc_hidden-sm vc_hidden-xs\u00bb][vc_row_inner][vc_column_inner][vc_single_image image=\u00bb2998&#8243; img_size=\u00bbmedium\u00bb alignment=\u00bbcenter\u00bb style=\u00bbvc_box_shadow_3d\u00bb onclick=\u00bbcustom_link\u00bb css_animation=\u00bbnone\u00bb css=\u00bb.vc_custom_1590229861656{margin-top: 0px !important;}\u00bb link=\u00bbhttps:\/\/mugardos.gal\/obras-servizos-medio-ambiente\/contacto-co-departamento-obras-servizos-medio-ambiente\/\u00bb][vc_single_image image=\u00bb3008&#8243; img_size=\u00bbmedium\u00bb alignment=\u00bbcenter\u00bb style=\u00bbvc_box_shadow_3d\u00bb onclick=\u00bbcustom_link\u00bb css=\u00bb.vc_custom_1590228152748{margin-top: -40px !important;padding-top: px !important;}\u00bb link=\u00bbhttps:\/\/mugardos.gal\/obras-servizos-medio-ambiente\/solicitude-de-queima\/\u00bb][vc_single_image image=\u00bb3002&#8243; img_size=\u00bbmedium\u00bb alignment=\u00bbcenter\u00bb style=\u00bbvc_box_shadow_3d\u00bb onclick=\u00bbcustom_link\u00bb css=\u00bb.vc_custom_1590228168330{margin-top: -40px !important;}\u00bb link=\u00bbhttps:\/\/mugardos.gal\/obras-servizos-medio-ambiente\/informacion-sobre-reciclaxe\/\u00bb][vc_single_image image=\u00bb2994&#8243; img_size=\u00bbmedium\u00bb alignment=\u00bbcenter\u00bb style=\u00bbvc_box_shadow_3d\u00bb onclick=\u00bbcustom_link\u00bb css=\u00bb.vc_custom_1590228304835{margin-top: -40px !important;}\u00bb link=\u00bbhttps:\/\/mugardos.gal\/avisos-de-incidencias-e-avarias\/\u00bb][vc_single_image image=\u00bb3006&#8243; img_size=\u00bbmedium\u00bb alignment=\u00bbcenter\u00bb style=\u00bbvc_box_shadow_3d\u00bb onclick=\u00bbcustom_link\u00bb css=\u00bb.vc_custom_1590228310392{margin-top: -40px !important;}\u00bb link=\u00bbhttps:\/\/mugardos.gal\/obras-servizos-medio-ambiente\/solicitude-de-ocupacion-da-via-publica\/\u00bb][vc_single_image image=\u00bb3010&#8243; img_size=\u00bbmedium\u00bb alignment=\u00bbcenter\u00bb style=\u00bbvc_box_shadow_3d\u00bb onclick=\u00bbcustom_link\u00bb css=\u00bb.vc_custom_1590228347544{margin-top: -40px !important;}\u00bb link=\u00bbhttps:\/\/mugardos.gal\/obras-servizos-medio-ambiente\/solicitude-de-vao\/\u00bb][vc_single_image image=\u00bb2992&#8243; img_size=\u00bbmedium\u00bb alignment=\u00bbcenter\u00bb style=\u00bbvc_box_shadow_3d\u00bb onclick=\u00bbcustom_link\u00bb css=\u00bb.vc_custom_1590828482881{margin-top: -40px !important;}\u00bb link=\u00bbhttps:\/\/mugardos.gal\/obras-servizos-medio-ambiente\/aviso-de-vespa-velutina\/\u00bb][vc_single_image image=\u00bb3004&#8243; img_size=\u00bbmedium\u00bb alignment=\u00bbcenter\u00bb style=\u00bbvc_box_shadow_3d\u00bb onclick=\u00bbcustom_link\u00bb css=\u00bb.vc_custom_1590228238456{margin-top: -40px !important;}\u00bb link=\u00bbhttps:\/\/mugardos.gal\/obras-servizos-medio-ambiente\/policia-local\/\u00bb][vc_single_image image=\u00bb3000&#8243; img_size=\u00bbmedium\u00bb alignment=\u00bbcenter\u00bb style=\u00bbvc_box_shadow_3d\u00bb onclick=\u00bbcustom_link\u00bb css=\u00bb.vc_custom_1590228329553{margin-top: -40px !important;}\u00bb link=\u00bbhttps:\/\/mugardos.gal\/obras-servizos-medio-ambiente\/ges\/\u00bb][vc_single_image image=\u00bb2996&#8243; img_size=\u00bbmedium\u00bb alignment=\u00bbcenter\u00bb style=\u00bbvc_box_shadow_3d\u00bb onclick=\u00bbcustom_link\u00bb css=\u00bb.vc_custom_1590228365312{margin-top: -40px !important;}\u00bb link=\u00bbhttps:\/\/mugardos.gal\/buzon-de-suxestions\/\u00bb][vc_column_text]\n<!-- PRESSVILLE EVENTS : begin -->\n<section class=\"lsvr-pressville-post-grid lsvr-pressville-post-grid--events lsvr-pressville-post-grid--layout-title-top lsvr-pressville-post-grid--dark-bg\"\n    >\n    <div class=\"lsvr-pressville-post-grid__inner\">\n        <div class=\"lsvr-container\">\n            <div class=\"lsvr-pressville-post-grid__content\">\n\n                \n                    <p class=\"c-alert-message\">No hay eventos<\/p>\n\n                \n            <\/div>\n        <\/div>\n    <\/div>\n<\/section>\n<!-- PRESSVILLE EVENTS : end -->\n\n[\/vc_column_text][\/vc_column_inner][\/vc_row_inner][\/vc_column][vc_column width=\u00bb3\/4&#8243;][vc_column_text]\n<p style=\"text-align: justify;\"><span style=\"color: #ff6600;\"><strong><em><u>DEP\u00d3SITO E RECOGIDA DE BASURA<\/u><\/em><\/strong><\/span><\/p>\n<p style=\"text-align: justify;\">Seg\u00fan la ordenanza de limpieza del Ayuntamiento de Mugardos, la basura y los desperdicios ser\u00e1n depositados en bolsas cerradas y no podr\u00e1n ser dejadas en los contenedores antes de las 22.00 horas y despu\u00e9s de las 07.00 horas. Por regla general, se proh\u00edbe depositar la basura los s\u00e1bados y en las fechas que el Ayuntamiento indique como inh\u00e1biles del servicio de recogida mediante Bando o Resoluci\u00f3n de la Alcald\u00eda.<\/p>\n<p style=\"text-align: justify;\">Con el objetivo de mantener en las mejores condiciones de ornato y limpieza las calles del ayuntamiento, el servicio de recogida de basura funciona de lunes a s\u00e1bado (los domingos lo hace de manera excepcional) en horario de ma\u00f1ana.<\/p>\n<p style=\"text-align: justify;\">La recogida de basura se realiza por n\u00facleos de poblaci\u00f3n. Los d\u00edas de recogida son:<\/p>\n<ul style=\"text-align: justify;\">\n<li style=\"text-align: justify;\"><strong>Mugardos:<\/strong> de lunes a s\u00e1bado<\/li>\n<li style=\"text-align: justify;\"><strong>Franza:<\/strong> martes, jueves y s\u00e1bado<\/li>\n<li style=\"text-align: justify;\"><strong>O Seixo:<\/strong> lunes, mi\u00e9rcoles y viernes<\/li>\n<li style=\"text-align: justify;\"><strong>San Xo\u00e1n:<\/strong> lunes, mi\u00e9rcoles y viernes<\/li>\n<li style=\"text-align: justify;\"><strong>Simou:<\/strong> martes, jueves y s\u00e1bado<\/li>\n<li style=\"text-align: justify;\"><strong>Me\u00e1:<\/strong> martes, jueves y s\u00e1bado<\/li>\n<\/ul>\n<p style=\"text-align: justify;\"><span style=\"color: #ff6600;\"><strong><em><u>RECOGIDA DE ENSERES<\/u><\/em><\/strong><\/span><\/p>\n<p style=\"text-align: justify;\">Todos los objetos, muebles, aparatos que se pueden reciclar son los llamados residuos voluminosos.<\/p>\n<p style=\"text-align: justify;\">El Ayuntamiento de Mugardos realiza la recogida de enseres o residuos voluminosos gratuitamente previo aviso en el ayuntamiento por cualquiera de estos canales:<\/p>\n<p style=\"padding-left: 40px; text-align: justify;\"><img loading=\"lazy\" class=\"alignnone wp-image-598\" src=\"https:\/\/mugardos.gal\/wp-content\/uploads\/2020\/03\/telefono.png\" alt=\"\" width=\"30\" height=\"30\" \/>\u00a0 De lunes a viernes de 9.00 a 14.00 horas: 981 470 338 (extensi\u00f3n: #2028)<\/p>\n<p style=\"padding-left: 40px; text-align: justify;\"><img loading=\"lazy\" class=\"alignnone wp-image-594\" src=\"https:\/\/mugardos.gal\/wp-content\/uploads\/2020\/03\/correo.png\" alt=\"\" width=\"30\" height=\"23\" \/> <a href=\"mailto:enseres@mugardos.gal\">enseres@mugardos.gal<\/a><\/p>\n<p style=\"padding-left: 40px; text-align: justify;\"><img loading=\"lazy\" class=\"alignnone wp-image-596\" src=\"https:\/\/mugardos.gal\/wp-content\/uploads\/2020\/03\/direcci\u00f3n.png\" alt=\"\" width=\"30\" height=\"30\" \/> Avenida de Galicia 45, bajo<\/p>\n<p style=\"text-align: justify;\">Los vecinos y vecinas que deseen depositar enseres deben comunicarlo previamente al ayuntamiento informando de:<\/p>\n<ul style=\"text-align: justify;\">\n<li>Nombre y apellidos<\/li>\n<li>Los objetos que se depositar\u00e1n (m\u00e1ximo 5 por domicilio)<\/li>\n<li>Tel\u00e9fono de contacto<\/li>\n<li>Punto donde se depositar\u00e1n<\/li>\n<\/ul>\n<p style=\"text-align: justify;\">Los usuarios y usuarias del servicio Mugardos en L\u00ednea pueden hacer el aviso del dep\u00f3sito directamente a trav\u00e9s de este servicio. Simplemente tendr\u00e1n que enviar un mensaje con la direcci\u00f3n del dep\u00f3sito (siempre en el contedor m\u00e1s cercano al domicilio) y la relaci\u00f3n de elementos que se tengan previsto depositar. En el siguiente enlace puede accederse a la informaci\u00f3n relativa al servicio Mugardos en L\u00ednea:<\/p>\n<p style=\"text-align: justify;\"><img loading=\"lazy\" class=\"alignnone wp-image-602\" src=\"https:\/\/mugardos.gal\/wp-content\/uploads\/2020\/03\/web.png\" alt=\"\" width=\"30\" height=\"30\" \/> <a href=\"https:\/\/mugardos.gal\/es\/personal-hacienda-y-participacion\/mugardos-en-linea\/\">IR AL ENLACE Informaci\u00f3n sobre el servicio Mugardos en L\u00ednea<\/a><\/p>\n<p style=\"text-align: justify;\">La recogida de enseres se realiza el 1\u00b0 y 3\u00b0 lunes de cada mes.<\/p>\n<p style=\"text-align: justify;\">En todos os casos, el dep\u00f3sito de enseres solo puede hacerse el domingo anterior al lunes de recogida , <span style=\"text-decoration: underline;\"><em>en el contenedor m\u00e1s cercano al domicilio<\/em><\/span>. Depositar otro d\u00eda distinto empeora la limpieza del ayuntamiento, y seg\u00fan el RDL 6\/2015 del 30 de octubre puede dar lugar a la imposici\u00f3n de sanciones.<\/p>\n<p style=\"text-align: justify;\">Por otra parte no deben depositarse enseres si hay temporal (por el peligro de que los\u00a0 enseres puedan desplazarse con el viento y da\u00f1ar a personas o veh\u00edculos).<\/p>\n<p>[\/vc_column_text][\/vc_column][\/vc_row]\n","protected":false},"excerpt":{"rendered":"<p>[vc_row][vc_column][vc_separator color=\u00bbmulled_wine\u00bb style=\u00bbshadow\u00bb border_width=\u00bb4&#8243;][\/vc_column][\/vc_row][vc_row][vc_column width=\u00bb1\/4&#8243; offset=\u00bbvc_hidden-sm vc_hidden-xs\u00bb][vc_row_inner][vc_column_inner][vc_single_image image=\u00bb2998&#8243; img_size=\u00bbmedium\u00bb alignment=\u00bbcenter\u00bb style=\u00bbvc_box_shadow_3d\u00bb onclick=\u00bbcustom_link\u00bb css_animation=\u00bbnone\u00bb css=\u00bb.vc_custom_1590229861656{margin-top: 0px !important;}\u00bb link=\u00bbhttps:\/\/mugardos.gal\/obras-servizos-medio-ambiente\/contacto-co-departamento-obras-servizos-medio-ambiente\/\u00bb][vc_single_image image=\u00bb3008&#8243; img_size=\u00bbmedium\u00bb alignment=\u00bbcenter\u00bb style=\u00bbvc_box_shadow_3d\u00bb onclick=\u00bbcustom_link\u00bb css=\u00bb.vc_custom_1590228152748{margin-top: -40px !important;padding-top: px !important;}\u00bb link=\u00bbhttps:\/\/mugardos.gal\/obras-servizos-medio-ambiente\/solicitude-de-queima\/\u00bb][vc_single_image image=\u00bb3002&#8243; img_size=\u00bbmedium\u00bb alignment=\u00bbcenter\u00bb style=\u00bbvc_box_shadow_3d\u00bb onclick=\u00bbcustom_link\u00bb css=\u00bb.vc_custom_1590228168330{margin-top: -40px !important;}\u00bb link=\u00bbhttps:\/\/mugardos.gal\/obras-servizos-medio-ambiente\/informacion-sobre-reciclaxe\/\u00bb][vc_single_image image=\u00bb2994&#8243; img_size=\u00bbmedium\u00bb alignment=\u00bbcenter\u00bb style=\u00bbvc_box_shadow_3d\u00bb onclick=\u00bbcustom_link\u00bb css=\u00bb.vc_custom_1590228304835{margin-top: -40px !important;}\u00bb link=\u00bbhttps:\/\/mugardos.gal\/avisos-de-incidencias-e-avarias\/\u00bb][vc_single_image image=\u00bb3006&#8243; img_size=\u00bbmedium\u00bb alignment=\u00bbcenter\u00bb style=\u00bbvc_box_shadow_3d\u00bb onclick=\u00bbcustom_link\u00bb css=\u00bb.vc_custom_1590228310392{margin-top: -40px !important;}\u00bb link=\u00bbhttps:\/\/mugardos.gal\/obras-servizos-medio-ambiente\/solicitude-de-ocupacion-da-via-publica\/\u00bb][vc_single_image [&hellip;]<\/p>\n","protected":false},"author":4,"featured_media":0,"parent":697,"menu_order":0,"comment_status":"closed","ping_status":"closed","template":"","meta":[],"yoast_head":"<!-- This site is optimized with the Yoast SEO plugin v18.9 - https:\/\/yoast.com\/wordpress\/plugins\/seo\/ -->\n<title>SERVICIO DE RECOGIDA DE BASURA Y ENSERES - Concello de Mugardos<\/title>\n<meta name=\"robots\" content=\"index, follow, max-snippet:-1, max-image-preview:large, max-video-preview:-1\" \/>\n<link rel=\"canonical\" href=\"https:\/\/mugardos.gal\/es\/obras-servicios-y-medio-ambiente\/servicio-de-recogida-de-basura-y-enseres\/\" \/>\n<meta property=\"og:locale\" content=\"es_ES\" \/>\n<meta property=\"og:type\" content=\"article\" \/>\n<meta property=\"og:title\" content=\"SERVICIO DE RECOGIDA DE BASURA Y ENSERES - Concello de Mugardos\" \/>\n<meta property=\"og:description\" content=\"[vc_row][vc_column][vc_separator color=\u00bbmulled_wine\u00bb style=\u00bbshadow\u00bb border_width=\u00bb4&#8243;][\/vc_column][\/vc_row][vc_row][vc_column width=\u00bb1\/4&#8243; offset=\u00bbvc_hidden-sm vc_hidden-xs\u00bb][vc_row_inner][vc_column_inner][vc_single_image image=\u00bb2998&#8243; img_size=\u00bbmedium\u00bb alignment=\u00bbcenter\u00bb style=\u00bbvc_box_shadow_3d\u00bb onclick=\u00bbcustom_link\u00bb css_animation=\u00bbnone\u00bb css=\u00bb.vc_custom_1590229861656{margin-top: 0px !important;}\u00bb link=\u00bbhttps:\/\/mugardos.gal\/obras-servizos-medio-ambiente\/contacto-co-departamento-obras-servizos-medio-ambiente\/\u00bb][vc_single_image image=\u00bb3008&#8243; img_size=\u00bbmedium\u00bb alignment=\u00bbcenter\u00bb style=\u00bbvc_box_shadow_3d\u00bb onclick=\u00bbcustom_link\u00bb css=\u00bb.vc_custom_1590228152748{margin-top: -40px !important;padding-top: px !important;}\u00bb link=\u00bbhttps:\/\/mugardos.gal\/obras-servizos-medio-ambiente\/solicitude-de-queima\/\u00bb][vc_single_image image=\u00bb3002&#8243; img_size=\u00bbmedium\u00bb alignment=\u00bbcenter\u00bb style=\u00bbvc_box_shadow_3d\u00bb onclick=\u00bbcustom_link\u00bb css=\u00bb.vc_custom_1590228168330{margin-top: -40px !important;}\u00bb link=\u00bbhttps:\/\/mugardos.gal\/obras-servizos-medio-ambiente\/informacion-sobre-reciclaxe\/\u00bb][vc_single_image image=\u00bb2994&#8243; img_size=\u00bbmedium\u00bb alignment=\u00bbcenter\u00bb style=\u00bbvc_box_shadow_3d\u00bb onclick=\u00bbcustom_link\u00bb css=\u00bb.vc_custom_1590228304835{margin-top: -40px !important;}\u00bb link=\u00bbhttps:\/\/mugardos.gal\/avisos-de-incidencias-e-avarias\/\u00bb][vc_single_image image=\u00bb3006&#8243; img_size=\u00bbmedium\u00bb alignment=\u00bbcenter\u00bb style=\u00bbvc_box_shadow_3d\u00bb onclick=\u00bbcustom_link\u00bb css=\u00bb.vc_custom_1590228310392{margin-top: -40px !important;}\u00bb link=\u00bbhttps:\/\/mugardos.gal\/obras-servizos-medio-ambiente\/solicitude-de-ocupacion-da-via-publica\/\u00bb][vc_single_image [&hellip;]\" \/>\n<meta property=\"og:url\" content=\"https:\/\/mugardos.gal\/es\/obras-servicios-y-medio-ambiente\/servicio-de-recogida-de-basura-y-enseres\/\" \/>\n<meta property=\"og:site_name\" content=\"Concello de Mugardos\" \/>\n<meta property=\"article:modified_time\" content=\"2024-07-31T11:09:13+00:00\" \/>\n<meta property=\"og:image\" content=\"https:\/\/mugardos.gal\/wp-content\/uploads\/2020\/03\/telefono.png\" \/>\n<meta name=\"twitter:card\" content=\"summary_large_image\" \/>\n<meta name=\"twitter:label1\" content=\"Tiempo de lectura\" \/>\n\t<meta name=\"twitter:data1\" content=\"4 minutos\" \/>\n<script type=\"application\/ld+json\" class=\"yoast-schema-graph\">{\"@context\":\"https:\/\/schema.org\",\"@graph\":[{\"@type\":\"WebSite\",\"@id\":\"https:\/\/mugardos.gal\/#website\",\"url\":\"https:\/\/mugardos.gal\/\",\"name\":\"Concello de Mugardos\",\"description\":\"\",\"potentialAction\":[{\"@type\":\"SearchAction\",\"target\":{\"@type\":\"EntryPoint\",\"urlTemplate\":\"https:\/\/mugardos.gal\/?s={search_term_string}\"},\"query-input\":\"required name=search_term_string\"}],\"inLanguage\":\"es\"},{\"@type\":\"ImageObject\",\"inLanguage\":\"es\",\"@id\":\"https:\/\/mugardos.gal\/es\/obras-servicios-y-medio-ambiente\/servicio-de-recogida-de-basura-y-enseres\/#primaryimage\",\"url\":\"https:\/\/mugardos.gal\/wp-content\/uploads\/2020\/03\/telefono.png\",\"contentUrl\":\"https:\/\/mugardos.gal\/wp-content\/uploads\/2020\/03\/telefono.png\",\"width\":100,\"height\":100},{\"@type\":\"WebPage\",\"@id\":\"https:\/\/mugardos.gal\/es\/obras-servicios-y-medio-ambiente\/servicio-de-recogida-de-basura-y-enseres\/#webpage\",\"url\":\"https:\/\/mugardos.gal\/es\/obras-servicios-y-medio-ambiente\/servicio-de-recogida-de-basura-y-enseres\/\",\"name\":\"SERVICIO DE RECOGIDA DE BASURA Y ENSERES - Concello de Mugardos\",\"isPartOf\":{\"@id\":\"https:\/\/mugardos.gal\/#website\"},\"primaryImageOfPage\":{\"@id\":\"https:\/\/mugardos.gal\/es\/obras-servicios-y-medio-ambiente\/servicio-de-recogida-de-basura-y-enseres\/#primaryimage\"},\"datePublished\":\"2020-05-25T10:19:26+00:00\",\"dateModified\":\"2024-07-31T11:09:13+00:00\",\"breadcrumb\":{\"@id\":\"https:\/\/mugardos.gal\/es\/obras-servicios-y-medio-ambiente\/servicio-de-recogida-de-basura-y-enseres\/#breadcrumb\"},\"inLanguage\":\"es\",\"potentialAction\":[{\"@type\":\"ReadAction\",\"target\":[\"https:\/\/mugardos.gal\/es\/obras-servicios-y-medio-ambiente\/servicio-de-recogida-de-basura-y-enseres\/\"]}]},{\"@type\":\"BreadcrumbList\",\"@id\":\"https:\/\/mugardos.gal\/es\/obras-servicios-y-medio-ambiente\/servicio-de-recogida-de-basura-y-enseres\/#breadcrumb\",\"itemListElement\":[{\"@type\":\"ListItem\",\"position\":1,\"name\":\"Portada\",\"item\":\"https:\/\/mugardos.gal\/es\/\"},{\"@type\":\"ListItem\",\"position\":2,\"name\":\"OBRAS, SERVICIOS Y MEDIO AMBIENTE\",\"item\":\"https:\/\/mugardos.gal\/es\/obras-servicios-y-medio-ambiente\/\"},{\"@type\":\"ListItem\",\"position\":3,\"name\":\"SERVICIO DE RECOGIDA DE BASURA Y ENSERES\"}]}]}<\/script>\n<!-- \/ Yoast SEO plugin. -->","yoast_head_json":{"title":"SERVICIO DE RECOGIDA DE BASURA Y ENSERES - Concello de Mugardos","robots":{"index":"index","follow":"follow","max-snippet":"max-snippet:-1","max-image-preview":"max-image-preview:large","max-video-preview":"max-video-preview:-1"},"canonical":"https:\/\/mugardos.gal\/es\/obras-servicios-y-medio-ambiente\/servicio-de-recogida-de-basura-y-enseres\/","og_locale":"es_ES","og_type":"article","og_title":"SERVICIO DE RECOGIDA DE BASURA Y ENSERES - Concello de Mugardos","og_description":"[vc_row][vc_column][vc_separator color=\u00bbmulled_wine\u00bb style=\u00bbshadow\u00bb border_width=\u00bb4&#8243;][\/vc_column][\/vc_row][vc_row][vc_column width=\u00bb1\/4&#8243; offset=\u00bbvc_hidden-sm vc_hidden-xs\u00bb][vc_row_inner][vc_column_inner][vc_single_image image=\u00bb2998&#8243; img_size=\u00bbmedium\u00bb alignment=\u00bbcenter\u00bb style=\u00bbvc_box_shadow_3d\u00bb onclick=\u00bbcustom_link\u00bb css_animation=\u00bbnone\u00bb css=\u00bb.vc_custom_1590229861656{margin-top: 0px !important;}\u00bb link=\u00bbhttps:\/\/mugardos.gal\/obras-servizos-medio-ambiente\/contacto-co-departamento-obras-servizos-medio-ambiente\/\u00bb][vc_single_image image=\u00bb3008&#8243; img_size=\u00bbmedium\u00bb alignment=\u00bbcenter\u00bb style=\u00bbvc_box_shadow_3d\u00bb onclick=\u00bbcustom_link\u00bb css=\u00bb.vc_custom_1590228152748{margin-top: -40px !important;padding-top: px !important;}\u00bb link=\u00bbhttps:\/\/mugardos.gal\/obras-servizos-medio-ambiente\/solicitude-de-queima\/\u00bb][vc_single_image image=\u00bb3002&#8243; img_size=\u00bbmedium\u00bb alignment=\u00bbcenter\u00bb style=\u00bbvc_box_shadow_3d\u00bb onclick=\u00bbcustom_link\u00bb css=\u00bb.vc_custom_1590228168330{margin-top: -40px !important;}\u00bb link=\u00bbhttps:\/\/mugardos.gal\/obras-servizos-medio-ambiente\/informacion-sobre-reciclaxe\/\u00bb][vc_single_image image=\u00bb2994&#8243; img_size=\u00bbmedium\u00bb alignment=\u00bbcenter\u00bb style=\u00bbvc_box_shadow_3d\u00bb onclick=\u00bbcustom_link\u00bb css=\u00bb.vc_custom_1590228304835{margin-top: -40px !important;}\u00bb link=\u00bbhttps:\/\/mugardos.gal\/avisos-de-incidencias-e-avarias\/\u00bb][vc_single_image image=\u00bb3006&#8243; img_size=\u00bbmedium\u00bb alignment=\u00bbcenter\u00bb style=\u00bbvc_box_shadow_3d\u00bb onclick=\u00bbcustom_link\u00bb css=\u00bb.vc_custom_1590228310392{margin-top: -40px !important;}\u00bb link=\u00bbhttps:\/\/mugardos.gal\/obras-servizos-medio-ambiente\/solicitude-de-ocupacion-da-via-publica\/\u00bb][vc_single_image [&hellip;]","og_url":"https:\/\/mugardos.gal\/es\/obras-servicios-y-medio-ambiente\/servicio-de-recogida-de-basura-y-enseres\/","og_site_name":"Concello de Mugardos","article_modified_time":"2024-07-31T11:09:13+00:00","og_image":[{"url":"https:\/\/mugardos.gal\/wp-content\/uploads\/2020\/03\/telefono.png"}],"twitter_card":"summary_large_image","twitter_misc":{"Tiempo de lectura":"4 minutos"},"schema":{"@context":"https:\/\/schema.org","@graph":[{"@type":"WebSite","@id":"https:\/\/mugardos.gal\/#website","url":"https:\/\/mugardos.gal\/","name":"Concello de Mugardos","description":"","potentialAction":[{"@type":"SearchAction","target":{"@type":"EntryPoint","urlTemplate":"https:\/\/mugardos.gal\/?s={search_term_string}"},"query-input":"required name=search_term_string"}],"inLanguage":"es"},{"@type":"ImageObject","inLanguage":"es","@id":"https:\/\/mugardos.gal\/es\/obras-servicios-y-medio-ambiente\/servicio-de-recogida-de-basura-y-enseres\/#primaryimage","url":"https:\/\/mugardos.gal\/wp-content\/uploads\/2020\/03\/telefono.png","contentUrl":"https:\/\/mugardos.gal\/wp-content\/uploads\/2020\/03\/telefono.png","width":100,"height":100},{"@type":"WebPage","@id":"https:\/\/mugardos.gal\/es\/obras-servicios-y-medio-ambiente\/servicio-de-recogida-de-basura-y-enseres\/#webpage","url":"https:\/\/mugardos.gal\/es\/obras-servicios-y-medio-ambiente\/servicio-de-recogida-de-basura-y-enseres\/","name":"SERVICIO DE RECOGIDA DE BASURA Y ENSERES - Concello de Mugardos","isPartOf":{"@id":"https:\/\/mugardos.gal\/#website"},"primaryImageOfPage":{"@id":"https:\/\/mugardos.gal\/es\/obras-servicios-y-medio-ambiente\/servicio-de-recogida-de-basura-y-enseres\/#primaryimage"},"datePublished":"2020-05-25T10:19:26+00:00","dateModified":"2024-07-31T11:09:13+00:00","breadcrumb":{"@id":"https:\/\/mugardos.gal\/es\/obras-servicios-y-medio-ambiente\/servicio-de-recogida-de-basura-y-enseres\/#breadcrumb"},"inLanguage":"es","potentialAction":[{"@type":"ReadAction","target":["https:\/\/mugardos.gal\/es\/obras-servicios-y-medio-ambiente\/servicio-de-recogida-de-basura-y-enseres\/"]}]},{"@type":"BreadcrumbList","@id":"https:\/\/mugardos.gal\/es\/obras-servicios-y-medio-ambiente\/servicio-de-recogida-de-basura-y-enseres\/#breadcrumb","itemListElement":[{"@type":"ListItem","position":1,"name":"Portada","item":"https:\/\/mugardos.gal\/es\/"},{"@type":"ListItem","position":2,"name":"OBRAS, SERVICIOS Y MEDIO AMBIENTE","item":"https:\/\/mugardos.gal\/es\/obras-servicios-y-medio-ambiente\/"},{"@type":"ListItem","position":3,"name":"SERVICIO DE RECOGIDA DE BASURA Y ENSERES"}]}]}},"_links":{"self":[{"href":"https:\/\/mugardos.gal\/es\/wp-json\/wp\/v2\/pages\/3277"}],"collection":[{"href":"https:\/\/mugardos.gal\/es\/wp-json\/wp\/v2\/pages"}],"about":[{"href":"https:\/\/mugardos.gal\/es\/wp-json\/wp\/v2\/types\/page"}],"author":[{"embeddable":true,"href":"https:\/\/mugardos.gal\/es\/wp-json\/wp\/v2\/users\/4"}],"replies":[{"embeddable":true,"href":"https:\/\/mugardos.gal\/es\/wp-json\/wp\/v2\/comments?post=3277"}],"version-history":[{"count":3,"href":"https:\/\/mugardos.gal\/es\/wp-json\/wp\/v2\/pages\/3277\/revisions"}],"predecessor-version":[{"id":21879,"href":"https:\/\/mugardos.gal\/es\/wp-json\/wp\/v2\/pages\/3277\/revisions\/21879"}],"up":[{"embeddable":true,"href":"https:\/\/mugardos.gal\/es\/wp-json\/wp\/v2\/pages\/697"}],"wp:attachment":[{"href":"https:\/\/mugardos.gal\/es\/wp-json\/wp\/v2\/media?parent=3277"}],"curies":[{"name":"wp","href":"https:\/\/api.w.org\/{rel}","templated":true}]}}