{"id":17393,"date":"2022-10-28T11:04:06","date_gmt":"2022-10-28T09:04:06","guid":{"rendered":"https:\/\/mugardos.gal\/?page_id=17393"},"modified":"2022-10-28T11:38:31","modified_gmt":"2022-10-28T09:38:31","slug":"rincon-animal","status":"publish","type":"page","link":"https:\/\/mugardos.gal\/es\/rincon-animal\/","title":{"rendered":"RINC\u00d3N ANIMAL"},"content":{"rendered":"<p>[vc_row][vc_column][vc_separator color=\u00bbchino\u00bb style=\u00bbshadow\u00bb border_width=\u00bb4&#8243;][\/vc_column][\/vc_row][vc_row][vc_column width=\u00bb1\/4&#8243; offset=\u00bbvc_hidden-sm vc_hidden-xs\u00bb][vc_column_text]\n<!-- PRESSVILLE POSTS : begin -->\n<section class=\"lsvr-pressville-post-grid lsvr-pressville-post-grid--posts lsvr-pressville-post-grid--layout-title-top lsvr-pressville-post-grid--dark-bg\"\n    >\n    <div class=\"lsvr-pressville-post-grid__inner\">\n        <div class=\"lsvr-container\">\n            <div class=\"lsvr-pressville-post-grid__content\">\n\n                \n                    <header class=\"lsvr-pressville-post-grid__header\">\n\n                        \n                            <h2 class=\"lsvr-pressville-post-grid__title\">\u00daLTIMAS NOVAS<\/h2>\n\n                        \n                        \n                        \n                        \n                            <span class=\"icon-newspaper-o lsvr-pressville-post-grid__icon\" aria-hidden=\"true\"><\/span>\n\n                        \n                    <\/header>\n\n                \n                \n                    <div class=\"lsvr-pressville-post-grid__list-wrapper\">\n                        <div class=\"lsvr-grid lsvr-grid--1-cols lsvr-pressville-post-grid__list lsvr-pressville-post-grid__list--2-items\"\n                            data-columns-count=\"1\">\n\n                            \n                                <div class=\"lsvr-grid__col lsvr-grid__col--span-12 lsvr-pressville-post-grid__item\">\n\n                                    <article class=\"lsvr-pressville-post-grid__post post-25791 post type-post status-publish format-standard has-post-thumbnail hentry category-noticias category-obras-servicios-y-medio-ambiente\"                                         style=\"background-image: url( https:\/\/mugardos.gal\/wp-content\/uploads\/2025\/11\/PLAYAS-1024x1024.jpg );\">\n                                        <div class=\"lsvr-pressville-post-grid__post-inner\">\n                                            <div class=\"lsvr-pressville-post-grid__post-bg\">\n\n                                                <div class=\"lsvr-pressville-post-grid__post-content\">\n\n                                                    <h3 class=\"lsvr-pressville-post-grid__post-title\">\n                                                        <a href=\"https:\/\/mugardos.gal\/es\/el-concello-de-mugardos-consigue-la-subvencion-para-la-limpieza-de-playas-en-el-verano\/\" class=\"lsvr-pressville-post-grid__post-title-link\" rel=\"bookmark\">EL CONCELLO DE MUGARDOS CONSIGUE LA SUBVENCI\u00d3N PARA LA LIMPIEZA DE PLAYAS EN EL VERANO<\/a>\n                                                    <\/h3>\n\n                                                    <p class=\"lsvr-pressville-post-grid__post-meta\">\n\n                                                        <span class=\"lsvr-pressville-post-grid__post-meta-date\" role=\"group\">20 abril 2026<\/span>\n\n                                                        \n                                                            <span class=\"lsvr-pressville-post-grid__post-meta-categories\" role=\"group\">\n\t\t\t<span class=\"post__categories\">\n\t\t\t\ten <a href=\"https:\/\/mugardos.gal\/es\/categoria\/noticias\/\" class=\"post__category-link\">NOTICIAS<\/a>\t\t\t<\/span>\n\n\t\t<\/span>\n\n                                                        \n                                                    <\/p>\n\n                                                <\/div>\n\n                                                <a href=\"https:\/\/mugardos.gal\/es\/el-concello-de-mugardos-consigue-la-subvencion-para-la-limpieza-de-playas-en-el-verano\/\" class=\"lsvr-pressville-post-grid__post-overlay-link\">\n                                                    <span class=\"screen-reader-text\">More<\/span>\n                                                <\/a>\n\n                                            <\/div>\n                                        <\/div>\n                                    <\/article>\n\n                                <\/div>\n\n                            \n                                <div class=\"lsvr-grid__col lsvr-grid__col--span-12 lsvr-pressville-post-grid__item\">\n\n                                    <article class=\"lsvr-pressville-post-grid__post post-25783 post type-post status-publish format-standard has-post-thumbnail hentry category-noticias category-obras-servicios-y-medio-ambiente\"                                         style=\"background-image: url( https:\/\/mugardos.gal\/wp-content\/uploads\/2026\/02\/Casa-do-Concello.jpg );\">\n                                        <div class=\"lsvr-pressville-post-grid__post-inner\">\n                                            <div class=\"lsvr-pressville-post-grid__post-bg\">\n\n                                                <div class=\"lsvr-pressville-post-grid__post-content\">\n\n                                                    <h3 class=\"lsvr-pressville-post-grid__post-title\">\n                                                        <a href=\"https:\/\/mugardos.gal\/es\/el-concello-de-mugardos-ampliara-los-contenedores-de-reciclaje-de-envases-y-papel-mediante-un-acuerdo-con-ecoembes\/\" class=\"lsvr-pressville-post-grid__post-title-link\" rel=\"bookmark\">EL CONCELLO DE MUGARDOS AMPLIAR\u00c1 LOS CONTENEDORES DE RECICLAJE DE ENVASES Y PAPEL MEDIANTE UN ACUERDO CON ECOEMBES<\/a>\n                                                    <\/h3>\n\n                                                    <p class=\"lsvr-pressville-post-grid__post-meta\">\n\n                                                        <span class=\"lsvr-pressville-post-grid__post-meta-date\" role=\"group\">15 abril 2026<\/span>\n\n                                                        \n                                                            <span class=\"lsvr-pressville-post-grid__post-meta-categories\" role=\"group\">\n\t\t\t<span class=\"post__categories\">\n\t\t\t\ten <a href=\"https:\/\/mugardos.gal\/es\/categoria\/noticias\/\" class=\"post__category-link\">NOTICIAS<\/a>\t\t\t<\/span>\n\n\t\t<\/span>\n\n                                                        \n                                                    <\/p>\n\n                                                <\/div>\n\n                                                <a href=\"https:\/\/mugardos.gal\/es\/el-concello-de-mugardos-ampliara-los-contenedores-de-reciclaje-de-envases-y-papel-mediante-un-acuerdo-con-ecoembes\/\" class=\"lsvr-pressville-post-grid__post-overlay-link\">\n                                                    <span class=\"screen-reader-text\">More<\/span>\n                                                <\/a>\n\n                                            <\/div>\n                                        <\/div>\n                                    <\/article>\n\n                                <\/div>\n\n                            \n                        <\/div>\n                    <\/div>\n\n                \n                \n                    <footer class=\"lsvr-pressville-post-grid__footer\">\n\n                        <p class=\"lsvr-pressville-post-grid__more lsvr-pressville-post-grid__more--bottom\">\n\n                            \n                                <a href=\"https:\/\/mugardos.gal\/es\/categoria\/noticias\/\" class=\"c-button lsvr-pressville-post-grid__more-link\">M\u00c1IS NOVAS<\/a>\n\n                            \n                        <\/p>\n\n                    <\/footer>\n\n                \n            <\/div>\n        <\/div>\n    <\/div>\n<\/section>\n<!-- PRESSVILLE POSTS : end -->\n\n[\/vc_column_text][\/vc_column][vc_column width=\u00bb3\/4&#8243;][vc_column_text]<img loading=\"lazy\" class=\"aligncenter wp-image-17472 size-large\" src=\"https:\/\/mugardos.gal\/wp-content\/uploads\/2022\/10\/RINCON-2-1024x546.png\" alt=\"\" width=\"1024\" height=\"546\" srcset=\"https:\/\/mugardos.gal\/wp-content\/uploads\/2022\/10\/RINCON-2-1024x546.png 1024w, https:\/\/mugardos.gal\/wp-content\/uploads\/2022\/10\/RINCON-2-300x160.png 300w, https:\/\/mugardos.gal\/wp-content\/uploads\/2022\/10\/RINCON-2-768x410.png 768w, https:\/\/mugardos.gal\/wp-content\/uploads\/2022\/10\/RINCON-2-1536x820.png 1536w, https:\/\/mugardos.gal\/wp-content\/uploads\/2022\/10\/RINCON-2-2048x1093.png 2048w\" sizes=\"(max-width: 1024px) 100vw, 1024px\" \/><\/p>\n<p style=\"text-align: center;\"><strong><a href=\"https:\/\/mugardos.gal\/wp-content\/uploads\/2022\/10\/ORDENANZA-MUNICIPAL-DE-TENZA-E-BENESTAR-DOS-ANIMAIS-DE-COMPANIA.pdf\">ORDENANZA MUNICIPAL DE TENENCIA Y BIENESTAR DE LOS ANIMALES DE COMPA\u00d1\u00cdA<\/a><\/strong><\/p>\n<p>[\/vc_column_text][vc_tta_accordion active_section=\u00bb0&#8243; collapsible_all=\u00bbtrue\u00bb][vc_tta_section title=\u00bbCAMPA\u00d1A PLAYAS CANINAS\u00bb tab_id=\u00bb1666887467486-d8f9a7da-f284&#8243;][vc_column_text]<a href=\"https:\/\/mugardos.gal\/wp-content\/uploads\/2022\/10\/diptico_o.pdf\">D\u00cdPTICO PLAYAS CANINAS<\/a><\/p>\n<p><a href=\"https:\/\/mugardos.gal\/wp-content\/uploads\/2022\/10\/rotulo.pdf\">R\u00d3TULO PLAYAS CANINAS<\/a>[\/vc_column_text][\/vc_tta_section][vc_tta_section title=\u00bbCAMPA\u00d1A CER (CAPTURA &#8211; ESTERILIZACI\u00d3N &#8211; RETORNO)\u00bb tab_id=\u00bb1590311637624-a00e64b6-f3dd\u00bb][vc_column_text]<a href=\"https:\/\/mugardos.gal\/wp-content\/uploads\/2022\/10\/FOLLETO-COLONIAS-FELINAS.pdf\">FOLLETO CER &#8211; COLONIAS FELINAS<\/a>[\/vc_column_text][\/vc_tta_section][vc_tta_section title=\u00bbCAMPA\u00d1A DE LA ORDENANZA MUNICIPAL DE TENENCIA Y BIENESTAR DE LOS ANIMALES DE COMPA\u00d1\u00cdA\u00bb tab_id=\u00bb1666942212224-01092b0e-529c\u00bb][vc_column_text]<a href=\"https:\/\/mugardos.gal\/wp-content\/uploads\/2022\/10\/folleto_ORDENANZA.pdf\">FOLLETO QUERER \u00c9 COIDAR<\/a><\/p>\n<p><a href=\"https:\/\/mugardos.gal\/wp-content\/uploads\/2022\/10\/cartel_ORDENANZA.pdf\">CARTEL QUERER \u00c9 COIDAR<\/a>[\/vc_column_text][\/vc_tta_section][vc_tta_section title=\u00bbCAMPA\u00d1A NAVIDAD 2021&#8243; tab_id=\u00bb1590311638036-ea7233d6-44fe\u00bb][vc_column_text]<a href=\"https:\/\/mugardos.gal\/wp-content\/uploads\/2022\/10\/CARTEL_CAMPANA_NADAL_2021.pdf\">CARTEL_CAMPA\u00d1A_DE NAVIDAD_2021<\/a>[\/vc_column_text][\/vc_tta_section][vc_tta_section title=\u00bbCAMPA\u00d1A NAVIDAD 2020&#8243; tab_id=\u00bb1590311618826-5d4a6e4a-3d95&#8243;][vc_column_text]<a href=\"https:\/\/mugardos.gal\/wp-content\/uploads\/2022\/10\/Flyer_Non_son_xoguetes.pdf\">NON SON XOGUETES<\/a>[\/vc_column_text][\/vc_tta_section][\/vc_tta_accordion][\/vc_column][\/vc_row][vc_row][vc_column][vc_column_text]\n<p>[\/vc_column_text][\/vc_column][\/vc_row]\n","protected":false},"excerpt":{"rendered":"<p>[vc_row][vc_column][vc_separator color=\u00bbchino\u00bb style=\u00bbshadow\u00bb border_width=\u00bb4&#8243;][\/vc_column][\/vc_row][vc_row][vc_column width=\u00bb1\/4&#8243; offset=\u00bbvc_hidden-sm vc_hidden-xs\u00bb][vc_column_text][\/vc_column_text][\/vc_column][vc_column width=\u00bb3\/4&#8243;][vc_column_text] ORDENANZA MUNICIPAL DE TENENCIA Y BIENESTAR DE LOS ANIMALES DE COMPA\u00d1\u00cdA [\/vc_column_text][vc_tta_accordion active_section=\u00bb0&#8243; collapsible_all=\u00bbtrue\u00bb][vc_tta_section title=\u00bbCAMPA\u00d1A PLAYAS CANINAS\u00bb tab_id=\u00bb1666887467486-d8f9a7da-f284&#8243;][vc_column_text]D\u00cdPTICO PLAYAS CANINAS R\u00d3TULO PLAYAS CANINAS[\/vc_column_text][\/vc_tta_section][vc_tta_section title=\u00bbCAMPA\u00d1A CER (CAPTURA &#8211; ESTERILIZACI\u00d3N &#8211; RETORNO)\u00bb tab_id=\u00bb1590311637624-a00e64b6-f3dd\u00bb][vc_column_text]FOLLETO CER &#8211; COLONIAS FELINAS[\/vc_column_text][\/vc_tta_section][vc_tta_section title=\u00bbCAMPA\u00d1A DE LA ORDENANZA MUNICIPAL DE TENENCIA Y BIENESTAR DE LOS ANIMALES [&hellip;]<\/p>\n","protected":false},"author":5,"featured_media":0,"parent":0,"menu_order":0,"comment_status":"closed","ping_status":"closed","template":"","meta":[],"yoast_head":"<!-- This site is optimized with the Yoast SEO plugin v18.9 - https:\/\/yoast.com\/wordpress\/plugins\/seo\/ -->\n<title>RINC\u00d3N ANIMAL - Concello de Mugardos<\/title>\n<meta name=\"robots\" content=\"index, follow, max-snippet:-1, max-image-preview:large, max-video-preview:-1\" \/>\n<link rel=\"canonical\" href=\"https:\/\/mugardos.gal\/es\/rincon-animal\/\" \/>\n<meta property=\"og:locale\" content=\"es_ES\" \/>\n<meta property=\"og:type\" content=\"article\" \/>\n<meta property=\"og:title\" content=\"RINC\u00d3N ANIMAL - Concello de Mugardos\" \/>\n<meta property=\"og:description\" content=\"[vc_row][vc_column][vc_separator color=\u00bbchino\u00bb style=\u00bbshadow\u00bb border_width=\u00bb4&#8243;][\/vc_column][\/vc_row][vc_row][vc_column width=\u00bb1\/4&#8243; offset=\u00bbvc_hidden-sm vc_hidden-xs\u00bb][vc_column_text][\/vc_column_text][\/vc_column][vc_column width=\u00bb3\/4&#8243;][vc_column_text] ORDENANZA MUNICIPAL DE TENENCIA Y BIENESTAR DE LOS ANIMALES DE COMPA\u00d1\u00cdA [\/vc_column_text][vc_tta_accordion active_section=\u00bb0&#8243; collapsible_all=\u00bbtrue\u00bb][vc_tta_section title=\u00bbCAMPA\u00d1A PLAYAS CANINAS\u00bb tab_id=\u00bb1666887467486-d8f9a7da-f284&#8243;][vc_column_text]D\u00cdPTICO PLAYAS CANINAS R\u00d3TULO PLAYAS CANINAS[\/vc_column_text][\/vc_tta_section][vc_tta_section title=\u00bbCAMPA\u00d1A CER (CAPTURA &#8211; ESTERILIZACI\u00d3N &#8211; RETORNO)\u00bb tab_id=\u00bb1590311637624-a00e64b6-f3dd\u00bb][vc_column_text]FOLLETO CER &#8211; COLONIAS FELINAS[\/vc_column_text][\/vc_tta_section][vc_tta_section title=\u00bbCAMPA\u00d1A DE LA ORDENANZA MUNICIPAL DE TENENCIA Y BIENESTAR DE LOS ANIMALES [&hellip;]\" \/>\n<meta property=\"og:url\" content=\"https:\/\/mugardos.gal\/es\/rincon-animal\/\" \/>\n<meta property=\"og:site_name\" content=\"Concello de Mugardos\" \/>\n<meta property=\"article:modified_time\" content=\"2022-10-28T09:38:31+00:00\" \/>\n<meta property=\"og:image\" content=\"https:\/\/mugardos.gal\/wp-content\/uploads\/2022\/10\/RINCON-2-1024x546.png\" \/>\n<meta name=\"twitter:card\" content=\"summary_large_image\" \/>\n<meta name=\"twitter:label1\" content=\"Tiempo de lectura\" \/>\n\t<meta name=\"twitter:data1\" content=\"4 minutos\" \/>\n<script type=\"application\/ld+json\" class=\"yoast-schema-graph\">{\"@context\":\"https:\/\/schema.org\",\"@graph\":[{\"@type\":\"WebSite\",\"@id\":\"https:\/\/mugardos.gal\/#website\",\"url\":\"https:\/\/mugardos.gal\/\",\"name\":\"Concello de Mugardos\",\"description\":\"\",\"potentialAction\":[{\"@type\":\"SearchAction\",\"target\":{\"@type\":\"EntryPoint\",\"urlTemplate\":\"https:\/\/mugardos.gal\/?s={search_term_string}\"},\"query-input\":\"required name=search_term_string\"}],\"inLanguage\":\"es\"},{\"@type\":\"ImageObject\",\"inLanguage\":\"es\",\"@id\":\"https:\/\/mugardos.gal\/es\/rincon-animal\/#primaryimage\",\"url\":\"https:\/\/mugardos.gal\/wp-content\/uploads\/2022\/10\/RINCON-2.png\",\"contentUrl\":\"https:\/\/mugardos.gal\/wp-content\/uploads\/2022\/10\/RINCON-2.png\",\"width\":3287,\"height\":1754},{\"@type\":\"WebPage\",\"@id\":\"https:\/\/mugardos.gal\/es\/rincon-animal\/#webpage\",\"url\":\"https:\/\/mugardos.gal\/es\/rincon-animal\/\",\"name\":\"RINC\u00d3N ANIMAL - Concello de Mugardos\",\"isPartOf\":{\"@id\":\"https:\/\/mugardos.gal\/#website\"},\"primaryImageOfPage\":{\"@id\":\"https:\/\/mugardos.gal\/es\/rincon-animal\/#primaryimage\"},\"datePublished\":\"2022-10-28T09:04:06+00:00\",\"dateModified\":\"2022-10-28T09:38:31+00:00\",\"breadcrumb\":{\"@id\":\"https:\/\/mugardos.gal\/es\/rincon-animal\/#breadcrumb\"},\"inLanguage\":\"es\",\"potentialAction\":[{\"@type\":\"ReadAction\",\"target\":[\"https:\/\/mugardos.gal\/es\/rincon-animal\/\"]}]},{\"@type\":\"BreadcrumbList\",\"@id\":\"https:\/\/mugardos.gal\/es\/rincon-animal\/#breadcrumb\",\"itemListElement\":[{\"@type\":\"ListItem\",\"position\":1,\"name\":\"Portada\",\"item\":\"https:\/\/mugardos.gal\/es\/\"},{\"@type\":\"ListItem\",\"position\":2,\"name\":\"RINC\u00d3N ANIMAL\"}]}]}<\/script>\n<!-- \/ Yoast SEO plugin. -->","yoast_head_json":{"title":"RINC\u00d3N ANIMAL - Concello de Mugardos","robots":{"index":"index","follow":"follow","max-snippet":"max-snippet:-1","max-image-preview":"max-image-preview:large","max-video-preview":"max-video-preview:-1"},"canonical":"https:\/\/mugardos.gal\/es\/rincon-animal\/","og_locale":"es_ES","og_type":"article","og_title":"RINC\u00d3N ANIMAL - Concello de Mugardos","og_description":"[vc_row][vc_column][vc_separator color=\u00bbchino\u00bb style=\u00bbshadow\u00bb border_width=\u00bb4&#8243;][\/vc_column][\/vc_row][vc_row][vc_column width=\u00bb1\/4&#8243; offset=\u00bbvc_hidden-sm vc_hidden-xs\u00bb][vc_column_text][\/vc_column_text][\/vc_column][vc_column width=\u00bb3\/4&#8243;][vc_column_text] ORDENANZA MUNICIPAL DE TENENCIA Y BIENESTAR DE LOS ANIMALES DE COMPA\u00d1\u00cdA [\/vc_column_text][vc_tta_accordion active_section=\u00bb0&#8243; collapsible_all=\u00bbtrue\u00bb][vc_tta_section title=\u00bbCAMPA\u00d1A PLAYAS CANINAS\u00bb tab_id=\u00bb1666887467486-d8f9a7da-f284&#8243;][vc_column_text]D\u00cdPTICO PLAYAS CANINAS R\u00d3TULO PLAYAS CANINAS[\/vc_column_text][\/vc_tta_section][vc_tta_section title=\u00bbCAMPA\u00d1A CER (CAPTURA &#8211; ESTERILIZACI\u00d3N &#8211; RETORNO)\u00bb tab_id=\u00bb1590311637624-a00e64b6-f3dd\u00bb][vc_column_text]FOLLETO CER &#8211; COLONIAS FELINAS[\/vc_column_text][\/vc_tta_section][vc_tta_section title=\u00bbCAMPA\u00d1A DE LA ORDENANZA MUNICIPAL DE TENENCIA Y BIENESTAR DE LOS ANIMALES [&hellip;]","og_url":"https:\/\/mugardos.gal\/es\/rincon-animal\/","og_site_name":"Concello de Mugardos","article_modified_time":"2022-10-28T09:38:31+00:00","og_image":[{"url":"https:\/\/mugardos.gal\/wp-content\/uploads\/2022\/10\/RINCON-2-1024x546.png"}],"twitter_card":"summary_large_image","twitter_misc":{"Tiempo de lectura":"4 minutos"},"schema":{"@context":"https:\/\/schema.org","@graph":[{"@type":"WebSite","@id":"https:\/\/mugardos.gal\/#website","url":"https:\/\/mugardos.gal\/","name":"Concello de Mugardos","description":"","potentialAction":[{"@type":"SearchAction","target":{"@type":"EntryPoint","urlTemplate":"https:\/\/mugardos.gal\/?s={search_term_string}"},"query-input":"required name=search_term_string"}],"inLanguage":"es"},{"@type":"ImageObject","inLanguage":"es","@id":"https:\/\/mugardos.gal\/es\/rincon-animal\/#primaryimage","url":"https:\/\/mugardos.gal\/wp-content\/uploads\/2022\/10\/RINCON-2.png","contentUrl":"https:\/\/mugardos.gal\/wp-content\/uploads\/2022\/10\/RINCON-2.png","width":3287,"height":1754},{"@type":"WebPage","@id":"https:\/\/mugardos.gal\/es\/rincon-animal\/#webpage","url":"https:\/\/mugardos.gal\/es\/rincon-animal\/","name":"RINC\u00d3N ANIMAL - Concello de Mugardos","isPartOf":{"@id":"https:\/\/mugardos.gal\/#website"},"primaryImageOfPage":{"@id":"https:\/\/mugardos.gal\/es\/rincon-animal\/#primaryimage"},"datePublished":"2022-10-28T09:04:06+00:00","dateModified":"2022-10-28T09:38:31+00:00","breadcrumb":{"@id":"https:\/\/mugardos.gal\/es\/rincon-animal\/#breadcrumb"},"inLanguage":"es","potentialAction":[{"@type":"ReadAction","target":["https:\/\/mugardos.gal\/es\/rincon-animal\/"]}]},{"@type":"BreadcrumbList","@id":"https:\/\/mugardos.gal\/es\/rincon-animal\/#breadcrumb","itemListElement":[{"@type":"ListItem","position":1,"name":"Portada","item":"https:\/\/mugardos.gal\/es\/"},{"@type":"ListItem","position":2,"name":"RINC\u00d3N ANIMAL"}]}]}},"_links":{"self":[{"href":"https:\/\/mugardos.gal\/es\/wp-json\/wp\/v2\/pages\/17393"}],"collection":[{"href":"https:\/\/mugardos.gal\/es\/wp-json\/wp\/v2\/pages"}],"about":[{"href":"https:\/\/mugardos.gal\/es\/wp-json\/wp\/v2\/types\/page"}],"author":[{"embeddable":true,"href":"https:\/\/mugardos.gal\/es\/wp-json\/wp\/v2\/users\/5"}],"replies":[{"embeddable":true,"href":"https:\/\/mugardos.gal\/es\/wp-json\/wp\/v2\/comments?post=17393"}],"version-history":[{"count":5,"href":"https:\/\/mugardos.gal\/es\/wp-json\/wp\/v2\/pages\/17393\/revisions"}],"predecessor-version":[{"id":17475,"href":"https:\/\/mugardos.gal\/es\/wp-json\/wp\/v2\/pages\/17393\/revisions\/17475"}],"wp:attachment":[{"href":"https:\/\/mugardos.gal\/es\/wp-json\/wp\/v2\/media?parent=17393"}],"curies":[{"name":"wp","href":"https:\/\/api.w.org\/{rel}","templated":true}]}}