{"id":16901,"date":"2022-09-09T10:44:00","date_gmt":"2022-09-09T08:44:00","guid":{"rendered":"https:\/\/mugardos.gal\/participacion-ciudadana-en-la-elaboracion-normativa\/"},"modified":"2026-03-24T12:42:51","modified_gmt":"2026-03-24T10:42:51","slug":"participacion-ciudadana-en-la-elaboracion-normativa","status":"publish","type":"page","link":"https:\/\/mugardos.gal\/es\/participacion-ciudadana-en-la-elaboracion-normativa\/","title":{"rendered":"PARTICIPACI\u00d3N CIUDADANA EN LA ELABORACI\u00d3N NORMATIVA"},"content":{"rendered":"<p>[vc_row][vc_column][vc_separator color=\u00bbchino\u00bb style=\u00bbshadow\u00bb border_width=\u00bb4&#8243;][\/vc_column][\/vc_row][vc_row][vc_column width=\u00bb1\/4&#8243; offset=\u00bbvc_hidden-sm vc_hidden-xs\u00bb][vc_column_text]\n<!-- PRESSVILLE POSTS : begin -->\n<section class=\"lsvr-pressville-post-grid lsvr-pressville-post-grid--posts lsvr-pressville-post-grid--layout-title-top lsvr-pressville-post-grid--dark-bg\"\n    >\n    <div class=\"lsvr-pressville-post-grid__inner\">\n        <div class=\"lsvr-container\">\n            <div class=\"lsvr-pressville-post-grid__content\">\n\n                \n                    <header class=\"lsvr-pressville-post-grid__header\">\n\n                        \n                            <h2 class=\"lsvr-pressville-post-grid__title\">\u00daLTIMAS NOVAS<\/h2>\n\n                        \n                        \n                        \n                        \n                            <span class=\"icon-newspaper-o lsvr-pressville-post-grid__icon\" aria-hidden=\"true\"><\/span>\n\n                        \n                    <\/header>\n\n                \n                \n                    <div class=\"lsvr-pressville-post-grid__list-wrapper\">\n                        <div class=\"lsvr-grid lsvr-grid--1-cols lsvr-pressville-post-grid__list lsvr-pressville-post-grid__list--2-items\"\n                            data-columns-count=\"1\">\n\n                            \n                                <div class=\"lsvr-grid__col lsvr-grid__col--span-12 lsvr-pressville-post-grid__item\">\n\n                                    <article class=\"lsvr-pressville-post-grid__post post-25734 post type-post status-publish format-standard has-post-thumbnail hentry category-educacion-y-juventud category-noticias\"                                         style=\"background-image: url( https:\/\/mugardos.gal\/wp-content\/uploads\/2026\/04\/Captura-de-pantalla-2026-04-07-a-las-11.48.31.png );\">\n                                        <div class=\"lsvr-pressville-post-grid__post-inner\">\n                                            <div class=\"lsvr-pressville-post-grid__post-bg\">\n\n                                                <div class=\"lsvr-pressville-post-grid__post-content\">\n\n                                                    <h3 class=\"lsvr-pressville-post-grid__post-title\">\n                                                        <a href=\"https:\/\/mugardos.gal\/es\/taller-de-educacion-afectivo-sexual-en-el-ies-de-mugardos-y-en-el-cpr-loyola\/\" class=\"lsvr-pressville-post-grid__post-title-link\" rel=\"bookmark\">TALLER DE EDUCACI\u00d3N AFECTIVO SEXUAL EN EL IES DE MUGARDOS Y EN EL CPR LOYOLA<\/a>\n                                                    <\/h3>\n\n                                                    <p class=\"lsvr-pressville-post-grid__post-meta\">\n\n                                                        <span class=\"lsvr-pressville-post-grid__post-meta-date\" role=\"group\">7 abril 2026<\/span>\n\n                                                        \n                                                            <span class=\"lsvr-pressville-post-grid__post-meta-categories\" role=\"group\">\n\t\t\t<span class=\"post__categories\">\n\t\t\t\ten <a href=\"https:\/\/mugardos.gal\/es\/categoria\/educacion-y-juventud\/\" class=\"post__category-link\">EDUCACI\u00d3N Y JUVENTUD<\/a>\t\t\t<\/span>\n\n\t\t<\/span>\n\n                                                        \n                                                    <\/p>\n\n                                                <\/div>\n\n                                                <a href=\"https:\/\/mugardos.gal\/es\/taller-de-educacion-afectivo-sexual-en-el-ies-de-mugardos-y-en-el-cpr-loyola\/\" class=\"lsvr-pressville-post-grid__post-overlay-link\">\n                                                    <span class=\"screen-reader-text\">More<\/span>\n                                                <\/a>\n\n                                            <\/div>\n                                        <\/div>\n                                    <\/article>\n\n                                <\/div>\n\n                            \n                                <div class=\"lsvr-grid__col lsvr-grid__col--span-12 lsvr-pressville-post-grid__item\">\n\n                                    <article class=\"lsvr-pressville-post-grid__post post-25725 post type-post status-publish format-standard has-post-thumbnail hentry category-noticias category-personal-hacienda-y-participacion\"                                         style=\"background-image: url( https:\/\/mugardos.gal\/wp-content\/uploads\/2022\/06\/cropped-Escudo-Mugardos2.png );\">\n                                        <div class=\"lsvr-pressville-post-grid__post-inner\">\n                                            <div class=\"lsvr-pressville-post-grid__post-bg\">\n\n                                                <div class=\"lsvr-pressville-post-grid__post-content\">\n\n                                                    <h3 class=\"lsvr-pressville-post-grid__post-title\">\n                                                        <a href=\"https:\/\/mugardos.gal\/es\/relacion-de-personas-que-superaron-la-2a-prueba-para-la-cobertura-de-dos-plazas-de-limpiador-a-de-edificios-municipales-de-la-ope-2022-y-2024\/\" class=\"lsvr-pressville-post-grid__post-title-link\" rel=\"bookmark\">RELACI\u00d3N DE PERSONAS QUE SUPERARON LA 2\u00aa PRUEBA PARA LA COBERTURA DE DOS PLAZAS DE LIMPIADOR\/A DE EDIFICIOS MUNICIPALES DE LA OPE 2022 Y 2024<\/a>\n                                                    <\/h3>\n\n                                                    <p class=\"lsvr-pressville-post-grid__post-meta\">\n\n                                                        <span class=\"lsvr-pressville-post-grid__post-meta-date\" role=\"group\">1 abril 2026<\/span>\n\n                                                        \n                                                            <span class=\"lsvr-pressville-post-grid__post-meta-categories\" role=\"group\">\n\t\t\t<span class=\"post__categories\">\n\t\t\t\ten <a href=\"https:\/\/mugardos.gal\/es\/categoria\/noticias\/\" class=\"post__category-link\">NOTICIAS<\/a>\t\t\t<\/span>\n\n\t\t<\/span>\n\n                                                        \n                                                    <\/p>\n\n                                                <\/div>\n\n                                                <a href=\"https:\/\/mugardos.gal\/es\/relacion-de-personas-que-superaron-la-2a-prueba-para-la-cobertura-de-dos-plazas-de-limpiador-a-de-edificios-municipales-de-la-ope-2022-y-2024\/\" class=\"lsvr-pressville-post-grid__post-overlay-link\">\n                                                    <span class=\"screen-reader-text\">More<\/span>\n                                                <\/a>\n\n                                            <\/div>\n                                        <\/div>\n                                    <\/article>\n\n                                <\/div>\n\n                            \n                        <\/div>\n                    <\/div>\n\n                \n                \n                    <footer class=\"lsvr-pressville-post-grid__footer\">\n\n                        <p class=\"lsvr-pressville-post-grid__more lsvr-pressville-post-grid__more--bottom\">\n\n                            \n                                <a href=\"https:\/\/mugardos.gal\/es\/categoria\/noticias\/\" class=\"c-button lsvr-pressville-post-grid__more-link\">M\u00c1IS NOVAS<\/a>\n\n                            \n                        <\/p>\n\n                    <\/footer>\n\n                \n            <\/div>\n        <\/div>\n    <\/div>\n<\/section>\n<!-- PRESSVILLE POSTS : end -->\n\n[\/vc_column_text][\/vc_column][vc_column width=\u00bb3\/4&#8243;][vc_column_text]La participaci\u00f3n ciudadana en el proceso de elaboraci\u00f3n de ordenanzas y reglamentos tiene por finalidad poder contar con la opini\u00f3n y sugerencias de la vecindad y de sus organizaciones y asociaciones representativas cuando el concello tiene detectado un problema o necesidades que requieran aprobar una ordenanza o reglamento o modificar alguno ya existente.<\/p>\n<p>Esta participaci\u00f3n se regula por lo dispuesto en el art\u00edculo 133 de la Ley 39\/2015, de 1 de octubre, de Procedimiento Administrativo Com\u00fan de las Administraciones P\u00fablicas y en el art\u00edculo 49 da Ley 7\/1985, de 2 de abril, de Bases del R\u00e9gimen Local.[\/vc_column_text][vc_tta_accordion active_section=\u00bb0&#8243; collapsible_all=\u00bbtrue\u00bb][vc_tta_section title=\u00bbINICIATIVAS EN FASE DE CONSULTA P\u00daBLICA\u00bb tab_id=\u00bb1590311618826-5d4a6e4a-3d95&#8243;][vc_column_text]<strong><u>Objeto del tr\u00e1mite<\/u>:<\/strong> recibir la opini\u00f3n de los vecinos y de las organizaciones representativas potencialmente afectados por una futura ordenanza o reglamento sobre los siguientes extremos:<\/p>\n<ol>\n<li>Los que se pretenden solucionar con la iniciativa.<\/li>\n<li>La necesidad y oportunidad de su aprobaci\u00f3n.<\/li>\n<li>Los objetivos de la norma.<\/li>\n<li>Las posibles soluciones alternativas regulatorias y no regulatorias<\/li>\n<\/ol>\n<p>[\/vc_column_text][\/vc_tta_section][vc_tta_section title=\u00bbINICIATIVAS EN FASE DE AUDIENCIA Y PARTICIPACI\u00d3N CIUDADANA\u00bb tab_id=\u00bb1590311638036-ea7233d6-44fe\u00bb][vc_column_text][\/vc_column_text][\/vc_tta_section][vc_tta_section title=\u00bbINICIATIVA EN FASE DE INFORMACI\u00d3N P\u00daBLICA\u00bb tab_id=\u00bb1590311637624-a00e64b6-f3dd\u00bb][vc_column_text][\/vc_column_text][\/vc_tta_section][\/vc_tta_accordion][\/vc_column][\/vc_row][vc_row][vc_column][vc_column_text]\n<p>[\/vc_column_text][\/vc_column][\/vc_row]\n","protected":false},"excerpt":{"rendered":"<p>[vc_row][vc_column][vc_separator color=\u00bbchino\u00bb style=\u00bbshadow\u00bb border_width=\u00bb4&#8243;][\/vc_column][\/vc_row][vc_row][vc_column width=\u00bb1\/4&#8243; offset=\u00bbvc_hidden-sm vc_hidden-xs\u00bb][vc_column_text][\/vc_column_text][\/vc_column][vc_column width=\u00bb3\/4&#8243;][vc_column_text]La participaci\u00f3n ciudadana en el proceso de elaboraci\u00f3n de ordenanzas y reglamentos tiene por finalidad poder contar con la opini\u00f3n y sugerencias de la vecindad y de sus organizaciones y asociaciones representativas cuando el concello tiene detectado un problema o necesidades que requieran aprobar una ordenanza o reglamento [&hellip;]<\/p>\n","protected":false},"author":5,"featured_media":0,"parent":0,"menu_order":0,"comment_status":"closed","ping_status":"closed","template":"","meta":[],"yoast_head":"<!-- This site is optimized with the Yoast SEO plugin v18.9 - https:\/\/yoast.com\/wordpress\/plugins\/seo\/ -->\n<title>PARTICIPACI\u00d3N CIUDADANA EN LA ELABORACI\u00d3N NORMATIVA - Concello de Mugardos<\/title>\n<meta name=\"robots\" content=\"index, follow, max-snippet:-1, max-image-preview:large, max-video-preview:-1\" \/>\n<link rel=\"canonical\" href=\"https:\/\/mugardos.gal\/es\/participacion-ciudadana-en-la-elaboracion-normativa\/\" \/>\n<meta property=\"og:locale\" content=\"es_ES\" \/>\n<meta property=\"og:type\" content=\"article\" \/>\n<meta property=\"og:title\" content=\"PARTICIPACI\u00d3N CIUDADANA EN LA ELABORACI\u00d3N NORMATIVA - Concello de Mugardos\" \/>\n<meta property=\"og:description\" content=\"[vc_row][vc_column][vc_separator color=\u00bbchino\u00bb style=\u00bbshadow\u00bb border_width=\u00bb4&#8243;][\/vc_column][\/vc_row][vc_row][vc_column width=\u00bb1\/4&#8243; offset=\u00bbvc_hidden-sm vc_hidden-xs\u00bb][vc_column_text][\/vc_column_text][\/vc_column][vc_column width=\u00bb3\/4&#8243;][vc_column_text]La participaci\u00f3n ciudadana en el proceso de elaboraci\u00f3n de ordenanzas y reglamentos tiene por finalidad poder contar con la opini\u00f3n y sugerencias de la vecindad y de sus organizaciones y asociaciones representativas cuando el concello tiene detectado un problema o necesidades que requieran aprobar una ordenanza o reglamento [&hellip;]\" \/>\n<meta property=\"og:url\" content=\"https:\/\/mugardos.gal\/es\/participacion-ciudadana-en-la-elaboracion-normativa\/\" \/>\n<meta property=\"og:site_name\" content=\"Concello de Mugardos\" \/>\n<meta property=\"article:modified_time\" content=\"2026-03-24T10:42:51+00:00\" \/>\n<meta name=\"twitter:card\" content=\"summary_large_image\" \/>\n<meta name=\"twitter:label1\" content=\"Tiempo de lectura\" \/>\n\t<meta name=\"twitter:data1\" content=\"2 minutos\" \/>\n<script type=\"application\/ld+json\" class=\"yoast-schema-graph\">{\"@context\":\"https:\/\/schema.org\",\"@graph\":[{\"@type\":\"WebSite\",\"@id\":\"https:\/\/mugardos.gal\/#website\",\"url\":\"https:\/\/mugardos.gal\/\",\"name\":\"Concello de Mugardos\",\"description\":\"\",\"potentialAction\":[{\"@type\":\"SearchAction\",\"target\":{\"@type\":\"EntryPoint\",\"urlTemplate\":\"https:\/\/mugardos.gal\/?s={search_term_string}\"},\"query-input\":\"required name=search_term_string\"}],\"inLanguage\":\"es\"},{\"@type\":\"WebPage\",\"@id\":\"https:\/\/mugardos.gal\/es\/participacion-ciudadana-en-la-elaboracion-normativa\/#webpage\",\"url\":\"https:\/\/mugardos.gal\/es\/participacion-ciudadana-en-la-elaboracion-normativa\/\",\"name\":\"PARTICIPACI\u00d3N CIUDADANA EN LA ELABORACI\u00d3N NORMATIVA - Concello de Mugardos\",\"isPartOf\":{\"@id\":\"https:\/\/mugardos.gal\/#website\"},\"datePublished\":\"2022-09-09T08:44:00+00:00\",\"dateModified\":\"2026-03-24T10:42:51+00:00\",\"breadcrumb\":{\"@id\":\"https:\/\/mugardos.gal\/es\/participacion-ciudadana-en-la-elaboracion-normativa\/#breadcrumb\"},\"inLanguage\":\"es\",\"potentialAction\":[{\"@type\":\"ReadAction\",\"target\":[\"https:\/\/mugardos.gal\/es\/participacion-ciudadana-en-la-elaboracion-normativa\/\"]}]},{\"@type\":\"BreadcrumbList\",\"@id\":\"https:\/\/mugardos.gal\/es\/participacion-ciudadana-en-la-elaboracion-normativa\/#breadcrumb\",\"itemListElement\":[{\"@type\":\"ListItem\",\"position\":1,\"name\":\"Portada\",\"item\":\"https:\/\/mugardos.gal\/es\/\"},{\"@type\":\"ListItem\",\"position\":2,\"name\":\"PARTICIPACI\u00d3N CIUDADANA EN LA ELABORACI\u00d3N NORMATIVA\"}]}]}<\/script>\n<!-- \/ Yoast SEO plugin. -->","yoast_head_json":{"title":"PARTICIPACI\u00d3N CIUDADANA EN LA ELABORACI\u00d3N NORMATIVA - Concello de Mugardos","robots":{"index":"index","follow":"follow","max-snippet":"max-snippet:-1","max-image-preview":"max-image-preview:large","max-video-preview":"max-video-preview:-1"},"canonical":"https:\/\/mugardos.gal\/es\/participacion-ciudadana-en-la-elaboracion-normativa\/","og_locale":"es_ES","og_type":"article","og_title":"PARTICIPACI\u00d3N CIUDADANA EN LA ELABORACI\u00d3N NORMATIVA - Concello de Mugardos","og_description":"[vc_row][vc_column][vc_separator color=\u00bbchino\u00bb style=\u00bbshadow\u00bb border_width=\u00bb4&#8243;][\/vc_column][\/vc_row][vc_row][vc_column width=\u00bb1\/4&#8243; offset=\u00bbvc_hidden-sm vc_hidden-xs\u00bb][vc_column_text][\/vc_column_text][\/vc_column][vc_column width=\u00bb3\/4&#8243;][vc_column_text]La participaci\u00f3n ciudadana en el proceso de elaboraci\u00f3n de ordenanzas y reglamentos tiene por finalidad poder contar con la opini\u00f3n y sugerencias de la vecindad y de sus organizaciones y asociaciones representativas cuando el concello tiene detectado un problema o necesidades que requieran aprobar una ordenanza o reglamento [&hellip;]","og_url":"https:\/\/mugardos.gal\/es\/participacion-ciudadana-en-la-elaboracion-normativa\/","og_site_name":"Concello de Mugardos","article_modified_time":"2026-03-24T10:42:51+00:00","twitter_card":"summary_large_image","twitter_misc":{"Tiempo de lectura":"2 minutos"},"schema":{"@context":"https:\/\/schema.org","@graph":[{"@type":"WebSite","@id":"https:\/\/mugardos.gal\/#website","url":"https:\/\/mugardos.gal\/","name":"Concello de Mugardos","description":"","potentialAction":[{"@type":"SearchAction","target":{"@type":"EntryPoint","urlTemplate":"https:\/\/mugardos.gal\/?s={search_term_string}"},"query-input":"required name=search_term_string"}],"inLanguage":"es"},{"@type":"WebPage","@id":"https:\/\/mugardos.gal\/es\/participacion-ciudadana-en-la-elaboracion-normativa\/#webpage","url":"https:\/\/mugardos.gal\/es\/participacion-ciudadana-en-la-elaboracion-normativa\/","name":"PARTICIPACI\u00d3N CIUDADANA EN LA ELABORACI\u00d3N NORMATIVA - Concello de Mugardos","isPartOf":{"@id":"https:\/\/mugardos.gal\/#website"},"datePublished":"2022-09-09T08:44:00+00:00","dateModified":"2026-03-24T10:42:51+00:00","breadcrumb":{"@id":"https:\/\/mugardos.gal\/es\/participacion-ciudadana-en-la-elaboracion-normativa\/#breadcrumb"},"inLanguage":"es","potentialAction":[{"@type":"ReadAction","target":["https:\/\/mugardos.gal\/es\/participacion-ciudadana-en-la-elaboracion-normativa\/"]}]},{"@type":"BreadcrumbList","@id":"https:\/\/mugardos.gal\/es\/participacion-ciudadana-en-la-elaboracion-normativa\/#breadcrumb","itemListElement":[{"@type":"ListItem","position":1,"name":"Portada","item":"https:\/\/mugardos.gal\/es\/"},{"@type":"ListItem","position":2,"name":"PARTICIPACI\u00d3N CIUDADANA EN LA ELABORACI\u00d3N NORMATIVA"}]}]}},"_links":{"self":[{"href":"https:\/\/mugardos.gal\/es\/wp-json\/wp\/v2\/pages\/16901"}],"collection":[{"href":"https:\/\/mugardos.gal\/es\/wp-json\/wp\/v2\/pages"}],"about":[{"href":"https:\/\/mugardos.gal\/es\/wp-json\/wp\/v2\/types\/page"}],"author":[{"embeddable":true,"href":"https:\/\/mugardos.gal\/es\/wp-json\/wp\/v2\/users\/5"}],"replies":[{"embeddable":true,"href":"https:\/\/mugardos.gal\/es\/wp-json\/wp\/v2\/comments?post=16901"}],"version-history":[{"count":37,"href":"https:\/\/mugardos.gal\/es\/wp-json\/wp\/v2\/pages\/16901\/revisions"}],"predecessor-version":[{"id":25709,"href":"https:\/\/mugardos.gal\/es\/wp-json\/wp\/v2\/pages\/16901\/revisions\/25709"}],"wp:attachment":[{"href":"https:\/\/mugardos.gal\/es\/wp-json\/wp\/v2\/media?parent=16901"}],"curies":[{"name":"wp","href":"https:\/\/api.w.org\/{rel}","templated":true}]}}